{"id":5720,"date":"2020-03-03T02:27:26","date_gmt":"2020-03-03T01:27:26","guid":{"rendered":"https:\/\/heuer-cup.de\/?page_id=5720"},"modified":"2020-03-03T17:07:10","modified_gmt":"2020-03-03T16:07:10","slug":"nachwuchsklassen-2020","status":"publish","type":"page","link":"https:\/\/heuer-cup.de\/en\/generalausschreibung-2020\/nachwuchsklassen-2020\/","title":{"rendered":"Nachwuchsklassen 2020"},"content":{"rendered":"<div class=\"vc_row wpb_row vc_row-fluid\"><div class=\"wpb_column vc_column_container vc_col-sm-12\"><div class=\"vc_column-inner\"><div class=\"wpb_wrapper\">\n\t<div class=\"wpb_text_column wpb_content_element\" >\n\t\t<div class=\"wpb_wrapper\">\n\t\t\t<h1 style=\"text-align: center;\"><strong>Nachwuchsklassen 2020<br \/>\nAusschreibung HEUER-Cup<br \/>\nJuniorinnen, Junioren, w.\/m. Jugend<\/strong><\/h1>\n<p><strong><a href=\"http:\/\/www.heuer-cup.de\/wp-content\/uploads\/Ausschreibung\/HEUER-Cup-2020_Nachwuchsklassen.pdf\"><img loading=\"lazy\" class=\"aligncenter wp-image-5721 size-full\" src=\"https:\/\/heuer-cup.de\/wp-content\/uploads\/2020\/03\/HeuerCup_2020_Logo_404_4c-scaled-e1583198356387.jpg\" alt=\"Nachwuchsklassen 2020\" width=\"300\" height=\"143\" \/><\/a><\/strong><\/p>\n<p>Unter dem Patronat der HEUER Pr\u00e4zisionsteile GmbH f\u00fchrt die Heuer Eventmarketing UG gemeinsam mit den ausrichtenden Vereinen die Rennserie HEUER-Cup Nachwuchsklassen 2020 durch.<\/p>\n<p>Aktuelle Ergebnisse werden zeitnah ver\u00f6ffentlicht unter:<\/p>\n<p>&nbsp;<\/p>\n<p><a href=\"https:\/\/heuer-cup.de\/en\/\">https:\/\/www.heuer-cup.de\/<\/a><\/p>\n<p>Der HEUER-Cup ist bundesoffen. Alle Vereine, Einzelfahrerinnen und Einzelfahrer\u2013 auch nicht aus Baden-W\u00fcrttemberg \u2013 sind zur Teilnahme an der Gesamtwertung willkommen. Fahrer aus dem kleinen Grenzverkehr werden ebenfalls in der Gesamtwertung erfasst.<\/p>\n<p>F\u00fcr den HEUER-Cup muss f\u00fcr die Nachwuchsfahrer keine Serienanmeldung durchgef\u00fchrt werden. Alle Fahrer, die an einer Etappe teilnehmen und ins Tagesresultat kommen, werden in der Gesamtwertung erfasst.<\/p>\n<p>Die Vereinswertung wird ab diesem Jahr fortlaufend gef\u00fchrt. Dazu wird die Summe der drei punktbesten Fahrer\/innen eines Vereins am Renntag herangezogen. Auf jeder Etappe wird der punktbeste Verein geehrt, und zu Abschluss des HEUER-Cups die drei besten Vereine.<\/p>\n<p>Die\/der F\u00fchrende muss dieses F\u00fchrungstrikot auf der n\u00e4chsten Etappe tragen.<\/p>\n<h3>1.\u00a0\u00a0\u00a0\u00a0 Teilnahmeberechtigung in den Nachwuchsklassen 2020<\/h3>\n<p>In Wertung um den HEUER-Cup kommen alle Radrennsportler\/innen der Nachwuchsklassen Junioren, Juniorinnen, Jugend und weibliche Jugend, die an einer Etappe des HEUER-Cups teilnehmen und im offiziellen Tagesergebnis erscheinen.<\/p>\n<h3>2.\u00a0\u00a0\u00a0\u00a0 Wettbewerbe<\/h3>\n<p>Der HEUER-Cup Radrennsport Junioren, Juniorinnen, m\u00e4nnliche und weibliche Jugend besteht je nach Klasse aus 5-8 zusammenh\u00e4ngenden Stra\u00dfen-Wettbewerben (vgl. \u00dcbersichtsplan \u00a7 6). Die Durchf\u00fchrung der Wettbewerbe erfolgt nach den Bestimmungen der Sportordnung, WB Stra\u00dfe des BDR sowie dieser Generalausschreibung.<\/p>\n<h3>3.\u00a0\u00a0\u00a0\u00a0 Wertungsbestimmungen<\/h3>\n<p><strong>a. Einzelwertung<\/strong><\/p>\n<p>F\u00fcr die Gesamtwertung erhalten die Fahrer\/innen abh\u00e4ngig von der Zahl der gestarteten Fahrer\/innen bei den einzelnen Etappen wie folgt HEUER&#8211;Cup Punkte:<\/p>\n<p><u>Ab 26 Starter\/innen:<\/u><\/p>\n<p>Platz 1-10 Punkteregel: \u00a0\u00a0\u00a0\u00a0\u00a0\u00a0\u00a0\u00a0\u00a0\u00a0\u00a0 20-18-17-16-15-14-13-12-11-11 Punkte.<br \/>\nAb Platz 11 Zeitregel:<br \/>\nR\u00fcckstand 0:00min &#8211; 4:59min\u00a0\u00a0\u00a0 10 Punkte<br \/>\nR\u00fcckstand 5:00min &#8211; 14:59min\u00a0\u00a0\u00a0 8 Punkte<br \/>\nIm Kontrollschluss im Ziel\u00a0\u00a0\u00a0\u00a0\u00a0\u00a0\u00a0\u00a0\u00a0\u00a0\u00a0 6 Punkte<br \/>\nGestartet, aber DNF\u00a0\u00a0\u00a0\u00a0\u00a0\u00a0\u00a0\u00a0\u00a0\u00a0\u00a0\u00a0\u00a0\u00a0\u00a0\u00a0\u00a0\u00a0 2 Punkte<\/p>\n<p><u>Bei 10-25 Starter\/innen:<\/u><\/p>\n<p>Platz 1-6 Punkteregel: \u00a0\u00a0\u00a0\u00a0\u00a0\u00a0\u00a0\u00a0\u00a0\u00a0\u00a0\u00a0\u00a0 17-15-14-13-12-11 Punkte.<br \/>\nAb Platz 7 Zeitregel<br \/>\nR\u00fcckstand 0:00min-4:59min\u00a0\u00a0\u00a0\u00a0\u00a0 10 Punkte<br \/>\nR\u00fcckstand 5:00min-14:59min\u00a0\u00a0\u00a0\u00a0\u00a0 8 Punkte<br \/>\nIm Kontrollschluss im Ziel\u00a0\u00a0\u00a0\u00a0\u00a0\u00a0\u00a0\u00a0\u00a0\u00a0\u00a0 6 Punkte<br \/>\nGestartet, aber DNF\u00a0\u00a0\u00a0\u00a0\u00a0\u00a0\u00a0\u00a0\u00a0\u00a0\u00a0\u00a0\u00a0\u00a0\u00a0\u00a0\u00a0\u00a0 2 Punkte<\/p>\n<p><u>Unter 10 Starter\/innen:<\/u><\/p>\n<p>Platz 1-6 Punkteregel: \u00a0\u00a0\u00a0\u00a0\u00a0\u00a0\u00a0\u00a0\u00a0\u00a0\u00a0\u00a0\u00a0 14-12-11 Punkte.<br \/>\nAb Platz 4 Zeitregel<br \/>\nR\u00fcckstand 0:00min-4:59min\u00a0\u00a0\u00a0\u00a0\u00a0 10 Punkte<br \/>\nR\u00fcckstand 5:00min-14:59min\u00a0\u00a0\u00a0\u00a0\u00a0 8 Punkte<br \/>\nIm Kontrollschluss im Ziel\u00a0\u00a0\u00a0\u00a0\u00a0\u00a0\u00a0\u00a0\u00a0\u00a0\u00a0 6 Punkte<br \/>\nGestartet, aber DNF\u00a0\u00a0\u00a0\u00a0\u00a0\u00a0\u00a0\u00a0\u00a0\u00a0\u00a0\u00a0\u00a0\u00a0\u00a0\u00a0\u00a0\u00a0 2 Punkte<\/p>\n<p>Bei Nichtantritt einer Etappe oder Disqualifikation durch den VKK werden keine Punkte gutgeschrieben. Bei jedem Wettbewerb legen der VKK und der Ausrichterverein vor Rennbeginn die jeweils g\u00fcltige Regelung zur Karenzzeit fest, die ma\u00dfgeblich f\u00fcr den Erhalt von 6 Punkten ist.<\/p>\n<p><strong>b. Spitzenreiterwertung<\/strong><\/p>\n<p>F\u00fcr jede der vier Klassen gibt es eine separate Spitzenreiterwertung.<br \/>\nAnhand der Punkte werden die Fahrer\/innen in der Spitzenreiterwertung erfasst. Die Fahrerin\/Der Fahrer mit der h\u00f6chsten Punktesumme in jeder Klasse erh\u00e4lt nach der jeweiligen Etappe das HEUER-Cup F\u00fchrungstrikot. Die Punktesumme wird anhand der einfachen Summation aller bisherigen Etappenergebnisse berechnet.<\/p>\n<p>Bei Punktegleichheit entscheidet die bessere Platzierung im letzten Wettbewerb. Das F\u00fchrungstrikot muss auf der n\u00e4chsten Etappe getragen werden. Auf dem F\u00fchrungstrikot darf der Vereinssponsor getragen werden.<\/p>\n<p><strong>c. Vereinswertung<\/strong><\/p>\n<p>Die Vereinstageswertung setzt sich aus der Summe der drei besten Punkteergebnisse von Fahrer\/innen des Vereins zusammen. Dabei werden Fahrer\/innen in allen vier Nachwuchsklassen (U17m\/w, U19m\/w) gewertet. Ein Verein erh\u00e4lt Punkte f\u00fcr die Tagesvereinswertung, wenn mindestens drei seiner Fahrer\/innen in den jeweiligen Tageseinzelergebnissen erfasst sind.<\/p>\n<p>Der Verein, der die h\u00f6chste Punktesumme aufweist, ist Sieger der Tagesvereinswertung. Bei Punktgleichheit entscheidet die beste Einzelplatzierung eines Fahrers\/einer Fahrerin des Vereins.<\/p>\n<p>Die Sieger der Tagesvereinswertung werden nach Abschluss des letzten Nachwuchsrennens mit Blumen geehrt.<\/p>\n<p>Es werden nur Vereine gewertet, keine Renngemeinschaften oder Auswahlmannschaften.<\/p>\n<p><strong>d. Doppelmeldung<\/strong><\/p>\n<p>Fahrer, die sich f\u00fcr eine HEUER-Cup Etappe melden und am gleichen Tag f\u00fcr ein anderes Rennen gemeldet sind, ohne sich fristgerecht f\u00fcr eines der beiden Rennen abgemeldet zu haben, k\u00f6nnen eine Bestrafung laut Sportordnung erhalten.<\/p>\n<h3>4.\u00a0\u00a0\u00a0\u00a0 Ehrengaben und Preise<\/h3>\n<p><strong>a. Etappenpreise:<\/strong><\/p>\n<p>Bei der Auftaktetappe erh\u00e4lt der Tagessieger nur das F\u00fchrungstrikot. Bei jeder folgenden Etappe erh\u00e4lt der Sieger\/die Siegerin der jeweiligen Klasse das HEUER-Cup Tagessieger-Trikot. Die Fahrer\/innen auf Platz 1-3 erhalten Siegerblumen.<\/p>\n<p>Die\/Der F\u00fchrende in der Gesamteinzelwertung erh\u00e4lt das HEUER-Cup F\u00fchrungstrikot (siehe \u00a7 3b)<\/p>\n<p>Die Tagespreise der Etappen werden nach WB Stra\u00dfe bezahlt und unmittelbar nach der Etappe durch den Veranstalter ausgegeben.<\/p>\n<p><strong>b. Gesamtwertung\/ Einzel:<\/strong><\/p>\n<p>Nach Abschluss aller Etappen wird anhand der gewonnenen HEUER-Cup Punkte in jeder Klasse die Gesamtwertung erstellt. F\u00fcr jeden Fahrer und jede Fahrerin werden daf\u00fcr alle Etappenresultate addiert.<\/p>\n<p>Es siegt der Fahrer\/die Fahrerin mit der h\u00f6chsten Punktesumme aus obiger Addition. Bei Punktegleichheit entscheidet die bessere Platzierung im Finalrennen. Der Sieger\/die Siegerin gewinnt das HEUER-Cup Siegertrikot. Die Fahrer\/innen auf Platz 1-3 gewinnen HEUER-Cup Pokale.<\/p>\n<p><strong>c. Gesamtwertung\/ Vereins-Team:<\/strong><\/p>\n<p>F\u00fcr die Jahres-Vereins-Wertung wird die Summe aller Vereinstagespunkte (siehe \u00a73c) gebildet. Bei Punktegleichheit entscheidet die bessere erzielte Einzelplatzierung in der Gesamtwertung des HEUER-Cups aller Fahrer des Vereins, ist diese auch gleich, entscheidet die zweitbeste erzielte Einzelplatzierung usw.<\/p>\n<p>Es werden nur Vereine gewertet, keine Renngemeinschaften oder Auswahlmannschaften.<\/p>\n<p>Die drei besten Vereine gewinnen HEUER-Cup Pokale. Sowie die Titel Baden-W\u00fcrttembergische Vereinsmeister der Nachwuchsklassen 2020 (Platz 1,2,3). Vereine, die nicht in einem der Baden-W\u00fcrttembergischen Verb\u00e4nde gemeldet sind, sind von der Titelvergabe ausgeschlossen.<\/p>\n<p><strong>d. Ausgabe der Jahrespreise<\/strong><\/p>\n<p>Die Jahressiegerehrung und Ausgabe aller Gesamtwertungspreise erfolgt im Anschluss an die Finaletappe in Notzingen und <u>nur<\/u> an anwesende Fahrer\/innen.<\/p>\n<h3>5.\u00a0\u00a0\u00a0\u00a0 Trikotbestimmungen<\/h3>\n<p>gem\u00e4\u00df WB Stra\u00dfe<\/p>\n<h3>6.\u00a0\u00a0\u00a0\u00a0 Etappenplan<\/h3>\n<p><strong>a. Juniorinnen U19w:<\/strong><\/p>\n<table width=\"0\">\n<tbody>\n<tr>\n<td width=\"75\">Etappe<\/td>\n<td width=\"96\">Datum<\/td>\n<td width=\"227\">Ort<\/td>\n<td width=\"180\">Rennen<\/td>\n<\/tr>\n<tr>\n<td width=\"75\">1<\/td>\n<td width=\"96\">5.April<\/td>\n<td width=\"227\">Bruchsal<\/td>\n<td width=\"180\">STR<\/td>\n<\/tr>\n<tr>\n<td width=\"75\">2<\/td>\n<td width=\"96\">13. April<\/td>\n<td width=\"227\">Sch\u00f6naich<\/td>\n<td width=\"180\">RR<\/td>\n<\/tr>\n<tr>\n<td width=\"75\">3<\/td>\n<td width=\"96\">31.Mai<\/td>\n<td width=\"227\">Achkarren<\/td>\n<td width=\"180\">RR<\/td>\n<\/tr>\n<tr>\n<td width=\"75\">4<\/td>\n<td width=\"96\">1.Juni<\/td>\n<td width=\"227\">Merdingen<\/td>\n<td width=\"180\">RR<\/td>\n<\/tr>\n<tr>\n<td width=\"75\">5<\/td>\n<td width=\"96\">19.Juli<\/td>\n<td width=\"227\">Konstanz<\/td>\n<td width=\"180\">Krit<\/td>\n<\/tr>\n<tr>\n<td width=\"75\">6<\/td>\n<td width=\"96\">19.Sept.<\/td>\n<td width=\"227\">Bad D\u00fcrrheim<\/td>\n<td width=\"180\">STR<\/td>\n<\/tr>\n<tr>\n<td width=\"75\">7<\/td>\n<td width=\"96\">20.Sept.<\/td>\n<td width=\"227\">Bad D\u00fcrrheim<\/td>\n<td width=\"180\">STR<\/td>\n<\/tr>\n<tr>\n<td width=\"75\">8<\/td>\n<td width=\"96\">26.Sept.<\/td>\n<td width=\"227\">Notzingen<\/td>\n<td width=\"180\">RR<\/td>\n<\/tr>\n<\/tbody>\n<\/table>\n<p><strong>b. Junioren U19m:<\/strong><\/p>\n<table width=\"0\">\n<tbody>\n<tr>\n<td width=\"75\">Etappe<\/td>\n<td width=\"96\">Datum<\/td>\n<td width=\"227\">Ort<\/td>\n<td width=\"180\">Rennen<\/td>\n<\/tr>\n<tr>\n<td width=\"75\">1<\/td>\n<td width=\"96\">13. April<\/td>\n<td width=\"227\">Sch\u00f6naich<\/td>\n<td width=\"180\">RR<\/td>\n<\/tr>\n<tr>\n<td width=\"75\">2<\/td>\n<td width=\"96\">31.Mai<\/td>\n<td width=\"227\">Achkarren<\/td>\n<td width=\"180\">RR<\/td>\n<\/tr>\n<tr>\n<td width=\"75\">3<\/td>\n<td width=\"96\">1.Juni<\/td>\n<td width=\"227\">Merdingen<\/td>\n<td width=\"180\">RR<\/td>\n<\/tr>\n<tr>\n<td width=\"75\">4<\/td>\n<td width=\"96\">20.Sept.<\/td>\n<td width=\"227\">Bad D\u00fcrrheim<\/td>\n<td width=\"180\">STR<\/td>\n<\/tr>\n<tr>\n<td width=\"75\">5<\/td>\n<td width=\"96\">26.Sept.<\/td>\n<td width=\"227\">Notzingen<\/td>\n<td width=\"180\">RR<\/td>\n<\/tr>\n<\/tbody>\n<\/table>\n<p><strong>c. Weibliche Jugend U17w:<\/strong><\/p>\n<table width=\"0\">\n<tbody>\n<tr>\n<td width=\"75\">Etappe<\/td>\n<td width=\"96\">Datum<\/td>\n<td width=\"227\">Ort<\/td>\n<td width=\"180\">Rennen<\/td>\n<\/tr>\n<tr>\n<td width=\"75\">1<\/td>\n<td width=\"96\">5.April<\/td>\n<td width=\"227\">Bruchsal<\/td>\n<td width=\"180\">STR<\/td>\n<\/tr>\n<tr>\n<td width=\"75\">2<\/td>\n<td width=\"96\">13. April<\/td>\n<td width=\"227\">Sch\u00f6naich<\/td>\n<td width=\"180\">RR<\/td>\n<\/tr>\n<tr>\n<td width=\"75\">3<\/td>\n<td width=\"96\">31.Mai<\/td>\n<td width=\"227\">Achkarren<\/td>\n<td width=\"180\">RR<\/td>\n<\/tr>\n<tr>\n<td width=\"75\">4<\/td>\n<td width=\"96\">1.Juni<\/td>\n<td width=\"227\">Merdingen<\/td>\n<td width=\"180\">RR<\/td>\n<\/tr>\n<tr>\n<td width=\"75\">5<\/td>\n<td width=\"96\">19.Juli<\/td>\n<td width=\"227\">Konstanz<\/td>\n<td width=\"180\">Krit<\/td>\n<\/tr>\n<tr>\n<td width=\"75\">6<\/td>\n<td width=\"96\">26.Sept.<\/td>\n<td width=\"227\">Notzingen<\/td>\n<td width=\"180\">RR<\/td>\n<\/tr>\n<\/tbody>\n<\/table>\n<p><strong>d. M\u00e4nnliche Jugend U17m:<\/strong><\/p>\n<table width=\"0\">\n<tbody>\n<tr>\n<td width=\"75\">Etappe<\/td>\n<td width=\"96\">Datum<\/td>\n<td width=\"227\">Ort<\/td>\n<td width=\"180\">Rennen<\/td>\n<\/tr>\n<tr>\n<td width=\"75\">1<\/td>\n<td width=\"96\">5.April<\/td>\n<td width=\"227\">Bruchsal<\/td>\n<td width=\"180\">STR<\/td>\n<\/tr>\n<tr>\n<td width=\"75\">2<\/td>\n<td width=\"96\">13. April<\/td>\n<td width=\"227\">Sch\u00f6naich<\/td>\n<td width=\"180\">RR<\/td>\n<\/tr>\n<tr>\n<td width=\"75\">3<\/td>\n<td width=\"96\">31.Mai<\/td>\n<td width=\"227\">Achkarren<\/td>\n<td width=\"180\">RR<\/td>\n<\/tr>\n<tr>\n<td width=\"75\">4<\/td>\n<td width=\"96\">1.Juni<\/td>\n<td width=\"227\">Merdingen<\/td>\n<td width=\"180\">RR<\/td>\n<\/tr>\n<tr>\n<td width=\"75\">5<\/td>\n<td width=\"96\">19.Juli<\/td>\n<td width=\"227\">Konstanz<\/td>\n<td width=\"180\">Krit<\/td>\n<\/tr>\n<tr>\n<td width=\"75\">6<\/td>\n<td width=\"96\">19.Sept.<\/td>\n<td width=\"227\">Bad D\u00fcrrheim<\/td>\n<td width=\"180\">STR<\/td>\n<\/tr>\n<tr>\n<td width=\"75\">7<\/td>\n<td width=\"96\">20.Sept.<\/td>\n<td width=\"227\">Bad D\u00fcrrheim<\/td>\n<td width=\"180\">STR<\/td>\n<\/tr>\n<tr>\n<td width=\"75\">8<\/td>\n<td width=\"96\">26.Sept.<\/td>\n<td width=\"227\">Notzingen<\/td>\n<td width=\"180\">RR<\/td>\n<\/tr>\n<\/tbody>\n<\/table>\n<p>Das OK beh\u00e4lt sich das Recht vor, die jeweiligen Etappenpl\u00e4ne zu \u00e4ndern.<\/p>\n<h3>7.\u00a0\u00a0\u00a0\u00a0 Anmeldung<\/h3>\n<p>Eine extra Anmeldung f\u00fcr den HEUER-Cup ist nicht erforderlich. Fahrer\/innen, die an Etappen des HEUER-Cups teilnehmen wollen, melden sich einfach wie \u00fcblich beim ausrichtenden Verein \u00fcber die BDR-Ausschreibung. Sie werden dann automatisch in der Gesamtwertung des HEUER-Cups erfasst.<\/p>\n<p>Die Fahrer erhalten f\u00fcr den HEUER-Cup <u>keine<\/u> Standardnummer zugewiesen.<\/p>\n<p>Die Startnummern werden bei jeder Etappe vom Fahrer\/in an der Startnummernausgabe abgeholt.<\/p>\n<p>Das Tagesnenngeld ist gem\u00e4\u00df der jeweiligen Ausschreibung unmittelbar bei der Nummernausgabe oder per Vorab\u00fcberweisung zu entrichten.<\/p>\n<h3>8.\u00a0\u00a0\u00a0\u00a0 Sportliche Aufsicht<\/h3>\n<p>Der Verbandsbeauftragte, der \u00f6rtliche VKK und die KK-Mitglieder f\u00fchren die sportliche Aufsicht, erstellen das Tagesergebnis und ermitteln den F\u00fchrenden in der Gesamtwertung.<\/p>\n<p>Gez. Marc Benkert, Sportlicher Leiter HEUER-Cup, marc@heuer-cup.de<\/p>\n\n\t\t<\/div>\n\t<\/div>\n<\/div><\/div><\/div><\/div>","protected":false},"excerpt":{"rendered":"Nachwuchsklassen 2020 Ausschreibung HEUER-Cup Juniorinnen, Junioren, w.\/m. Jugend Unter dem Patronat der HEUER Pr\u00e4zisionsteile GmbH f\u00fchrt die Heuer Eventmarketing UG gemeinsam mit den ausrichtenden Vereinen die Rennserie HEUER-Cup Nachwuchsklassen 2020 durch. Aktuelle Ergebnisse werden zeitnah ver\u00f6ffentlicht unter: &nbsp; https:\/\/www.heuer-cup.de\/ Der HEUER-Cup ist bundesoffen. Alle Vereine, Einzelfahrerinnen und Einzelfahrer\u2013 auch nicht aus Baden-W\u00fcrttemberg \u2013 sind zur [...]","protected":false},"author":3,"featured_media":0,"parent":3985,"menu_order":0,"comment_status":"closed","ping_status":"closed","template":"","meta":[],"yoast_head":"<!-- This site is optimized with the Yoast SEO plugin v16.9 - https:\/\/yoast.com\/wordpress\/plugins\/seo\/ -->\n<title>Nachwuchsklassen 2020 Ausschreibung zum HEUER-Cup<\/title>\n<meta name=\"description\" content=\"Nachwuchsklassen 2020 Ausschreibung zum HEUER-Cup und zus\u00e4tzliche Informationen zu den Etappen und dem RiderMan in Bad D\u00fcrrheim\" \/>\n<meta name=\"robots\" content=\"index, follow, max-snippet:-1, max-image-preview:large, max-video-preview:-1\" \/>\n<link rel=\"canonical\" href=\"https:\/\/heuer-cup.de\/en\/generalausschreibung-2020\/nachwuchsklassen-2020\/\" \/>\n<meta property=\"og:locale\" content=\"en_GB\" \/>\n<meta property=\"og:type\" content=\"article\" \/>\n<meta property=\"og:title\" content=\"Nachwuchsklassen 2020 Ausschreibung zum HEUER-Cup\" \/>\n<meta property=\"og:description\" content=\"Nachwuchsklassen 2020 Ausschreibung zum HEUER-Cup und zus\u00e4tzliche Informationen zu den Etappen und dem RiderMan in Bad D\u00fcrrheim\" \/>\n<meta property=\"og:url\" content=\"https:\/\/heuer-cup.de\/en\/generalausschreibung-2020\/nachwuchsklassen-2020\/\" \/>\n<meta property=\"og:site_name\" content=\"HEUER-Cup\" \/>\n<meta property=\"article:publisher\" content=\"https:\/\/www.facebook.com\/HeuerCup\/\" \/>\n<meta property=\"article:modified_time\" content=\"2020-03-03T16:07:10+00:00\" \/>\n<meta property=\"og:image\" content=\"https:\/\/heuer-cup.de\/wp-content\/uploads\/2020\/03\/HeuerCup_2020_Logo_404_4c-scaled-e1583198356387.jpg\" \/>\n<meta name=\"twitter:card\" content=\"summary_large_image\" \/>\n<meta name=\"twitter:site\" content=\"@Heuer_Cup\" \/>\n<meta name=\"twitter:label1\" content=\"Estimated reading time\" \/>\n\t<meta name=\"twitter:data1\" content=\"6 minutes\" \/>\n<script type=\"application\/ld+json\" class=\"yoast-schema-graph\">{\"@context\":\"https:\/\/schema.org\",\"@graph\":[{\"@type\":\"Organization\",\"@id\":\"https:\/\/heuer-cup.de\/#organization\",\"name\":\"Heuer Radsport\",\"url\":\"https:\/\/heuer-cup.de\/\",\"sameAs\":[\"https:\/\/www.facebook.com\/HeuerCup\/\",\"https:\/\/www.instagram.com\/heuer_cup\/\",\"https:\/\/www.youtube.com\/channel\/UCuFkVFhY376_zRGfw_0Oy-Q\",\"https:\/\/twitter.com\/Heuer_Cup\"],\"logo\":{\"@type\":\"ImageObject\",\"@id\":\"https:\/\/heuer-cup.de\/#logo\",\"inLanguage\":\"en-GB\",\"url\":\"https:\/\/heuer-cup.de\/wp-content\/uploads\/2019\/01\/logo2.jpg\",\"contentUrl\":\"https:\/\/heuer-cup.de\/wp-content\/uploads\/2019\/01\/logo2.jpg\",\"width\":750,\"height\":186,\"caption\":\"Heuer Radsport\"},\"image\":{\"@id\":\"https:\/\/heuer-cup.de\/#logo\"}},{\"@type\":\"WebSite\",\"@id\":\"https:\/\/heuer-cup.de\/#website\",\"url\":\"https:\/\/heuer-cup.de\/\",\"name\":\"Heuer Radsport\",\"description\":\"Vollgas! oder einfach: Kette rechts\",\"publisher\":{\"@id\":\"https:\/\/heuer-cup.de\/#organization\"},\"potentialAction\":[{\"@type\":\"SearchAction\",\"target\":{\"@type\":\"EntryPoint\",\"urlTemplate\":\"https:\/\/heuer-cup.de\/?s={search_term_string}\"},\"query-input\":\"required name=search_term_string\"}],\"inLanguage\":\"en-GB\"},{\"@type\":\"ImageObject\",\"@id\":\"https:\/\/heuer-cup.de\/generalausschreibung-2020\/nachwuchsklassen-2020\/#primaryimage\",\"inLanguage\":\"en-GB\",\"url\":\"https:\/\/heuer-cup.de\/wp-content\/uploads\/2020\/03\/HeuerCup_2020_Logo_404_4c-scaled-e1583198356387.jpg\",\"contentUrl\":\"https:\/\/heuer-cup.de\/wp-content\/uploads\/2020\/03\/HeuerCup_2020_Logo_404_4c-scaled-e1583198356387.jpg\",\"width\":300,\"height\":143},{\"@type\":\"WebPage\",\"@id\":\"https:\/\/heuer-cup.de\/generalausschreibung-2020\/nachwuchsklassen-2020\/#webpage\",\"url\":\"https:\/\/heuer-cup.de\/generalausschreibung-2020\/nachwuchsklassen-2020\/\",\"name\":\"Nachwuchsklassen 2020 Ausschreibung zum HEUER-Cup\",\"isPartOf\":{\"@id\":\"https:\/\/heuer-cup.de\/#website\"},\"primaryImageOfPage\":{\"@id\":\"https:\/\/heuer-cup.de\/generalausschreibung-2020\/nachwuchsklassen-2020\/#primaryimage\"},\"datePublished\":\"2020-03-03T01:27:26+00:00\",\"dateModified\":\"2020-03-03T16:07:10+00:00\",\"description\":\"Nachwuchsklassen 2020 Ausschreibung zum HEUER-Cup und zus\\u00e4tzliche Informationen zu den Etappen und dem RiderMan in Bad D\\u00fcrrheim\",\"breadcrumb\":{\"@id\":\"https:\/\/heuer-cup.de\/generalausschreibung-2020\/nachwuchsklassen-2020\/#breadcrumb\"},\"inLanguage\":\"en-GB\",\"potentialAction\":[{\"@type\":\"ReadAction\",\"target\":[\"https:\/\/heuer-cup.de\/generalausschreibung-2020\/nachwuchsklassen-2020\/\"]}]},{\"@type\":\"BreadcrumbList\",\"@id\":\"https:\/\/heuer-cup.de\/generalausschreibung-2020\/nachwuchsklassen-2020\/#breadcrumb\",\"itemListElement\":[{\"@type\":\"ListItem\",\"position\":1,\"name\":\"Home\",\"item\":\"https:\/\/heuer-cup.de\/\"},{\"@type\":\"ListItem\",\"position\":2,\"name\":\"Generalausschreibung 2020\",\"item\":\"https:\/\/heuer-cup.de\/generalausschreibung-2020\/\"},{\"@type\":\"ListItem\",\"position\":3,\"name\":\"Nachwuchsklassen 2020\"}]}]}<\/script>\n<!-- \/ Yoast SEO plugin. -->","yoast_head_json":{"title":"Nachwuchsklassen 2020 Ausschreibung zum HEUER-Cup","description":"Nachwuchsklassen 2020 Ausschreibung zum HEUER-Cup und zus\u00e4tzliche Informationen zu den Etappen und dem RiderMan in Bad D\u00fcrrheim","robots":{"index":"index","follow":"follow","max-snippet":"max-snippet:-1","max-image-preview":"max-image-preview:large","max-video-preview":"max-video-preview:-1"},"canonical":"https:\/\/heuer-cup.de\/en\/generalausschreibung-2020\/nachwuchsklassen-2020\/","og_locale":"en_GB","og_type":"article","og_title":"Nachwuchsklassen 2020 Ausschreibung zum HEUER-Cup","og_description":"Nachwuchsklassen 2020 Ausschreibung zum HEUER-Cup und zus\u00e4tzliche Informationen zu den Etappen und dem RiderMan in Bad D\u00fcrrheim","og_url":"https:\/\/heuer-cup.de\/en\/generalausschreibung-2020\/nachwuchsklassen-2020\/","og_site_name":"HEUER-Cup","article_publisher":"https:\/\/www.facebook.com\/HeuerCup\/","article_modified_time":"2020-03-03T16:07:10+00:00","og_image":[{"url":"https:\/\/heuer-cup.de\/wp-content\/uploads\/2020\/03\/HeuerCup_2020_Logo_404_4c-scaled-e1583198356387.jpg"}],"twitter_card":"summary_large_image","twitter_site":"@Heuer_Cup","twitter_misc":{"Estimated reading time":"6 minutes"},"schema":{"@context":"https:\/\/schema.org","@graph":[{"@type":"Organization","@id":"https:\/\/heuer-cup.de\/#organization","name":"Heuer Radsport","url":"https:\/\/heuer-cup.de\/","sameAs":["https:\/\/www.facebook.com\/HeuerCup\/","https:\/\/www.instagram.com\/heuer_cup\/","https:\/\/www.youtube.com\/channel\/UCuFkVFhY376_zRGfw_0Oy-Q","https:\/\/twitter.com\/Heuer_Cup"],"logo":{"@type":"ImageObject","@id":"https:\/\/heuer-cup.de\/#logo","inLanguage":"en-GB","url":"https:\/\/heuer-cup.de\/wp-content\/uploads\/2019\/01\/logo2.jpg","contentUrl":"https:\/\/heuer-cup.de\/wp-content\/uploads\/2019\/01\/logo2.jpg","width":750,"height":186,"caption":"Heuer Radsport"},"image":{"@id":"https:\/\/heuer-cup.de\/#logo"}},{"@type":"WebSite","@id":"https:\/\/heuer-cup.de\/#website","url":"https:\/\/heuer-cup.de\/","name":"Heuer Radsport","description":"Vollgas! oder einfach: Kette rechts","publisher":{"@id":"https:\/\/heuer-cup.de\/#organization"},"potentialAction":[{"@type":"SearchAction","target":{"@type":"EntryPoint","urlTemplate":"https:\/\/heuer-cup.de\/?s={search_term_string}"},"query-input":"required name=search_term_string"}],"inLanguage":"en-GB"},{"@type":"ImageObject","@id":"https:\/\/heuer-cup.de\/generalausschreibung-2020\/nachwuchsklassen-2020\/#primaryimage","inLanguage":"en-GB","url":"https:\/\/heuer-cup.de\/wp-content\/uploads\/2020\/03\/HeuerCup_2020_Logo_404_4c-scaled-e1583198356387.jpg","contentUrl":"https:\/\/heuer-cup.de\/wp-content\/uploads\/2020\/03\/HeuerCup_2020_Logo_404_4c-scaled-e1583198356387.jpg","width":300,"height":143},{"@type":"WebPage","@id":"https:\/\/heuer-cup.de\/generalausschreibung-2020\/nachwuchsklassen-2020\/#webpage","url":"https:\/\/heuer-cup.de\/generalausschreibung-2020\/nachwuchsklassen-2020\/","name":"Nachwuchsklassen 2020 Ausschreibung zum HEUER-Cup","isPartOf":{"@id":"https:\/\/heuer-cup.de\/#website"},"primaryImageOfPage":{"@id":"https:\/\/heuer-cup.de\/generalausschreibung-2020\/nachwuchsklassen-2020\/#primaryimage"},"datePublished":"2020-03-03T01:27:26+00:00","dateModified":"2020-03-03T16:07:10+00:00","description":"Nachwuchsklassen 2020 Ausschreibung zum HEUER-Cup und zus\u00e4tzliche Informationen zu den Etappen und dem RiderMan in Bad D\u00fcrrheim","breadcrumb":{"@id":"https:\/\/heuer-cup.de\/generalausschreibung-2020\/nachwuchsklassen-2020\/#breadcrumb"},"inLanguage":"en-GB","potentialAction":[{"@type":"ReadAction","target":["https:\/\/heuer-cup.de\/generalausschreibung-2020\/nachwuchsklassen-2020\/"]}]},{"@type":"BreadcrumbList","@id":"https:\/\/heuer-cup.de\/generalausschreibung-2020\/nachwuchsklassen-2020\/#breadcrumb","itemListElement":[{"@type":"ListItem","position":1,"name":"Home","item":"https:\/\/heuer-cup.de\/"},{"@type":"ListItem","position":2,"name":"Generalausschreibung 2020","item":"https:\/\/heuer-cup.de\/generalausschreibung-2020\/"},{"@type":"ListItem","position":3,"name":"Nachwuchsklassen 2020"}]}]}},"_links":{"self":[{"href":"https:\/\/heuer-cup.de\/en\/wp-json\/wp\/v2\/pages\/5720"}],"collection":[{"href":"https:\/\/heuer-cup.de\/en\/wp-json\/wp\/v2\/pages"}],"about":[{"href":"https:\/\/heuer-cup.de\/en\/wp-json\/wp\/v2\/types\/page"}],"author":[{"embeddable":true,"href":"https:\/\/heuer-cup.de\/en\/wp-json\/wp\/v2\/users\/3"}],"replies":[{"embeddable":true,"href":"https:\/\/heuer-cup.de\/en\/wp-json\/wp\/v2\/comments?post=5720"}],"version-history":[{"count":9,"href":"https:\/\/heuer-cup.de\/en\/wp-json\/wp\/v2\/pages\/5720\/revisions"}],"predecessor-version":[{"id":5775,"href":"https:\/\/heuer-cup.de\/en\/wp-json\/wp\/v2\/pages\/5720\/revisions\/5775"}],"up":[{"embeddable":true,"href":"https:\/\/heuer-cup.de\/en\/wp-json\/wp\/v2\/pages\/3985"}],"wp:attachment":[{"href":"https:\/\/heuer-cup.de\/en\/wp-json\/wp\/v2\/media?parent=5720"}],"curies":[{"name":"wp","href":"https:\/\/api.w.org\/{rel}","templated":true}]}}