{"id":5565,"date":"2020-01-05T19:03:52","date_gmt":"2020-01-05T18:03:52","guid":{"rendered":"https:\/\/heuer-cup.de\/?page_id=5565"},"modified":"2020-02-10T18:26:49","modified_gmt":"2020-02-10T17:26:49","slug":"etappen-2020","status":"publish","type":"page","link":"https:\/\/heuer-cup.de\/en\/etappen-2020\/","title":{"rendered":"Etappen 2020"},"content":{"rendered":"<p>Die Etappen 2020 stehen. Wir haben es gemeinsam gemeistert. HEUER Radsport ist am Start. Dieses Jahr war es erneut nicht einfach den Etappenplan zu erstellen. Wir danken allen Bewerbern und den Mitwirkenden f\u00fcr deren Unterst\u00fctzung und Mitarbeit. Wir haben wieder eine abwechslungsreiche und tolle Rennserie um den HEUER-Cup 2020 zusammengestellt.<\/p>\n<p>Die Anforderungen an die Etappen 2020 im HEUER-Cup haben wir \u00fcberarbeitet. Wir sind in der Ausschreibung um die Etappen im HEUER-Cup mit der Zielsetzung angetreten, die Anzahl der Etappen zu reduzieren und die Qualit\u00e4t der Rennserie nochmals zu verbessern. Getreu dem Motto, weniger kann mehr sein.<\/p>\n<p><img loading=\"lazy\" class=\"wp-image-5572 aligncenter\" src=\"https:\/\/heuer-cup.de\/wp-content\/uploads\/2020\/01\/heuer_Radsport_logo_512.jpg\" alt=\"HEUER Radsport\" width=\"222\" height=\"222\" srcset=\"https:\/\/heuer-cup.de\/wp-content\/uploads\/2020\/01\/heuer_Radsport_logo_512.jpg 512w, https:\/\/heuer-cup.de\/wp-content\/uploads\/2020\/01\/heuer_Radsport_logo_512-300x300.jpg 300w, https:\/\/heuer-cup.de\/wp-content\/uploads\/2020\/01\/heuer_Radsport_logo_512-150x150.jpg 150w, https:\/\/heuer-cup.de\/wp-content\/uploads\/2020\/01\/heuer_Radsport_logo_512-100x100.jpg 100w\" sizes=\"(max-width: 222px) 92vw, 222px\" \/>Wir haben ein weinendes und ein strahlendes Auge.<\/p>\n<p>Insgesamt haben wir \u00fcber 20 Bewerbungen erhalten. Die Bewerbungen haben haben uns wirklich gefreut, aber leider k\u00f6nnen wir nicht alle Rennen im HEUER-Cup anbieten.<\/p>\n<p>Unsere Kriterien zur Aufnahme der jeweiligen Etappen waren vorrangig die Terminexklusivit\u00e4t. Wir m\u00f6chten Doppelveranstaltungen zu Sichtungsrennen und Bundesligarennen vermeiden.<br \/>\nWeitere Forderungen sind die Attraktivit\u00e4t der Strecke, mit Fragen zu Lage von Start\/Ziel in der Innenstadt, Profil und Anspruch der Strecke, Zuschauerzahlen.<br \/>\nMitentscheidend waren dann noch die Klassen, die der Veranstalter anbietet. Ebenso wollten den neuen Bewerbern eine Chance geben und auch neue Strecken innerhalb des HEUER-Cups anbieten.<\/p>\n<p>Die Entscheidung ist uns nicht leicht gefallen. Wir waren kurz am \u00dcberlegen, ob wir die Zahl der Etappen nicht doch erh\u00f6hen, aber wir sind unserer Zielsetzung treu geblieben und haben die Zahl der Etappen verringert, wenn auch nur um eine Etappe. Die Ausrichter, die wir nicht ber\u00fccksichtigen konnten bitten wir nochmals um Verst\u00e4ndnis.<\/p>\n<p>Die HEUER-Cup KritChallenge k\u00f6nnen wir in diesem Jahr leider nicht durchf\u00fchren, da wir keine Ausrichter f\u00fcr die Freitags- und Samstags Etappe gefunden haben.<\/p>\n<p>Hier die \u00dcbersicht zu den Etappen unter dem Vorbehalt den Etappenplan anzupassen, wenn dies terminlich oder organisatorisch notwendig ist.<\/p>\n<p>&nbsp;<\/p>\n<p><img loading=\"lazy\" class=\"size-full wp-image-5567 aligncenter\" src=\"https:\/\/heuer-cup.de\/wp-content\/uploads\/2020\/01\/Etappenplan-2020.jpg\" alt=\"Etappen 2020\" width=\"494\" height=\"778\" \/><\/p>\n<p>Hier werden wir die einzelnen Etappen 2020 verlinken, sobald die Vereine uns die Informationen zu den Rennen zur Verf\u00fcgung gestellt haben. Wir weisen in diesem Zusammenhang darauf hin, dass wir diese Informationen von den Vereinen erhalten und nur auf Plausibilit\u00e4t und nicht auf Richtigkeit pr\u00fcfen.<\/p>\n<ol>\n<li>Bruchsal<\/li>\n<li>Sch\u00f6naich<\/li>\n<li>Achkarren<\/li>\n<li>Merdingen<\/li>\n<li>Plattenhardt<\/li>\n<li>Magstatt<\/li>\n<li>Plattenhardt<\/li>\n<li>Konstanz<\/li>\n<li>RiderMan in Bad D\u00fcrrheim<\/li>\n<li>Notzingen<\/li>\n<\/ol>","protected":false},"excerpt":{"rendered":"<p>Die Etappen 2020 stehen. Wir haben es gemeinsam gemeistert. HEUER Radsport ist am Start. Dieses Jahr war es erneut nicht einfach den Etappenplan zu erstellen. Wir danken allen Bewerbern und den Mitwirkenden f\u00fcr deren Unterst\u00fctzung und Mitarbeit. Wir haben wieder eine abwechslungsreiche und tolle Rennserie um den HEUER-Cup 2020 zusammengestellt. Die Anforderungen an die Etappen [&hellip;]<\/p>","protected":false},"author":3,"featured_media":5572,"parent":0,"menu_order":0,"comment_status":"closed","ping_status":"closed","template":"","meta":[],"yoast_head":"<!-- This site is optimized with the Yoast SEO plugin v16.9 - https:\/\/yoast.com\/wordpress\/plugins\/seo\/ -->\n<title>Etappen 2020 des HEUER-Cups mit der Klassen\u00fcbersicht<\/title>\n<meta name=\"description\" content=\"Etappen 2020 des HEUER-Cups mit der \u00dcbersicht der Termine und den angebotenen Klassen mit KritChallenge und RiderMan in Bad D\u00fcrrheim\" \/>\n<meta name=\"robots\" content=\"index, follow, max-snippet:-1, max-image-preview:large, max-video-preview:-1\" \/>\n<link rel=\"canonical\" href=\"https:\/\/heuer-cup.de\/en\/etappen-2020\/\" \/>\n<meta property=\"og:locale\" content=\"en_GB\" \/>\n<meta property=\"og:type\" content=\"article\" \/>\n<meta property=\"og:title\" content=\"Etappen 2020 des HEUER-Cups mit der Klassen\u00fcbersicht\" \/>\n<meta property=\"og:description\" content=\"Etappen 2020 des HEUER-Cups mit der \u00dcbersicht der Termine und den angebotenen Klassen mit KritChallenge und RiderMan in Bad D\u00fcrrheim\" \/>\n<meta property=\"og:url\" content=\"https:\/\/heuer-cup.de\/en\/etappen-2020\/\" \/>\n<meta property=\"og:site_name\" content=\"HEUER-Cup\" \/>\n<meta property=\"article:publisher\" content=\"https:\/\/www.facebook.com\/HeuerCup\/\" \/>\n<meta property=\"article:modified_time\" content=\"2020-02-10T17:26:49+00:00\" \/>\n<meta property=\"og:image\" content=\"https:\/\/heuer-cup.de\/wp-content\/uploads\/2020\/01\/heuer_Radsport_logo_512.jpg\" \/>\n\t<meta property=\"og:image:width\" content=\"512\" \/>\n\t<meta property=\"og:image:height\" content=\"512\" \/>\n<meta name=\"twitter:card\" content=\"summary_large_image\" \/>\n<meta name=\"twitter:site\" content=\"@Heuer_Cup\" \/>\n<meta name=\"twitter:label1\" content=\"Estimated reading time\" \/>\n\t<meta name=\"twitter:data1\" content=\"2 minutes\" \/>\n<script type=\"application\/ld+json\" class=\"yoast-schema-graph\">{\"@context\":\"https:\/\/schema.org\",\"@graph\":[{\"@type\":\"Organization\",\"@id\":\"https:\/\/heuer-cup.de\/#organization\",\"name\":\"Heuer Radsport\",\"url\":\"https:\/\/heuer-cup.de\/\",\"sameAs\":[\"https:\/\/www.facebook.com\/HeuerCup\/\",\"https:\/\/www.instagram.com\/heuer_cup\/\",\"https:\/\/www.youtube.com\/channel\/UCuFkVFhY376_zRGfw_0Oy-Q\",\"https:\/\/twitter.com\/Heuer_Cup\"],\"logo\":{\"@type\":\"ImageObject\",\"@id\":\"https:\/\/heuer-cup.de\/#logo\",\"inLanguage\":\"en-GB\",\"url\":\"https:\/\/heuer-cup.de\/wp-content\/uploads\/2019\/01\/logo2.jpg\",\"contentUrl\":\"https:\/\/heuer-cup.de\/wp-content\/uploads\/2019\/01\/logo2.jpg\",\"width\":750,\"height\":186,\"caption\":\"Heuer Radsport\"},\"image\":{\"@id\":\"https:\/\/heuer-cup.de\/#logo\"}},{\"@type\":\"WebSite\",\"@id\":\"https:\/\/heuer-cup.de\/#website\",\"url\":\"https:\/\/heuer-cup.de\/\",\"name\":\"Heuer Radsport\",\"description\":\"Vollgas! oder einfach: Kette rechts\",\"publisher\":{\"@id\":\"https:\/\/heuer-cup.de\/#organization\"},\"potentialAction\":[{\"@type\":\"SearchAction\",\"target\":{\"@type\":\"EntryPoint\",\"urlTemplate\":\"https:\/\/heuer-cup.de\/?s={search_term_string}\"},\"query-input\":\"required name=search_term_string\"}],\"inLanguage\":\"en-GB\"},{\"@type\":\"ImageObject\",\"@id\":\"https:\/\/heuer-cup.de\/etappen-2020\/#primaryimage\",\"inLanguage\":\"en-GB\",\"url\":\"https:\/\/heuer-cup.de\/wp-content\/uploads\/2020\/01\/heuer_Radsport_logo_512.jpg\",\"contentUrl\":\"https:\/\/heuer-cup.de\/wp-content\/uploads\/2020\/01\/heuer_Radsport_logo_512.jpg\",\"width\":512,\"height\":512,\"caption\":\"HEUER Radsport\"},{\"@type\":\"WebPage\",\"@id\":\"https:\/\/heuer-cup.de\/etappen-2020\/#webpage\",\"url\":\"https:\/\/heuer-cup.de\/etappen-2020\/\",\"name\":\"Etappen 2020 des HEUER-Cups mit der Klassen\\u00fcbersicht\",\"isPartOf\":{\"@id\":\"https:\/\/heuer-cup.de\/#website\"},\"primaryImageOfPage\":{\"@id\":\"https:\/\/heuer-cup.de\/etappen-2020\/#primaryimage\"},\"datePublished\":\"2020-01-05T18:03:52+00:00\",\"dateModified\":\"2020-02-10T17:26:49+00:00\",\"description\":\"Etappen 2020 des HEUER-Cups mit der \\u00dcbersicht der Termine und den angebotenen Klassen mit KritChallenge und RiderMan in Bad D\\u00fcrrheim\",\"breadcrumb\":{\"@id\":\"https:\/\/heuer-cup.de\/etappen-2020\/#breadcrumb\"},\"inLanguage\":\"en-GB\",\"potentialAction\":[{\"@type\":\"ReadAction\",\"target\":[\"https:\/\/heuer-cup.de\/etappen-2020\/\"]}]},{\"@type\":\"BreadcrumbList\",\"@id\":\"https:\/\/heuer-cup.de\/etappen-2020\/#breadcrumb\",\"itemListElement\":[{\"@type\":\"ListItem\",\"position\":1,\"name\":\"Home\",\"item\":\"https:\/\/heuer-cup.de\/\"},{\"@type\":\"ListItem\",\"position\":2,\"name\":\"Etappen 2020\"}]}]}<\/script>\n<!-- \/ Yoast SEO plugin. -->","yoast_head_json":{"title":"Etappen 2020 des HEUER-Cups mit der Klassen\u00fcbersicht","description":"Etappen 2020 des HEUER-Cups mit der \u00dcbersicht der Termine und den angebotenen Klassen mit KritChallenge und RiderMan in Bad D\u00fcrrheim","robots":{"index":"index","follow":"follow","max-snippet":"max-snippet:-1","max-image-preview":"max-image-preview:large","max-video-preview":"max-video-preview:-1"},"canonical":"https:\/\/heuer-cup.de\/en\/etappen-2020\/","og_locale":"en_GB","og_type":"article","og_title":"Etappen 2020 des HEUER-Cups mit der Klassen\u00fcbersicht","og_description":"Etappen 2020 des HEUER-Cups mit der \u00dcbersicht der Termine und den angebotenen Klassen mit KritChallenge und RiderMan in Bad D\u00fcrrheim","og_url":"https:\/\/heuer-cup.de\/en\/etappen-2020\/","og_site_name":"HEUER-Cup","article_publisher":"https:\/\/www.facebook.com\/HeuerCup\/","article_modified_time":"2020-02-10T17:26:49+00:00","og_image":[{"width":512,"height":512,"url":"https:\/\/heuer-cup.de\/wp-content\/uploads\/2020\/01\/heuer_Radsport_logo_512.jpg","path":"\/var\/customers\/webs\/johe\/cup-2019\/wp-content\/uploads\/2020\/01\/heuer_Radsport_logo_512.jpg","size":"full","id":5572,"alt":"HEUER Radsport","pixels":262144,"type":"image\/jpeg"}],"twitter_card":"summary_large_image","twitter_site":"@Heuer_Cup","twitter_misc":{"Estimated reading time":"2 minutes"},"schema":{"@context":"https:\/\/schema.org","@graph":[{"@type":"Organization","@id":"https:\/\/heuer-cup.de\/#organization","name":"Heuer Radsport","url":"https:\/\/heuer-cup.de\/","sameAs":["https:\/\/www.facebook.com\/HeuerCup\/","https:\/\/www.instagram.com\/heuer_cup\/","https:\/\/www.youtube.com\/channel\/UCuFkVFhY376_zRGfw_0Oy-Q","https:\/\/twitter.com\/Heuer_Cup"],"logo":{"@type":"ImageObject","@id":"https:\/\/heuer-cup.de\/#logo","inLanguage":"en-GB","url":"https:\/\/heuer-cup.de\/wp-content\/uploads\/2019\/01\/logo2.jpg","contentUrl":"https:\/\/heuer-cup.de\/wp-content\/uploads\/2019\/01\/logo2.jpg","width":750,"height":186,"caption":"Heuer Radsport"},"image":{"@id":"https:\/\/heuer-cup.de\/#logo"}},{"@type":"WebSite","@id":"https:\/\/heuer-cup.de\/#website","url":"https:\/\/heuer-cup.de\/","name":"Heuer Radsport","description":"Vollgas! oder einfach: Kette rechts","publisher":{"@id":"https:\/\/heuer-cup.de\/#organization"},"potentialAction":[{"@type":"SearchAction","target":{"@type":"EntryPoint","urlTemplate":"https:\/\/heuer-cup.de\/?s={search_term_string}"},"query-input":"required name=search_term_string"}],"inLanguage":"en-GB"},{"@type":"ImageObject","@id":"https:\/\/heuer-cup.de\/etappen-2020\/#primaryimage","inLanguage":"en-GB","url":"https:\/\/heuer-cup.de\/wp-content\/uploads\/2020\/01\/heuer_Radsport_logo_512.jpg","contentUrl":"https:\/\/heuer-cup.de\/wp-content\/uploads\/2020\/01\/heuer_Radsport_logo_512.jpg","width":512,"height":512,"caption":"HEUER Radsport"},{"@type":"WebPage","@id":"https:\/\/heuer-cup.de\/etappen-2020\/#webpage","url":"https:\/\/heuer-cup.de\/etappen-2020\/","name":"Etappen 2020 des HEUER-Cups mit der Klassen\u00fcbersicht","isPartOf":{"@id":"https:\/\/heuer-cup.de\/#website"},"primaryImageOfPage":{"@id":"https:\/\/heuer-cup.de\/etappen-2020\/#primaryimage"},"datePublished":"2020-01-05T18:03:52+00:00","dateModified":"2020-02-10T17:26:49+00:00","description":"Etappen 2020 des HEUER-Cups mit der \u00dcbersicht der Termine und den angebotenen Klassen mit KritChallenge und RiderMan in Bad D\u00fcrrheim","breadcrumb":{"@id":"https:\/\/heuer-cup.de\/etappen-2020\/#breadcrumb"},"inLanguage":"en-GB","potentialAction":[{"@type":"ReadAction","target":["https:\/\/heuer-cup.de\/etappen-2020\/"]}]},{"@type":"BreadcrumbList","@id":"https:\/\/heuer-cup.de\/etappen-2020\/#breadcrumb","itemListElement":[{"@type":"ListItem","position":1,"name":"Home","item":"https:\/\/heuer-cup.de\/"},{"@type":"ListItem","position":2,"name":"Etappen 2020"}]}]}},"_links":{"self":[{"href":"https:\/\/heuer-cup.de\/en\/wp-json\/wp\/v2\/pages\/5565"}],"collection":[{"href":"https:\/\/heuer-cup.de\/en\/wp-json\/wp\/v2\/pages"}],"about":[{"href":"https:\/\/heuer-cup.de\/en\/wp-json\/wp\/v2\/types\/page"}],"author":[{"embeddable":true,"href":"https:\/\/heuer-cup.de\/en\/wp-json\/wp\/v2\/users\/3"}],"replies":[{"embeddable":true,"href":"https:\/\/heuer-cup.de\/en\/wp-json\/wp\/v2\/comments?post=5565"}],"version-history":[{"count":10,"href":"https:\/\/heuer-cup.de\/en\/wp-json\/wp\/v2\/pages\/5565\/revisions"}],"predecessor-version":[{"id":5610,"href":"https:\/\/heuer-cup.de\/en\/wp-json\/wp\/v2\/pages\/5565\/revisions\/5610"}],"wp:featuredmedia":[{"embeddable":true,"href":"https:\/\/heuer-cup.de\/en\/wp-json\/wp\/v2\/media\/5572"}],"wp:attachment":[{"href":"https:\/\/heuer-cup.de\/en\/wp-json\/wp\/v2\/media?parent=5565"}],"curies":[{"name":"wp","href":"https:\/\/api.w.org\/{rel}","templated":true}]}}