{"id":5462,"date":"2019-09-27T00:37:12","date_gmt":"2019-09-26T22:37:12","guid":{"rendered":"https:\/\/heuer-cup.de\/?page_id=5462"},"modified":"2019-09-27T01:39:28","modified_gmt":"2019-09-26T23:39:28","slug":"10-riderman","status":"publish","type":"page","link":"https:\/\/heuer-cup.de\/en\/ergebnisse-im-heuer-cup\/10-riderman\/","title":{"rendered":"Riderman"},"content":{"rendered":"<div class=\"vc_row wpb_row vc_row-fluid\"><div class=\"wpb_column vc_column_container vc_col-sm-12\"><div class=\"vc_column-inner\"><div class=\"wpb_wrapper\">\n\t<div class=\"wpb_text_column wpb_content_element\" >\n\t\t<div class=\"wpb_wrapper\">\n\t\t\t<p><strong>RiderMan im HEUER-Cup<\/strong><\/p>\n<p>20. RiderMan im Rahmen des HEUER-Cups in Bad D\u00fcrrheim von 20<span class=\"detail\">. bis 22. Septermber 2019<\/span><\/p>\n<p><span class=\"detail\"><img loading=\"lazy\" class=\"aligncenter\" title=\"RVC-Reute\" src=\"https:\/\/heuer-cup.eu\/userfiles\/images\/Vereine\/RiderMan\/logo_riderman.jpg\" alt=\"\" width=\"154\" height=\"151\" \/><br \/>\n<\/span><\/p>\n<p><strong>Tagesergebnisse der Fahrer im Jedermannrennen<\/strong><\/p>\n<p><a href=\"https:\/\/www.abavent.de\/anmeldeservice\/riderman2019\/ergebnisse\" target=\"_blank\" rel=\"noopener noreferrer\">Riderman 2019 Ergebnisse<\/a><\/p>\n<p><strong>Lizenzrennen<\/strong><\/p>\n<p><a href=\"https:\/\/heuer-cup.de\/en\/junioren_tages-2\/\" target=\"_blank\" rel=\"noopener noreferrer\">U19 Junioren m\u00e4nnlich<\/a><\/p>\n<p><a href=\"https:\/\/heuer-cup.de\/en\/jugend_juniorinnen_tages-2\/\" target=\"_blank\" rel=\"noopener noreferrer\">U19 Juniorinnen und U17 Jugend m\u00e4nnlich<\/a><\/p>\n<p><strong>Gesamtklassement nach der Etappe RiderMan<br \/>\n<\/strong><\/p>\n<p><a href=\"https:\/\/heuer-cup.de\/en\/ergebnisse_heuercup_elite-riderman\/\" target=\"_blank\" rel=\"noopener noreferrer\">M\u00e4nner Elite<\/a><br \/>\n<a href=\"https:\/\/heuer-cup.de\/en\/ergebnisse_heuercup_frauen-riderman\/\" target=\"_blank\" rel=\"noopener noreferrer\">Frauen Elite<\/a><br \/>\n<a href=\"https:\/\/heuer-cup.de\/en\/ergebnisse_heuercup_amateure-riderman\/\" target=\"_blank\" rel=\"noopener noreferrer\">M\u00e4nner Amateure<\/a><br \/>\n<a href=\"https:\/\/heuer-cup.de\/en\/ergebnisse_heuercup_senioren-riderman\/\" target=\"_blank\" rel=\"noopener noreferrer\">Senioren 2 \/ 3 \/ 4<\/a><br \/>\n<a href=\"https:\/\/heuer-cup.de\/en\/ergebnisse_heuercup_nachwuchs-riderman\/\" target=\"_blank\" rel=\"noopener noreferrer\">Nachwuchs<\/a><br \/>\n<a href=\"https:\/\/heuer-cup.de\/en\/ergebnisse_heuercup_mannschaft-riderman\/\" target=\"_blank\" rel=\"noopener noreferrer\">Mannschaften<\/a><\/p>\n\n\t\t<\/div>\n\t<\/div>\n<\/div><\/div><\/div><\/div>","protected":false},"excerpt":{"rendered":"RiderMan im HEUER-Cup 20. RiderMan im Rahmen des HEUER-Cups in Bad D\u00fcrrheim von 20. bis 22. Septermber 2019 Tagesergebnisse der Fahrer im Jedermannrennen Riderman 2019 Ergebnisse Lizenzrennen U19 Junioren m\u00e4nnlich U19 Juniorinnen und U17 Jugend m\u00e4nnlich Gesamtklassement nach der Etappe RiderMan M\u00e4nner Elite Frauen Elite M\u00e4nner Amateure Senioren 2 \/ 3 \/ 4 Nachwuchs Mannschaften","protected":false},"author":3,"featured_media":0,"parent":4129,"menu_order":0,"comment_status":"closed","ping_status":"closed","template":"","meta":[],"yoast_head":"<!-- This site is optimized with the Yoast SEO plugin v16.9 - https:\/\/yoast.com\/wordpress\/plugins\/seo\/ -->\n<title>RiderMan 2019 - HEUER-Cup Tages- und Gesamtergebnisse<\/title>\n<meta name=\"description\" content=\"RiderMan 2019 - HEUER-Cup - Tages- und Gesamtergebnisse nach Klassen und Mannschaften in Bad D\u00fcrrheim von 20. bis 22. Septermber 2019\" \/>\n<meta name=\"robots\" content=\"index, follow, max-snippet:-1, max-image-preview:large, max-video-preview:-1\" \/>\n<link rel=\"canonical\" href=\"https:\/\/heuer-cup.de\/en\/ergebnisse-im-heuer-cup\/10-riderman\/\" \/>\n<meta property=\"og:locale\" content=\"en_GB\" \/>\n<meta property=\"og:type\" content=\"article\" \/>\n<meta property=\"og:title\" content=\"RiderMan 2019 - HEUER-Cup Tages- und Gesamtergebnisse\" \/>\n<meta property=\"og:description\" content=\"RiderMan 2019 - HEUER-Cup - Tages- und Gesamtergebnisse nach Klassen und Mannschaften in Bad D\u00fcrrheim von 20. bis 22. Septermber 2019\" \/>\n<meta property=\"og:url\" content=\"https:\/\/heuer-cup.de\/en\/ergebnisse-im-heuer-cup\/10-riderman\/\" \/>\n<meta property=\"og:site_name\" content=\"HEUER-Cup\" \/>\n<meta property=\"article:publisher\" content=\"https:\/\/www.facebook.com\/HeuerCup\/\" \/>\n<meta property=\"article:modified_time\" content=\"2019-09-26T23:39:28+00:00\" \/>\n<meta property=\"og:image\" content=\"https:\/\/heuer-cup.eu\/userfiles\/images\/Vereine\/RiderMan\/logo_riderman.jpg\" \/>\n<meta name=\"twitter:card\" content=\"summary_large_image\" \/>\n<meta name=\"twitter:site\" content=\"@Heuer_Cup\" \/>\n<script type=\"application\/ld+json\" class=\"yoast-schema-graph\">{\"@context\":\"https:\/\/schema.org\",\"@graph\":[{\"@type\":\"Organization\",\"@id\":\"https:\/\/heuer-cup.de\/#organization\",\"name\":\"Heuer Radsport\",\"url\":\"https:\/\/heuer-cup.de\/\",\"sameAs\":[\"https:\/\/www.facebook.com\/HeuerCup\/\",\"https:\/\/www.instagram.com\/heuer_cup\/\",\"https:\/\/www.youtube.com\/channel\/UCuFkVFhY376_zRGfw_0Oy-Q\",\"https:\/\/twitter.com\/Heuer_Cup\"],\"logo\":{\"@type\":\"ImageObject\",\"@id\":\"https:\/\/heuer-cup.de\/#logo\",\"inLanguage\":\"en-GB\",\"url\":\"https:\/\/heuer-cup.de\/wp-content\/uploads\/2019\/01\/logo2.jpg\",\"contentUrl\":\"https:\/\/heuer-cup.de\/wp-content\/uploads\/2019\/01\/logo2.jpg\",\"width\":750,\"height\":186,\"caption\":\"Heuer Radsport\"},\"image\":{\"@id\":\"https:\/\/heuer-cup.de\/#logo\"}},{\"@type\":\"WebSite\",\"@id\":\"https:\/\/heuer-cup.de\/#website\",\"url\":\"https:\/\/heuer-cup.de\/\",\"name\":\"Heuer Radsport\",\"description\":\"Vollgas! oder einfach: Kette rechts\",\"publisher\":{\"@id\":\"https:\/\/heuer-cup.de\/#organization\"},\"potentialAction\":[{\"@type\":\"SearchAction\",\"target\":{\"@type\":\"EntryPoint\",\"urlTemplate\":\"https:\/\/heuer-cup.de\/?s={search_term_string}\"},\"query-input\":\"required name=search_term_string\"}],\"inLanguage\":\"en-GB\"},{\"@type\":\"ImageObject\",\"@id\":\"https:\/\/heuer-cup.de\/ergebnisse-im-heuer-cup\/10-riderman\/#primaryimage\",\"inLanguage\":\"en-GB\",\"url\":\"https:\/\/heuer-cup.eu\/userfiles\/images\/Vereine\/RiderMan\/logo_riderman.jpg\",\"contentUrl\":\"https:\/\/heuer-cup.eu\/userfiles\/images\/Vereine\/RiderMan\/logo_riderman.jpg\"},{\"@type\":\"WebPage\",\"@id\":\"https:\/\/heuer-cup.de\/ergebnisse-im-heuer-cup\/10-riderman\/#webpage\",\"url\":\"https:\/\/heuer-cup.de\/ergebnisse-im-heuer-cup\/10-riderman\/\",\"name\":\"RiderMan 2019 - HEUER-Cup Tages- und Gesamtergebnisse\",\"isPartOf\":{\"@id\":\"https:\/\/heuer-cup.de\/#website\"},\"primaryImageOfPage\":{\"@id\":\"https:\/\/heuer-cup.de\/ergebnisse-im-heuer-cup\/10-riderman\/#primaryimage\"},\"datePublished\":\"2019-09-26T22:37:12+00:00\",\"dateModified\":\"2019-09-26T23:39:28+00:00\",\"description\":\"RiderMan 2019 - HEUER-Cup - Tages- und Gesamtergebnisse nach Klassen und Mannschaften in Bad D\\u00fcrrheim von 20. bis 22. Septermber 2019\",\"breadcrumb\":{\"@id\":\"https:\/\/heuer-cup.de\/ergebnisse-im-heuer-cup\/10-riderman\/#breadcrumb\"},\"inLanguage\":\"en-GB\",\"potentialAction\":[{\"@type\":\"ReadAction\",\"target\":[\"https:\/\/heuer-cup.de\/ergebnisse-im-heuer-cup\/10-riderman\/\"]}]},{\"@type\":\"BreadcrumbList\",\"@id\":\"https:\/\/heuer-cup.de\/ergebnisse-im-heuer-cup\/10-riderman\/#breadcrumb\",\"itemListElement\":[{\"@type\":\"ListItem\",\"position\":1,\"name\":\"Home\",\"item\":\"https:\/\/heuer-cup.de\/\"},{\"@type\":\"ListItem\",\"position\":2,\"name\":\"Ergebnisse im HEUER-Cup\",\"item\":\"https:\/\/heuer-cup.de\/ergebnisse-im-heuer-cup\/\"},{\"@type\":\"ListItem\",\"position\":3,\"name\":\"Riderman\"}]}]}<\/script>\n<!-- \/ Yoast SEO plugin. -->","yoast_head_json":{"title":"RiderMan 2019 - HEUER-Cup Tages- und Gesamtergebnisse","description":"RiderMan 2019 - HEUER-Cup - Tages- und Gesamtergebnisse nach Klassen und Mannschaften in Bad D\u00fcrrheim von 20. bis 22. Septermber 2019","robots":{"index":"index","follow":"follow","max-snippet":"max-snippet:-1","max-image-preview":"max-image-preview:large","max-video-preview":"max-video-preview:-1"},"canonical":"https:\/\/heuer-cup.de\/en\/ergebnisse-im-heuer-cup\/10-riderman\/","og_locale":"en_GB","og_type":"article","og_title":"RiderMan 2019 - HEUER-Cup Tages- und Gesamtergebnisse","og_description":"RiderMan 2019 - HEUER-Cup - Tages- und Gesamtergebnisse nach Klassen und Mannschaften in Bad D\u00fcrrheim von 20. bis 22. Septermber 2019","og_url":"https:\/\/heuer-cup.de\/en\/ergebnisse-im-heuer-cup\/10-riderman\/","og_site_name":"HEUER-Cup","article_publisher":"https:\/\/www.facebook.com\/HeuerCup\/","article_modified_time":"2019-09-26T23:39:28+00:00","og_image":[{"url":"https:\/\/heuer-cup.eu\/userfiles\/images\/Vereine\/RiderMan\/logo_riderman.jpg"}],"twitter_card":"summary_large_image","twitter_site":"@Heuer_Cup","schema":{"@context":"https:\/\/schema.org","@graph":[{"@type":"Organization","@id":"https:\/\/heuer-cup.de\/#organization","name":"Heuer Radsport","url":"https:\/\/heuer-cup.de\/","sameAs":["https:\/\/www.facebook.com\/HeuerCup\/","https:\/\/www.instagram.com\/heuer_cup\/","https:\/\/www.youtube.com\/channel\/UCuFkVFhY376_zRGfw_0Oy-Q","https:\/\/twitter.com\/Heuer_Cup"],"logo":{"@type":"ImageObject","@id":"https:\/\/heuer-cup.de\/#logo","inLanguage":"en-GB","url":"https:\/\/heuer-cup.de\/wp-content\/uploads\/2019\/01\/logo2.jpg","contentUrl":"https:\/\/heuer-cup.de\/wp-content\/uploads\/2019\/01\/logo2.jpg","width":750,"height":186,"caption":"Heuer Radsport"},"image":{"@id":"https:\/\/heuer-cup.de\/#logo"}},{"@type":"WebSite","@id":"https:\/\/heuer-cup.de\/#website","url":"https:\/\/heuer-cup.de\/","name":"Heuer Radsport","description":"Vollgas! oder einfach: Kette rechts","publisher":{"@id":"https:\/\/heuer-cup.de\/#organization"},"potentialAction":[{"@type":"SearchAction","target":{"@type":"EntryPoint","urlTemplate":"https:\/\/heuer-cup.de\/?s={search_term_string}"},"query-input":"required name=search_term_string"}],"inLanguage":"en-GB"},{"@type":"ImageObject","@id":"https:\/\/heuer-cup.de\/ergebnisse-im-heuer-cup\/10-riderman\/#primaryimage","inLanguage":"en-GB","url":"https:\/\/heuer-cup.eu\/userfiles\/images\/Vereine\/RiderMan\/logo_riderman.jpg","contentUrl":"https:\/\/heuer-cup.eu\/userfiles\/images\/Vereine\/RiderMan\/logo_riderman.jpg"},{"@type":"WebPage","@id":"https:\/\/heuer-cup.de\/ergebnisse-im-heuer-cup\/10-riderman\/#webpage","url":"https:\/\/heuer-cup.de\/ergebnisse-im-heuer-cup\/10-riderman\/","name":"RiderMan 2019 - HEUER-Cup Tages- und Gesamtergebnisse","isPartOf":{"@id":"https:\/\/heuer-cup.de\/#website"},"primaryImageOfPage":{"@id":"https:\/\/heuer-cup.de\/ergebnisse-im-heuer-cup\/10-riderman\/#primaryimage"},"datePublished":"2019-09-26T22:37:12+00:00","dateModified":"2019-09-26T23:39:28+00:00","description":"RiderMan 2019 - HEUER-Cup - Tages- und Gesamtergebnisse nach Klassen und Mannschaften in Bad D\u00fcrrheim von 20. bis 22. Septermber 2019","breadcrumb":{"@id":"https:\/\/heuer-cup.de\/ergebnisse-im-heuer-cup\/10-riderman\/#breadcrumb"},"inLanguage":"en-GB","potentialAction":[{"@type":"ReadAction","target":["https:\/\/heuer-cup.de\/ergebnisse-im-heuer-cup\/10-riderman\/"]}]},{"@type":"BreadcrumbList","@id":"https:\/\/heuer-cup.de\/ergebnisse-im-heuer-cup\/10-riderman\/#breadcrumb","itemListElement":[{"@type":"ListItem","position":1,"name":"Home","item":"https:\/\/heuer-cup.de\/"},{"@type":"ListItem","position":2,"name":"Ergebnisse im HEUER-Cup","item":"https:\/\/heuer-cup.de\/ergebnisse-im-heuer-cup\/"},{"@type":"ListItem","position":3,"name":"Riderman"}]}]}},"_links":{"self":[{"href":"https:\/\/heuer-cup.de\/en\/wp-json\/wp\/v2\/pages\/5462"}],"collection":[{"href":"https:\/\/heuer-cup.de\/en\/wp-json\/wp\/v2\/pages"}],"about":[{"href":"https:\/\/heuer-cup.de\/en\/wp-json\/wp\/v2\/types\/page"}],"author":[{"embeddable":true,"href":"https:\/\/heuer-cup.de\/en\/wp-json\/wp\/v2\/users\/3"}],"replies":[{"embeddable":true,"href":"https:\/\/heuer-cup.de\/en\/wp-json\/wp\/v2\/comments?post=5462"}],"version-history":[{"count":9,"href":"https:\/\/heuer-cup.de\/en\/wp-json\/wp\/v2\/pages\/5462\/revisions"}],"predecessor-version":[{"id":5494,"href":"https:\/\/heuer-cup.de\/en\/wp-json\/wp\/v2\/pages\/5462\/revisions\/5494"}],"up":[{"embeddable":true,"href":"https:\/\/heuer-cup.de\/en\/wp-json\/wp\/v2\/pages\/4129"}],"wp:attachment":[{"href":"https:\/\/heuer-cup.de\/en\/wp-json\/wp\/v2\/media?parent=5462"}],"curies":[{"name":"wp","href":"https:\/\/api.w.org\/{rel}","templated":true}]}}