{"id":4265,"date":"2019-08-22T10:12:34","date_gmt":"2019-08-22T08:12:34","guid":{"rendered":"https:\/\/heuer-cup.de\/?page_id=4265"},"modified":"2019-09-09T16:43:20","modified_gmt":"2019-09-09T14:43:20","slug":"image-des-tsv-schmiden","status":"publish","type":"page","link":"https:\/\/heuer-cup.de\/en\/das-war-unser-2018\/radrennen-in-backnang\/image-des-tsv-schmiden\/","title":{"rendered":"Image des TSV Schmiden"},"content":{"rendered":"<div class=\"vc_row wpb_row vc_row-fluid\"><div class=\"wpb_column vc_column_container vc_col-sm-12\"><div class=\"vc_column-inner\"><div class=\"wpb_wrapper\">\n\t<div class=\"wpb_text_column wpb_content_element\" >\n\t\t<div class=\"wpb_wrapper\">\n\t\t\t<p>Die\u00a0<a href=\"http:\/\/www.activity-racing-team.com\/\" target=\"_blank\" rel=\"noopener noreferrer\">Radsportabteilung des TSV Schmiden<\/a>\u00a01902 e.V. wurde aus dem seit 2004 bestehendem activity-racing-team des TSV Schmiden im Mai 2011 gegr\u00fcndet. Innerhalb dieser Abteilung ist nun die Gruppe der lizenzierten Radrennfahrer als activity-racing-team eingegliedert. Die gesamte Abteilung umfasst derzeit 58 Mitglieder, wobei das j\u00fcngste Mitglied gerade einmal ein Jahr alt ist, und das \u00e4lteste Mitglied 59 Jahre (Stand 02\/2012).<\/p>\n<p><img loading=\"lazy\" class=\"bild aligncenter\" title=\"TSV Schmiden\" src=\"https:\/\/heuer-cup.eu\/userfiles\/images\/Vereine\/Schmiden\/TSV%20Schmiden.png\" alt=\"\" width=\"450\" height=\"300\" \/><\/p>\n<p>Bei uns finden ambitionierte Radfahrer geeignete Trainings- und Wettkampfm\u00f6glichkeiten. Durch die Gr\u00fcndung der Radsportabteilung wollen wir aber auch nachhaltige Nachwuchsarbeit aufbauen und Breitensportler ansprechen. Wir m\u00f6chten interessierte M\u00e4dels und Jungs an den Radsport heranf\u00fchren. Unter der Aufsicht von lizenzierten Trainern, soll der Nachwuchs erste Trainingserfahrungen sammeln und sp\u00e4ter Wettkampfluft schnuppern. Dabei stehen neben den Trainern auch die Fahrer der Elitemannschaft mit Rad(t) und Tat zur Seite.<\/p>\n<p>In unserer Radsportabteilung sollen vor allem Breitensportler angesprochen werden. Im Vordergrund stehen dabei das gemeinsame Trainieren in der Gruppe und die gemeinsame Teilnahme an Radtouristikfahrten (RTF\u2019s). Dabei k\u00f6nnen neben dem sportlichen Aspekt, neue Freundschaften geschlossen und abwechslungsreiche Landschaften und Trainingsgebiete erkundet werden.<\/p>\n<div class=\"tplge_submenu\"><\/div>\n<div id=\"tplge_prevtopnext\">\n<div id=\"tplge_prevtopnextin\"><\/div>\n<\/div>\n\n\t\t<\/div>\n\t<\/div>\n<\/div><\/div><\/div><\/div>","protected":false},"excerpt":{"rendered":"Die\u00a0Radsportabteilung des TSV Schmiden\u00a01902 e.V. wurde aus dem seit 2004 bestehendem activity-racing-team des TSV Schmiden im Mai 2011 gegr\u00fcndet. Innerhalb dieser Abteilung ist nun die Gruppe der lizenzierten Radrennfahrer als activity-racing-team eingegliedert. Die gesamte Abteilung umfasst derzeit 58 Mitglieder, wobei das j\u00fcngste Mitglied gerade einmal ein Jahr alt ist, und das \u00e4lteste Mitglied 59 Jahre [...]","protected":false},"author":1,"featured_media":0,"parent":4261,"menu_order":0,"comment_status":"closed","ping_status":"closed","template":"","meta":[],"yoast_head":"<!-- This site is optimized with the Yoast SEO plugin v16.9 - https:\/\/yoast.com\/wordpress\/plugins\/seo\/ -->\n<title>Image des TSV Schmiden - der TSV besteht aus dem activity-racing-team<\/title>\n<meta name=\"description\" content=\"Image des TSV Schmiden - Der TSV Schmiden besteht aus dem activity-racing-team, hat derzeit 58 Mitgliedern, wobei das J\u00fcngste 1 Jahr alt ist.\" \/>\n<meta name=\"robots\" content=\"index, follow, max-snippet:-1, max-image-preview:large, max-video-preview:-1\" \/>\n<link rel=\"canonical\" href=\"https:\/\/heuer-cup.de\/en\/das-war-unser-2018\/radrennen-in-backnang\/image-des-tsv-schmiden\/\" \/>\n<meta property=\"og:locale\" content=\"en_GB\" \/>\n<meta property=\"og:type\" content=\"article\" \/>\n<meta property=\"og:title\" content=\"Image des TSV Schmiden - der TSV besteht aus dem activity-racing-team\" \/>\n<meta property=\"og:description\" content=\"Image des TSV Schmiden - Der TSV Schmiden besteht aus dem activity-racing-team, hat derzeit 58 Mitgliedern, wobei das J\u00fcngste 1 Jahr alt ist.\" \/>\n<meta property=\"og:url\" content=\"https:\/\/heuer-cup.de\/en\/das-war-unser-2018\/radrennen-in-backnang\/image-des-tsv-schmiden\/\" \/>\n<meta property=\"og:site_name\" content=\"HEUER-Cup\" \/>\n<meta property=\"article:publisher\" content=\"https:\/\/www.facebook.com\/HeuerCup\/\" \/>\n<meta property=\"article:modified_time\" content=\"2019-09-09T14:43:20+00:00\" \/>\n<meta property=\"og:image\" content=\"https:\/\/heuer-cup.eu\/userfiles\/images\/Vereine\/Schmiden\/TSV%20Schmiden.png\" \/>\n<meta name=\"twitter:card\" content=\"summary_large_image\" \/>\n<meta name=\"twitter:site\" content=\"@Heuer_Cup\" \/>\n<meta name=\"twitter:label1\" content=\"Estimated reading time\" \/>\n\t<meta name=\"twitter:data1\" content=\"1 minute\" \/>\n<script type=\"application\/ld+json\" class=\"yoast-schema-graph\">{\"@context\":\"https:\/\/schema.org\",\"@graph\":[{\"@type\":\"Organization\",\"@id\":\"https:\/\/heuer-cup.de\/#organization\",\"name\":\"Heuer Radsport\",\"url\":\"https:\/\/heuer-cup.de\/\",\"sameAs\":[\"https:\/\/www.facebook.com\/HeuerCup\/\",\"https:\/\/www.instagram.com\/heuer_cup\/\",\"https:\/\/www.youtube.com\/channel\/UCuFkVFhY376_zRGfw_0Oy-Q\",\"https:\/\/twitter.com\/Heuer_Cup\"],\"logo\":{\"@type\":\"ImageObject\",\"@id\":\"https:\/\/heuer-cup.de\/#logo\",\"inLanguage\":\"en-GB\",\"url\":\"https:\/\/heuer-cup.de\/wp-content\/uploads\/2019\/01\/logo2.jpg\",\"contentUrl\":\"https:\/\/heuer-cup.de\/wp-content\/uploads\/2019\/01\/logo2.jpg\",\"width\":750,\"height\":186,\"caption\":\"Heuer Radsport\"},\"image\":{\"@id\":\"https:\/\/heuer-cup.de\/#logo\"}},{\"@type\":\"WebSite\",\"@id\":\"https:\/\/heuer-cup.de\/#website\",\"url\":\"https:\/\/heuer-cup.de\/\",\"name\":\"Heuer Radsport\",\"description\":\"Vollgas! oder einfach: Kette rechts\",\"publisher\":{\"@id\":\"https:\/\/heuer-cup.de\/#organization\"},\"potentialAction\":[{\"@type\":\"SearchAction\",\"target\":{\"@type\":\"EntryPoint\",\"urlTemplate\":\"https:\/\/heuer-cup.de\/?s={search_term_string}\"},\"query-input\":\"required name=search_term_string\"}],\"inLanguage\":\"en-GB\"},{\"@type\":\"ImageObject\",\"@id\":\"https:\/\/heuer-cup.de\/das-war-unser-2018\/radrennen-in-backnang\/image-des-tsv-schmiden\/#primaryimage\",\"inLanguage\":\"en-GB\",\"url\":\"https:\/\/heuer-cup.eu\/userfiles\/images\/Vereine\/Schmiden\/TSV%20Schmiden.png\",\"contentUrl\":\"https:\/\/heuer-cup.eu\/userfiles\/images\/Vereine\/Schmiden\/TSV%20Schmiden.png\"},{\"@type\":\"WebPage\",\"@id\":\"https:\/\/heuer-cup.de\/das-war-unser-2018\/radrennen-in-backnang\/image-des-tsv-schmiden\/#webpage\",\"url\":\"https:\/\/heuer-cup.de\/das-war-unser-2018\/radrennen-in-backnang\/image-des-tsv-schmiden\/\",\"name\":\"Image des TSV Schmiden - der TSV besteht aus dem activity-racing-team\",\"isPartOf\":{\"@id\":\"https:\/\/heuer-cup.de\/#website\"},\"primaryImageOfPage\":{\"@id\":\"https:\/\/heuer-cup.de\/das-war-unser-2018\/radrennen-in-backnang\/image-des-tsv-schmiden\/#primaryimage\"},\"datePublished\":\"2019-08-22T08:12:34+00:00\",\"dateModified\":\"2019-09-09T14:43:20+00:00\",\"description\":\"Image des TSV Schmiden - Der TSV Schmiden besteht aus dem activity-racing-team, hat derzeit 58 Mitgliedern, wobei das J\\u00fcngste 1 Jahr alt ist.\",\"breadcrumb\":{\"@id\":\"https:\/\/heuer-cup.de\/das-war-unser-2018\/radrennen-in-backnang\/image-des-tsv-schmiden\/#breadcrumb\"},\"inLanguage\":\"en-GB\",\"potentialAction\":[{\"@type\":\"ReadAction\",\"target\":[\"https:\/\/heuer-cup.de\/das-war-unser-2018\/radrennen-in-backnang\/image-des-tsv-schmiden\/\"]}]},{\"@type\":\"BreadcrumbList\",\"@id\":\"https:\/\/heuer-cup.de\/das-war-unser-2018\/radrennen-in-backnang\/image-des-tsv-schmiden\/#breadcrumb\",\"itemListElement\":[{\"@type\":\"ListItem\",\"position\":1,\"name\":\"Home\",\"item\":\"https:\/\/heuer-cup.de\/\"},{\"@type\":\"ListItem\",\"position\":2,\"name\":\"das war unser 2018\",\"item\":\"https:\/\/heuer-cup.de\/das-war-unser-2018\/\"},{\"@type\":\"ListItem\",\"position\":3,\"name\":\"Radrennen in Backnang\",\"item\":\"https:\/\/heuer-cup.de\/das-war-unser-2018\/radrennen-in-backnang\/\"},{\"@type\":\"ListItem\",\"position\":4,\"name\":\"Image des TSV Schmiden\"}]}]}<\/script>\n<!-- \/ Yoast SEO plugin. -->","yoast_head_json":{"title":"Image des TSV Schmiden - der TSV besteht aus dem activity-racing-team","description":"Image des TSV Schmiden - Der TSV Schmiden besteht aus dem activity-racing-team, hat derzeit 58 Mitgliedern, wobei das J\u00fcngste 1 Jahr alt ist.","robots":{"index":"index","follow":"follow","max-snippet":"max-snippet:-1","max-image-preview":"max-image-preview:large","max-video-preview":"max-video-preview:-1"},"canonical":"https:\/\/heuer-cup.de\/en\/das-war-unser-2018\/radrennen-in-backnang\/image-des-tsv-schmiden\/","og_locale":"en_GB","og_type":"article","og_title":"Image des TSV Schmiden - der TSV besteht aus dem activity-racing-team","og_description":"Image des TSV Schmiden - Der TSV Schmiden besteht aus dem activity-racing-team, hat derzeit 58 Mitgliedern, wobei das J\u00fcngste 1 Jahr alt ist.","og_url":"https:\/\/heuer-cup.de\/en\/das-war-unser-2018\/radrennen-in-backnang\/image-des-tsv-schmiden\/","og_site_name":"HEUER-Cup","article_publisher":"https:\/\/www.facebook.com\/HeuerCup\/","article_modified_time":"2019-09-09T14:43:20+00:00","og_image":[{"url":"https:\/\/heuer-cup.eu\/userfiles\/images\/Vereine\/Schmiden\/TSV%20Schmiden.png"}],"twitter_card":"summary_large_image","twitter_site":"@Heuer_Cup","twitter_misc":{"Estimated reading time":"1 minute"},"schema":{"@context":"https:\/\/schema.org","@graph":[{"@type":"Organization","@id":"https:\/\/heuer-cup.de\/#organization","name":"Heuer Radsport","url":"https:\/\/heuer-cup.de\/","sameAs":["https:\/\/www.facebook.com\/HeuerCup\/","https:\/\/www.instagram.com\/heuer_cup\/","https:\/\/www.youtube.com\/channel\/UCuFkVFhY376_zRGfw_0Oy-Q","https:\/\/twitter.com\/Heuer_Cup"],"logo":{"@type":"ImageObject","@id":"https:\/\/heuer-cup.de\/#logo","inLanguage":"en-GB","url":"https:\/\/heuer-cup.de\/wp-content\/uploads\/2019\/01\/logo2.jpg","contentUrl":"https:\/\/heuer-cup.de\/wp-content\/uploads\/2019\/01\/logo2.jpg","width":750,"height":186,"caption":"Heuer Radsport"},"image":{"@id":"https:\/\/heuer-cup.de\/#logo"}},{"@type":"WebSite","@id":"https:\/\/heuer-cup.de\/#website","url":"https:\/\/heuer-cup.de\/","name":"Heuer Radsport","description":"Vollgas! oder einfach: Kette rechts","publisher":{"@id":"https:\/\/heuer-cup.de\/#organization"},"potentialAction":[{"@type":"SearchAction","target":{"@type":"EntryPoint","urlTemplate":"https:\/\/heuer-cup.de\/?s={search_term_string}"},"query-input":"required name=search_term_string"}],"inLanguage":"en-GB"},{"@type":"ImageObject","@id":"https:\/\/heuer-cup.de\/das-war-unser-2018\/radrennen-in-backnang\/image-des-tsv-schmiden\/#primaryimage","inLanguage":"en-GB","url":"https:\/\/heuer-cup.eu\/userfiles\/images\/Vereine\/Schmiden\/TSV%20Schmiden.png","contentUrl":"https:\/\/heuer-cup.eu\/userfiles\/images\/Vereine\/Schmiden\/TSV%20Schmiden.png"},{"@type":"WebPage","@id":"https:\/\/heuer-cup.de\/das-war-unser-2018\/radrennen-in-backnang\/image-des-tsv-schmiden\/#webpage","url":"https:\/\/heuer-cup.de\/das-war-unser-2018\/radrennen-in-backnang\/image-des-tsv-schmiden\/","name":"Image des TSV Schmiden - der TSV besteht aus dem activity-racing-team","isPartOf":{"@id":"https:\/\/heuer-cup.de\/#website"},"primaryImageOfPage":{"@id":"https:\/\/heuer-cup.de\/das-war-unser-2018\/radrennen-in-backnang\/image-des-tsv-schmiden\/#primaryimage"},"datePublished":"2019-08-22T08:12:34+00:00","dateModified":"2019-09-09T14:43:20+00:00","description":"Image des TSV Schmiden - Der TSV Schmiden besteht aus dem activity-racing-team, hat derzeit 58 Mitgliedern, wobei das J\u00fcngste 1 Jahr alt ist.","breadcrumb":{"@id":"https:\/\/heuer-cup.de\/das-war-unser-2018\/radrennen-in-backnang\/image-des-tsv-schmiden\/#breadcrumb"},"inLanguage":"en-GB","potentialAction":[{"@type":"ReadAction","target":["https:\/\/heuer-cup.de\/das-war-unser-2018\/radrennen-in-backnang\/image-des-tsv-schmiden\/"]}]},{"@type":"BreadcrumbList","@id":"https:\/\/heuer-cup.de\/das-war-unser-2018\/radrennen-in-backnang\/image-des-tsv-schmiden\/#breadcrumb","itemListElement":[{"@type":"ListItem","position":1,"name":"Home","item":"https:\/\/heuer-cup.de\/"},{"@type":"ListItem","position":2,"name":"das war unser 2018","item":"https:\/\/heuer-cup.de\/das-war-unser-2018\/"},{"@type":"ListItem","position":3,"name":"Radrennen in Backnang","item":"https:\/\/heuer-cup.de\/das-war-unser-2018\/radrennen-in-backnang\/"},{"@type":"ListItem","position":4,"name":"Image des TSV Schmiden"}]}]}},"_links":{"self":[{"href":"https:\/\/heuer-cup.de\/en\/wp-json\/wp\/v2\/pages\/4265"}],"collection":[{"href":"https:\/\/heuer-cup.de\/en\/wp-json\/wp\/v2\/pages"}],"about":[{"href":"https:\/\/heuer-cup.de\/en\/wp-json\/wp\/v2\/types\/page"}],"author":[{"embeddable":true,"href":"https:\/\/heuer-cup.de\/en\/wp-json\/wp\/v2\/users\/1"}],"replies":[{"embeddable":true,"href":"https:\/\/heuer-cup.de\/en\/wp-json\/wp\/v2\/comments?post=4265"}],"version-history":[{"count":2,"href":"https:\/\/heuer-cup.de\/en\/wp-json\/wp\/v2\/pages\/4265\/revisions"}],"predecessor-version":[{"id":4907,"href":"https:\/\/heuer-cup.de\/en\/wp-json\/wp\/v2\/pages\/4265\/revisions\/4907"}],"up":[{"embeddable":true,"href":"https:\/\/heuer-cup.de\/en\/wp-json\/wp\/v2\/pages\/4261"}],"wp:attachment":[{"href":"https:\/\/heuer-cup.de\/en\/wp-json\/wp\/v2\/media?parent=4265"}],"curies":[{"name":"wp","href":"https:\/\/api.w.org\/{rel}","templated":true}]}}