{"id":4256,"date":"2019-08-22T10:03:45","date_gmt":"2019-08-22T08:03:45","guid":{"rendered":"https:\/\/heuer-cup.de\/?page_id=4256"},"modified":"2019-09-09T16:35:27","modified_gmt":"2019-09-09T14:35:27","slug":"strecke","status":"publish","type":"page","link":"https:\/\/heuer-cup.de\/en\/das-war-unser-2018\/radklassiker-des-rvc-reute\/strecke\/","title":{"rendered":"Strecke"},"content":{"rendered":"<div class=\"vc_row wpb_row vc_row-fluid\"><div class=\"wpb_column vc_column_container vc_col-sm-12\"><div class=\"vc_column-inner\"><div class=\"wpb_wrapper\">\n\t<div class=\"wpb_text_column wpb_content_element\" >\n\t\t<div class=\"wpb_wrapper\">\n\t\t\t<p>Die Rennstrecke f\u00fchrt durch Reute und Schupfholz. Die Rennstrecke ist f\u00fcr den gesamten Rennverlauf voll gesperrt.<\/p>\n<ul style=\"padding: 0px; margin: 6px 0px; list-style-image: url('images\/inhlist.gif'); color: #556666; font-family: arial, sans-serif; font-size: 15px; font-style: normal; font-variant-ligatures: normal; font-variant-caps: normal; font-weight: 400; letter-spacing: normal; orphans: 2; text-align: left; text-indent: 0px; text-transform: none; white-space: normal; widows: 2; word-spacing: 0px; -webkit-text-stroke-width: 0px; background-color: #ffffff; text-decoration-style: initial; text-decoration-color: initial;\">\n<li>Start\/Ziel an der Eichmattenhalle<\/li>\n<li>flacher, teils windanf\u00e4lliger Rundkurs<\/li>\n<li>gefahren wird im Uhrzeigersinn, also rechts rum<\/li>\n<li>Streckenl\u00e4nge ca. 4km<\/li>\n<li>breite Stra\u00dfen<\/li>\n<li>Startnummernausgabe sowie Duschen in der Eichmattenhalle<\/li>\n<\/ul>\n<p>Ansprechpartner f\u00fcr Fragen zum Rennbetrieb<br \/>\nAlexander Siegel<br \/>\neMail: siegel (\u00e4d) rvc-reute.de<\/p>\n<p>Das Rennen wird von lokalen\u00a0<a href=\"http:\/\/www.rvc-reute.de\/\" target=\"_blank\" rel=\"noopener noreferrer\">Sponsoren<\/a>\u00a0unterst\u00fctzt.<\/p>\n<p>Vielen Dank daf\u00fcr!<\/p>\n<div class=\"tplge_submenu\"><\/div>\n<div id=\"tplge_prevtopnext\">\n<div id=\"tplge_prevtopnextin\"><\/div>\n<\/div>\n\n\t\t<\/div>\n\t<\/div>\n<\/div><\/div><\/div><\/div>","protected":false},"excerpt":{"rendered":"Die Rennstrecke f\u00fchrt durch Reute und Schupfholz. Die Rennstrecke ist f\u00fcr den gesamten Rennverlauf voll gesperrt. Start\/Ziel an der Eichmattenhalle flacher, teils windanf\u00e4lliger Rundkurs gefahren wird im Uhrzeigersinn, also rechts rum Streckenl\u00e4nge ca. 4km breite Stra\u00dfen Startnummernausgabe sowie Duschen in der Eichmattenhalle Ansprechpartner f\u00fcr Fragen zum Rennbetrieb Alexander Siegel eMail: siegel (\u00e4d) rvc-reute.de Das Rennen [...]","protected":false},"author":1,"featured_media":0,"parent":4254,"menu_order":0,"comment_status":"closed","ping_status":"closed","template":"","meta":[],"yoast_head":"<!-- This site is optimized with the Yoast SEO plugin v16.9 - https:\/\/yoast.com\/wordpress\/plugins\/seo\/ -->\n<title>Strecke Reute - Verlauf der Rennstrecke durch Reute und Schupfholz<\/title>\n<meta name=\"description\" content=\"Strecke Reute - der Verlauf der Strecke des Radklassikers, augehend vom RVC Reute mit Start und Ziel an der Eichmattenhalle, mit 4 km L\u00e4nge.\" \/>\n<meta name=\"robots\" content=\"index, follow, max-snippet:-1, max-image-preview:large, max-video-preview:-1\" \/>\n<link rel=\"canonical\" href=\"https:\/\/heuer-cup.de\/en\/das-war-unser-2018\/radklassiker-des-rvc-reute\/strecke\/\" \/>\n<meta property=\"og:locale\" content=\"en_GB\" \/>\n<meta property=\"og:type\" content=\"article\" \/>\n<meta property=\"og:title\" content=\"Strecke Reute - Verlauf der Rennstrecke durch Reute und Schupfholz\" \/>\n<meta property=\"og:description\" content=\"Strecke Reute - der Verlauf der Strecke des Radklassikers, augehend vom RVC Reute mit Start und Ziel an der Eichmattenhalle, mit 4 km L\u00e4nge.\" \/>\n<meta property=\"og:url\" content=\"https:\/\/heuer-cup.de\/en\/das-war-unser-2018\/radklassiker-des-rvc-reute\/strecke\/\" \/>\n<meta property=\"og:site_name\" content=\"HEUER-Cup\" \/>\n<meta property=\"article:publisher\" content=\"https:\/\/www.facebook.com\/HeuerCup\/\" \/>\n<meta property=\"article:modified_time\" content=\"2019-09-09T14:35:27+00:00\" \/>\n<meta name=\"twitter:card\" content=\"summary_large_image\" \/>\n<meta name=\"twitter:site\" content=\"@Heuer_Cup\" \/>\n<script type=\"application\/ld+json\" class=\"yoast-schema-graph\">{\"@context\":\"https:\/\/schema.org\",\"@graph\":[{\"@type\":\"Organization\",\"@id\":\"https:\/\/heuer-cup.de\/#organization\",\"name\":\"Heuer Radsport\",\"url\":\"https:\/\/heuer-cup.de\/\",\"sameAs\":[\"https:\/\/www.facebook.com\/HeuerCup\/\",\"https:\/\/www.instagram.com\/heuer_cup\/\",\"https:\/\/www.youtube.com\/channel\/UCuFkVFhY376_zRGfw_0Oy-Q\",\"https:\/\/twitter.com\/Heuer_Cup\"],\"logo\":{\"@type\":\"ImageObject\",\"@id\":\"https:\/\/heuer-cup.de\/#logo\",\"inLanguage\":\"en-GB\",\"url\":\"https:\/\/heuer-cup.de\/wp-content\/uploads\/2019\/01\/logo2.jpg\",\"contentUrl\":\"https:\/\/heuer-cup.de\/wp-content\/uploads\/2019\/01\/logo2.jpg\",\"width\":750,\"height\":186,\"caption\":\"Heuer Radsport\"},\"image\":{\"@id\":\"https:\/\/heuer-cup.de\/#logo\"}},{\"@type\":\"WebSite\",\"@id\":\"https:\/\/heuer-cup.de\/#website\",\"url\":\"https:\/\/heuer-cup.de\/\",\"name\":\"Heuer Radsport\",\"description\":\"Vollgas! oder einfach: Kette rechts\",\"publisher\":{\"@id\":\"https:\/\/heuer-cup.de\/#organization\"},\"potentialAction\":[{\"@type\":\"SearchAction\",\"target\":{\"@type\":\"EntryPoint\",\"urlTemplate\":\"https:\/\/heuer-cup.de\/?s={search_term_string}\"},\"query-input\":\"required name=search_term_string\"}],\"inLanguage\":\"en-GB\"},{\"@type\":\"WebPage\",\"@id\":\"https:\/\/heuer-cup.de\/das-war-unser-2018\/radklassiker-des-rvc-reute\/strecke\/#webpage\",\"url\":\"https:\/\/heuer-cup.de\/das-war-unser-2018\/radklassiker-des-rvc-reute\/strecke\/\",\"name\":\"Strecke Reute - Verlauf der Rennstrecke durch Reute und Schupfholz\",\"isPartOf\":{\"@id\":\"https:\/\/heuer-cup.de\/#website\"},\"datePublished\":\"2019-08-22T08:03:45+00:00\",\"dateModified\":\"2019-09-09T14:35:27+00:00\",\"description\":\"Strecke Reute - der Verlauf der Strecke des Radklassikers, augehend vom RVC Reute mit Start und Ziel an der Eichmattenhalle, mit 4 km L\\u00e4nge.\",\"breadcrumb\":{\"@id\":\"https:\/\/heuer-cup.de\/das-war-unser-2018\/radklassiker-des-rvc-reute\/strecke\/#breadcrumb\"},\"inLanguage\":\"en-GB\",\"potentialAction\":[{\"@type\":\"ReadAction\",\"target\":[\"https:\/\/heuer-cup.de\/das-war-unser-2018\/radklassiker-des-rvc-reute\/strecke\/\"]}]},{\"@type\":\"BreadcrumbList\",\"@id\":\"https:\/\/heuer-cup.de\/das-war-unser-2018\/radklassiker-des-rvc-reute\/strecke\/#breadcrumb\",\"itemListElement\":[{\"@type\":\"ListItem\",\"position\":1,\"name\":\"Home\",\"item\":\"https:\/\/heuer-cup.de\/\"},{\"@type\":\"ListItem\",\"position\":2,\"name\":\"das war unser 2018\",\"item\":\"https:\/\/heuer-cup.de\/das-war-unser-2018\/\"},{\"@type\":\"ListItem\",\"position\":3,\"name\":\"Radklassiker des RVC Reute\",\"item\":\"https:\/\/heuer-cup.de\/das-war-unser-2018\/radklassiker-des-rvc-reute\/\"},{\"@type\":\"ListItem\",\"position\":4,\"name\":\"Strecke\"}]}]}<\/script>\n<!-- \/ Yoast SEO plugin. -->","yoast_head_json":{"title":"Strecke Reute - Verlauf der Rennstrecke durch Reute und Schupfholz","description":"Strecke Reute - der Verlauf der Strecke des Radklassikers, augehend vom RVC Reute mit Start und Ziel an der Eichmattenhalle, mit 4 km L\u00e4nge.","robots":{"index":"index","follow":"follow","max-snippet":"max-snippet:-1","max-image-preview":"max-image-preview:large","max-video-preview":"max-video-preview:-1"},"canonical":"https:\/\/heuer-cup.de\/en\/das-war-unser-2018\/radklassiker-des-rvc-reute\/strecke\/","og_locale":"en_GB","og_type":"article","og_title":"Strecke Reute - Verlauf der Rennstrecke durch Reute und Schupfholz","og_description":"Strecke Reute - der Verlauf der Strecke des Radklassikers, augehend vom RVC Reute mit Start und Ziel an der Eichmattenhalle, mit 4 km L\u00e4nge.","og_url":"https:\/\/heuer-cup.de\/en\/das-war-unser-2018\/radklassiker-des-rvc-reute\/strecke\/","og_site_name":"HEUER-Cup","article_publisher":"https:\/\/www.facebook.com\/HeuerCup\/","article_modified_time":"2019-09-09T14:35:27+00:00","twitter_card":"summary_large_image","twitter_site":"@Heuer_Cup","schema":{"@context":"https:\/\/schema.org","@graph":[{"@type":"Organization","@id":"https:\/\/heuer-cup.de\/#organization","name":"Heuer Radsport","url":"https:\/\/heuer-cup.de\/","sameAs":["https:\/\/www.facebook.com\/HeuerCup\/","https:\/\/www.instagram.com\/heuer_cup\/","https:\/\/www.youtube.com\/channel\/UCuFkVFhY376_zRGfw_0Oy-Q","https:\/\/twitter.com\/Heuer_Cup"],"logo":{"@type":"ImageObject","@id":"https:\/\/heuer-cup.de\/#logo","inLanguage":"en-GB","url":"https:\/\/heuer-cup.de\/wp-content\/uploads\/2019\/01\/logo2.jpg","contentUrl":"https:\/\/heuer-cup.de\/wp-content\/uploads\/2019\/01\/logo2.jpg","width":750,"height":186,"caption":"Heuer Radsport"},"image":{"@id":"https:\/\/heuer-cup.de\/#logo"}},{"@type":"WebSite","@id":"https:\/\/heuer-cup.de\/#website","url":"https:\/\/heuer-cup.de\/","name":"Heuer Radsport","description":"Vollgas! oder einfach: Kette rechts","publisher":{"@id":"https:\/\/heuer-cup.de\/#organization"},"potentialAction":[{"@type":"SearchAction","target":{"@type":"EntryPoint","urlTemplate":"https:\/\/heuer-cup.de\/?s={search_term_string}"},"query-input":"required name=search_term_string"}],"inLanguage":"en-GB"},{"@type":"WebPage","@id":"https:\/\/heuer-cup.de\/das-war-unser-2018\/radklassiker-des-rvc-reute\/strecke\/#webpage","url":"https:\/\/heuer-cup.de\/das-war-unser-2018\/radklassiker-des-rvc-reute\/strecke\/","name":"Strecke Reute - Verlauf der Rennstrecke durch Reute und Schupfholz","isPartOf":{"@id":"https:\/\/heuer-cup.de\/#website"},"datePublished":"2019-08-22T08:03:45+00:00","dateModified":"2019-09-09T14:35:27+00:00","description":"Strecke Reute - der Verlauf der Strecke des Radklassikers, augehend vom RVC Reute mit Start und Ziel an der Eichmattenhalle, mit 4 km L\u00e4nge.","breadcrumb":{"@id":"https:\/\/heuer-cup.de\/das-war-unser-2018\/radklassiker-des-rvc-reute\/strecke\/#breadcrumb"},"inLanguage":"en-GB","potentialAction":[{"@type":"ReadAction","target":["https:\/\/heuer-cup.de\/das-war-unser-2018\/radklassiker-des-rvc-reute\/strecke\/"]}]},{"@type":"BreadcrumbList","@id":"https:\/\/heuer-cup.de\/das-war-unser-2018\/radklassiker-des-rvc-reute\/strecke\/#breadcrumb","itemListElement":[{"@type":"ListItem","position":1,"name":"Home","item":"https:\/\/heuer-cup.de\/"},{"@type":"ListItem","position":2,"name":"das war unser 2018","item":"https:\/\/heuer-cup.de\/das-war-unser-2018\/"},{"@type":"ListItem","position":3,"name":"Radklassiker des RVC Reute","item":"https:\/\/heuer-cup.de\/das-war-unser-2018\/radklassiker-des-rvc-reute\/"},{"@type":"ListItem","position":4,"name":"Strecke"}]}]}},"_links":{"self":[{"href":"https:\/\/heuer-cup.de\/en\/wp-json\/wp\/v2\/pages\/4256"}],"collection":[{"href":"https:\/\/heuer-cup.de\/en\/wp-json\/wp\/v2\/pages"}],"about":[{"href":"https:\/\/heuer-cup.de\/en\/wp-json\/wp\/v2\/types\/page"}],"author":[{"embeddable":true,"href":"https:\/\/heuer-cup.de\/en\/wp-json\/wp\/v2\/users\/1"}],"replies":[{"embeddable":true,"href":"https:\/\/heuer-cup.de\/en\/wp-json\/wp\/v2\/comments?post=4256"}],"version-history":[{"count":2,"href":"https:\/\/heuer-cup.de\/en\/wp-json\/wp\/v2\/pages\/4256\/revisions"}],"predecessor-version":[{"id":4904,"href":"https:\/\/heuer-cup.de\/en\/wp-json\/wp\/v2\/pages\/4256\/revisions\/4904"}],"up":[{"embeddable":true,"href":"https:\/\/heuer-cup.de\/en\/wp-json\/wp\/v2\/pages\/4254"}],"wp:attachment":[{"href":"https:\/\/heuer-cup.de\/en\/wp-json\/wp\/v2\/media?parent=4256"}],"curies":[{"name":"wp","href":"https:\/\/api.w.org\/{rel}","templated":true}]}}