{"id":4254,"date":"2019-08-22T10:01:51","date_gmt":"2019-08-22T08:01:51","guid":{"rendered":"https:\/\/heuer-cup.de\/?page_id=4254"},"modified":"2019-09-09T16:33:51","modified_gmt":"2019-09-09T14:33:51","slug":"radklassiker-des-rvc-reute","status":"publish","type":"page","link":"https:\/\/heuer-cup.de\/en\/das-war-unser-2018\/radklassiker-des-rvc-reute\/","title":{"rendered":"Radklassiker des RVC Reute"},"content":{"rendered":"<div class=\"vc_row wpb_row vc_row-fluid\"><div class=\"wpb_column vc_column_container vc_col-sm-12\"><div class=\"vc_column-inner\"><div class=\"wpb_wrapper\">\n\t<div class=\"wpb_text_column wpb_content_element\" >\n\t\t<div class=\"wpb_wrapper\">\n\t\t\t<p>von Ellen Heiny<\/p>\n<p>Der\u00a0<a href=\"http:\/\/www.rvc-reute.de\/\" target=\"_blank\" rel=\"noopener noreferrer\">RVC Reute<\/a>\u00a0l\u00e4dt am 22. Juli 2018 zum Radklassiker nach S\u00fcdbaden ein!<br \/>\nDas Team freut sich auf Euer Kommen.<\/p>\n<p>In diesem Jahr wird der Radklassiker in Reute unter dem Patronat der \u201eSWE Stadtwerke Emmendingen\u201c nun schon zum 62. Mal ausgetragen und z\u00e4hlt somit nicht nur dem Namen nach zu den Rennklassikern in S\u00fcdbaden. Der ca. 4 Kilometer lange Rundkurs um Reute ist trotz der fehlenden topografischen Herausforderungen bei vielen Sportlern beliebt. Die breiten windanf\u00e4lligen Stra\u00dfen erm\u00f6glichen es den Startern gerade in den \u00e4lteren Jahrgangsklassen ein schnelles und taktikreiches Rennen zufahren, denn der scheinbar leichte Kurs fordert immer wieder Gruppen zur Flucht auf.<\/p>\n<p>Ab 11.00 Uhr geht es in Reute rund, dann startet das erste der insgesamt 10 Rennen, in denen entweder um den Heuer-Cup oder den BaW\u00fc-Sch\u00fcler-Cup gefahren wird. Um 16.15 Uhr geht es dann in der M\u00e4nnerklasse richtig zur Sache, wenn wieder um den \u201eWerner Beck\u201c Ged\u00e4chnispokal gesprintet wird. Doch auch die Kleinsten k\u00f6nnen schon Rennluft schnuppern und um 14.15 Uhr bei Einsteigerrennen mit machen.<\/p>\n<p>Wie schon die letzten Jahre erwartet der RVC bis zu 500 Sportler in Reute und dankt schon jetzt seinen flei\u00dfigen ehrenamtlichen Helfern und den zahlreichen\u00a0<a href=\"http:\/\/www.rvc-reute.de\/\" target=\"_blank\" rel=\"noopener noreferrer\">Sponsoren des Vereins<\/a>\u00a0f\u00fcr Ihre tatkr\u00e4ftige Unterst\u00fctzung.<\/p>\n<div class=\"tplge_submenu\">\n<h4><\/h4>\n<ul class=\"submenu\" style=\"padding: 0px; margin: 6px 0px; list-style-image: url('images\/inhlist.gif');\">\n<li class=\"doc\"><a href=\"https:\/\/heuer-cup.de\/en\/das-war-unser-2018\/radklassiker-des-rvc-reute\/strecke\/\">Strecke<\/a><\/li>\n<li class=\"doc\"><a href=\"https:\/\/heuer-cup.de\/en\/das-war-unser-2018\/radklassiker-des-rvc-reute\/image-des-rvc-reute\/\">Image des RVC Reute<\/a><\/li>\n<\/ul>\n<\/div>\n<div id=\"tplge_prevtopnext\">\n<div id=\"tplge_prevtopnextin\"><\/div>\n<\/div>\n\n\t\t<\/div>\n\t<\/div>\n<\/div><\/div><\/div><\/div>","protected":false},"excerpt":{"rendered":"von Ellen Heiny Der\u00a0RVC Reute\u00a0l\u00e4dt am 22. Juli 2018 zum Radklassiker nach S\u00fcdbaden ein! Das Team freut sich auf Euer Kommen. In diesem Jahr wird der Radklassiker in Reute unter dem Patronat der \u201eSWE Stadtwerke Emmendingen\u201c nun schon zum 62. Mal ausgetragen und z\u00e4hlt somit nicht nur dem Namen nach zu den Rennklassikern in S\u00fcdbaden. [...]","protected":false},"author":1,"featured_media":0,"parent":4189,"menu_order":0,"comment_status":"closed","ping_status":"closed","template":"","meta":[],"yoast_head":"<!-- This site is optimized with the Yoast SEO plugin v16.9 - https:\/\/yoast.com\/wordpress\/plugins\/seo\/ -->\n<title>Radklassiker des RVC Reute im Rahmen des HEUER-Cup<\/title>\n<meta name=\"description\" content=\"Radklassiker des RVC Reute am 22. Juli 2018 - das Rennen in S\u00fcdbaden findet auf dem traditionellen, schnellen und ebenen Kurs statt.\" \/>\n<meta name=\"robots\" content=\"index, follow, max-snippet:-1, max-image-preview:large, max-video-preview:-1\" \/>\n<link rel=\"canonical\" href=\"https:\/\/heuer-cup.de\/en\/das-war-unser-2018\/radklassiker-des-rvc-reute\/\" \/>\n<meta property=\"og:locale\" content=\"en_GB\" \/>\n<meta property=\"og:type\" content=\"article\" \/>\n<meta property=\"og:title\" content=\"Radklassiker des RVC Reute im Rahmen des HEUER-Cup\" \/>\n<meta property=\"og:description\" content=\"Radklassiker des RVC Reute am 22. Juli 2018 - das Rennen in S\u00fcdbaden findet auf dem traditionellen, schnellen und ebenen Kurs statt.\" \/>\n<meta property=\"og:url\" content=\"https:\/\/heuer-cup.de\/en\/das-war-unser-2018\/radklassiker-des-rvc-reute\/\" \/>\n<meta property=\"og:site_name\" content=\"HEUER-Cup\" \/>\n<meta property=\"article:publisher\" content=\"https:\/\/www.facebook.com\/HeuerCup\/\" \/>\n<meta property=\"article:modified_time\" content=\"2019-09-09T14:33:51+00:00\" \/>\n<meta name=\"twitter:card\" content=\"summary_large_image\" \/>\n<meta name=\"twitter:site\" content=\"@Heuer_Cup\" \/>\n<meta name=\"twitter:label1\" content=\"Estimated reading time\" \/>\n\t<meta name=\"twitter:data1\" content=\"1 minute\" \/>\n<script type=\"application\/ld+json\" class=\"yoast-schema-graph\">{\"@context\":\"https:\/\/schema.org\",\"@graph\":[{\"@type\":\"Organization\",\"@id\":\"https:\/\/heuer-cup.de\/#organization\",\"name\":\"Heuer Radsport\",\"url\":\"https:\/\/heuer-cup.de\/\",\"sameAs\":[\"https:\/\/www.facebook.com\/HeuerCup\/\",\"https:\/\/www.instagram.com\/heuer_cup\/\",\"https:\/\/www.youtube.com\/channel\/UCuFkVFhY376_zRGfw_0Oy-Q\",\"https:\/\/twitter.com\/Heuer_Cup\"],\"logo\":{\"@type\":\"ImageObject\",\"@id\":\"https:\/\/heuer-cup.de\/#logo\",\"inLanguage\":\"en-GB\",\"url\":\"https:\/\/heuer-cup.de\/wp-content\/uploads\/2019\/01\/logo2.jpg\",\"contentUrl\":\"https:\/\/heuer-cup.de\/wp-content\/uploads\/2019\/01\/logo2.jpg\",\"width\":750,\"height\":186,\"caption\":\"Heuer Radsport\"},\"image\":{\"@id\":\"https:\/\/heuer-cup.de\/#logo\"}},{\"@type\":\"WebSite\",\"@id\":\"https:\/\/heuer-cup.de\/#website\",\"url\":\"https:\/\/heuer-cup.de\/\",\"name\":\"Heuer Radsport\",\"description\":\"Vollgas! oder einfach: Kette rechts\",\"publisher\":{\"@id\":\"https:\/\/heuer-cup.de\/#organization\"},\"potentialAction\":[{\"@type\":\"SearchAction\",\"target\":{\"@type\":\"EntryPoint\",\"urlTemplate\":\"https:\/\/heuer-cup.de\/?s={search_term_string}\"},\"query-input\":\"required name=search_term_string\"}],\"inLanguage\":\"en-GB\"},{\"@type\":\"WebPage\",\"@id\":\"https:\/\/heuer-cup.de\/das-war-unser-2018\/radklassiker-des-rvc-reute\/#webpage\",\"url\":\"https:\/\/heuer-cup.de\/das-war-unser-2018\/radklassiker-des-rvc-reute\/\",\"name\":\"Radklassiker des RVC Reute im Rahmen des HEUER-Cup\",\"isPartOf\":{\"@id\":\"https:\/\/heuer-cup.de\/#website\"},\"datePublished\":\"2019-08-22T08:01:51+00:00\",\"dateModified\":\"2019-09-09T14:33:51+00:00\",\"description\":\"Radklassiker des RVC Reute am 22. Juli 2018 - das Rennen in S\\u00fcdbaden findet auf dem traditionellen, schnellen und ebenen Kurs statt.\",\"breadcrumb\":{\"@id\":\"https:\/\/heuer-cup.de\/das-war-unser-2018\/radklassiker-des-rvc-reute\/#breadcrumb\"},\"inLanguage\":\"en-GB\",\"potentialAction\":[{\"@type\":\"ReadAction\",\"target\":[\"https:\/\/heuer-cup.de\/das-war-unser-2018\/radklassiker-des-rvc-reute\/\"]}]},{\"@type\":\"BreadcrumbList\",\"@id\":\"https:\/\/heuer-cup.de\/das-war-unser-2018\/radklassiker-des-rvc-reute\/#breadcrumb\",\"itemListElement\":[{\"@type\":\"ListItem\",\"position\":1,\"name\":\"Home\",\"item\":\"https:\/\/heuer-cup.de\/\"},{\"@type\":\"ListItem\",\"position\":2,\"name\":\"das war unser 2018\",\"item\":\"https:\/\/heuer-cup.de\/das-war-unser-2018\/\"},{\"@type\":\"ListItem\",\"position\":3,\"name\":\"Radklassiker des RVC Reute\"}]}]}<\/script>\n<!-- \/ Yoast SEO plugin. -->","yoast_head_json":{"title":"Radklassiker des RVC Reute im Rahmen des HEUER-Cup","description":"Radklassiker des RVC Reute am 22. Juli 2018 - das Rennen in S\u00fcdbaden findet auf dem traditionellen, schnellen und ebenen Kurs statt.","robots":{"index":"index","follow":"follow","max-snippet":"max-snippet:-1","max-image-preview":"max-image-preview:large","max-video-preview":"max-video-preview:-1"},"canonical":"https:\/\/heuer-cup.de\/en\/das-war-unser-2018\/radklassiker-des-rvc-reute\/","og_locale":"en_GB","og_type":"article","og_title":"Radklassiker des RVC Reute im Rahmen des HEUER-Cup","og_description":"Radklassiker des RVC Reute am 22. Juli 2018 - das Rennen in S\u00fcdbaden findet auf dem traditionellen, schnellen und ebenen Kurs statt.","og_url":"https:\/\/heuer-cup.de\/en\/das-war-unser-2018\/radklassiker-des-rvc-reute\/","og_site_name":"HEUER-Cup","article_publisher":"https:\/\/www.facebook.com\/HeuerCup\/","article_modified_time":"2019-09-09T14:33:51+00:00","twitter_card":"summary_large_image","twitter_site":"@Heuer_Cup","twitter_misc":{"Estimated reading time":"1 minute"},"schema":{"@context":"https:\/\/schema.org","@graph":[{"@type":"Organization","@id":"https:\/\/heuer-cup.de\/#organization","name":"Heuer Radsport","url":"https:\/\/heuer-cup.de\/","sameAs":["https:\/\/www.facebook.com\/HeuerCup\/","https:\/\/www.instagram.com\/heuer_cup\/","https:\/\/www.youtube.com\/channel\/UCuFkVFhY376_zRGfw_0Oy-Q","https:\/\/twitter.com\/Heuer_Cup"],"logo":{"@type":"ImageObject","@id":"https:\/\/heuer-cup.de\/#logo","inLanguage":"en-GB","url":"https:\/\/heuer-cup.de\/wp-content\/uploads\/2019\/01\/logo2.jpg","contentUrl":"https:\/\/heuer-cup.de\/wp-content\/uploads\/2019\/01\/logo2.jpg","width":750,"height":186,"caption":"Heuer Radsport"},"image":{"@id":"https:\/\/heuer-cup.de\/#logo"}},{"@type":"WebSite","@id":"https:\/\/heuer-cup.de\/#website","url":"https:\/\/heuer-cup.de\/","name":"Heuer Radsport","description":"Vollgas! oder einfach: Kette rechts","publisher":{"@id":"https:\/\/heuer-cup.de\/#organization"},"potentialAction":[{"@type":"SearchAction","target":{"@type":"EntryPoint","urlTemplate":"https:\/\/heuer-cup.de\/?s={search_term_string}"},"query-input":"required name=search_term_string"}],"inLanguage":"en-GB"},{"@type":"WebPage","@id":"https:\/\/heuer-cup.de\/das-war-unser-2018\/radklassiker-des-rvc-reute\/#webpage","url":"https:\/\/heuer-cup.de\/das-war-unser-2018\/radklassiker-des-rvc-reute\/","name":"Radklassiker des RVC Reute im Rahmen des HEUER-Cup","isPartOf":{"@id":"https:\/\/heuer-cup.de\/#website"},"datePublished":"2019-08-22T08:01:51+00:00","dateModified":"2019-09-09T14:33:51+00:00","description":"Radklassiker des RVC Reute am 22. Juli 2018 - das Rennen in S\u00fcdbaden findet auf dem traditionellen, schnellen und ebenen Kurs statt.","breadcrumb":{"@id":"https:\/\/heuer-cup.de\/das-war-unser-2018\/radklassiker-des-rvc-reute\/#breadcrumb"},"inLanguage":"en-GB","potentialAction":[{"@type":"ReadAction","target":["https:\/\/heuer-cup.de\/das-war-unser-2018\/radklassiker-des-rvc-reute\/"]}]},{"@type":"BreadcrumbList","@id":"https:\/\/heuer-cup.de\/das-war-unser-2018\/radklassiker-des-rvc-reute\/#breadcrumb","itemListElement":[{"@type":"ListItem","position":1,"name":"Home","item":"https:\/\/heuer-cup.de\/"},{"@type":"ListItem","position":2,"name":"das war unser 2018","item":"https:\/\/heuer-cup.de\/das-war-unser-2018\/"},{"@type":"ListItem","position":3,"name":"Radklassiker des RVC Reute"}]}]}},"_links":{"self":[{"href":"https:\/\/heuer-cup.de\/en\/wp-json\/wp\/v2\/pages\/4254"}],"collection":[{"href":"https:\/\/heuer-cup.de\/en\/wp-json\/wp\/v2\/pages"}],"about":[{"href":"https:\/\/heuer-cup.de\/en\/wp-json\/wp\/v2\/types\/page"}],"author":[{"embeddable":true,"href":"https:\/\/heuer-cup.de\/en\/wp-json\/wp\/v2\/users\/1"}],"replies":[{"embeddable":true,"href":"https:\/\/heuer-cup.de\/en\/wp-json\/wp\/v2\/comments?post=4254"}],"version-history":[{"count":2,"href":"https:\/\/heuer-cup.de\/en\/wp-json\/wp\/v2\/pages\/4254\/revisions"}],"predecessor-version":[{"id":4888,"href":"https:\/\/heuer-cup.de\/en\/wp-json\/wp\/v2\/pages\/4254\/revisions\/4888"}],"up":[{"embeddable":true,"href":"https:\/\/heuer-cup.de\/en\/wp-json\/wp\/v2\/pages\/4189"}],"wp:attachment":[{"href":"https:\/\/heuer-cup.de\/en\/wp-json\/wp\/v2\/media?parent=4254"}],"curies":[{"name":"wp","href":"https:\/\/api.w.org\/{rel}","templated":true}]}}