{"id":4248,"date":"2019-08-22T09:57:54","date_gmt":"2019-08-22T07:57:54","guid":{"rendered":"https:\/\/heuer-cup.de\/?page_id=4248"},"modified":"2019-09-09T16:47:06","modified_gmt":"2019-09-09T14:47:06","slug":"radrennen-in-plattenhardt","status":"publish","type":"page","link":"https:\/\/heuer-cup.de\/en\/das-war-unser-2018\/radrennen-in-plattenhardt\/","title":{"rendered":"Radrennen in Plattenhardt"},"content":{"rendered":"<div class=\"vc_row wpb_row vc_row-fluid\"><div class=\"wpb_column vc_column_container vc_col-sm-12\"><div class=\"vc_column-inner\"><div class=\"wpb_wrapper\">\n\t<div class=\"wpb_text_column wpb_content_element\" >\n\t\t<div class=\"wpb_wrapper\">\n\t\t\t<div id=\"panel-930-1-0-0\" class=\"so-panel widget widget_sow-editor panel-first-child\" data-index=\"1\">\n<div class=\"panel-widget-style panel-widget-style-for-930-1-0-0\" data-headings-color=\"#443f3f\" data-title-color=\"#443f3f\">\n<div class=\"so-widget-sow-editor so-widget-sow-editor-base\">\n<p class=\"siteorigin-widget-tinymce textwidget\">Der RV Pfeil Plattenhardt e.V. ist ein Radfahrerverein mit \u00fcber 100-j\u00e4hriger Tadition im Radsport. Er wurde am 6. August 1911 im damals noch eigenst\u00e4ndigen Plattenhardt gegr\u00fcndet. Seit der Gemeindereform 1975\u00a0 ist Plattenhardt einer der 5 Ortsteile von Filderstadt.<\/p>\n<p class=\"siteorigin-widget-tinymce textwidget\">Hier geht es weiter\u00a0<a href=\"http:\/\/www.dev.rvpfeil-plattenhardt.de\/chronik\/\" target=\"_blank\" rel=\"noopener noreferrer\">zu Information zur Geschichte<\/a>\u00a0des Vereins.<\/p>\n<p class=\"siteorigin-widget-tinymce textwidget\">\n<\/div>\n<\/div>\n<\/div>\n<div class=\"tplge_submenu\">\n<h4><\/h4>\n<ul class=\"submenu\" style=\"padding: 0px; margin: 6px 0px; list-style-image: url('images\/inhlist.gif');\">\n<li class=\"doc\"><a href=\"https:\/\/heuer-cup.de\/en\/das-war-unser-2018\/radrennen-in-plattenhardt\/strecke\/\">Strecke<\/a><\/li>\n<\/ul>\n<\/div>\n<div id=\"tplge_prevtopnext\">\n<div id=\"tplge_prevtopnextin\"><\/div>\n<\/div>\n\n\t\t<\/div>\n\t<\/div>\n<\/div><\/div><\/div><\/div>","protected":false},"excerpt":{"rendered":"Der RV Pfeil Plattenhardt e.V. ist ein Radfahrerverein mit \u00fcber 100-j\u00e4hriger Tadition im Radsport. Er wurde am 6. August 1911 im damals noch eigenst\u00e4ndigen Plattenhardt gegr\u00fcndet. Seit der Gemeindereform 1975\u00a0 ist Plattenhardt einer der 5 Ortsteile von Filderstadt. Hier geht es weiter\u00a0zu Information zur Geschichte\u00a0des Vereins. Strecke","protected":false},"author":1,"featured_media":0,"parent":4189,"menu_order":0,"comment_status":"closed","ping_status":"closed","template":"","meta":[],"yoast_head":"<!-- This site is optimized with the Yoast SEO plugin v16.9 - https:\/\/yoast.com\/wordpress\/plugins\/seo\/ -->\n<title>Radrennen in Plattenhardt - alle Informationen \u00fcber das Radsportevent<\/title>\n<meta name=\"description\" content=\"Radrennen in Plattenhardt - alle Informationen \u00fcber das Radsportevent des RV Pfeil Plattenhardt e.V. und den Verein selber.\" \/>\n<meta name=\"robots\" content=\"index, follow, max-snippet:-1, max-image-preview:large, max-video-preview:-1\" \/>\n<link rel=\"canonical\" href=\"https:\/\/heuer-cup.de\/en\/das-war-unser-2018\/radrennen-in-plattenhardt\/\" \/>\n<meta property=\"og:locale\" content=\"en_GB\" \/>\n<meta property=\"og:type\" content=\"article\" \/>\n<meta property=\"og:title\" content=\"Radrennen in Plattenhardt - alle Informationen \u00fcber das Radsportevent\" \/>\n<meta property=\"og:description\" content=\"Radrennen in Plattenhardt - alle Informationen \u00fcber das Radsportevent des RV Pfeil Plattenhardt e.V. und den Verein selber.\" \/>\n<meta property=\"og:url\" content=\"https:\/\/heuer-cup.de\/en\/das-war-unser-2018\/radrennen-in-plattenhardt\/\" \/>\n<meta property=\"og:site_name\" content=\"HEUER-Cup\" \/>\n<meta property=\"article:publisher\" content=\"https:\/\/www.facebook.com\/HeuerCup\/\" \/>\n<meta property=\"article:modified_time\" content=\"2019-09-09T14:47:06+00:00\" \/>\n<meta name=\"twitter:card\" content=\"summary_large_image\" \/>\n<meta name=\"twitter:site\" content=\"@Heuer_Cup\" \/>\n<script type=\"application\/ld+json\" class=\"yoast-schema-graph\">{\"@context\":\"https:\/\/schema.org\",\"@graph\":[{\"@type\":\"Organization\",\"@id\":\"https:\/\/heuer-cup.de\/#organization\",\"name\":\"Heuer Radsport\",\"url\":\"https:\/\/heuer-cup.de\/\",\"sameAs\":[\"https:\/\/www.facebook.com\/HeuerCup\/\",\"https:\/\/www.instagram.com\/heuer_cup\/\",\"https:\/\/www.youtube.com\/channel\/UCuFkVFhY376_zRGfw_0Oy-Q\",\"https:\/\/twitter.com\/Heuer_Cup\"],\"logo\":{\"@type\":\"ImageObject\",\"@id\":\"https:\/\/heuer-cup.de\/#logo\",\"inLanguage\":\"en-GB\",\"url\":\"https:\/\/heuer-cup.de\/wp-content\/uploads\/2019\/01\/logo2.jpg\",\"contentUrl\":\"https:\/\/heuer-cup.de\/wp-content\/uploads\/2019\/01\/logo2.jpg\",\"width\":750,\"height\":186,\"caption\":\"Heuer Radsport\"},\"image\":{\"@id\":\"https:\/\/heuer-cup.de\/#logo\"}},{\"@type\":\"WebSite\",\"@id\":\"https:\/\/heuer-cup.de\/#website\",\"url\":\"https:\/\/heuer-cup.de\/\",\"name\":\"Heuer Radsport\",\"description\":\"Vollgas! oder einfach: Kette rechts\",\"publisher\":{\"@id\":\"https:\/\/heuer-cup.de\/#organization\"},\"potentialAction\":[{\"@type\":\"SearchAction\",\"target\":{\"@type\":\"EntryPoint\",\"urlTemplate\":\"https:\/\/heuer-cup.de\/?s={search_term_string}\"},\"query-input\":\"required name=search_term_string\"}],\"inLanguage\":\"en-GB\"},{\"@type\":\"WebPage\",\"@id\":\"https:\/\/heuer-cup.de\/das-war-unser-2018\/radrennen-in-plattenhardt\/#webpage\",\"url\":\"https:\/\/heuer-cup.de\/das-war-unser-2018\/radrennen-in-plattenhardt\/\",\"name\":\"Radrennen in Plattenhardt - alle Informationen \\u00fcber das Radsportevent\",\"isPartOf\":{\"@id\":\"https:\/\/heuer-cup.de\/#website\"},\"datePublished\":\"2019-08-22T07:57:54+00:00\",\"dateModified\":\"2019-09-09T14:47:06+00:00\",\"description\":\"Radrennen in Plattenhardt - alle Informationen \\u00fcber das Radsportevent des RV Pfeil Plattenhardt e.V. und den Verein selber.\",\"breadcrumb\":{\"@id\":\"https:\/\/heuer-cup.de\/das-war-unser-2018\/radrennen-in-plattenhardt\/#breadcrumb\"},\"inLanguage\":\"en-GB\",\"potentialAction\":[{\"@type\":\"ReadAction\",\"target\":[\"https:\/\/heuer-cup.de\/das-war-unser-2018\/radrennen-in-plattenhardt\/\"]}]},{\"@type\":\"BreadcrumbList\",\"@id\":\"https:\/\/heuer-cup.de\/das-war-unser-2018\/radrennen-in-plattenhardt\/#breadcrumb\",\"itemListElement\":[{\"@type\":\"ListItem\",\"position\":1,\"name\":\"Home\",\"item\":\"https:\/\/heuer-cup.de\/\"},{\"@type\":\"ListItem\",\"position\":2,\"name\":\"das war unser 2018\",\"item\":\"https:\/\/heuer-cup.de\/das-war-unser-2018\/\"},{\"@type\":\"ListItem\",\"position\":3,\"name\":\"Radrennen in Plattenhardt\"}]}]}<\/script>\n<!-- \/ Yoast SEO plugin. -->","yoast_head_json":{"title":"Radrennen in Plattenhardt - alle Informationen \u00fcber das Radsportevent","description":"Radrennen in Plattenhardt - alle Informationen \u00fcber das Radsportevent des RV Pfeil Plattenhardt e.V. und den Verein selber.","robots":{"index":"index","follow":"follow","max-snippet":"max-snippet:-1","max-image-preview":"max-image-preview:large","max-video-preview":"max-video-preview:-1"},"canonical":"https:\/\/heuer-cup.de\/en\/das-war-unser-2018\/radrennen-in-plattenhardt\/","og_locale":"en_GB","og_type":"article","og_title":"Radrennen in Plattenhardt - alle Informationen \u00fcber das Radsportevent","og_description":"Radrennen in Plattenhardt - alle Informationen \u00fcber das Radsportevent des RV Pfeil Plattenhardt e.V. und den Verein selber.","og_url":"https:\/\/heuer-cup.de\/en\/das-war-unser-2018\/radrennen-in-plattenhardt\/","og_site_name":"HEUER-Cup","article_publisher":"https:\/\/www.facebook.com\/HeuerCup\/","article_modified_time":"2019-09-09T14:47:06+00:00","twitter_card":"summary_large_image","twitter_site":"@Heuer_Cup","schema":{"@context":"https:\/\/schema.org","@graph":[{"@type":"Organization","@id":"https:\/\/heuer-cup.de\/#organization","name":"Heuer Radsport","url":"https:\/\/heuer-cup.de\/","sameAs":["https:\/\/www.facebook.com\/HeuerCup\/","https:\/\/www.instagram.com\/heuer_cup\/","https:\/\/www.youtube.com\/channel\/UCuFkVFhY376_zRGfw_0Oy-Q","https:\/\/twitter.com\/Heuer_Cup"],"logo":{"@type":"ImageObject","@id":"https:\/\/heuer-cup.de\/#logo","inLanguage":"en-GB","url":"https:\/\/heuer-cup.de\/wp-content\/uploads\/2019\/01\/logo2.jpg","contentUrl":"https:\/\/heuer-cup.de\/wp-content\/uploads\/2019\/01\/logo2.jpg","width":750,"height":186,"caption":"Heuer Radsport"},"image":{"@id":"https:\/\/heuer-cup.de\/#logo"}},{"@type":"WebSite","@id":"https:\/\/heuer-cup.de\/#website","url":"https:\/\/heuer-cup.de\/","name":"Heuer Radsport","description":"Vollgas! oder einfach: Kette rechts","publisher":{"@id":"https:\/\/heuer-cup.de\/#organization"},"potentialAction":[{"@type":"SearchAction","target":{"@type":"EntryPoint","urlTemplate":"https:\/\/heuer-cup.de\/?s={search_term_string}"},"query-input":"required name=search_term_string"}],"inLanguage":"en-GB"},{"@type":"WebPage","@id":"https:\/\/heuer-cup.de\/das-war-unser-2018\/radrennen-in-plattenhardt\/#webpage","url":"https:\/\/heuer-cup.de\/das-war-unser-2018\/radrennen-in-plattenhardt\/","name":"Radrennen in Plattenhardt - alle Informationen \u00fcber das Radsportevent","isPartOf":{"@id":"https:\/\/heuer-cup.de\/#website"},"datePublished":"2019-08-22T07:57:54+00:00","dateModified":"2019-09-09T14:47:06+00:00","description":"Radrennen in Plattenhardt - alle Informationen \u00fcber das Radsportevent des RV Pfeil Plattenhardt e.V. und den Verein selber.","breadcrumb":{"@id":"https:\/\/heuer-cup.de\/das-war-unser-2018\/radrennen-in-plattenhardt\/#breadcrumb"},"inLanguage":"en-GB","potentialAction":[{"@type":"ReadAction","target":["https:\/\/heuer-cup.de\/das-war-unser-2018\/radrennen-in-plattenhardt\/"]}]},{"@type":"BreadcrumbList","@id":"https:\/\/heuer-cup.de\/das-war-unser-2018\/radrennen-in-plattenhardt\/#breadcrumb","itemListElement":[{"@type":"ListItem","position":1,"name":"Home","item":"https:\/\/heuer-cup.de\/"},{"@type":"ListItem","position":2,"name":"das war unser 2018","item":"https:\/\/heuer-cup.de\/das-war-unser-2018\/"},{"@type":"ListItem","position":3,"name":"Radrennen in Plattenhardt"}]}]}},"_links":{"self":[{"href":"https:\/\/heuer-cup.de\/en\/wp-json\/wp\/v2\/pages\/4248"}],"collection":[{"href":"https:\/\/heuer-cup.de\/en\/wp-json\/wp\/v2\/pages"}],"about":[{"href":"https:\/\/heuer-cup.de\/en\/wp-json\/wp\/v2\/types\/page"}],"author":[{"embeddable":true,"href":"https:\/\/heuer-cup.de\/en\/wp-json\/wp\/v2\/users\/1"}],"replies":[{"embeddable":true,"href":"https:\/\/heuer-cup.de\/en\/wp-json\/wp\/v2\/comments?post=4248"}],"version-history":[{"count":2,"href":"https:\/\/heuer-cup.de\/en\/wp-json\/wp\/v2\/pages\/4248\/revisions"}],"predecessor-version":[{"id":4909,"href":"https:\/\/heuer-cup.de\/en\/wp-json\/wp\/v2\/pages\/4248\/revisions\/4909"}],"up":[{"embeddable":true,"href":"https:\/\/heuer-cup.de\/en\/wp-json\/wp\/v2\/pages\/4189"}],"wp:attachment":[{"href":"https:\/\/heuer-cup.de\/en\/wp-json\/wp\/v2\/media?parent=4248"}],"curies":[{"name":"wp","href":"https:\/\/api.w.org\/{rel}","templated":true}]}}