{"id":4246,"date":"2019-08-22T09:56:51","date_gmt":"2019-08-22T07:56:51","guid":{"rendered":"https:\/\/heuer-cup.de\/?page_id=4246"},"modified":"2019-09-09T15:57:54","modified_gmt":"2019-09-09T13:57:54","slug":"image-des-vmc-konstanz","status":"publish","type":"page","link":"https:\/\/heuer-cup.de\/en\/das-war-unser-2018\/40-konstanzer-city-radrennen\/image-des-vmc-konstanz\/","title":{"rendered":"Image des VMC Konstanz"},"content":{"rendered":"<div class=\"vc_row wpb_row vc_row-fluid\"><div class=\"wpb_column vc_column_container vc_col-sm-12\"><div class=\"vc_column-inner\"><div class=\"wpb_wrapper\">\n\t<div class=\"wpb_text_column wpb_content_element\" >\n\t\t<div class=\"wpb_wrapper\">\n\t\t\t<div id=\"tplge_siteContainer\" class=\"tplge_siteContainer\">\n<div id=\"tplge_contentsContainer\" class=\"tplge_contentsContainer\">\n<div id=\"tplge_content\" class=\"tplge_content\">\n<div id=\"tplge_contentin\" class=\"tplge_contentin\">\n<p><strong>Der Velo- und Motorfahrer Club 1892\/04<\/strong><\/p>\n<p>Von Christoph Gutjahr (Vizepr\u00e4sident)<\/p>\n<p>Der\u00a0<a href=\"http:\/\/www.vmc-konstanz.de\/\" target=\"_blank\" rel=\"noopener noreferrer\">&#8222;Velo-Club&#8220;<\/a>\u00a0ist der zweit\u00e4lteste Sportverein der Stadt Konstanz, er engagiert sich seit bald 125 Jahren im Wettkampf- und Breitensport. Neben wettkampforientiertem Training f\u00fcr Radballer und Rennsportler werden auch Ausfahrten f\u00fcr Breitensportler angeboten. Dank der vereinseigenen Sporthalle verf\u00fcgt der Verein \u00fcber optimale Trainingsbedingungen und kann auch Rennfahrern und Breitensportlern ein ganzj\u00e4hriges Training anbieten.<\/p>\n<p>Seinen gut 100 Mitgliedern bietet der Verein ein reichhaltiges Sportprogramm:<\/p>\n<p><strong>Breitensport<\/strong><\/p>\n<p>Bereits seit der Vereinsgr\u00fcndung brechen &#8222;Velo-Cl\u00fcbler&#8220; jede Woche zu gemeinsamen Ausfahrten auf. Derzeit werden unter der Woche abendliche Fahrten f\u00fcr Rennradfahrer sowie Samstags Ausfahrten mit dem Mountainbike angeboten. Der Sonntag wird im Sommer oft f\u00fcr die Teilnahme an Volksradfahren und Breitensport-Events oder einfach f\u00fcr l\u00e4ngere Ausfahrten genutzt.<\/p>\n<p><img class=\"aligncenter\" src=\"https:\/\/heuer-cup.eu\/userfiles\/images\/Vereine\/Konstanz\/Reichenau_014.jpg\" alt=\"\" \/><\/p>\n<p>Eine lange Tradition haben mehrt\u00e4gige Radtouren zu den Radsportvereinen der Konstanzer Partnerst\u00e4dte in Fountainebleau, Lodi und Tabor, und entsprechende Gegenbesuche der franz\u00f6sischen, italienischen und tschechischen Sportkollegen.<\/p>\n<p><strong>Radball<\/strong><\/p>\n<p>Radball ist die \u00e4lteste Wettkampfsportart beim Velo-Club, die Abteilung wurde kurz nach dem 1. Weltkrieg gegr\u00fcndet. Dieser anspruchsvolle Sport kombiniert Rad-Artistik mit schnellen Ballstafetten und spektakul\u00e4ren Toren und stellt hohe Anspr\u00fcche an die Geschicklichkeit und Reaktionsschnelligkeit des Sportlers \u2013 oder, wie es der Radball-Nachwuchs gerne selbstbewusst ausdr\u00fcckt: \u201eWenn Radball einfach w\u00e4re, w\u00fcrde es Fu\u00dfball hei\u00dfen\u201c.<\/p>\n<p><img loading=\"lazy\" class=\"bild aligncenter\" title=\"Radball in Konstanz\" src=\"https:\/\/heuer-cup.eu\/userfiles\/images\/Vereine\/Konstanz\/P4020155.jpg\" alt=\"\" width=\"394\" height=\"296\" \/><\/p>\n<p>Konstanz hat eine lange Geschichte als Radball-Hochburg, u.a. zeugen diverse Podestpl\u00e4tze bei deutschen Meisterschaften von der guten Arbeit, die am Bodensee geleistet wird. Aktuell geh\u00f6rt die dienst\u00e4lteste Nachwuchs-Mannschaft als zweifacher Deutscher Vizemeister zum Junioren-Nationalkader wo sie vom Bundestrainer betreut wird.<\/p>\n<p>Wettkampforientiertes Training f\u00fcr den Nachwuchs und aktive Erwachsene findet je nach Alters- bzw. Leistungsklasse ein bis zweimal die Woche statt. Die \u00e4lteren Generationen, die nicht mehr am Ligabetrieb teilnehmen, treffen sich einmal die Woche auf ein paar Spiele.<\/p>\n<p>Nachwuchs-Spielern werden vom Verein R\u00e4der gestellt, Neugierige sind eingeladen einfach mal im Training vorbei zu schauen oder sich bei einem Spieltag ein Bild von der Sportart zu machen und vielleicht mal auf ein Rad zu steigen.<\/p>\n<p>Neben dem aktiven Training und der Wettkampfvorbereitung wird auch die Geselligkeit bei den Hallenradsportlern sehr gro\u00df geschrieben. Dank des Nischen-Status der Sportart \u201ekennt man sich\u201c, ist mit benachbarten Vereinen befreundet und besucht gemeinsam internationale Wettk\u00e4mpfe oder trifft sich zum Grillen.<\/p>\n<p><strong>Rennsport<\/strong><\/p>\n<p>Seit beinahe 120 Jahren tritt der Velo-Club Konstanz als Veranstalter von Radrennen auf. Eine organisierte Rennsport-Abteilung mit Nachwuchs-Trainern, wettkampforientiertem Training und langfristiger Trainingsplanung f\u00fcr einzelne Sportler existiert seit 40 Jahren. Viele nationale und internationale Erfolge auf der Stra\u00dfe und der Bahn konnten von Konstanzer Fahrern in dieser Zeit errungen werden.<\/p>\n<p><img loading=\"lazy\" class=\"bild aligncenter\" title=\"Radrennen in Konstanz\" src=\"https:\/\/heuer-cup.eu\/userfiles\/images\/Vereine\/Konstanz\/2009_0523-D300-Radrennen-Konstanz%20090_bearbeitet-1.jpg\" alt=\"\" width=\"412\" height=\"273\" \/><\/p>\n<p>Derzeit liegt der Fokus auf der Nachwuchsarbeit: in Konstanz und Radolfzell werden Trainingseinheiten f\u00fcr die Sch\u00fclerklassen U11 bis U15 sowie Arbeitsgemeinschaften an Grundschulen angeboten. Au\u00dferdem ist der Verein an der Organisation des &#8222;Sparkassen Nachwuchs-Cup&#8220; beteiligt, einer Rennserie f\u00fcr Einsteiger in den Stra\u00dfen- und Mountainbike-Rennsport. F\u00fcr die ganz kleinen, die den Sport mal f\u00fcr eine Weile ausprobieren wollen, stehen vereinseigene Rennr\u00e4der zur Verf\u00fcgung.<\/p>\n<p>Aktive Sportler aller Altersklassen k\u00f6nnen im Winter am w\u00f6chentlichen Kraft- und Koordinationstraining in der vereinseigenen Halle teilnehmen, au\u00dferdem werden \u2013 soweit es die Witterung zul\u00e4sst \u2013 auch im Winter Trainingsfahrten durchgef\u00fchrt.<\/p>\n<p>Als Miteigent\u00fcmer der Radrennbahn in Singen haben Velo-Club-Mitglieder auch die M\u00f6glichkeit auf der Bahn mit entsprechendem, vom Verein gestellten Radmaterial zu trainieren.<\/p>\n<p>Highlight der Radsport-Abteilung ist jedes Jahr das &#8222;City-Radrennen&#8220;, das seit 1935 mitten in der Konstanzer Innenstadt durchgef\u00fchrt wird. Als Strecke dient seit 25 Jahren die vierspurige Laube, die nur f\u00fcr dieses Event ganzt\u00e4tig gesperrt wird &#8211; angesichts des heutigen Verkehrsaufkommens in der Konstanzer Innenstadt ein au\u00dfergew\u00f6hnliches Privileg.<\/p>\n<p>&nbsp;<\/p>\n<p><strong>Sporthalle und Vereinsheim<\/strong><\/p>\n<p>Die 1932 in Holzbauweise errichtete Sporthalle, die 1985 um einen gemauerten, mehrst\u00f6ckigen Anbau erweitert wurde, ist das Zentrum des Vereinslebens. Aktive Sportler trainieren hier, die\u00a0 Mitglieder k\u00f6nnen das Vereinsheim samt komplett ausgestatteter K\u00fcche f\u00fcr private Feiern nutzen.<\/p>\n<p>In der vereinseigenen Fahrradwerkstatt k\u00f6nnen die Velo-Cl\u00fcbler unter professionellen Bedingungen an ihren Fahrr\u00e4dern arbeiten, dabei steht ihnen auch diverses Spezialwerkzeug zur Verf\u00fcgung dessen Anschaffung sich f\u00fcr den durchschnittlichen Hobby-Schrauber normalerweise nicht lohnt.<\/p>\n<\/div>\n<\/div>\n<\/div>\n<\/div>\n\n\t\t<\/div>\n\t<\/div>\n<\/div><\/div><\/div><\/div>","protected":false},"excerpt":{"rendered":"Der Velo- und Motorfahrer Club 1892\/04 Von Christoph Gutjahr (Vizepr\u00e4sident) Der\u00a0\"Velo-Club\"\u00a0ist der zweit\u00e4lteste Sportverein der Stadt Konstanz, er engagiert sich seit bald 125 Jahren im Wettkampf- und Breitensport. Neben wettkampforientiertem Training f\u00fcr Radballer und Rennsportler werden auch Ausfahrten f\u00fcr Breitensportler angeboten. Dank der vereinseigenen Sporthalle verf\u00fcgt der Verein \u00fcber optimale Trainingsbedingungen und kann auch Rennfahrern [...]","protected":false},"author":1,"featured_media":0,"parent":4242,"menu_order":0,"comment_status":"closed","ping_status":"closed","template":"","meta":[],"yoast_head":"<!-- This site is optimized with the Yoast SEO plugin v16.9 - https:\/\/yoast.com\/wordpress\/plugins\/seo\/ -->\n<title>Image des VMC Konstanz - alles \u00fcber den VMC Konstanz<\/title>\n<meta name=\"description\" content=\"Image des VMC Konstanz - Breitensport, Radball und Rennsport des VMC Konstanz.\" \/>\n<meta name=\"robots\" content=\"index, follow, max-snippet:-1, max-image-preview:large, max-video-preview:-1\" \/>\n<link rel=\"canonical\" href=\"https:\/\/heuer-cup.de\/en\/das-war-unser-2018\/40-konstanzer-city-radrennen\/image-des-vmc-konstanz\/\" \/>\n<meta property=\"og:locale\" content=\"en_GB\" \/>\n<meta property=\"og:type\" content=\"article\" \/>\n<meta property=\"og:title\" content=\"Image des VMC Konstanz - alles \u00fcber den VMC Konstanz\" \/>\n<meta property=\"og:description\" content=\"Image des VMC Konstanz - Breitensport, Radball und Rennsport des VMC Konstanz.\" \/>\n<meta property=\"og:url\" content=\"https:\/\/heuer-cup.de\/en\/das-war-unser-2018\/40-konstanzer-city-radrennen\/image-des-vmc-konstanz\/\" \/>\n<meta property=\"og:site_name\" content=\"HEUER-Cup\" \/>\n<meta property=\"article:publisher\" content=\"https:\/\/www.facebook.com\/HeuerCup\/\" \/>\n<meta property=\"article:modified_time\" content=\"2019-09-09T13:57:54+00:00\" \/>\n<meta property=\"og:image\" content=\"https:\/\/heuer-cup.eu\/userfiles\/images\/Vereine\/Konstanz\/Reichenau_014.jpg\" \/>\n<meta name=\"twitter:card\" content=\"summary_large_image\" \/>\n<meta name=\"twitter:site\" content=\"@Heuer_Cup\" \/>\n<meta name=\"twitter:label1\" content=\"Estimated reading time\" \/>\n\t<meta name=\"twitter:data1\" content=\"4 minutes\" \/>\n<script type=\"application\/ld+json\" class=\"yoast-schema-graph\">{\"@context\":\"https:\/\/schema.org\",\"@graph\":[{\"@type\":\"Organization\",\"@id\":\"https:\/\/heuer-cup.de\/#organization\",\"name\":\"Heuer Radsport\",\"url\":\"https:\/\/heuer-cup.de\/\",\"sameAs\":[\"https:\/\/www.facebook.com\/HeuerCup\/\",\"https:\/\/www.instagram.com\/heuer_cup\/\",\"https:\/\/www.youtube.com\/channel\/UCuFkVFhY376_zRGfw_0Oy-Q\",\"https:\/\/twitter.com\/Heuer_Cup\"],\"logo\":{\"@type\":\"ImageObject\",\"@id\":\"https:\/\/heuer-cup.de\/#logo\",\"inLanguage\":\"en-GB\",\"url\":\"https:\/\/heuer-cup.de\/wp-content\/uploads\/2019\/01\/logo2.jpg\",\"contentUrl\":\"https:\/\/heuer-cup.de\/wp-content\/uploads\/2019\/01\/logo2.jpg\",\"width\":750,\"height\":186,\"caption\":\"Heuer Radsport\"},\"image\":{\"@id\":\"https:\/\/heuer-cup.de\/#logo\"}},{\"@type\":\"WebSite\",\"@id\":\"https:\/\/heuer-cup.de\/#website\",\"url\":\"https:\/\/heuer-cup.de\/\",\"name\":\"Heuer Radsport\",\"description\":\"Vollgas! oder einfach: Kette rechts\",\"publisher\":{\"@id\":\"https:\/\/heuer-cup.de\/#organization\"},\"potentialAction\":[{\"@type\":\"SearchAction\",\"target\":{\"@type\":\"EntryPoint\",\"urlTemplate\":\"https:\/\/heuer-cup.de\/?s={search_term_string}\"},\"query-input\":\"required name=search_term_string\"}],\"inLanguage\":\"en-GB\"},{\"@type\":\"ImageObject\",\"@id\":\"https:\/\/heuer-cup.de\/das-war-unser-2018\/40-konstanzer-city-radrennen\/image-des-vmc-konstanz\/#primaryimage\",\"inLanguage\":\"en-GB\",\"url\":\"https:\/\/heuer-cup.eu\/userfiles\/images\/Vereine\/Konstanz\/Reichenau_014.jpg\",\"contentUrl\":\"https:\/\/heuer-cup.eu\/userfiles\/images\/Vereine\/Konstanz\/Reichenau_014.jpg\"},{\"@type\":\"WebPage\",\"@id\":\"https:\/\/heuer-cup.de\/das-war-unser-2018\/40-konstanzer-city-radrennen\/image-des-vmc-konstanz\/#webpage\",\"url\":\"https:\/\/heuer-cup.de\/das-war-unser-2018\/40-konstanzer-city-radrennen\/image-des-vmc-konstanz\/\",\"name\":\"Image des VMC Konstanz - alles \\u00fcber den VMC Konstanz\",\"isPartOf\":{\"@id\":\"https:\/\/heuer-cup.de\/#website\"},\"primaryImageOfPage\":{\"@id\":\"https:\/\/heuer-cup.de\/das-war-unser-2018\/40-konstanzer-city-radrennen\/image-des-vmc-konstanz\/#primaryimage\"},\"datePublished\":\"2019-08-22T07:56:51+00:00\",\"dateModified\":\"2019-09-09T13:57:54+00:00\",\"description\":\"Image des VMC Konstanz - Breitensport, Radball und Rennsport des VMC Konstanz.\",\"breadcrumb\":{\"@id\":\"https:\/\/heuer-cup.de\/das-war-unser-2018\/40-konstanzer-city-radrennen\/image-des-vmc-konstanz\/#breadcrumb\"},\"inLanguage\":\"en-GB\",\"potentialAction\":[{\"@type\":\"ReadAction\",\"target\":[\"https:\/\/heuer-cup.de\/das-war-unser-2018\/40-konstanzer-city-radrennen\/image-des-vmc-konstanz\/\"]}]},{\"@type\":\"BreadcrumbList\",\"@id\":\"https:\/\/heuer-cup.de\/das-war-unser-2018\/40-konstanzer-city-radrennen\/image-des-vmc-konstanz\/#breadcrumb\",\"itemListElement\":[{\"@type\":\"ListItem\",\"position\":1,\"name\":\"Home\",\"item\":\"https:\/\/heuer-cup.de\/\"},{\"@type\":\"ListItem\",\"position\":2,\"name\":\"das war unser 2018\",\"item\":\"https:\/\/heuer-cup.de\/das-war-unser-2018\/\"},{\"@type\":\"ListItem\",\"position\":3,\"name\":\"40. Konstanzer City Radrennen\",\"item\":\"https:\/\/heuer-cup.de\/das-war-unser-2018\/40-konstanzer-city-radrennen\/\"},{\"@type\":\"ListItem\",\"position\":4,\"name\":\"Image des VMC Konstanz\"}]}]}<\/script>\n<!-- \/ Yoast SEO plugin. -->","yoast_head_json":{"title":"Image des VMC Konstanz - alles \u00fcber den VMC Konstanz","description":"Image des VMC Konstanz - Breitensport, Radball und Rennsport des VMC Konstanz.","robots":{"index":"index","follow":"follow","max-snippet":"max-snippet:-1","max-image-preview":"max-image-preview:large","max-video-preview":"max-video-preview:-1"},"canonical":"https:\/\/heuer-cup.de\/en\/das-war-unser-2018\/40-konstanzer-city-radrennen\/image-des-vmc-konstanz\/","og_locale":"en_GB","og_type":"article","og_title":"Image des VMC Konstanz - alles \u00fcber den VMC Konstanz","og_description":"Image des VMC Konstanz - Breitensport, Radball und Rennsport des VMC Konstanz.","og_url":"https:\/\/heuer-cup.de\/en\/das-war-unser-2018\/40-konstanzer-city-radrennen\/image-des-vmc-konstanz\/","og_site_name":"HEUER-Cup","article_publisher":"https:\/\/www.facebook.com\/HeuerCup\/","article_modified_time":"2019-09-09T13:57:54+00:00","og_image":[{"url":"https:\/\/heuer-cup.eu\/userfiles\/images\/Vereine\/Konstanz\/Reichenau_014.jpg"}],"twitter_card":"summary_large_image","twitter_site":"@Heuer_Cup","twitter_misc":{"Estimated reading time":"4 minutes"},"schema":{"@context":"https:\/\/schema.org","@graph":[{"@type":"Organization","@id":"https:\/\/heuer-cup.de\/#organization","name":"Heuer Radsport","url":"https:\/\/heuer-cup.de\/","sameAs":["https:\/\/www.facebook.com\/HeuerCup\/","https:\/\/www.instagram.com\/heuer_cup\/","https:\/\/www.youtube.com\/channel\/UCuFkVFhY376_zRGfw_0Oy-Q","https:\/\/twitter.com\/Heuer_Cup"],"logo":{"@type":"ImageObject","@id":"https:\/\/heuer-cup.de\/#logo","inLanguage":"en-GB","url":"https:\/\/heuer-cup.de\/wp-content\/uploads\/2019\/01\/logo2.jpg","contentUrl":"https:\/\/heuer-cup.de\/wp-content\/uploads\/2019\/01\/logo2.jpg","width":750,"height":186,"caption":"Heuer Radsport"},"image":{"@id":"https:\/\/heuer-cup.de\/#logo"}},{"@type":"WebSite","@id":"https:\/\/heuer-cup.de\/#website","url":"https:\/\/heuer-cup.de\/","name":"Heuer Radsport","description":"Vollgas! oder einfach: Kette rechts","publisher":{"@id":"https:\/\/heuer-cup.de\/#organization"},"potentialAction":[{"@type":"SearchAction","target":{"@type":"EntryPoint","urlTemplate":"https:\/\/heuer-cup.de\/?s={search_term_string}"},"query-input":"required name=search_term_string"}],"inLanguage":"en-GB"},{"@type":"ImageObject","@id":"https:\/\/heuer-cup.de\/das-war-unser-2018\/40-konstanzer-city-radrennen\/image-des-vmc-konstanz\/#primaryimage","inLanguage":"en-GB","url":"https:\/\/heuer-cup.eu\/userfiles\/images\/Vereine\/Konstanz\/Reichenau_014.jpg","contentUrl":"https:\/\/heuer-cup.eu\/userfiles\/images\/Vereine\/Konstanz\/Reichenau_014.jpg"},{"@type":"WebPage","@id":"https:\/\/heuer-cup.de\/das-war-unser-2018\/40-konstanzer-city-radrennen\/image-des-vmc-konstanz\/#webpage","url":"https:\/\/heuer-cup.de\/das-war-unser-2018\/40-konstanzer-city-radrennen\/image-des-vmc-konstanz\/","name":"Image des VMC Konstanz - alles \u00fcber den VMC Konstanz","isPartOf":{"@id":"https:\/\/heuer-cup.de\/#website"},"primaryImageOfPage":{"@id":"https:\/\/heuer-cup.de\/das-war-unser-2018\/40-konstanzer-city-radrennen\/image-des-vmc-konstanz\/#primaryimage"},"datePublished":"2019-08-22T07:56:51+00:00","dateModified":"2019-09-09T13:57:54+00:00","description":"Image des VMC Konstanz - Breitensport, Radball und Rennsport des VMC Konstanz.","breadcrumb":{"@id":"https:\/\/heuer-cup.de\/das-war-unser-2018\/40-konstanzer-city-radrennen\/image-des-vmc-konstanz\/#breadcrumb"},"inLanguage":"en-GB","potentialAction":[{"@type":"ReadAction","target":["https:\/\/heuer-cup.de\/das-war-unser-2018\/40-konstanzer-city-radrennen\/image-des-vmc-konstanz\/"]}]},{"@type":"BreadcrumbList","@id":"https:\/\/heuer-cup.de\/das-war-unser-2018\/40-konstanzer-city-radrennen\/image-des-vmc-konstanz\/#breadcrumb","itemListElement":[{"@type":"ListItem","position":1,"name":"Home","item":"https:\/\/heuer-cup.de\/"},{"@type":"ListItem","position":2,"name":"das war unser 2018","item":"https:\/\/heuer-cup.de\/das-war-unser-2018\/"},{"@type":"ListItem","position":3,"name":"40. Konstanzer City Radrennen","item":"https:\/\/heuer-cup.de\/das-war-unser-2018\/40-konstanzer-city-radrennen\/"},{"@type":"ListItem","position":4,"name":"Image des VMC Konstanz"}]}]}},"_links":{"self":[{"href":"https:\/\/heuer-cup.de\/en\/wp-json\/wp\/v2\/pages\/4246"}],"collection":[{"href":"https:\/\/heuer-cup.de\/en\/wp-json\/wp\/v2\/pages"}],"about":[{"href":"https:\/\/heuer-cup.de\/en\/wp-json\/wp\/v2\/types\/page"}],"author":[{"embeddable":true,"href":"https:\/\/heuer-cup.de\/en\/wp-json\/wp\/v2\/users\/1"}],"replies":[{"embeddable":true,"href":"https:\/\/heuer-cup.de\/en\/wp-json\/wp\/v2\/comments?post=4246"}],"version-history":[{"count":3,"href":"https:\/\/heuer-cup.de\/en\/wp-json\/wp\/v2\/pages\/4246\/revisions"}],"predecessor-version":[{"id":4869,"href":"https:\/\/heuer-cup.de\/en\/wp-json\/wp\/v2\/pages\/4246\/revisions\/4869"}],"up":[{"embeddable":true,"href":"https:\/\/heuer-cup.de\/en\/wp-json\/wp\/v2\/pages\/4242"}],"wp:attachment":[{"href":"https:\/\/heuer-cup.de\/en\/wp-json\/wp\/v2\/media?parent=4246"}],"curies":[{"name":"wp","href":"https:\/\/api.w.org\/{rel}","templated":true}]}}