{"id":4238,"date":"2019-08-22T09:18:47","date_gmt":"2019-08-22T07:18:47","guid":{"rendered":"https:\/\/heuer-cup.de\/?page_id=4238"},"modified":"2019-09-09T16:25:50","modified_gmt":"2019-09-09T14:25:50","slug":"der-grosse-volvo-preis","status":"publish","type":"page","link":"https:\/\/heuer-cup.de\/en\/das-war-unser-2018\/der-grosse-volvo-preis\/","title":{"rendered":"Der gro\u00dfe Volvo-Preis"},"content":{"rendered":"<div class=\"vc_row wpb_row vc_row-fluid\"><div class=\"wpb_column vc_column_container vc_col-sm-12\"><div class=\"vc_column-inner\"><div class=\"wpb_wrapper\">\n\t<div class=\"wpb_text_column wpb_content_element\" >\n\t\t<div class=\"wpb_wrapper\">\n\t\t\t<p>Der\u00a0<a href=\"http:\/\/www.rspv.de\/\" target=\"_blank\" rel=\"noopener noreferrer\">Radsportverein 1906 Schwenningen<\/a>\u00a0l\u00e4dt zum &#8222;Gro\u00dfen Volvo-Preis&#8220; am Pfingstsonntag, den 20.05.2018 ein.<\/p>\n<p>Im vergangenen Jahr haben sich f\u00fcr den &#8222;Gro\u00dfen Volvo-Preis&#8220; \u00fcber 500 Fahrer angemeldet. Viele aus dem nahen Ausland, der Schweiz und Frankreich. Die weiteste Anreise hatten wohl die sechs Sportler des U19-Teams aus dem Nationalteam von Namibia.<\/p>\n<p><img loading=\"lazy\" class=\"bild aligncenter\" title=\"Rennen\" src=\"https:\/\/heuer-cup.eu\/userfiles\/images\/Vereine\/Schwenningen\/_DSC2562.JPG\" alt=\"\" width=\"471\" height=\"316\" \/><\/p>\n<p>Der Vorstand Thomas Pfister und der Hauptsponsor Manfred Hils freuen sich auf spannende Rennen.<\/p>\n<p><img loading=\"lazy\" class=\"bild aligncenter\" title=\"Der Gro\u00dfe Volvo-Preis\" src=\"https:\/\/heuer-cup.eu\/userfiles\/images\/Vereine\/Schwenningen\/Volvo.jpg\" alt=\"\" width=\"470\" height=\"242\" \/><\/p>\n<p>Die Strecke k\u00f6nnt ihr auf\u00a0<a href=\"https:\/\/www.youtube.com\/watch?time_continue=5&amp;v=SmKLxfBy7nc\" target=\"_blank\" rel=\"noopener noreferrer\">youtube<\/a>\u00a0interaktiv verfolgen<\/p>\n<div class=\"tplge_submenu\">\n<h4><\/h4>\n<ul class=\"submenu\" style=\"padding: 0px; margin: 6px 0px; list-style-image: url('images\/inhlist.gif');\">\n<li class=\"doc\"><a href=\"https:\/\/heuer-cup.de\/en\/das-war-unser-2018\/der-grosse-volvo-preis\/strecke\/\">Strecke<\/a><\/li>\n<\/ul>\n<\/div>\n\n\t\t<\/div>\n\t<\/div>\n<\/div><\/div><\/div><\/div>","protected":false},"excerpt":{"rendered":"Der\u00a0Radsportverein 1906 Schwenningen\u00a0l\u00e4dt zum \"Gro\u00dfen Volvo-Preis\" am Pfingstsonntag, den 20.05.2018 ein. Im vergangenen Jahr haben sich f\u00fcr den \"Gro\u00dfen Volvo-Preis\" \u00fcber 500 Fahrer angemeldet. Viele aus dem nahen Ausland, der Schweiz und Frankreich. Die weiteste Anreise hatten wohl die sechs Sportler des U19-Teams aus dem Nationalteam von Namibia. Der Vorstand Thomas Pfister und der Hauptsponsor [...]","protected":false},"author":1,"featured_media":0,"parent":4189,"menu_order":0,"comment_status":"closed","ping_status":"closed","template":"","meta":[],"yoast_head":"<!-- This site is optimized with the Yoast SEO plugin v16.9 - https:\/\/yoast.com\/wordpress\/plugins\/seo\/ -->\n<title>Der gro\u00dfe Volvo-Preis am Pfingstsonntag in Schwenningen<\/title>\n<meta name=\"description\" content=\"Der gro\u00dfe Volvo-Preis des Radsportvereins Schwenningen, am Pfingstsonntag, auf der traditionellen Strecke mit internationaler Beteiligung.\" \/>\n<meta name=\"robots\" content=\"index, follow, max-snippet:-1, max-image-preview:large, max-video-preview:-1\" \/>\n<link rel=\"canonical\" href=\"https:\/\/heuer-cup.de\/en\/das-war-unser-2018\/der-grosse-volvo-preis\/\" \/>\n<meta property=\"og:locale\" content=\"en_GB\" \/>\n<meta property=\"og:type\" content=\"article\" \/>\n<meta property=\"og:title\" content=\"Der gro\u00dfe Volvo-Preis am Pfingstsonntag in Schwenningen\" \/>\n<meta property=\"og:description\" content=\"Der gro\u00dfe Volvo-Preis des Radsportvereins Schwenningen, am Pfingstsonntag, auf der traditionellen Strecke mit internationaler Beteiligung.\" \/>\n<meta property=\"og:url\" content=\"https:\/\/heuer-cup.de\/en\/das-war-unser-2018\/der-grosse-volvo-preis\/\" \/>\n<meta property=\"og:site_name\" content=\"HEUER-Cup\" \/>\n<meta property=\"article:publisher\" content=\"https:\/\/www.facebook.com\/HeuerCup\/\" \/>\n<meta property=\"article:modified_time\" content=\"2019-09-09T14:25:50+00:00\" \/>\n<meta property=\"og:image\" content=\"https:\/\/heuer-cup.eu\/userfiles\/images\/Vereine\/Schwenningen\/_DSC2562.JPG\" \/>\n<meta name=\"twitter:card\" content=\"summary_large_image\" \/>\n<meta name=\"twitter:site\" content=\"@Heuer_Cup\" \/>\n<script type=\"application\/ld+json\" class=\"yoast-schema-graph\">{\"@context\":\"https:\/\/schema.org\",\"@graph\":[{\"@type\":\"Organization\",\"@id\":\"https:\/\/heuer-cup.de\/#organization\",\"name\":\"Heuer Radsport\",\"url\":\"https:\/\/heuer-cup.de\/\",\"sameAs\":[\"https:\/\/www.facebook.com\/HeuerCup\/\",\"https:\/\/www.instagram.com\/heuer_cup\/\",\"https:\/\/www.youtube.com\/channel\/UCuFkVFhY376_zRGfw_0Oy-Q\",\"https:\/\/twitter.com\/Heuer_Cup\"],\"logo\":{\"@type\":\"ImageObject\",\"@id\":\"https:\/\/heuer-cup.de\/#logo\",\"inLanguage\":\"en-GB\",\"url\":\"https:\/\/heuer-cup.de\/wp-content\/uploads\/2019\/01\/logo2.jpg\",\"contentUrl\":\"https:\/\/heuer-cup.de\/wp-content\/uploads\/2019\/01\/logo2.jpg\",\"width\":750,\"height\":186,\"caption\":\"Heuer Radsport\"},\"image\":{\"@id\":\"https:\/\/heuer-cup.de\/#logo\"}},{\"@type\":\"WebSite\",\"@id\":\"https:\/\/heuer-cup.de\/#website\",\"url\":\"https:\/\/heuer-cup.de\/\",\"name\":\"Heuer Radsport\",\"description\":\"Vollgas! oder einfach: Kette rechts\",\"publisher\":{\"@id\":\"https:\/\/heuer-cup.de\/#organization\"},\"potentialAction\":[{\"@type\":\"SearchAction\",\"target\":{\"@type\":\"EntryPoint\",\"urlTemplate\":\"https:\/\/heuer-cup.de\/?s={search_term_string}\"},\"query-input\":\"required name=search_term_string\"}],\"inLanguage\":\"en-GB\"},{\"@type\":\"ImageObject\",\"@id\":\"https:\/\/heuer-cup.de\/das-war-unser-2018\/der-grosse-volvo-preis\/#primaryimage\",\"inLanguage\":\"en-GB\",\"url\":\"https:\/\/heuer-cup.eu\/userfiles\/images\/Vereine\/Schwenningen\/_DSC2562.JPG\",\"contentUrl\":\"https:\/\/heuer-cup.eu\/userfiles\/images\/Vereine\/Schwenningen\/_DSC2562.JPG\"},{\"@type\":\"WebPage\",\"@id\":\"https:\/\/heuer-cup.de\/das-war-unser-2018\/der-grosse-volvo-preis\/#webpage\",\"url\":\"https:\/\/heuer-cup.de\/das-war-unser-2018\/der-grosse-volvo-preis\/\",\"name\":\"Der gro\\u00dfe Volvo-Preis am Pfingstsonntag in Schwenningen\",\"isPartOf\":{\"@id\":\"https:\/\/heuer-cup.de\/#website\"},\"primaryImageOfPage\":{\"@id\":\"https:\/\/heuer-cup.de\/das-war-unser-2018\/der-grosse-volvo-preis\/#primaryimage\"},\"datePublished\":\"2019-08-22T07:18:47+00:00\",\"dateModified\":\"2019-09-09T14:25:50+00:00\",\"description\":\"Der gro\\u00dfe Volvo-Preis des Radsportvereins Schwenningen, am Pfingstsonntag, auf der traditionellen Strecke mit internationaler Beteiligung.\",\"breadcrumb\":{\"@id\":\"https:\/\/heuer-cup.de\/das-war-unser-2018\/der-grosse-volvo-preis\/#breadcrumb\"},\"inLanguage\":\"en-GB\",\"potentialAction\":[{\"@type\":\"ReadAction\",\"target\":[\"https:\/\/heuer-cup.de\/das-war-unser-2018\/der-grosse-volvo-preis\/\"]}]},{\"@type\":\"BreadcrumbList\",\"@id\":\"https:\/\/heuer-cup.de\/das-war-unser-2018\/der-grosse-volvo-preis\/#breadcrumb\",\"itemListElement\":[{\"@type\":\"ListItem\",\"position\":1,\"name\":\"Home\",\"item\":\"https:\/\/heuer-cup.de\/\"},{\"@type\":\"ListItem\",\"position\":2,\"name\":\"das war unser 2018\",\"item\":\"https:\/\/heuer-cup.de\/das-war-unser-2018\/\"},{\"@type\":\"ListItem\",\"position\":3,\"name\":\"Der gro\\u00dfe Volvo-Preis\"}]}]}<\/script>\n<!-- \/ Yoast SEO plugin. -->","yoast_head_json":{"title":"Der gro\u00dfe Volvo-Preis am Pfingstsonntag in Schwenningen","description":"Der gro\u00dfe Volvo-Preis des Radsportvereins Schwenningen, am Pfingstsonntag, auf der traditionellen Strecke mit internationaler Beteiligung.","robots":{"index":"index","follow":"follow","max-snippet":"max-snippet:-1","max-image-preview":"max-image-preview:large","max-video-preview":"max-video-preview:-1"},"canonical":"https:\/\/heuer-cup.de\/en\/das-war-unser-2018\/der-grosse-volvo-preis\/","og_locale":"en_GB","og_type":"article","og_title":"Der gro\u00dfe Volvo-Preis am Pfingstsonntag in Schwenningen","og_description":"Der gro\u00dfe Volvo-Preis des Radsportvereins Schwenningen, am Pfingstsonntag, auf der traditionellen Strecke mit internationaler Beteiligung.","og_url":"https:\/\/heuer-cup.de\/en\/das-war-unser-2018\/der-grosse-volvo-preis\/","og_site_name":"HEUER-Cup","article_publisher":"https:\/\/www.facebook.com\/HeuerCup\/","article_modified_time":"2019-09-09T14:25:50+00:00","og_image":[{"url":"https:\/\/heuer-cup.eu\/userfiles\/images\/Vereine\/Schwenningen\/_DSC2562.JPG"}],"twitter_card":"summary_large_image","twitter_site":"@Heuer_Cup","schema":{"@context":"https:\/\/schema.org","@graph":[{"@type":"Organization","@id":"https:\/\/heuer-cup.de\/#organization","name":"Heuer Radsport","url":"https:\/\/heuer-cup.de\/","sameAs":["https:\/\/www.facebook.com\/HeuerCup\/","https:\/\/www.instagram.com\/heuer_cup\/","https:\/\/www.youtube.com\/channel\/UCuFkVFhY376_zRGfw_0Oy-Q","https:\/\/twitter.com\/Heuer_Cup"],"logo":{"@type":"ImageObject","@id":"https:\/\/heuer-cup.de\/#logo","inLanguage":"en-GB","url":"https:\/\/heuer-cup.de\/wp-content\/uploads\/2019\/01\/logo2.jpg","contentUrl":"https:\/\/heuer-cup.de\/wp-content\/uploads\/2019\/01\/logo2.jpg","width":750,"height":186,"caption":"Heuer Radsport"},"image":{"@id":"https:\/\/heuer-cup.de\/#logo"}},{"@type":"WebSite","@id":"https:\/\/heuer-cup.de\/#website","url":"https:\/\/heuer-cup.de\/","name":"Heuer Radsport","description":"Vollgas! oder einfach: Kette rechts","publisher":{"@id":"https:\/\/heuer-cup.de\/#organization"},"potentialAction":[{"@type":"SearchAction","target":{"@type":"EntryPoint","urlTemplate":"https:\/\/heuer-cup.de\/?s={search_term_string}"},"query-input":"required name=search_term_string"}],"inLanguage":"en-GB"},{"@type":"ImageObject","@id":"https:\/\/heuer-cup.de\/das-war-unser-2018\/der-grosse-volvo-preis\/#primaryimage","inLanguage":"en-GB","url":"https:\/\/heuer-cup.eu\/userfiles\/images\/Vereine\/Schwenningen\/_DSC2562.JPG","contentUrl":"https:\/\/heuer-cup.eu\/userfiles\/images\/Vereine\/Schwenningen\/_DSC2562.JPG"},{"@type":"WebPage","@id":"https:\/\/heuer-cup.de\/das-war-unser-2018\/der-grosse-volvo-preis\/#webpage","url":"https:\/\/heuer-cup.de\/das-war-unser-2018\/der-grosse-volvo-preis\/","name":"Der gro\u00dfe Volvo-Preis am Pfingstsonntag in Schwenningen","isPartOf":{"@id":"https:\/\/heuer-cup.de\/#website"},"primaryImageOfPage":{"@id":"https:\/\/heuer-cup.de\/das-war-unser-2018\/der-grosse-volvo-preis\/#primaryimage"},"datePublished":"2019-08-22T07:18:47+00:00","dateModified":"2019-09-09T14:25:50+00:00","description":"Der gro\u00dfe Volvo-Preis des Radsportvereins Schwenningen, am Pfingstsonntag, auf der traditionellen Strecke mit internationaler Beteiligung.","breadcrumb":{"@id":"https:\/\/heuer-cup.de\/das-war-unser-2018\/der-grosse-volvo-preis\/#breadcrumb"},"inLanguage":"en-GB","potentialAction":[{"@type":"ReadAction","target":["https:\/\/heuer-cup.de\/das-war-unser-2018\/der-grosse-volvo-preis\/"]}]},{"@type":"BreadcrumbList","@id":"https:\/\/heuer-cup.de\/das-war-unser-2018\/der-grosse-volvo-preis\/#breadcrumb","itemListElement":[{"@type":"ListItem","position":1,"name":"Home","item":"https:\/\/heuer-cup.de\/"},{"@type":"ListItem","position":2,"name":"das war unser 2018","item":"https:\/\/heuer-cup.de\/das-war-unser-2018\/"},{"@type":"ListItem","position":3,"name":"Der gro\u00dfe Volvo-Preis"}]}]}},"_links":{"self":[{"href":"https:\/\/heuer-cup.de\/en\/wp-json\/wp\/v2\/pages\/4238"}],"collection":[{"href":"https:\/\/heuer-cup.de\/en\/wp-json\/wp\/v2\/pages"}],"about":[{"href":"https:\/\/heuer-cup.de\/en\/wp-json\/wp\/v2\/types\/page"}],"author":[{"embeddable":true,"href":"https:\/\/heuer-cup.de\/en\/wp-json\/wp\/v2\/users\/1"}],"replies":[{"embeddable":true,"href":"https:\/\/heuer-cup.de\/en\/wp-json\/wp\/v2\/comments?post=4238"}],"version-history":[{"count":4,"href":"https:\/\/heuer-cup.de\/en\/wp-json\/wp\/v2\/pages\/4238\/revisions"}],"predecessor-version":[{"id":5335,"href":"https:\/\/heuer-cup.de\/en\/wp-json\/wp\/v2\/pages\/4238\/revisions\/5335"}],"up":[{"embeddable":true,"href":"https:\/\/heuer-cup.de\/en\/wp-json\/wp\/v2\/pages\/4189"}],"wp:attachment":[{"href":"https:\/\/heuer-cup.de\/en\/wp-json\/wp\/v2\/media?parent=4238"}],"curies":[{"name":"wp","href":"https:\/\/api.w.org\/{rel}","templated":true}]}}