{"id":4236,"date":"2019-08-22T09:02:15","date_gmt":"2019-08-22T07:02:15","guid":{"rendered":"https:\/\/heuer-cup.de\/?page_id=4236"},"modified":"2019-09-09T16:28:47","modified_gmt":"2019-09-09T14:28:47","slug":"image-des-rsv-ellmendingen","status":"publish","type":"page","link":"https:\/\/heuer-cup.de\/en\/das-war-unser-2018\/etappen-und-terminuebersicht\/image-des-rsv-ellmendingen\/","title":{"rendered":"Image des RSV Ellmendingen"},"content":{"rendered":"<div class=\"vc_row wpb_row vc_row-fluid\"><div class=\"wpb_column vc_column_container vc_col-sm-12\"><div class=\"vc_column-inner\"><div class=\"wpb_wrapper\">\n\t<div class=\"wpb_text_column wpb_content_element\" >\n\t\t<div class=\"wpb_wrapper\">\n\t\t\t<p>&#8222;Der Radsportverein Schwalbe hat viel vor&#8220; von Karl-Heinz Kaiser<\/p>\n<p><strong>Teampr\u00e4sentation des Radsportvereins \u201eSchwalbe\u201c Ellmendingen (RSV)<\/strong><\/p>\n<p>Zu einem der \u00e4ltesten Radsportvereine in Baden, z\u00e4hlt der im Jahr 1897 gegr\u00fcndete RSV. Er ist trotz seines fast biblischen Alters ungemein jung geblieben. Inzwischen geh\u00f6rt er zu den erfolgreichsten und dynamischsten Radsportvereinen S\u00fcddeutschlands.<\/p>\n<p>Der RSV hat \u00fcber 200 Mitglieder. Davon waren 40 lizenzierte Sportler, weitere 35 Kinder im Sch\u00fclerbereich, zur Pr\u00e4sentation des \u201eSchwalbe\u201c Teams in den Rathaussaal in Keltern eingeladen.<\/p>\n<p><img loading=\"lazy\" class=\"bild aligncenter\" title=\"Ellmendingen1\" src=\"https:\/\/heuer-cup.eu\/userfiles\/images\/Vereine\/Ellmendingen\/1.jpg\" alt=\"\" width=\"399\" height=\"165\" \/><\/p>\n<p>RSV Gesch\u00e4ftsf\u00fchrer Karl-Heinz Kaiser begr\u00fc\u00dfte die Anwesenden und freute sich besonders \u00fcber die Teilnahme von B\u00fcrgermeister Steffen Bochinger und Gemeinderat Michael Sengle.<\/p>\n<p>In seinem Gru\u00dfwort lobte B\u00fcrgermeister Steffen Bochinger die hervorragende Jugendarbeit des RSV sowie das soziale Engagement der Vereinsmitglieder auch in Bezug auf die Neub\u00fcrger Kelterns.<\/p>\n<p><img loading=\"lazy\" class=\"bild aligncenter\" title=\"Ellmendingen2\" src=\"https:\/\/heuer-cup.eu\/userfiles\/images\/Vereine\/Ellmendingen\/2.jpg\" width=\"399\" height=\"192\" \/><\/p>\n<p>Er w\u00fcrdigte die gro\u00dfartigen Leistungen der Aktiven im Jubil\u00e4umsjahr 120 Jahre Radsport in Keltern. Er sicherte RSV Pr\u00e4sident Kuno Epple die weitere Unterst\u00fctzung und F\u00f6rderung der Gemeinde zu und \u00fcbergab ein Geschenk.<\/p>\n<p>Gemeinderat Michael Sengle hob im Besonderen den gro\u00dfen ehrenamtlichen Einsatz der Trainer und Betreuer hervor. Dabei betonte er, dass der Gemeinderat Kelterns sich \u00fcber die \u00fcberragenden Erfolge der \u201eSchwalben\u201c bei den Deutschen Meisterschaften ganz besonders gefreut hat.<\/p>\n<p><img loading=\"lazy\" class=\"bild aligncenter\" title=\"Ellmendingen3\" src=\"https:\/\/heuer-cup.eu\/userfiles\/images\/Vereine\/Ellmendingen\/3.jpg\" alt=\"\" width=\"400\" height=\"265\" \/><\/p>\n<p>Karl-Heinz Kaiser bedankte sich f\u00fcr das Lob und das Pr\u00e4sent.<\/p>\n<p>Er machte aber auch gleichzeitig deutlich, dass Zuwendungen seitens der Gemeinde zwar hilfreich sind, aber einer dringenden Korrektur und Anpassung bed\u00fcrfen. Das gilt f\u00fcr alle Vereine, die im Dienst der Jugend t\u00e4tig sind. Wir sehen uns als die Sozialarbeiter der Gemeinde.<\/p>\n<p>Die Saisonvorbereitung bei den \u201eSchwalben\u201c l\u00e4uft bereits auf vollen Touren. So steht am kommenden Wochenende der Jugendlehrgang in Breisach, im darauffolgenden Wochenende der Sch\u00fcler-Konditionslehrgang beim Schluchsee auf dem Programm.<\/p>\n<p>Danach geht es der Sonne entgegen, nach Spanien ins Trainingslager.<\/p>\n<p>Nach 2 Stunden beendete Kaiser das Treffen und w\u00fcnschte allen Betreuern viel Freude und Spa\u00df bei ihrer Arbeit mit den Kindern. Ferner den Trainern Wolfgang Schendzielorz, Ute Farr sowie allen Teilnehmern ein unfallfreies und erfolgreiches Trainingslager in Peniscola Spanien.<\/p>\n<p>Den RSV Schwalbe Ellmendingen finden Sie auch auf\u00a0<a href=\"https:\/\/www.facebook.com\/rsv.ellmendingen\/\" target=\"_blank\" rel=\"noopener noreferrer\">Facebook<\/a>.<\/p>\n\n\t\t<\/div>\n\t<\/div>\n<\/div><\/div><\/div><\/div>","protected":false},"excerpt":{"rendered":"\"Der Radsportverein Schwalbe hat viel vor\" von Karl-Heinz Kaiser Teampr\u00e4sentation des Radsportvereins \u201eSchwalbe\u201c Ellmendingen (RSV) Zu einem der \u00e4ltesten Radsportvereine in Baden, z\u00e4hlt der im Jahr 1897 gegr\u00fcndete RSV. Er ist trotz seines fast biblischen Alters ungemein jung geblieben. Inzwischen geh\u00f6rt er zu den erfolgreichsten und dynamischsten Radsportvereinen S\u00fcddeutschlands. Der RSV hat \u00fcber 200 Mitglieder. [...]","protected":false},"author":1,"featured_media":0,"parent":4231,"menu_order":0,"comment_status":"closed","ping_status":"closed","template":"","meta":[],"yoast_head":"<!-- This site is optimized with the Yoast SEO plugin v16.9 - https:\/\/yoast.com\/wordpress\/plugins\/seo\/ -->\n<title>Image des RSV &quot;Schwalbe&quot; Ellmendingen Teampr\u00e4sentation<\/title>\n<meta name=\"description\" content=\"Image des RSV Ellmendingen - der Radsportverein Schwalbe hat viel vor und z\u00e4hlt zu einer der \u00e4ltesten Radsportvereine in Baden.\" \/>\n<meta name=\"robots\" content=\"index, follow, max-snippet:-1, max-image-preview:large, max-video-preview:-1\" \/>\n<link rel=\"canonical\" href=\"https:\/\/heuer-cup.de\/en\/das-war-unser-2018\/etappen-und-terminuebersicht\/image-des-rsv-ellmendingen\/\" \/>\n<meta property=\"og:locale\" content=\"en_GB\" \/>\n<meta property=\"og:type\" content=\"article\" \/>\n<meta property=\"og:title\" content=\"Image des RSV &quot;Schwalbe&quot; Ellmendingen Teampr\u00e4sentation\" \/>\n<meta property=\"og:description\" content=\"Image des RSV Ellmendingen - der Radsportverein Schwalbe hat viel vor und z\u00e4hlt zu einer der \u00e4ltesten Radsportvereine in Baden.\" \/>\n<meta property=\"og:url\" content=\"https:\/\/heuer-cup.de\/en\/das-war-unser-2018\/etappen-und-terminuebersicht\/image-des-rsv-ellmendingen\/\" \/>\n<meta property=\"og:site_name\" content=\"HEUER-Cup\" \/>\n<meta property=\"article:publisher\" content=\"https:\/\/www.facebook.com\/HeuerCup\/\" \/>\n<meta property=\"article:modified_time\" content=\"2019-09-09T14:28:47+00:00\" \/>\n<meta property=\"og:image\" content=\"https:\/\/heuer-cup.eu\/userfiles\/images\/Vereine\/Ellmendingen\/1.jpg\" \/>\n<meta name=\"twitter:card\" content=\"summary_large_image\" \/>\n<meta name=\"twitter:site\" content=\"@Heuer_Cup\" \/>\n<meta name=\"twitter:label1\" content=\"Estimated reading time\" \/>\n\t<meta name=\"twitter:data1\" content=\"2 minutes\" \/>\n<script type=\"application\/ld+json\" class=\"yoast-schema-graph\">{\"@context\":\"https:\/\/schema.org\",\"@graph\":[{\"@type\":\"Organization\",\"@id\":\"https:\/\/heuer-cup.de\/#organization\",\"name\":\"Heuer Radsport\",\"url\":\"https:\/\/heuer-cup.de\/\",\"sameAs\":[\"https:\/\/www.facebook.com\/HeuerCup\/\",\"https:\/\/www.instagram.com\/heuer_cup\/\",\"https:\/\/www.youtube.com\/channel\/UCuFkVFhY376_zRGfw_0Oy-Q\",\"https:\/\/twitter.com\/Heuer_Cup\"],\"logo\":{\"@type\":\"ImageObject\",\"@id\":\"https:\/\/heuer-cup.de\/#logo\",\"inLanguage\":\"en-GB\",\"url\":\"https:\/\/heuer-cup.de\/wp-content\/uploads\/2019\/01\/logo2.jpg\",\"contentUrl\":\"https:\/\/heuer-cup.de\/wp-content\/uploads\/2019\/01\/logo2.jpg\",\"width\":750,\"height\":186,\"caption\":\"Heuer Radsport\"},\"image\":{\"@id\":\"https:\/\/heuer-cup.de\/#logo\"}},{\"@type\":\"WebSite\",\"@id\":\"https:\/\/heuer-cup.de\/#website\",\"url\":\"https:\/\/heuer-cup.de\/\",\"name\":\"Heuer Radsport\",\"description\":\"Vollgas! oder einfach: Kette rechts\",\"publisher\":{\"@id\":\"https:\/\/heuer-cup.de\/#organization\"},\"potentialAction\":[{\"@type\":\"SearchAction\",\"target\":{\"@type\":\"EntryPoint\",\"urlTemplate\":\"https:\/\/heuer-cup.de\/?s={search_term_string}\"},\"query-input\":\"required name=search_term_string\"}],\"inLanguage\":\"en-GB\"},{\"@type\":\"ImageObject\",\"@id\":\"https:\/\/heuer-cup.de\/das-war-unser-2018\/etappen-und-terminuebersicht\/image-des-rsv-ellmendingen\/#primaryimage\",\"inLanguage\":\"en-GB\",\"url\":\"https:\/\/heuer-cup.eu\/userfiles\/images\/Vereine\/Ellmendingen\/1.jpg\",\"contentUrl\":\"https:\/\/heuer-cup.eu\/userfiles\/images\/Vereine\/Ellmendingen\/1.jpg\"},{\"@type\":\"WebPage\",\"@id\":\"https:\/\/heuer-cup.de\/das-war-unser-2018\/etappen-und-terminuebersicht\/image-des-rsv-ellmendingen\/#webpage\",\"url\":\"https:\/\/heuer-cup.de\/das-war-unser-2018\/etappen-und-terminuebersicht\/image-des-rsv-ellmendingen\/\",\"name\":\"Image des RSV \\\"Schwalbe\\\" Ellmendingen Teampr\\u00e4sentation\",\"isPartOf\":{\"@id\":\"https:\/\/heuer-cup.de\/#website\"},\"primaryImageOfPage\":{\"@id\":\"https:\/\/heuer-cup.de\/das-war-unser-2018\/etappen-und-terminuebersicht\/image-des-rsv-ellmendingen\/#primaryimage\"},\"datePublished\":\"2019-08-22T07:02:15+00:00\",\"dateModified\":\"2019-09-09T14:28:47+00:00\",\"description\":\"Image des RSV Ellmendingen - der Radsportverein Schwalbe hat viel vor und z\\u00e4hlt zu einer der \\u00e4ltesten Radsportvereine in Baden.\",\"breadcrumb\":{\"@id\":\"https:\/\/heuer-cup.de\/das-war-unser-2018\/etappen-und-terminuebersicht\/image-des-rsv-ellmendingen\/#breadcrumb\"},\"inLanguage\":\"en-GB\",\"potentialAction\":[{\"@type\":\"ReadAction\",\"target\":[\"https:\/\/heuer-cup.de\/das-war-unser-2018\/etappen-und-terminuebersicht\/image-des-rsv-ellmendingen\/\"]}]},{\"@type\":\"BreadcrumbList\",\"@id\":\"https:\/\/heuer-cup.de\/das-war-unser-2018\/etappen-und-terminuebersicht\/image-des-rsv-ellmendingen\/#breadcrumb\",\"itemListElement\":[{\"@type\":\"ListItem\",\"position\":1,\"name\":\"Home\",\"item\":\"https:\/\/heuer-cup.de\/\"},{\"@type\":\"ListItem\",\"position\":2,\"name\":\"das war unser 2018\",\"item\":\"https:\/\/heuer-cup.de\/das-war-unser-2018\/\"},{\"@type\":\"ListItem\",\"position\":3,\"name\":\"Ellmendingen &#8211; Etappen- und Termin\\u00fcbersicht\",\"item\":\"https:\/\/heuer-cup.de\/das-war-unser-2018\/etappen-und-terminuebersicht\/\"},{\"@type\":\"ListItem\",\"position\":4,\"name\":\"Image des RSV Ellmendingen\"}]}]}<\/script>\n<!-- \/ Yoast SEO plugin. -->","yoast_head_json":{"title":"Image des RSV \"Schwalbe\" Ellmendingen Teampr\u00e4sentation","description":"Image des RSV Ellmendingen - der Radsportverein Schwalbe hat viel vor und z\u00e4hlt zu einer der \u00e4ltesten Radsportvereine in Baden.","robots":{"index":"index","follow":"follow","max-snippet":"max-snippet:-1","max-image-preview":"max-image-preview:large","max-video-preview":"max-video-preview:-1"},"canonical":"https:\/\/heuer-cup.de\/en\/das-war-unser-2018\/etappen-und-terminuebersicht\/image-des-rsv-ellmendingen\/","og_locale":"en_GB","og_type":"article","og_title":"Image des RSV \"Schwalbe\" Ellmendingen Teampr\u00e4sentation","og_description":"Image des RSV Ellmendingen - der Radsportverein Schwalbe hat viel vor und z\u00e4hlt zu einer der \u00e4ltesten Radsportvereine in Baden.","og_url":"https:\/\/heuer-cup.de\/en\/das-war-unser-2018\/etappen-und-terminuebersicht\/image-des-rsv-ellmendingen\/","og_site_name":"HEUER-Cup","article_publisher":"https:\/\/www.facebook.com\/HeuerCup\/","article_modified_time":"2019-09-09T14:28:47+00:00","og_image":[{"url":"https:\/\/heuer-cup.eu\/userfiles\/images\/Vereine\/Ellmendingen\/1.jpg"}],"twitter_card":"summary_large_image","twitter_site":"@Heuer_Cup","twitter_misc":{"Estimated reading time":"2 minutes"},"schema":{"@context":"https:\/\/schema.org","@graph":[{"@type":"Organization","@id":"https:\/\/heuer-cup.de\/#organization","name":"Heuer Radsport","url":"https:\/\/heuer-cup.de\/","sameAs":["https:\/\/www.facebook.com\/HeuerCup\/","https:\/\/www.instagram.com\/heuer_cup\/","https:\/\/www.youtube.com\/channel\/UCuFkVFhY376_zRGfw_0Oy-Q","https:\/\/twitter.com\/Heuer_Cup"],"logo":{"@type":"ImageObject","@id":"https:\/\/heuer-cup.de\/#logo","inLanguage":"en-GB","url":"https:\/\/heuer-cup.de\/wp-content\/uploads\/2019\/01\/logo2.jpg","contentUrl":"https:\/\/heuer-cup.de\/wp-content\/uploads\/2019\/01\/logo2.jpg","width":750,"height":186,"caption":"Heuer Radsport"},"image":{"@id":"https:\/\/heuer-cup.de\/#logo"}},{"@type":"WebSite","@id":"https:\/\/heuer-cup.de\/#website","url":"https:\/\/heuer-cup.de\/","name":"Heuer Radsport","description":"Vollgas! oder einfach: Kette rechts","publisher":{"@id":"https:\/\/heuer-cup.de\/#organization"},"potentialAction":[{"@type":"SearchAction","target":{"@type":"EntryPoint","urlTemplate":"https:\/\/heuer-cup.de\/?s={search_term_string}"},"query-input":"required name=search_term_string"}],"inLanguage":"en-GB"},{"@type":"ImageObject","@id":"https:\/\/heuer-cup.de\/das-war-unser-2018\/etappen-und-terminuebersicht\/image-des-rsv-ellmendingen\/#primaryimage","inLanguage":"en-GB","url":"https:\/\/heuer-cup.eu\/userfiles\/images\/Vereine\/Ellmendingen\/1.jpg","contentUrl":"https:\/\/heuer-cup.eu\/userfiles\/images\/Vereine\/Ellmendingen\/1.jpg"},{"@type":"WebPage","@id":"https:\/\/heuer-cup.de\/das-war-unser-2018\/etappen-und-terminuebersicht\/image-des-rsv-ellmendingen\/#webpage","url":"https:\/\/heuer-cup.de\/das-war-unser-2018\/etappen-und-terminuebersicht\/image-des-rsv-ellmendingen\/","name":"Image des RSV \"Schwalbe\" Ellmendingen Teampr\u00e4sentation","isPartOf":{"@id":"https:\/\/heuer-cup.de\/#website"},"primaryImageOfPage":{"@id":"https:\/\/heuer-cup.de\/das-war-unser-2018\/etappen-und-terminuebersicht\/image-des-rsv-ellmendingen\/#primaryimage"},"datePublished":"2019-08-22T07:02:15+00:00","dateModified":"2019-09-09T14:28:47+00:00","description":"Image des RSV Ellmendingen - der Radsportverein Schwalbe hat viel vor und z\u00e4hlt zu einer der \u00e4ltesten Radsportvereine in Baden.","breadcrumb":{"@id":"https:\/\/heuer-cup.de\/das-war-unser-2018\/etappen-und-terminuebersicht\/image-des-rsv-ellmendingen\/#breadcrumb"},"inLanguage":"en-GB","potentialAction":[{"@type":"ReadAction","target":["https:\/\/heuer-cup.de\/das-war-unser-2018\/etappen-und-terminuebersicht\/image-des-rsv-ellmendingen\/"]}]},{"@type":"BreadcrumbList","@id":"https:\/\/heuer-cup.de\/das-war-unser-2018\/etappen-und-terminuebersicht\/image-des-rsv-ellmendingen\/#breadcrumb","itemListElement":[{"@type":"ListItem","position":1,"name":"Home","item":"https:\/\/heuer-cup.de\/"},{"@type":"ListItem","position":2,"name":"das war unser 2018","item":"https:\/\/heuer-cup.de\/das-war-unser-2018\/"},{"@type":"ListItem","position":3,"name":"Ellmendingen &#8211; Etappen- und Termin\u00fcbersicht","item":"https:\/\/heuer-cup.de\/das-war-unser-2018\/etappen-und-terminuebersicht\/"},{"@type":"ListItem","position":4,"name":"Image des RSV Ellmendingen"}]}]}},"_links":{"self":[{"href":"https:\/\/heuer-cup.de\/en\/wp-json\/wp\/v2\/pages\/4236"}],"collection":[{"href":"https:\/\/heuer-cup.de\/en\/wp-json\/wp\/v2\/pages"}],"about":[{"href":"https:\/\/heuer-cup.de\/en\/wp-json\/wp\/v2\/types\/page"}],"author":[{"embeddable":true,"href":"https:\/\/heuer-cup.de\/en\/wp-json\/wp\/v2\/users\/1"}],"replies":[{"embeddable":true,"href":"https:\/\/heuer-cup.de\/en\/wp-json\/wp\/v2\/comments?post=4236"}],"version-history":[{"count":2,"href":"https:\/\/heuer-cup.de\/en\/wp-json\/wp\/v2\/pages\/4236\/revisions"}],"predecessor-version":[{"id":4883,"href":"https:\/\/heuer-cup.de\/en\/wp-json\/wp\/v2\/pages\/4236\/revisions\/4883"}],"up":[{"embeddable":true,"href":"https:\/\/heuer-cup.de\/en\/wp-json\/wp\/v2\/pages\/4231"}],"wp:attachment":[{"href":"https:\/\/heuer-cup.de\/en\/wp-json\/wp\/v2\/media?parent=4236"}],"curies":[{"name":"wp","href":"https:\/\/api.w.org\/{rel}","templated":true}]}}