{"id":4229,"date":"2019-08-22T08:57:05","date_gmt":"2019-08-22T06:57:05","guid":{"rendered":"https:\/\/heuer-cup.de\/?page_id=4229"},"modified":"2019-09-09T16:32:49","modified_gmt":"2019-09-09T14:32:49","slug":"strecke","status":"publish","type":"page","link":"https:\/\/heuer-cup.de\/en\/das-war-unser-2018\/kriterium-bruchsal\/strecke\/","title":{"rendered":"Strecke"},"content":{"rendered":"<div class=\"vc_row wpb_row vc_row-fluid\"><div class=\"wpb_column vc_column_container vc_col-sm-12\"><div class=\"vc_column-inner\"><div class=\"wpb_wrapper\">\n\t<div class=\"wpb_text_column wpb_content_element\" >\n\t\t<div class=\"wpb_wrapper\">\n\t\t\t<p>&#8222;Kriterium im Industriebebiet Stegwiesen&#8220; am 22.04.2018<\/p>\n<ul>\n<li>Start \/ Ziel ist an der &#8222;Radgalerie Bruchsal&#8220;<\/li>\n<li>die Rundenl\u00e4nge betr\u00e4gt ca. 1100m<\/li>\n<li>gefahren wird rechtsherum vom Start zum Ziel.<\/li>\n<li>Parkpl\u00e4tze sind vor Ort ausgeschrieben<br \/>\n(direkt an Start Ziel kann nicht geparkt werden)<\/li>\n<\/ul>\n<p>Hier geht es direkt zur\u00a0<a href=\"https:\/\/www.rad-net.de\/modules.php?name=Ausschreibung&amp;menuid=288&amp;ID_Veranstaltung=30515&amp;mode=ascr_detail&amp;typ=i\" target=\"_blank\" rel=\"noopener noreferrer\">Ausschreibung<\/a><\/p>\n<p>Die Rennstrecke kann hier heruntergeladen werden:<\/p>\n<p><em><strong>\u00a0\u00a0<a title=\"Strecke Bruchsal\" href=\"https:\/\/heuer-cup.eu\/userfiles\/downloads\/streckenPDF\/Strecke-Bruchsal-2018.pdf\" target=\"_blank\" rel=\"noopener noreferrer\">PDF \u00a0<\/a><\/strong><\/em><\/p>\n<p>oder hier geht es weiter zur OpenStreetMap:<\/p>\n<p><a href=\"https:\/\/www.gpsies.com\/map.do;jsessionid=21DEB62A6FFEFFB6CDBA08F503042798.fe1?fileId=ewqsyrntprsxsgdr&amp;authkey=888842627C153A4ECF2C74BA942145486575F9AA3E179274\" target=\"_blank\" rel=\"noopener noreferrer\"><img loading=\"lazy\" class=\"bild aligncenter\" title=\"Streckenverlauf\" src=\"https:\/\/heuer-cup.eu\/userfiles\/images\/Vereine\/Bruchsal\/Stecke.JPG\" alt=\"\" width=\"429\" height=\"401\" \/><\/a><\/p>\n\n\t\t<\/div>\n\t<\/div>\n<\/div><\/div><\/div><\/div>","protected":false},"excerpt":{"rendered":"\"Kriterium im Industriebebiet Stegwiesen\" am 22.04.2018 Start \/ Ziel ist an der \"Radgalerie Bruchsal\" die Rundenl\u00e4nge betr\u00e4gt ca. 1100m gefahren wird rechtsherum vom Start zum Ziel. Parkpl\u00e4tze sind vor Ort ausgeschrieben (direkt an Start Ziel kann nicht geparkt werden) Hier geht es direkt zur\u00a0Ausschreibung Die Rennstrecke kann hier heruntergeladen werden: \u00a0\u00a0PDF \u00a0 oder hier geht [...]","protected":false},"author":1,"featured_media":0,"parent":4227,"menu_order":0,"comment_status":"closed","ping_status":"closed","template":"","meta":[],"yoast_head":"<!-- This site is optimized with the Yoast SEO plugin v16.9 - https:\/\/yoast.com\/wordpress\/plugins\/seo\/ -->\n<title>Strecke Stegwiesen - &quot;Kriterium im Industriegebiet in Stegwiesen&quot;<\/title>\n<meta name=\"description\" content=\"Strecke Stegwiesen - &quot;Kriterium im Industriegebiet in Stegwiesen&quot; am Sonntag, den 22. April 2018, mit Start und Ziel an der &quot;Radgalerie Bruchsal&quot;.\" \/>\n<meta name=\"robots\" content=\"index, follow, max-snippet:-1, max-image-preview:large, max-video-preview:-1\" \/>\n<link rel=\"canonical\" href=\"https:\/\/heuer-cup.de\/en\/das-war-unser-2018\/kriterium-bruchsal\/strecke\/\" \/>\n<meta property=\"og:locale\" content=\"en_GB\" \/>\n<meta property=\"og:type\" content=\"article\" \/>\n<meta property=\"og:title\" content=\"Strecke Stegwiesen - &quot;Kriterium im Industriegebiet in Stegwiesen&quot;\" \/>\n<meta property=\"og:description\" content=\"Strecke Stegwiesen - &quot;Kriterium im Industriegebiet in Stegwiesen&quot; am Sonntag, den 22. April 2018, mit Start und Ziel an der &quot;Radgalerie Bruchsal&quot;.\" \/>\n<meta property=\"og:url\" content=\"https:\/\/heuer-cup.de\/en\/das-war-unser-2018\/kriterium-bruchsal\/strecke\/\" \/>\n<meta property=\"og:site_name\" content=\"HEUER-Cup\" \/>\n<meta property=\"article:publisher\" content=\"https:\/\/www.facebook.com\/HeuerCup\/\" \/>\n<meta property=\"article:modified_time\" content=\"2019-09-09T14:32:49+00:00\" \/>\n<meta property=\"og:image\" content=\"https:\/\/heuer-cup.eu\/userfiles\/images\/Vereine\/Bruchsal\/Stecke.JPG\" \/>\n<meta name=\"twitter:card\" content=\"summary_large_image\" \/>\n<meta name=\"twitter:site\" content=\"@Heuer_Cup\" \/>\n<script type=\"application\/ld+json\" class=\"yoast-schema-graph\">{\"@context\":\"https:\/\/schema.org\",\"@graph\":[{\"@type\":\"Organization\",\"@id\":\"https:\/\/heuer-cup.de\/#organization\",\"name\":\"Heuer Radsport\",\"url\":\"https:\/\/heuer-cup.de\/\",\"sameAs\":[\"https:\/\/www.facebook.com\/HeuerCup\/\",\"https:\/\/www.instagram.com\/heuer_cup\/\",\"https:\/\/www.youtube.com\/channel\/UCuFkVFhY376_zRGfw_0Oy-Q\",\"https:\/\/twitter.com\/Heuer_Cup\"],\"logo\":{\"@type\":\"ImageObject\",\"@id\":\"https:\/\/heuer-cup.de\/#logo\",\"inLanguage\":\"en-GB\",\"url\":\"https:\/\/heuer-cup.de\/wp-content\/uploads\/2019\/01\/logo2.jpg\",\"contentUrl\":\"https:\/\/heuer-cup.de\/wp-content\/uploads\/2019\/01\/logo2.jpg\",\"width\":750,\"height\":186,\"caption\":\"Heuer Radsport\"},\"image\":{\"@id\":\"https:\/\/heuer-cup.de\/#logo\"}},{\"@type\":\"WebSite\",\"@id\":\"https:\/\/heuer-cup.de\/#website\",\"url\":\"https:\/\/heuer-cup.de\/\",\"name\":\"Heuer Radsport\",\"description\":\"Vollgas! oder einfach: Kette rechts\",\"publisher\":{\"@id\":\"https:\/\/heuer-cup.de\/#organization\"},\"potentialAction\":[{\"@type\":\"SearchAction\",\"target\":{\"@type\":\"EntryPoint\",\"urlTemplate\":\"https:\/\/heuer-cup.de\/?s={search_term_string}\"},\"query-input\":\"required name=search_term_string\"}],\"inLanguage\":\"en-GB\"},{\"@type\":\"ImageObject\",\"@id\":\"https:\/\/heuer-cup.de\/das-war-unser-2018\/kriterium-bruchsal\/strecke\/#primaryimage\",\"inLanguage\":\"en-GB\",\"url\":\"https:\/\/heuer-cup.eu\/userfiles\/images\/Vereine\/Bruchsal\/Stecke.JPG\",\"contentUrl\":\"https:\/\/heuer-cup.eu\/userfiles\/images\/Vereine\/Bruchsal\/Stecke.JPG\"},{\"@type\":\"WebPage\",\"@id\":\"https:\/\/heuer-cup.de\/das-war-unser-2018\/kriterium-bruchsal\/strecke\/#webpage\",\"url\":\"https:\/\/heuer-cup.de\/das-war-unser-2018\/kriterium-bruchsal\/strecke\/\",\"name\":\"Strecke Stegwiesen - \\\"Kriterium im Industriegebiet in Stegwiesen\\\"\",\"isPartOf\":{\"@id\":\"https:\/\/heuer-cup.de\/#website\"},\"primaryImageOfPage\":{\"@id\":\"https:\/\/heuer-cup.de\/das-war-unser-2018\/kriterium-bruchsal\/strecke\/#primaryimage\"},\"datePublished\":\"2019-08-22T06:57:05+00:00\",\"dateModified\":\"2019-09-09T14:32:49+00:00\",\"description\":\"Strecke Stegwiesen - \\\"Kriterium im Industriegebiet in Stegwiesen\\\" am Sonntag, den 22. April 2018, mit Start und Ziel an der \\\"Radgalerie Bruchsal\\\".\",\"breadcrumb\":{\"@id\":\"https:\/\/heuer-cup.de\/das-war-unser-2018\/kriterium-bruchsal\/strecke\/#breadcrumb\"},\"inLanguage\":\"en-GB\",\"potentialAction\":[{\"@type\":\"ReadAction\",\"target\":[\"https:\/\/heuer-cup.de\/das-war-unser-2018\/kriterium-bruchsal\/strecke\/\"]}]},{\"@type\":\"BreadcrumbList\",\"@id\":\"https:\/\/heuer-cup.de\/das-war-unser-2018\/kriterium-bruchsal\/strecke\/#breadcrumb\",\"itemListElement\":[{\"@type\":\"ListItem\",\"position\":1,\"name\":\"Home\",\"item\":\"https:\/\/heuer-cup.de\/\"},{\"@type\":\"ListItem\",\"position\":2,\"name\":\"das war unser 2018\",\"item\":\"https:\/\/heuer-cup.de\/das-war-unser-2018\/\"},{\"@type\":\"ListItem\",\"position\":3,\"name\":\"Kriterium Bruchsal\",\"item\":\"https:\/\/heuer-cup.de\/das-war-unser-2018\/kriterium-bruchsal\/\"},{\"@type\":\"ListItem\",\"position\":4,\"name\":\"Strecke\"}]}]}<\/script>\n<!-- \/ Yoast SEO plugin. -->","yoast_head_json":{"title":"Strecke Stegwiesen - \"Kriterium im Industriegebiet in Stegwiesen\"","description":"Strecke Stegwiesen - \"Kriterium im Industriegebiet in Stegwiesen\" am Sonntag, den 22. April 2018, mit Start und Ziel an der \"Radgalerie Bruchsal\".","robots":{"index":"index","follow":"follow","max-snippet":"max-snippet:-1","max-image-preview":"max-image-preview:large","max-video-preview":"max-video-preview:-1"},"canonical":"https:\/\/heuer-cup.de\/en\/das-war-unser-2018\/kriterium-bruchsal\/strecke\/","og_locale":"en_GB","og_type":"article","og_title":"Strecke Stegwiesen - \"Kriterium im Industriegebiet in Stegwiesen\"","og_description":"Strecke Stegwiesen - \"Kriterium im Industriegebiet in Stegwiesen\" am Sonntag, den 22. April 2018, mit Start und Ziel an der \"Radgalerie Bruchsal\".","og_url":"https:\/\/heuer-cup.de\/en\/das-war-unser-2018\/kriterium-bruchsal\/strecke\/","og_site_name":"HEUER-Cup","article_publisher":"https:\/\/www.facebook.com\/HeuerCup\/","article_modified_time":"2019-09-09T14:32:49+00:00","og_image":[{"url":"https:\/\/heuer-cup.eu\/userfiles\/images\/Vereine\/Bruchsal\/Stecke.JPG"}],"twitter_card":"summary_large_image","twitter_site":"@Heuer_Cup","schema":{"@context":"https:\/\/schema.org","@graph":[{"@type":"Organization","@id":"https:\/\/heuer-cup.de\/#organization","name":"Heuer Radsport","url":"https:\/\/heuer-cup.de\/","sameAs":["https:\/\/www.facebook.com\/HeuerCup\/","https:\/\/www.instagram.com\/heuer_cup\/","https:\/\/www.youtube.com\/channel\/UCuFkVFhY376_zRGfw_0Oy-Q","https:\/\/twitter.com\/Heuer_Cup"],"logo":{"@type":"ImageObject","@id":"https:\/\/heuer-cup.de\/#logo","inLanguage":"en-GB","url":"https:\/\/heuer-cup.de\/wp-content\/uploads\/2019\/01\/logo2.jpg","contentUrl":"https:\/\/heuer-cup.de\/wp-content\/uploads\/2019\/01\/logo2.jpg","width":750,"height":186,"caption":"Heuer Radsport"},"image":{"@id":"https:\/\/heuer-cup.de\/#logo"}},{"@type":"WebSite","@id":"https:\/\/heuer-cup.de\/#website","url":"https:\/\/heuer-cup.de\/","name":"Heuer Radsport","description":"Vollgas! oder einfach: Kette rechts","publisher":{"@id":"https:\/\/heuer-cup.de\/#organization"},"potentialAction":[{"@type":"SearchAction","target":{"@type":"EntryPoint","urlTemplate":"https:\/\/heuer-cup.de\/?s={search_term_string}"},"query-input":"required name=search_term_string"}],"inLanguage":"en-GB"},{"@type":"ImageObject","@id":"https:\/\/heuer-cup.de\/das-war-unser-2018\/kriterium-bruchsal\/strecke\/#primaryimage","inLanguage":"en-GB","url":"https:\/\/heuer-cup.eu\/userfiles\/images\/Vereine\/Bruchsal\/Stecke.JPG","contentUrl":"https:\/\/heuer-cup.eu\/userfiles\/images\/Vereine\/Bruchsal\/Stecke.JPG"},{"@type":"WebPage","@id":"https:\/\/heuer-cup.de\/das-war-unser-2018\/kriterium-bruchsal\/strecke\/#webpage","url":"https:\/\/heuer-cup.de\/das-war-unser-2018\/kriterium-bruchsal\/strecke\/","name":"Strecke Stegwiesen - \"Kriterium im Industriegebiet in Stegwiesen\"","isPartOf":{"@id":"https:\/\/heuer-cup.de\/#website"},"primaryImageOfPage":{"@id":"https:\/\/heuer-cup.de\/das-war-unser-2018\/kriterium-bruchsal\/strecke\/#primaryimage"},"datePublished":"2019-08-22T06:57:05+00:00","dateModified":"2019-09-09T14:32:49+00:00","description":"Strecke Stegwiesen - \"Kriterium im Industriegebiet in Stegwiesen\" am Sonntag, den 22. April 2018, mit Start und Ziel an der \"Radgalerie Bruchsal\".","breadcrumb":{"@id":"https:\/\/heuer-cup.de\/das-war-unser-2018\/kriterium-bruchsal\/strecke\/#breadcrumb"},"inLanguage":"en-GB","potentialAction":[{"@type":"ReadAction","target":["https:\/\/heuer-cup.de\/das-war-unser-2018\/kriterium-bruchsal\/strecke\/"]}]},{"@type":"BreadcrumbList","@id":"https:\/\/heuer-cup.de\/das-war-unser-2018\/kriterium-bruchsal\/strecke\/#breadcrumb","itemListElement":[{"@type":"ListItem","position":1,"name":"Home","item":"https:\/\/heuer-cup.de\/"},{"@type":"ListItem","position":2,"name":"das war unser 2018","item":"https:\/\/heuer-cup.de\/das-war-unser-2018\/"},{"@type":"ListItem","position":3,"name":"Kriterium Bruchsal","item":"https:\/\/heuer-cup.de\/das-war-unser-2018\/kriterium-bruchsal\/"},{"@type":"ListItem","position":4,"name":"Strecke"}]}]}},"_links":{"self":[{"href":"https:\/\/heuer-cup.de\/en\/wp-json\/wp\/v2\/pages\/4229"}],"collection":[{"href":"https:\/\/heuer-cup.de\/en\/wp-json\/wp\/v2\/pages"}],"about":[{"href":"https:\/\/heuer-cup.de\/en\/wp-json\/wp\/v2\/types\/page"}],"author":[{"embeddable":true,"href":"https:\/\/heuer-cup.de\/en\/wp-json\/wp\/v2\/users\/1"}],"replies":[{"embeddable":true,"href":"https:\/\/heuer-cup.de\/en\/wp-json\/wp\/v2\/comments?post=4229"}],"version-history":[{"count":2,"href":"https:\/\/heuer-cup.de\/en\/wp-json\/wp\/v2\/pages\/4229\/revisions"}],"predecessor-version":[{"id":4886,"href":"https:\/\/heuer-cup.de\/en\/wp-json\/wp\/v2\/pages\/4229\/revisions\/4886"}],"up":[{"embeddable":true,"href":"https:\/\/heuer-cup.de\/en\/wp-json\/wp\/v2\/pages\/4227"}],"wp:attachment":[{"href":"https:\/\/heuer-cup.de\/en\/wp-json\/wp\/v2\/media?parent=4229"}],"curies":[{"name":"wp","href":"https:\/\/api.w.org\/{rel}","templated":true}]}}