{"id":4227,"date":"2019-08-22T08:56:28","date_gmt":"2019-08-22T06:56:28","guid":{"rendered":"https:\/\/heuer-cup.de\/?page_id=4227"},"modified":"2019-09-09T16:30:56","modified_gmt":"2019-09-09T14:30:56","slug":"kriterium-bruchsal","status":"publish","type":"page","link":"https:\/\/heuer-cup.de\/en\/das-war-unser-2018\/kriterium-bruchsal\/","title":{"rendered":"Kriterium Bruchsal"},"content":{"rendered":"<div class=\"vc_row wpb_row vc_row-fluid\"><div class=\"wpb_column vc_column_container vc_col-sm-12\"><div class=\"vc_column-inner\"><div class=\"wpb_wrapper\">\n\t<div class=\"wpb_text_column wpb_content_element\" >\n\t\t<div class=\"wpb_wrapper\">\n\t\t\t<p>von Klaus Mohr<\/p>\n<p>F\u00fcr den diesj\u00e4hrigen Radrenntag am 22.04.2018 hat sich das\u00a0<a href=\"http:\/\/www.radsport-team-kraichgau.de\/\" target=\"_blank\" rel=\"noopener noreferrer\">Radsport Team Kraichgau<\/a>\u00a0&#8222;<strong>Rund um Autohaus Graf und CarCenter<\/strong>&#8220; wieder eine besondere Rennstrecke ausgesucht. Nur einen Steinwurf vom Wahrzeichen der Stadt Bruchsal, dem Barockschloss, entfernt liegt das Gewerbegebiet Stegwiesen. Hier geht es auf eine 1100 m lange Strecke, die sicherlich alle Voraussetzungen mit sich bringt &#8211; breite Stra\u00dfen und ausladende Kurven -, das Tempo bei den Rennen hoch zu halten.<\/p>\n<p>Erwartet werden wieder zahlreiche Radsportler aus Baden-W\u00fcrttemberg, Rheinland-Pfalz und weit dar\u00fcber hinaus, liegt doch Bruchsal sehr verkehrsg\u00fcnstig direkt an der Autobahn A5 zwischen Karlsruhe und Heidelberg. Von der BAB-Abfahrt sind es mit dem PKW gerade mal ca. 3 Minuten, und schon ist man an der Rennstrecke.<\/p>\n<p>Parkpl\u00e4tze befinden sich in ausreichender Zahl direkt an den Zufahrten zum Gewerbegebiet. F\u00fcr die Zuschauer gibt es auch die M\u00f6glichkeit, die Rennstrecke von der Stadtmitte aus nach einem kurzen Spaziergang zu erreichen. Vom Schlossgarten sind es lediglich 750 m zum Start- und Zielpunkt.<\/p>\n<p>Gestartet wird in s\u00e4mtlichen Klassen, von den Einsteigern bis hin zum\u00a0 Rennen der\u00a0 C-Klasse. Los geht es um 10.00 Uhr. Der Start ist direkt vor dem\u00a0<strong>CarCenter Bruchsal<\/strong>, einem der Sponsoren des Renntages. In den R\u00e4umen des CarCenters befindet sich das Rennb\u00fcro, vor dem CarCenter ist auch f\u00fcr das leibliche Wohl gesorgt.<\/p>\n<p><img loading=\"lazy\" class=\"bild aligncenter\" title=\"Car Bruchsal\" src=\"https:\/\/heuer-cup.eu\/userfiles\/images\/Vereine\/Bruchsal\/K1024_IMG_1342.jpg\" alt=\"\" width=\"460\" height=\"306\" \/><\/p>\n<p>Der Start f\u00fcr die Einsteigerrennen erfolgt um ca. 14.30 Uhr. Interessierte Kinder k\u00f6nnen sich bis ca. 14:00 Uhr im Rennb\u00fcro im CarCenter anmelden und ihre Startnummern abholen.<\/p>\n<p>Das Radsport Team Kraichgau wird dank kr\u00e4ftiger Unterst\u00fctzung der Sponsoren &#8211;\u00a0<strong>Hauptsponsoren sind die Sparkasse Kraichgau, das Autohaus Graf,<\/strong>\u00a0welches sich auch direkt an der Rennstrecke befindet, und das<strong>\u00a0CarCenter Bruchsal<\/strong>\u00a0&#8211; zahlreiche Pr\u00e4mien ausloben. So wird das Tempo sicherlich \u00fcber den ganzen Rennverlauf recht hoch sein, packende K\u00e4mpfe auf dem Rad sind zu erwarten.<\/p>\n<p>Nach 60 Runden und 66 gefahrenen Kilometer wird mit der Siegerehrung des Hauptrennens an diesem Tag, der Klasse Elite C, der Renntag ausklingen.<\/p>\n<p>Das Radsport Team Kraichgau freut sich ganz besonders, zus\u00e4tzlich zum\u00a0<strong>&#8222;Regio-Cup&#8220;\u00a0<\/strong>des Badischen Radsport Verbandes f\u00fcr die Sch\u00fclerKlassen auch erstmals eine Etappe des &#8222;<strong>HEUER-Cup&#8220;<\/strong>\u00a0ausrichten zu d\u00fcrfen.<\/p>\n<p>Als Ausrichter einer dieser Etappen ist sich das Radsport Team Kraichgau sicher, eine weitere massive Aufwertung des Renntages in Bruchsal zu erfahren.<\/p>\n<p>Hier geht es zu den\u00a0<a href=\"http:\/\/public-presentation-solutions.com\/rst-kraichgau_de\/sponsoren.html\" target=\"_blank\" rel=\"noopener noreferrer\">Sponsoren<\/a>\u00a0des\u00a0<a href=\"https:\/\/www.facebook.com\/RadsportTeamKraichgau\/\" target=\"_blank\" rel=\"noopener noreferrer\">Radsport Team Kraichgau<\/a>.<\/p>\n<div class=\"tplge_submenu\">\n<h4><\/h4>\n<ul class=\"submenu\">\n<li class=\"doc\"><a href=\"https:\/\/heuer-cup.de\/en\/das-war-unser-2018\/kriterium-bruchsal\/strecke\/\">Strecke<\/a><\/li>\n<\/ul>\n<\/div>\n\n\t\t<\/div>\n\t<\/div>\n<\/div><\/div><\/div><\/div>","protected":false},"excerpt":{"rendered":"von Klaus Mohr F\u00fcr den diesj\u00e4hrigen Radrenntag am 22.04.2018 hat sich das\u00a0Radsport Team Kraichgau\u00a0\"Rund um Autohaus Graf und CarCenter\" wieder eine besondere Rennstrecke ausgesucht. Nur einen Steinwurf vom Wahrzeichen der Stadt Bruchsal, dem Barockschloss, entfernt liegt das Gewerbegebiet Stegwiesen. Hier geht es auf eine 1100 m lange Strecke, die sicherlich alle Voraussetzungen mit sich bringt [...]","protected":false},"author":1,"featured_media":0,"parent":4189,"menu_order":0,"comment_status":"closed","ping_status":"closed","template":"","meta":[],"yoast_head":"<!-- This site is optimized with the Yoast SEO plugin v16.9 - https:\/\/yoast.com\/wordpress\/plugins\/seo\/ -->\n<title>Kriterium Bruchsal - Radrennen am Sonntag den 22. April 2018<\/title>\n<meta name=\"description\" content=\"Kriterium Bruchsal - Radrennen am Sonntag, den 22. April 2018, mit der Strecke &quot;Rund um Autohaus Graf und CarCenter&quot; in der N\u00e4he des Barockschlosses.\" \/>\n<meta name=\"robots\" content=\"index, follow, max-snippet:-1, max-image-preview:large, max-video-preview:-1\" \/>\n<link rel=\"canonical\" href=\"https:\/\/heuer-cup.de\/en\/das-war-unser-2018\/kriterium-bruchsal\/\" \/>\n<meta property=\"og:locale\" content=\"en_GB\" \/>\n<meta property=\"og:type\" content=\"article\" \/>\n<meta property=\"og:title\" content=\"Kriterium Bruchsal - Radrennen am Sonntag den 22. April 2018\" \/>\n<meta property=\"og:description\" content=\"Kriterium Bruchsal - Radrennen am Sonntag, den 22. April 2018, mit der Strecke &quot;Rund um Autohaus Graf und CarCenter&quot; in der N\u00e4he des Barockschlosses.\" \/>\n<meta property=\"og:url\" content=\"https:\/\/heuer-cup.de\/en\/das-war-unser-2018\/kriterium-bruchsal\/\" \/>\n<meta property=\"og:site_name\" content=\"HEUER-Cup\" \/>\n<meta property=\"article:publisher\" content=\"https:\/\/www.facebook.com\/HeuerCup\/\" \/>\n<meta property=\"article:modified_time\" content=\"2019-09-09T14:30:56+00:00\" \/>\n<meta property=\"og:image\" content=\"https:\/\/heuer-cup.eu\/userfiles\/images\/Vereine\/Bruchsal\/K1024_IMG_1342.jpg\" \/>\n<meta name=\"twitter:card\" content=\"summary_large_image\" \/>\n<meta name=\"twitter:site\" content=\"@Heuer_Cup\" \/>\n<meta name=\"twitter:label1\" content=\"Estimated reading time\" \/>\n\t<meta name=\"twitter:data1\" content=\"2 minutes\" \/>\n<script type=\"application\/ld+json\" class=\"yoast-schema-graph\">{\"@context\":\"https:\/\/schema.org\",\"@graph\":[{\"@type\":\"Organization\",\"@id\":\"https:\/\/heuer-cup.de\/#organization\",\"name\":\"Heuer Radsport\",\"url\":\"https:\/\/heuer-cup.de\/\",\"sameAs\":[\"https:\/\/www.facebook.com\/HeuerCup\/\",\"https:\/\/www.instagram.com\/heuer_cup\/\",\"https:\/\/www.youtube.com\/channel\/UCuFkVFhY376_zRGfw_0Oy-Q\",\"https:\/\/twitter.com\/Heuer_Cup\"],\"logo\":{\"@type\":\"ImageObject\",\"@id\":\"https:\/\/heuer-cup.de\/#logo\",\"inLanguage\":\"en-GB\",\"url\":\"https:\/\/heuer-cup.de\/wp-content\/uploads\/2019\/01\/logo2.jpg\",\"contentUrl\":\"https:\/\/heuer-cup.de\/wp-content\/uploads\/2019\/01\/logo2.jpg\",\"width\":750,\"height\":186,\"caption\":\"Heuer Radsport\"},\"image\":{\"@id\":\"https:\/\/heuer-cup.de\/#logo\"}},{\"@type\":\"WebSite\",\"@id\":\"https:\/\/heuer-cup.de\/#website\",\"url\":\"https:\/\/heuer-cup.de\/\",\"name\":\"Heuer Radsport\",\"description\":\"Vollgas! oder einfach: Kette rechts\",\"publisher\":{\"@id\":\"https:\/\/heuer-cup.de\/#organization\"},\"potentialAction\":[{\"@type\":\"SearchAction\",\"target\":{\"@type\":\"EntryPoint\",\"urlTemplate\":\"https:\/\/heuer-cup.de\/?s={search_term_string}\"},\"query-input\":\"required name=search_term_string\"}],\"inLanguage\":\"en-GB\"},{\"@type\":\"ImageObject\",\"@id\":\"https:\/\/heuer-cup.de\/das-war-unser-2018\/kriterium-bruchsal\/#primaryimage\",\"inLanguage\":\"en-GB\",\"url\":\"https:\/\/heuer-cup.eu\/userfiles\/images\/Vereine\/Bruchsal\/K1024_IMG_1342.jpg\",\"contentUrl\":\"https:\/\/heuer-cup.eu\/userfiles\/images\/Vereine\/Bruchsal\/K1024_IMG_1342.jpg\"},{\"@type\":\"WebPage\",\"@id\":\"https:\/\/heuer-cup.de\/das-war-unser-2018\/kriterium-bruchsal\/#webpage\",\"url\":\"https:\/\/heuer-cup.de\/das-war-unser-2018\/kriterium-bruchsal\/\",\"name\":\"Kriterium Bruchsal - Radrennen am Sonntag den 22. April 2018\",\"isPartOf\":{\"@id\":\"https:\/\/heuer-cup.de\/#website\"},\"primaryImageOfPage\":{\"@id\":\"https:\/\/heuer-cup.de\/das-war-unser-2018\/kriterium-bruchsal\/#primaryimage\"},\"datePublished\":\"2019-08-22T06:56:28+00:00\",\"dateModified\":\"2019-09-09T14:30:56+00:00\",\"description\":\"Kriterium Bruchsal - Radrennen am Sonntag, den 22. April 2018, mit der Strecke \\\"Rund um Autohaus Graf und CarCenter\\\" in der N\\u00e4he des Barockschlosses.\",\"breadcrumb\":{\"@id\":\"https:\/\/heuer-cup.de\/das-war-unser-2018\/kriterium-bruchsal\/#breadcrumb\"},\"inLanguage\":\"en-GB\",\"potentialAction\":[{\"@type\":\"ReadAction\",\"target\":[\"https:\/\/heuer-cup.de\/das-war-unser-2018\/kriterium-bruchsal\/\"]}]},{\"@type\":\"BreadcrumbList\",\"@id\":\"https:\/\/heuer-cup.de\/das-war-unser-2018\/kriterium-bruchsal\/#breadcrumb\",\"itemListElement\":[{\"@type\":\"ListItem\",\"position\":1,\"name\":\"Home\",\"item\":\"https:\/\/heuer-cup.de\/\"},{\"@type\":\"ListItem\",\"position\":2,\"name\":\"das war unser 2018\",\"item\":\"https:\/\/heuer-cup.de\/das-war-unser-2018\/\"},{\"@type\":\"ListItem\",\"position\":3,\"name\":\"Kriterium Bruchsal\"}]}]}<\/script>\n<!-- \/ Yoast SEO plugin. -->","yoast_head_json":{"title":"Kriterium Bruchsal - Radrennen am Sonntag den 22. April 2018","description":"Kriterium Bruchsal - Radrennen am Sonntag, den 22. April 2018, mit der Strecke \"Rund um Autohaus Graf und CarCenter\" in der N\u00e4he des Barockschlosses.","robots":{"index":"index","follow":"follow","max-snippet":"max-snippet:-1","max-image-preview":"max-image-preview:large","max-video-preview":"max-video-preview:-1"},"canonical":"https:\/\/heuer-cup.de\/en\/das-war-unser-2018\/kriterium-bruchsal\/","og_locale":"en_GB","og_type":"article","og_title":"Kriterium Bruchsal - Radrennen am Sonntag den 22. April 2018","og_description":"Kriterium Bruchsal - Radrennen am Sonntag, den 22. April 2018, mit der Strecke \"Rund um Autohaus Graf und CarCenter\" in der N\u00e4he des Barockschlosses.","og_url":"https:\/\/heuer-cup.de\/en\/das-war-unser-2018\/kriterium-bruchsal\/","og_site_name":"HEUER-Cup","article_publisher":"https:\/\/www.facebook.com\/HeuerCup\/","article_modified_time":"2019-09-09T14:30:56+00:00","og_image":[{"url":"https:\/\/heuer-cup.eu\/userfiles\/images\/Vereine\/Bruchsal\/K1024_IMG_1342.jpg"}],"twitter_card":"summary_large_image","twitter_site":"@Heuer_Cup","twitter_misc":{"Estimated reading time":"2 minutes"},"schema":{"@context":"https:\/\/schema.org","@graph":[{"@type":"Organization","@id":"https:\/\/heuer-cup.de\/#organization","name":"Heuer Radsport","url":"https:\/\/heuer-cup.de\/","sameAs":["https:\/\/www.facebook.com\/HeuerCup\/","https:\/\/www.instagram.com\/heuer_cup\/","https:\/\/www.youtube.com\/channel\/UCuFkVFhY376_zRGfw_0Oy-Q","https:\/\/twitter.com\/Heuer_Cup"],"logo":{"@type":"ImageObject","@id":"https:\/\/heuer-cup.de\/#logo","inLanguage":"en-GB","url":"https:\/\/heuer-cup.de\/wp-content\/uploads\/2019\/01\/logo2.jpg","contentUrl":"https:\/\/heuer-cup.de\/wp-content\/uploads\/2019\/01\/logo2.jpg","width":750,"height":186,"caption":"Heuer Radsport"},"image":{"@id":"https:\/\/heuer-cup.de\/#logo"}},{"@type":"WebSite","@id":"https:\/\/heuer-cup.de\/#website","url":"https:\/\/heuer-cup.de\/","name":"Heuer Radsport","description":"Vollgas! oder einfach: Kette rechts","publisher":{"@id":"https:\/\/heuer-cup.de\/#organization"},"potentialAction":[{"@type":"SearchAction","target":{"@type":"EntryPoint","urlTemplate":"https:\/\/heuer-cup.de\/?s={search_term_string}"},"query-input":"required name=search_term_string"}],"inLanguage":"en-GB"},{"@type":"ImageObject","@id":"https:\/\/heuer-cup.de\/das-war-unser-2018\/kriterium-bruchsal\/#primaryimage","inLanguage":"en-GB","url":"https:\/\/heuer-cup.eu\/userfiles\/images\/Vereine\/Bruchsal\/K1024_IMG_1342.jpg","contentUrl":"https:\/\/heuer-cup.eu\/userfiles\/images\/Vereine\/Bruchsal\/K1024_IMG_1342.jpg"},{"@type":"WebPage","@id":"https:\/\/heuer-cup.de\/das-war-unser-2018\/kriterium-bruchsal\/#webpage","url":"https:\/\/heuer-cup.de\/das-war-unser-2018\/kriterium-bruchsal\/","name":"Kriterium Bruchsal - Radrennen am Sonntag den 22. April 2018","isPartOf":{"@id":"https:\/\/heuer-cup.de\/#website"},"primaryImageOfPage":{"@id":"https:\/\/heuer-cup.de\/das-war-unser-2018\/kriterium-bruchsal\/#primaryimage"},"datePublished":"2019-08-22T06:56:28+00:00","dateModified":"2019-09-09T14:30:56+00:00","description":"Kriterium Bruchsal - Radrennen am Sonntag, den 22. April 2018, mit der Strecke \"Rund um Autohaus Graf und CarCenter\" in der N\u00e4he des Barockschlosses.","breadcrumb":{"@id":"https:\/\/heuer-cup.de\/das-war-unser-2018\/kriterium-bruchsal\/#breadcrumb"},"inLanguage":"en-GB","potentialAction":[{"@type":"ReadAction","target":["https:\/\/heuer-cup.de\/das-war-unser-2018\/kriterium-bruchsal\/"]}]},{"@type":"BreadcrumbList","@id":"https:\/\/heuer-cup.de\/das-war-unser-2018\/kriterium-bruchsal\/#breadcrumb","itemListElement":[{"@type":"ListItem","position":1,"name":"Home","item":"https:\/\/heuer-cup.de\/"},{"@type":"ListItem","position":2,"name":"das war unser 2018","item":"https:\/\/heuer-cup.de\/das-war-unser-2018\/"},{"@type":"ListItem","position":3,"name":"Kriterium Bruchsal"}]}]}},"_links":{"self":[{"href":"https:\/\/heuer-cup.de\/en\/wp-json\/wp\/v2\/pages\/4227"}],"collection":[{"href":"https:\/\/heuer-cup.de\/en\/wp-json\/wp\/v2\/pages"}],"about":[{"href":"https:\/\/heuer-cup.de\/en\/wp-json\/wp\/v2\/types\/page"}],"author":[{"embeddable":true,"href":"https:\/\/heuer-cup.de\/en\/wp-json\/wp\/v2\/users\/1"}],"replies":[{"embeddable":true,"href":"https:\/\/heuer-cup.de\/en\/wp-json\/wp\/v2\/comments?post=4227"}],"version-history":[{"count":2,"href":"https:\/\/heuer-cup.de\/en\/wp-json\/wp\/v2\/pages\/4227\/revisions"}],"predecessor-version":[{"id":4885,"href":"https:\/\/heuer-cup.de\/en\/wp-json\/wp\/v2\/pages\/4227\/revisions\/4885"}],"up":[{"embeddable":true,"href":"https:\/\/heuer-cup.de\/en\/wp-json\/wp\/v2\/pages\/4189"}],"wp:attachment":[{"href":"https:\/\/heuer-cup.de\/en\/wp-json\/wp\/v2\/media?parent=4227"}],"curies":[{"name":"wp","href":"https:\/\/api.w.org\/{rel}","templated":true}]}}