{"id":4219,"date":"2019-08-22T08:53:40","date_gmt":"2019-08-22T06:53:40","guid":{"rendered":"https:\/\/heuer-cup.de\/?page_id=4219"},"modified":"2019-09-06T13:40:20","modified_gmt":"2019-09-06T11:40:20","slug":"team-rc-villingen","status":"publish","type":"page","link":"https:\/\/heuer-cup.de\/en\/das-war-unser-2018\/teampraesentation\/team-rc-villingen\/","title":{"rendered":"Team RC Villingen"},"content":{"rendered":"<div class=\"vc_row wpb_row vc_row-fluid\"><div class=\"wpb_column vc_column_container vc_col-sm-12\"><div class=\"vc_column-inner\"><div class=\"wpb_wrapper\">\n\t<div class=\"wpb_text_column wpb_content_element\" >\n\t\t<div class=\"wpb_wrapper\">\n\t\t\t<p>(von Ruth Ohnemus-T\u00fcnte, Bilder:Marcel Arena)<\/p>\n<p>Ein neues Team w\u00e4chst zusammen und formt sich.<\/p>\n<p>Die Teammitglieder sind C-Fahrer, die teilweise erst seit wenigen Jahren Jahren Rennen fahren (K\u00e4ding, Fendel, Hieske).<\/p>\n<p>Seit der Nachwuchszeit dabei sind Matthias Gummich und Alexandros Tourlas. Schon l\u00e4nger dabei sind Alex Dutty und Marcel Arena, aber auch teilweise im MTB aktiv. Philipp Bucher kommt vom MTB-Sport und f\u00e4hrt seit wenigen Jahren auch aktiv Rennrad. Auf das gemeinsame Teambild d\u00fcrft ihr gespannt warten.<\/p>\n<p><img loading=\"lazy\" class=\"aligncenter\" title=\"RC Villingen\" src=\"https:\/\/heuer-cup.eu\/userfiles\/images\/team\/RC%20Villingen.png\" alt=\"\" width=\"440\" height=\"519\" \/><\/p>\n<p><img loading=\"lazy\" class=\"aligncenter\" title=\"Andrej\" src=\"https:\/\/heuer-cup.eu\/userfiles\/images\/team\/Andrej%20Fendel.JPG\" alt=\"\" width=\"220\" height=\"330\" \/><img loading=\"lazy\" class=\"aligncenter\" title=\"Phillip\" src=\"https:\/\/heuer-cup.eu\/userfiles\/images\/team\/Philipp%20Bucher.JPG\" alt=\"\" width=\"220\" height=\"330\" \/><\/p>\n\n\t\t<\/div>\n\t<\/div>\n<\/div><\/div><\/div><\/div>","protected":false},"excerpt":{"rendered":"(von Ruth Ohnemus-T\u00fcnte, Bilder:Marcel Arena) Ein neues Team w\u00e4chst zusammen und formt sich. Die Teammitglieder sind C-Fahrer, die teilweise erst seit wenigen Jahren Jahren Rennen fahren (K\u00e4ding, Fendel, Hieske). Seit der Nachwuchszeit dabei sind Matthias Gummich und Alexandros Tourlas. Schon l\u00e4nger dabei sind Alex Dutty und Marcel Arena, aber auch teilweise im MTB aktiv. Philipp [...]","protected":false},"author":1,"featured_media":0,"parent":4203,"menu_order":0,"comment_status":"closed","ping_status":"closed","template":"","meta":[],"yoast_head":"<!-- This site is optimized with the Yoast SEO plugin v16.9 - https:\/\/yoast.com\/wordpress\/plugins\/seo\/ -->\n<title>Team RC Villingen - ein neues Team w\u00e4chst zusammen<\/title>\n<meta name=\"description\" content=\"Team RC Villingen - ein neues Team w\u00e4chst zusammen und formt sich. Die Teammitglider sind C-Fahrer, und seit der Nachwuchszeit sind auch 3 neue dabei.\" \/>\n<meta name=\"robots\" content=\"index, follow, max-snippet:-1, max-image-preview:large, max-video-preview:-1\" \/>\n<link rel=\"canonical\" href=\"https:\/\/heuer-cup.de\/en\/das-war-unser-2018\/teampraesentation\/team-rc-villingen\/\" \/>\n<meta property=\"og:locale\" content=\"en_GB\" \/>\n<meta property=\"og:type\" content=\"article\" \/>\n<meta property=\"og:title\" content=\"Team RC Villingen - ein neues Team w\u00e4chst zusammen\" \/>\n<meta property=\"og:description\" content=\"Team RC Villingen - ein neues Team w\u00e4chst zusammen und formt sich. Die Teammitglider sind C-Fahrer, und seit der Nachwuchszeit sind auch 3 neue dabei.\" \/>\n<meta property=\"og:url\" content=\"https:\/\/heuer-cup.de\/en\/das-war-unser-2018\/teampraesentation\/team-rc-villingen\/\" \/>\n<meta property=\"og:site_name\" content=\"HEUER-Cup\" \/>\n<meta property=\"article:publisher\" content=\"https:\/\/www.facebook.com\/HeuerCup\/\" \/>\n<meta property=\"article:modified_time\" content=\"2019-09-06T11:40:20+00:00\" \/>\n<meta property=\"og:image\" content=\"https:\/\/heuer-cup.eu\/userfiles\/images\/team\/RC%20Villingen.png\" \/>\n<meta name=\"twitter:card\" content=\"summary_large_image\" \/>\n<meta name=\"twitter:site\" content=\"@Heuer_Cup\" \/>\n<script type=\"application\/ld+json\" class=\"yoast-schema-graph\">{\"@context\":\"https:\/\/schema.org\",\"@graph\":[{\"@type\":\"Organization\",\"@id\":\"https:\/\/heuer-cup.de\/#organization\",\"name\":\"Heuer Radsport\",\"url\":\"https:\/\/heuer-cup.de\/\",\"sameAs\":[\"https:\/\/www.facebook.com\/HeuerCup\/\",\"https:\/\/www.instagram.com\/heuer_cup\/\",\"https:\/\/www.youtube.com\/channel\/UCuFkVFhY376_zRGfw_0Oy-Q\",\"https:\/\/twitter.com\/Heuer_Cup\"],\"logo\":{\"@type\":\"ImageObject\",\"@id\":\"https:\/\/heuer-cup.de\/#logo\",\"inLanguage\":\"en-GB\",\"url\":\"https:\/\/heuer-cup.de\/wp-content\/uploads\/2019\/01\/logo2.jpg\",\"contentUrl\":\"https:\/\/heuer-cup.de\/wp-content\/uploads\/2019\/01\/logo2.jpg\",\"width\":750,\"height\":186,\"caption\":\"Heuer Radsport\"},\"image\":{\"@id\":\"https:\/\/heuer-cup.de\/#logo\"}},{\"@type\":\"WebSite\",\"@id\":\"https:\/\/heuer-cup.de\/#website\",\"url\":\"https:\/\/heuer-cup.de\/\",\"name\":\"Heuer Radsport\",\"description\":\"Vollgas! oder einfach: Kette rechts\",\"publisher\":{\"@id\":\"https:\/\/heuer-cup.de\/#organization\"},\"potentialAction\":[{\"@type\":\"SearchAction\",\"target\":{\"@type\":\"EntryPoint\",\"urlTemplate\":\"https:\/\/heuer-cup.de\/?s={search_term_string}\"},\"query-input\":\"required name=search_term_string\"}],\"inLanguage\":\"en-GB\"},{\"@type\":\"ImageObject\",\"@id\":\"https:\/\/heuer-cup.de\/das-war-unser-2018\/teampraesentation\/team-rc-villingen\/#primaryimage\",\"inLanguage\":\"en-GB\",\"url\":\"https:\/\/heuer-cup.eu\/userfiles\/images\/team\/RC%20Villingen.png\",\"contentUrl\":\"https:\/\/heuer-cup.eu\/userfiles\/images\/team\/RC%20Villingen.png\"},{\"@type\":\"WebPage\",\"@id\":\"https:\/\/heuer-cup.de\/das-war-unser-2018\/teampraesentation\/team-rc-villingen\/#webpage\",\"url\":\"https:\/\/heuer-cup.de\/das-war-unser-2018\/teampraesentation\/team-rc-villingen\/\",\"name\":\"Team RC Villingen - ein neues Team w\\u00e4chst zusammen\",\"isPartOf\":{\"@id\":\"https:\/\/heuer-cup.de\/#website\"},\"primaryImageOfPage\":{\"@id\":\"https:\/\/heuer-cup.de\/das-war-unser-2018\/teampraesentation\/team-rc-villingen\/#primaryimage\"},\"datePublished\":\"2019-08-22T06:53:40+00:00\",\"dateModified\":\"2019-09-06T11:40:20+00:00\",\"description\":\"Team RC Villingen - ein neues Team w\\u00e4chst zusammen und formt sich. Die Teammitglider sind C-Fahrer, und seit der Nachwuchszeit sind auch 3 neue dabei.\",\"breadcrumb\":{\"@id\":\"https:\/\/heuer-cup.de\/das-war-unser-2018\/teampraesentation\/team-rc-villingen\/#breadcrumb\"},\"inLanguage\":\"en-GB\",\"potentialAction\":[{\"@type\":\"ReadAction\",\"target\":[\"https:\/\/heuer-cup.de\/das-war-unser-2018\/teampraesentation\/team-rc-villingen\/\"]}]},{\"@type\":\"BreadcrumbList\",\"@id\":\"https:\/\/heuer-cup.de\/das-war-unser-2018\/teampraesentation\/team-rc-villingen\/#breadcrumb\",\"itemListElement\":[{\"@type\":\"ListItem\",\"position\":1,\"name\":\"Home\",\"item\":\"https:\/\/heuer-cup.de\/\"},{\"@type\":\"ListItem\",\"position\":2,\"name\":\"das war unser 2018\",\"item\":\"https:\/\/heuer-cup.de\/das-war-unser-2018\/\"},{\"@type\":\"ListItem\",\"position\":3,\"name\":\"Teampr\\u00e4sentation\",\"item\":\"https:\/\/heuer-cup.de\/das-war-unser-2018\/teampraesentation\/\"},{\"@type\":\"ListItem\",\"position\":4,\"name\":\"Team RC Villingen\"}]}]}<\/script>\n<!-- \/ Yoast SEO plugin. -->","yoast_head_json":{"title":"Team RC Villingen - ein neues Team w\u00e4chst zusammen","description":"Team RC Villingen - ein neues Team w\u00e4chst zusammen und formt sich. Die Teammitglider sind C-Fahrer, und seit der Nachwuchszeit sind auch 3 neue dabei.","robots":{"index":"index","follow":"follow","max-snippet":"max-snippet:-1","max-image-preview":"max-image-preview:large","max-video-preview":"max-video-preview:-1"},"canonical":"https:\/\/heuer-cup.de\/en\/das-war-unser-2018\/teampraesentation\/team-rc-villingen\/","og_locale":"en_GB","og_type":"article","og_title":"Team RC Villingen - ein neues Team w\u00e4chst zusammen","og_description":"Team RC Villingen - ein neues Team w\u00e4chst zusammen und formt sich. Die Teammitglider sind C-Fahrer, und seit der Nachwuchszeit sind auch 3 neue dabei.","og_url":"https:\/\/heuer-cup.de\/en\/das-war-unser-2018\/teampraesentation\/team-rc-villingen\/","og_site_name":"HEUER-Cup","article_publisher":"https:\/\/www.facebook.com\/HeuerCup\/","article_modified_time":"2019-09-06T11:40:20+00:00","og_image":[{"url":"https:\/\/heuer-cup.eu\/userfiles\/images\/team\/RC%20Villingen.png"}],"twitter_card":"summary_large_image","twitter_site":"@Heuer_Cup","schema":{"@context":"https:\/\/schema.org","@graph":[{"@type":"Organization","@id":"https:\/\/heuer-cup.de\/#organization","name":"Heuer Radsport","url":"https:\/\/heuer-cup.de\/","sameAs":["https:\/\/www.facebook.com\/HeuerCup\/","https:\/\/www.instagram.com\/heuer_cup\/","https:\/\/www.youtube.com\/channel\/UCuFkVFhY376_zRGfw_0Oy-Q","https:\/\/twitter.com\/Heuer_Cup"],"logo":{"@type":"ImageObject","@id":"https:\/\/heuer-cup.de\/#logo","inLanguage":"en-GB","url":"https:\/\/heuer-cup.de\/wp-content\/uploads\/2019\/01\/logo2.jpg","contentUrl":"https:\/\/heuer-cup.de\/wp-content\/uploads\/2019\/01\/logo2.jpg","width":750,"height":186,"caption":"Heuer Radsport"},"image":{"@id":"https:\/\/heuer-cup.de\/#logo"}},{"@type":"WebSite","@id":"https:\/\/heuer-cup.de\/#website","url":"https:\/\/heuer-cup.de\/","name":"Heuer Radsport","description":"Vollgas! oder einfach: Kette rechts","publisher":{"@id":"https:\/\/heuer-cup.de\/#organization"},"potentialAction":[{"@type":"SearchAction","target":{"@type":"EntryPoint","urlTemplate":"https:\/\/heuer-cup.de\/?s={search_term_string}"},"query-input":"required name=search_term_string"}],"inLanguage":"en-GB"},{"@type":"ImageObject","@id":"https:\/\/heuer-cup.de\/das-war-unser-2018\/teampraesentation\/team-rc-villingen\/#primaryimage","inLanguage":"en-GB","url":"https:\/\/heuer-cup.eu\/userfiles\/images\/team\/RC%20Villingen.png","contentUrl":"https:\/\/heuer-cup.eu\/userfiles\/images\/team\/RC%20Villingen.png"},{"@type":"WebPage","@id":"https:\/\/heuer-cup.de\/das-war-unser-2018\/teampraesentation\/team-rc-villingen\/#webpage","url":"https:\/\/heuer-cup.de\/das-war-unser-2018\/teampraesentation\/team-rc-villingen\/","name":"Team RC Villingen - ein neues Team w\u00e4chst zusammen","isPartOf":{"@id":"https:\/\/heuer-cup.de\/#website"},"primaryImageOfPage":{"@id":"https:\/\/heuer-cup.de\/das-war-unser-2018\/teampraesentation\/team-rc-villingen\/#primaryimage"},"datePublished":"2019-08-22T06:53:40+00:00","dateModified":"2019-09-06T11:40:20+00:00","description":"Team RC Villingen - ein neues Team w\u00e4chst zusammen und formt sich. Die Teammitglider sind C-Fahrer, und seit der Nachwuchszeit sind auch 3 neue dabei.","breadcrumb":{"@id":"https:\/\/heuer-cup.de\/das-war-unser-2018\/teampraesentation\/team-rc-villingen\/#breadcrumb"},"inLanguage":"en-GB","potentialAction":[{"@type":"ReadAction","target":["https:\/\/heuer-cup.de\/das-war-unser-2018\/teampraesentation\/team-rc-villingen\/"]}]},{"@type":"BreadcrumbList","@id":"https:\/\/heuer-cup.de\/das-war-unser-2018\/teampraesentation\/team-rc-villingen\/#breadcrumb","itemListElement":[{"@type":"ListItem","position":1,"name":"Home","item":"https:\/\/heuer-cup.de\/"},{"@type":"ListItem","position":2,"name":"das war unser 2018","item":"https:\/\/heuer-cup.de\/das-war-unser-2018\/"},{"@type":"ListItem","position":3,"name":"Teampr\u00e4sentation","item":"https:\/\/heuer-cup.de\/das-war-unser-2018\/teampraesentation\/"},{"@type":"ListItem","position":4,"name":"Team RC Villingen"}]}]}},"_links":{"self":[{"href":"https:\/\/heuer-cup.de\/en\/wp-json\/wp\/v2\/pages\/4219"}],"collection":[{"href":"https:\/\/heuer-cup.de\/en\/wp-json\/wp\/v2\/pages"}],"about":[{"href":"https:\/\/heuer-cup.de\/en\/wp-json\/wp\/v2\/types\/page"}],"author":[{"embeddable":true,"href":"https:\/\/heuer-cup.de\/en\/wp-json\/wp\/v2\/users\/1"}],"replies":[{"embeddable":true,"href":"https:\/\/heuer-cup.de\/en\/wp-json\/wp\/v2\/comments?post=4219"}],"version-history":[{"count":3,"href":"https:\/\/heuer-cup.de\/en\/wp-json\/wp\/v2\/pages\/4219\/revisions"}],"predecessor-version":[{"id":4860,"href":"https:\/\/heuer-cup.de\/en\/wp-json\/wp\/v2\/pages\/4219\/revisions\/4860"}],"up":[{"embeddable":true,"href":"https:\/\/heuer-cup.de\/en\/wp-json\/wp\/v2\/pages\/4203"}],"wp:attachment":[{"href":"https:\/\/heuer-cup.de\/en\/wp-json\/wp\/v2\/media?parent=4219"}],"curies":[{"name":"wp","href":"https:\/\/api.w.org\/{rel}","templated":true}]}}