{"id":4215,"date":"2019-08-22T08:52:26","date_gmt":"2019-08-22T06:52:26","guid":{"rendered":"https:\/\/heuer-cup.de\/?page_id=4215"},"modified":"2019-09-06T14:00:22","modified_gmt":"2019-09-06T12:00:22","slug":"team-zweirad-joos-sc-onstmettingen","status":"publish","type":"page","link":"https:\/\/heuer-cup.de\/en\/das-war-unser-2018\/teampraesentation\/team-zweirad-joos-sc-onstmettingen\/","title":{"rendered":"Team Zweirad Joos\/SC Onstmettingen"},"content":{"rendered":"<div class=\"vc_row wpb_row vc_row-fluid\"><div class=\"wpb_column vc_column_container vc_col-sm-12\"><div class=\"vc_column-inner\"><div class=\"wpb_wrapper\">\n\t<div class=\"wpb_text_column wpb_content_element\" >\n\t\t<div class=\"wpb_wrapper\">\n\t\t\t<p>(von Klaus-Dieter Bo\u00df)<\/p>\n<p>Das Team Zweirad Joos (SC Onstmettingen) startet im Heuer-Cup bei den Senioren.\u00a0 Der Spa\u00df am Radsport steht bei dem ehemaligen Jedermann-Team im Vordergrund. Das Team um Timo R\u00f6cker m\u00f6chte sich gut pr\u00e4sentieren und hofft auf den ein oder anderen Platz auf dem Podest.<\/p>\n<p><img loading=\"lazy\" class=\"bild aligncenter\" title=\"Zweirad Joos\" src=\"https:\/\/heuer-cup.eu\/userfiles\/images\/team\/Zweirad%20Joos.JPG\" alt=\"\" width=\"460\" height=\"307\" \/><\/p>\n<p>Folgende Fahrer sind am Start:<\/p>\n<p>Timo R\u00f6cker<\/p>\n<p>Markus Hackius<\/p>\n<p>Manuel Restle<\/p>\n<p>Klaus-Dieter Bo\u00df<\/p>\n\n\t\t<\/div>\n\t<\/div>\n<\/div><\/div><\/div><\/div>","protected":false},"excerpt":{"rendered":"(von Klaus-Dieter Bo\u00df) Das Team Zweirad Joos (SC Onstmettingen) startet im Heuer-Cup bei den Senioren.\u00a0 Der Spa\u00df am Radsport steht bei dem ehemaligen Jedermann-Team im Vordergrund. Das Team um Timo R\u00f6cker m\u00f6chte sich gut pr\u00e4sentieren und hofft auf den ein oder anderen Platz auf dem Podest. Folgende Fahrer sind am Start: Timo R\u00f6cker Markus Hackius [...]","protected":false},"author":1,"featured_media":0,"parent":4203,"menu_order":0,"comment_status":"closed","ping_status":"closed","template":"","meta":[],"yoast_head":"<!-- This site is optimized with the Yoast SEO plugin v16.9 - https:\/\/yoast.com\/wordpress\/plugins\/seo\/ -->\n<title>Team Zweirad Joos\/SC Onstmettingen - startet bei den Senioren<\/title>\n<meta name=\"description\" content=\"Team Zweirad Joos\/SC Onstmettingen staret im HEUER-Cup bei den Senioren. Der Spa\u00df am Radsport steht dem ehemaligen Jerdemann-Team im Vordergrund.\" \/>\n<meta name=\"robots\" content=\"index, follow, max-snippet:-1, max-image-preview:large, max-video-preview:-1\" \/>\n<link rel=\"canonical\" href=\"https:\/\/heuer-cup.de\/en\/das-war-unser-2018\/teampraesentation\/team-zweirad-joos-sc-onstmettingen\/\" \/>\n<meta property=\"og:locale\" content=\"en_GB\" \/>\n<meta property=\"og:type\" content=\"article\" \/>\n<meta property=\"og:title\" content=\"Team Zweirad Joos\/SC Onstmettingen - startet bei den Senioren\" \/>\n<meta property=\"og:description\" content=\"Team Zweirad Joos\/SC Onstmettingen staret im HEUER-Cup bei den Senioren. Der Spa\u00df am Radsport steht dem ehemaligen Jerdemann-Team im Vordergrund.\" \/>\n<meta property=\"og:url\" content=\"https:\/\/heuer-cup.de\/en\/das-war-unser-2018\/teampraesentation\/team-zweirad-joos-sc-onstmettingen\/\" \/>\n<meta property=\"og:site_name\" content=\"HEUER-Cup\" \/>\n<meta property=\"article:publisher\" content=\"https:\/\/www.facebook.com\/HeuerCup\/\" \/>\n<meta property=\"article:modified_time\" content=\"2019-09-06T12:00:22+00:00\" \/>\n<meta property=\"og:image\" content=\"https:\/\/heuer-cup.eu\/userfiles\/images\/team\/Zweirad%20Joos.JPG\" \/>\n<meta name=\"twitter:card\" content=\"summary_large_image\" \/>\n<meta name=\"twitter:site\" content=\"@Heuer_Cup\" \/>\n<script type=\"application\/ld+json\" class=\"yoast-schema-graph\">{\"@context\":\"https:\/\/schema.org\",\"@graph\":[{\"@type\":\"Organization\",\"@id\":\"https:\/\/heuer-cup.de\/#organization\",\"name\":\"Heuer Radsport\",\"url\":\"https:\/\/heuer-cup.de\/\",\"sameAs\":[\"https:\/\/www.facebook.com\/HeuerCup\/\",\"https:\/\/www.instagram.com\/heuer_cup\/\",\"https:\/\/www.youtube.com\/channel\/UCuFkVFhY376_zRGfw_0Oy-Q\",\"https:\/\/twitter.com\/Heuer_Cup\"],\"logo\":{\"@type\":\"ImageObject\",\"@id\":\"https:\/\/heuer-cup.de\/#logo\",\"inLanguage\":\"en-GB\",\"url\":\"https:\/\/heuer-cup.de\/wp-content\/uploads\/2019\/01\/logo2.jpg\",\"contentUrl\":\"https:\/\/heuer-cup.de\/wp-content\/uploads\/2019\/01\/logo2.jpg\",\"width\":750,\"height\":186,\"caption\":\"Heuer Radsport\"},\"image\":{\"@id\":\"https:\/\/heuer-cup.de\/#logo\"}},{\"@type\":\"WebSite\",\"@id\":\"https:\/\/heuer-cup.de\/#website\",\"url\":\"https:\/\/heuer-cup.de\/\",\"name\":\"Heuer Radsport\",\"description\":\"Vollgas! oder einfach: Kette rechts\",\"publisher\":{\"@id\":\"https:\/\/heuer-cup.de\/#organization\"},\"potentialAction\":[{\"@type\":\"SearchAction\",\"target\":{\"@type\":\"EntryPoint\",\"urlTemplate\":\"https:\/\/heuer-cup.de\/?s={search_term_string}\"},\"query-input\":\"required name=search_term_string\"}],\"inLanguage\":\"en-GB\"},{\"@type\":\"ImageObject\",\"@id\":\"https:\/\/heuer-cup.de\/das-war-unser-2018\/teampraesentation\/team-zweirad-joos-sc-onstmettingen\/#primaryimage\",\"inLanguage\":\"en-GB\",\"url\":\"https:\/\/heuer-cup.eu\/userfiles\/images\/team\/Zweirad%20Joos.JPG\",\"contentUrl\":\"https:\/\/heuer-cup.eu\/userfiles\/images\/team\/Zweirad%20Joos.JPG\"},{\"@type\":\"WebPage\",\"@id\":\"https:\/\/heuer-cup.de\/das-war-unser-2018\/teampraesentation\/team-zweirad-joos-sc-onstmettingen\/#webpage\",\"url\":\"https:\/\/heuer-cup.de\/das-war-unser-2018\/teampraesentation\/team-zweirad-joos-sc-onstmettingen\/\",\"name\":\"Team Zweirad Joos\/SC Onstmettingen - startet bei den Senioren\",\"isPartOf\":{\"@id\":\"https:\/\/heuer-cup.de\/#website\"},\"primaryImageOfPage\":{\"@id\":\"https:\/\/heuer-cup.de\/das-war-unser-2018\/teampraesentation\/team-zweirad-joos-sc-onstmettingen\/#primaryimage\"},\"datePublished\":\"2019-08-22T06:52:26+00:00\",\"dateModified\":\"2019-09-06T12:00:22+00:00\",\"description\":\"Team Zweirad Joos\/SC Onstmettingen staret im HEUER-Cup bei den Senioren. Der Spa\\u00df am Radsport steht dem ehemaligen Jerdemann-Team im Vordergrund.\",\"breadcrumb\":{\"@id\":\"https:\/\/heuer-cup.de\/das-war-unser-2018\/teampraesentation\/team-zweirad-joos-sc-onstmettingen\/#breadcrumb\"},\"inLanguage\":\"en-GB\",\"potentialAction\":[{\"@type\":\"ReadAction\",\"target\":[\"https:\/\/heuer-cup.de\/das-war-unser-2018\/teampraesentation\/team-zweirad-joos-sc-onstmettingen\/\"]}]},{\"@type\":\"BreadcrumbList\",\"@id\":\"https:\/\/heuer-cup.de\/das-war-unser-2018\/teampraesentation\/team-zweirad-joos-sc-onstmettingen\/#breadcrumb\",\"itemListElement\":[{\"@type\":\"ListItem\",\"position\":1,\"name\":\"Home\",\"item\":\"https:\/\/heuer-cup.de\/\"},{\"@type\":\"ListItem\",\"position\":2,\"name\":\"das war unser 2018\",\"item\":\"https:\/\/heuer-cup.de\/das-war-unser-2018\/\"},{\"@type\":\"ListItem\",\"position\":3,\"name\":\"Teampr\\u00e4sentation\",\"item\":\"https:\/\/heuer-cup.de\/das-war-unser-2018\/teampraesentation\/\"},{\"@type\":\"ListItem\",\"position\":4,\"name\":\"Team Zweirad Joos\/SC Onstmettingen\"}]}]}<\/script>\n<!-- \/ Yoast SEO plugin. -->","yoast_head_json":{"title":"Team Zweirad Joos\/SC Onstmettingen - startet bei den Senioren","description":"Team Zweirad Joos\/SC Onstmettingen staret im HEUER-Cup bei den Senioren. Der Spa\u00df am Radsport steht dem ehemaligen Jerdemann-Team im Vordergrund.","robots":{"index":"index","follow":"follow","max-snippet":"max-snippet:-1","max-image-preview":"max-image-preview:large","max-video-preview":"max-video-preview:-1"},"canonical":"https:\/\/heuer-cup.de\/en\/das-war-unser-2018\/teampraesentation\/team-zweirad-joos-sc-onstmettingen\/","og_locale":"en_GB","og_type":"article","og_title":"Team Zweirad Joos\/SC Onstmettingen - startet bei den Senioren","og_description":"Team Zweirad Joos\/SC Onstmettingen staret im HEUER-Cup bei den Senioren. Der Spa\u00df am Radsport steht dem ehemaligen Jerdemann-Team im Vordergrund.","og_url":"https:\/\/heuer-cup.de\/en\/das-war-unser-2018\/teampraesentation\/team-zweirad-joos-sc-onstmettingen\/","og_site_name":"HEUER-Cup","article_publisher":"https:\/\/www.facebook.com\/HeuerCup\/","article_modified_time":"2019-09-06T12:00:22+00:00","og_image":[{"url":"https:\/\/heuer-cup.eu\/userfiles\/images\/team\/Zweirad%20Joos.JPG"}],"twitter_card":"summary_large_image","twitter_site":"@Heuer_Cup","schema":{"@context":"https:\/\/schema.org","@graph":[{"@type":"Organization","@id":"https:\/\/heuer-cup.de\/#organization","name":"Heuer Radsport","url":"https:\/\/heuer-cup.de\/","sameAs":["https:\/\/www.facebook.com\/HeuerCup\/","https:\/\/www.instagram.com\/heuer_cup\/","https:\/\/www.youtube.com\/channel\/UCuFkVFhY376_zRGfw_0Oy-Q","https:\/\/twitter.com\/Heuer_Cup"],"logo":{"@type":"ImageObject","@id":"https:\/\/heuer-cup.de\/#logo","inLanguage":"en-GB","url":"https:\/\/heuer-cup.de\/wp-content\/uploads\/2019\/01\/logo2.jpg","contentUrl":"https:\/\/heuer-cup.de\/wp-content\/uploads\/2019\/01\/logo2.jpg","width":750,"height":186,"caption":"Heuer Radsport"},"image":{"@id":"https:\/\/heuer-cup.de\/#logo"}},{"@type":"WebSite","@id":"https:\/\/heuer-cup.de\/#website","url":"https:\/\/heuer-cup.de\/","name":"Heuer Radsport","description":"Vollgas! oder einfach: Kette rechts","publisher":{"@id":"https:\/\/heuer-cup.de\/#organization"},"potentialAction":[{"@type":"SearchAction","target":{"@type":"EntryPoint","urlTemplate":"https:\/\/heuer-cup.de\/?s={search_term_string}"},"query-input":"required name=search_term_string"}],"inLanguage":"en-GB"},{"@type":"ImageObject","@id":"https:\/\/heuer-cup.de\/das-war-unser-2018\/teampraesentation\/team-zweirad-joos-sc-onstmettingen\/#primaryimage","inLanguage":"en-GB","url":"https:\/\/heuer-cup.eu\/userfiles\/images\/team\/Zweirad%20Joos.JPG","contentUrl":"https:\/\/heuer-cup.eu\/userfiles\/images\/team\/Zweirad%20Joos.JPG"},{"@type":"WebPage","@id":"https:\/\/heuer-cup.de\/das-war-unser-2018\/teampraesentation\/team-zweirad-joos-sc-onstmettingen\/#webpage","url":"https:\/\/heuer-cup.de\/das-war-unser-2018\/teampraesentation\/team-zweirad-joos-sc-onstmettingen\/","name":"Team Zweirad Joos\/SC Onstmettingen - startet bei den Senioren","isPartOf":{"@id":"https:\/\/heuer-cup.de\/#website"},"primaryImageOfPage":{"@id":"https:\/\/heuer-cup.de\/das-war-unser-2018\/teampraesentation\/team-zweirad-joos-sc-onstmettingen\/#primaryimage"},"datePublished":"2019-08-22T06:52:26+00:00","dateModified":"2019-09-06T12:00:22+00:00","description":"Team Zweirad Joos\/SC Onstmettingen staret im HEUER-Cup bei den Senioren. Der Spa\u00df am Radsport steht dem ehemaligen Jerdemann-Team im Vordergrund.","breadcrumb":{"@id":"https:\/\/heuer-cup.de\/das-war-unser-2018\/teampraesentation\/team-zweirad-joos-sc-onstmettingen\/#breadcrumb"},"inLanguage":"en-GB","potentialAction":[{"@type":"ReadAction","target":["https:\/\/heuer-cup.de\/das-war-unser-2018\/teampraesentation\/team-zweirad-joos-sc-onstmettingen\/"]}]},{"@type":"BreadcrumbList","@id":"https:\/\/heuer-cup.de\/das-war-unser-2018\/teampraesentation\/team-zweirad-joos-sc-onstmettingen\/#breadcrumb","itemListElement":[{"@type":"ListItem","position":1,"name":"Home","item":"https:\/\/heuer-cup.de\/"},{"@type":"ListItem","position":2,"name":"das war unser 2018","item":"https:\/\/heuer-cup.de\/das-war-unser-2018\/"},{"@type":"ListItem","position":3,"name":"Teampr\u00e4sentation","item":"https:\/\/heuer-cup.de\/das-war-unser-2018\/teampraesentation\/"},{"@type":"ListItem","position":4,"name":"Team Zweirad Joos\/SC Onstmettingen"}]}]}},"_links":{"self":[{"href":"https:\/\/heuer-cup.de\/en\/wp-json\/wp\/v2\/pages\/4215"}],"collection":[{"href":"https:\/\/heuer-cup.de\/en\/wp-json\/wp\/v2\/pages"}],"about":[{"href":"https:\/\/heuer-cup.de\/en\/wp-json\/wp\/v2\/types\/page"}],"author":[{"embeddable":true,"href":"https:\/\/heuer-cup.de\/en\/wp-json\/wp\/v2\/users\/1"}],"replies":[{"embeddable":true,"href":"https:\/\/heuer-cup.de\/en\/wp-json\/wp\/v2\/comments?post=4215"}],"version-history":[{"count":2,"href":"https:\/\/heuer-cup.de\/en\/wp-json\/wp\/v2\/pages\/4215\/revisions"}],"predecessor-version":[{"id":4862,"href":"https:\/\/heuer-cup.de\/en\/wp-json\/wp\/v2\/pages\/4215\/revisions\/4862"}],"up":[{"embeddable":true,"href":"https:\/\/heuer-cup.de\/en\/wp-json\/wp\/v2\/pages\/4203"}],"wp:attachment":[{"href":"https:\/\/heuer-cup.de\/en\/wp-json\/wp\/v2\/media?parent=4215"}],"curies":[{"name":"wp","href":"https:\/\/api.w.org\/{rel}","templated":true}]}}