{"id":4199,"date":"2019-08-21T21:24:16","date_gmt":"2019-08-21T19:24:16","guid":{"rendered":"https:\/\/heuer-cup.de\/?page_id=4199"},"modified":"2020-03-02T18:56:53","modified_gmt":"2020-03-02T17:56:53","slug":"frauen","status":"publish","type":"page","link":"https:\/\/heuer-cup.de\/en\/das-war-unser-2018\/generalausschreibung\/frauen\/","title":{"rendered":"Frauen &#8211; Generalausschreibung"},"content":{"rendered":"<div class=\"vc_row wpb_row vc_row-fluid\"><div class=\"wpb_column vc_column_container vc_col-sm-12\"><div class=\"vc_column-inner\"><div class=\"wpb_wrapper\">\n\t<div class=\"wpb_text_column wpb_content_element\" >\n\t\t<div class=\"wpb_wrapper\">\n\t\t\t<p><strong>Ausschreibung HEUER-Cup\u00a0<a href=\"https:\/\/www.wrsv.de\/olympischer-radsport\/strasse\/rennserien\/heuer-cup\" target=\"_blank\" rel=\"noopener noreferrer\">Frauenradrennsport 2018<\/a><br \/>\n<\/strong><\/p>\n<p><a href=\"https:\/\/heuer-cup.de\/wp-content\/uploads\/Ausschreibung\/Heuer-Cup_2018_Frauen.pdf\" target=\"_blank\" rel=\"noopener noreferrer\"><strong><img class=\"aligncenter\" title=\"Ausschreibung HEUER-Cup\" src=\"https:\/\/heuer-cup.eu\/userfiles\/images\/Logo_Download\/HeuerCup_Logo_small.jpg\" alt=\"\" \/><\/strong><\/a>Unter dem Patronat der HEUER Pr\u00e4zisionsteile GmbH f\u00fchren der W\u00fcrttembergische Radsportverband e.V. und der Badische Radsportverband e.V. gemeinsam mit den ausrichtenden Vereinen die Rennserie HEUER-Cup M\u00e4nner Frauenradsport durch.<\/p>\n<p>Aktuelle Ergebnisse werden zeitnah ver\u00f6ffentlicht unter:<\/p>\n<p><a href=\"https:\/\/www.heuer-cup.eu\/\">https:\/\/www.heuer-cup.eu\/<\/a><\/p>\n<p>und<\/p>\n<p><a href=\"https:\/\/wrsv.de\/olympischer-radsport\/strasse\/rennserien\/heuer-cup\/ergebnisse\">https:\/\/wrsv.de\/olympischer-radsport\/strasse\/rennserien\/heuer-cup\/ergebnisse<\/a><\/p>\n<p>Der HEUER-Cup ist bundesoffen. Alle Mannschaften und Einzelfahrerinnen sind zur Teilnahme an der Gesamtwertung willkommen. Im Vergleich zur letzten Saison gibt es dieses Jahr\u00a0<strong>kein<\/strong>\u00a0Streichresultat!<\/p>\n<ol>\n<li>Teilnahmeberechtigung<br \/>\nTeilnahmeberechtigt zur Wertung um den HEUER-Cup sind Radrennsportlerinnen, die der Altersklasse Frauen angeh\u00f6ren, die \u00fcber einen Verein des BDR oder eines IBRMV-Mitgliedsverbandes lizenziert sind und zur Teilnahme am HEUER-Cup angemeldet werden.1. Mannschaften:<br \/>\nVereins-, Regional- und Landesverbandsmannschaften, sowie vom BDR genehmigte Renngemeinschaften. Eine Mannschaft besteht aus mindestens drei und maximal acht Fahrerinnen.2. Einzelfahrerinnen.<\/li>\n<li><strong>Wettbewerbe<\/strong><br \/>\nDer HEUER-Cup Frauenrennsport besteht aus 8 zusammenh\u00e4ngenden Stra\u00dfenwettbewerben. Die 3 Altersklassen weibliche Jugend, Juniorinnen und Frauen starten dabei entweder gemeinsam oder getrennt, immer aber mit getrennter Wertung. Die Durchf\u00fchrung der Wettbewerbe erfolgt nach den Bestimmungen der Sportordnung, WB Stra\u00dfe des BDR sowie dieser Generalausschreibung.<\/li>\n<li><strong>Wertungsbestimmungen<br \/>\n<\/strong><br \/>\na.) Einzelwertung getrennt nach Altersklasse<br \/>\nF\u00fcr die Gesamtwertung erhalten die Fahrerinnen bei den einzelnen Etappen wie folgt HEUER-Cup Punkte:Platz 1-15 Punkteregel:<br \/>\n25-22-20-19-18-17-16-15-14-13-13-12-12-11-11 Punkte.Ab Platz 16 Zeitregel<br \/>\nR\u00fcckstand 0:00min-1:59min\u00a0\u00a0 10 Punkte<br \/>\nR\u00fcckstand 2:00min-9:59min\u00a0\u00a0\u00a0\u00a0 8 Punkte<br \/>\nIm Kontrollschluss im Ziel\u00a0\u00a0\u00a0\u00a0\u00a0\u00a0\u00a0\u00a0 6 Punkte<br \/>\nGestartet und DNF\u00a0\u00a0\u00a0\u00a0\u00a0\u00a0\u00a0\u00a0\u00a0\u00a0\u00a0\u00a0\u00a0\u00a0\u00a0\u00a0\u00a0\u00a0\u00a0 1 PunktBei Nichtantritt einer Etappe oder Disqualifikation durch den VKK werden keine Punkte gutgeschrieben.\u00a0<strong>Bei jedem Wettbewerb legen der VKK und der Ausrichterverein vor Rennbeginn die jeweils g\u00fcltige Regelung zur Karenzzeit fest<\/strong>, die ma\u00dfgeblich f\u00fcr den Erhalt von 6Punkten ist. HEUER-Cup Punkte f\u00fcr Pl\u00e4tze von nicht f\u00fcr den gesamten Cup gemeldeten Fahrerinnen (vgl. \u00a7 1) bleiben vakant. D.h. es erfolgt\u00a0<strong>kein<\/strong>\u00a0Aufr\u00fccken bei der Punkteregel.b.) Mannschaftswertung<br \/>\nBeim HEUER-Cup der Frauen wird die Mannschaftswertung durchgef\u00fchrt. F\u00fcr die Tages-Mannschafts-wertung wird die Summe der drei punktbesten Fahrerinnen addiert. Mannschaften, die weniger als 2 Fahrerinnen in die Wertung bringen, erhalten keine Mannschaftspunkte.F\u00fcr die Mannschaftswertung werden nur die auf der Mannschaftsmeldung genannten Fahrerinnen gewertet. Mannschaften, die zu Beginn der Rennserie das Fahrerkontingent von max.8 Fahrerinnen nicht ausgesch\u00f6pft haben, k\u00f6nnen sich (unter Beachtung von \u00a7 1) im Laufe der Rennserie mit Fahrerinnen erweitern. Diese werden dem OK nachtr\u00e4glich genannt und offiziell best\u00e4tigt. Erst ab diesem Zeitpunkt ist die Fahrerin f\u00fcr die Mannschaft wertungsberechtigt. Bereits erzielte Einzelergebnisse dieser Fahrerin gehen nicht nachtr\u00e4glich in die Mannschaftswertung ein. War die Fahrerin bereits als Einzelstarter gemeldet, beh\u00e4lt sie ihre Punkte f\u00fcr die Einzelwertung. Es ist nur eine Erweiterung, kein Austausch von Fahrerinnen m\u00f6glich.c.) Spitzenreiterwertung<br \/>\nAnhand der Punkte werden die Fahrerinnen in der Spitzenreiterwertung erfasst. Die Fahrerin mit der h\u00f6chsten Punktesumme erh\u00e4lt nach der jeweiligen Etappe das HEUER-Cup F\u00fchrungstrikot. Bei Punktegleichheit entscheidet die bessere Platzierung im letzten Wettbewerb. Das F\u00fchrungstrikot\u00a0<strong>muss<\/strong>\u00a0auf der n\u00e4chsten Etappe getragen werden. Auf dem F\u00fchrungstrikot darf der Vereinssponsor getragen werden.d.) Doppelmeldung<br \/>\nFahrerinnen, die am selben Tag f\u00fcr ein anderes Rennen melden, an dem eine HEUER-Cup Etappe stattfindet, m\u00fcssen sich beim Ausrichter der HEUER-Cup Etappe bis zu dessen Meldeschluss fristgerecht abmelden. Ansonsten werden beide Meldungen als Doppelmeldung gewertet und k\u00f6nnen dementsprechend (SpO\/WB) bestraft werden. Bei Etappen bei denen das Nenngeld vorab \u00fcberwiesen werden muss, z\u00e4hlt die Anmeldung zur HEUER-Cup Etappe erst nach dem \u00dcberweisen des Nenngelds.<br \/>\nDementsprechend muss f\u00fcr solche Etappen eine Abmeldung erst dann erfolgen, wenn das Nenngeld bereits \u00fcberwiesen wurde.<\/li>\n<li><strong>Ehrengaben und Preise<\/strong><br \/>\nJeder am HEUER-Cup gemeldete Sportlerin erh\u00e4lt ein Starterpaket im Wert von ca.50\u20ac. Das Startpaket wird von der Sportlerin pers\u00f6nlich am Heuer-Stand in Sch\u00f6naich abgeholt.a.) Etappenpreise:<br \/>\nBei jeder Etappe erh\u00e4lt die Siegerin das HEUER-Cup Tages-Siegertrikot. Die Fahrerinnen auf Platz 1-3 und die Spitzenreiterin erhalten Siegerblumen.<br \/>\nDie F\u00fchrende in der Gesamteinzelwertung erh\u00e4lt das HEUER-Cup F\u00fchrungstrikot (siehe \u00a7 3.c.). Die Tagespreise der Etappen werden nach WB Stra\u00dfe bezahlt und unmittelbar nach der Etappe durch den Veranstalter ausgegeben.b. Gesamtwertung\/ Einzel:<br \/>\nNach Abschluss aller 8 Etappen wird anhand der gewonnenen HEUER-Cup Punkte die Gesamtwertung erstellt.<br \/>\nEs siegt die Fahrerin mit der h\u00f6chsten Punktesumme aus obiger Addition. Bei Punktegleichheit entscheidet die bessere Platzierung im Finalrennen.<br \/>\nDie Siegerin gewinnt das HEUER-Cup Trikot. Fahrerinnen auf Platz 1-3 gewinnen HEUER-Cup Pokale. Weiterhin mind. 7 Barpreise nach Meldeaufkommen.c. Gesamtwertung\/ Mannschaft:<br \/>\nNach Abschluss aller 8 Etappen wird die Jahres-Mannschaftswertung erstellt. Hierzu werden f\u00fcr jede Mannschaft die Tagesmannschaftspunkte addiert.<br \/>\nDie Mannschaften auf Rang 1 bis 3 gewinnen HEUER-Cup Pokale und den Titel \u201eBaden-W\u00fcrttembergische Mannschaftsmeisterinnen\u201c in Gold, Silber und Bronze. Titel k\u00f6nnen nur Mannschaften erwerben, deren Fahrerinnen ausschlie\u00dflich \u00fcber einen baden-w\u00fcrttembergischen Verein lizenziert sind.<br \/>\nBei Punktegleichheit entscheidet die bessere Punktsumme beim Finalrennen.<br \/>\nWeiterhin mind. 3 Barpreise nach Meldeaufkommen.d. Ausgabe der Jahrespreise<br \/>\nDie Jahressiegerehrung und Ausgabe aller Gesamtwertungspreise erfolgt zusammen mit der Siegerehrung der Klassen Senioren, M\u00e4nner 1000km und M\u00e4nner ABC im Anschluss an das Finalrennen der Klasse ABC in Backnang.<\/li>\n<li><strong>Trikotbestimmungen<\/strong><br \/>\nBei der Rennserie gehen die Mannschaften in einem einheitlichen Trikot an den Start.<\/li>\n<li><strong>Etappenplan<\/strong>Etappe 1<br \/>\n2. April &#8211; Sch\u00f6naich &#8211; Rennen STREtappe 2<br \/>\n22.April &#8211; Bruchsal &#8211; Rennen KritEtappe 3<br \/>\n13.Mai &#8211; Ellmendingen &#8211; Rennen RREtappe 4<br \/>\n20.Mai &#8211; Schwenningen &#8211; Rennen STREtappe 5<br \/>\n3.Juni &#8211; Konstanz &#8211; Rennen RREtappe 6<br \/>\n15.Juli &#8211; Filderstadt-Plattenhardt &#8211; Rennen RREtappe 7<br \/>\n22.Juli &#8211; Reute &#8211; Rennen RREtappe8<br \/>\n4.August &#8211; Backnang &#8211; Rennen RRDas OK beh\u00e4lt sich das Recht vor, den Etappenplan zu \u00e4ndern.<\/li>\n<li><strong>Mannschaftsfahrzeuge<\/strong><br \/>\nMannschaftsfahrzeuge k\u00f6nnen generell zugelassen werden. Bitte hierzu die jeweilige Tagesausschreibung und die Bestimmungen der Mannschaftsleiter-Besprechung vor Ort beachten. Bei den Etappen in Bruchsal, Konstanz, Plattenhardt, Deisslingen und Backnang werden keine Mannschaftsfahrzeuge zugelassen.<\/li>\n<li><strong>Verlosung<\/strong><br \/>\neines hochwertigen HEUER Carbon-Stra\u00dfen-Laufradsatzes<br \/>\nIm Rahmen der Gesamtsiegerehrung bei der Finaletappe in Backnang erfolgt unter allen Erwachsenensportlern (M\u00e4nner ABC, M\u00e4nner 1000km, Senioren, Frauen) eine Sachpreis-Verlosung. Der Hauptpreis ist ein Laufradsatz der Firma Heuer mit Flanschnaben und Aerospeichen, nach Wahl des Sportlers mit Clincher oder Tubular.<br \/>\nF\u00fcr die Verlosung qualifizieren sich alle Sportler\/Sportlerinnen, die in ihrer jeweiligen Klasse bei allen bis auf ein Rennen mindestens 1HEUER-Cup Punkt erworben haben. Falls der gezogene Gewinner bei der Verlosung nicht pers\u00f6nlich anwesend ist, verf\u00e4llt sein Gewinn und ein neuer Gewinner wird gezogen.9.\u00a0<strong>Anmeldung<\/strong><br \/>\nDie Fahrerinnen sind mit Name, Vorname, Verein, Team, UCI-ID Nummer zu benennen. Das excel-Formular zur Nennung kann unter\u00a0<a href=\"http:\/\/www.wrsv.de\/olympischer-radsport\/strasse\/rennserien\/HEUER-cup\" target=\"_blank\" rel=\"noopener noreferrer\">WRSV<\/a>heruntergeladen werden. Zur Rechnungsstellung muss eine vollst\u00e4ndige Postadresse angegeben werden. Die Meldung ist erst nach Rechnungszahlung g\u00fcltig.Die Anmeldung der Mannschaften erfolgt mannschaftsweise. Mit der Anmeldung ist ein Organisationsbeitrag in H\u00f6he von 100.- \u20ac pro Mannschaft zu bezahlen.Die Anmeldung der Einzelfahrerinnen erfolgt vereinsweise. Mit der Anmeldung ist pro Fahrerin ein Organisationsbeitrag in H\u00f6he von 20.- \u20ac zu bezahlen.Die Fahrerinnen erhalten dann f\u00fcr den gesamten HEUER-Cup eine Standardnummer zugewiesen. Die Fahrerinnen brauchen sich f\u00fcr alle Tagesetappen, die ohne Vorab\u00fcberweisung des Nenngelds abgewickelt werden, nicht mehr extra zu melden.Die Startnummern werden bei jeder Etappe an der Startnummernausgabe abgeholt. Das Nenngeld ist gem\u00e4\u00df der jeweiligen Tagesausschreibung unmittelbar bei der Nummernausgabe oder per Vorab\u00fcberweisung zu entrichten.Achtung bei Rennen mit Vorab\u00fcbeweisung (mind.die Rennen in Sch\u00f6naich, Filderstadt-Plattenhard) m\u00fcssen HEUER-Cup Teilnehmer separat eine Tagesanmeldung durchf\u00fchren und das Nenngeld \u00fcberweisen! Tagesausschreibung beachten!<\/li>\n<\/ol>\n<p><strong>Meldeschluss f\u00fcr die Jahresnennung: 25. M\u00e4rz 2018<br \/>\n<\/strong>Fahrerinnen die sich nicht per Jahresnennung anmelden, kommen nicht in die HEUER-Cup Wertung. Sie m\u00fcssen sich zu den einzelnen Etappen direkt beim Ausrichter anmelden (Ausschreibung beachten).<\/p>\n<p><strong>Sportliche Aufsicht<\/strong><br \/>\nDer Verbandsbeauftragte, der \u00f6rtliche VKK und die KK-Mitglieder f\u00fchren die sportliche Aufsicht, erstellen das Tagesergebnis und ermitteln den F\u00fchrenden in der Gesamtwertung.<\/p>\n<p>Gez.<br \/>\nBadischer Radsportverband e.V.\/W\u00fcrttembergischer Radsportverband e.V.<br \/>\nMarc Benkert, Projektleitung HEUER-Cup, Liga-Beauftragter<\/p>\n\n\t\t<\/div>\n\t<\/div>\n<\/div><\/div><\/div><\/div>","protected":false},"excerpt":{"rendered":"Ausschreibung HEUER-Cup\u00a0Frauenradrennsport 2018 Unter dem Patronat der HEUER Pr\u00e4zisionsteile GmbH f\u00fchren der W\u00fcrttembergische Radsportverband e.V. und der Badische Radsportverband e.V. gemeinsam mit den ausrichtenden Vereinen die Rennserie HEUER-Cup M\u00e4nner Frauenradsport durch. Aktuelle Ergebnisse werden zeitnah ver\u00f6ffentlicht unter: https:\/\/www.heuer-cup.eu\/ und https:\/\/wrsv.de\/olympischer-radsport\/strasse\/rennserien\/heuer-cup\/ergebnisse Der HEUER-Cup ist bundesoffen. Alle Mannschaften und Einzelfahrerinnen sind zur Teilnahme an der Gesamtwertung willkommen. [...]","protected":false},"author":1,"featured_media":0,"parent":4191,"menu_order":471,"comment_status":"closed","ping_status":"closed","template":"","meta":[],"yoast_head":"<!-- This site is optimized with the Yoast SEO plugin v16.9 - https:\/\/yoast.com\/wordpress\/plugins\/seo\/ -->\n<title>Frauen - Generalausschreibung - des HEUER-Cup 2018<\/title>\n<meta name=\"description\" content=\"Frauen - Generalausschreibung des bundesoffenen HEUER-Cup 2018 und seine Zusatzinformationen f\u00fcr die Weiblichen Teilnehmerinnen.\" \/>\n<meta name=\"robots\" content=\"index, follow, max-snippet:-1, max-image-preview:large, max-video-preview:-1\" \/>\n<link rel=\"canonical\" href=\"https:\/\/heuer-cup.de\/en\/das-war-unser-2018\/generalausschreibung\/frauen\/\" \/>\n<meta property=\"og:locale\" content=\"en_GB\" \/>\n<meta property=\"og:type\" content=\"article\" \/>\n<meta property=\"og:title\" content=\"Frauen - Generalausschreibung - des HEUER-Cup 2018\" \/>\n<meta property=\"og:description\" content=\"Frauen - Generalausschreibung des bundesoffenen HEUER-Cup 2018 und seine Zusatzinformationen f\u00fcr die Weiblichen Teilnehmerinnen.\" \/>\n<meta property=\"og:url\" content=\"https:\/\/heuer-cup.de\/en\/das-war-unser-2018\/generalausschreibung\/frauen\/\" \/>\n<meta property=\"og:site_name\" content=\"HEUER-Cup\" \/>\n<meta property=\"article:publisher\" content=\"https:\/\/www.facebook.com\/HeuerCup\/\" \/>\n<meta property=\"article:modified_time\" content=\"2020-03-02T17:56:53+00:00\" \/>\n<meta property=\"og:image\" content=\"https:\/\/heuer-cup.eu\/userfiles\/images\/Logo_Download\/HeuerCup_Logo_small.jpg\" \/>\n<meta name=\"twitter:card\" content=\"summary_large_image\" \/>\n<meta name=\"twitter:site\" content=\"@Heuer_Cup\" \/>\n<meta name=\"twitter:label1\" content=\"Estimated reading time\" \/>\n\t<meta name=\"twitter:data1\" content=\"7 minutes\" \/>\n<script type=\"application\/ld+json\" class=\"yoast-schema-graph\">{\"@context\":\"https:\/\/schema.org\",\"@graph\":[{\"@type\":\"Organization\",\"@id\":\"https:\/\/heuer-cup.de\/#organization\",\"name\":\"Heuer Radsport\",\"url\":\"https:\/\/heuer-cup.de\/\",\"sameAs\":[\"https:\/\/www.facebook.com\/HeuerCup\/\",\"https:\/\/www.instagram.com\/heuer_cup\/\",\"https:\/\/www.youtube.com\/channel\/UCuFkVFhY376_zRGfw_0Oy-Q\",\"https:\/\/twitter.com\/Heuer_Cup\"],\"logo\":{\"@type\":\"ImageObject\",\"@id\":\"https:\/\/heuer-cup.de\/#logo\",\"inLanguage\":\"en-GB\",\"url\":\"https:\/\/heuer-cup.de\/wp-content\/uploads\/2019\/01\/logo2.jpg\",\"contentUrl\":\"https:\/\/heuer-cup.de\/wp-content\/uploads\/2019\/01\/logo2.jpg\",\"width\":750,\"height\":186,\"caption\":\"Heuer Radsport\"},\"image\":{\"@id\":\"https:\/\/heuer-cup.de\/#logo\"}},{\"@type\":\"WebSite\",\"@id\":\"https:\/\/heuer-cup.de\/#website\",\"url\":\"https:\/\/heuer-cup.de\/\",\"name\":\"Heuer Radsport\",\"description\":\"Vollgas! oder einfach: Kette rechts\",\"publisher\":{\"@id\":\"https:\/\/heuer-cup.de\/#organization\"},\"potentialAction\":[{\"@type\":\"SearchAction\",\"target\":{\"@type\":\"EntryPoint\",\"urlTemplate\":\"https:\/\/heuer-cup.de\/?s={search_term_string}\"},\"query-input\":\"required name=search_term_string\"}],\"inLanguage\":\"en-GB\"},{\"@type\":\"ImageObject\",\"@id\":\"https:\/\/heuer-cup.de\/das-war-unser-2018\/generalausschreibung\/frauen\/#primaryimage\",\"inLanguage\":\"en-GB\",\"url\":\"https:\/\/heuer-cup.eu\/userfiles\/images\/Logo_Download\/HeuerCup_Logo_small.jpg\",\"contentUrl\":\"https:\/\/heuer-cup.eu\/userfiles\/images\/Logo_Download\/HeuerCup_Logo_small.jpg\"},{\"@type\":\"WebPage\",\"@id\":\"https:\/\/heuer-cup.de\/das-war-unser-2018\/generalausschreibung\/frauen\/#webpage\",\"url\":\"https:\/\/heuer-cup.de\/das-war-unser-2018\/generalausschreibung\/frauen\/\",\"name\":\"Frauen - Generalausschreibung - des HEUER-Cup 2018\",\"isPartOf\":{\"@id\":\"https:\/\/heuer-cup.de\/#website\"},\"primaryImageOfPage\":{\"@id\":\"https:\/\/heuer-cup.de\/das-war-unser-2018\/generalausschreibung\/frauen\/#primaryimage\"},\"datePublished\":\"2019-08-21T19:24:16+00:00\",\"dateModified\":\"2020-03-02T17:56:53+00:00\",\"description\":\"Frauen - Generalausschreibung des bundesoffenen HEUER-Cup 2018 und seine Zusatzinformationen f\\u00fcr die Weiblichen Teilnehmerinnen.\",\"breadcrumb\":{\"@id\":\"https:\/\/heuer-cup.de\/das-war-unser-2018\/generalausschreibung\/frauen\/#breadcrumb\"},\"inLanguage\":\"en-GB\",\"potentialAction\":[{\"@type\":\"ReadAction\",\"target\":[\"https:\/\/heuer-cup.de\/das-war-unser-2018\/generalausschreibung\/frauen\/\"]}]},{\"@type\":\"BreadcrumbList\",\"@id\":\"https:\/\/heuer-cup.de\/das-war-unser-2018\/generalausschreibung\/frauen\/#breadcrumb\",\"itemListElement\":[{\"@type\":\"ListItem\",\"position\":1,\"name\":\"Home\",\"item\":\"https:\/\/heuer-cup.de\/\"},{\"@type\":\"ListItem\",\"position\":2,\"name\":\"das war unser 2018\",\"item\":\"https:\/\/heuer-cup.de\/das-war-unser-2018\/\"},{\"@type\":\"ListItem\",\"position\":3,\"name\":\"Generalausschreibung 2018\",\"item\":\"https:\/\/heuer-cup.de\/das-war-unser-2018\/generalausschreibung\/\"},{\"@type\":\"ListItem\",\"position\":4,\"name\":\"Frauen &#8211; Generalausschreibung\"}]}]}<\/script>\n<!-- \/ Yoast SEO plugin. -->","yoast_head_json":{"title":"Frauen - Generalausschreibung - des HEUER-Cup 2018","description":"Frauen - Generalausschreibung des bundesoffenen HEUER-Cup 2018 und seine Zusatzinformationen f\u00fcr die Weiblichen Teilnehmerinnen.","robots":{"index":"index","follow":"follow","max-snippet":"max-snippet:-1","max-image-preview":"max-image-preview:large","max-video-preview":"max-video-preview:-1"},"canonical":"https:\/\/heuer-cup.de\/en\/das-war-unser-2018\/generalausschreibung\/frauen\/","og_locale":"en_GB","og_type":"article","og_title":"Frauen - Generalausschreibung - des HEUER-Cup 2018","og_description":"Frauen - Generalausschreibung des bundesoffenen HEUER-Cup 2018 und seine Zusatzinformationen f\u00fcr die Weiblichen Teilnehmerinnen.","og_url":"https:\/\/heuer-cup.de\/en\/das-war-unser-2018\/generalausschreibung\/frauen\/","og_site_name":"HEUER-Cup","article_publisher":"https:\/\/www.facebook.com\/HeuerCup\/","article_modified_time":"2020-03-02T17:56:53+00:00","og_image":[{"url":"https:\/\/heuer-cup.eu\/userfiles\/images\/Logo_Download\/HeuerCup_Logo_small.jpg"}],"twitter_card":"summary_large_image","twitter_site":"@Heuer_Cup","twitter_misc":{"Estimated reading time":"7 minutes"},"schema":{"@context":"https:\/\/schema.org","@graph":[{"@type":"Organization","@id":"https:\/\/heuer-cup.de\/#organization","name":"Heuer Radsport","url":"https:\/\/heuer-cup.de\/","sameAs":["https:\/\/www.facebook.com\/HeuerCup\/","https:\/\/www.instagram.com\/heuer_cup\/","https:\/\/www.youtube.com\/channel\/UCuFkVFhY376_zRGfw_0Oy-Q","https:\/\/twitter.com\/Heuer_Cup"],"logo":{"@type":"ImageObject","@id":"https:\/\/heuer-cup.de\/#logo","inLanguage":"en-GB","url":"https:\/\/heuer-cup.de\/wp-content\/uploads\/2019\/01\/logo2.jpg","contentUrl":"https:\/\/heuer-cup.de\/wp-content\/uploads\/2019\/01\/logo2.jpg","width":750,"height":186,"caption":"Heuer Radsport"},"image":{"@id":"https:\/\/heuer-cup.de\/#logo"}},{"@type":"WebSite","@id":"https:\/\/heuer-cup.de\/#website","url":"https:\/\/heuer-cup.de\/","name":"Heuer Radsport","description":"Vollgas! oder einfach: Kette rechts","publisher":{"@id":"https:\/\/heuer-cup.de\/#organization"},"potentialAction":[{"@type":"SearchAction","target":{"@type":"EntryPoint","urlTemplate":"https:\/\/heuer-cup.de\/?s={search_term_string}"},"query-input":"required name=search_term_string"}],"inLanguage":"en-GB"},{"@type":"ImageObject","@id":"https:\/\/heuer-cup.de\/das-war-unser-2018\/generalausschreibung\/frauen\/#primaryimage","inLanguage":"en-GB","url":"https:\/\/heuer-cup.eu\/userfiles\/images\/Logo_Download\/HeuerCup_Logo_small.jpg","contentUrl":"https:\/\/heuer-cup.eu\/userfiles\/images\/Logo_Download\/HeuerCup_Logo_small.jpg"},{"@type":"WebPage","@id":"https:\/\/heuer-cup.de\/das-war-unser-2018\/generalausschreibung\/frauen\/#webpage","url":"https:\/\/heuer-cup.de\/das-war-unser-2018\/generalausschreibung\/frauen\/","name":"Frauen - Generalausschreibung - des HEUER-Cup 2018","isPartOf":{"@id":"https:\/\/heuer-cup.de\/#website"},"primaryImageOfPage":{"@id":"https:\/\/heuer-cup.de\/das-war-unser-2018\/generalausschreibung\/frauen\/#primaryimage"},"datePublished":"2019-08-21T19:24:16+00:00","dateModified":"2020-03-02T17:56:53+00:00","description":"Frauen - Generalausschreibung des bundesoffenen HEUER-Cup 2018 und seine Zusatzinformationen f\u00fcr die Weiblichen Teilnehmerinnen.","breadcrumb":{"@id":"https:\/\/heuer-cup.de\/das-war-unser-2018\/generalausschreibung\/frauen\/#breadcrumb"},"inLanguage":"en-GB","potentialAction":[{"@type":"ReadAction","target":["https:\/\/heuer-cup.de\/das-war-unser-2018\/generalausschreibung\/frauen\/"]}]},{"@type":"BreadcrumbList","@id":"https:\/\/heuer-cup.de\/das-war-unser-2018\/generalausschreibung\/frauen\/#breadcrumb","itemListElement":[{"@type":"ListItem","position":1,"name":"Home","item":"https:\/\/heuer-cup.de\/"},{"@type":"ListItem","position":2,"name":"das war unser 2018","item":"https:\/\/heuer-cup.de\/das-war-unser-2018\/"},{"@type":"ListItem","position":3,"name":"Generalausschreibung 2018","item":"https:\/\/heuer-cup.de\/das-war-unser-2018\/generalausschreibung\/"},{"@type":"ListItem","position":4,"name":"Frauen &#8211; Generalausschreibung"}]}]}},"_links":{"self":[{"href":"https:\/\/heuer-cup.de\/en\/wp-json\/wp\/v2\/pages\/4199"}],"collection":[{"href":"https:\/\/heuer-cup.de\/en\/wp-json\/wp\/v2\/pages"}],"about":[{"href":"https:\/\/heuer-cup.de\/en\/wp-json\/wp\/v2\/types\/page"}],"author":[{"embeddable":true,"href":"https:\/\/heuer-cup.de\/en\/wp-json\/wp\/v2\/users\/1"}],"replies":[{"embeddable":true,"href":"https:\/\/heuer-cup.de\/en\/wp-json\/wp\/v2\/comments?post=4199"}],"version-history":[{"count":7,"href":"https:\/\/heuer-cup.de\/en\/wp-json\/wp\/v2\/pages\/4199\/revisions"}],"predecessor-version":[{"id":5679,"href":"https:\/\/heuer-cup.de\/en\/wp-json\/wp\/v2\/pages\/4199\/revisions\/5679"}],"up":[{"embeddable":true,"href":"https:\/\/heuer-cup.de\/en\/wp-json\/wp\/v2\/pages\/4191"}],"wp:attachment":[{"href":"https:\/\/heuer-cup.de\/en\/wp-json\/wp\/v2\/media?parent=4199"}],"curies":[{"name":"wp","href":"https:\/\/api.w.org\/{rel}","templated":true}]}}