{"id":4197,"date":"2019-08-21T21:23:27","date_gmt":"2019-08-21T19:23:27","guid":{"rendered":"https:\/\/heuer-cup.de\/?page_id=4197"},"modified":"2020-03-02T18:57:29","modified_gmt":"2020-03-02T17:57:29","slug":"senioren","status":"publish","type":"page","link":"https:\/\/heuer-cup.de\/en\/das-war-unser-2018\/generalausschreibung\/senioren\/","title":{"rendered":"Senioren &#8211; Generalausschreibung"},"content":{"rendered":"<div class=\"vc_row wpb_row vc_row-fluid\"><div class=\"wpb_column vc_column_container vc_col-sm-12\"><div class=\"vc_column-inner\"><div class=\"wpb_wrapper\">\n\t<div class=\"wpb_text_column wpb_content_element\" >\n\t\t<div class=\"wpb_wrapper\">\n\t\t\t<p><strong>Ausschreibung zum HEUER-Cup\u00a0<a href=\"https:\/\/www.wrsv.de\/olympischer-radsport\/strasse\/rennserien\/heuer-cup\" target=\"_blank\" rel=\"noopener noreferrer\">Seniorenliga 2018<\/a><br \/>\n<\/strong><\/p>\n<p><a href=\"https:\/\/heuer-cup.de\/wp-content\/uploads\/Ausschreibung-2018\/Heuer-Cup_2018_Senioren.pdf\" target=\"_blank\" rel=\"noopener noreferrer\"><strong><img class=\"aligncenter\" title=\"Ausschreibung HEUER-Cup\" src=\"https:\/\/heuer-cup.eu\/userfiles\/images\/Logo_Download\/HeuerCup_Logo_small.jpg\" alt=\"\" \/><\/strong><\/a>Unter dem Patronat der HEUER Pr\u00e4zisionsteile GmbH f\u00fchren der W\u00fcrttembergische Radsportverband e.V. und der Badische Radsportverband e.V. gemeinsam mit den ausrichtenden Vereinen die Rennserie HEUER-Cup M\u00e4nner<br \/>\nSeniorenliga durch.<\/p>\n<p>Aktuelle Ergebnisse werden zeitnah ver\u00f6ffentlicht unter:<br \/>\n<a href=\"https:\/\/www.heuer-cup.eu\/\">https:\/\/www.heuer-cup.eu\/<\/a><\/p>\n<p>und<\/p>\n<p><a href=\"https:\/\/wrsv.de\/olympischer-radsport\/strasse\/rennserien\/heuer-cup\/ergebnisse\">https:\/\/wrsv.de\/olympischer-radsport\/strasse\/rennserien\/heuer-cup\/ergebnisse<\/a><\/p>\n<p><strong>Der HEUER-Cup ist bundesoffen.<\/strong>\u00a0Alle Mannschaften und Einzelfahrer\u2013 auch nicht aus Baden-W\u00fcrttemberg \u2013 sind zur Teilnahme an der Gesamtwertung willkommen. Es gibt ein Streichresultat. Dieses wird mit der Etappe in Deisslingen wirksam, Details siehe \u00a73.<\/p>\n<ol>\n<li><strong>Teilnahmeberechtigung\u00a0<\/strong><br \/>\nTeilnahmeberechtigt zur Wertung um den HEUER-Cup sind Radrennsportler die der Kategorie Senioren 2-3-4 Klasse A,B,C angeh\u00f6ren, die \u00fcber einen BDR-Verein lizenziert sind und zur Teilnahme an der HEUER-Cup Seniorenliga angemeldet werden.1. Mannschaften:<br \/>\nVereins-, Regional- sowie vom BDR genehmigte Renngemeinschaften. Eine Mannschaft besteht aus mindestens drei und maximal vier Fahrern der o.g. Kategorien.2. Einzelfahrer<\/li>\n<li><strong>Wettbewerbe<\/strong><br \/>\nDie HEUER-Cup Seniorenliga besteht aus 7 zusammenh\u00e4ngenden Stra\u00dfenwettbewerben.<br \/>\nDie Durchf\u00fchrung der Wettbewerbe erfolgt nach den Bestimmungen der Sportordnung, WB Stra\u00dfe des BDR sowie dieser Generalausschreibung.<\/li>\n<li>Wertungsbestimmungena.) Einzelwertung<br \/>\nEs erfolgt eine separate Einzelwertung f\u00fcr alle drei verschiedenen Altersklassen.<br \/>\nF\u00fcr jede Etappe gibt es ein separates Ergebnis f\u00fcr jede der drei verschiedenen Altersklassen. Diese separaten Ergebnisse sind in jeder Klasse entscheidend f\u00fcr die Punktevergabe in der Gesamteinzelwertung.<br \/>\nF\u00fcr die Gesamtwertung erhalten die Fahrer bei den einzelnen Stra\u00dfen-Etappen wie folgt HEUER-Cup Punkte:Platz 1-15 Punkteregel:<br \/>\n25-22-20-19-18-17-16-15-14-13-13-12-12-11-11 Punkte.Ab Platz 16 Zeitregel<br \/>\nR\u00fcckstand 0:00min-1:59min\u00a0\u00a0 10 Punkte<br \/>\nR\u00fcckstand 2:00min-9:59min\u00a0\u00a0\u00a0\u00a0 8 Punkte<br \/>\nIm Kontrollschluss im Ziel\u00a0\u00a0\u00a0\u00a0\u00a0\u00a0\u00a0\u00a0 6 Punkte<br \/>\nGestartet und DNF\u00a0\u00a0\u00a0\u00a0\u00a0\u00a0\u00a0\u00a0\u00a0\u00a0\u00a0\u00a0\u00a0\u00a0\u00a0\u00a0\u00a0\u00a0\u00a0 1 PunktBei Nichtantritt einer Etappe oder Disqualifikation durch den VKK werden keine Punkte gutgeschrieben. Bei jedem Wettbewerb legen der VKK und der Ausrichterverein vor Rennbeginn die jeweils g\u00fcltige Regelung zur Karenzzeit fest, die ma\u00dfgeblich f\u00fcr den Erhalt von 6Punkten ist. HEUER-Cup Punkte f\u00fcr Pl\u00e4tze von nicht f\u00fcr den gesamten Cup gemeldeten Fahrerinnen (vgl. \u00a7 1) bleiben vakant. D.h. es erfolgt kein Aufr\u00fccken bei der Punkteregel.b.) Mannschaftswertung<br \/>\nBei der HEUER-Cup Seniorenliga wird die Mannschaftswertung durchgef\u00fchrt.<br \/>\nDie Mannschaftswertung erfolgt dabei f\u00fcr ein gesamtes Team und nicht in den einzelnen Altersklassen getrennt.<br \/>\nF\u00fcr die Tages-Mannschaftswertung wird dabei die Summe der drei punktbesten Fahrer aus allen der drei Altersklassen gebildet. Mannschaften, die weniger als zwei Fahrer in die Wertung bringen, erhalten keine Mannschaftspunkte.<br \/>\nF\u00fcr die Mannschaftswertung werden nur die auf der Mannschaftsmeldung genannten Fahrer gewertet. Mannschaften, die zu Beginn der Rennserie das Fahrerkontingent von max. vier Fahrern nicht ausgesch\u00f6pft haben, k\u00f6nnen sich (unter Beachtung von \u00a7 1) im Laufe der Rennserie mit Fahrern erweitern. Die neuen Fahrer werden dem OK genannt und offiziell best\u00e4tigt. Erst ab diesem Zeitpunkt ist der Fahrer f\u00fcr die Mannschaft wertungsberechtigt. Bereits erzielte Ergebnisse gehen nicht nachtr\u00e4glich in die Mannschaftswertung ein. War der Fahrer bereits als Einzelstarter gemeldet, beh\u00e4lt er seine Punkte in der Einzelwertung.<\/p>\n<p>c.) Spitzenreiterwertung<br \/>\nF\u00fcr jede der drei Altersklassen gibt es eine separate Spitzenreiterwertung. Anhand der Punkte werden die Fahrer in der Spitzenreiterwertung erfasst. Der Fahrer mit der h\u00f6chsten Punktesumme in jeder Altersklasse erh\u00e4lt nach der jeweiligen Etappe das HEUER-Cup Spitzenreitertrikot.<br \/>\nDie Punktsumme wird hierf\u00fcr wie folgt berechnet:<\/p>\n<p>&#8211; bis zur Etappe in Konstanz aus der Summe aller Tages-HEUER-Punkte<\/p>\n<p>&#8211; nach der Etappe in Deisslingen aus der Summe der (x-1) besten Etappenergebnisse<\/p>\n<p>Bei Punktegleichheit entscheidet die bessere Platzierung im letzten Wettbewerb. Das F\u00fchrungstrikot muss auf der n\u00e4chsten Etappe getragen werden. Auf dem F\u00fchrungstrikot darf der Vereinssponsor getragen werden.<\/p>\n<p>d.) Doppelmeldung<br \/>\nFahrer, die am selben Tag f\u00fcr ein anderes Rennen melden, an dem eine HEUER-Cup Etappe stattfindet, m\u00fcssen sich<\/p>\n<p>beim Ausrichter der HEUER-Cup Etappe bis zu dessen Meldeschluss fristgerecht abmelden. Ansonsten werden beide<\/p>\n<p>Meldungen als Doppelmeldung gewertet und k\u00f6nnen dementsprechend (SpO\/WB) bestraft werden. Bei Etappen bei denen<\/p>\n<p>das Nenngeld vorab \u00fcberwiesen werden muss, z\u00e4hlt die Anmeldung zur HEUER-Cup Etappe erst nach dem \u00dcberweisen des Nenngelds. Dementsprechend muss auch erst dann eine Abmeldung erfolgen.<\/li>\n<li><strong>Ehrengaben und Preise\u00a0<\/strong><br \/>\nJeder am HEUER-Cup gemeldete Sportler erh\u00e4lt ein Starterpaket im Wert von ca.50\u20ac. Das Startpaket wird von der Sportlerin pers\u00f6nlich am Heuer-Stand in Bruchsal abgeholt.a.) Etappenpreise:<br \/>\nBei jeder Etappe erh\u00e4lt der F\u00fchrende in der Gesamteinzelwertung jeder Altersklasse das HEUER-Cup F\u00fchrungstrikot. Die Fahrer auf Platz 1-3 und der Spitzenreiter erhalten Siegerblumen. Die Tagespreise der Etappen richten sich nach WB Stra\u00dfe und werden unmittelbar nach der Etappe durch denVeranstalter ausgezahlt.b.) Gesamtwertung\/ Einzel:<br \/>\nNach Abschluss aller 7 Etappen wird anhand der gewonnenen HEUER-Cup Punkte die Gesamtwertung f\u00fcr jede Altersklasse erstellt. F\u00fcr jeden Fahrer werden dazu die Punkte aus den jeweils 6 besten Etappenergebnissen addiert.<br \/>\nEs siegt der Fahrer mit der h\u00f6chsten Punktesumme aus obiger Addition. Bei Punktegleichheit entscheidet die bessere Platzierung im Finalrennen.<br \/>\nDer Sieger jeder Altersklasse gewinnt das HEUER-Cup Trikot. Die Fahrer auf Platz 1-3 jeder Altersklasse gewinnen Medaillen und die drei Punktbesten aller Klassen HEUER-Cup Pokale.c.) Gesamtwertung\/ Mannschaft:<br \/>\nNach Abschluss aller 7 Etappen wird die Jahres-Mannschaftswertung erstellt. Hierzu werden f\u00fcr jede Mannschaft alle Tagesmannschaftspunkte addiert.\u00a0<strong>KEIN<\/strong>\u00a0Streichresultat f\u00fcr die Mannschaftswertung!<br \/>\nDie Mannschaften auf Rang 1 bis 3 gewinnen HEUER-Cup Pokale und den Titel<strong>\u00a0\u201eBaden-W\u00fcrttembergischer Mannschaftsmeister der Senioren\u201c<\/strong>\u00a0und Medaillen in Gold, Silber und Bronze. Titel und Medaillen k\u00f6nnen nur Mannschaften erwerben, deren Fahrer ausschlie\u00dflich \u00fcber einen baden-w\u00fcrttembergischen Verein lizenziert sind. Bei Punktegleichheit entscheidet die bessere Punktsumme beim Finalrennen.d.) Ausgabe der Jahrespreise<br \/>\nDie Jahressiegerehrung und Ausgabe aller Gesamtwertungspreise erfolgt zusammen mit der Siegerehrung der Klassen Frauen, M\u00e4nner ABC und M\u00e4nner 1000km im Anschluss an das ABC-Rennen der Finaletappe in Backnang.<\/li>\n<li><strong>Trikotbestimmungen<\/strong><br \/>\nBei der Rennserie gehen die Mannschaften in einem einheitlichen Trikot an den Start.<\/li>\n<li><strong>Etappenplan<\/strong>Etappe 1<br \/>\n22.April &#8211; Bruchsal &#8211; Rennen KritEtappe 2<br \/>\n13.Mai &#8211; Ellmendingen &#8211; Rennen RREtappe 3<br \/>\n20.Mai &#8211; Schwenningen &#8211; Rennen STREtappe 4<br \/>\n3.Juni &#8211; Konstanz &#8211; Rennen RREtappe 5<br \/>\n19.Juli &#8211; Deisslingen &#8211; Rennen Krit<\/p>\n<p>Etappe 6<br \/>\n22.Juli &#8211; Reute &#8211; Rennen RR<\/p>\n<p>Etappe 7<br \/>\n4.August &#8211; Backnang &#8211; Rennen RR<\/p>\n<p>Das OK beh\u00e4lt sich das Recht vor, den Etappenplan zu \u00e4ndern.<\/li>\n<li><strong>Mannschaftsfahrzeuge<\/strong><br \/>\nEs sind keine Mannschaftsfahrzeuge zugelassen.<\/li>\n<li><strong>Verlosung<\/strong><br \/>\neines hochwertigen HEUER Carbon-Stra\u00dfen-Laufradsatzes<br \/>\nIm Rahmen der Gesamtsiegerehrung bei der Finaletappe in Backnang erfolgt unter allen Erwachsenensportlern (M\u00e4nner ABC, M\u00e4nner 1000km, Senioren, Frauen) eine Sachpreis-Verlosung. Der Hauptpreis ist ein Laufradsatz der Firma Heuer mit Flanschnaben und Aerospeichen, nach Wahl des Sportlers mit Clincher oder Tubular. F\u00fcr die Verlosung qualifizieren sich alle Sportler\/Sportlerinnen, die in ihrer jeweiligen Klasse bei allen bis auf ein Rennen mindestens 1HEUER-Cup Punkt erworben haben. Falls der gezogene Gewinner bei der Verlosung nicht pers\u00f6nlich anwesend ist, verf\u00e4llt sein Gewinn und ein neuer Gewinner wird gezogen.<\/li>\n<li>Anmeldung<br \/>\nDie Fahrer sind mit Name, Vorname, Verein, Team, UCI-ID Nummer zu benennen.<br \/>\nDas excel-Formular zur Nennung kann unter\u00a0<a href=\"http:\/\/www.wrsv.de\/olympischer-radsport\/strasse\/rennserien\/HEUER-cup\" target=\"_blank\" rel=\"noopener noreferrer\">WRSV\u00a0<\/a>heruntergeladen werden. Zur Rechnungsstellung muss eine vollst\u00e4ndige Postadresse angegeben werden. Die Meldung ist erst nach Rechnungszahlung g\u00fcltig.Die Anmeldung der Mannschaften erfolgt mannschaftsweise. Mit der Anmeldung ist ein Organisationsbeitrag in H\u00f6he von 75.- \u20ac pro Mannschaft zu bezahlen.Die Anmeldung der Einzelfahrer erfolgt vereinsweise. Mit der Anmeldung ist pro Fahrer ein Organisationsbeitrag in H\u00f6he von 20.- \u20ac zu bezahlen.Die Fahrer erhalten dann f\u00fcr den gesamten HEUER-Cup eine Standardnummer zugewiesen. Die Fahrer brauchen sich f\u00fcr alle Tagesetappen, die ohne Vorab\u00fcberweisung des Nenngelds abgewickelt werden, nicht mehr extra zu melden.Die Startnummern werden bei jeder Etappe an der Startnummernausgabe abgeholt. Das Nenngeld ist gem\u00e4\u00df der jeweiligen Tagesausschreibung unmittelbar bei der Nummernausgabe oder per Vorab\u00fcberweisung zu entrichten.Achtung bei Rennen mit Vorab\u00fcbeweisung m\u00fcssen HEUER-Cup Teilnehmer separat eine Tagesanmeldung durchf\u00fchren und das Nenngeld \u00fcberweisen! Tagesausschreibung beachten!<\/li>\n<\/ol>\n<p><strong>Meldeschluss f\u00fcr die Jahresnennung: 25. M\u00e4rz 2018<\/strong><br \/>\nFahrer die sich nicht per Jahresnennung anmelden, kommen nicht in die HEUER-Cup Wertung. Sie m\u00fcssen sich zu den einzelnen Etappen direkt beim Ausrichter anmelden (Ausschreibung beachten).<\/p>\n<p><strong>Sportliche Aufsicht<\/strong><br \/>\nDer Verbandsbeauftragte, der \u00f6rtliche VKK und die KK-Mitglieder f\u00fchren die sportliche Aufsicht, erstellen das Tagesergebnis und ermitteln den F\u00fchrenden in der Gesamtwertung.<\/p>\n<p>Gez.<br \/>\nBadischer Radsportverband e.V.\/W\u00fcrttembergischer Radsportverband e.V.<br \/>\nMarc Benkert, Projektleitung HEUER-Cup, Liga-Beauftragter<\/p>\n\n\t\t<\/div>\n\t<\/div>\n<\/div><\/div><\/div><\/div>","protected":false},"excerpt":{"rendered":"Ausschreibung zum HEUER-Cup\u00a0Seniorenliga 2018 Unter dem Patronat der HEUER Pr\u00e4zisionsteile GmbH f\u00fchren der W\u00fcrttembergische Radsportverband e.V. und der Badische Radsportverband e.V. gemeinsam mit den ausrichtenden Vereinen die Rennserie HEUER-Cup M\u00e4nner Seniorenliga durch. Aktuelle Ergebnisse werden zeitnah ver\u00f6ffentlicht unter: https:\/\/www.heuer-cup.eu\/ und https:\/\/wrsv.de\/olympischer-radsport\/strasse\/rennserien\/heuer-cup\/ergebnisse Der HEUER-Cup ist bundesoffen.\u00a0Alle Mannschaften und Einzelfahrer\u2013 auch nicht aus Baden-W\u00fcrttemberg \u2013 sind zur [...]","protected":false},"author":1,"featured_media":0,"parent":4191,"menu_order":474,"comment_status":"closed","ping_status":"closed","template":"","meta":[],"yoast_head":"<!-- This site is optimized with the Yoast SEO plugin v16.9 - https:\/\/yoast.com\/wordpress\/plugins\/seo\/ -->\n<title>Senioren - Generalausschreibung - HEUER-Cup 2018<\/title>\n<meta name=\"description\" content=\"Senioren - Generalausschreibung des bundesoffenen HEUER-Cup 2018 und seine Zusatzinformationen f\u00fcr die Teilnehmer.\" \/>\n<meta name=\"robots\" content=\"index, follow, max-snippet:-1, max-image-preview:large, max-video-preview:-1\" \/>\n<link rel=\"canonical\" href=\"https:\/\/heuer-cup.de\/en\/das-war-unser-2018\/generalausschreibung\/senioren\/\" \/>\n<meta property=\"og:locale\" content=\"en_GB\" \/>\n<meta property=\"og:type\" content=\"article\" \/>\n<meta property=\"og:title\" content=\"Senioren - Generalausschreibung - HEUER-Cup 2018\" \/>\n<meta property=\"og:description\" content=\"Senioren - Generalausschreibung des bundesoffenen HEUER-Cup 2018 und seine Zusatzinformationen f\u00fcr die Teilnehmer.\" \/>\n<meta property=\"og:url\" content=\"https:\/\/heuer-cup.de\/en\/das-war-unser-2018\/generalausschreibung\/senioren\/\" \/>\n<meta property=\"og:site_name\" content=\"HEUER-Cup\" \/>\n<meta property=\"article:publisher\" content=\"https:\/\/www.facebook.com\/HeuerCup\/\" \/>\n<meta property=\"article:modified_time\" content=\"2020-03-02T17:57:29+00:00\" \/>\n<meta property=\"og:image\" content=\"https:\/\/heuer-cup.eu\/userfiles\/images\/Logo_Download\/HeuerCup_Logo_small.jpg\" \/>\n<meta name=\"twitter:card\" content=\"summary_large_image\" \/>\n<meta name=\"twitter:site\" content=\"@Heuer_Cup\" \/>\n<meta name=\"twitter:label1\" content=\"Estimated reading time\" \/>\n\t<meta name=\"twitter:data1\" content=\"7 minutes\" \/>\n<script type=\"application\/ld+json\" class=\"yoast-schema-graph\">{\"@context\":\"https:\/\/schema.org\",\"@graph\":[{\"@type\":\"Organization\",\"@id\":\"https:\/\/heuer-cup.de\/#organization\",\"name\":\"Heuer Radsport\",\"url\":\"https:\/\/heuer-cup.de\/\",\"sameAs\":[\"https:\/\/www.facebook.com\/HeuerCup\/\",\"https:\/\/www.instagram.com\/heuer_cup\/\",\"https:\/\/www.youtube.com\/channel\/UCuFkVFhY376_zRGfw_0Oy-Q\",\"https:\/\/twitter.com\/Heuer_Cup\"],\"logo\":{\"@type\":\"ImageObject\",\"@id\":\"https:\/\/heuer-cup.de\/#logo\",\"inLanguage\":\"en-GB\",\"url\":\"https:\/\/heuer-cup.de\/wp-content\/uploads\/2019\/01\/logo2.jpg\",\"contentUrl\":\"https:\/\/heuer-cup.de\/wp-content\/uploads\/2019\/01\/logo2.jpg\",\"width\":750,\"height\":186,\"caption\":\"Heuer Radsport\"},\"image\":{\"@id\":\"https:\/\/heuer-cup.de\/#logo\"}},{\"@type\":\"WebSite\",\"@id\":\"https:\/\/heuer-cup.de\/#website\",\"url\":\"https:\/\/heuer-cup.de\/\",\"name\":\"Heuer Radsport\",\"description\":\"Vollgas! oder einfach: Kette rechts\",\"publisher\":{\"@id\":\"https:\/\/heuer-cup.de\/#organization\"},\"potentialAction\":[{\"@type\":\"SearchAction\",\"target\":{\"@type\":\"EntryPoint\",\"urlTemplate\":\"https:\/\/heuer-cup.de\/?s={search_term_string}\"},\"query-input\":\"required name=search_term_string\"}],\"inLanguage\":\"en-GB\"},{\"@type\":\"ImageObject\",\"@id\":\"https:\/\/heuer-cup.de\/das-war-unser-2018\/generalausschreibung\/senioren\/#primaryimage\",\"inLanguage\":\"en-GB\",\"url\":\"https:\/\/heuer-cup.eu\/userfiles\/images\/Logo_Download\/HeuerCup_Logo_small.jpg\",\"contentUrl\":\"https:\/\/heuer-cup.eu\/userfiles\/images\/Logo_Download\/HeuerCup_Logo_small.jpg\"},{\"@type\":\"WebPage\",\"@id\":\"https:\/\/heuer-cup.de\/das-war-unser-2018\/generalausschreibung\/senioren\/#webpage\",\"url\":\"https:\/\/heuer-cup.de\/das-war-unser-2018\/generalausschreibung\/senioren\/\",\"name\":\"Senioren - Generalausschreibung - HEUER-Cup 2018\",\"isPartOf\":{\"@id\":\"https:\/\/heuer-cup.de\/#website\"},\"primaryImageOfPage\":{\"@id\":\"https:\/\/heuer-cup.de\/das-war-unser-2018\/generalausschreibung\/senioren\/#primaryimage\"},\"datePublished\":\"2019-08-21T19:23:27+00:00\",\"dateModified\":\"2020-03-02T17:57:29+00:00\",\"description\":\"Senioren - Generalausschreibung des bundesoffenen HEUER-Cup 2018 und seine Zusatzinformationen f\\u00fcr die Teilnehmer.\",\"breadcrumb\":{\"@id\":\"https:\/\/heuer-cup.de\/das-war-unser-2018\/generalausschreibung\/senioren\/#breadcrumb\"},\"inLanguage\":\"en-GB\",\"potentialAction\":[{\"@type\":\"ReadAction\",\"target\":[\"https:\/\/heuer-cup.de\/das-war-unser-2018\/generalausschreibung\/senioren\/\"]}]},{\"@type\":\"BreadcrumbList\",\"@id\":\"https:\/\/heuer-cup.de\/das-war-unser-2018\/generalausschreibung\/senioren\/#breadcrumb\",\"itemListElement\":[{\"@type\":\"ListItem\",\"position\":1,\"name\":\"Home\",\"item\":\"https:\/\/heuer-cup.de\/\"},{\"@type\":\"ListItem\",\"position\":2,\"name\":\"das war unser 2018\",\"item\":\"https:\/\/heuer-cup.de\/das-war-unser-2018\/\"},{\"@type\":\"ListItem\",\"position\":3,\"name\":\"Generalausschreibung 2018\",\"item\":\"https:\/\/heuer-cup.de\/das-war-unser-2018\/generalausschreibung\/\"},{\"@type\":\"ListItem\",\"position\":4,\"name\":\"Senioren &#8211; Generalausschreibung\"}]}]}<\/script>\n<!-- \/ Yoast SEO plugin. -->","yoast_head_json":{"title":"Senioren - Generalausschreibung - HEUER-Cup 2018","description":"Senioren - Generalausschreibung des bundesoffenen HEUER-Cup 2018 und seine Zusatzinformationen f\u00fcr die Teilnehmer.","robots":{"index":"index","follow":"follow","max-snippet":"max-snippet:-1","max-image-preview":"max-image-preview:large","max-video-preview":"max-video-preview:-1"},"canonical":"https:\/\/heuer-cup.de\/en\/das-war-unser-2018\/generalausschreibung\/senioren\/","og_locale":"en_GB","og_type":"article","og_title":"Senioren - Generalausschreibung - HEUER-Cup 2018","og_description":"Senioren - Generalausschreibung des bundesoffenen HEUER-Cup 2018 und seine Zusatzinformationen f\u00fcr die Teilnehmer.","og_url":"https:\/\/heuer-cup.de\/en\/das-war-unser-2018\/generalausschreibung\/senioren\/","og_site_name":"HEUER-Cup","article_publisher":"https:\/\/www.facebook.com\/HeuerCup\/","article_modified_time":"2020-03-02T17:57:29+00:00","og_image":[{"url":"https:\/\/heuer-cup.eu\/userfiles\/images\/Logo_Download\/HeuerCup_Logo_small.jpg"}],"twitter_card":"summary_large_image","twitter_site":"@Heuer_Cup","twitter_misc":{"Estimated reading time":"7 minutes"},"schema":{"@context":"https:\/\/schema.org","@graph":[{"@type":"Organization","@id":"https:\/\/heuer-cup.de\/#organization","name":"Heuer Radsport","url":"https:\/\/heuer-cup.de\/","sameAs":["https:\/\/www.facebook.com\/HeuerCup\/","https:\/\/www.instagram.com\/heuer_cup\/","https:\/\/www.youtube.com\/channel\/UCuFkVFhY376_zRGfw_0Oy-Q","https:\/\/twitter.com\/Heuer_Cup"],"logo":{"@type":"ImageObject","@id":"https:\/\/heuer-cup.de\/#logo","inLanguage":"en-GB","url":"https:\/\/heuer-cup.de\/wp-content\/uploads\/2019\/01\/logo2.jpg","contentUrl":"https:\/\/heuer-cup.de\/wp-content\/uploads\/2019\/01\/logo2.jpg","width":750,"height":186,"caption":"Heuer Radsport"},"image":{"@id":"https:\/\/heuer-cup.de\/#logo"}},{"@type":"WebSite","@id":"https:\/\/heuer-cup.de\/#website","url":"https:\/\/heuer-cup.de\/","name":"Heuer Radsport","description":"Vollgas! oder einfach: Kette rechts","publisher":{"@id":"https:\/\/heuer-cup.de\/#organization"},"potentialAction":[{"@type":"SearchAction","target":{"@type":"EntryPoint","urlTemplate":"https:\/\/heuer-cup.de\/?s={search_term_string}"},"query-input":"required name=search_term_string"}],"inLanguage":"en-GB"},{"@type":"ImageObject","@id":"https:\/\/heuer-cup.de\/das-war-unser-2018\/generalausschreibung\/senioren\/#primaryimage","inLanguage":"en-GB","url":"https:\/\/heuer-cup.eu\/userfiles\/images\/Logo_Download\/HeuerCup_Logo_small.jpg","contentUrl":"https:\/\/heuer-cup.eu\/userfiles\/images\/Logo_Download\/HeuerCup_Logo_small.jpg"},{"@type":"WebPage","@id":"https:\/\/heuer-cup.de\/das-war-unser-2018\/generalausschreibung\/senioren\/#webpage","url":"https:\/\/heuer-cup.de\/das-war-unser-2018\/generalausschreibung\/senioren\/","name":"Senioren - Generalausschreibung - HEUER-Cup 2018","isPartOf":{"@id":"https:\/\/heuer-cup.de\/#website"},"primaryImageOfPage":{"@id":"https:\/\/heuer-cup.de\/das-war-unser-2018\/generalausschreibung\/senioren\/#primaryimage"},"datePublished":"2019-08-21T19:23:27+00:00","dateModified":"2020-03-02T17:57:29+00:00","description":"Senioren - Generalausschreibung des bundesoffenen HEUER-Cup 2018 und seine Zusatzinformationen f\u00fcr die Teilnehmer.","breadcrumb":{"@id":"https:\/\/heuer-cup.de\/das-war-unser-2018\/generalausschreibung\/senioren\/#breadcrumb"},"inLanguage":"en-GB","potentialAction":[{"@type":"ReadAction","target":["https:\/\/heuer-cup.de\/das-war-unser-2018\/generalausschreibung\/senioren\/"]}]},{"@type":"BreadcrumbList","@id":"https:\/\/heuer-cup.de\/das-war-unser-2018\/generalausschreibung\/senioren\/#breadcrumb","itemListElement":[{"@type":"ListItem","position":1,"name":"Home","item":"https:\/\/heuer-cup.de\/"},{"@type":"ListItem","position":2,"name":"das war unser 2018","item":"https:\/\/heuer-cup.de\/das-war-unser-2018\/"},{"@type":"ListItem","position":3,"name":"Generalausschreibung 2018","item":"https:\/\/heuer-cup.de\/das-war-unser-2018\/generalausschreibung\/"},{"@type":"ListItem","position":4,"name":"Senioren &#8211; Generalausschreibung"}]}]}},"_links":{"self":[{"href":"https:\/\/heuer-cup.de\/en\/wp-json\/wp\/v2\/pages\/4197"}],"collection":[{"href":"https:\/\/heuer-cup.de\/en\/wp-json\/wp\/v2\/pages"}],"about":[{"href":"https:\/\/heuer-cup.de\/en\/wp-json\/wp\/v2\/types\/page"}],"author":[{"embeddable":true,"href":"https:\/\/heuer-cup.de\/en\/wp-json\/wp\/v2\/users\/1"}],"replies":[{"embeddable":true,"href":"https:\/\/heuer-cup.de\/en\/wp-json\/wp\/v2\/comments?post=4197"}],"version-history":[{"count":7,"href":"https:\/\/heuer-cup.de\/en\/wp-json\/wp\/v2\/pages\/4197\/revisions"}],"predecessor-version":[{"id":5684,"href":"https:\/\/heuer-cup.de\/en\/wp-json\/wp\/v2\/pages\/4197\/revisions\/5684"}],"up":[{"embeddable":true,"href":"https:\/\/heuer-cup.de\/en\/wp-json\/wp\/v2\/pages\/4191"}],"wp:attachment":[{"href":"https:\/\/heuer-cup.de\/en\/wp-json\/wp\/v2\/media?parent=4197"}],"curies":[{"name":"wp","href":"https:\/\/api.w.org\/{rel}","templated":true}]}}