{"id":4195,"date":"2019-08-21T21:22:48","date_gmt":"2019-08-21T19:22:48","guid":{"rendered":"https:\/\/heuer-cup.de\/?page_id=4195"},"modified":"2020-03-02T18:46:45","modified_gmt":"2020-03-02T17:46:45","slug":"maenner-c-1000km","status":"publish","type":"page","link":"https:\/\/heuer-cup.de\/en\/das-war-unser-2018\/generalausschreibung\/maenner-c-1000km\/","title":{"rendered":"M\u00e4nner C &#8211; 1000km &#8211; Generalausschreibung"},"content":{"rendered":"<div class=\"vc_row wpb_row vc_row-fluid\"><div class=\"wpb_column vc_column_container vc_col-sm-12\"><div class=\"vc_column-inner\"><div class=\"wpb_wrapper\">\n\t<div class=\"wpb_text_column wpb_content_element\" >\n\t\t<div class=\"wpb_wrapper\">\n\t\t\t<p><strong>Ausschreibung HEUER-Cup\u00a0<a href=\"https:\/\/www.wrsv.de\/olympischer-radsport\/strasse\/rennserien\/heuer-cup\" target=\"_blank\" rel=\"noopener noreferrer\">\u201e1000km von Baden-W\u00fcrttemberg\u201c<\/a>\u00a02018<br \/>\n<\/strong><\/p>\n<p><a href=\"https:\/\/heuer-cup.de\/wp-content\/uploads\/Ausschreibung\/Heuer-Cup_2018_C.pdf\" target=\"_blank\" rel=\"noopener noreferrer\"><strong><img class=\"aligncenter\" title=\"Ausschreibung HEUER-Cup\" src=\"https:\/\/heuer-cup.eu\/userfiles\/images\/Logo_Download\/HeuerCup_Logo_small.jpg\" alt=\"\" \/><\/strong><\/a>Unter dem Patronat der HEUER Pr\u00e4zisionsteile GmbH f\u00fchren der W\u00fcrttembergische Radsportverband e.V. und der Badische Radsportverband e.V. gemeinsam mit den ausrichtenden Vereinen die Rennserie HEUER-Cup \u201e1000km von Baden-W\u00fcrttemberg\u201c f\u00fcr M\u00e4nner der Leistungsklasse C durch.<\/p>\n<p><strong>Die Serie richtet sich an C-Fahrer, die nicht an der Serie HEUER-Cup M\u00e4nner ABC teilnehmen wollen. Es ist jedoch nicht ausgeschlossen, dass ein C-Fahrer gleichzeitig Mitglied einer Mannschaft im HEUER-Cup M\u00e4nner ABC und HEUER-Cup 1000km von BW ist.<\/strong><\/p>\n<p><strong>Bei den Serienrennen handelt es sich um aufstiegsrelevante 6.7 Rennen. Fahrer, die den Aufstieg in die Leistungsklasse B vollziehen, sind mit sofortiger Wirkung nicht mehr startberechtigt. Das letzte Rennen in Backnang ist k\u00fcrzer als 60km und von daher nicht aufstiegsrelevant.<\/strong><\/p>\n<p>Aktuelle Ergebnisse werden zeitnah ver\u00f6ffentlicht unter:<\/p>\n<p><a href=\"https:\/\/www.heuer-cup.eu\/\">https:\/\/www.heuer-cup.eu\/<\/a><\/p>\n<p>und<\/p>\n<p><a href=\"https:\/\/wrsv.de\/olympischer-radsport\/strasse\/rennserien\/heuer-cup\/ergebnisse\">https:\/\/wrsv.de\/olympischer-radsport\/strasse\/rennserien\/heuer-cup\/ergebnisse<\/a><\/p>\n<p>F\u00fcr die Einzelwertung gibt es ein Streichresultat. Dieses wird mit der Etappe in Konstanz wirksam, Details siehe \u00a73. Der HEUER-Cup 1000km von BW ist bundesoffen. Alle Mannschaften und Einzelfahrer\u2013 auch nicht aus Baden-W\u00fcrttemberg \u2013 sind zur Teilnahme an der Gesamtwertung willkommen.<\/p>\n<ol>\n<li><strong>Teilnahmeberechtigung<\/strong><br \/>\nTeilnahmeberechtigt zur Wertung um den HEUER-Cup sind Radrennsportler die der Kategorie U-23\/ Elite\/ Senioren 1-2-3 Klasse C angeh\u00f6ren, die \u00fcber einen BDR-Verein lizenziert sind und zur Teilnahme am HEUER-Cup 1000km von BW angemeldet werden.1. Mannschaften:<br \/>\nVereins-, Regional- sowie vom BDR genehmigte Renngemeinschaften. Eine Mannschaft besteht aus mindestens drei und maximal vier Fahrern der o.g. Kategorien.2. Einzelfahrer3. Jeder Verein darf Fahrer f\u00fcr nur eine 1000km-Mannschaft abstellen.4. Gro\u00dfen Vereinen oder Renngemeinschaften ist es erlaubt, mehrere Mannschaften zu melden.<\/li>\n<li><strong>Wettbewerbe<\/strong><br \/>\nDer HEUER-Cup M\u00e4nner besteht aus 8 zusammenh\u00e4ngenden Stra\u00dfenwettbewerben.<br \/>\nDie Durchf\u00fchrung der Wettbewerbe erfolgt nach den Bestimmungen der Sportordnung, WB Stra\u00dfe des BDR sowie dieser Generalausschreibung.<\/li>\n<li><strong>Wertungsbestimmungen<\/strong>a.) Einzelwertung<br \/>\nF\u00fcr die Gesamtwertung erhalten die Fahrer bei den einzelnen Etappen wie folgt HEUER-Cup Punkte:Platz 1-15 Punkteregel:<br \/>\n25-22-20-19-18-17-16-15-14-13-13-12-12-11-11 Punkte. Ab Platz 16 ZeitregelR\u00fcckstand 0:00min-1:59min\u00a0\u00a0 10 Punkte<br \/>\nR\u00fcckstand 2:00min-9:59min\u00a0\u00a0\u00a0\u00a0 8 Punkte<br \/>\nIm Kontrollschluss im Ziel\u00a0\u00a0\u00a0\u00a0\u00a0\u00a0\u00a0\u00a0 6 Punkte<br \/>\nGestartet und DNF\u00a0\u00a0\u00a0\u00a0\u00a0\u00a0\u00a0\u00a0\u00a0\u00a0\u00a0\u00a0\u00a0\u00a0\u00a0\u00a0\u00a0\u00a0\u00a0 1 PunktBei Nichtantritt einer Etappe oder Disqualifikation durch den VKK werden keine Punkte gutgeschrieben.\u00a0<strong>Bei jedem Wettbewerb legen der VKK und der Ausrichterverein vor Rennbeginn die jeweils g\u00fcltige Regelung zur Karenzzeit fest<\/strong>, die ma\u00dfgeblich f\u00fcr den Erhalt von 6 Punkten ist. HEUER-Cup Punkte f\u00fcr Pl\u00e4tze von nicht f\u00fcr den gesamten Cup gemeldeten Fahrern (vgl. \u00a7 1) bleiben vakant. D.h. es erfolgt\u00a0<strong>kein<\/strong>\u00a0Aufr\u00fccken bei der Punkteregel.b.) Aufstieg in die Leistungsklasse B<br \/>\nErf\u00fcllt ein Fahrer die Kriterien zum Aufstieg in die n\u00e4chsth\u00f6here Leistungsklasse, verliert er mit sofortiger Wirkung das Teilnahmerecht f\u00fcr die weiteren Etappen des HEUER-Cup 1000km von BW.<br \/>\nDie Tages-Punkte eines aufgestiegenen Fahrers z\u00e4hlen f\u00fcr die Gesamtmannschaftswertung, falls er den Aufstieg mit einer Platzierung auf einer Etappe der 1000km von BW vollzieht.Der aufgestiegene Fahrer darf ab diesem Zeitpunkt im HEUER-Cup M\u00e4nner ABC mitfahren und bekommt die Punkte gutgeschrieben, die er laut Reglement des HEUER-Cup M\u00e4nner ABC in den bisherigen Etappen bekommen h\u00e4tte, wenn er f\u00fcr den HEUER-Cup M\u00e4nner ABC gemeldet gewesen w\u00e4re. Er darf sich (unter Beachtung von \u00a71, Generalausschreibung HEUER-Cup M\u00e4nner ABC) einer Mannschaft im HEUER-Cup M\u00e4nner ABC anschlie\u00dfen.Um sich f\u00fcr die Verlosung auf der Finaletappe zu qualifizieren, sind f\u00fcr einen aufgestiegenen Fahrer alle durchgef\u00fchrten 1000km Etappen vor seinem Aufstieg und alle M\u00e4nner ABC Etappen nach seinem Aufstieg relevant. Von diesen darf er nur bei einer Etappe fehlen, vergleiche \u00a78.c.) Mannschaftswertung<br \/>\nBeim HEUER-Cup 1000km von BW wird die Mannschaftswertung durchgef\u00fchrt. F\u00fcr die Tages-Mannschafts-wertung wird dabei die Summe der drei punktbesten Fahrer gebildet. Mannschaften, die weniger als 2 Fahrer in die Tages-Wertung bringen, erhalten keine Mannschaftspunkte.<br \/>\nF\u00fcr die Mannschaftswertung werden nur die auf der Mannschaftsmeldung genannten Fahrer gewertet. Mannschaften, die zu Beginn der Rennserie das Fahrerkontingent von max. 4 Fahrern nicht ausgesch\u00f6pft haben, k\u00f6nnen sich (unter Beachtung von \u00a7 1) im Laufe der Rennserie mit Fahrern erweitern. Ebenfalls d\u00fcrfen aufgestiegene Fahrer nach den gleichen Kriterien ersetzt werden. Die neuen Fahrer werden dem OK genannt und offiziell best\u00e4tigt. Erst ab diesem Zeitpunkt ist der Fahrer f\u00fcr die Mannschaft wertungsberechtigt. Bereits erzielte Ergebnisse gehen\u00a0<strong>nicht<\/strong>\u00a0nachtr\u00e4glich in die Mannschaftswertung ein. War der Fahrer bereits als Einzelstarter gemeldet, beh\u00e4lt er seine Punkte f\u00fcr die Einzelwertung. Ein Austausch von Fahrern ist nur als Ersatz f\u00fcr einen aufgestiegenen Fahrer m\u00f6glich.d.) Spitzenreiterwertung<br \/>\nAnhand der Punkte werden die Fahrer in der Spitzenreiterwertung erfasst. Der Fahrer mit der h\u00f6chsten Punktesumme erh\u00e4lt nach der jeweiligen Etappe das HEUER-Cup F\u00fchrungstrikot.<br \/>\nDie Punktsumme wird hierf\u00fcr wie folgt berechnet:- bis zur Etappe in Schwenningen aus der Summe aller Tages-HEUER-Punkte- nach der Etappe in Konstanz aus der Summe der (x-1) besten Etappenergebnisse<\/p>\n<p>Bei Punktegleichheit entscheidet die bessere Platzierung im letzten Wettbewerb. Das F\u00fchrungstrikot\u00a0<strong>muss<\/strong>\u00a0auf der n\u00e4chsten Etappe getragen werden. Auf dem F\u00fchrungstrikot darf der Vereinssponsor getragen werden.<\/p>\n<p>e.) Doppelmeldung<br \/>\nFahrer, die am selben Tag f\u00fcr ein anderes Rennen melden, an dem eine HEUER-Cup Etappe stattfindet, m\u00fcssen sich beim Ausrichter der HEUER-Cup Etappe bis zu dessen Meldeschluss fristgerecht abmelden. Ansonsten werden beide Meldungen als Doppelmeldung gewertet und k\u00f6nnen dementsprechend (SpO\/WB) bestraft werden. Bei Etappen bei denen das Nenngeld vorab \u00fcberwiesen werden muss, z\u00e4hlt die Anmeldung zur HEUER-Cup Etappe erst nach dem \u00dcberweisen des Nenngelds.<br \/>\nDementsprechend muss f\u00fcr solche Etappen eine Abmeldung erst dann erfolgen, wenn das Nenngeld bereits \u00fcberwiesen wurde.<\/li>\n<li><strong>Ehrengaben und Preise<\/strong><br \/>\nJeder am HEUER-Cup gemeldete Sportler erh\u00e4lt ein Starterpaket im Wert von ca.50\u20ac. Das Startpaket wird vom Sportler pers\u00f6nlich am Heuer-Stand in Sch\u00f6naich abgeholt.a.) Etappenpreise:<br \/>\nBei jeder Etappe erh\u00e4lt der Sieger das HEUER-Cup Tagessieger-Trikot. Die Fahrer auf Platz 1-3 der Tageswertung erhalten Siegerblumen. Der F\u00fchrende in der Gesamteinzelwertung erh\u00e4lt das HEUER-Cup F\u00fchrungstrikot (siehe \u00a7 3.c). Die Tagespreise der Stra\u00dfenetappen werden nach WB Stra\u00dfe bezahlt und unmittelbar nach der Etappe durch den Veranstalter ausgegeben.b.) Gesamtwertung\/ Einzel:<br \/>\nNach Abschluss aller 8 Etappen wird anhand der gewonnenen HEUER-Cup Punkte die Gesamtwertung erstellt. F\u00fcr jeden Fahrer werden dazu die Punkte aus den jeweils 7 besten Etappenergebnissen addiert.<br \/>\nEs siegt der Fahrer mit der h\u00f6chsten Punktesumme aus obiger Addition. Bei Punktegleichheit entscheidet die bessere Platzierung im Finalrennen.<br \/>\nDer Sieger gewinnt das HEUER-Cup Trikot. Fahrer auf Platz 1-3 gewinnen HEUER-Cup Pokale.c.) Gesamtwertung\/ Mannschaft:<br \/>\nNach Abschluss aller 8 Etappen wird die Jahres-Mannschaftswertung erstellt. Hierzu werden f\u00fcr jede Mannschaft alle Tagesmannschaftspunkten addiert, d.h. kein Streichresultat bei der Mannschaftswertung!<br \/>\nDie Mannschaften auf Rang 1 bis 3 gewinnen HEUER-Cup Pokale.<br \/>\nBei Punktegleichheit entscheidet die bessere Punktsumme beim Finalrennen.<br \/>\nWeiterhin mind. 3 Barpreise f\u00fcr die besten Mannschaften.d.) Ausgabe der Jahrespreise<br \/>\nDie Jahressiegerehrung und Ausgabe aller Gesamtwertungsehrenpreise erfolgt zusammen mit der Siegerehrung der Klassen Senioren, Frauen und M\u00e4nner ABC nach der Schlussetappe in Backnang.<\/li>\n<li><strong>Trikotbestimmungen<\/strong><br \/>\nBei der Rennserie gehen die Mannschaften in einem einheitlichen Trikot an den Start.<\/li>\n<li><strong>Etappenplan<\/strong>Etappe 1<br \/>\n2. Apil &#8211; Sch\u00f6naich &#8211; Rennen STREtappe 2<br \/>\n22.April &#8211; Bruchsal &#8211; Rennen KritEtappe 3<br \/>\n13.Mai &#8211; Ellmendingen &#8211; Rennen RREtappe 4<br \/>\n20.Mai &#8211; Schwenningen &#8211; Rennen STREtappe 5<br \/>\n3.Juni &#8211; Konstanz &#8211; Rennen KritEtappe 6<br \/>\n15.Juli &#8211; Filderstadt-Plattenhardt &#8211; Rennen RREtappe 7<br \/>\n22.Juli &#8211; Reute &#8211; Rennen RREtappe 8<br \/>\n4.August &#8211; Backnang &#8211; Rennen RRDas OK beh\u00e4lt sich das Recht vor, den Etappenplan zu \u00e4ndern.<\/li>\n<li><strong>Mannschaftsfahrzeuge<\/strong><br \/>\nEs sind keine Mannschaftsfahrzeuge zugelassen.<\/li>\n<li><strong>Verlosung<\/strong><br \/>\neines hochwertigen HEUER Carbon-Stra\u00dfen-Laufradsatzes<br \/>\nIm Rahmen der Gesamtsiegerehrung bei der Finaletappe in Backnang erfolgt unter allen Erwachsenensportlern (M\u00e4nner ABC, M\u00e4nner 1000km, Senioren, Frauen) eine Sachpreis-Verlosung. Der Hauptpreis ist ein Laufradsatz der Firma Heuer mit Flanschnaben und Aerospeichen, nach Wahl des Sportlers mit Clincher oder Tubular.F\u00fcr die Verlosung qualifizieren sich alle Sportler\/Sportlerinnen, die in ihrer jeweiligen Klasse bei allen bis auf ein Rennen mindestens 1HEUER-Cup Punkt erworben haben. Falls der gezogene Gewinner bei der<br \/>\nVerlosung nicht pers\u00f6nlich anwesend ist, verf\u00e4llt sein Gewinn und ein neuer Gewinner wird gezogen.<\/li>\n<li><strong>Anmeldung<\/strong><br \/>\nDie Fahrer sind mit Name, Vorname, Verein, Team, UCI-ID Nummer zu benennen.<br \/>\nDas excel-Formular zur Nennung kann unter\u00a0<a href=\"http:\/\/www.wrsv.de\/olympischer-radsport\/strasse\/rennserien\/HEUER-cup\" target=\"_blank\" rel=\"noopener noreferrer\">WRSV<\/a>\u00a0heruntergeladen werden. Zur Rechnungsstellung\u00a0<strong>muss<\/strong>\u00a0eine vollst\u00e4ndige Postadresse angegeben werden. Die Meldung ist erst nach Rechnungszahlung g\u00fcltig.Die Anmeldung der Mannschaften erfolgt mannschaftsweise. Mit der Anmeldung ist ein Organisationsbeitrag in H\u00f6he von\u00a0<strong>75.- \u20ac<\/strong>\u00a0pro Mannschaft zu bezahlen.Die Anmeldung der Einzelfahrer erfolgt vereinsweise. Mit der Anmeldung ist pro Fahrer ein Organisationsbeitrag in H\u00f6he von\u00a0<strong>20.- \u20ac<\/strong>\u00a0zu bezahlen.Die Fahrer erhalten dann f\u00fcr den gesamten HEUER-Cup eine Standardnummer zugewiesen. Die Fahrer brauchen sich f\u00fcr alle Tagesetappen, die ohne Vorab\u00fcberweisung des Nenngelds abgewickelt werden, nicht mehr extra zu melden.Die Startnummern werden bei jeder Etappe an der Startnummernausgabe abgeholt. Das Nenngeld ist gem\u00e4\u00df der jeweiligen Ausschreibung unmittelbar bei der Nummernausgabe oder per Vorab\u00fcberweisung zu entrichten.Achtung bei Rennen mit Vorab\u00fcbeweisung (mind.die Rennen in Sch\u00f6naich, Filderstadt-Plattenhard) m\u00fcssen HEUER-Cup Teilnehmer separat eine Tagesanmeldung durchf\u00fchren und das Nenngeld \u00fcberweisen! Tagesausschreibung beachten!<\/li>\n<\/ol>\n<p><strong>Meldeschluss f\u00fcr die Jahresnennung: 25. M\u00e4rz 2018<\/strong><br \/>\nFahrer die sich nicht per Jahresnennung anmelden, kommen nicht in die HEUER-Cup Wertung. Sie m\u00fcssen sich zu den einzelnen Etappen direkt beim Ausrichter anmelden (Ausschreibung beachten).<\/p>\n<p><strong>Sportliche Aufsicht<\/strong><br \/>\nDer Verbandsbeauftragte, der \u00f6rtliche VKK und die KK-Mitglieder f\u00fchren die sportliche Aufsicht, erstellen das Tagesergebnis und ermitteln den F\u00fchrenden in der Gesamtwertung.<\/p>\n<p>Gez.<br \/>\nBadischer Radsportverband e.V.\/W\u00fcrttembergischer Radsportverband e.V.<br \/>\nMarc Benkert, Projektleitung HEUER-Cup, Liga-Beauftragter<\/p>\n\n\t\t<\/div>\n\t<\/div>\n<\/div><\/div><\/div><\/div>","protected":false},"excerpt":{"rendered":"Ausschreibung HEUER-Cup\u00a0\u201e1000km von Baden-W\u00fcrttemberg\u201c\u00a02018 Unter dem Patronat der HEUER Pr\u00e4zisionsteile GmbH f\u00fchren der W\u00fcrttembergische Radsportverband e.V. und der Badische Radsportverband e.V. gemeinsam mit den ausrichtenden Vereinen die Rennserie HEUER-Cup \u201e1000km von Baden-W\u00fcrttemberg\u201c f\u00fcr M\u00e4nner der Leistungsklasse C durch. Die Serie richtet sich an C-Fahrer, die nicht an der Serie HEUER-Cup M\u00e4nner ABC teilnehmen wollen. Es [...]","protected":false},"author":1,"featured_media":0,"parent":4191,"menu_order":2,"comment_status":"closed","ping_status":"closed","template":"","meta":[],"yoast_head":"<!-- This site is optimized with the Yoast SEO plugin v16.9 - https:\/\/yoast.com\/wordpress\/plugins\/seo\/ -->\n<title>M\u00e4nner C - 1000km - Generalausschreibung - HEUER-Cup<\/title>\n<meta name=\"description\" content=\"M\u00e4nner C - 1000km - Generalausschreibung des bundesoffenen HEUER-Cup 2018 und seine Zusatzinformationen f\u00fcr die m\u00e4nnlichen Teilnehmer.\" \/>\n<meta name=\"robots\" content=\"index, follow, max-snippet:-1, max-image-preview:large, max-video-preview:-1\" \/>\n<link rel=\"canonical\" href=\"https:\/\/heuer-cup.de\/en\/das-war-unser-2018\/generalausschreibung\/maenner-c-1000km\/\" \/>\n<meta property=\"og:locale\" content=\"en_GB\" \/>\n<meta property=\"og:type\" content=\"article\" \/>\n<meta property=\"og:title\" content=\"M\u00e4nner C - 1000km - Generalausschreibung - HEUER-Cup\" \/>\n<meta property=\"og:description\" content=\"M\u00e4nner C - 1000km - Generalausschreibung des bundesoffenen HEUER-Cup 2018 und seine Zusatzinformationen f\u00fcr die m\u00e4nnlichen Teilnehmer.\" \/>\n<meta property=\"og:url\" content=\"https:\/\/heuer-cup.de\/en\/das-war-unser-2018\/generalausschreibung\/maenner-c-1000km\/\" \/>\n<meta property=\"og:site_name\" content=\"HEUER-Cup\" \/>\n<meta property=\"article:publisher\" content=\"https:\/\/www.facebook.com\/HeuerCup\/\" \/>\n<meta property=\"article:modified_time\" content=\"2020-03-02T17:46:45+00:00\" \/>\n<meta property=\"og:image\" content=\"https:\/\/heuer-cup.eu\/userfiles\/images\/Logo_Download\/HeuerCup_Logo_small.jpg\" \/>\n<meta name=\"twitter:card\" content=\"summary_large_image\" \/>\n<meta name=\"twitter:site\" content=\"@Heuer_Cup\" \/>\n<meta name=\"twitter:label1\" content=\"Estimated reading time\" \/>\n\t<meta name=\"twitter:data1\" content=\"8 minutes\" \/>\n<script type=\"application\/ld+json\" class=\"yoast-schema-graph\">{\"@context\":\"https:\/\/schema.org\",\"@graph\":[{\"@type\":\"Organization\",\"@id\":\"https:\/\/heuer-cup.de\/#organization\",\"name\":\"Heuer Radsport\",\"url\":\"https:\/\/heuer-cup.de\/\",\"sameAs\":[\"https:\/\/www.facebook.com\/HeuerCup\/\",\"https:\/\/www.instagram.com\/heuer_cup\/\",\"https:\/\/www.youtube.com\/channel\/UCuFkVFhY376_zRGfw_0Oy-Q\",\"https:\/\/twitter.com\/Heuer_Cup\"],\"logo\":{\"@type\":\"ImageObject\",\"@id\":\"https:\/\/heuer-cup.de\/#logo\",\"inLanguage\":\"en-GB\",\"url\":\"https:\/\/heuer-cup.de\/wp-content\/uploads\/2019\/01\/logo2.jpg\",\"contentUrl\":\"https:\/\/heuer-cup.de\/wp-content\/uploads\/2019\/01\/logo2.jpg\",\"width\":750,\"height\":186,\"caption\":\"Heuer Radsport\"},\"image\":{\"@id\":\"https:\/\/heuer-cup.de\/#logo\"}},{\"@type\":\"WebSite\",\"@id\":\"https:\/\/heuer-cup.de\/#website\",\"url\":\"https:\/\/heuer-cup.de\/\",\"name\":\"Heuer Radsport\",\"description\":\"Vollgas! oder einfach: Kette rechts\",\"publisher\":{\"@id\":\"https:\/\/heuer-cup.de\/#organization\"},\"potentialAction\":[{\"@type\":\"SearchAction\",\"target\":{\"@type\":\"EntryPoint\",\"urlTemplate\":\"https:\/\/heuer-cup.de\/?s={search_term_string}\"},\"query-input\":\"required name=search_term_string\"}],\"inLanguage\":\"en-GB\"},{\"@type\":\"ImageObject\",\"@id\":\"https:\/\/heuer-cup.de\/das-war-unser-2018\/generalausschreibung\/maenner-c-1000km\/#primaryimage\",\"inLanguage\":\"en-GB\",\"url\":\"https:\/\/heuer-cup.eu\/userfiles\/images\/Logo_Download\/HeuerCup_Logo_small.jpg\",\"contentUrl\":\"https:\/\/heuer-cup.eu\/userfiles\/images\/Logo_Download\/HeuerCup_Logo_small.jpg\"},{\"@type\":\"WebPage\",\"@id\":\"https:\/\/heuer-cup.de\/das-war-unser-2018\/generalausschreibung\/maenner-c-1000km\/#webpage\",\"url\":\"https:\/\/heuer-cup.de\/das-war-unser-2018\/generalausschreibung\/maenner-c-1000km\/\",\"name\":\"M\\u00e4nner C - 1000km - Generalausschreibung - HEUER-Cup\",\"isPartOf\":{\"@id\":\"https:\/\/heuer-cup.de\/#website\"},\"primaryImageOfPage\":{\"@id\":\"https:\/\/heuer-cup.de\/das-war-unser-2018\/generalausschreibung\/maenner-c-1000km\/#primaryimage\"},\"datePublished\":\"2019-08-21T19:22:48+00:00\",\"dateModified\":\"2020-03-02T17:46:45+00:00\",\"description\":\"M\\u00e4nner C - 1000km - Generalausschreibung des bundesoffenen HEUER-Cup 2018 und seine Zusatzinformationen f\\u00fcr die m\\u00e4nnlichen Teilnehmer.\",\"breadcrumb\":{\"@id\":\"https:\/\/heuer-cup.de\/das-war-unser-2018\/generalausschreibung\/maenner-c-1000km\/#breadcrumb\"},\"inLanguage\":\"en-GB\",\"potentialAction\":[{\"@type\":\"ReadAction\",\"target\":[\"https:\/\/heuer-cup.de\/das-war-unser-2018\/generalausschreibung\/maenner-c-1000km\/\"]}]},{\"@type\":\"BreadcrumbList\",\"@id\":\"https:\/\/heuer-cup.de\/das-war-unser-2018\/generalausschreibung\/maenner-c-1000km\/#breadcrumb\",\"itemListElement\":[{\"@type\":\"ListItem\",\"position\":1,\"name\":\"Home\",\"item\":\"https:\/\/heuer-cup.de\/\"},{\"@type\":\"ListItem\",\"position\":2,\"name\":\"das war unser 2018\",\"item\":\"https:\/\/heuer-cup.de\/das-war-unser-2018\/\"},{\"@type\":\"ListItem\",\"position\":3,\"name\":\"Generalausschreibung 2018\",\"item\":\"https:\/\/heuer-cup.de\/das-war-unser-2018\/generalausschreibung\/\"},{\"@type\":\"ListItem\",\"position\":4,\"name\":\"M\\u00e4nner C &#8211; 1000km &#8211; Generalausschreibung\"}]}]}<\/script>\n<!-- \/ Yoast SEO plugin. -->","yoast_head_json":{"title":"M\u00e4nner C - 1000km - Generalausschreibung - HEUER-Cup","description":"M\u00e4nner C - 1000km - Generalausschreibung des bundesoffenen HEUER-Cup 2018 und seine Zusatzinformationen f\u00fcr die m\u00e4nnlichen Teilnehmer.","robots":{"index":"index","follow":"follow","max-snippet":"max-snippet:-1","max-image-preview":"max-image-preview:large","max-video-preview":"max-video-preview:-1"},"canonical":"https:\/\/heuer-cup.de\/en\/das-war-unser-2018\/generalausschreibung\/maenner-c-1000km\/","og_locale":"en_GB","og_type":"article","og_title":"M\u00e4nner C - 1000km - Generalausschreibung - HEUER-Cup","og_description":"M\u00e4nner C - 1000km - Generalausschreibung des bundesoffenen HEUER-Cup 2018 und seine Zusatzinformationen f\u00fcr die m\u00e4nnlichen Teilnehmer.","og_url":"https:\/\/heuer-cup.de\/en\/das-war-unser-2018\/generalausschreibung\/maenner-c-1000km\/","og_site_name":"HEUER-Cup","article_publisher":"https:\/\/www.facebook.com\/HeuerCup\/","article_modified_time":"2020-03-02T17:46:45+00:00","og_image":[{"url":"https:\/\/heuer-cup.eu\/userfiles\/images\/Logo_Download\/HeuerCup_Logo_small.jpg"}],"twitter_card":"summary_large_image","twitter_site":"@Heuer_Cup","twitter_misc":{"Estimated reading time":"8 minutes"},"schema":{"@context":"https:\/\/schema.org","@graph":[{"@type":"Organization","@id":"https:\/\/heuer-cup.de\/#organization","name":"Heuer Radsport","url":"https:\/\/heuer-cup.de\/","sameAs":["https:\/\/www.facebook.com\/HeuerCup\/","https:\/\/www.instagram.com\/heuer_cup\/","https:\/\/www.youtube.com\/channel\/UCuFkVFhY376_zRGfw_0Oy-Q","https:\/\/twitter.com\/Heuer_Cup"],"logo":{"@type":"ImageObject","@id":"https:\/\/heuer-cup.de\/#logo","inLanguage":"en-GB","url":"https:\/\/heuer-cup.de\/wp-content\/uploads\/2019\/01\/logo2.jpg","contentUrl":"https:\/\/heuer-cup.de\/wp-content\/uploads\/2019\/01\/logo2.jpg","width":750,"height":186,"caption":"Heuer Radsport"},"image":{"@id":"https:\/\/heuer-cup.de\/#logo"}},{"@type":"WebSite","@id":"https:\/\/heuer-cup.de\/#website","url":"https:\/\/heuer-cup.de\/","name":"Heuer Radsport","description":"Vollgas! oder einfach: Kette rechts","publisher":{"@id":"https:\/\/heuer-cup.de\/#organization"},"potentialAction":[{"@type":"SearchAction","target":{"@type":"EntryPoint","urlTemplate":"https:\/\/heuer-cup.de\/?s={search_term_string}"},"query-input":"required name=search_term_string"}],"inLanguage":"en-GB"},{"@type":"ImageObject","@id":"https:\/\/heuer-cup.de\/das-war-unser-2018\/generalausschreibung\/maenner-c-1000km\/#primaryimage","inLanguage":"en-GB","url":"https:\/\/heuer-cup.eu\/userfiles\/images\/Logo_Download\/HeuerCup_Logo_small.jpg","contentUrl":"https:\/\/heuer-cup.eu\/userfiles\/images\/Logo_Download\/HeuerCup_Logo_small.jpg"},{"@type":"WebPage","@id":"https:\/\/heuer-cup.de\/das-war-unser-2018\/generalausschreibung\/maenner-c-1000km\/#webpage","url":"https:\/\/heuer-cup.de\/das-war-unser-2018\/generalausschreibung\/maenner-c-1000km\/","name":"M\u00e4nner C - 1000km - Generalausschreibung - HEUER-Cup","isPartOf":{"@id":"https:\/\/heuer-cup.de\/#website"},"primaryImageOfPage":{"@id":"https:\/\/heuer-cup.de\/das-war-unser-2018\/generalausschreibung\/maenner-c-1000km\/#primaryimage"},"datePublished":"2019-08-21T19:22:48+00:00","dateModified":"2020-03-02T17:46:45+00:00","description":"M\u00e4nner C - 1000km - Generalausschreibung des bundesoffenen HEUER-Cup 2018 und seine Zusatzinformationen f\u00fcr die m\u00e4nnlichen Teilnehmer.","breadcrumb":{"@id":"https:\/\/heuer-cup.de\/das-war-unser-2018\/generalausschreibung\/maenner-c-1000km\/#breadcrumb"},"inLanguage":"en-GB","potentialAction":[{"@type":"ReadAction","target":["https:\/\/heuer-cup.de\/das-war-unser-2018\/generalausschreibung\/maenner-c-1000km\/"]}]},{"@type":"BreadcrumbList","@id":"https:\/\/heuer-cup.de\/das-war-unser-2018\/generalausschreibung\/maenner-c-1000km\/#breadcrumb","itemListElement":[{"@type":"ListItem","position":1,"name":"Home","item":"https:\/\/heuer-cup.de\/"},{"@type":"ListItem","position":2,"name":"das war unser 2018","item":"https:\/\/heuer-cup.de\/das-war-unser-2018\/"},{"@type":"ListItem","position":3,"name":"Generalausschreibung 2018","item":"https:\/\/heuer-cup.de\/das-war-unser-2018\/generalausschreibung\/"},{"@type":"ListItem","position":4,"name":"M\u00e4nner C &#8211; 1000km &#8211; Generalausschreibung"}]}]}},"_links":{"self":[{"href":"https:\/\/heuer-cup.de\/en\/wp-json\/wp\/v2\/pages\/4195"}],"collection":[{"href":"https:\/\/heuer-cup.de\/en\/wp-json\/wp\/v2\/pages"}],"about":[{"href":"https:\/\/heuer-cup.de\/en\/wp-json\/wp\/v2\/types\/page"}],"author":[{"embeddable":true,"href":"https:\/\/heuer-cup.de\/en\/wp-json\/wp\/v2\/users\/1"}],"replies":[{"embeddable":true,"href":"https:\/\/heuer-cup.de\/en\/wp-json\/wp\/v2\/comments?post=4195"}],"version-history":[{"count":10,"href":"https:\/\/heuer-cup.de\/en\/wp-json\/wp\/v2\/pages\/4195\/revisions"}],"predecessor-version":[{"id":5682,"href":"https:\/\/heuer-cup.de\/en\/wp-json\/wp\/v2\/pages\/4195\/revisions\/5682"}],"up":[{"embeddable":true,"href":"https:\/\/heuer-cup.de\/en\/wp-json\/wp\/v2\/pages\/4191"}],"wp:attachment":[{"href":"https:\/\/heuer-cup.de\/en\/wp-json\/wp\/v2\/media?parent=4195"}],"curies":[{"name":"wp","href":"https:\/\/api.w.org\/{rel}","templated":true}]}}