{"id":4183,"date":"2019-08-21T21:18:01","date_gmt":"2019-08-21T19:18:01","guid":{"rendered":"https:\/\/heuer-cup.de\/?page_id=4183"},"modified":"2019-09-09T15:15:10","modified_gmt":"2019-09-09T13:15:10","slug":"goettenmar-apartementos","status":"publish","type":"page","link":"https:\/\/heuer-cup.de\/en\/sponsoren-und-partner\/goettenmar-apartementos\/","title":{"rendered":"GoettenMar Apartementos"},"content":{"rendered":"<div class=\"vc_row wpb_row vc_row-fluid\"><div class=\"wpb_column vc_column_container vc_col-sm-12\"><div class=\"vc_column-inner\"><div class=\"wpb_wrapper\">\n\t<div class=\"wpb_text_column wpb_content_element\" >\n\t\t<div class=\"wpb_wrapper\">\n\t\t\t<p><a title=\"GoettenMar\" href=\"http:\/\/www.playadearo.de\/\" target=\"_blank\" rel=\"noopener noreferrer\"><img loading=\"lazy\" class=\"aligncenter\" title=\"GoettenMar\" src=\"https:\/\/heuer-cup.eu\/userfiles\/images\/Logo\/goettenmar_bunt_rz.jpg\" alt=\"\" width=\"273\" height=\"108\" \/><\/a><\/p>\n<p>Famili\u00e4re\u00a0<a href=\"http:\/\/www.playadearo.de\/ferienzentrum-playa-de-aro\/\" target=\"_blank\" rel=\"noopener noreferrer\">Apartmentanlage mit Hotelservice<\/a>\u00a0im Radsportparadies \u201eNordostk\u00fcste Spaniens\u201c.<\/p>\n<p>Seit \u00fcber 40 Jahren spezialisiert auf Aktivreisen in den Bereichen Radfahren, Laufsport, Wandern, Fu\u00dfball und Tennis im deutschen Markt und Ihr idealer Ansprechpartner f\u00fcr Gruppen- und Individualreisen mit deutschsprachiger Betreuung vor Ort.<\/p>\n<p>Specials f\u00fcr \u00a0Radfahrer:<\/p>\n<ul>\n<li>Gepr\u00fcfte Strecken auch als GPS-Tracks<\/li>\n<li>Perfekte Trainingsm\u00f6glichkeiten, ruhig, wellig oder bergig<\/li>\n<li>In die Bergeoder ans Meer, alles in Rad-Distanz<\/li>\n<li>Massagem\u00f6glichkeit im Haus<\/li>\n<li>Nudelbuffet f\u00fcr Radfahrerauf Anfrage<\/li>\n<li>Auf Anfrage Not- und Pick-up Service bei Defekt oder Sturz<\/li>\n<li>Extra Fahrradkeller<\/li>\n<li>Nebenzimmer f\u00fcr Team-Besprechungen<\/li>\n<\/ul>\n\n\t\t<\/div>\n\t<\/div>\n<\/div><\/div><\/div><\/div>","protected":false},"excerpt":{"rendered":"Famili\u00e4re\u00a0Apartmentanlage mit Hotelservice\u00a0im Radsportparadies \u201eNordostk\u00fcste Spaniens\u201c. Seit \u00fcber 40 Jahren spezialisiert auf Aktivreisen in den Bereichen Radfahren, Laufsport, Wandern, Fu\u00dfball und Tennis im deutschen Markt und Ihr idealer Ansprechpartner f\u00fcr Gruppen- und Individualreisen mit deutschsprachiger Betreuung vor Ort. Specials f\u00fcr \u00a0Radfahrer: Gepr\u00fcfte Strecken auch als GPS-Tracks Perfekte Trainingsm\u00f6glichkeiten, ruhig, wellig oder bergig In die Bergeoder [...]","protected":false},"author":1,"featured_media":0,"parent":4167,"menu_order":0,"comment_status":"closed","ping_status":"closed","template":"","meta":[],"yoast_head":"<!-- This site is optimized with the Yoast SEO plugin v16.9 - https:\/\/yoast.com\/wordpress\/plugins\/seo\/ -->\n<title>GoettenMar Apartementos - Apartmentanlagen mit Hotelservice<\/title>\n<meta name=\"description\" content=\"GoettenMar Apartementos - Apartmentanlagen mit Hotelservice - Seit \u00fcber 40 Jahren spezialisiert auf Aktivreisen in den Bereichen Radfahren.\" \/>\n<meta name=\"robots\" content=\"index, follow, max-snippet:-1, max-image-preview:large, max-video-preview:-1\" \/>\n<link rel=\"canonical\" href=\"https:\/\/heuer-cup.de\/en\/sponsoren-und-partner\/goettenmar-apartementos\/\" \/>\n<meta property=\"og:locale\" content=\"en_GB\" \/>\n<meta property=\"og:type\" content=\"article\" \/>\n<meta property=\"og:title\" content=\"GoettenMar Apartementos - Apartmentanlagen mit Hotelservice\" \/>\n<meta property=\"og:description\" content=\"GoettenMar Apartementos - Apartmentanlagen mit Hotelservice - Seit \u00fcber 40 Jahren spezialisiert auf Aktivreisen in den Bereichen Radfahren.\" \/>\n<meta property=\"og:url\" content=\"https:\/\/heuer-cup.de\/en\/sponsoren-und-partner\/goettenmar-apartementos\/\" \/>\n<meta property=\"og:site_name\" content=\"HEUER-Cup\" \/>\n<meta property=\"article:publisher\" content=\"https:\/\/www.facebook.com\/HeuerCup\/\" \/>\n<meta property=\"article:modified_time\" content=\"2019-09-09T13:15:10+00:00\" \/>\n<meta property=\"og:image\" content=\"https:\/\/heuer-cup.eu\/userfiles\/images\/Logo\/goettenmar_bunt_rz.jpg\" \/>\n<meta name=\"twitter:card\" content=\"summary_large_image\" \/>\n<meta name=\"twitter:site\" content=\"@Heuer_Cup\" \/>\n<meta name=\"twitter:label1\" content=\"Estimated reading time\" \/>\n\t<meta name=\"twitter:data1\" content=\"1 minute\" \/>\n<script type=\"application\/ld+json\" class=\"yoast-schema-graph\">{\"@context\":\"https:\/\/schema.org\",\"@graph\":[{\"@type\":\"Organization\",\"@id\":\"https:\/\/heuer-cup.de\/#organization\",\"name\":\"Heuer Radsport\",\"url\":\"https:\/\/heuer-cup.de\/\",\"sameAs\":[\"https:\/\/www.facebook.com\/HeuerCup\/\",\"https:\/\/www.instagram.com\/heuer_cup\/\",\"https:\/\/www.youtube.com\/channel\/UCuFkVFhY376_zRGfw_0Oy-Q\",\"https:\/\/twitter.com\/Heuer_Cup\"],\"logo\":{\"@type\":\"ImageObject\",\"@id\":\"https:\/\/heuer-cup.de\/#logo\",\"inLanguage\":\"en-GB\",\"url\":\"https:\/\/heuer-cup.de\/wp-content\/uploads\/2019\/01\/logo2.jpg\",\"contentUrl\":\"https:\/\/heuer-cup.de\/wp-content\/uploads\/2019\/01\/logo2.jpg\",\"width\":750,\"height\":186,\"caption\":\"Heuer Radsport\"},\"image\":{\"@id\":\"https:\/\/heuer-cup.de\/#logo\"}},{\"@type\":\"WebSite\",\"@id\":\"https:\/\/heuer-cup.de\/#website\",\"url\":\"https:\/\/heuer-cup.de\/\",\"name\":\"Heuer Radsport\",\"description\":\"Vollgas! oder einfach: Kette rechts\",\"publisher\":{\"@id\":\"https:\/\/heuer-cup.de\/#organization\"},\"potentialAction\":[{\"@type\":\"SearchAction\",\"target\":{\"@type\":\"EntryPoint\",\"urlTemplate\":\"https:\/\/heuer-cup.de\/?s={search_term_string}\"},\"query-input\":\"required name=search_term_string\"}],\"inLanguage\":\"en-GB\"},{\"@type\":\"ImageObject\",\"@id\":\"https:\/\/heuer-cup.de\/sponsoren-und-partner\/goettenmar-apartementos\/#primaryimage\",\"inLanguage\":\"en-GB\",\"url\":\"https:\/\/heuer-cup.eu\/userfiles\/images\/Logo\/goettenmar_bunt_rz.jpg\",\"contentUrl\":\"https:\/\/heuer-cup.eu\/userfiles\/images\/Logo\/goettenmar_bunt_rz.jpg\"},{\"@type\":\"WebPage\",\"@id\":\"https:\/\/heuer-cup.de\/sponsoren-und-partner\/goettenmar-apartementos\/#webpage\",\"url\":\"https:\/\/heuer-cup.de\/sponsoren-und-partner\/goettenmar-apartementos\/\",\"name\":\"GoettenMar Apartementos - Apartmentanlagen mit Hotelservice\",\"isPartOf\":{\"@id\":\"https:\/\/heuer-cup.de\/#website\"},\"primaryImageOfPage\":{\"@id\":\"https:\/\/heuer-cup.de\/sponsoren-und-partner\/goettenmar-apartementos\/#primaryimage\"},\"datePublished\":\"2019-08-21T19:18:01+00:00\",\"dateModified\":\"2019-09-09T13:15:10+00:00\",\"description\":\"GoettenMar Apartementos - Apartmentanlagen mit Hotelservice - Seit \\u00fcber 40 Jahren spezialisiert auf Aktivreisen in den Bereichen Radfahren.\",\"breadcrumb\":{\"@id\":\"https:\/\/heuer-cup.de\/sponsoren-und-partner\/goettenmar-apartementos\/#breadcrumb\"},\"inLanguage\":\"en-GB\",\"potentialAction\":[{\"@type\":\"ReadAction\",\"target\":[\"https:\/\/heuer-cup.de\/sponsoren-und-partner\/goettenmar-apartementos\/\"]}]},{\"@type\":\"BreadcrumbList\",\"@id\":\"https:\/\/heuer-cup.de\/sponsoren-und-partner\/goettenmar-apartementos\/#breadcrumb\",\"itemListElement\":[{\"@type\":\"ListItem\",\"position\":1,\"name\":\"Home\",\"item\":\"https:\/\/heuer-cup.de\/\"},{\"@type\":\"ListItem\",\"position\":2,\"name\":\"Sponsoren und Partner\",\"item\":\"https:\/\/heuer-cup.de\/sponsoren-und-partner\/\"},{\"@type\":\"ListItem\",\"position\":3,\"name\":\"GoettenMar Apartementos\"}]}]}<\/script>\n<!-- \/ Yoast SEO plugin. -->","yoast_head_json":{"title":"GoettenMar Apartementos - Apartmentanlagen mit Hotelservice","description":"GoettenMar Apartementos - Apartmentanlagen mit Hotelservice - Seit \u00fcber 40 Jahren spezialisiert auf Aktivreisen in den Bereichen Radfahren.","robots":{"index":"index","follow":"follow","max-snippet":"max-snippet:-1","max-image-preview":"max-image-preview:large","max-video-preview":"max-video-preview:-1"},"canonical":"https:\/\/heuer-cup.de\/en\/sponsoren-und-partner\/goettenmar-apartementos\/","og_locale":"en_GB","og_type":"article","og_title":"GoettenMar Apartementos - Apartmentanlagen mit Hotelservice","og_description":"GoettenMar Apartementos - Apartmentanlagen mit Hotelservice - Seit \u00fcber 40 Jahren spezialisiert auf Aktivreisen in den Bereichen Radfahren.","og_url":"https:\/\/heuer-cup.de\/en\/sponsoren-und-partner\/goettenmar-apartementos\/","og_site_name":"HEUER-Cup","article_publisher":"https:\/\/www.facebook.com\/HeuerCup\/","article_modified_time":"2019-09-09T13:15:10+00:00","og_image":[{"url":"https:\/\/heuer-cup.eu\/userfiles\/images\/Logo\/goettenmar_bunt_rz.jpg"}],"twitter_card":"summary_large_image","twitter_site":"@Heuer_Cup","twitter_misc":{"Estimated reading time":"1 minute"},"schema":{"@context":"https:\/\/schema.org","@graph":[{"@type":"Organization","@id":"https:\/\/heuer-cup.de\/#organization","name":"Heuer Radsport","url":"https:\/\/heuer-cup.de\/","sameAs":["https:\/\/www.facebook.com\/HeuerCup\/","https:\/\/www.instagram.com\/heuer_cup\/","https:\/\/www.youtube.com\/channel\/UCuFkVFhY376_zRGfw_0Oy-Q","https:\/\/twitter.com\/Heuer_Cup"],"logo":{"@type":"ImageObject","@id":"https:\/\/heuer-cup.de\/#logo","inLanguage":"en-GB","url":"https:\/\/heuer-cup.de\/wp-content\/uploads\/2019\/01\/logo2.jpg","contentUrl":"https:\/\/heuer-cup.de\/wp-content\/uploads\/2019\/01\/logo2.jpg","width":750,"height":186,"caption":"Heuer Radsport"},"image":{"@id":"https:\/\/heuer-cup.de\/#logo"}},{"@type":"WebSite","@id":"https:\/\/heuer-cup.de\/#website","url":"https:\/\/heuer-cup.de\/","name":"Heuer Radsport","description":"Vollgas! oder einfach: Kette rechts","publisher":{"@id":"https:\/\/heuer-cup.de\/#organization"},"potentialAction":[{"@type":"SearchAction","target":{"@type":"EntryPoint","urlTemplate":"https:\/\/heuer-cup.de\/?s={search_term_string}"},"query-input":"required name=search_term_string"}],"inLanguage":"en-GB"},{"@type":"ImageObject","@id":"https:\/\/heuer-cup.de\/sponsoren-und-partner\/goettenmar-apartementos\/#primaryimage","inLanguage":"en-GB","url":"https:\/\/heuer-cup.eu\/userfiles\/images\/Logo\/goettenmar_bunt_rz.jpg","contentUrl":"https:\/\/heuer-cup.eu\/userfiles\/images\/Logo\/goettenmar_bunt_rz.jpg"},{"@type":"WebPage","@id":"https:\/\/heuer-cup.de\/sponsoren-und-partner\/goettenmar-apartementos\/#webpage","url":"https:\/\/heuer-cup.de\/sponsoren-und-partner\/goettenmar-apartementos\/","name":"GoettenMar Apartementos - Apartmentanlagen mit Hotelservice","isPartOf":{"@id":"https:\/\/heuer-cup.de\/#website"},"primaryImageOfPage":{"@id":"https:\/\/heuer-cup.de\/sponsoren-und-partner\/goettenmar-apartementos\/#primaryimage"},"datePublished":"2019-08-21T19:18:01+00:00","dateModified":"2019-09-09T13:15:10+00:00","description":"GoettenMar Apartementos - Apartmentanlagen mit Hotelservice - Seit \u00fcber 40 Jahren spezialisiert auf Aktivreisen in den Bereichen Radfahren.","breadcrumb":{"@id":"https:\/\/heuer-cup.de\/sponsoren-und-partner\/goettenmar-apartementos\/#breadcrumb"},"inLanguage":"en-GB","potentialAction":[{"@type":"ReadAction","target":["https:\/\/heuer-cup.de\/sponsoren-und-partner\/goettenmar-apartementos\/"]}]},{"@type":"BreadcrumbList","@id":"https:\/\/heuer-cup.de\/sponsoren-und-partner\/goettenmar-apartementos\/#breadcrumb","itemListElement":[{"@type":"ListItem","position":1,"name":"Home","item":"https:\/\/heuer-cup.de\/"},{"@type":"ListItem","position":2,"name":"Sponsoren und Partner","item":"https:\/\/heuer-cup.de\/sponsoren-und-partner\/"},{"@type":"ListItem","position":3,"name":"GoettenMar Apartementos"}]}]}},"_links":{"self":[{"href":"https:\/\/heuer-cup.de\/en\/wp-json\/wp\/v2\/pages\/4183"}],"collection":[{"href":"https:\/\/heuer-cup.de\/en\/wp-json\/wp\/v2\/pages"}],"about":[{"href":"https:\/\/heuer-cup.de\/en\/wp-json\/wp\/v2\/types\/page"}],"author":[{"embeddable":true,"href":"https:\/\/heuer-cup.de\/en\/wp-json\/wp\/v2\/users\/1"}],"replies":[{"embeddable":true,"href":"https:\/\/heuer-cup.de\/en\/wp-json\/wp\/v2\/comments?post=4183"}],"version-history":[{"count":2,"href":"https:\/\/heuer-cup.de\/en\/wp-json\/wp\/v2\/pages\/4183\/revisions"}],"predecessor-version":[{"id":5099,"href":"https:\/\/heuer-cup.de\/en\/wp-json\/wp\/v2\/pages\/4183\/revisions\/5099"}],"up":[{"embeddable":true,"href":"https:\/\/heuer-cup.de\/en\/wp-json\/wp\/v2\/pages\/4167"}],"wp:attachment":[{"href":"https:\/\/heuer-cup.de\/en\/wp-json\/wp\/v2\/media?parent=4183"}],"curies":[{"name":"wp","href":"https:\/\/api.w.org\/{rel}","templated":true}]}}