{"id":4171,"date":"2019-08-21T21:13:54","date_gmt":"2019-08-21T19:13:54","guid":{"rendered":"https:\/\/heuer-cup.de\/?page_id=4171"},"modified":"2019-09-09T15:12:50","modified_gmt":"2019-09-09T13:12:50","slug":"e-vita","status":"publish","type":"page","link":"https:\/\/heuer-cup.de\/en\/sponsoren-und-partner\/e-vita\/","title":{"rendered":"E-Vita"},"content":{"rendered":"<div class=\"vc_row wpb_row vc_row-fluid\"><div class=\"wpb_column vc_column_container vc_col-sm-12\"><div class=\"vc_column-inner\"><div class=\"wpb_wrapper\">\n\t<div class=\"wpb_text_column wpb_content_element\" >\n\t\t<div class=\"wpb_wrapper\">\n\t\t\t<p><strong>Sieger-Energie<\/strong><\/p>\n<p>Als s\u00fcddeutsches Familienunternehmen verstehen wir etwas von Werten wie Ausdauer, Fairness und Teamgeist.<br \/>\nWir sind auf Ihrer Seite. Mit maximal transparenten Tarifen f\u00fcr Strom und Gas und mit maximalem Service.<\/p>\n<p>Wir sind ein mittelst\u00e4ndischer Energieversorger f\u00fcr Gewerbe- und Privatkunden mit Firmensitz in Stuttgart.<br \/>\nUnseren Fokus setzen wir auf die individuelle Beratung von Gewerbekunden \u2013 mit dem Ziel, durch das aktive Management Ihrer Energieversorgung dazu beizutragen, dass sie langfristig handlungsf\u00e4hig bleiben.<\/p>\n<p>Dar\u00fcber hinaus sieht E.VITA nachhaltiges Wirtschaften als unternehmerische Aufgabe:<br \/>\nSo ist Klimaschutz f\u00fcr uns gesellschaftliche Verantwortung und unternehmerische Herausforderung zugleich \u2013 Energiesparen und Energieeffizienz sind deshalb selbstverst\u00e4ndliche Bausteine im Beratungsportfolio.<\/p>\n<p>Erfahren Sie mehr \u00fcber uns und unsere Leistungen auf:<br \/>\n<a href=\"http:\/\/www.evita-energie.de\/\" target=\"_blank\" rel=\"noopener noreferrer\">www.evita-energie.de<\/a><\/p>\n\n\t\t<\/div>\n\t<\/div>\n<\/div><\/div><\/div><\/div>","protected":false},"excerpt":{"rendered":"Sieger-Energie Als s\u00fcddeutsches Familienunternehmen verstehen wir etwas von Werten wie Ausdauer, Fairness und Teamgeist. Wir sind auf Ihrer Seite. Mit maximal transparenten Tarifen f\u00fcr Strom und Gas und mit maximalem Service. Wir sind ein mittelst\u00e4ndischer Energieversorger f\u00fcr Gewerbe- und Privatkunden mit Firmensitz in Stuttgart. Unseren Fokus setzen wir auf die individuelle Beratung von Gewerbekunden \u2013 [...]","protected":false},"author":1,"featured_media":0,"parent":4167,"menu_order":0,"comment_status":"closed","ping_status":"closed","template":"","meta":[],"yoast_head":"<!-- This site is optimized with the Yoast SEO plugin v16.9 - https:\/\/yoast.com\/wordpress\/plugins\/seo\/ -->\n<title>E-Vita Energie - HEUER-Cup - Sieger Energie<\/title>\n<meta name=\"description\" content=\"E-Vita Energie - HEUER-Cup - Sieger Energie. Als s\u00fcddeutsches Familienunternehmen verstehen wir etwas von Werten wie Ausdauer, Fairness und Teamgeist.\" \/>\n<meta name=\"robots\" content=\"index, follow, max-snippet:-1, max-image-preview:large, max-video-preview:-1\" \/>\n<link rel=\"canonical\" href=\"https:\/\/heuer-cup.de\/en\/sponsoren-und-partner\/e-vita\/\" \/>\n<meta property=\"og:locale\" content=\"en_GB\" \/>\n<meta property=\"og:type\" content=\"article\" \/>\n<meta property=\"og:title\" content=\"E-Vita Energie - HEUER-Cup - Sieger Energie\" \/>\n<meta property=\"og:description\" content=\"E-Vita Energie - HEUER-Cup - Sieger Energie. Als s\u00fcddeutsches Familienunternehmen verstehen wir etwas von Werten wie Ausdauer, Fairness und Teamgeist.\" \/>\n<meta property=\"og:url\" content=\"https:\/\/heuer-cup.de\/en\/sponsoren-und-partner\/e-vita\/\" \/>\n<meta property=\"og:site_name\" content=\"HEUER-Cup\" \/>\n<meta property=\"article:publisher\" content=\"https:\/\/www.facebook.com\/HeuerCup\/\" \/>\n<meta property=\"article:modified_time\" content=\"2019-09-09T13:12:50+00:00\" \/>\n<meta name=\"twitter:card\" content=\"summary_large_image\" \/>\n<meta name=\"twitter:site\" content=\"@Heuer_Cup\" \/>\n<meta name=\"twitter:label1\" content=\"Estimated reading time\" \/>\n\t<meta name=\"twitter:data1\" content=\"1 minute\" \/>\n<script type=\"application\/ld+json\" class=\"yoast-schema-graph\">{\"@context\":\"https:\/\/schema.org\",\"@graph\":[{\"@type\":\"Organization\",\"@id\":\"https:\/\/heuer-cup.de\/#organization\",\"name\":\"Heuer Radsport\",\"url\":\"https:\/\/heuer-cup.de\/\",\"sameAs\":[\"https:\/\/www.facebook.com\/HeuerCup\/\",\"https:\/\/www.instagram.com\/heuer_cup\/\",\"https:\/\/www.youtube.com\/channel\/UCuFkVFhY376_zRGfw_0Oy-Q\",\"https:\/\/twitter.com\/Heuer_Cup\"],\"logo\":{\"@type\":\"ImageObject\",\"@id\":\"https:\/\/heuer-cup.de\/#logo\",\"inLanguage\":\"en-GB\",\"url\":\"https:\/\/heuer-cup.de\/wp-content\/uploads\/2019\/01\/logo2.jpg\",\"contentUrl\":\"https:\/\/heuer-cup.de\/wp-content\/uploads\/2019\/01\/logo2.jpg\",\"width\":750,\"height\":186,\"caption\":\"Heuer Radsport\"},\"image\":{\"@id\":\"https:\/\/heuer-cup.de\/#logo\"}},{\"@type\":\"WebSite\",\"@id\":\"https:\/\/heuer-cup.de\/#website\",\"url\":\"https:\/\/heuer-cup.de\/\",\"name\":\"Heuer Radsport\",\"description\":\"Vollgas! oder einfach: Kette rechts\",\"publisher\":{\"@id\":\"https:\/\/heuer-cup.de\/#organization\"},\"potentialAction\":[{\"@type\":\"SearchAction\",\"target\":{\"@type\":\"EntryPoint\",\"urlTemplate\":\"https:\/\/heuer-cup.de\/?s={search_term_string}\"},\"query-input\":\"required name=search_term_string\"}],\"inLanguage\":\"en-GB\"},{\"@type\":\"WebPage\",\"@id\":\"https:\/\/heuer-cup.de\/sponsoren-und-partner\/e-vita\/#webpage\",\"url\":\"https:\/\/heuer-cup.de\/sponsoren-und-partner\/e-vita\/\",\"name\":\"E-Vita Energie - HEUER-Cup - Sieger Energie\",\"isPartOf\":{\"@id\":\"https:\/\/heuer-cup.de\/#website\"},\"datePublished\":\"2019-08-21T19:13:54+00:00\",\"dateModified\":\"2019-09-09T13:12:50+00:00\",\"description\":\"E-Vita Energie - HEUER-Cup - Sieger Energie. Als s\\u00fcddeutsches Familienunternehmen verstehen wir etwas von Werten wie Ausdauer, Fairness und Teamgeist.\",\"breadcrumb\":{\"@id\":\"https:\/\/heuer-cup.de\/sponsoren-und-partner\/e-vita\/#breadcrumb\"},\"inLanguage\":\"en-GB\",\"potentialAction\":[{\"@type\":\"ReadAction\",\"target\":[\"https:\/\/heuer-cup.de\/sponsoren-und-partner\/e-vita\/\"]}]},{\"@type\":\"BreadcrumbList\",\"@id\":\"https:\/\/heuer-cup.de\/sponsoren-und-partner\/e-vita\/#breadcrumb\",\"itemListElement\":[{\"@type\":\"ListItem\",\"position\":1,\"name\":\"Home\",\"item\":\"https:\/\/heuer-cup.de\/\"},{\"@type\":\"ListItem\",\"position\":2,\"name\":\"Sponsoren und Partner\",\"item\":\"https:\/\/heuer-cup.de\/sponsoren-und-partner\/\"},{\"@type\":\"ListItem\",\"position\":3,\"name\":\"E-Vita\"}]}]}<\/script>\n<!-- \/ Yoast SEO plugin. -->","yoast_head_json":{"title":"E-Vita Energie - HEUER-Cup - Sieger Energie","description":"E-Vita Energie - HEUER-Cup - Sieger Energie. Als s\u00fcddeutsches Familienunternehmen verstehen wir etwas von Werten wie Ausdauer, Fairness und Teamgeist.","robots":{"index":"index","follow":"follow","max-snippet":"max-snippet:-1","max-image-preview":"max-image-preview:large","max-video-preview":"max-video-preview:-1"},"canonical":"https:\/\/heuer-cup.de\/en\/sponsoren-und-partner\/e-vita\/","og_locale":"en_GB","og_type":"article","og_title":"E-Vita Energie - HEUER-Cup - Sieger Energie","og_description":"E-Vita Energie - HEUER-Cup - Sieger Energie. Als s\u00fcddeutsches Familienunternehmen verstehen wir etwas von Werten wie Ausdauer, Fairness und Teamgeist.","og_url":"https:\/\/heuer-cup.de\/en\/sponsoren-und-partner\/e-vita\/","og_site_name":"HEUER-Cup","article_publisher":"https:\/\/www.facebook.com\/HeuerCup\/","article_modified_time":"2019-09-09T13:12:50+00:00","twitter_card":"summary_large_image","twitter_site":"@Heuer_Cup","twitter_misc":{"Estimated reading time":"1 minute"},"schema":{"@context":"https:\/\/schema.org","@graph":[{"@type":"Organization","@id":"https:\/\/heuer-cup.de\/#organization","name":"Heuer Radsport","url":"https:\/\/heuer-cup.de\/","sameAs":["https:\/\/www.facebook.com\/HeuerCup\/","https:\/\/www.instagram.com\/heuer_cup\/","https:\/\/www.youtube.com\/channel\/UCuFkVFhY376_zRGfw_0Oy-Q","https:\/\/twitter.com\/Heuer_Cup"],"logo":{"@type":"ImageObject","@id":"https:\/\/heuer-cup.de\/#logo","inLanguage":"en-GB","url":"https:\/\/heuer-cup.de\/wp-content\/uploads\/2019\/01\/logo2.jpg","contentUrl":"https:\/\/heuer-cup.de\/wp-content\/uploads\/2019\/01\/logo2.jpg","width":750,"height":186,"caption":"Heuer Radsport"},"image":{"@id":"https:\/\/heuer-cup.de\/#logo"}},{"@type":"WebSite","@id":"https:\/\/heuer-cup.de\/#website","url":"https:\/\/heuer-cup.de\/","name":"Heuer Radsport","description":"Vollgas! oder einfach: Kette rechts","publisher":{"@id":"https:\/\/heuer-cup.de\/#organization"},"potentialAction":[{"@type":"SearchAction","target":{"@type":"EntryPoint","urlTemplate":"https:\/\/heuer-cup.de\/?s={search_term_string}"},"query-input":"required name=search_term_string"}],"inLanguage":"en-GB"},{"@type":"WebPage","@id":"https:\/\/heuer-cup.de\/sponsoren-und-partner\/e-vita\/#webpage","url":"https:\/\/heuer-cup.de\/sponsoren-und-partner\/e-vita\/","name":"E-Vita Energie - HEUER-Cup - Sieger Energie","isPartOf":{"@id":"https:\/\/heuer-cup.de\/#website"},"datePublished":"2019-08-21T19:13:54+00:00","dateModified":"2019-09-09T13:12:50+00:00","description":"E-Vita Energie - HEUER-Cup - Sieger Energie. Als s\u00fcddeutsches Familienunternehmen verstehen wir etwas von Werten wie Ausdauer, Fairness und Teamgeist.","breadcrumb":{"@id":"https:\/\/heuer-cup.de\/sponsoren-und-partner\/e-vita\/#breadcrumb"},"inLanguage":"en-GB","potentialAction":[{"@type":"ReadAction","target":["https:\/\/heuer-cup.de\/sponsoren-und-partner\/e-vita\/"]}]},{"@type":"BreadcrumbList","@id":"https:\/\/heuer-cup.de\/sponsoren-und-partner\/e-vita\/#breadcrumb","itemListElement":[{"@type":"ListItem","position":1,"name":"Home","item":"https:\/\/heuer-cup.de\/"},{"@type":"ListItem","position":2,"name":"Sponsoren und Partner","item":"https:\/\/heuer-cup.de\/sponsoren-und-partner\/"},{"@type":"ListItem","position":3,"name":"E-Vita"}]}]}},"_links":{"self":[{"href":"https:\/\/heuer-cup.de\/en\/wp-json\/wp\/v2\/pages\/4171"}],"collection":[{"href":"https:\/\/heuer-cup.de\/en\/wp-json\/wp\/v2\/pages"}],"about":[{"href":"https:\/\/heuer-cup.de\/en\/wp-json\/wp\/v2\/types\/page"}],"author":[{"embeddable":true,"href":"https:\/\/heuer-cup.de\/en\/wp-json\/wp\/v2\/users\/1"}],"replies":[{"embeddable":true,"href":"https:\/\/heuer-cup.de\/en\/wp-json\/wp\/v2\/comments?post=4171"}],"version-history":[{"count":1,"href":"https:\/\/heuer-cup.de\/en\/wp-json\/wp\/v2\/pages\/4171\/revisions"}],"predecessor-version":[{"id":4172,"href":"https:\/\/heuer-cup.de\/en\/wp-json\/wp\/v2\/pages\/4171\/revisions\/4172"}],"up":[{"embeddable":true,"href":"https:\/\/heuer-cup.de\/en\/wp-json\/wp\/v2\/pages\/4167"}],"wp:attachment":[{"href":"https:\/\/heuer-cup.de\/en\/wp-json\/wp\/v2\/media?parent=4171"}],"curies":[{"name":"wp","href":"https:\/\/api.w.org\/{rel}","templated":true}]}}