{"id":4161,"date":"2019-08-21T21:00:56","date_gmt":"2019-08-21T19:00:56","guid":{"rendered":"https:\/\/heuer-cup.de\/?page_id=4161"},"modified":"2019-09-09T15:34:54","modified_gmt":"2019-09-09T13:34:54","slug":"bikebeat-racing-team","status":"publish","type":"page","link":"https:\/\/heuer-cup.de\/en\/teamvorstellung\/bikebeat-racing-team\/","title":{"rendered":"Bikebeat Racing Team"},"content":{"rendered":"<div class=\"vc_row wpb_row vc_row-fluid\"><div class=\"wpb_column vc_column_container vc_col-sm-12\"><div class=\"vc_column-inner\"><div class=\"wpb_wrapper\">\n\t<div class=\"wpb_text_column wpb_content_element\" >\n\t\t<div class=\"wpb_wrapper\">\n\t\t\t<p>von Nils Schumacher<\/p>\n<p>Das BIKBEBEAT RACING TEAM ist das Rennteam f\u00fcr lizenzierte Radrennsportler des RSC Komet Ludwigsburg. Es formiert sich als Elite-Renngemeinschaft, ist offen f\u00fcr ambitionierte Leistungssportler anderer Vereine und rekrutiert aktuell seine Fahrer aus den Bundesl\u00e4ndern Baden-W\u00fcrttemberg und Bayern. Gegr\u00fcndet wurde das Team bereits im Jahr 2011 und vollzog 2019 einen Namenswechsel durch den neuen Hauptsponsor Bikebeat.<\/p>\n<p><img loading=\"lazy\" class=\"bild aligncenter\" title=\"Bikebeat beim HEUER-Cup\" src=\"https:\/\/heuer-cup.eu\/userfiles\/images\/team\/Bikebeat_racing_team.JPG\" alt=\"\" width=\"449\" height=\"299\" \/><\/p>\n<p>Aktuell besteht das Team aus 11 Fahrern, die in der Elite und der Amateurklasse Rennen bestreiten. Alle BIKEBEATERS betreiben Leistungssport aus Leidenschaft bew\u00e4ltigen in der Saison zwischen 20 und 40 Rennen und trainieren im Durchschnitt etwa 15.000 KM p.a. Regelm\u00e4\u00dfig verzeichnet das Team Siege, Podiumspl\u00e4tze und Platzierungen. Durch die Kooperation mit BIKEBEAT hat sich das Rennteam weiter professionalisiert. &#8222;Mit den Laufr\u00e4dern von BIKEBEAT verf\u00fcgen wir \u00fcber erstklassigen Material. Damit stehen wir den ganz gro\u00dfen Teams im Peloton in Punkto Leichtigkeit, Steifigkeit und auch Aerodynamik in nichts mehr nach&#8220;, so Martina J\u00e4ger die die sportlichen Geschicke des BIKEBEAT RACING TEAMS lenkt.<\/p>\n\n\t\t<\/div>\n\t<\/div>\n<\/div><\/div><\/div><\/div>","protected":false},"excerpt":{"rendered":"von Nils Schumacher Das BIKBEBEAT RACING TEAM ist das Rennteam f\u00fcr lizenzierte Radrennsportler des RSC Komet Ludwigsburg. Es formiert sich als Elite-Renngemeinschaft, ist offen f\u00fcr ambitionierte Leistungssportler anderer Vereine und rekrutiert aktuell seine Fahrer aus den Bundesl\u00e4ndern Baden-W\u00fcrttemberg und Bayern. Gegr\u00fcndet wurde das Team bereits im Jahr 2011 und vollzog 2019 einen Namenswechsel durch den [...]","protected":false},"author":1,"featured_media":0,"parent":4149,"menu_order":0,"comment_status":"closed","ping_status":"closed","template":"","meta":[],"yoast_head":"<!-- This site is optimized with the Yoast SEO plugin v16.9 - https:\/\/yoast.com\/wordpress\/plugins\/seo\/ -->\n<title>Bikebeat Racing Team - Das Team Stellt sich vor<\/title>\n<meta name=\"description\" content=\"Bikebeat Racing Team - Das BIKBEBEAT RACING TEAM ist das Rennteam f\u00fcr lizenzierte Radrennsportler des RSC Komet Ludwigsburg.\" \/>\n<meta name=\"robots\" content=\"index, follow, max-snippet:-1, max-image-preview:large, max-video-preview:-1\" \/>\n<link rel=\"canonical\" href=\"https:\/\/heuer-cup.de\/en\/teamvorstellung\/bikebeat-racing-team\/\" \/>\n<meta property=\"og:locale\" content=\"en_GB\" \/>\n<meta property=\"og:type\" content=\"article\" \/>\n<meta property=\"og:title\" content=\"Bikebeat Racing Team - Das Team Stellt sich vor\" \/>\n<meta property=\"og:description\" content=\"Bikebeat Racing Team - Das BIKBEBEAT RACING TEAM ist das Rennteam f\u00fcr lizenzierte Radrennsportler des RSC Komet Ludwigsburg.\" \/>\n<meta property=\"og:url\" content=\"https:\/\/heuer-cup.de\/en\/teamvorstellung\/bikebeat-racing-team\/\" \/>\n<meta property=\"og:site_name\" content=\"HEUER-Cup\" \/>\n<meta property=\"article:publisher\" content=\"https:\/\/www.facebook.com\/HeuerCup\/\" \/>\n<meta property=\"article:modified_time\" content=\"2019-09-09T13:34:54+00:00\" \/>\n<meta property=\"og:image\" content=\"https:\/\/heuer-cup.eu\/userfiles\/images\/team\/Bikebeat_racing_team.JPG\" \/>\n<meta name=\"twitter:card\" content=\"summary_large_image\" \/>\n<meta name=\"twitter:site\" content=\"@Heuer_Cup\" \/>\n<meta name=\"twitter:label1\" content=\"Estimated reading time\" \/>\n\t<meta name=\"twitter:data1\" content=\"1 minute\" \/>\n<script type=\"application\/ld+json\" class=\"yoast-schema-graph\">{\"@context\":\"https:\/\/schema.org\",\"@graph\":[{\"@type\":\"Organization\",\"@id\":\"https:\/\/heuer-cup.de\/#organization\",\"name\":\"Heuer Radsport\",\"url\":\"https:\/\/heuer-cup.de\/\",\"sameAs\":[\"https:\/\/www.facebook.com\/HeuerCup\/\",\"https:\/\/www.instagram.com\/heuer_cup\/\",\"https:\/\/www.youtube.com\/channel\/UCuFkVFhY376_zRGfw_0Oy-Q\",\"https:\/\/twitter.com\/Heuer_Cup\"],\"logo\":{\"@type\":\"ImageObject\",\"@id\":\"https:\/\/heuer-cup.de\/#logo\",\"inLanguage\":\"en-GB\",\"url\":\"https:\/\/heuer-cup.de\/wp-content\/uploads\/2019\/01\/logo2.jpg\",\"contentUrl\":\"https:\/\/heuer-cup.de\/wp-content\/uploads\/2019\/01\/logo2.jpg\",\"width\":750,\"height\":186,\"caption\":\"Heuer Radsport\"},\"image\":{\"@id\":\"https:\/\/heuer-cup.de\/#logo\"}},{\"@type\":\"WebSite\",\"@id\":\"https:\/\/heuer-cup.de\/#website\",\"url\":\"https:\/\/heuer-cup.de\/\",\"name\":\"Heuer Radsport\",\"description\":\"Vollgas! oder einfach: Kette rechts\",\"publisher\":{\"@id\":\"https:\/\/heuer-cup.de\/#organization\"},\"potentialAction\":[{\"@type\":\"SearchAction\",\"target\":{\"@type\":\"EntryPoint\",\"urlTemplate\":\"https:\/\/heuer-cup.de\/?s={search_term_string}\"},\"query-input\":\"required name=search_term_string\"}],\"inLanguage\":\"en-GB\"},{\"@type\":\"ImageObject\",\"@id\":\"https:\/\/heuer-cup.de\/teamvorstellung\/bikebeat-racing-team\/#primaryimage\",\"inLanguage\":\"en-GB\",\"url\":\"https:\/\/heuer-cup.eu\/userfiles\/images\/team\/Bikebeat_racing_team.JPG\",\"contentUrl\":\"https:\/\/heuer-cup.eu\/userfiles\/images\/team\/Bikebeat_racing_team.JPG\"},{\"@type\":\"WebPage\",\"@id\":\"https:\/\/heuer-cup.de\/teamvorstellung\/bikebeat-racing-team\/#webpage\",\"url\":\"https:\/\/heuer-cup.de\/teamvorstellung\/bikebeat-racing-team\/\",\"name\":\"Bikebeat Racing Team - Das Team Stellt sich vor\",\"isPartOf\":{\"@id\":\"https:\/\/heuer-cup.de\/#website\"},\"primaryImageOfPage\":{\"@id\":\"https:\/\/heuer-cup.de\/teamvorstellung\/bikebeat-racing-team\/#primaryimage\"},\"datePublished\":\"2019-08-21T19:00:56+00:00\",\"dateModified\":\"2019-09-09T13:34:54+00:00\",\"description\":\"Bikebeat Racing Team - Das BIKBEBEAT RACING TEAM ist das Rennteam f\\u00fcr lizenzierte Radrennsportler des RSC Komet Ludwigsburg.\",\"breadcrumb\":{\"@id\":\"https:\/\/heuer-cup.de\/teamvorstellung\/bikebeat-racing-team\/#breadcrumb\"},\"inLanguage\":\"en-GB\",\"potentialAction\":[{\"@type\":\"ReadAction\",\"target\":[\"https:\/\/heuer-cup.de\/teamvorstellung\/bikebeat-racing-team\/\"]}]},{\"@type\":\"BreadcrumbList\",\"@id\":\"https:\/\/heuer-cup.de\/teamvorstellung\/bikebeat-racing-team\/#breadcrumb\",\"itemListElement\":[{\"@type\":\"ListItem\",\"position\":1,\"name\":\"Home\",\"item\":\"https:\/\/heuer-cup.de\/\"},{\"@type\":\"ListItem\",\"position\":2,\"name\":\"Teamvorstellung\",\"item\":\"https:\/\/heuer-cup.de\/teamvorstellung\/\"},{\"@type\":\"ListItem\",\"position\":3,\"name\":\"Bikebeat Racing Team\"}]}]}<\/script>\n<!-- \/ Yoast SEO plugin. -->","yoast_head_json":{"title":"Bikebeat Racing Team - Das Team Stellt sich vor","description":"Bikebeat Racing Team - Das BIKBEBEAT RACING TEAM ist das Rennteam f\u00fcr lizenzierte Radrennsportler des RSC Komet Ludwigsburg.","robots":{"index":"index","follow":"follow","max-snippet":"max-snippet:-1","max-image-preview":"max-image-preview:large","max-video-preview":"max-video-preview:-1"},"canonical":"https:\/\/heuer-cup.de\/en\/teamvorstellung\/bikebeat-racing-team\/","og_locale":"en_GB","og_type":"article","og_title":"Bikebeat Racing Team - Das Team Stellt sich vor","og_description":"Bikebeat Racing Team - Das BIKBEBEAT RACING TEAM ist das Rennteam f\u00fcr lizenzierte Radrennsportler des RSC Komet Ludwigsburg.","og_url":"https:\/\/heuer-cup.de\/en\/teamvorstellung\/bikebeat-racing-team\/","og_site_name":"HEUER-Cup","article_publisher":"https:\/\/www.facebook.com\/HeuerCup\/","article_modified_time":"2019-09-09T13:34:54+00:00","og_image":[{"url":"https:\/\/heuer-cup.eu\/userfiles\/images\/team\/Bikebeat_racing_team.JPG"}],"twitter_card":"summary_large_image","twitter_site":"@Heuer_Cup","twitter_misc":{"Estimated reading time":"1 minute"},"schema":{"@context":"https:\/\/schema.org","@graph":[{"@type":"Organization","@id":"https:\/\/heuer-cup.de\/#organization","name":"Heuer Radsport","url":"https:\/\/heuer-cup.de\/","sameAs":["https:\/\/www.facebook.com\/HeuerCup\/","https:\/\/www.instagram.com\/heuer_cup\/","https:\/\/www.youtube.com\/channel\/UCuFkVFhY376_zRGfw_0Oy-Q","https:\/\/twitter.com\/Heuer_Cup"],"logo":{"@type":"ImageObject","@id":"https:\/\/heuer-cup.de\/#logo","inLanguage":"en-GB","url":"https:\/\/heuer-cup.de\/wp-content\/uploads\/2019\/01\/logo2.jpg","contentUrl":"https:\/\/heuer-cup.de\/wp-content\/uploads\/2019\/01\/logo2.jpg","width":750,"height":186,"caption":"Heuer Radsport"},"image":{"@id":"https:\/\/heuer-cup.de\/#logo"}},{"@type":"WebSite","@id":"https:\/\/heuer-cup.de\/#website","url":"https:\/\/heuer-cup.de\/","name":"Heuer Radsport","description":"Vollgas! oder einfach: Kette rechts","publisher":{"@id":"https:\/\/heuer-cup.de\/#organization"},"potentialAction":[{"@type":"SearchAction","target":{"@type":"EntryPoint","urlTemplate":"https:\/\/heuer-cup.de\/?s={search_term_string}"},"query-input":"required name=search_term_string"}],"inLanguage":"en-GB"},{"@type":"ImageObject","@id":"https:\/\/heuer-cup.de\/teamvorstellung\/bikebeat-racing-team\/#primaryimage","inLanguage":"en-GB","url":"https:\/\/heuer-cup.eu\/userfiles\/images\/team\/Bikebeat_racing_team.JPG","contentUrl":"https:\/\/heuer-cup.eu\/userfiles\/images\/team\/Bikebeat_racing_team.JPG"},{"@type":"WebPage","@id":"https:\/\/heuer-cup.de\/teamvorstellung\/bikebeat-racing-team\/#webpage","url":"https:\/\/heuer-cup.de\/teamvorstellung\/bikebeat-racing-team\/","name":"Bikebeat Racing Team - Das Team Stellt sich vor","isPartOf":{"@id":"https:\/\/heuer-cup.de\/#website"},"primaryImageOfPage":{"@id":"https:\/\/heuer-cup.de\/teamvorstellung\/bikebeat-racing-team\/#primaryimage"},"datePublished":"2019-08-21T19:00:56+00:00","dateModified":"2019-09-09T13:34:54+00:00","description":"Bikebeat Racing Team - Das BIKBEBEAT RACING TEAM ist das Rennteam f\u00fcr lizenzierte Radrennsportler des RSC Komet Ludwigsburg.","breadcrumb":{"@id":"https:\/\/heuer-cup.de\/teamvorstellung\/bikebeat-racing-team\/#breadcrumb"},"inLanguage":"en-GB","potentialAction":[{"@type":"ReadAction","target":["https:\/\/heuer-cup.de\/teamvorstellung\/bikebeat-racing-team\/"]}]},{"@type":"BreadcrumbList","@id":"https:\/\/heuer-cup.de\/teamvorstellung\/bikebeat-racing-team\/#breadcrumb","itemListElement":[{"@type":"ListItem","position":1,"name":"Home","item":"https:\/\/heuer-cup.de\/"},{"@type":"ListItem","position":2,"name":"Teamvorstellung","item":"https:\/\/heuer-cup.de\/teamvorstellung\/"},{"@type":"ListItem","position":3,"name":"Bikebeat Racing Team"}]}]}},"_links":{"self":[{"href":"https:\/\/heuer-cup.de\/en\/wp-json\/wp\/v2\/pages\/4161"}],"collection":[{"href":"https:\/\/heuer-cup.de\/en\/wp-json\/wp\/v2\/pages"}],"about":[{"href":"https:\/\/heuer-cup.de\/en\/wp-json\/wp\/v2\/types\/page"}],"author":[{"embeddable":true,"href":"https:\/\/heuer-cup.de\/en\/wp-json\/wp\/v2\/users\/1"}],"replies":[{"embeddable":true,"href":"https:\/\/heuer-cup.de\/en\/wp-json\/wp\/v2\/comments?post=4161"}],"version-history":[{"count":2,"href":"https:\/\/heuer-cup.de\/en\/wp-json\/wp\/v2\/pages\/4161\/revisions"}],"predecessor-version":[{"id":4940,"href":"https:\/\/heuer-cup.de\/en\/wp-json\/wp\/v2\/pages\/4161\/revisions\/4940"}],"up":[{"embeddable":true,"href":"https:\/\/heuer-cup.de\/en\/wp-json\/wp\/v2\/pages\/4149"}],"wp:attachment":[{"href":"https:\/\/heuer-cup.de\/en\/wp-json\/wp\/v2\/media?parent=4161"}],"curies":[{"name":"wp","href":"https:\/\/api.w.org\/{rel}","templated":true}]}}