{"id":4157,"date":"2019-08-21T20:59:01","date_gmt":"2019-08-21T18:59:01","guid":{"rendered":"https:\/\/heuer-cup.de\/?page_id=4157"},"modified":"2019-09-09T15:39:07","modified_gmt":"2019-09-09T13:39:07","slug":"team-baden-forchheim","status":"publish","type":"page","link":"https:\/\/heuer-cup.de\/en\/teamvorstellung\/team-baden-forchheim\/","title":{"rendered":"Team Baden-Forchheim"},"content":{"rendered":"<div class=\"vc_row wpb_row vc_row-fluid\"><div class=\"wpb_column vc_column_container vc_col-sm-12\"><div class=\"vc_column-inner\"><div class=\"wpb_wrapper\">\n\t<div class=\"wpb_text_column wpb_content_element\" >\n\t\t<div class=\"wpb_wrapper\">\n\t\t\t<p>\u201eNach dem erfolgreichen letzten Jahr hat der RSV Concordia Forchheim auch in dieser Saison wieder eine Frauen-Renngemeinschaft zusammengestellt. Der Verein m\u00f6chte mit der Renngemeinschaft speziell f\u00fcr Neu- und Quereinsteigerinnen weiterhin eine M\u00f6glichkeit bieten sich im Radrennsport auszuprobieren und Erfahrungen zu sammeln. Dabei m\u00f6chte man sich bewusst von den semi-professionellen Strukturen der Bundesliga-Mannschaften unterscheiden um den Einstieg in den Lizenzsport m\u00f6glichst einfach und mit Spa\u00df zu gestalten.<\/p>\n<p><img loading=\"lazy\" class=\"bild aligncenter\" title=\"Team Baden-Forchheim\" src=\"https:\/\/heuer-cup.eu\/userfiles\/images\/team\/2019\/Team%20Baden-Forchheim.jpg\" alt=\"\" width=\"476\" height=\"443\" \/><\/p>\n<p>Das Team wird hierbei personell weitgehend unver\u00e4ndert am Start stehen. Lediglich Ronet Human und Jane Heinle (beide RSV Concordia Forchheim) sind neu hinzugekommen. Lisa Kromm, Charlotte Zech, Anka Diers (alle Karlsruher Lemminge), Claudia Marek (Radsport Rhein-Neckar), Tanja Nitschke sowie Yasmin Anstruther (beide RSV Concordia Forchheim) sind weiterhin dabei. Der Schwerpunkt soll hierbei wieder auf die regionalen Rennen in Baden, der Pfalz und W\u00fcrttemberg gelegt werden. Insbesondere m\u00f6chte das Team nat\u00fcrlich wieder einen Podiumsplatz in der Mannschaftswertung des Heuer-Cup erreichen.\u201c<\/p>\n<p>Text und Bild: Thomas Schillinger<\/p>\n\n\t\t<\/div>\n\t<\/div>\n<\/div><\/div><\/div><\/div>","protected":false},"excerpt":{"rendered":"\u201eNach dem erfolgreichen letzten Jahr hat der RSV Concordia Forchheim auch in dieser Saison wieder eine Frauen-Renngemeinschaft zusammengestellt. Der Verein m\u00f6chte mit der Renngemeinschaft speziell f\u00fcr Neu- und Quereinsteigerinnen weiterhin eine M\u00f6glichkeit bieten sich im Radrennsport auszuprobieren und Erfahrungen zu sammeln. Dabei m\u00f6chte man sich bewusst von den semi-professionellen Strukturen der Bundesliga-Mannschaften unterscheiden um den [...]","protected":false},"author":1,"featured_media":0,"parent":4149,"menu_order":0,"comment_status":"closed","ping_status":"closed","template":"","meta":[],"yoast_head":"<!-- This site is optimized with the Yoast SEO plugin v16.9 - https:\/\/yoast.com\/wordpress\/plugins\/seo\/ -->\n<title>Team Baden-Forchheim - der RSV Concordia Forchheim<\/title>\n<meta name=\"description\" content=\"Team Baden-Forchheim - Das Team wird hierbei personell weitgehend unver\u00e4ndert am Start stehen, mit zwei Neuzug\u00e4ngen.\" \/>\n<meta name=\"robots\" content=\"index, follow, max-snippet:-1, max-image-preview:large, max-video-preview:-1\" \/>\n<link rel=\"canonical\" href=\"https:\/\/heuer-cup.de\/en\/teamvorstellung\/team-baden-forchheim\/\" \/>\n<meta property=\"og:locale\" content=\"en_GB\" \/>\n<meta property=\"og:type\" content=\"article\" \/>\n<meta property=\"og:title\" content=\"Team Baden-Forchheim - der RSV Concordia Forchheim\" \/>\n<meta property=\"og:description\" content=\"Team Baden-Forchheim - Das Team wird hierbei personell weitgehend unver\u00e4ndert am Start stehen, mit zwei Neuzug\u00e4ngen.\" \/>\n<meta property=\"og:url\" content=\"https:\/\/heuer-cup.de\/en\/teamvorstellung\/team-baden-forchheim\/\" \/>\n<meta property=\"og:site_name\" content=\"HEUER-Cup\" \/>\n<meta property=\"article:publisher\" content=\"https:\/\/www.facebook.com\/HeuerCup\/\" \/>\n<meta property=\"article:modified_time\" content=\"2019-09-09T13:39:07+00:00\" \/>\n<meta property=\"og:image\" content=\"https:\/\/heuer-cup.eu\/userfiles\/images\/team\/2019\/Team%20Baden-Forchheim.jpg\" \/>\n<meta name=\"twitter:card\" content=\"summary_large_image\" \/>\n<meta name=\"twitter:site\" content=\"@Heuer_Cup\" \/>\n<meta name=\"twitter:label1\" content=\"Estimated reading time\" \/>\n\t<meta name=\"twitter:data1\" content=\"1 minute\" \/>\n<script type=\"application\/ld+json\" class=\"yoast-schema-graph\">{\"@context\":\"https:\/\/schema.org\",\"@graph\":[{\"@type\":\"Organization\",\"@id\":\"https:\/\/heuer-cup.de\/#organization\",\"name\":\"Heuer Radsport\",\"url\":\"https:\/\/heuer-cup.de\/\",\"sameAs\":[\"https:\/\/www.facebook.com\/HeuerCup\/\",\"https:\/\/www.instagram.com\/heuer_cup\/\",\"https:\/\/www.youtube.com\/channel\/UCuFkVFhY376_zRGfw_0Oy-Q\",\"https:\/\/twitter.com\/Heuer_Cup\"],\"logo\":{\"@type\":\"ImageObject\",\"@id\":\"https:\/\/heuer-cup.de\/#logo\",\"inLanguage\":\"en-GB\",\"url\":\"https:\/\/heuer-cup.de\/wp-content\/uploads\/2019\/01\/logo2.jpg\",\"contentUrl\":\"https:\/\/heuer-cup.de\/wp-content\/uploads\/2019\/01\/logo2.jpg\",\"width\":750,\"height\":186,\"caption\":\"Heuer Radsport\"},\"image\":{\"@id\":\"https:\/\/heuer-cup.de\/#logo\"}},{\"@type\":\"WebSite\",\"@id\":\"https:\/\/heuer-cup.de\/#website\",\"url\":\"https:\/\/heuer-cup.de\/\",\"name\":\"Heuer Radsport\",\"description\":\"Vollgas! oder einfach: Kette rechts\",\"publisher\":{\"@id\":\"https:\/\/heuer-cup.de\/#organization\"},\"potentialAction\":[{\"@type\":\"SearchAction\",\"target\":{\"@type\":\"EntryPoint\",\"urlTemplate\":\"https:\/\/heuer-cup.de\/?s={search_term_string}\"},\"query-input\":\"required name=search_term_string\"}],\"inLanguage\":\"en-GB\"},{\"@type\":\"ImageObject\",\"@id\":\"https:\/\/heuer-cup.de\/teamvorstellung\/team-baden-forchheim\/#primaryimage\",\"inLanguage\":\"en-GB\",\"url\":\"https:\/\/heuer-cup.eu\/userfiles\/images\/team\/2019\/Team%20Baden-Forchheim.jpg\",\"contentUrl\":\"https:\/\/heuer-cup.eu\/userfiles\/images\/team\/2019\/Team%20Baden-Forchheim.jpg\"},{\"@type\":\"WebPage\",\"@id\":\"https:\/\/heuer-cup.de\/teamvorstellung\/team-baden-forchheim\/#webpage\",\"url\":\"https:\/\/heuer-cup.de\/teamvorstellung\/team-baden-forchheim\/\",\"name\":\"Team Baden-Forchheim - der RSV Concordia Forchheim\",\"isPartOf\":{\"@id\":\"https:\/\/heuer-cup.de\/#website\"},\"primaryImageOfPage\":{\"@id\":\"https:\/\/heuer-cup.de\/teamvorstellung\/team-baden-forchheim\/#primaryimage\"},\"datePublished\":\"2019-08-21T18:59:01+00:00\",\"dateModified\":\"2019-09-09T13:39:07+00:00\",\"description\":\"Team Baden-Forchheim - Das Team wird hierbei personell weitgehend unver\\u00e4ndert am Start stehen, mit zwei Neuzug\\u00e4ngen.\",\"breadcrumb\":{\"@id\":\"https:\/\/heuer-cup.de\/teamvorstellung\/team-baden-forchheim\/#breadcrumb\"},\"inLanguage\":\"en-GB\",\"potentialAction\":[{\"@type\":\"ReadAction\",\"target\":[\"https:\/\/heuer-cup.de\/teamvorstellung\/team-baden-forchheim\/\"]}]},{\"@type\":\"BreadcrumbList\",\"@id\":\"https:\/\/heuer-cup.de\/teamvorstellung\/team-baden-forchheim\/#breadcrumb\",\"itemListElement\":[{\"@type\":\"ListItem\",\"position\":1,\"name\":\"Home\",\"item\":\"https:\/\/heuer-cup.de\/\"},{\"@type\":\"ListItem\",\"position\":2,\"name\":\"Teamvorstellung\",\"item\":\"https:\/\/heuer-cup.de\/teamvorstellung\/\"},{\"@type\":\"ListItem\",\"position\":3,\"name\":\"Team Baden-Forchheim\"}]}]}<\/script>\n<!-- \/ Yoast SEO plugin. -->","yoast_head_json":{"title":"Team Baden-Forchheim - der RSV Concordia Forchheim","description":"Team Baden-Forchheim - Das Team wird hierbei personell weitgehend unver\u00e4ndert am Start stehen, mit zwei Neuzug\u00e4ngen.","robots":{"index":"index","follow":"follow","max-snippet":"max-snippet:-1","max-image-preview":"max-image-preview:large","max-video-preview":"max-video-preview:-1"},"canonical":"https:\/\/heuer-cup.de\/en\/teamvorstellung\/team-baden-forchheim\/","og_locale":"en_GB","og_type":"article","og_title":"Team Baden-Forchheim - der RSV Concordia Forchheim","og_description":"Team Baden-Forchheim - Das Team wird hierbei personell weitgehend unver\u00e4ndert am Start stehen, mit zwei Neuzug\u00e4ngen.","og_url":"https:\/\/heuer-cup.de\/en\/teamvorstellung\/team-baden-forchheim\/","og_site_name":"HEUER-Cup","article_publisher":"https:\/\/www.facebook.com\/HeuerCup\/","article_modified_time":"2019-09-09T13:39:07+00:00","og_image":[{"url":"https:\/\/heuer-cup.eu\/userfiles\/images\/team\/2019\/Team%20Baden-Forchheim.jpg"}],"twitter_card":"summary_large_image","twitter_site":"@Heuer_Cup","twitter_misc":{"Estimated reading time":"1 minute"},"schema":{"@context":"https:\/\/schema.org","@graph":[{"@type":"Organization","@id":"https:\/\/heuer-cup.de\/#organization","name":"Heuer Radsport","url":"https:\/\/heuer-cup.de\/","sameAs":["https:\/\/www.facebook.com\/HeuerCup\/","https:\/\/www.instagram.com\/heuer_cup\/","https:\/\/www.youtube.com\/channel\/UCuFkVFhY376_zRGfw_0Oy-Q","https:\/\/twitter.com\/Heuer_Cup"],"logo":{"@type":"ImageObject","@id":"https:\/\/heuer-cup.de\/#logo","inLanguage":"en-GB","url":"https:\/\/heuer-cup.de\/wp-content\/uploads\/2019\/01\/logo2.jpg","contentUrl":"https:\/\/heuer-cup.de\/wp-content\/uploads\/2019\/01\/logo2.jpg","width":750,"height":186,"caption":"Heuer Radsport"},"image":{"@id":"https:\/\/heuer-cup.de\/#logo"}},{"@type":"WebSite","@id":"https:\/\/heuer-cup.de\/#website","url":"https:\/\/heuer-cup.de\/","name":"Heuer Radsport","description":"Vollgas! oder einfach: Kette rechts","publisher":{"@id":"https:\/\/heuer-cup.de\/#organization"},"potentialAction":[{"@type":"SearchAction","target":{"@type":"EntryPoint","urlTemplate":"https:\/\/heuer-cup.de\/?s={search_term_string}"},"query-input":"required name=search_term_string"}],"inLanguage":"en-GB"},{"@type":"ImageObject","@id":"https:\/\/heuer-cup.de\/teamvorstellung\/team-baden-forchheim\/#primaryimage","inLanguage":"en-GB","url":"https:\/\/heuer-cup.eu\/userfiles\/images\/team\/2019\/Team%20Baden-Forchheim.jpg","contentUrl":"https:\/\/heuer-cup.eu\/userfiles\/images\/team\/2019\/Team%20Baden-Forchheim.jpg"},{"@type":"WebPage","@id":"https:\/\/heuer-cup.de\/teamvorstellung\/team-baden-forchheim\/#webpage","url":"https:\/\/heuer-cup.de\/teamvorstellung\/team-baden-forchheim\/","name":"Team Baden-Forchheim - der RSV Concordia Forchheim","isPartOf":{"@id":"https:\/\/heuer-cup.de\/#website"},"primaryImageOfPage":{"@id":"https:\/\/heuer-cup.de\/teamvorstellung\/team-baden-forchheim\/#primaryimage"},"datePublished":"2019-08-21T18:59:01+00:00","dateModified":"2019-09-09T13:39:07+00:00","description":"Team Baden-Forchheim - Das Team wird hierbei personell weitgehend unver\u00e4ndert am Start stehen, mit zwei Neuzug\u00e4ngen.","breadcrumb":{"@id":"https:\/\/heuer-cup.de\/teamvorstellung\/team-baden-forchheim\/#breadcrumb"},"inLanguage":"en-GB","potentialAction":[{"@type":"ReadAction","target":["https:\/\/heuer-cup.de\/teamvorstellung\/team-baden-forchheim\/"]}]},{"@type":"BreadcrumbList","@id":"https:\/\/heuer-cup.de\/teamvorstellung\/team-baden-forchheim\/#breadcrumb","itemListElement":[{"@type":"ListItem","position":1,"name":"Home","item":"https:\/\/heuer-cup.de\/"},{"@type":"ListItem","position":2,"name":"Teamvorstellung","item":"https:\/\/heuer-cup.de\/teamvorstellung\/"},{"@type":"ListItem","position":3,"name":"Team Baden-Forchheim"}]}]}},"_links":{"self":[{"href":"https:\/\/heuer-cup.de\/en\/wp-json\/wp\/v2\/pages\/4157"}],"collection":[{"href":"https:\/\/heuer-cup.de\/en\/wp-json\/wp\/v2\/pages"}],"about":[{"href":"https:\/\/heuer-cup.de\/en\/wp-json\/wp\/v2\/types\/page"}],"author":[{"embeddable":true,"href":"https:\/\/heuer-cup.de\/en\/wp-json\/wp\/v2\/users\/1"}],"replies":[{"embeddable":true,"href":"https:\/\/heuer-cup.de\/en\/wp-json\/wp\/v2\/comments?post=4157"}],"version-history":[{"count":2,"href":"https:\/\/heuer-cup.de\/en\/wp-json\/wp\/v2\/pages\/4157\/revisions"}],"predecessor-version":[{"id":4942,"href":"https:\/\/heuer-cup.de\/en\/wp-json\/wp\/v2\/pages\/4157\/revisions\/4942"}],"up":[{"embeddable":true,"href":"https:\/\/heuer-cup.de\/en\/wp-json\/wp\/v2\/pages\/4149"}],"wp:attachment":[{"href":"https:\/\/heuer-cup.de\/en\/wp-json\/wp\/v2\/media?parent=4157"}],"curies":[{"name":"wp","href":"https:\/\/api.w.org\/{rel}","templated":true}]}}