{"id":4153,"date":"2019-08-21T20:57:24","date_gmt":"2019-08-21T18:57:24","guid":{"rendered":"https:\/\/heuer-cup.de\/?page_id=4153"},"modified":"2019-09-09T15:41:17","modified_gmt":"2019-09-09T13:41:17","slug":"team-belle-stahlbau","status":"publish","type":"page","link":"https:\/\/heuer-cup.de\/en\/teamvorstellung\/team-belle-stahlbau\/","title":{"rendered":"Team Belle Stahlbau"},"content":{"rendered":"<div class=\"vc_row wpb_row vc_row-fluid\"><div class=\"wpb_column vc_column_container vc_col-sm-12\"><div class=\"vc_column-inner\"><div class=\"wpb_wrapper\">\n\t<div class=\"wpb_text_column wpb_content_element\" >\n\t\t<div class=\"wpb_wrapper\">\n\t\t\t<p>The RACING STUDENTS<\/p>\n<p>Unsere Teamphilosophie:<\/p>\n<p>Die Teamgr\u00fcnder Christoph Kindle und Alexander Gut entwickelten im Jahr 2008 das Konzept RACING STUDENTS, welches den Hochleistungssport, eine parallele Berufsausbildung sowie den engen Kontakt zur Wirtschaft vereint.<\/p>\n<p><img loading=\"lazy\" class=\"bild aligncenter\" title=\"Team Belle Stahlbau\" src=\"https:\/\/heuer-cup.eu\/userfiles\/images\/team\/2019\/Team%20Belle%202019.jpg\" alt=\"\" width=\"499\" height=\"306\" \/><\/p>\n<p>Junge Menschen werden schon w\u00e4hrend ihrer Schulzeit, ihrer Berufsausbildung oder ihres Studiums und ihrer Zeit als aktive Leistungssportler in Unternehmen eingegliedert. Die Unternehmen profitieren somit von einer interessanten Form der Personalbindung sowie Imagebildung. Attribute, wie gutes Zeitmanagement, Belastbarkeit, Durchsetzungsverm\u00f6gen und Teamf\u00e4higkeit sind gern gesehene St\u00e4rken der Rennfahrer von heute beziehungsweise der Mitarbeiter von morgen.<\/p>\n<p>Diese Vision wird von namhaften Ausr\u00fcstern, privatwirtschaftlichen Unternehmen sowie der Hochschulen Offenburg getragen. Das Team startet unter dem Namen Team BELLE Stahlbau.<\/p>\n<p>Sportlich ist das Konzept RACING STUDENTS in den vergangenen zehn Jahren das erfolgreichste Elite-Amateurteam Deutschlands. Es stehen \u00fcber 250 Siege im Elitebereich, sowie Top-Ten und Podestplatzierungen bei Deutschen Profimeisterschaften, der Studenten-Weltmeistertitel, Bundesligasiege, Landesmeistersiege und der zweite Platz in der Gesamteinzelwertung der Bundesliga zu buche.<\/p>\n<p><img loading=\"lazy\" class=\"bild aligncenter\" title=\"Team Belle Stahlbau Frauen\" src=\"https:\/\/heuer-cup.eu\/userfiles\/images\/team\/2019\/M%C3%A4dels%20Team%20Belle%202019.jpg\" alt=\"\" width=\"509\" height=\"338\" \/><\/p>\n<p>Neu dabei sind bei uns Frauen: Kerstin P\u00f6hl und Priska Ehmann. Beide kommen auch aus Stuttgart. Drei Freundinnen ein Team \ud83d\ude09 Mit einer neuen Zusammensetzung wollen wir wieder gemeinsam im Heuer Cup erfolgreich sein.<\/p>\n<p>Bild und Text: Jasmin Rebmann<\/p>\n\n\t\t<\/div>\n\t<\/div>\n<\/div><\/div><\/div><\/div>","protected":false},"excerpt":{"rendered":"The RACING STUDENTS Unsere Teamphilosophie: Die Teamgr\u00fcnder Christoph Kindle und Alexander Gut entwickelten im Jahr 2008 das Konzept RACING STUDENTS, welches den Hochleistungssport, eine parallele Berufsausbildung sowie den engen Kontakt zur Wirtschaft vereint. Junge Menschen werden schon w\u00e4hrend ihrer Schulzeit, ihrer Berufsausbildung oder ihres Studiums und ihrer Zeit als aktive Leistungssportler in Unternehmen eingegliedert. Die [...]","protected":false},"author":1,"featured_media":0,"parent":4149,"menu_order":0,"comment_status":"closed","ping_status":"closed","template":"","meta":[],"yoast_head":"<!-- This site is optimized with the Yoast SEO plugin v16.9 - https:\/\/yoast.com\/wordpress\/plugins\/seo\/ -->\n<title>Team Belle Stahlbau - The RACING STUDENTS<\/title>\n<meta name=\"description\" content=\"Team Belle Stahlbau - Die Teamgr\u00fcnder Christoph Kindle und Alexander Gut entwickelten im Jahr 2008 das Konzept RACING STUDENTS.\" \/>\n<meta name=\"robots\" content=\"index, follow, max-snippet:-1, max-image-preview:large, max-video-preview:-1\" \/>\n<link rel=\"canonical\" href=\"https:\/\/heuer-cup.de\/en\/teamvorstellung\/team-belle-stahlbau\/\" \/>\n<meta property=\"og:locale\" content=\"en_GB\" \/>\n<meta property=\"og:type\" content=\"article\" \/>\n<meta property=\"og:title\" content=\"Team Belle Stahlbau - The RACING STUDENTS\" \/>\n<meta property=\"og:description\" content=\"Team Belle Stahlbau - Die Teamgr\u00fcnder Christoph Kindle und Alexander Gut entwickelten im Jahr 2008 das Konzept RACING STUDENTS.\" \/>\n<meta property=\"og:url\" content=\"https:\/\/heuer-cup.de\/en\/teamvorstellung\/team-belle-stahlbau\/\" \/>\n<meta property=\"og:site_name\" content=\"HEUER-Cup\" \/>\n<meta property=\"article:publisher\" content=\"https:\/\/www.facebook.com\/HeuerCup\/\" \/>\n<meta property=\"article:modified_time\" content=\"2019-09-09T13:41:17+00:00\" \/>\n<meta property=\"og:image\" content=\"https:\/\/heuer-cup.eu\/userfiles\/images\/team\/2019\/Team%20Belle%202019.jpg\" \/>\n<meta name=\"twitter:card\" content=\"summary_large_image\" \/>\n<meta name=\"twitter:site\" content=\"@Heuer_Cup\" \/>\n<meta name=\"twitter:label1\" content=\"Estimated reading time\" \/>\n\t<meta name=\"twitter:data1\" content=\"1 minute\" \/>\n<script type=\"application\/ld+json\" class=\"yoast-schema-graph\">{\"@context\":\"https:\/\/schema.org\",\"@graph\":[{\"@type\":\"Organization\",\"@id\":\"https:\/\/heuer-cup.de\/#organization\",\"name\":\"Heuer Radsport\",\"url\":\"https:\/\/heuer-cup.de\/\",\"sameAs\":[\"https:\/\/www.facebook.com\/HeuerCup\/\",\"https:\/\/www.instagram.com\/heuer_cup\/\",\"https:\/\/www.youtube.com\/channel\/UCuFkVFhY376_zRGfw_0Oy-Q\",\"https:\/\/twitter.com\/Heuer_Cup\"],\"logo\":{\"@type\":\"ImageObject\",\"@id\":\"https:\/\/heuer-cup.de\/#logo\",\"inLanguage\":\"en-GB\",\"url\":\"https:\/\/heuer-cup.de\/wp-content\/uploads\/2019\/01\/logo2.jpg\",\"contentUrl\":\"https:\/\/heuer-cup.de\/wp-content\/uploads\/2019\/01\/logo2.jpg\",\"width\":750,\"height\":186,\"caption\":\"Heuer Radsport\"},\"image\":{\"@id\":\"https:\/\/heuer-cup.de\/#logo\"}},{\"@type\":\"WebSite\",\"@id\":\"https:\/\/heuer-cup.de\/#website\",\"url\":\"https:\/\/heuer-cup.de\/\",\"name\":\"Heuer Radsport\",\"description\":\"Vollgas! oder einfach: Kette rechts\",\"publisher\":{\"@id\":\"https:\/\/heuer-cup.de\/#organization\"},\"potentialAction\":[{\"@type\":\"SearchAction\",\"target\":{\"@type\":\"EntryPoint\",\"urlTemplate\":\"https:\/\/heuer-cup.de\/?s={search_term_string}\"},\"query-input\":\"required name=search_term_string\"}],\"inLanguage\":\"en-GB\"},{\"@type\":\"ImageObject\",\"@id\":\"https:\/\/heuer-cup.de\/teamvorstellung\/team-belle-stahlbau\/#primaryimage\",\"inLanguage\":\"en-GB\",\"url\":\"https:\/\/heuer-cup.eu\/userfiles\/images\/team\/2019\/Team%20Belle%202019.jpg\",\"contentUrl\":\"https:\/\/heuer-cup.eu\/userfiles\/images\/team\/2019\/Team%20Belle%202019.jpg\"},{\"@type\":\"WebPage\",\"@id\":\"https:\/\/heuer-cup.de\/teamvorstellung\/team-belle-stahlbau\/#webpage\",\"url\":\"https:\/\/heuer-cup.de\/teamvorstellung\/team-belle-stahlbau\/\",\"name\":\"Team Belle Stahlbau - The RACING STUDENTS\",\"isPartOf\":{\"@id\":\"https:\/\/heuer-cup.de\/#website\"},\"primaryImageOfPage\":{\"@id\":\"https:\/\/heuer-cup.de\/teamvorstellung\/team-belle-stahlbau\/#primaryimage\"},\"datePublished\":\"2019-08-21T18:57:24+00:00\",\"dateModified\":\"2019-09-09T13:41:17+00:00\",\"description\":\"Team Belle Stahlbau - Die Teamgr\\u00fcnder Christoph Kindle und Alexander Gut entwickelten im Jahr 2008 das Konzept RACING STUDENTS.\",\"breadcrumb\":{\"@id\":\"https:\/\/heuer-cup.de\/teamvorstellung\/team-belle-stahlbau\/#breadcrumb\"},\"inLanguage\":\"en-GB\",\"potentialAction\":[{\"@type\":\"ReadAction\",\"target\":[\"https:\/\/heuer-cup.de\/teamvorstellung\/team-belle-stahlbau\/\"]}]},{\"@type\":\"BreadcrumbList\",\"@id\":\"https:\/\/heuer-cup.de\/teamvorstellung\/team-belle-stahlbau\/#breadcrumb\",\"itemListElement\":[{\"@type\":\"ListItem\",\"position\":1,\"name\":\"Home\",\"item\":\"https:\/\/heuer-cup.de\/\"},{\"@type\":\"ListItem\",\"position\":2,\"name\":\"Teamvorstellung\",\"item\":\"https:\/\/heuer-cup.de\/teamvorstellung\/\"},{\"@type\":\"ListItem\",\"position\":3,\"name\":\"Team Belle Stahlbau\"}]}]}<\/script>\n<!-- \/ Yoast SEO plugin. -->","yoast_head_json":{"title":"Team Belle Stahlbau - The RACING STUDENTS","description":"Team Belle Stahlbau - Die Teamgr\u00fcnder Christoph Kindle und Alexander Gut entwickelten im Jahr 2008 das Konzept RACING STUDENTS.","robots":{"index":"index","follow":"follow","max-snippet":"max-snippet:-1","max-image-preview":"max-image-preview:large","max-video-preview":"max-video-preview:-1"},"canonical":"https:\/\/heuer-cup.de\/en\/teamvorstellung\/team-belle-stahlbau\/","og_locale":"en_GB","og_type":"article","og_title":"Team Belle Stahlbau - The RACING STUDENTS","og_description":"Team Belle Stahlbau - Die Teamgr\u00fcnder Christoph Kindle und Alexander Gut entwickelten im Jahr 2008 das Konzept RACING STUDENTS.","og_url":"https:\/\/heuer-cup.de\/en\/teamvorstellung\/team-belle-stahlbau\/","og_site_name":"HEUER-Cup","article_publisher":"https:\/\/www.facebook.com\/HeuerCup\/","article_modified_time":"2019-09-09T13:41:17+00:00","og_image":[{"url":"https:\/\/heuer-cup.eu\/userfiles\/images\/team\/2019\/Team%20Belle%202019.jpg"}],"twitter_card":"summary_large_image","twitter_site":"@Heuer_Cup","twitter_misc":{"Estimated reading time":"1 minute"},"schema":{"@context":"https:\/\/schema.org","@graph":[{"@type":"Organization","@id":"https:\/\/heuer-cup.de\/#organization","name":"Heuer Radsport","url":"https:\/\/heuer-cup.de\/","sameAs":["https:\/\/www.facebook.com\/HeuerCup\/","https:\/\/www.instagram.com\/heuer_cup\/","https:\/\/www.youtube.com\/channel\/UCuFkVFhY376_zRGfw_0Oy-Q","https:\/\/twitter.com\/Heuer_Cup"],"logo":{"@type":"ImageObject","@id":"https:\/\/heuer-cup.de\/#logo","inLanguage":"en-GB","url":"https:\/\/heuer-cup.de\/wp-content\/uploads\/2019\/01\/logo2.jpg","contentUrl":"https:\/\/heuer-cup.de\/wp-content\/uploads\/2019\/01\/logo2.jpg","width":750,"height":186,"caption":"Heuer Radsport"},"image":{"@id":"https:\/\/heuer-cup.de\/#logo"}},{"@type":"WebSite","@id":"https:\/\/heuer-cup.de\/#website","url":"https:\/\/heuer-cup.de\/","name":"Heuer Radsport","description":"Vollgas! oder einfach: Kette rechts","publisher":{"@id":"https:\/\/heuer-cup.de\/#organization"},"potentialAction":[{"@type":"SearchAction","target":{"@type":"EntryPoint","urlTemplate":"https:\/\/heuer-cup.de\/?s={search_term_string}"},"query-input":"required name=search_term_string"}],"inLanguage":"en-GB"},{"@type":"ImageObject","@id":"https:\/\/heuer-cup.de\/teamvorstellung\/team-belle-stahlbau\/#primaryimage","inLanguage":"en-GB","url":"https:\/\/heuer-cup.eu\/userfiles\/images\/team\/2019\/Team%20Belle%202019.jpg","contentUrl":"https:\/\/heuer-cup.eu\/userfiles\/images\/team\/2019\/Team%20Belle%202019.jpg"},{"@type":"WebPage","@id":"https:\/\/heuer-cup.de\/teamvorstellung\/team-belle-stahlbau\/#webpage","url":"https:\/\/heuer-cup.de\/teamvorstellung\/team-belle-stahlbau\/","name":"Team Belle Stahlbau - The RACING STUDENTS","isPartOf":{"@id":"https:\/\/heuer-cup.de\/#website"},"primaryImageOfPage":{"@id":"https:\/\/heuer-cup.de\/teamvorstellung\/team-belle-stahlbau\/#primaryimage"},"datePublished":"2019-08-21T18:57:24+00:00","dateModified":"2019-09-09T13:41:17+00:00","description":"Team Belle Stahlbau - Die Teamgr\u00fcnder Christoph Kindle und Alexander Gut entwickelten im Jahr 2008 das Konzept RACING STUDENTS.","breadcrumb":{"@id":"https:\/\/heuer-cup.de\/teamvorstellung\/team-belle-stahlbau\/#breadcrumb"},"inLanguage":"en-GB","potentialAction":[{"@type":"ReadAction","target":["https:\/\/heuer-cup.de\/teamvorstellung\/team-belle-stahlbau\/"]}]},{"@type":"BreadcrumbList","@id":"https:\/\/heuer-cup.de\/teamvorstellung\/team-belle-stahlbau\/#breadcrumb","itemListElement":[{"@type":"ListItem","position":1,"name":"Home","item":"https:\/\/heuer-cup.de\/"},{"@type":"ListItem","position":2,"name":"Teamvorstellung","item":"https:\/\/heuer-cup.de\/teamvorstellung\/"},{"@type":"ListItem","position":3,"name":"Team Belle Stahlbau"}]}]}},"_links":{"self":[{"href":"https:\/\/heuer-cup.de\/en\/wp-json\/wp\/v2\/pages\/4153"}],"collection":[{"href":"https:\/\/heuer-cup.de\/en\/wp-json\/wp\/v2\/pages"}],"about":[{"href":"https:\/\/heuer-cup.de\/en\/wp-json\/wp\/v2\/types\/page"}],"author":[{"embeddable":true,"href":"https:\/\/heuer-cup.de\/en\/wp-json\/wp\/v2\/users\/1"}],"replies":[{"embeddable":true,"href":"https:\/\/heuer-cup.de\/en\/wp-json\/wp\/v2\/comments?post=4153"}],"version-history":[{"count":2,"href":"https:\/\/heuer-cup.de\/en\/wp-json\/wp\/v2\/pages\/4153\/revisions"}],"predecessor-version":[{"id":4943,"href":"https:\/\/heuer-cup.de\/en\/wp-json\/wp\/v2\/pages\/4153\/revisions\/4943"}],"up":[{"embeddable":true,"href":"https:\/\/heuer-cup.de\/en\/wp-json\/wp\/v2\/pages\/4149"}],"wp:attachment":[{"href":"https:\/\/heuer-cup.de\/en\/wp-json\/wp\/v2\/media?parent=4153"}],"curies":[{"name":"wp","href":"https:\/\/api.w.org\/{rel}","templated":true}]}}