{"id":4149,"date":"2019-08-21T20:55:16","date_gmt":"2019-08-21T18:55:16","guid":{"rendered":"https:\/\/heuer-cup.de\/?page_id=4149"},"modified":"2019-09-09T15:30:37","modified_gmt":"2019-09-09T13:30:37","slug":"teamvorstellung","status":"publish","type":"page","link":"https:\/\/heuer-cup.de\/en\/teamvorstellung\/","title":{"rendered":"Teamvorstellung"},"content":{"rendered":"<div class=\"vc_row wpb_row vc_row-fluid\"><div class=\"wpb_column vc_column_container vc_col-sm-12\"><div class=\"vc_column-inner\"><div class=\"wpb_wrapper\">\n\t<div class=\"wpb_text_column wpb_content_element\" >\n\t\t<div class=\"wpb_wrapper\">\n\t\t\t<p>Im HEUER-Cup wollen wir auch im Jahr 2019 gerne unsere Teams und die Starter pr\u00e4sentieren.<\/p>\n<p>&nbsp;<\/p>\n<p><img loading=\"lazy\" class=\"bild aligncenter\" title=\"HEUER-Cup 2019\" src=\"https:\/\/heuer-cup.eu\/userfiles\/images\/banner2019.JPG\" alt=\"\" width=\"516\" height=\"109\" \/><\/p>\n<p>&nbsp;<\/p>\n<p>Wir ver\u00f6ffentlichen hier Informationen und Bilder zu den Teams, den Fahrerinnen und den Fahrern, die gesteckte Ziele. Wir m\u00f6chten gerne wissen, wie die Teams entstanden sind, welche Sponsoren die Teams unterst\u00fctzen. Wir wollen Euch kennen lernen. Wir feuen uns auf regen R\u00fccklauf.<\/p>\n<p>&nbsp;<\/p>\n<p><img loading=\"lazy\" class=\"bild aligncenter\" title=\"Starter ohne Gesicht\" src=\"https:\/\/heuer-cup.eu\/userfiles\/images\/team\/2019\/IMG_5623.JPG\" width=\"455\" height=\"341\" \/><\/p>\n<p>&nbsp;<\/p>\n<p>Hier erhalten die Fahrerinnen und Fahrer im HEUER-Cup ein Profil.\u00a0<strong>Vollgas!<\/strong><\/p>\n<p>&nbsp;<\/p>\n<div class=\"tplge_submenu\">\n<h4><\/h4>\n<ul class=\"submenu\">\n<li class=\"doc\"><a href=\"https:\/\/heuer-cup.de\/en\/teamvorstellung\/team-albstadt\/\">Team Albstadt<\/a><\/li>\n<li class=\"doc\"><a href=\"https:\/\/heuer-cup.de\/en\/teamvorstellung\/team-belle-stahlbau\/\">Team Belle Stahlbau<\/a><\/li>\n<li class=\"doc\"><a href=\"https:\/\/heuer-cup.de\/en\/teamvorstellung\/team-rsc-donaueschingen\/\">Team RSC Donaueschingen<\/a><\/li>\n<li class=\"doc\"><a href=\"https:\/\/heuer-cup.de\/en\/teamvorstellung\/team-baden-forchheim\/\">Team Baden-Forchheim<\/a><\/li>\n<li class=\"doc\"><a href=\"https:\/\/heuer-cup.de\/en\/teamvorstellung\/activity-racing-team\/\">Activity-Racing-Team<\/a><\/li>\n<li class=\"doc\"><a href=\"https:\/\/heuer-cup.de\/en\/teamvorstellung\/bikebeat-racing-team\/\">Bikebeat Racing Team<\/a><\/li>\n<\/ul>\n<\/div>\n\n\t\t<\/div>\n\t<\/div>\n<\/div><\/div><\/div><\/div>","protected":false},"excerpt":{"rendered":"Im HEUER-Cup wollen wir auch im Jahr 2019 gerne unsere Teams und die Starter pr\u00e4sentieren. &nbsp; &nbsp; Wir ver\u00f6ffentlichen hier Informationen und Bilder zu den Teams, den Fahrerinnen und den Fahrern, die gesteckte Ziele. Wir m\u00f6chten gerne wissen, wie die Teams entstanden sind, welche Sponsoren die Teams unterst\u00fctzen. Wir wollen Euch kennen lernen. Wir feuen [...]","protected":false},"author":1,"featured_media":0,"parent":0,"menu_order":0,"comment_status":"closed","ping_status":"closed","template":"","meta":[],"yoast_head":"<!-- This site is optimized with the Yoast SEO plugin v16.9 - https:\/\/yoast.com\/wordpress\/plugins\/seo\/ -->\n<title>Teamvorstellung - Informationen zu den verschiedenen Teams<\/title>\n<meta name=\"description\" content=\"Teamvorstellung -wir auch im Jahr 2019 gerne unsere Teams und die Starter pr\u00e4sentieren. hier ver\u00f6ffentlichen die Informationen und Bilder.\" \/>\n<meta name=\"robots\" content=\"index, follow, max-snippet:-1, max-image-preview:large, max-video-preview:-1\" \/>\n<link rel=\"canonical\" href=\"https:\/\/heuer-cup.de\/en\/teamvorstellung\/\" \/>\n<meta property=\"og:locale\" content=\"en_GB\" \/>\n<meta property=\"og:type\" content=\"article\" \/>\n<meta property=\"og:title\" content=\"Teamvorstellung - Informationen zu den verschiedenen Teams\" \/>\n<meta property=\"og:description\" content=\"Teamvorstellung -wir auch im Jahr 2019 gerne unsere Teams und die Starter pr\u00e4sentieren. hier ver\u00f6ffentlichen die Informationen und Bilder.\" \/>\n<meta property=\"og:url\" content=\"https:\/\/heuer-cup.de\/en\/teamvorstellung\/\" \/>\n<meta property=\"og:site_name\" content=\"HEUER-Cup\" \/>\n<meta property=\"article:publisher\" content=\"https:\/\/www.facebook.com\/HeuerCup\/\" \/>\n<meta property=\"article:modified_time\" content=\"2019-09-09T13:30:37+00:00\" \/>\n<meta property=\"og:image\" content=\"https:\/\/heuer-cup.eu\/userfiles\/images\/banner2019.JPG\" \/>\n<meta name=\"twitter:card\" content=\"summary_large_image\" \/>\n<meta name=\"twitter:site\" content=\"@Heuer_Cup\" \/>\n<meta name=\"twitter:label1\" content=\"Estimated reading time\" \/>\n\t<meta name=\"twitter:data1\" content=\"1 minute\" \/>\n<script type=\"application\/ld+json\" class=\"yoast-schema-graph\">{\"@context\":\"https:\/\/schema.org\",\"@graph\":[{\"@type\":\"Organization\",\"@id\":\"https:\/\/heuer-cup.de\/#organization\",\"name\":\"Heuer Radsport\",\"url\":\"https:\/\/heuer-cup.de\/\",\"sameAs\":[\"https:\/\/www.facebook.com\/HeuerCup\/\",\"https:\/\/www.instagram.com\/heuer_cup\/\",\"https:\/\/www.youtube.com\/channel\/UCuFkVFhY376_zRGfw_0Oy-Q\",\"https:\/\/twitter.com\/Heuer_Cup\"],\"logo\":{\"@type\":\"ImageObject\",\"@id\":\"https:\/\/heuer-cup.de\/#logo\",\"inLanguage\":\"en-GB\",\"url\":\"https:\/\/heuer-cup.de\/wp-content\/uploads\/2019\/01\/logo2.jpg\",\"contentUrl\":\"https:\/\/heuer-cup.de\/wp-content\/uploads\/2019\/01\/logo2.jpg\",\"width\":750,\"height\":186,\"caption\":\"Heuer Radsport\"},\"image\":{\"@id\":\"https:\/\/heuer-cup.de\/#logo\"}},{\"@type\":\"WebSite\",\"@id\":\"https:\/\/heuer-cup.de\/#website\",\"url\":\"https:\/\/heuer-cup.de\/\",\"name\":\"Heuer Radsport\",\"description\":\"Vollgas! oder einfach: Kette rechts\",\"publisher\":{\"@id\":\"https:\/\/heuer-cup.de\/#organization\"},\"potentialAction\":[{\"@type\":\"SearchAction\",\"target\":{\"@type\":\"EntryPoint\",\"urlTemplate\":\"https:\/\/heuer-cup.de\/?s={search_term_string}\"},\"query-input\":\"required name=search_term_string\"}],\"inLanguage\":\"en-GB\"},{\"@type\":\"ImageObject\",\"@id\":\"https:\/\/heuer-cup.de\/teamvorstellung\/#primaryimage\",\"inLanguage\":\"en-GB\",\"url\":\"https:\/\/heuer-cup.eu\/userfiles\/images\/banner2019.JPG\",\"contentUrl\":\"https:\/\/heuer-cup.eu\/userfiles\/images\/banner2019.JPG\"},{\"@type\":\"WebPage\",\"@id\":\"https:\/\/heuer-cup.de\/teamvorstellung\/#webpage\",\"url\":\"https:\/\/heuer-cup.de\/teamvorstellung\/\",\"name\":\"Teamvorstellung - Informationen zu den verschiedenen Teams\",\"isPartOf\":{\"@id\":\"https:\/\/heuer-cup.de\/#website\"},\"primaryImageOfPage\":{\"@id\":\"https:\/\/heuer-cup.de\/teamvorstellung\/#primaryimage\"},\"datePublished\":\"2019-08-21T18:55:16+00:00\",\"dateModified\":\"2019-09-09T13:30:37+00:00\",\"description\":\"Teamvorstellung -wir auch im Jahr 2019 gerne unsere Teams und die Starter pr\\u00e4sentieren. hier ver\\u00f6ffentlichen die Informationen und Bilder.\",\"breadcrumb\":{\"@id\":\"https:\/\/heuer-cup.de\/teamvorstellung\/#breadcrumb\"},\"inLanguage\":\"en-GB\",\"potentialAction\":[{\"@type\":\"ReadAction\",\"target\":[\"https:\/\/heuer-cup.de\/teamvorstellung\/\"]}]},{\"@type\":\"BreadcrumbList\",\"@id\":\"https:\/\/heuer-cup.de\/teamvorstellung\/#breadcrumb\",\"itemListElement\":[{\"@type\":\"ListItem\",\"position\":1,\"name\":\"Home\",\"item\":\"https:\/\/heuer-cup.de\/\"},{\"@type\":\"ListItem\",\"position\":2,\"name\":\"Teamvorstellung\"}]}]}<\/script>\n<!-- \/ Yoast SEO plugin. -->","yoast_head_json":{"title":"Teamvorstellung - Informationen zu den verschiedenen Teams","description":"Teamvorstellung -wir auch im Jahr 2019 gerne unsere Teams und die Starter pr\u00e4sentieren. hier ver\u00f6ffentlichen die Informationen und Bilder.","robots":{"index":"index","follow":"follow","max-snippet":"max-snippet:-1","max-image-preview":"max-image-preview:large","max-video-preview":"max-video-preview:-1"},"canonical":"https:\/\/heuer-cup.de\/en\/teamvorstellung\/","og_locale":"en_GB","og_type":"article","og_title":"Teamvorstellung - Informationen zu den verschiedenen Teams","og_description":"Teamvorstellung -wir auch im Jahr 2019 gerne unsere Teams und die Starter pr\u00e4sentieren. hier ver\u00f6ffentlichen die Informationen und Bilder.","og_url":"https:\/\/heuer-cup.de\/en\/teamvorstellung\/","og_site_name":"HEUER-Cup","article_publisher":"https:\/\/www.facebook.com\/HeuerCup\/","article_modified_time":"2019-09-09T13:30:37+00:00","og_image":[{"url":"https:\/\/heuer-cup.eu\/userfiles\/images\/banner2019.JPG"}],"twitter_card":"summary_large_image","twitter_site":"@Heuer_Cup","twitter_misc":{"Estimated reading time":"1 minute"},"schema":{"@context":"https:\/\/schema.org","@graph":[{"@type":"Organization","@id":"https:\/\/heuer-cup.de\/#organization","name":"Heuer Radsport","url":"https:\/\/heuer-cup.de\/","sameAs":["https:\/\/www.facebook.com\/HeuerCup\/","https:\/\/www.instagram.com\/heuer_cup\/","https:\/\/www.youtube.com\/channel\/UCuFkVFhY376_zRGfw_0Oy-Q","https:\/\/twitter.com\/Heuer_Cup"],"logo":{"@type":"ImageObject","@id":"https:\/\/heuer-cup.de\/#logo","inLanguage":"en-GB","url":"https:\/\/heuer-cup.de\/wp-content\/uploads\/2019\/01\/logo2.jpg","contentUrl":"https:\/\/heuer-cup.de\/wp-content\/uploads\/2019\/01\/logo2.jpg","width":750,"height":186,"caption":"Heuer Radsport"},"image":{"@id":"https:\/\/heuer-cup.de\/#logo"}},{"@type":"WebSite","@id":"https:\/\/heuer-cup.de\/#website","url":"https:\/\/heuer-cup.de\/","name":"Heuer Radsport","description":"Vollgas! oder einfach: Kette rechts","publisher":{"@id":"https:\/\/heuer-cup.de\/#organization"},"potentialAction":[{"@type":"SearchAction","target":{"@type":"EntryPoint","urlTemplate":"https:\/\/heuer-cup.de\/?s={search_term_string}"},"query-input":"required name=search_term_string"}],"inLanguage":"en-GB"},{"@type":"ImageObject","@id":"https:\/\/heuer-cup.de\/teamvorstellung\/#primaryimage","inLanguage":"en-GB","url":"https:\/\/heuer-cup.eu\/userfiles\/images\/banner2019.JPG","contentUrl":"https:\/\/heuer-cup.eu\/userfiles\/images\/banner2019.JPG"},{"@type":"WebPage","@id":"https:\/\/heuer-cup.de\/teamvorstellung\/#webpage","url":"https:\/\/heuer-cup.de\/teamvorstellung\/","name":"Teamvorstellung - Informationen zu den verschiedenen Teams","isPartOf":{"@id":"https:\/\/heuer-cup.de\/#website"},"primaryImageOfPage":{"@id":"https:\/\/heuer-cup.de\/teamvorstellung\/#primaryimage"},"datePublished":"2019-08-21T18:55:16+00:00","dateModified":"2019-09-09T13:30:37+00:00","description":"Teamvorstellung -wir auch im Jahr 2019 gerne unsere Teams und die Starter pr\u00e4sentieren. hier ver\u00f6ffentlichen die Informationen und Bilder.","breadcrumb":{"@id":"https:\/\/heuer-cup.de\/teamvorstellung\/#breadcrumb"},"inLanguage":"en-GB","potentialAction":[{"@type":"ReadAction","target":["https:\/\/heuer-cup.de\/teamvorstellung\/"]}]},{"@type":"BreadcrumbList","@id":"https:\/\/heuer-cup.de\/teamvorstellung\/#breadcrumb","itemListElement":[{"@type":"ListItem","position":1,"name":"Home","item":"https:\/\/heuer-cup.de\/"},{"@type":"ListItem","position":2,"name":"Teamvorstellung"}]}]}},"_links":{"self":[{"href":"https:\/\/heuer-cup.de\/en\/wp-json\/wp\/v2\/pages\/4149"}],"collection":[{"href":"https:\/\/heuer-cup.de\/en\/wp-json\/wp\/v2\/pages"}],"about":[{"href":"https:\/\/heuer-cup.de\/en\/wp-json\/wp\/v2\/types\/page"}],"author":[{"embeddable":true,"href":"https:\/\/heuer-cup.de\/en\/wp-json\/wp\/v2\/users\/1"}],"replies":[{"embeddable":true,"href":"https:\/\/heuer-cup.de\/en\/wp-json\/wp\/v2\/comments?post=4149"}],"version-history":[{"count":2,"href":"https:\/\/heuer-cup.de\/en\/wp-json\/wp\/v2\/pages\/4149\/revisions"}],"predecessor-version":[{"id":4939,"href":"https:\/\/heuer-cup.de\/en\/wp-json\/wp\/v2\/pages\/4149\/revisions\/4939"}],"wp:attachment":[{"href":"https:\/\/heuer-cup.de\/en\/wp-json\/wp\/v2\/media?parent=4149"}],"curies":[{"name":"wp","href":"https:\/\/api.w.org\/{rel}","templated":true}]}}