{"id":4131,"date":"2019-08-21T20:49:13","date_gmt":"2019-08-21T18:49:13","guid":{"rendered":"https:\/\/heuer-cup.de\/?page_id=4131"},"modified":"2020-01-05T16:55:16","modified_gmt":"2020-01-05T15:55:16","slug":"1-etappe-rund-um-schoenaich","status":"publish","type":"page","link":"https:\/\/heuer-cup.de\/en\/ergebnisse-im-heuer-cup\/1-etappe-rund-um-schoenaich\/","title":{"rendered":"1. Etappe &#8211; Rund um Sch\u00f6naich"},"content":{"rendered":"<div class=\"vc_row wpb_row vc_row-fluid\"><div class=\"wpb_column vc_column_container vc_col-sm-12\"><div class=\"vc_column-inner\"><div class=\"wpb_wrapper\">\n\t<div class=\"wpb_text_column wpb_content_element\" >\n\t\t<div class=\"wpb_wrapper\">\n\t\t\t<p><strong>Erste Etappe des\u00a0<a href=\"http:\/\/www.rsc-schoenaich.de\/\" target=\"_blank\" rel=\"noopener noreferrer\">RSC Sch\u00f6naich<\/a>\u00a0im HEUER-Cup 2019<br \/>\n<span class=\"detail\">Mo, 22.04.2019<br \/>\n<\/span><\/strong><\/p>\n<p>&nbsp;<\/p>\n<p><a href=\"http:\/\/www.rsc-schoenaich.de\/index.php\/heuer-cup\" target=\"_blank\" rel=\"noopener noreferrer\"><strong><span class=\"detail\"><img loading=\"lazy\" class=\"aligncenter\" title=\"RSC Sch\u00f6naich\" src=\"https:\/\/heuer-cup.eu\/userfiles\/images\/Vereine\/SchA%E2%95%A0%C3%A2%E2%94%AC%C3%82naich\/SchA%E2%95%A0%C3%A2%E2%94%AC%C3%82naich.jpg\" width=\"150\" height=\"108\" \/><\/span><\/strong><\/a><\/p>\n<p><strong>Tagesergebnisse alle Fahrer<\/strong><\/p>\n<ul>\n<li><a href=\"https:\/\/heuer-cup.de\/wp-content\/uploads\/Ergebnisse-Schoenaich\/KT-und-Elite.pdf\" target=\"_blank\" rel=\"noopener noreferrer\">M\u00e4nner Elite (KT \/ AB)<\/a><\/li>\n<li><a href=\"https:\/\/heuer-cup.de\/wp-content\/uploads\/Ergebnisse-Schoenaich\/Frauen.pdf\" target=\"_blank\" rel=\"noopener noreferrer\">Frauen Elite<\/a><\/li>\n<li><a href=\"https:\/\/heuer-cup.de\/wp-content\/uploads\/Ergebnisse-Schoenaich\/Amateure.pdf\" target=\"_blank\" rel=\"noopener noreferrer\">M\u00e4nner Amateure<\/a><\/li>\n<li><a href=\"https:\/\/heuer-cup.de\/wp-content\/uploads\/Ergebnisse-Schoenaich\/Senioren-3.pdf\" target=\"_blank\" rel=\"noopener noreferrer\">Senioren 3 (am Renntag nicht in der HEUER-Cup Wertung)<\/a><\/li>\n<li><a href=\"https:\/\/heuer-cup.de\/wp-content\/uploads\/Ergebnisse-Schoenaich\/Junioren-U19.pdf\" target=\"_blank\" rel=\"noopener noreferrer\">Junioren U19<\/a><\/li>\n<li><a href=\"https:\/\/heuer-cup.de\/wp-content\/uploads\/Ergebnisse-Schoenaich\/Juniorinnen-U19.pdf\" target=\"_blank\" rel=\"noopener noreferrer\">Juniorinnen U19<\/a><\/li>\n<li><a href=\"https:\/\/heuer-cup.de\/wp-content\/uploads\/Ergebnisse-Schoenaich\/Jugend-m\u00e4nnlich-U17.pdf\" target=\"_blank\" rel=\"noopener noreferrer\">U17 Jugend m\u00e4nnlich<\/a><\/li>\n<li><a href=\"https:\/\/heuer-cup.de\/wp-content\/uploads\/Ergebnisse-Schoenaich\/Jugend-weiblich-U17.pdf\" target=\"_blank\" rel=\"noopener noreferrer\">U17 Jugend weiblich<\/a><\/li>\n<li><a href=\"https:\/\/heuer-cup.de\/wp-content\/uploads\/Ergebnisse-Schoenaich\/Sch\u00fcler-U15.pdf\" target=\"_blank\" rel=\"noopener noreferrer\">Sch\u00fcler U15<\/a><\/li>\n<\/ul>\n<p><strong>Gesamtklassement nach der 1. Etappe<\/strong><\/p>\n<ul>\n<li><a href=\"https:\/\/heuer-cup.de\/wp-content\/uploads\/Ergebnisse-Schoenaich\/Erg_HeuerCup_2019-Elite-1.pdf\" target=\"_blank\" rel=\"noopener noreferrer\">M\u00e4nner Elite<\/a><\/li>\n<li><a href=\"https:\/\/heuer-cup.de\/wp-content\/uploads\/Ergebnisse-Schoenaich\/Erg_HeuerCup_2019-Frauen-1.pdf\" target=\"_blank\" rel=\"noopener noreferrer\">Frauen Elite<\/a><\/li>\n<li><a href=\"https:\/\/heuer-cup.de\/wp-content\/uploads\/Ergebnisse-Schoenaich\/Erg_HeuerCup_2019-Amateure-1.pdf\" target=\"_blank\" rel=\"noopener noreferrer\">M\u00e4nner Amateure<\/a><\/li>\n<li><a href=\"https:\/\/heuer-cup.de\/wp-content\/uploads\/Ergebnisse-Schoenaich\/Erg_HeuerCup_2019-Nachwuchs-1.pdf\" target=\"_blank\" rel=\"noopener noreferrer\">Nachwuchs<\/a><\/li>\n<li><a href=\"https:\/\/heuer-cup.de\/wp-content\/uploads\/Ergebnisse-Schoenaich\/Erg_HeuerCup_2019-Mannschaft-1.pdf\" target=\"_blank\" rel=\"noopener noreferrer\">Mannschaften<\/a><\/li>\n<\/ul>\n<p><strong><br \/>\nBerichte zum Radrennen 2019:<\/strong><\/p>\n<ul>\n<li><a href=\"https:\/\/www.gaeubote.de\/gb_11_111699470-24-_Verband-adelt-Rund-um-Schoenaich-.html\" target=\"_blank\" rel=\"noopener noreferrer\">G\u00e4ubote am 20.04.2019<\/a><\/li>\n<li><a href=\"https:\/\/wrsv.de\/olympischer-radsport\/strasse\/news\/1721-viel-lob-fuer-45-ausgabe-von-rund-um-schoenaich-und-heuer-cup-auftakt-2019-erste-spitzenreiter-stehen-fest-22-04-19?fbclid=IwAR2jdEZaqCLGew_xSwbod3WzFqwaNpXCrjubSehStSnlw7Z0TZxO2D8XDmA\" target=\"_blank\" rel=\"noopener noreferrer\">WRSV<\/a><\/li>\n<li><a href=\"https:\/\/www.ardmediathek.de\/ard\/player\/Y3JpZDovL3N3ci5kZS9hZXgvbzExMTMyMjQ\/\" target=\"_blank\" rel=\"noopener noreferrer\">ARD-Mediatek<\/a><\/li>\n<li><a href=\"https:\/\/www.krzbb.de\/krz_56_111700296-13-_Rund-um-Schoenaich-Brandau-Zweite-Vogt-Dritter.html\" target=\"_blank\" rel=\"noopener noreferrer\">B\u00f6blinger Bote<\/a><\/li>\n<\/ul>\n<p>&nbsp;<\/p>\n<p><strong>Die Presse von 2018:<\/strong><\/p>\n<ul>\n<li><a href=\"https:\/\/www.wrsv.de\/olympischer-radsport\/strasse\/news\/1487-schoenaicher-ostermontags-klassiker-eroeffnet-heuer-cup-44-rund-um-schoenaich-stark-besetzt-03-04-18\" target=\"_blank\" rel=\"noopener noreferrer\">WRSV<\/a><\/li>\n<li><a href=\"https:\/\/www.bbheute.de\/nachrichten\/schoenaich-freut-sich-auf-den-radklassiker-31-3-2018\/\" target=\"_blank\" rel=\"noopener noreferrer\">BB-heute<\/a><\/li>\n<li><a href=\"https:\/\/www.krzbb.de\/krz_157_111494709-13-_44-Auflage-von-Rund-um-Schoenaich-steigt-am-Ostermontag.html\" target=\"_blank\" rel=\"noopener noreferrer\">B\u00f6blinger Bote<\/a><\/li>\n<li><a href=\"https:\/\/www.stuttgarter-zeitung.de\/gallery.tipps-zum-wochenende-die-sporthighlights-in-der-region-param~10~9~0~9~false.c444f1cd-7336-489c-8985-ae3c67931d9e.html\" target=\"_blank\" rel=\"noopener noreferrer\">Stuttgarter Zeitung<\/a><\/li>\n<\/ul>\n\n\t\t<\/div>\n\t<\/div>\n<\/div><\/div><\/div><\/div>","protected":false},"excerpt":{"rendered":"Erste Etappe des\u00a0RSC Sch\u00f6naich\u00a0im HEUER-Cup 2019 Mo, 22.04.2019 &nbsp; Tagesergebnisse alle Fahrer M\u00e4nner Elite (KT \/ AB) Frauen Elite M\u00e4nner Amateure Senioren 3 (am Renntag nicht in der HEUER-Cup Wertung) Junioren U19 Juniorinnen U19 U17 Jugend m\u00e4nnlich U17 Jugend weiblich Sch\u00fcler U15 Gesamtklassement nach der 1. Etappe M\u00e4nner Elite Frauen Elite M\u00e4nner Amateure Nachwuchs Mannschaften [...]","protected":false},"author":1,"featured_media":0,"parent":4129,"menu_order":0,"comment_status":"closed","ping_status":"closed","template":"","meta":[],"yoast_head":"<!-- This site is optimized with the Yoast SEO plugin v16.9 - https:\/\/yoast.com\/wordpress\/plugins\/seo\/ -->\n<title>1. Etappe - Rund um Sch\u00f6naich - HEUER-Cup 2019<\/title>\n<meta name=\"description\" content=\"1. Etappe - Rund um Sch\u00f6naich - HEUER-Cup am Montag, den 04. April 2019 Ergebnisse des Rennens aller Fahrer und die Presse aus dem Jahr 2018.\" \/>\n<meta name=\"robots\" content=\"index, follow, max-snippet:-1, max-image-preview:large, max-video-preview:-1\" \/>\n<link rel=\"canonical\" href=\"https:\/\/heuer-cup.de\/en\/ergebnisse-im-heuer-cup\/1-etappe-rund-um-schoenaich\/\" \/>\n<meta property=\"og:locale\" content=\"en_GB\" \/>\n<meta property=\"og:type\" content=\"article\" \/>\n<meta property=\"og:title\" content=\"1. Etappe - Rund um Sch\u00f6naich - HEUER-Cup 2019\" \/>\n<meta property=\"og:description\" content=\"1. Etappe - Rund um Sch\u00f6naich - HEUER-Cup am Montag, den 04. April 2019 Ergebnisse des Rennens aller Fahrer und die Presse aus dem Jahr 2018.\" \/>\n<meta property=\"og:url\" content=\"https:\/\/heuer-cup.de\/en\/ergebnisse-im-heuer-cup\/1-etappe-rund-um-schoenaich\/\" \/>\n<meta property=\"og:site_name\" content=\"HEUER-Cup\" \/>\n<meta property=\"article:publisher\" content=\"https:\/\/www.facebook.com\/HeuerCup\/\" \/>\n<meta property=\"article:modified_time\" content=\"2020-01-05T15:55:16+00:00\" \/>\n<meta property=\"og:image\" content=\"https:\/\/heuer-cup.eu\/userfiles\/images\/Vereine\/SchA%E2%95%A0%C3%A2%E2%94%AC%C3%82naich\/SchA%E2%95%A0%C3%A2%E2%94%AC%C3%82naich.jpg\" \/>\n<meta name=\"twitter:card\" content=\"summary_large_image\" \/>\n<meta name=\"twitter:site\" content=\"@Heuer_Cup\" \/>\n<script type=\"application\/ld+json\" class=\"yoast-schema-graph\">{\"@context\":\"https:\/\/schema.org\",\"@graph\":[{\"@type\":\"Organization\",\"@id\":\"https:\/\/heuer-cup.de\/#organization\",\"name\":\"Heuer Radsport\",\"url\":\"https:\/\/heuer-cup.de\/\",\"sameAs\":[\"https:\/\/www.facebook.com\/HeuerCup\/\",\"https:\/\/www.instagram.com\/heuer_cup\/\",\"https:\/\/www.youtube.com\/channel\/UCuFkVFhY376_zRGfw_0Oy-Q\",\"https:\/\/twitter.com\/Heuer_Cup\"],\"logo\":{\"@type\":\"ImageObject\",\"@id\":\"https:\/\/heuer-cup.de\/#logo\",\"inLanguage\":\"en-GB\",\"url\":\"https:\/\/heuer-cup.de\/wp-content\/uploads\/2019\/01\/logo2.jpg\",\"contentUrl\":\"https:\/\/heuer-cup.de\/wp-content\/uploads\/2019\/01\/logo2.jpg\",\"width\":750,\"height\":186,\"caption\":\"Heuer Radsport\"},\"image\":{\"@id\":\"https:\/\/heuer-cup.de\/#logo\"}},{\"@type\":\"WebSite\",\"@id\":\"https:\/\/heuer-cup.de\/#website\",\"url\":\"https:\/\/heuer-cup.de\/\",\"name\":\"Heuer Radsport\",\"description\":\"Vollgas! oder einfach: Kette rechts\",\"publisher\":{\"@id\":\"https:\/\/heuer-cup.de\/#organization\"},\"potentialAction\":[{\"@type\":\"SearchAction\",\"target\":{\"@type\":\"EntryPoint\",\"urlTemplate\":\"https:\/\/heuer-cup.de\/?s={search_term_string}\"},\"query-input\":\"required name=search_term_string\"}],\"inLanguage\":\"en-GB\"},{\"@type\":\"ImageObject\",\"@id\":\"https:\/\/heuer-cup.de\/ergebnisse-im-heuer-cup\/1-etappe-rund-um-schoenaich\/#primaryimage\",\"inLanguage\":\"en-GB\",\"url\":\"https:\/\/heuer-cup.eu\/userfiles\/images\/Vereine\/SchA%E2%95%A0%C3%A2%E2%94%AC%C3%82naich\/SchA%E2%95%A0%C3%A2%E2%94%AC%C3%82naich.jpg\",\"contentUrl\":\"https:\/\/heuer-cup.eu\/userfiles\/images\/Vereine\/SchA%E2%95%A0%C3%A2%E2%94%AC%C3%82naich\/SchA%E2%95%A0%C3%A2%E2%94%AC%C3%82naich.jpg\"},{\"@type\":\"WebPage\",\"@id\":\"https:\/\/heuer-cup.de\/ergebnisse-im-heuer-cup\/1-etappe-rund-um-schoenaich\/#webpage\",\"url\":\"https:\/\/heuer-cup.de\/ergebnisse-im-heuer-cup\/1-etappe-rund-um-schoenaich\/\",\"name\":\"1. Etappe - Rund um Sch\\u00f6naich - HEUER-Cup 2019\",\"isPartOf\":{\"@id\":\"https:\/\/heuer-cup.de\/#website\"},\"primaryImageOfPage\":{\"@id\":\"https:\/\/heuer-cup.de\/ergebnisse-im-heuer-cup\/1-etappe-rund-um-schoenaich\/#primaryimage\"},\"datePublished\":\"2019-08-21T18:49:13+00:00\",\"dateModified\":\"2020-01-05T15:55:16+00:00\",\"description\":\"1. Etappe - Rund um Sch\\u00f6naich - HEUER-Cup am Montag, den 04. April 2019 Ergebnisse des Rennens aller Fahrer und die Presse aus dem Jahr 2018.\",\"breadcrumb\":{\"@id\":\"https:\/\/heuer-cup.de\/ergebnisse-im-heuer-cup\/1-etappe-rund-um-schoenaich\/#breadcrumb\"},\"inLanguage\":\"en-GB\",\"potentialAction\":[{\"@type\":\"ReadAction\",\"target\":[\"https:\/\/heuer-cup.de\/ergebnisse-im-heuer-cup\/1-etappe-rund-um-schoenaich\/\"]}]},{\"@type\":\"BreadcrumbList\",\"@id\":\"https:\/\/heuer-cup.de\/ergebnisse-im-heuer-cup\/1-etappe-rund-um-schoenaich\/#breadcrumb\",\"itemListElement\":[{\"@type\":\"ListItem\",\"position\":1,\"name\":\"Home\",\"item\":\"https:\/\/heuer-cup.de\/\"},{\"@type\":\"ListItem\",\"position\":2,\"name\":\"Ergebnisse im HEUER-Cup\",\"item\":\"https:\/\/heuer-cup.de\/ergebnisse-im-heuer-cup\/\"},{\"@type\":\"ListItem\",\"position\":3,\"name\":\"1. Etappe &#8211; Rund um Sch\\u00f6naich\"}]}]}<\/script>\n<!-- \/ Yoast SEO plugin. -->","yoast_head_json":{"title":"1. Etappe - Rund um Sch\u00f6naich - HEUER-Cup 2019","description":"1. Etappe - Rund um Sch\u00f6naich - HEUER-Cup am Montag, den 04. April 2019 Ergebnisse des Rennens aller Fahrer und die Presse aus dem Jahr 2018.","robots":{"index":"index","follow":"follow","max-snippet":"max-snippet:-1","max-image-preview":"max-image-preview:large","max-video-preview":"max-video-preview:-1"},"canonical":"https:\/\/heuer-cup.de\/en\/ergebnisse-im-heuer-cup\/1-etappe-rund-um-schoenaich\/","og_locale":"en_GB","og_type":"article","og_title":"1. Etappe - Rund um Sch\u00f6naich - HEUER-Cup 2019","og_description":"1. Etappe - Rund um Sch\u00f6naich - HEUER-Cup am Montag, den 04. April 2019 Ergebnisse des Rennens aller Fahrer und die Presse aus dem Jahr 2018.","og_url":"https:\/\/heuer-cup.de\/en\/ergebnisse-im-heuer-cup\/1-etappe-rund-um-schoenaich\/","og_site_name":"HEUER-Cup","article_publisher":"https:\/\/www.facebook.com\/HeuerCup\/","article_modified_time":"2020-01-05T15:55:16+00:00","og_image":[{"url":"https:\/\/heuer-cup.eu\/userfiles\/images\/Vereine\/SchA%E2%95%A0%C3%A2%E2%94%AC%C3%82naich\/SchA%E2%95%A0%C3%A2%E2%94%AC%C3%82naich.jpg"}],"twitter_card":"summary_large_image","twitter_site":"@Heuer_Cup","schema":{"@context":"https:\/\/schema.org","@graph":[{"@type":"Organization","@id":"https:\/\/heuer-cup.de\/#organization","name":"Heuer Radsport","url":"https:\/\/heuer-cup.de\/","sameAs":["https:\/\/www.facebook.com\/HeuerCup\/","https:\/\/www.instagram.com\/heuer_cup\/","https:\/\/www.youtube.com\/channel\/UCuFkVFhY376_zRGfw_0Oy-Q","https:\/\/twitter.com\/Heuer_Cup"],"logo":{"@type":"ImageObject","@id":"https:\/\/heuer-cup.de\/#logo","inLanguage":"en-GB","url":"https:\/\/heuer-cup.de\/wp-content\/uploads\/2019\/01\/logo2.jpg","contentUrl":"https:\/\/heuer-cup.de\/wp-content\/uploads\/2019\/01\/logo2.jpg","width":750,"height":186,"caption":"Heuer Radsport"},"image":{"@id":"https:\/\/heuer-cup.de\/#logo"}},{"@type":"WebSite","@id":"https:\/\/heuer-cup.de\/#website","url":"https:\/\/heuer-cup.de\/","name":"Heuer Radsport","description":"Vollgas! oder einfach: Kette rechts","publisher":{"@id":"https:\/\/heuer-cup.de\/#organization"},"potentialAction":[{"@type":"SearchAction","target":{"@type":"EntryPoint","urlTemplate":"https:\/\/heuer-cup.de\/?s={search_term_string}"},"query-input":"required name=search_term_string"}],"inLanguage":"en-GB"},{"@type":"ImageObject","@id":"https:\/\/heuer-cup.de\/ergebnisse-im-heuer-cup\/1-etappe-rund-um-schoenaich\/#primaryimage","inLanguage":"en-GB","url":"https:\/\/heuer-cup.eu\/userfiles\/images\/Vereine\/SchA%E2%95%A0%C3%A2%E2%94%AC%C3%82naich\/SchA%E2%95%A0%C3%A2%E2%94%AC%C3%82naich.jpg","contentUrl":"https:\/\/heuer-cup.eu\/userfiles\/images\/Vereine\/SchA%E2%95%A0%C3%A2%E2%94%AC%C3%82naich\/SchA%E2%95%A0%C3%A2%E2%94%AC%C3%82naich.jpg"},{"@type":"WebPage","@id":"https:\/\/heuer-cup.de\/ergebnisse-im-heuer-cup\/1-etappe-rund-um-schoenaich\/#webpage","url":"https:\/\/heuer-cup.de\/ergebnisse-im-heuer-cup\/1-etappe-rund-um-schoenaich\/","name":"1. Etappe - Rund um Sch\u00f6naich - HEUER-Cup 2019","isPartOf":{"@id":"https:\/\/heuer-cup.de\/#website"},"primaryImageOfPage":{"@id":"https:\/\/heuer-cup.de\/ergebnisse-im-heuer-cup\/1-etappe-rund-um-schoenaich\/#primaryimage"},"datePublished":"2019-08-21T18:49:13+00:00","dateModified":"2020-01-05T15:55:16+00:00","description":"1. Etappe - Rund um Sch\u00f6naich - HEUER-Cup am Montag, den 04. April 2019 Ergebnisse des Rennens aller Fahrer und die Presse aus dem Jahr 2018.","breadcrumb":{"@id":"https:\/\/heuer-cup.de\/ergebnisse-im-heuer-cup\/1-etappe-rund-um-schoenaich\/#breadcrumb"},"inLanguage":"en-GB","potentialAction":[{"@type":"ReadAction","target":["https:\/\/heuer-cup.de\/ergebnisse-im-heuer-cup\/1-etappe-rund-um-schoenaich\/"]}]},{"@type":"BreadcrumbList","@id":"https:\/\/heuer-cup.de\/ergebnisse-im-heuer-cup\/1-etappe-rund-um-schoenaich\/#breadcrumb","itemListElement":[{"@type":"ListItem","position":1,"name":"Home","item":"https:\/\/heuer-cup.de\/"},{"@type":"ListItem","position":2,"name":"Ergebnisse im HEUER-Cup","item":"https:\/\/heuer-cup.de\/ergebnisse-im-heuer-cup\/"},{"@type":"ListItem","position":3,"name":"1. Etappe &#8211; Rund um Sch\u00f6naich"}]}]}},"_links":{"self":[{"href":"https:\/\/heuer-cup.de\/en\/wp-json\/wp\/v2\/pages\/4131"}],"collection":[{"href":"https:\/\/heuer-cup.de\/en\/wp-json\/wp\/v2\/pages"}],"about":[{"href":"https:\/\/heuer-cup.de\/en\/wp-json\/wp\/v2\/types\/page"}],"author":[{"embeddable":true,"href":"https:\/\/heuer-cup.de\/en\/wp-json\/wp\/v2\/users\/1"}],"replies":[{"embeddable":true,"href":"https:\/\/heuer-cup.de\/en\/wp-json\/wp\/v2\/comments?post=4131"}],"version-history":[{"count":3,"href":"https:\/\/heuer-cup.de\/en\/wp-json\/wp\/v2\/pages\/4131\/revisions"}],"predecessor-version":[{"id":4778,"href":"https:\/\/heuer-cup.de\/en\/wp-json\/wp\/v2\/pages\/4131\/revisions\/4778"}],"up":[{"embeddable":true,"href":"https:\/\/heuer-cup.de\/en\/wp-json\/wp\/v2\/pages\/4129"}],"wp:attachment":[{"href":"https:\/\/heuer-cup.de\/en\/wp-json\/wp\/v2\/media?parent=4131"}],"curies":[{"name":"wp","href":"https:\/\/api.w.org\/{rel}","templated":true}]}}