{"id":4129,"date":"2019-08-21T20:48:32","date_gmt":"2019-08-21T18:48:32","guid":{"rendered":"https:\/\/heuer-cup.de\/?page_id=4129"},"modified":"2020-03-03T04:28:42","modified_gmt":"2020-03-03T03:28:42","slug":"ergebnisse-im-heuer-cup","status":"publish","type":"page","link":"https:\/\/heuer-cup.de\/en\/ergebnisse-im-heuer-cup\/","title":{"rendered":"Ergebnisse im HEUER-Cup"},"content":{"rendered":"<div class=\"vc_row wpb_row vc_row-fluid\"><div class=\"wpb_column vc_column_container vc_col-sm-12\"><div class=\"vc_column-inner\"><div class=\"wpb_wrapper\">\n\t<div class=\"wpb_text_column wpb_content_element\" >\n\t\t<div class=\"wpb_wrapper\">\n\t\t\t<p>Hier werden wir die Ergebnisse der einzelnen Rennen im HEUER-Cup zeitnah ver\u00f6ffentlichen.<\/p>\n<p>F\u00fcr 2020 haben wir uns zum Ziel gesetzt noch schneller zu sein.<br \/>\nEbenso wollen wir Presseberichte und Bilder zeitnah hier ebenfalls teilen.<\/p>\n<p>Zu Bildern, Presseartikeln und anderen Ver\u00f6ffentlichungen bitten wir um Mithilfe, dass wir diese Informationen hier mit verlinken k\u00f6nnen und allen zur Verf\u00fcgung stellen k\u00f6nnen. Wir haben nicht zu allen lokalen Medien Zugang.<\/p>\n<p>Hier geht es zu den Ergebnissen:<\/p>\n<ol>\n<li>Bruchsal<\/li>\n<li>Sch\u00f6naich<\/li>\n<li>Achkarren<\/li>\n<li>Merdingen<\/li>\n<li>Plattenhardt<\/li>\n<li>Magstadt<\/li>\n<li>KritChallenge<br \/>\n&#8211; Deisslingen<br \/>\n&#8211; Veranstalter noch offen<br \/>\n&#8211; Villingen<br \/>\n&#8211; Konstanz<\/li>\n<li>RiderMan<br \/>\n&#8211; Bad D\u00fcrrheim 3 Tage<\/li>\n<li>Notzingen<\/li>\n<\/ol>\n\n\t\t<\/div>\n\t<\/div>\n<\/div><\/div><\/div><\/div>","protected":false},"excerpt":{"rendered":"Hier werden wir die Ergebnisse der einzelnen Rennen im HEUER-Cup zeitnah ver\u00f6ffentlichen. F\u00fcr 2020 haben wir uns zum Ziel gesetzt noch schneller zu sein. Ebenso wollen wir Presseberichte und Bilder zeitnah hier ebenfalls teilen. Zu Bildern, Presseartikeln und anderen Ver\u00f6ffentlichungen bitten wir um Mithilfe, dass wir diese Informationen hier mit verlinken k\u00f6nnen und allen zur [...]","protected":false},"author":3,"featured_media":0,"parent":0,"menu_order":100,"comment_status":"closed","ping_status":"closed","template":"","meta":[],"yoast_head":"<!-- This site is optimized with the Yoast SEO plugin v16.9 - https:\/\/yoast.com\/wordpress\/plugins\/seo\/ -->\n<title>Die Ergebnisse im HEUER-Cup ver\u00f6ffentlichen wir nach den Rennen hier<\/title>\n<meta name=\"description\" content=\"Die Ergebnisse im HEUER-Cup werden wir hier zeitnah nach den Rennen ver\u00f6ffentlichen und zum Download als PDF bereitstellen.\" \/>\n<meta name=\"robots\" content=\"index, follow, max-snippet:-1, max-image-preview:large, max-video-preview:-1\" \/>\n<link rel=\"canonical\" href=\"https:\/\/heuer-cup.de\/en\/ergebnisse-im-heuer-cup\/\" \/>\n<meta property=\"og:locale\" content=\"en_GB\" \/>\n<meta property=\"og:type\" content=\"article\" \/>\n<meta property=\"og:title\" content=\"Die Ergebnisse im HEUER-Cup ver\u00f6ffentlichen wir nach den Rennen hier\" \/>\n<meta property=\"og:description\" content=\"Die Ergebnisse im HEUER-Cup werden wir hier zeitnah nach den Rennen ver\u00f6ffentlichen und zum Download als PDF bereitstellen.\" \/>\n<meta property=\"og:url\" content=\"https:\/\/heuer-cup.de\/en\/ergebnisse-im-heuer-cup\/\" \/>\n<meta property=\"og:site_name\" content=\"HEUER-Cup\" \/>\n<meta property=\"article:publisher\" content=\"https:\/\/www.facebook.com\/HeuerCup\/\" \/>\n<meta property=\"article:modified_time\" content=\"2020-03-03T03:28:42+00:00\" \/>\n<meta name=\"twitter:card\" content=\"summary_large_image\" \/>\n<meta name=\"twitter:site\" content=\"@Heuer_Cup\" \/>\n<meta name=\"twitter:label1\" content=\"Estimated reading time\" \/>\n\t<meta name=\"twitter:data1\" content=\"1 minute\" \/>\n<script type=\"application\/ld+json\" class=\"yoast-schema-graph\">{\"@context\":\"https:\/\/schema.org\",\"@graph\":[{\"@type\":\"Organization\",\"@id\":\"https:\/\/heuer-cup.de\/#organization\",\"name\":\"Heuer Radsport\",\"url\":\"https:\/\/heuer-cup.de\/\",\"sameAs\":[\"https:\/\/www.facebook.com\/HeuerCup\/\",\"https:\/\/www.instagram.com\/heuer_cup\/\",\"https:\/\/www.youtube.com\/channel\/UCuFkVFhY376_zRGfw_0Oy-Q\",\"https:\/\/twitter.com\/Heuer_Cup\"],\"logo\":{\"@type\":\"ImageObject\",\"@id\":\"https:\/\/heuer-cup.de\/#logo\",\"inLanguage\":\"en-GB\",\"url\":\"https:\/\/heuer-cup.de\/wp-content\/uploads\/2019\/01\/logo2.jpg\",\"contentUrl\":\"https:\/\/heuer-cup.de\/wp-content\/uploads\/2019\/01\/logo2.jpg\",\"width\":750,\"height\":186,\"caption\":\"Heuer Radsport\"},\"image\":{\"@id\":\"https:\/\/heuer-cup.de\/#logo\"}},{\"@type\":\"WebSite\",\"@id\":\"https:\/\/heuer-cup.de\/#website\",\"url\":\"https:\/\/heuer-cup.de\/\",\"name\":\"Heuer Radsport\",\"description\":\"Vollgas! oder einfach: Kette rechts\",\"publisher\":{\"@id\":\"https:\/\/heuer-cup.de\/#organization\"},\"potentialAction\":[{\"@type\":\"SearchAction\",\"target\":{\"@type\":\"EntryPoint\",\"urlTemplate\":\"https:\/\/heuer-cup.de\/?s={search_term_string}\"},\"query-input\":\"required name=search_term_string\"}],\"inLanguage\":\"en-GB\"},{\"@type\":\"WebPage\",\"@id\":\"https:\/\/heuer-cup.de\/ergebnisse-im-heuer-cup\/#webpage\",\"url\":\"https:\/\/heuer-cup.de\/ergebnisse-im-heuer-cup\/\",\"name\":\"Die Ergebnisse im HEUER-Cup ver\\u00f6ffentlichen wir nach den Rennen hier\",\"isPartOf\":{\"@id\":\"https:\/\/heuer-cup.de\/#website\"},\"datePublished\":\"2019-08-21T18:48:32+00:00\",\"dateModified\":\"2020-03-03T03:28:42+00:00\",\"description\":\"Die Ergebnisse im HEUER-Cup werden wir hier zeitnah nach den Rennen ver\\u00f6ffentlichen und zum Download als PDF bereitstellen.\",\"breadcrumb\":{\"@id\":\"https:\/\/heuer-cup.de\/ergebnisse-im-heuer-cup\/#breadcrumb\"},\"inLanguage\":\"en-GB\",\"potentialAction\":[{\"@type\":\"ReadAction\",\"target\":[\"https:\/\/heuer-cup.de\/ergebnisse-im-heuer-cup\/\"]}]},{\"@type\":\"BreadcrumbList\",\"@id\":\"https:\/\/heuer-cup.de\/ergebnisse-im-heuer-cup\/#breadcrumb\",\"itemListElement\":[{\"@type\":\"ListItem\",\"position\":1,\"name\":\"Home\",\"item\":\"https:\/\/heuer-cup.de\/\"},{\"@type\":\"ListItem\",\"position\":2,\"name\":\"Ergebnisse im HEUER-Cup\"}]}]}<\/script>\n<!-- \/ Yoast SEO plugin. -->","yoast_head_json":{"title":"Die Ergebnisse im HEUER-Cup ver\u00f6ffentlichen wir nach den Rennen hier","description":"Die Ergebnisse im HEUER-Cup werden wir hier zeitnah nach den Rennen ver\u00f6ffentlichen und zum Download als PDF bereitstellen.","robots":{"index":"index","follow":"follow","max-snippet":"max-snippet:-1","max-image-preview":"max-image-preview:large","max-video-preview":"max-video-preview:-1"},"canonical":"https:\/\/heuer-cup.de\/en\/ergebnisse-im-heuer-cup\/","og_locale":"en_GB","og_type":"article","og_title":"Die Ergebnisse im HEUER-Cup ver\u00f6ffentlichen wir nach den Rennen hier","og_description":"Die Ergebnisse im HEUER-Cup werden wir hier zeitnah nach den Rennen ver\u00f6ffentlichen und zum Download als PDF bereitstellen.","og_url":"https:\/\/heuer-cup.de\/en\/ergebnisse-im-heuer-cup\/","og_site_name":"HEUER-Cup","article_publisher":"https:\/\/www.facebook.com\/HeuerCup\/","article_modified_time":"2020-03-03T03:28:42+00:00","twitter_card":"summary_large_image","twitter_site":"@Heuer_Cup","twitter_misc":{"Estimated reading time":"1 minute"},"schema":{"@context":"https:\/\/schema.org","@graph":[{"@type":"Organization","@id":"https:\/\/heuer-cup.de\/#organization","name":"Heuer Radsport","url":"https:\/\/heuer-cup.de\/","sameAs":["https:\/\/www.facebook.com\/HeuerCup\/","https:\/\/www.instagram.com\/heuer_cup\/","https:\/\/www.youtube.com\/channel\/UCuFkVFhY376_zRGfw_0Oy-Q","https:\/\/twitter.com\/Heuer_Cup"],"logo":{"@type":"ImageObject","@id":"https:\/\/heuer-cup.de\/#logo","inLanguage":"en-GB","url":"https:\/\/heuer-cup.de\/wp-content\/uploads\/2019\/01\/logo2.jpg","contentUrl":"https:\/\/heuer-cup.de\/wp-content\/uploads\/2019\/01\/logo2.jpg","width":750,"height":186,"caption":"Heuer Radsport"},"image":{"@id":"https:\/\/heuer-cup.de\/#logo"}},{"@type":"WebSite","@id":"https:\/\/heuer-cup.de\/#website","url":"https:\/\/heuer-cup.de\/","name":"Heuer Radsport","description":"Vollgas! oder einfach: Kette rechts","publisher":{"@id":"https:\/\/heuer-cup.de\/#organization"},"potentialAction":[{"@type":"SearchAction","target":{"@type":"EntryPoint","urlTemplate":"https:\/\/heuer-cup.de\/?s={search_term_string}"},"query-input":"required name=search_term_string"}],"inLanguage":"en-GB"},{"@type":"WebPage","@id":"https:\/\/heuer-cup.de\/ergebnisse-im-heuer-cup\/#webpage","url":"https:\/\/heuer-cup.de\/ergebnisse-im-heuer-cup\/","name":"Die Ergebnisse im HEUER-Cup ver\u00f6ffentlichen wir nach den Rennen hier","isPartOf":{"@id":"https:\/\/heuer-cup.de\/#website"},"datePublished":"2019-08-21T18:48:32+00:00","dateModified":"2020-03-03T03:28:42+00:00","description":"Die Ergebnisse im HEUER-Cup werden wir hier zeitnah nach den Rennen ver\u00f6ffentlichen und zum Download als PDF bereitstellen.","breadcrumb":{"@id":"https:\/\/heuer-cup.de\/ergebnisse-im-heuer-cup\/#breadcrumb"},"inLanguage":"en-GB","potentialAction":[{"@type":"ReadAction","target":["https:\/\/heuer-cup.de\/ergebnisse-im-heuer-cup\/"]}]},{"@type":"BreadcrumbList","@id":"https:\/\/heuer-cup.de\/ergebnisse-im-heuer-cup\/#breadcrumb","itemListElement":[{"@type":"ListItem","position":1,"name":"Home","item":"https:\/\/heuer-cup.de\/"},{"@type":"ListItem","position":2,"name":"Ergebnisse im HEUER-Cup"}]}]}},"_links":{"self":[{"href":"https:\/\/heuer-cup.de\/en\/wp-json\/wp\/v2\/pages\/4129"}],"collection":[{"href":"https:\/\/heuer-cup.de\/en\/wp-json\/wp\/v2\/pages"}],"about":[{"href":"https:\/\/heuer-cup.de\/en\/wp-json\/wp\/v2\/types\/page"}],"author":[{"embeddable":true,"href":"https:\/\/heuer-cup.de\/en\/wp-json\/wp\/v2\/users\/3"}],"replies":[{"embeddable":true,"href":"https:\/\/heuer-cup.de\/en\/wp-json\/wp\/v2\/comments?post=4129"}],"version-history":[{"count":7,"href":"https:\/\/heuer-cup.de\/en\/wp-json\/wp\/v2\/pages\/4129\/revisions"}],"predecessor-version":[{"id":5564,"href":"https:\/\/heuer-cup.de\/en\/wp-json\/wp\/v2\/pages\/4129\/revisions\/5564"}],"wp:attachment":[{"href":"https:\/\/heuer-cup.de\/en\/wp-json\/wp\/v2\/media?parent=4129"}],"curies":[{"name":"wp","href":"https:\/\/api.w.org\/{rel}","templated":true}]}}