{"id":4127,"date":"2019-08-21T20:47:47","date_gmt":"2019-08-21T18:47:47","guid":{"rendered":"https:\/\/heuer-cup.de\/?page_id=4127"},"modified":"2019-09-09T10:32:55","modified_gmt":"2019-09-09T08:32:55","slug":"riderman","status":"publish","type":"page","link":"https:\/\/heuer-cup.de\/en\/etappen-2019\/riderman\/","title":{"rendered":"RiderMan"},"content":{"rendered":"<div class=\"vc_row wpb_row vc_row-fluid\"><div class=\"wpb_column vc_column_container vc_col-sm-12\"><div class=\"vc_column-inner\"><div class=\"wpb_wrapper\">\n\t<div class=\"wpb_text_column wpb_content_element\" >\n\t\t<div class=\"wpb_wrapper\">\n\t\t\t<p>Der\u00a0<a href=\"https:\/\/riderman.de\/\" target=\"_blank\" rel=\"noopener noreferrer\">RiderMan<\/a>\u00a0ist der Radsport-Klassiker f\u00fcr Jedermann im Schwarzwald! Vom 20. bis zum 22. September rockt der RiderMan mit dem 20-j\u00e4hrigen Jubil\u00e4um Bad D\u00fcrrheim.<\/p>\n<p><a title=\"Riderman on YouTube\" href=\"https:\/\/youtu.be\/_gDeiSXwkog\" target=\"_blank\" rel=\"noopener noreferrer\"><img class=\"aligncenter\" title=\"RiderMan\" src=\"https:\/\/heuer-cup.eu\/userfiles\/images\/Vereine\/RiderMan\/logo_riderman.jpg\" alt=\"\" \/><\/a><\/p>\n<p><strong>Rik und Kai Sauser sehen die \u00d6ffnung der Jedermannserie f\u00fcr Lizenzsportler als Chance f\u00fcr den Radsport und erweitern ihr Engagement in diese Richtung. Das Ergebnis der Gesamtwertung flie\u00dft in die Wertung des HEUER-Cup ein.<\/strong><\/p>\n<p>Hier die Pressemitteilung der Sauser Event GmbH:<\/p>\n<p><strong>RiderMan in 2019 Teil des Heuer Cup<\/strong><\/p>\n<p>Nachdem die Veranstalter des German Cycling Cup, dem der RiderMan seit vielen Jahren angeh\u00f6rt, den Beschluss gefasst haben, die Jedermannserie auch f\u00fcr Lizenzfahrer zu \u00f6ffnen, ergeben sich neue M\u00f6glichkeiten. Wir hatten einige Gespr\u00e4che mit den Verantwortlichen des HEUER-Cups und waren uns dann schnell einig, dass wir diese neuen M\u00f6glichkeiten nutzen m\u00fcssen.<\/p>\n<p>&#8222;Ich kenne noch aus meinen aktiven Zeiten die vielen sch\u00f6nen attraktiven Stra\u00dfenrennen, die es fr\u00fcher gab &#8211; davon ist nicht mehr viel \u00fcbrig &#8211; wir schwelgen leider oft nur noch in Erinnerungen an diese Rennen&#8220;, so denke ich oft mit Wehmut. &#8222;Dagegen haben sich im Jedermannbereich die Rennen derart entwickelt, wie man im Lizenzbereich nur tr\u00e4umen kann.&#8220;<\/p>\n<p>Das ist uns bewusst. Und genau das war auch unser Ansatz zur Kooperation mit dem Heuer Cup, wir haben mit dem RiderMan ein 3-Etappenrennen, das h\u00f6chst professionell organisiert ist und wir denken, es k\u00f6nnen alle profitieren.<\/p>\n<p>Der Heuer Cup erf\u00e4hrt in der Rennserie durch den RiderMan eine starke Aufwertung und uns bietet sich die M\u00f6glichkeit, eine neue Zielgruppe f\u00fcr unsere Veranstaltung zu gewinnen. Aber das ist nur ein Teil der Geschichte, es geht um die F\u00f6rderung des Nachwuchses. Damit hat uns Marc Benkert und Joachim Heuer \u00fcberzeugt. Den Lizenzsportlern l\u00e4ngere Distanzen in Radrennen oder Stra\u00dfenrennen anzubieten wird immer schwieriger.<\/p>\n<p>Durch die Integration des Nachwuchses in unsere Rennserie k\u00f6nnen wir unserem Sport etwas zur\u00fcckgeben an den Nachwuchs und den Lizenzsport, der gro\u00dfe Teile unseres Lebens gepr\u00e4gt hat. Mit Joachim Heuer und Marc Benkert (den beiden Verantwortlichen des HEUER-Cups) verfolgen wir hier gleiche Ziele und freuen uns auf diese &#8222;Partnerschaft&#8220;.<\/p>\n<p>In 2019 werden wir dieses Experiment starten. Wir gehen davon aus, dass alles l\u00e4uft und passt. Besonders spannend wird die Integration der Juniorinnen und Junioren, sowie die m\u00e4nnliche Jugend beim RiderMan. Wir planen eine Etappe am Sonntag als Tagesstart f\u00fcr den Nachwuchs.<\/p>\n<p>F\u00fcr die Erwachsenenklassen planner wir dies im RiderMan als 3-Etappenrennen mit Wertung im HEUER-Cup.<\/p>\n<p>F\u00fcr uns ist erst jetzt der Begriff &#8222;Jedermannrennen&#8220; zutreffender, denn in 2019 kann wirklich jeder starten (ausser Fahrer-\/innen die eine Profilizenz bei der UCI gel\u00f6st haben). Das Niveau beim RiderMan wird sich dabei nur unwesentlich ver\u00e4ndern, das bemerken nur die Jungs und M\u00e4dels die ganz vorne fahren, dahinter wird alles bleiben wie gehabt und das ist auch so gewollt. Es wird das Rennen um die vorderen Positionen und den Gesamtsieg geben aber auch die vielen Gruppen die sich innerhalb des Rennens finden, gefolgt vom Gruppetto, das sich vor dem Besenwagen ins Ziel rettet.<\/p>\n<p>Wir sehen nur positives durch die neue Kooperation mit dem HEUER-Cup, unterm Strich profitieren alle nur von der Neuerung und wir freuen uns auf den Praxistest vom 20. &#8211; 22. September in Bad D\u00fcrrheim.<\/p>\n\n\t\t<\/div>\n\t<\/div>\n<\/div><\/div><\/div><\/div>","protected":false},"excerpt":{"rendered":"Der\u00a0RiderMan\u00a0ist der Radsport-Klassiker f\u00fcr Jedermann im Schwarzwald! Vom 20. bis zum 22. September rockt der RiderMan mit dem 20-j\u00e4hrigen Jubil\u00e4um Bad D\u00fcrrheim. Rik und Kai Sauser sehen die \u00d6ffnung der Jedermannserie f\u00fcr Lizenzsportler als Chance f\u00fcr den Radsport und erweitern ihr Engagement in diese Richtung. Das Ergebnis der Gesamtwertung flie\u00dft in die Wertung des HEUER-Cup [...]","protected":false},"author":1,"featured_media":0,"parent":4075,"menu_order":0,"comment_status":"closed","ping_status":"closed","template":"","meta":[],"yoast_head":"<!-- This site is optimized with the Yoast SEO plugin v16.9 - https:\/\/yoast.com\/wordpress\/plugins\/seo\/ -->\n<title>RiderMan - der Radsport-Klassiker f\u00fcr Jedermann<\/title>\n<meta name=\"description\" content=\"RiderMan - der Radsport-Klassiker f\u00fcr Jedermann im Schwarzwald vom 20. bis zum 22. September rockt der RiderMan sein 20 Jubil\u00e4um.\" \/>\n<meta name=\"robots\" content=\"index, follow, max-snippet:-1, max-image-preview:large, max-video-preview:-1\" \/>\n<link rel=\"canonical\" href=\"https:\/\/heuer-cup.de\/en\/etappen-2019\/riderman\/\" \/>\n<meta property=\"og:locale\" content=\"en_GB\" \/>\n<meta property=\"og:type\" content=\"article\" \/>\n<meta property=\"og:title\" content=\"RiderMan - der Radsport-Klassiker f\u00fcr Jedermann\" \/>\n<meta property=\"og:description\" content=\"RiderMan - der Radsport-Klassiker f\u00fcr Jedermann im Schwarzwald vom 20. bis zum 22. September rockt der RiderMan sein 20 Jubil\u00e4um.\" \/>\n<meta property=\"og:url\" content=\"https:\/\/heuer-cup.de\/en\/etappen-2019\/riderman\/\" \/>\n<meta property=\"og:site_name\" content=\"HEUER-Cup\" \/>\n<meta property=\"article:publisher\" content=\"https:\/\/www.facebook.com\/HeuerCup\/\" \/>\n<meta property=\"article:modified_time\" content=\"2019-09-09T08:32:55+00:00\" \/>\n<meta property=\"og:image\" content=\"https:\/\/heuer-cup.eu\/userfiles\/images\/Vereine\/RiderMan\/logo_riderman.jpg\" \/>\n<meta name=\"twitter:card\" content=\"summary_large_image\" \/>\n<meta name=\"twitter:site\" content=\"@Heuer_Cup\" \/>\n<meta name=\"twitter:label1\" content=\"Estimated reading time\" \/>\n\t<meta name=\"twitter:data1\" content=\"3 minutes\" \/>\n<script type=\"application\/ld+json\" class=\"yoast-schema-graph\">{\"@context\":\"https:\/\/schema.org\",\"@graph\":[{\"@type\":\"Organization\",\"@id\":\"https:\/\/heuer-cup.de\/#organization\",\"name\":\"Heuer Radsport\",\"url\":\"https:\/\/heuer-cup.de\/\",\"sameAs\":[\"https:\/\/www.facebook.com\/HeuerCup\/\",\"https:\/\/www.instagram.com\/heuer_cup\/\",\"https:\/\/www.youtube.com\/channel\/UCuFkVFhY376_zRGfw_0Oy-Q\",\"https:\/\/twitter.com\/Heuer_Cup\"],\"logo\":{\"@type\":\"ImageObject\",\"@id\":\"https:\/\/heuer-cup.de\/#logo\",\"inLanguage\":\"en-GB\",\"url\":\"https:\/\/heuer-cup.de\/wp-content\/uploads\/2019\/01\/logo2.jpg\",\"contentUrl\":\"https:\/\/heuer-cup.de\/wp-content\/uploads\/2019\/01\/logo2.jpg\",\"width\":750,\"height\":186,\"caption\":\"Heuer Radsport\"},\"image\":{\"@id\":\"https:\/\/heuer-cup.de\/#logo\"}},{\"@type\":\"WebSite\",\"@id\":\"https:\/\/heuer-cup.de\/#website\",\"url\":\"https:\/\/heuer-cup.de\/\",\"name\":\"Heuer Radsport\",\"description\":\"Vollgas! oder einfach: Kette rechts\",\"publisher\":{\"@id\":\"https:\/\/heuer-cup.de\/#organization\"},\"potentialAction\":[{\"@type\":\"SearchAction\",\"target\":{\"@type\":\"EntryPoint\",\"urlTemplate\":\"https:\/\/heuer-cup.de\/?s={search_term_string}\"},\"query-input\":\"required name=search_term_string\"}],\"inLanguage\":\"en-GB\"},{\"@type\":\"ImageObject\",\"@id\":\"https:\/\/heuer-cup.de\/etappen-2019\/riderman\/#primaryimage\",\"inLanguage\":\"en-GB\",\"url\":\"https:\/\/heuer-cup.eu\/userfiles\/images\/Vereine\/RiderMan\/logo_riderman.jpg\",\"contentUrl\":\"https:\/\/heuer-cup.eu\/userfiles\/images\/Vereine\/RiderMan\/logo_riderman.jpg\"},{\"@type\":\"WebPage\",\"@id\":\"https:\/\/heuer-cup.de\/etappen-2019\/riderman\/#webpage\",\"url\":\"https:\/\/heuer-cup.de\/etappen-2019\/riderman\/\",\"name\":\"RiderMan - der Radsport-Klassiker f\\u00fcr Jedermann\",\"isPartOf\":{\"@id\":\"https:\/\/heuer-cup.de\/#website\"},\"primaryImageOfPage\":{\"@id\":\"https:\/\/heuer-cup.de\/etappen-2019\/riderman\/#primaryimage\"},\"datePublished\":\"2019-08-21T18:47:47+00:00\",\"dateModified\":\"2019-09-09T08:32:55+00:00\",\"description\":\"RiderMan - der Radsport-Klassiker f\\u00fcr Jedermann im Schwarzwald vom 20. bis zum 22. September rockt der RiderMan sein 20 Jubil\\u00e4um.\",\"breadcrumb\":{\"@id\":\"https:\/\/heuer-cup.de\/etappen-2019\/riderman\/#breadcrumb\"},\"inLanguage\":\"en-GB\",\"potentialAction\":[{\"@type\":\"ReadAction\",\"target\":[\"https:\/\/heuer-cup.de\/etappen-2019\/riderman\/\"]}]},{\"@type\":\"BreadcrumbList\",\"@id\":\"https:\/\/heuer-cup.de\/etappen-2019\/riderman\/#breadcrumb\",\"itemListElement\":[{\"@type\":\"ListItem\",\"position\":1,\"name\":\"Home\",\"item\":\"https:\/\/heuer-cup.de\/\"},{\"@type\":\"ListItem\",\"position\":2,\"name\":\"Etappen 2019\",\"item\":\"https:\/\/heuer-cup.de\/etappen-2019\/\"},{\"@type\":\"ListItem\",\"position\":3,\"name\":\"RiderMan\"}]}]}<\/script>\n<!-- \/ Yoast SEO plugin. -->","yoast_head_json":{"title":"RiderMan - der Radsport-Klassiker f\u00fcr Jedermann","description":"RiderMan - der Radsport-Klassiker f\u00fcr Jedermann im Schwarzwald vom 20. bis zum 22. September rockt der RiderMan sein 20 Jubil\u00e4um.","robots":{"index":"index","follow":"follow","max-snippet":"max-snippet:-1","max-image-preview":"max-image-preview:large","max-video-preview":"max-video-preview:-1"},"canonical":"https:\/\/heuer-cup.de\/en\/etappen-2019\/riderman\/","og_locale":"en_GB","og_type":"article","og_title":"RiderMan - der Radsport-Klassiker f\u00fcr Jedermann","og_description":"RiderMan - der Radsport-Klassiker f\u00fcr Jedermann im Schwarzwald vom 20. bis zum 22. September rockt der RiderMan sein 20 Jubil\u00e4um.","og_url":"https:\/\/heuer-cup.de\/en\/etappen-2019\/riderman\/","og_site_name":"HEUER-Cup","article_publisher":"https:\/\/www.facebook.com\/HeuerCup\/","article_modified_time":"2019-09-09T08:32:55+00:00","og_image":[{"url":"https:\/\/heuer-cup.eu\/userfiles\/images\/Vereine\/RiderMan\/logo_riderman.jpg"}],"twitter_card":"summary_large_image","twitter_site":"@Heuer_Cup","twitter_misc":{"Estimated reading time":"3 minutes"},"schema":{"@context":"https:\/\/schema.org","@graph":[{"@type":"Organization","@id":"https:\/\/heuer-cup.de\/#organization","name":"Heuer Radsport","url":"https:\/\/heuer-cup.de\/","sameAs":["https:\/\/www.facebook.com\/HeuerCup\/","https:\/\/www.instagram.com\/heuer_cup\/","https:\/\/www.youtube.com\/channel\/UCuFkVFhY376_zRGfw_0Oy-Q","https:\/\/twitter.com\/Heuer_Cup"],"logo":{"@type":"ImageObject","@id":"https:\/\/heuer-cup.de\/#logo","inLanguage":"en-GB","url":"https:\/\/heuer-cup.de\/wp-content\/uploads\/2019\/01\/logo2.jpg","contentUrl":"https:\/\/heuer-cup.de\/wp-content\/uploads\/2019\/01\/logo2.jpg","width":750,"height":186,"caption":"Heuer Radsport"},"image":{"@id":"https:\/\/heuer-cup.de\/#logo"}},{"@type":"WebSite","@id":"https:\/\/heuer-cup.de\/#website","url":"https:\/\/heuer-cup.de\/","name":"Heuer Radsport","description":"Vollgas! oder einfach: Kette rechts","publisher":{"@id":"https:\/\/heuer-cup.de\/#organization"},"potentialAction":[{"@type":"SearchAction","target":{"@type":"EntryPoint","urlTemplate":"https:\/\/heuer-cup.de\/?s={search_term_string}"},"query-input":"required name=search_term_string"}],"inLanguage":"en-GB"},{"@type":"ImageObject","@id":"https:\/\/heuer-cup.de\/etappen-2019\/riderman\/#primaryimage","inLanguage":"en-GB","url":"https:\/\/heuer-cup.eu\/userfiles\/images\/Vereine\/RiderMan\/logo_riderman.jpg","contentUrl":"https:\/\/heuer-cup.eu\/userfiles\/images\/Vereine\/RiderMan\/logo_riderman.jpg"},{"@type":"WebPage","@id":"https:\/\/heuer-cup.de\/etappen-2019\/riderman\/#webpage","url":"https:\/\/heuer-cup.de\/etappen-2019\/riderman\/","name":"RiderMan - der Radsport-Klassiker f\u00fcr Jedermann","isPartOf":{"@id":"https:\/\/heuer-cup.de\/#website"},"primaryImageOfPage":{"@id":"https:\/\/heuer-cup.de\/etappen-2019\/riderman\/#primaryimage"},"datePublished":"2019-08-21T18:47:47+00:00","dateModified":"2019-09-09T08:32:55+00:00","description":"RiderMan - der Radsport-Klassiker f\u00fcr Jedermann im Schwarzwald vom 20. bis zum 22. September rockt der RiderMan sein 20 Jubil\u00e4um.","breadcrumb":{"@id":"https:\/\/heuer-cup.de\/etappen-2019\/riderman\/#breadcrumb"},"inLanguage":"en-GB","potentialAction":[{"@type":"ReadAction","target":["https:\/\/heuer-cup.de\/etappen-2019\/riderman\/"]}]},{"@type":"BreadcrumbList","@id":"https:\/\/heuer-cup.de\/etappen-2019\/riderman\/#breadcrumb","itemListElement":[{"@type":"ListItem","position":1,"name":"Home","item":"https:\/\/heuer-cup.de\/"},{"@type":"ListItem","position":2,"name":"Etappen 2019","item":"https:\/\/heuer-cup.de\/etappen-2019\/"},{"@type":"ListItem","position":3,"name":"RiderMan"}]}]}},"_links":{"self":[{"href":"https:\/\/heuer-cup.de\/en\/wp-json\/wp\/v2\/pages\/4127"}],"collection":[{"href":"https:\/\/heuer-cup.de\/en\/wp-json\/wp\/v2\/pages"}],"about":[{"href":"https:\/\/heuer-cup.de\/en\/wp-json\/wp\/v2\/types\/page"}],"author":[{"embeddable":true,"href":"https:\/\/heuer-cup.de\/en\/wp-json\/wp\/v2\/users\/1"}],"replies":[{"embeddable":true,"href":"https:\/\/heuer-cup.de\/en\/wp-json\/wp\/v2\/comments?post=4127"}],"version-history":[{"count":2,"href":"https:\/\/heuer-cup.de\/en\/wp-json\/wp\/v2\/pages\/4127\/revisions"}],"predecessor-version":[{"id":4760,"href":"https:\/\/heuer-cup.de\/en\/wp-json\/wp\/v2\/pages\/4127\/revisions\/4760"}],"up":[{"embeddable":true,"href":"https:\/\/heuer-cup.de\/en\/wp-json\/wp\/v2\/pages\/4075"}],"wp:attachment":[{"href":"https:\/\/heuer-cup.de\/en\/wp-json\/wp\/v2\/media?parent=4127"}],"curies":[{"name":"wp","href":"https:\/\/api.w.org\/{rel}","templated":true}]}}