{"id":4125,"date":"2019-08-21T20:47:10","date_gmt":"2019-08-21T18:47:10","guid":{"rendered":"https:\/\/heuer-cup.de\/?page_id=4125"},"modified":"2019-09-09T10:17:31","modified_gmt":"2019-09-09T08:17:31","slug":"image","status":"publish","type":"page","link":"https:\/\/heuer-cup.de\/en\/etappen-2019\/reute\/image\/","title":{"rendered":"Image"},"content":{"rendered":"<div class=\"vc_row wpb_row vc_row-fluid\"><div class=\"wpb_column vc_column_container vc_col-sm-12\"><div class=\"vc_column-inner\"><div class=\"wpb_wrapper\">\n\t<div class=\"wpb_text_column wpb_content_element\" >\n\t\t<div class=\"wpb_wrapper\">\n\t\t\t<p>Der Radfahrerverein \u201eConcordia\u201c Reute wurde 1922 gegr\u00fcndet und sieht auf eine lange Vereinstradition zur\u00fcck. Schon seit jeher richtet der RVC erfolgreiche Radsportveranstaltungen aus.<\/p>\n<p>So sind der Radklassiker im Sommer mittlerweile eine feste Gr\u00f6\u00dfe im Rennkalender aller lizenzierter Sportler in der Region und auch dar\u00fcber hinaus lockt das beliebte Rundstreckenrennen immer wieder hochkar\u00e4tige Sportler an.<br \/>\nIm Winter bleibt der Verein nicht unt\u00e4tig und veranstaltet traditionell am letzten Adventswochenende vor Heilig Abend das allseits beliebte Run &amp; Bike f\u00fcr Hobby- und Lizenzsportler.<\/p>\n<p><img loading=\"lazy\" class=\"bild aligncenter\" title=\"Mannschaft\" src=\"https:\/\/heuer-cup.eu\/userfiles\/images\/Vereine\/Reute\/P4283802.JPG\" alt=\"\" width=\"653\" height=\"254\" \/><\/p>\n<p>Doch auch im Breitensport und im Vereinsleben ist der RVC aktiv. So werden regelm\u00e4\u00dfig Ausfahrten mit den radsportbegeisterten Vereinsmitgliedern angeboten und Vereinsausfl\u00fcge organisiert. Au\u00dferdem ist der RVC Reute seit vielen Jahren Mitausrichter der Kaiserstuhl-Tuniberg Radtour und erfreut sich dabei als Start- und Zielort gro\u00dfer Beliebtheit.<\/p>\n<p>Der RVC Reute engagiert sich f\u00fcr Jugendliche und Amateursportler im aktiven Radrennsport. So ist der Verein in ganz Baden-W\u00fcrttemberg bekannt f\u00fcr seine gute Vereinsarbeit im Bereich der Nachwuchsf\u00f6rderung.Der Radfahrerverein \u201eConcordia\u201c Reute wurde 1922 gegr\u00fcndet und sieht auf eine lange Vereinstradition zur\u00fcck. Schon seit jeher richtet der RVC erfolgreiche Radsportveranstaltungen aus.<\/p>\n<p>So sind der Radklassiker im Sommer mittlerweile eine feste Gr\u00f6\u00dfe im Rennkalender aller lizenzierter Sportler in der Region und auch dar\u00fcber hinaus lockt das beliebte Rundstreckenrennen immer wieder hochkar\u00e4tige Sportler an.<br \/>\nIm Winter bleibt der Verein nicht unt\u00e4tig und veranstaltet traditionell am letzten Adventswochenende vor Heilig Abend das allseits beliebte Run &amp; Bike f\u00fcr Hobby- und Lizenzsportler.<\/p>\n<p>Doch auch im Breitensport und im Vereinsleben ist der RVC aktiv. So werden regelm\u00e4\u00dfig Ausfahrten mit den radsportbegeisterten Vereinsmitgliedern angeboten und Vereinsausfl\u00fcge organisiert. Au\u00dferdem ist der RVC Reute seit vielen Jahren Mitausrichter der Kaiserstuhl-Tuniberg Radtour und erfreut sich dabei als Start- und Zielort gro\u00dfer Beliebtheit.<\/p>\n<p>Der RVC Reute engagiert sich f\u00fcr Jugendliche und Amateursportler im aktiven Radrennsport. So ist der Verein in ganz Baden-W\u00fcrttemberg bekannt f\u00fcr seine gute Vereinsarbeit im Bereich der Nachwuchsf\u00f6rderung.<br \/>\nDank dem Engagement von zahlreichen Betreuern und Fahrereltern bietet der RVC den Jugendlichen 4-5 Mal die Woche ein gef\u00fchrtes Training. Mit Unterst\u00fctzung unserer neuen (und alten) Sponsoren \u201eAutohaus Ortlieb+Schuler\u201c (EM-Kollmarsreute), \u201emps\u201c (Emmendingen), \u201eVaria K\u00fcchen\u201c (Emmendingen), \u201eDemertzis Verfugungen\u201c (Reute), \u201eHotbike\u201c (Teningen) und \u201eJP Print\u201c (Reute) k\u00f6nnen unsere Sportler sich optimal auf ihre sportlichen Ziele konzentrieren.<br \/>\nNicht zu letzt dadurch schafft es unsere Vereinsjugend immer wieder herausragende Erfolge und begehrte Titel nach Reute zu bringen.<\/p>\n\n\t\t<\/div>\n\t<\/div>\n<\/div><\/div><\/div><\/div>","protected":false},"excerpt":{"rendered":"Der Radfahrerverein \u201eConcordia\u201c Reute wurde 1922 gegr\u00fcndet und sieht auf eine lange Vereinstradition zur\u00fcck. Schon seit jeher richtet der RVC erfolgreiche Radsportveranstaltungen aus. So sind der Radklassiker im Sommer mittlerweile eine feste Gr\u00f6\u00dfe im Rennkalender aller lizenzierter Sportler in der Region und auch dar\u00fcber hinaus lockt das beliebte Rundstreckenrennen immer wieder hochkar\u00e4tige Sportler an. Im [...]","protected":false},"author":1,"featured_media":0,"parent":4121,"menu_order":0,"comment_status":"closed","ping_status":"closed","template":"","meta":[],"yoast_head":"<!-- This site is optimized with the Yoast SEO plugin v16.9 - https:\/\/yoast.com\/wordpress\/plugins\/seo\/ -->\n<title>Image Concordia Reute - Radfahverein seit 1922<\/title>\n<meta name=\"description\" content=\"Image Concordia Reute - Radfaherverein stellt sich vor. Er wurde 1922 gegr\u00fcndet und sieht auf eine Lange Vereinstradition zur\u00fcck.\" \/>\n<meta name=\"robots\" content=\"index, follow, max-snippet:-1, max-image-preview:large, max-video-preview:-1\" \/>\n<link rel=\"canonical\" href=\"https:\/\/heuer-cup.de\/en\/etappen-2019\/reute\/image\/\" \/>\n<meta property=\"og:locale\" content=\"en_GB\" \/>\n<meta property=\"og:type\" content=\"article\" \/>\n<meta property=\"og:title\" content=\"Image Concordia Reute - Radfahverein seit 1922\" \/>\n<meta property=\"og:description\" content=\"Image Concordia Reute - Radfaherverein stellt sich vor. Er wurde 1922 gegr\u00fcndet und sieht auf eine Lange Vereinstradition zur\u00fcck.\" \/>\n<meta property=\"og:url\" content=\"https:\/\/heuer-cup.de\/en\/etappen-2019\/reute\/image\/\" \/>\n<meta property=\"og:site_name\" content=\"HEUER-Cup\" \/>\n<meta property=\"article:publisher\" content=\"https:\/\/www.facebook.com\/HeuerCup\/\" \/>\n<meta property=\"article:modified_time\" content=\"2019-09-09T08:17:31+00:00\" \/>\n<meta property=\"og:image\" content=\"https:\/\/heuer-cup.eu\/userfiles\/images\/Vereine\/Reute\/P4283802.JPG\" \/>\n<meta name=\"twitter:card\" content=\"summary_large_image\" \/>\n<meta name=\"twitter:site\" content=\"@Heuer_Cup\" \/>\n<meta name=\"twitter:label1\" content=\"Estimated reading time\" \/>\n\t<meta name=\"twitter:data1\" content=\"2 minutes\" \/>\n<script type=\"application\/ld+json\" class=\"yoast-schema-graph\">{\"@context\":\"https:\/\/schema.org\",\"@graph\":[{\"@type\":\"Organization\",\"@id\":\"https:\/\/heuer-cup.de\/#organization\",\"name\":\"Heuer Radsport\",\"url\":\"https:\/\/heuer-cup.de\/\",\"sameAs\":[\"https:\/\/www.facebook.com\/HeuerCup\/\",\"https:\/\/www.instagram.com\/heuer_cup\/\",\"https:\/\/www.youtube.com\/channel\/UCuFkVFhY376_zRGfw_0Oy-Q\",\"https:\/\/twitter.com\/Heuer_Cup\"],\"logo\":{\"@type\":\"ImageObject\",\"@id\":\"https:\/\/heuer-cup.de\/#logo\",\"inLanguage\":\"en-GB\",\"url\":\"https:\/\/heuer-cup.de\/wp-content\/uploads\/2019\/01\/logo2.jpg\",\"contentUrl\":\"https:\/\/heuer-cup.de\/wp-content\/uploads\/2019\/01\/logo2.jpg\",\"width\":750,\"height\":186,\"caption\":\"Heuer Radsport\"},\"image\":{\"@id\":\"https:\/\/heuer-cup.de\/#logo\"}},{\"@type\":\"WebSite\",\"@id\":\"https:\/\/heuer-cup.de\/#website\",\"url\":\"https:\/\/heuer-cup.de\/\",\"name\":\"Heuer Radsport\",\"description\":\"Vollgas! oder einfach: Kette rechts\",\"publisher\":{\"@id\":\"https:\/\/heuer-cup.de\/#organization\"},\"potentialAction\":[{\"@type\":\"SearchAction\",\"target\":{\"@type\":\"EntryPoint\",\"urlTemplate\":\"https:\/\/heuer-cup.de\/?s={search_term_string}\"},\"query-input\":\"required name=search_term_string\"}],\"inLanguage\":\"en-GB\"},{\"@type\":\"ImageObject\",\"@id\":\"https:\/\/heuer-cup.de\/etappen-2019\/reute\/image\/#primaryimage\",\"inLanguage\":\"en-GB\",\"url\":\"https:\/\/heuer-cup.eu\/userfiles\/images\/Vereine\/Reute\/P4283802.JPG\",\"contentUrl\":\"https:\/\/heuer-cup.eu\/userfiles\/images\/Vereine\/Reute\/P4283802.JPG\"},{\"@type\":\"WebPage\",\"@id\":\"https:\/\/heuer-cup.de\/etappen-2019\/reute\/image\/#webpage\",\"url\":\"https:\/\/heuer-cup.de\/etappen-2019\/reute\/image\/\",\"name\":\"Image Concordia Reute - Radfahverein seit 1922\",\"isPartOf\":{\"@id\":\"https:\/\/heuer-cup.de\/#website\"},\"primaryImageOfPage\":{\"@id\":\"https:\/\/heuer-cup.de\/etappen-2019\/reute\/image\/#primaryimage\"},\"datePublished\":\"2019-08-21T18:47:10+00:00\",\"dateModified\":\"2019-09-09T08:17:31+00:00\",\"description\":\"Image Concordia Reute - Radfaherverein stellt sich vor. Er wurde 1922 gegr\\u00fcndet und sieht auf eine Lange Vereinstradition zur\\u00fcck.\",\"breadcrumb\":{\"@id\":\"https:\/\/heuer-cup.de\/etappen-2019\/reute\/image\/#breadcrumb\"},\"inLanguage\":\"en-GB\",\"potentialAction\":[{\"@type\":\"ReadAction\",\"target\":[\"https:\/\/heuer-cup.de\/etappen-2019\/reute\/image\/\"]}]},{\"@type\":\"BreadcrumbList\",\"@id\":\"https:\/\/heuer-cup.de\/etappen-2019\/reute\/image\/#breadcrumb\",\"itemListElement\":[{\"@type\":\"ListItem\",\"position\":1,\"name\":\"Home\",\"item\":\"https:\/\/heuer-cup.de\/\"},{\"@type\":\"ListItem\",\"position\":2,\"name\":\"Etappen 2019\",\"item\":\"https:\/\/heuer-cup.de\/etappen-2019\/\"},{\"@type\":\"ListItem\",\"position\":3,\"name\":\"Reute\",\"item\":\"https:\/\/heuer-cup.de\/etappen-2019\/reute\/\"},{\"@type\":\"ListItem\",\"position\":4,\"name\":\"Image\"}]}]}<\/script>\n<!-- \/ Yoast SEO plugin. -->","yoast_head_json":{"title":"Image Concordia Reute - Radfahverein seit 1922","description":"Image Concordia Reute - Radfaherverein stellt sich vor. Er wurde 1922 gegr\u00fcndet und sieht auf eine Lange Vereinstradition zur\u00fcck.","robots":{"index":"index","follow":"follow","max-snippet":"max-snippet:-1","max-image-preview":"max-image-preview:large","max-video-preview":"max-video-preview:-1"},"canonical":"https:\/\/heuer-cup.de\/en\/etappen-2019\/reute\/image\/","og_locale":"en_GB","og_type":"article","og_title":"Image Concordia Reute - Radfahverein seit 1922","og_description":"Image Concordia Reute - Radfaherverein stellt sich vor. Er wurde 1922 gegr\u00fcndet und sieht auf eine Lange Vereinstradition zur\u00fcck.","og_url":"https:\/\/heuer-cup.de\/en\/etappen-2019\/reute\/image\/","og_site_name":"HEUER-Cup","article_publisher":"https:\/\/www.facebook.com\/HeuerCup\/","article_modified_time":"2019-09-09T08:17:31+00:00","og_image":[{"url":"https:\/\/heuer-cup.eu\/userfiles\/images\/Vereine\/Reute\/P4283802.JPG"}],"twitter_card":"summary_large_image","twitter_site":"@Heuer_Cup","twitter_misc":{"Estimated reading time":"2 minutes"},"schema":{"@context":"https:\/\/schema.org","@graph":[{"@type":"Organization","@id":"https:\/\/heuer-cup.de\/#organization","name":"Heuer Radsport","url":"https:\/\/heuer-cup.de\/","sameAs":["https:\/\/www.facebook.com\/HeuerCup\/","https:\/\/www.instagram.com\/heuer_cup\/","https:\/\/www.youtube.com\/channel\/UCuFkVFhY376_zRGfw_0Oy-Q","https:\/\/twitter.com\/Heuer_Cup"],"logo":{"@type":"ImageObject","@id":"https:\/\/heuer-cup.de\/#logo","inLanguage":"en-GB","url":"https:\/\/heuer-cup.de\/wp-content\/uploads\/2019\/01\/logo2.jpg","contentUrl":"https:\/\/heuer-cup.de\/wp-content\/uploads\/2019\/01\/logo2.jpg","width":750,"height":186,"caption":"Heuer Radsport"},"image":{"@id":"https:\/\/heuer-cup.de\/#logo"}},{"@type":"WebSite","@id":"https:\/\/heuer-cup.de\/#website","url":"https:\/\/heuer-cup.de\/","name":"Heuer Radsport","description":"Vollgas! oder einfach: Kette rechts","publisher":{"@id":"https:\/\/heuer-cup.de\/#organization"},"potentialAction":[{"@type":"SearchAction","target":{"@type":"EntryPoint","urlTemplate":"https:\/\/heuer-cup.de\/?s={search_term_string}"},"query-input":"required name=search_term_string"}],"inLanguage":"en-GB"},{"@type":"ImageObject","@id":"https:\/\/heuer-cup.de\/etappen-2019\/reute\/image\/#primaryimage","inLanguage":"en-GB","url":"https:\/\/heuer-cup.eu\/userfiles\/images\/Vereine\/Reute\/P4283802.JPG","contentUrl":"https:\/\/heuer-cup.eu\/userfiles\/images\/Vereine\/Reute\/P4283802.JPG"},{"@type":"WebPage","@id":"https:\/\/heuer-cup.de\/etappen-2019\/reute\/image\/#webpage","url":"https:\/\/heuer-cup.de\/etappen-2019\/reute\/image\/","name":"Image Concordia Reute - Radfahverein seit 1922","isPartOf":{"@id":"https:\/\/heuer-cup.de\/#website"},"primaryImageOfPage":{"@id":"https:\/\/heuer-cup.de\/etappen-2019\/reute\/image\/#primaryimage"},"datePublished":"2019-08-21T18:47:10+00:00","dateModified":"2019-09-09T08:17:31+00:00","description":"Image Concordia Reute - Radfaherverein stellt sich vor. Er wurde 1922 gegr\u00fcndet und sieht auf eine Lange Vereinstradition zur\u00fcck.","breadcrumb":{"@id":"https:\/\/heuer-cup.de\/etappen-2019\/reute\/image\/#breadcrumb"},"inLanguage":"en-GB","potentialAction":[{"@type":"ReadAction","target":["https:\/\/heuer-cup.de\/etappen-2019\/reute\/image\/"]}]},{"@type":"BreadcrumbList","@id":"https:\/\/heuer-cup.de\/etappen-2019\/reute\/image\/#breadcrumb","itemListElement":[{"@type":"ListItem","position":1,"name":"Home","item":"https:\/\/heuer-cup.de\/"},{"@type":"ListItem","position":2,"name":"Etappen 2019","item":"https:\/\/heuer-cup.de\/etappen-2019\/"},{"@type":"ListItem","position":3,"name":"Reute","item":"https:\/\/heuer-cup.de\/etappen-2019\/reute\/"},{"@type":"ListItem","position":4,"name":"Image"}]}]}},"_links":{"self":[{"href":"https:\/\/heuer-cup.de\/en\/wp-json\/wp\/v2\/pages\/4125"}],"collection":[{"href":"https:\/\/heuer-cup.de\/en\/wp-json\/wp\/v2\/pages"}],"about":[{"href":"https:\/\/heuer-cup.de\/en\/wp-json\/wp\/v2\/types\/page"}],"author":[{"embeddable":true,"href":"https:\/\/heuer-cup.de\/en\/wp-json\/wp\/v2\/users\/1"}],"replies":[{"embeddable":true,"href":"https:\/\/heuer-cup.de\/en\/wp-json\/wp\/v2\/comments?post=4125"}],"version-history":[{"count":2,"href":"https:\/\/heuer-cup.de\/en\/wp-json\/wp\/v2\/pages\/4125\/revisions"}],"predecessor-version":[{"id":4758,"href":"https:\/\/heuer-cup.de\/en\/wp-json\/wp\/v2\/pages\/4125\/revisions\/4758"}],"up":[{"embeddable":true,"href":"https:\/\/heuer-cup.de\/en\/wp-json\/wp\/v2\/pages\/4121"}],"wp:attachment":[{"href":"https:\/\/heuer-cup.de\/en\/wp-json\/wp\/v2\/media?parent=4125"}],"curies":[{"name":"wp","href":"https:\/\/api.w.org\/{rel}","templated":true}]}}