{"id":4123,"date":"2019-08-21T20:46:26","date_gmt":"2019-08-21T18:46:26","guid":{"rendered":"https:\/\/heuer-cup.de\/?page_id=4123"},"modified":"2019-09-09T10:23:26","modified_gmt":"2019-09-09T08:23:26","slug":"strecke","status":"publish","type":"page","link":"https:\/\/heuer-cup.de\/en\/etappen-2019\/reute\/strecke\/","title":{"rendered":"Strecke"},"content":{"rendered":"<div class=\"vc_row wpb_row vc_row-fluid\"><div class=\"wpb_column vc_column_container vc_col-sm-12\"><div class=\"vc_column-inner\"><div class=\"wpb_wrapper\">\n\t<div class=\"wpb_text_column wpb_content_element\" >\n\t\t<div class=\"wpb_wrapper\">\n\t\t\t<p>Die Rennstrecke f\u00fchrt durch Reute und Schupfholz. Die Rennstrecke ist f\u00fcr den gesamten Rennverlauf voll gesperrt.<\/p>\n<ul>\n<li>Start\/Ziel an der Eichmattenhalle<\/li>\n<li>flacher, teils windanf\u00e4lliger Rundkurs<\/li>\n<li>gefahren wird im Uhrzeigersinn, also rechts rum<\/li>\n<li>Streckenl\u00e4nge ca. 4km<\/li>\n<li>breite Stra\u00dfen<\/li>\n<li>Startnummernausgabe sowie Duschen in der Eichmattenhalle<\/li>\n<\/ul>\n<p>Hier geht es direkt zur\u00a0<a href=\"https:\/\/www.rad-net.de\/rad-net-portal\/ausschreibungen_1.htm?url=%2Fmodules.php%3Fname%3DAusschreibung%26rnswp_disziplin%3D1%26ID_Veranstaltung%3D32131%26mode%3Dascr_detail%26typ%3Di&amp;url_hash=Lm4nir3VO5fMQdale8c_4infkETovWWDKySQ07NEtE0\" target=\"_blank\" rel=\"noopener noreferrer\">Ausschreibung auf rad-net.de<\/a><\/p>\n<p>Ansprechpartner f\u00fcr Fragen zum Rennbetrieb:<br \/>\nAlexander Siegel<\/p>\n<p>Das Rennen wird von lokalen Sponsoren unterst\u00fctzt.<br \/>\nVielen Dank daf\u00fcr!<\/p>\n<p><img loading=\"lazy\" class=\"bild aligncenter\" src=\"https:\/\/heuer-cup.eu\/userfiles\/images\/Vereine\/Reute\/JP-Print.jpg\" alt=\"\" width=\"300\" height=\"120\" \/><\/p>\n<p><img loading=\"lazy\" class=\"bild aligncenter\" src=\"https:\/\/heuer-cup.eu\/userfiles\/images\/Vereine\/Reute\/Hotbike.jpg\" alt=\"\" width=\"300\" height=\"120\" \/><\/p>\n<p><img loading=\"lazy\" class=\"bild aligncenter\" src=\"https:\/\/heuer-cup.eu\/userfiles\/images\/Vereine\/Reute\/mps.jpg\" alt=\"\" width=\"200\" height=\"100\" \/><\/p>\n<p><img loading=\"lazy\" class=\"bild aligncenter\" src=\"https:\/\/heuer-cup.eu\/userfiles\/images\/Vereine\/Reute\/Ortlieb+Schuler-Marken.jpg\" alt=\"\" width=\"200\" height=\"160\" \/><\/p>\n<p><img loading=\"lazy\" class=\"bild aligncenter\" src=\"https:\/\/heuer-cup.eu\/userfiles\/images\/Vereine\/Reute\/Demertzis-hinten.jpg\" alt=\"\" width=\"251\" height=\"200\" \/><\/p>\n\n\t\t<\/div>\n\t<\/div>\n<\/div><\/div><\/div><\/div>","protected":false},"excerpt":{"rendered":"Die Rennstrecke f\u00fchrt durch Reute und Schupfholz. Die Rennstrecke ist f\u00fcr den gesamten Rennverlauf voll gesperrt. Start\/Ziel an der Eichmattenhalle flacher, teils windanf\u00e4lliger Rundkurs gefahren wird im Uhrzeigersinn, also rechts rum Streckenl\u00e4nge ca. 4km breite Stra\u00dfen Startnummernausgabe sowie Duschen in der Eichmattenhalle Hier geht es direkt zur\u00a0Ausschreibung auf rad-net.de Ansprechpartner f\u00fcr Fragen zum Rennbetrieb: Alexander [...]","protected":false},"author":1,"featured_media":0,"parent":4121,"menu_order":0,"comment_status":"closed","ping_status":"closed","template":"","meta":[],"yoast_head":"<!-- This site is optimized with the Yoast SEO plugin v16.9 - https:\/\/yoast.com\/wordpress\/plugins\/seo\/ -->\n<title>Strecke Reute Radrennen im Rahmen des HEUER-Cup<\/title>\n<meta name=\"description\" content=\"Strecke Reute Radrennen im Rahmen des HEUER-Cup am Sonntag, den 21. Juli 2019, mit Start und Ziel an der Eichmattenhalle.\" \/>\n<meta name=\"robots\" content=\"index, follow, max-snippet:-1, max-image-preview:large, max-video-preview:-1\" \/>\n<link rel=\"canonical\" href=\"https:\/\/heuer-cup.de\/en\/etappen-2019\/reute\/strecke\/\" \/>\n<meta property=\"og:locale\" content=\"en_GB\" \/>\n<meta property=\"og:type\" content=\"article\" \/>\n<meta property=\"og:title\" content=\"Strecke Reute Radrennen im Rahmen des HEUER-Cup\" \/>\n<meta property=\"og:description\" content=\"Strecke Reute Radrennen im Rahmen des HEUER-Cup am Sonntag, den 21. Juli 2019, mit Start und Ziel an der Eichmattenhalle.\" \/>\n<meta property=\"og:url\" content=\"https:\/\/heuer-cup.de\/en\/etappen-2019\/reute\/strecke\/\" \/>\n<meta property=\"og:site_name\" content=\"HEUER-Cup\" \/>\n<meta property=\"article:publisher\" content=\"https:\/\/www.facebook.com\/HeuerCup\/\" \/>\n<meta property=\"article:modified_time\" content=\"2019-09-09T08:23:26+00:00\" \/>\n<meta property=\"og:image\" content=\"https:\/\/heuer-cup.eu\/userfiles\/images\/Vereine\/Reute\/JP-Print.jpg\" \/>\n<meta name=\"twitter:card\" content=\"summary_large_image\" \/>\n<meta name=\"twitter:site\" content=\"@Heuer_Cup\" \/>\n<script type=\"application\/ld+json\" class=\"yoast-schema-graph\">{\"@context\":\"https:\/\/schema.org\",\"@graph\":[{\"@type\":\"Organization\",\"@id\":\"https:\/\/heuer-cup.de\/#organization\",\"name\":\"Heuer Radsport\",\"url\":\"https:\/\/heuer-cup.de\/\",\"sameAs\":[\"https:\/\/www.facebook.com\/HeuerCup\/\",\"https:\/\/www.instagram.com\/heuer_cup\/\",\"https:\/\/www.youtube.com\/channel\/UCuFkVFhY376_zRGfw_0Oy-Q\",\"https:\/\/twitter.com\/Heuer_Cup\"],\"logo\":{\"@type\":\"ImageObject\",\"@id\":\"https:\/\/heuer-cup.de\/#logo\",\"inLanguage\":\"en-GB\",\"url\":\"https:\/\/heuer-cup.de\/wp-content\/uploads\/2019\/01\/logo2.jpg\",\"contentUrl\":\"https:\/\/heuer-cup.de\/wp-content\/uploads\/2019\/01\/logo2.jpg\",\"width\":750,\"height\":186,\"caption\":\"Heuer Radsport\"},\"image\":{\"@id\":\"https:\/\/heuer-cup.de\/#logo\"}},{\"@type\":\"WebSite\",\"@id\":\"https:\/\/heuer-cup.de\/#website\",\"url\":\"https:\/\/heuer-cup.de\/\",\"name\":\"Heuer Radsport\",\"description\":\"Vollgas! oder einfach: Kette rechts\",\"publisher\":{\"@id\":\"https:\/\/heuer-cup.de\/#organization\"},\"potentialAction\":[{\"@type\":\"SearchAction\",\"target\":{\"@type\":\"EntryPoint\",\"urlTemplate\":\"https:\/\/heuer-cup.de\/?s={search_term_string}\"},\"query-input\":\"required name=search_term_string\"}],\"inLanguage\":\"en-GB\"},{\"@type\":\"ImageObject\",\"@id\":\"https:\/\/heuer-cup.de\/etappen-2019\/reute\/strecke\/#primaryimage\",\"inLanguage\":\"en-GB\",\"url\":\"https:\/\/heuer-cup.eu\/userfiles\/images\/Vereine\/Reute\/JP-Print.jpg\",\"contentUrl\":\"https:\/\/heuer-cup.eu\/userfiles\/images\/Vereine\/Reute\/JP-Print.jpg\"},{\"@type\":\"WebPage\",\"@id\":\"https:\/\/heuer-cup.de\/etappen-2019\/reute\/strecke\/#webpage\",\"url\":\"https:\/\/heuer-cup.de\/etappen-2019\/reute\/strecke\/\",\"name\":\"Strecke Reute Radrennen im Rahmen des HEUER-Cup\",\"isPartOf\":{\"@id\":\"https:\/\/heuer-cup.de\/#website\"},\"primaryImageOfPage\":{\"@id\":\"https:\/\/heuer-cup.de\/etappen-2019\/reute\/strecke\/#primaryimage\"},\"datePublished\":\"2019-08-21T18:46:26+00:00\",\"dateModified\":\"2019-09-09T08:23:26+00:00\",\"description\":\"Strecke Reute Radrennen im Rahmen des HEUER-Cup am Sonntag, den 21. Juli 2019, mit Start und Ziel an der Eichmattenhalle.\",\"breadcrumb\":{\"@id\":\"https:\/\/heuer-cup.de\/etappen-2019\/reute\/strecke\/#breadcrumb\"},\"inLanguage\":\"en-GB\",\"potentialAction\":[{\"@type\":\"ReadAction\",\"target\":[\"https:\/\/heuer-cup.de\/etappen-2019\/reute\/strecke\/\"]}]},{\"@type\":\"BreadcrumbList\",\"@id\":\"https:\/\/heuer-cup.de\/etappen-2019\/reute\/strecke\/#breadcrumb\",\"itemListElement\":[{\"@type\":\"ListItem\",\"position\":1,\"name\":\"Home\",\"item\":\"https:\/\/heuer-cup.de\/\"},{\"@type\":\"ListItem\",\"position\":2,\"name\":\"Etappen 2019\",\"item\":\"https:\/\/heuer-cup.de\/etappen-2019\/\"},{\"@type\":\"ListItem\",\"position\":3,\"name\":\"Reute\",\"item\":\"https:\/\/heuer-cup.de\/etappen-2019\/reute\/\"},{\"@type\":\"ListItem\",\"position\":4,\"name\":\"Strecke\"}]}]}<\/script>\n<!-- \/ Yoast SEO plugin. -->","yoast_head_json":{"title":"Strecke Reute Radrennen im Rahmen des HEUER-Cup","description":"Strecke Reute Radrennen im Rahmen des HEUER-Cup am Sonntag, den 21. Juli 2019, mit Start und Ziel an der Eichmattenhalle.","robots":{"index":"index","follow":"follow","max-snippet":"max-snippet:-1","max-image-preview":"max-image-preview:large","max-video-preview":"max-video-preview:-1"},"canonical":"https:\/\/heuer-cup.de\/en\/etappen-2019\/reute\/strecke\/","og_locale":"en_GB","og_type":"article","og_title":"Strecke Reute Radrennen im Rahmen des HEUER-Cup","og_description":"Strecke Reute Radrennen im Rahmen des HEUER-Cup am Sonntag, den 21. Juli 2019, mit Start und Ziel an der Eichmattenhalle.","og_url":"https:\/\/heuer-cup.de\/en\/etappen-2019\/reute\/strecke\/","og_site_name":"HEUER-Cup","article_publisher":"https:\/\/www.facebook.com\/HeuerCup\/","article_modified_time":"2019-09-09T08:23:26+00:00","og_image":[{"url":"https:\/\/heuer-cup.eu\/userfiles\/images\/Vereine\/Reute\/JP-Print.jpg"}],"twitter_card":"summary_large_image","twitter_site":"@Heuer_Cup","schema":{"@context":"https:\/\/schema.org","@graph":[{"@type":"Organization","@id":"https:\/\/heuer-cup.de\/#organization","name":"Heuer Radsport","url":"https:\/\/heuer-cup.de\/","sameAs":["https:\/\/www.facebook.com\/HeuerCup\/","https:\/\/www.instagram.com\/heuer_cup\/","https:\/\/www.youtube.com\/channel\/UCuFkVFhY376_zRGfw_0Oy-Q","https:\/\/twitter.com\/Heuer_Cup"],"logo":{"@type":"ImageObject","@id":"https:\/\/heuer-cup.de\/#logo","inLanguage":"en-GB","url":"https:\/\/heuer-cup.de\/wp-content\/uploads\/2019\/01\/logo2.jpg","contentUrl":"https:\/\/heuer-cup.de\/wp-content\/uploads\/2019\/01\/logo2.jpg","width":750,"height":186,"caption":"Heuer Radsport"},"image":{"@id":"https:\/\/heuer-cup.de\/#logo"}},{"@type":"WebSite","@id":"https:\/\/heuer-cup.de\/#website","url":"https:\/\/heuer-cup.de\/","name":"Heuer Radsport","description":"Vollgas! oder einfach: Kette rechts","publisher":{"@id":"https:\/\/heuer-cup.de\/#organization"},"potentialAction":[{"@type":"SearchAction","target":{"@type":"EntryPoint","urlTemplate":"https:\/\/heuer-cup.de\/?s={search_term_string}"},"query-input":"required name=search_term_string"}],"inLanguage":"en-GB"},{"@type":"ImageObject","@id":"https:\/\/heuer-cup.de\/etappen-2019\/reute\/strecke\/#primaryimage","inLanguage":"en-GB","url":"https:\/\/heuer-cup.eu\/userfiles\/images\/Vereine\/Reute\/JP-Print.jpg","contentUrl":"https:\/\/heuer-cup.eu\/userfiles\/images\/Vereine\/Reute\/JP-Print.jpg"},{"@type":"WebPage","@id":"https:\/\/heuer-cup.de\/etappen-2019\/reute\/strecke\/#webpage","url":"https:\/\/heuer-cup.de\/etappen-2019\/reute\/strecke\/","name":"Strecke Reute Radrennen im Rahmen des HEUER-Cup","isPartOf":{"@id":"https:\/\/heuer-cup.de\/#website"},"primaryImageOfPage":{"@id":"https:\/\/heuer-cup.de\/etappen-2019\/reute\/strecke\/#primaryimage"},"datePublished":"2019-08-21T18:46:26+00:00","dateModified":"2019-09-09T08:23:26+00:00","description":"Strecke Reute Radrennen im Rahmen des HEUER-Cup am Sonntag, den 21. Juli 2019, mit Start und Ziel an der Eichmattenhalle.","breadcrumb":{"@id":"https:\/\/heuer-cup.de\/etappen-2019\/reute\/strecke\/#breadcrumb"},"inLanguage":"en-GB","potentialAction":[{"@type":"ReadAction","target":["https:\/\/heuer-cup.de\/etappen-2019\/reute\/strecke\/"]}]},{"@type":"BreadcrumbList","@id":"https:\/\/heuer-cup.de\/etappen-2019\/reute\/strecke\/#breadcrumb","itemListElement":[{"@type":"ListItem","position":1,"name":"Home","item":"https:\/\/heuer-cup.de\/"},{"@type":"ListItem","position":2,"name":"Etappen 2019","item":"https:\/\/heuer-cup.de\/etappen-2019\/"},{"@type":"ListItem","position":3,"name":"Reute","item":"https:\/\/heuer-cup.de\/etappen-2019\/reute\/"},{"@type":"ListItem","position":4,"name":"Strecke"}]}]}},"_links":{"self":[{"href":"https:\/\/heuer-cup.de\/en\/wp-json\/wp\/v2\/pages\/4123"}],"collection":[{"href":"https:\/\/heuer-cup.de\/en\/wp-json\/wp\/v2\/pages"}],"about":[{"href":"https:\/\/heuer-cup.de\/en\/wp-json\/wp\/v2\/types\/page"}],"author":[{"embeddable":true,"href":"https:\/\/heuer-cup.de\/en\/wp-json\/wp\/v2\/users\/1"}],"replies":[{"embeddable":true,"href":"https:\/\/heuer-cup.de\/en\/wp-json\/wp\/v2\/comments?post=4123"}],"version-history":[{"count":2,"href":"https:\/\/heuer-cup.de\/en\/wp-json\/wp\/v2\/pages\/4123\/revisions"}],"predecessor-version":[{"id":4759,"href":"https:\/\/heuer-cup.de\/en\/wp-json\/wp\/v2\/pages\/4123\/revisions\/4759"}],"up":[{"embeddable":true,"href":"https:\/\/heuer-cup.de\/en\/wp-json\/wp\/v2\/pages\/4121"}],"wp:attachment":[{"href":"https:\/\/heuer-cup.de\/en\/wp-json\/wp\/v2\/media?parent=4123"}],"curies":[{"name":"wp","href":"https:\/\/api.w.org\/{rel}","templated":true}]}}