{"id":4115,"date":"2019-08-21T20:42:21","date_gmt":"2019-08-21T18:42:21","guid":{"rendered":"https:\/\/heuer-cup.de\/?page_id=4115"},"modified":"2019-09-09T09:00:22","modified_gmt":"2019-09-09T07:00:22","slug":"ilsfeld-auenstein","status":"publish","type":"page","link":"https:\/\/heuer-cup.de\/en\/etappen-2019\/ilsfeld-auenstein\/","title":{"rendered":"Ilsfeld &#8211; Auenstein"},"content":{"rendered":"<div class=\"vc_row wpb_row vc_row-fluid\"><div class=\"wpb_column vc_column_container vc_col-sm-12\"><div class=\"vc_column-inner\"><div class=\"wpb_wrapper\">\n\t<div class=\"wpb_text_column wpb_content_element\" >\n\t\t<div class=\"wpb_wrapper\">\n\t\t\t<p>Der\u00a0<a href=\"http:\/\/www.rsc-komet.de\/\" target=\"_blank\" rel=\"noopener noreferrer\">RSC Komet Ludwigsburg e.V.<\/a>\u00a0besteht seit 1946 und hat eine lange Tradition im Rennsport. In der Vergangenheit hat der Verein viele erfolgreiche Rennfahrer hervorgebracht und das Eglosheimer Radkriterium wurde 50 Jahre lang ausgetragen.<\/p>\n<p>Am 7. Juli l\u00e4dt der\u00a0<a href=\"http:\/\/www.rsc-komet.de\/\" target=\"_blank\" rel=\"noopener noreferrer\">RSC Komet Ludwigsburg e.V.<\/a>\u00a0zum gro\u00dfen Preis im Rahmen der Auensteiner Radsporttage ein. Das Rennen findet auf einer anspruchsvollen Strecke rund um Auenstein statt. Die Elite-Amateuere bestreiten die 5. Etappe und die Amateure ihre 7. Etappe im HEUER-Cup.<\/p>\n<p><img loading=\"lazy\" class=\"bild aligncenter\" title=\"Fahrerfeld in Ilsfeld\" src=\"https:\/\/heuer-cup.eu\/userfiles\/images\/Vereine\/ilsfeld\/Fahrerfeld%20in%20Ilsfeld.jpg\" alt=\"\" width=\"488\" height=\"325\" \/><\/p>\n<p>Die sch\u00f6nen 8,1 km lange und 180 hm schwere Runde wird insgesamt 8 mal befahren. Am gleichen Tag werden auf dieser auch die Bundesliga und die DM Berg der Frauen und Juniorinnen ausgetragen.<\/p>\n<p>Hier geht es zur\u00a0<a href=\"https:\/\/www.rad-net.de\/rad-net-portal\/ausschreibungen_1.htm?url=%2Fmodules.php%3Fname%3DAusschreibung%26rnswp_disziplin%3D1%26ID_Veranstaltung%3D32378%26mode%3Dascr_detail%26typ%3Di&amp;url_hash=eDTIj7IWVo4ThVxhrQMiNo0scoNfMHe7ZToKXmelb1M\" target=\"_blank\" rel=\"noopener noreferrer\">Ausschreibung auf rad-net.de<\/a><\/p>\n<p>Text von Philip \u00d6sterreicher<\/p>\n<div class=\"tplge_submenu\">\n<ul class=\"submenu\">\n<li class=\"doc\"><a href=\"https:\/\/heuer-cup.de\/en\/etappen-2019\/ilsfeld-auenstein\/strecke\/\">Strecke<\/a><\/li>\n<\/ul>\n<\/div>\n<div id=\"tplge_prevtopnext\"><\/div>\n\n\t\t<\/div>\n\t<\/div>\n<\/div><\/div><\/div><\/div>","protected":false},"excerpt":{"rendered":"Der\u00a0RSC Komet Ludwigsburg e.V.\u00a0besteht seit 1946 und hat eine lange Tradition im Rennsport. In der Vergangenheit hat der Verein viele erfolgreiche Rennfahrer hervorgebracht und das Eglosheimer Radkriterium wurde 50 Jahre lang ausgetragen. Am 7. Juli l\u00e4dt der\u00a0RSC Komet Ludwigsburg e.V.\u00a0zum gro\u00dfen Preis im Rahmen der Auensteiner Radsporttage ein. Das Rennen findet auf einer anspruchsvollen Strecke [...]","protected":false},"author":1,"featured_media":0,"parent":4075,"menu_order":0,"comment_status":"closed","ping_status":"closed","template":"","meta":[],"yoast_head":"<!-- This site is optimized with the Yoast SEO plugin v16.9 - https:\/\/yoast.com\/wordpress\/plugins\/seo\/ -->\n<title>Ilsfeld - Auenstein - HEUER-Cup - Der RSC Komet Ludwigsburg l\u00e4dt ein<\/title>\n<meta name=\"description\" content=\"Ilsfeld - Auenstein - HEUER-Cup - Der RSC Komet Ludwigsburg e.V l\u00e4dt am Sonntag, den 7. Juni zum Radsportevent ein und freut sich \u00fcber euer Kommen.\" \/>\n<meta name=\"robots\" content=\"index, follow, max-snippet:-1, max-image-preview:large, max-video-preview:-1\" \/>\n<link rel=\"canonical\" href=\"https:\/\/heuer-cup.de\/en\/etappen-2019\/ilsfeld-auenstein\/\" \/>\n<meta property=\"og:locale\" content=\"en_GB\" \/>\n<meta property=\"og:type\" content=\"article\" \/>\n<meta property=\"og:title\" content=\"Ilsfeld - Auenstein - HEUER-Cup - Der RSC Komet Ludwigsburg l\u00e4dt ein\" \/>\n<meta property=\"og:description\" content=\"Ilsfeld - Auenstein - HEUER-Cup - Der RSC Komet Ludwigsburg e.V l\u00e4dt am Sonntag, den 7. Juni zum Radsportevent ein und freut sich \u00fcber euer Kommen.\" \/>\n<meta property=\"og:url\" content=\"https:\/\/heuer-cup.de\/en\/etappen-2019\/ilsfeld-auenstein\/\" \/>\n<meta property=\"og:site_name\" content=\"HEUER-Cup\" \/>\n<meta property=\"article:publisher\" content=\"https:\/\/www.facebook.com\/HeuerCup\/\" \/>\n<meta property=\"article:modified_time\" content=\"2019-09-09T07:00:22+00:00\" \/>\n<meta property=\"og:image\" content=\"https:\/\/heuer-cup.eu\/userfiles\/images\/Vereine\/ilsfeld\/Fahrerfeld%20in%20Ilsfeld.jpg\" \/>\n<meta name=\"twitter:card\" content=\"summary_large_image\" \/>\n<meta name=\"twitter:site\" content=\"@Heuer_Cup\" \/>\n<meta name=\"twitter:label1\" content=\"Estimated reading time\" \/>\n\t<meta name=\"twitter:data1\" content=\"1 minute\" \/>\n<script type=\"application\/ld+json\" class=\"yoast-schema-graph\">{\"@context\":\"https:\/\/schema.org\",\"@graph\":[{\"@type\":\"Organization\",\"@id\":\"https:\/\/heuer-cup.de\/#organization\",\"name\":\"Heuer Radsport\",\"url\":\"https:\/\/heuer-cup.de\/\",\"sameAs\":[\"https:\/\/www.facebook.com\/HeuerCup\/\",\"https:\/\/www.instagram.com\/heuer_cup\/\",\"https:\/\/www.youtube.com\/channel\/UCuFkVFhY376_zRGfw_0Oy-Q\",\"https:\/\/twitter.com\/Heuer_Cup\"],\"logo\":{\"@type\":\"ImageObject\",\"@id\":\"https:\/\/heuer-cup.de\/#logo\",\"inLanguage\":\"en-GB\",\"url\":\"https:\/\/heuer-cup.de\/wp-content\/uploads\/2019\/01\/logo2.jpg\",\"contentUrl\":\"https:\/\/heuer-cup.de\/wp-content\/uploads\/2019\/01\/logo2.jpg\",\"width\":750,\"height\":186,\"caption\":\"Heuer Radsport\"},\"image\":{\"@id\":\"https:\/\/heuer-cup.de\/#logo\"}},{\"@type\":\"WebSite\",\"@id\":\"https:\/\/heuer-cup.de\/#website\",\"url\":\"https:\/\/heuer-cup.de\/\",\"name\":\"Heuer Radsport\",\"description\":\"Vollgas! oder einfach: Kette rechts\",\"publisher\":{\"@id\":\"https:\/\/heuer-cup.de\/#organization\"},\"potentialAction\":[{\"@type\":\"SearchAction\",\"target\":{\"@type\":\"EntryPoint\",\"urlTemplate\":\"https:\/\/heuer-cup.de\/?s={search_term_string}\"},\"query-input\":\"required name=search_term_string\"}],\"inLanguage\":\"en-GB\"},{\"@type\":\"ImageObject\",\"@id\":\"https:\/\/heuer-cup.de\/etappen-2019\/ilsfeld-auenstein\/#primaryimage\",\"inLanguage\":\"en-GB\",\"url\":\"https:\/\/heuer-cup.eu\/userfiles\/images\/Vereine\/ilsfeld\/Fahrerfeld%20in%20Ilsfeld.jpg\",\"contentUrl\":\"https:\/\/heuer-cup.eu\/userfiles\/images\/Vereine\/ilsfeld\/Fahrerfeld%20in%20Ilsfeld.jpg\"},{\"@type\":\"WebPage\",\"@id\":\"https:\/\/heuer-cup.de\/etappen-2019\/ilsfeld-auenstein\/#webpage\",\"url\":\"https:\/\/heuer-cup.de\/etappen-2019\/ilsfeld-auenstein\/\",\"name\":\"Ilsfeld - Auenstein - HEUER-Cup - Der RSC Komet Ludwigsburg l\\u00e4dt ein\",\"isPartOf\":{\"@id\":\"https:\/\/heuer-cup.de\/#website\"},\"primaryImageOfPage\":{\"@id\":\"https:\/\/heuer-cup.de\/etappen-2019\/ilsfeld-auenstein\/#primaryimage\"},\"datePublished\":\"2019-08-21T18:42:21+00:00\",\"dateModified\":\"2019-09-09T07:00:22+00:00\",\"description\":\"Ilsfeld - Auenstein - HEUER-Cup - Der RSC Komet Ludwigsburg e.V l\\u00e4dt am Sonntag, den 7. Juni zum Radsportevent ein und freut sich \\u00fcber euer Kommen.\",\"breadcrumb\":{\"@id\":\"https:\/\/heuer-cup.de\/etappen-2019\/ilsfeld-auenstein\/#breadcrumb\"},\"inLanguage\":\"en-GB\",\"potentialAction\":[{\"@type\":\"ReadAction\",\"target\":[\"https:\/\/heuer-cup.de\/etappen-2019\/ilsfeld-auenstein\/\"]}]},{\"@type\":\"BreadcrumbList\",\"@id\":\"https:\/\/heuer-cup.de\/etappen-2019\/ilsfeld-auenstein\/#breadcrumb\",\"itemListElement\":[{\"@type\":\"ListItem\",\"position\":1,\"name\":\"Home\",\"item\":\"https:\/\/heuer-cup.de\/\"},{\"@type\":\"ListItem\",\"position\":2,\"name\":\"Etappen 2019\",\"item\":\"https:\/\/heuer-cup.de\/etappen-2019\/\"},{\"@type\":\"ListItem\",\"position\":3,\"name\":\"Ilsfeld &#8211; Auenstein\"}]}]}<\/script>\n<!-- \/ Yoast SEO plugin. -->","yoast_head_json":{"title":"Ilsfeld - Auenstein - HEUER-Cup - Der RSC Komet Ludwigsburg l\u00e4dt ein","description":"Ilsfeld - Auenstein - HEUER-Cup - Der RSC Komet Ludwigsburg e.V l\u00e4dt am Sonntag, den 7. Juni zum Radsportevent ein und freut sich \u00fcber euer Kommen.","robots":{"index":"index","follow":"follow","max-snippet":"max-snippet:-1","max-image-preview":"max-image-preview:large","max-video-preview":"max-video-preview:-1"},"canonical":"https:\/\/heuer-cup.de\/en\/etappen-2019\/ilsfeld-auenstein\/","og_locale":"en_GB","og_type":"article","og_title":"Ilsfeld - Auenstein - HEUER-Cup - Der RSC Komet Ludwigsburg l\u00e4dt ein","og_description":"Ilsfeld - Auenstein - HEUER-Cup - Der RSC Komet Ludwigsburg e.V l\u00e4dt am Sonntag, den 7. Juni zum Radsportevent ein und freut sich \u00fcber euer Kommen.","og_url":"https:\/\/heuer-cup.de\/en\/etappen-2019\/ilsfeld-auenstein\/","og_site_name":"HEUER-Cup","article_publisher":"https:\/\/www.facebook.com\/HeuerCup\/","article_modified_time":"2019-09-09T07:00:22+00:00","og_image":[{"url":"https:\/\/heuer-cup.eu\/userfiles\/images\/Vereine\/ilsfeld\/Fahrerfeld%20in%20Ilsfeld.jpg"}],"twitter_card":"summary_large_image","twitter_site":"@Heuer_Cup","twitter_misc":{"Estimated reading time":"1 minute"},"schema":{"@context":"https:\/\/schema.org","@graph":[{"@type":"Organization","@id":"https:\/\/heuer-cup.de\/#organization","name":"Heuer Radsport","url":"https:\/\/heuer-cup.de\/","sameAs":["https:\/\/www.facebook.com\/HeuerCup\/","https:\/\/www.instagram.com\/heuer_cup\/","https:\/\/www.youtube.com\/channel\/UCuFkVFhY376_zRGfw_0Oy-Q","https:\/\/twitter.com\/Heuer_Cup"],"logo":{"@type":"ImageObject","@id":"https:\/\/heuer-cup.de\/#logo","inLanguage":"en-GB","url":"https:\/\/heuer-cup.de\/wp-content\/uploads\/2019\/01\/logo2.jpg","contentUrl":"https:\/\/heuer-cup.de\/wp-content\/uploads\/2019\/01\/logo2.jpg","width":750,"height":186,"caption":"Heuer Radsport"},"image":{"@id":"https:\/\/heuer-cup.de\/#logo"}},{"@type":"WebSite","@id":"https:\/\/heuer-cup.de\/#website","url":"https:\/\/heuer-cup.de\/","name":"Heuer Radsport","description":"Vollgas! oder einfach: Kette rechts","publisher":{"@id":"https:\/\/heuer-cup.de\/#organization"},"potentialAction":[{"@type":"SearchAction","target":{"@type":"EntryPoint","urlTemplate":"https:\/\/heuer-cup.de\/?s={search_term_string}"},"query-input":"required name=search_term_string"}],"inLanguage":"en-GB"},{"@type":"ImageObject","@id":"https:\/\/heuer-cup.de\/etappen-2019\/ilsfeld-auenstein\/#primaryimage","inLanguage":"en-GB","url":"https:\/\/heuer-cup.eu\/userfiles\/images\/Vereine\/ilsfeld\/Fahrerfeld%20in%20Ilsfeld.jpg","contentUrl":"https:\/\/heuer-cup.eu\/userfiles\/images\/Vereine\/ilsfeld\/Fahrerfeld%20in%20Ilsfeld.jpg"},{"@type":"WebPage","@id":"https:\/\/heuer-cup.de\/etappen-2019\/ilsfeld-auenstein\/#webpage","url":"https:\/\/heuer-cup.de\/etappen-2019\/ilsfeld-auenstein\/","name":"Ilsfeld - Auenstein - HEUER-Cup - Der RSC Komet Ludwigsburg l\u00e4dt ein","isPartOf":{"@id":"https:\/\/heuer-cup.de\/#website"},"primaryImageOfPage":{"@id":"https:\/\/heuer-cup.de\/etappen-2019\/ilsfeld-auenstein\/#primaryimage"},"datePublished":"2019-08-21T18:42:21+00:00","dateModified":"2019-09-09T07:00:22+00:00","description":"Ilsfeld - Auenstein - HEUER-Cup - Der RSC Komet Ludwigsburg e.V l\u00e4dt am Sonntag, den 7. Juni zum Radsportevent ein und freut sich \u00fcber euer Kommen.","breadcrumb":{"@id":"https:\/\/heuer-cup.de\/etappen-2019\/ilsfeld-auenstein\/#breadcrumb"},"inLanguage":"en-GB","potentialAction":[{"@type":"ReadAction","target":["https:\/\/heuer-cup.de\/etappen-2019\/ilsfeld-auenstein\/"]}]},{"@type":"BreadcrumbList","@id":"https:\/\/heuer-cup.de\/etappen-2019\/ilsfeld-auenstein\/#breadcrumb","itemListElement":[{"@type":"ListItem","position":1,"name":"Home","item":"https:\/\/heuer-cup.de\/"},{"@type":"ListItem","position":2,"name":"Etappen 2019","item":"https:\/\/heuer-cup.de\/etappen-2019\/"},{"@type":"ListItem","position":3,"name":"Ilsfeld &#8211; Auenstein"}]}]}},"_links":{"self":[{"href":"https:\/\/heuer-cup.de\/en\/wp-json\/wp\/v2\/pages\/4115"}],"collection":[{"href":"https:\/\/heuer-cup.de\/en\/wp-json\/wp\/v2\/pages"}],"about":[{"href":"https:\/\/heuer-cup.de\/en\/wp-json\/wp\/v2\/types\/page"}],"author":[{"embeddable":true,"href":"https:\/\/heuer-cup.de\/en\/wp-json\/wp\/v2\/users\/1"}],"replies":[{"embeddable":true,"href":"https:\/\/heuer-cup.de\/en\/wp-json\/wp\/v2\/comments?post=4115"}],"version-history":[{"count":3,"href":"https:\/\/heuer-cup.de\/en\/wp-json\/wp\/v2\/pages\/4115\/revisions"}],"predecessor-version":[{"id":4750,"href":"https:\/\/heuer-cup.de\/en\/wp-json\/wp\/v2\/pages\/4115\/revisions\/4750"}],"up":[{"embeddable":true,"href":"https:\/\/heuer-cup.de\/en\/wp-json\/wp\/v2\/pages\/4075"}],"wp:attachment":[{"href":"https:\/\/heuer-cup.de\/en\/wp-json\/wp\/v2\/media?parent=4115"}],"curies":[{"name":"wp","href":"https:\/\/api.w.org\/{rel}","templated":true}]}}