{"id":4111,"date":"2019-08-21T20:40:52","date_gmt":"2019-08-21T18:40:52","guid":{"rendered":"https:\/\/heuer-cup.de\/?page_id=4111"},"modified":"2019-09-10T09:30:00","modified_gmt":"2019-09-10T07:30:00","slug":"preis-grancafe-rino","status":"publish","type":"page","link":"https:\/\/heuer-cup.de\/en\/etappen-2019\/biberach\/preis-grancafe-rino\/","title":{"rendered":"Preis Grancafe Rino"},"content":{"rendered":"<div class=\"vc_row wpb_row vc_row-fluid\"><div class=\"wpb_column vc_column_container vc_col-sm-12\"><div class=\"vc_column-inner\"><div class=\"wpb_wrapper\">\n\t<div class=\"wpb_text_column wpb_content_element\" >\n\t\t<div class=\"wpb_wrapper\">\n\t\t\t<p>Bei dem Rennen um die Preise des Grancaf\u00e9 Rino am 30. Juni 2019 werden ab 10:00 Uhr die\u00a0<strong>Senioren 4<\/strong>\u00a0als Erste starten. Diesen folgen im Abstand von jeweils 2 Minuten die\u00a0<strong>Senioren 3<\/strong>\u00a0bzw.\u00a0<strong>Senioren 2<\/strong>. Den Abschluss des ersten Rennblocks bilden dann die<strong>\u00a0FT und Elite Frauen<\/strong>,\u00a0<strong>Juniorinnen U19<\/strong>\u00a0sowie die\u00a0<strong>weibliche Jugend U17<\/strong>, die um 10:06 Uhr auf Rundenjagd gehen.<\/p>\n<p>Der anspruchsvolle Kurs f\u00fchrt dabei die Rennradsportler von Ochsenhausen \u00fcber eine leichte Kuppe ins Tal nach Rottum, wo es wieder bergauf nach Richtung Mittelbuch geht. Auf halber Strecke schwenkt der Kurs \u00fcber den h\u00f6chsten Punkt der Runde nach Hattenburg. Nach der rasanten Abfahrt durch den tiefsten Punkt der Strecke, geht es an den Klostermauern in Ochsenhausen vorbei \u00fcber einen Anstieg zur\u00fcck zu Start und Ziel. F\u00fcnf Mal m\u00fcssen die Senioren den elf Kilometer langen Rundkurs dabei bew\u00e4ltigen, w\u00e4hrend die weiblichen Rennklassen bereits nach 4 Runden den Zielstrich \u00fcberqueren.<\/p>\n<p><img loading=\"lazy\" class=\"bild aligncenter\" title=\"Nachwuchs\" src=\"https:\/\/heuer-cup.eu\/userfiles\/images\/Vereine\/Biberach\/Nachwuchs.jpg\" alt=\"\" width=\"652\" height=\"287\" \/><\/p>\n<p>Danach werden die Nachwuchsfahrer der Altersklassen\u00a0<strong>Jugend U17<\/strong>,\u00a0<strong>Sch\u00fcler U15<\/strong>\u00a0und\u00a0<strong>U13<\/strong>\u00a0ab 11:40 Uhr versetzt ins Rennen gehen und dabei um die begehrten Platzierungen in den Rennserien HEUER-Cup bzw. BaW\u00fc-Sch\u00fcler-Cup fahren. Entsprechend den Altersklassen gilt es die Runde 5x, 3x bzw. 2x zu bew\u00e4ltigen.<\/p>\n<p>Im dritten Rennblock werden die gemeinsamen Rennen\u00a0<strong>Sch\u00fclerinnen U15<\/strong>\u00a0und\u00a0<strong>U13<\/strong>\u00a0gegen 13:20 Uhr gestartet, die ebenfalls 2 Runden absolvieren. Um 13:22 Uhr pr\u00e4sentieren sich\u00a0<strong>Sch\u00fcler U11<\/strong>\u00a0\/\u00a0<strong>Sch\u00fclerinnen U11<\/strong>\u00a0dem Rennpubilikum und bilden den Abschlu\u00df der Rennen f\u00fcr den BaW\u00fc-Sch\u00fcler-Cup.<\/p>\n<p>Den diesj\u00e4hrigen H\u00f6hepunkt bilden die\u00a0<strong>Amateure<\/strong>, die gegen 14:30 Uhr im vierten Rennblock auf ihre 9 Runden starten. Gegen 14:32 Uhr greifen dann die\u00a0<span class=\"rennkopf\"><strong>KT und Elite-Amateur<\/strong><\/span><strong>e<\/strong>\u00a0ins Renngeschehen mit ein.<\/p>\n<p><img loading=\"lazy\" class=\"bild aligncenter\" title=\"Ochsenhausen\" src=\"https:\/\/heuer-cup.eu\/userfiles\/images\/Vereine\/Biberach\/Impressionen%20aus%20Ochsenhausen.jpg\" alt=\"\" width=\"652\" height=\"285\" \/><\/p>\n<p>Die\u00a0<strong>Junioren<\/strong>\u00a0<strong>U19<\/strong>\u00a0m\u00fcssen bis gegen 14:35 Uhr auf ihren Start warten, haben aber auch &#8222;nur&#8220; 7 Runden zu bew\u00e4ltigen.<\/p>\n<p>Hier geht es zur\u00a0<a href=\"https:\/\/www.rad-net.de\/rad-net-ausschreibungen.htm?name=Ausschreibung&amp;ID_Veranstaltung=32427&amp;mode=ascr_detail\" target=\"_blank\" rel=\"noopener noreferrer\">Ausschreibung auf rad-net.de<\/a>.<\/p>\n<div class=\"tplge_submenu\"><\/div>\n<div id=\"tplge_prevtopnext\"><\/div>\n\n\t\t<\/div>\n\t<\/div>\n<\/div><\/div><\/div><\/div>","protected":false},"excerpt":{"rendered":"Bei dem Rennen um die Preise des Grancaf\u00e9 Rino am 30. Juni 2019 werden ab 10:00 Uhr die\u00a0Senioren 4\u00a0als Erste starten. Diesen folgen im Abstand von jeweils 2 Minuten die\u00a0Senioren 3\u00a0bzw.\u00a0Senioren 2. Den Abschluss des ersten Rennblocks bilden dann die\u00a0FT und Elite Frauen,\u00a0Juniorinnen U19\u00a0sowie die\u00a0weibliche Jugend U17, die um 10:06 Uhr auf Rundenjagd gehen. Der [...]","protected":false},"author":1,"featured_media":0,"parent":4109,"menu_order":0,"comment_status":"closed","ping_status":"closed","template":"","meta":[],"yoast_head":"<!-- This site is optimized with the Yoast SEO plugin v16.9 - https:\/\/yoast.com\/wordpress\/plugins\/seo\/ -->\n<title>Preis Grancafe Rino - HEUER-Cup - am 30. Juni 2019<\/title>\n<meta name=\"description\" content=\"Preis Grancafe Rino - HEUER-Cup - Beim Radsportevent am Sonntag, den 30. Juni 2019, um 10 Uhr, gehen die Senioren als erste an den Start.\" \/>\n<meta name=\"robots\" content=\"index, follow, max-snippet:-1, max-image-preview:large, max-video-preview:-1\" \/>\n<link rel=\"canonical\" href=\"https:\/\/heuer-cup.de\/en\/etappen-2019\/biberach\/preis-grancafe-rino\/\" \/>\n<meta property=\"og:locale\" content=\"en_GB\" \/>\n<meta property=\"og:type\" content=\"article\" \/>\n<meta property=\"og:title\" content=\"Preis Grancafe Rino - HEUER-Cup - am 30. Juni 2019\" \/>\n<meta property=\"og:description\" content=\"Preis Grancafe Rino - HEUER-Cup - Beim Radsportevent am Sonntag, den 30. Juni 2019, um 10 Uhr, gehen die Senioren als erste an den Start.\" \/>\n<meta property=\"og:url\" content=\"https:\/\/heuer-cup.de\/en\/etappen-2019\/biberach\/preis-grancafe-rino\/\" \/>\n<meta property=\"og:site_name\" content=\"HEUER-Cup\" \/>\n<meta property=\"article:publisher\" content=\"https:\/\/www.facebook.com\/HeuerCup\/\" \/>\n<meta property=\"article:modified_time\" content=\"2019-09-10T07:30:00+00:00\" \/>\n<meta property=\"og:image\" content=\"https:\/\/heuer-cup.eu\/userfiles\/images\/Vereine\/Biberach\/Nachwuchs.jpg\" \/>\n<meta name=\"twitter:card\" content=\"summary_large_image\" \/>\n<meta name=\"twitter:site\" content=\"@Heuer_Cup\" \/>\n<meta name=\"twitter:label1\" content=\"Estimated reading time\" \/>\n\t<meta name=\"twitter:data1\" content=\"2 minutes\" \/>\n<script type=\"application\/ld+json\" class=\"yoast-schema-graph\">{\"@context\":\"https:\/\/schema.org\",\"@graph\":[{\"@type\":\"Organization\",\"@id\":\"https:\/\/heuer-cup.de\/#organization\",\"name\":\"Heuer Radsport\",\"url\":\"https:\/\/heuer-cup.de\/\",\"sameAs\":[\"https:\/\/www.facebook.com\/HeuerCup\/\",\"https:\/\/www.instagram.com\/heuer_cup\/\",\"https:\/\/www.youtube.com\/channel\/UCuFkVFhY376_zRGfw_0Oy-Q\",\"https:\/\/twitter.com\/Heuer_Cup\"],\"logo\":{\"@type\":\"ImageObject\",\"@id\":\"https:\/\/heuer-cup.de\/#logo\",\"inLanguage\":\"en-GB\",\"url\":\"https:\/\/heuer-cup.de\/wp-content\/uploads\/2019\/01\/logo2.jpg\",\"contentUrl\":\"https:\/\/heuer-cup.de\/wp-content\/uploads\/2019\/01\/logo2.jpg\",\"width\":750,\"height\":186,\"caption\":\"Heuer Radsport\"},\"image\":{\"@id\":\"https:\/\/heuer-cup.de\/#logo\"}},{\"@type\":\"WebSite\",\"@id\":\"https:\/\/heuer-cup.de\/#website\",\"url\":\"https:\/\/heuer-cup.de\/\",\"name\":\"Heuer Radsport\",\"description\":\"Vollgas! oder einfach: Kette rechts\",\"publisher\":{\"@id\":\"https:\/\/heuer-cup.de\/#organization\"},\"potentialAction\":[{\"@type\":\"SearchAction\",\"target\":{\"@type\":\"EntryPoint\",\"urlTemplate\":\"https:\/\/heuer-cup.de\/?s={search_term_string}\"},\"query-input\":\"required name=search_term_string\"}],\"inLanguage\":\"en-GB\"},{\"@type\":\"ImageObject\",\"@id\":\"https:\/\/heuer-cup.de\/etappen-2019\/biberach\/preis-grancafe-rino\/#primaryimage\",\"inLanguage\":\"en-GB\",\"url\":\"https:\/\/heuer-cup.eu\/userfiles\/images\/Vereine\/Biberach\/Nachwuchs.jpg\",\"contentUrl\":\"https:\/\/heuer-cup.eu\/userfiles\/images\/Vereine\/Biberach\/Nachwuchs.jpg\"},{\"@type\":\"WebPage\",\"@id\":\"https:\/\/heuer-cup.de\/etappen-2019\/biberach\/preis-grancafe-rino\/#webpage\",\"url\":\"https:\/\/heuer-cup.de\/etappen-2019\/biberach\/preis-grancafe-rino\/\",\"name\":\"Preis Grancafe Rino - HEUER-Cup - am 30. Juni 2019\",\"isPartOf\":{\"@id\":\"https:\/\/heuer-cup.de\/#website\"},\"primaryImageOfPage\":{\"@id\":\"https:\/\/heuer-cup.de\/etappen-2019\/biberach\/preis-grancafe-rino\/#primaryimage\"},\"datePublished\":\"2019-08-21T18:40:52+00:00\",\"dateModified\":\"2019-09-10T07:30:00+00:00\",\"description\":\"Preis Grancafe Rino - HEUER-Cup - Beim Radsportevent am Sonntag, den 30. Juni 2019, um 10 Uhr, gehen die Senioren als erste an den Start.\",\"breadcrumb\":{\"@id\":\"https:\/\/heuer-cup.de\/etappen-2019\/biberach\/preis-grancafe-rino\/#breadcrumb\"},\"inLanguage\":\"en-GB\",\"potentialAction\":[{\"@type\":\"ReadAction\",\"target\":[\"https:\/\/heuer-cup.de\/etappen-2019\/biberach\/preis-grancafe-rino\/\"]}]},{\"@type\":\"BreadcrumbList\",\"@id\":\"https:\/\/heuer-cup.de\/etappen-2019\/biberach\/preis-grancafe-rino\/#breadcrumb\",\"itemListElement\":[{\"@type\":\"ListItem\",\"position\":1,\"name\":\"Home\",\"item\":\"https:\/\/heuer-cup.de\/\"},{\"@type\":\"ListItem\",\"position\":2,\"name\":\"Etappen 2019\",\"item\":\"https:\/\/heuer-cup.de\/etappen-2019\/\"},{\"@type\":\"ListItem\",\"position\":3,\"name\":\"Biberach\",\"item\":\"https:\/\/heuer-cup.de\/etappen-2019\/biberach\/\"},{\"@type\":\"ListItem\",\"position\":4,\"name\":\"Preis Grancafe Rino\"}]}]}<\/script>\n<!-- \/ Yoast SEO plugin. -->","yoast_head_json":{"title":"Preis Grancafe Rino - HEUER-Cup - am 30. Juni 2019","description":"Preis Grancafe Rino - HEUER-Cup - Beim Radsportevent am Sonntag, den 30. Juni 2019, um 10 Uhr, gehen die Senioren als erste an den Start.","robots":{"index":"index","follow":"follow","max-snippet":"max-snippet:-1","max-image-preview":"max-image-preview:large","max-video-preview":"max-video-preview:-1"},"canonical":"https:\/\/heuer-cup.de\/en\/etappen-2019\/biberach\/preis-grancafe-rino\/","og_locale":"en_GB","og_type":"article","og_title":"Preis Grancafe Rino - HEUER-Cup - am 30. Juni 2019","og_description":"Preis Grancafe Rino - HEUER-Cup - Beim Radsportevent am Sonntag, den 30. Juni 2019, um 10 Uhr, gehen die Senioren als erste an den Start.","og_url":"https:\/\/heuer-cup.de\/en\/etappen-2019\/biberach\/preis-grancafe-rino\/","og_site_name":"HEUER-Cup","article_publisher":"https:\/\/www.facebook.com\/HeuerCup\/","article_modified_time":"2019-09-10T07:30:00+00:00","og_image":[{"url":"https:\/\/heuer-cup.eu\/userfiles\/images\/Vereine\/Biberach\/Nachwuchs.jpg"}],"twitter_card":"summary_large_image","twitter_site":"@Heuer_Cup","twitter_misc":{"Estimated reading time":"2 minutes"},"schema":{"@context":"https:\/\/schema.org","@graph":[{"@type":"Organization","@id":"https:\/\/heuer-cup.de\/#organization","name":"Heuer Radsport","url":"https:\/\/heuer-cup.de\/","sameAs":["https:\/\/www.facebook.com\/HeuerCup\/","https:\/\/www.instagram.com\/heuer_cup\/","https:\/\/www.youtube.com\/channel\/UCuFkVFhY376_zRGfw_0Oy-Q","https:\/\/twitter.com\/Heuer_Cup"],"logo":{"@type":"ImageObject","@id":"https:\/\/heuer-cup.de\/#logo","inLanguage":"en-GB","url":"https:\/\/heuer-cup.de\/wp-content\/uploads\/2019\/01\/logo2.jpg","contentUrl":"https:\/\/heuer-cup.de\/wp-content\/uploads\/2019\/01\/logo2.jpg","width":750,"height":186,"caption":"Heuer Radsport"},"image":{"@id":"https:\/\/heuer-cup.de\/#logo"}},{"@type":"WebSite","@id":"https:\/\/heuer-cup.de\/#website","url":"https:\/\/heuer-cup.de\/","name":"Heuer Radsport","description":"Vollgas! oder einfach: Kette rechts","publisher":{"@id":"https:\/\/heuer-cup.de\/#organization"},"potentialAction":[{"@type":"SearchAction","target":{"@type":"EntryPoint","urlTemplate":"https:\/\/heuer-cup.de\/?s={search_term_string}"},"query-input":"required name=search_term_string"}],"inLanguage":"en-GB"},{"@type":"ImageObject","@id":"https:\/\/heuer-cup.de\/etappen-2019\/biberach\/preis-grancafe-rino\/#primaryimage","inLanguage":"en-GB","url":"https:\/\/heuer-cup.eu\/userfiles\/images\/Vereine\/Biberach\/Nachwuchs.jpg","contentUrl":"https:\/\/heuer-cup.eu\/userfiles\/images\/Vereine\/Biberach\/Nachwuchs.jpg"},{"@type":"WebPage","@id":"https:\/\/heuer-cup.de\/etappen-2019\/biberach\/preis-grancafe-rino\/#webpage","url":"https:\/\/heuer-cup.de\/etappen-2019\/biberach\/preis-grancafe-rino\/","name":"Preis Grancafe Rino - HEUER-Cup - am 30. Juni 2019","isPartOf":{"@id":"https:\/\/heuer-cup.de\/#website"},"primaryImageOfPage":{"@id":"https:\/\/heuer-cup.de\/etappen-2019\/biberach\/preis-grancafe-rino\/#primaryimage"},"datePublished":"2019-08-21T18:40:52+00:00","dateModified":"2019-09-10T07:30:00+00:00","description":"Preis Grancafe Rino - HEUER-Cup - Beim Radsportevent am Sonntag, den 30. Juni 2019, um 10 Uhr, gehen die Senioren als erste an den Start.","breadcrumb":{"@id":"https:\/\/heuer-cup.de\/etappen-2019\/biberach\/preis-grancafe-rino\/#breadcrumb"},"inLanguage":"en-GB","potentialAction":[{"@type":"ReadAction","target":["https:\/\/heuer-cup.de\/etappen-2019\/biberach\/preis-grancafe-rino\/"]}]},{"@type":"BreadcrumbList","@id":"https:\/\/heuer-cup.de\/etappen-2019\/biberach\/preis-grancafe-rino\/#breadcrumb","itemListElement":[{"@type":"ListItem","position":1,"name":"Home","item":"https:\/\/heuer-cup.de\/"},{"@type":"ListItem","position":2,"name":"Etappen 2019","item":"https:\/\/heuer-cup.de\/etappen-2019\/"},{"@type":"ListItem","position":3,"name":"Biberach","item":"https:\/\/heuer-cup.de\/etappen-2019\/biberach\/"},{"@type":"ListItem","position":4,"name":"Preis Grancafe Rino"}]}]}},"_links":{"self":[{"href":"https:\/\/heuer-cup.de\/en\/wp-json\/wp\/v2\/pages\/4111"}],"collection":[{"href":"https:\/\/heuer-cup.de\/en\/wp-json\/wp\/v2\/pages"}],"about":[{"href":"https:\/\/heuer-cup.de\/en\/wp-json\/wp\/v2\/types\/page"}],"author":[{"embeddable":true,"href":"https:\/\/heuer-cup.de\/en\/wp-json\/wp\/v2\/users\/1"}],"replies":[{"embeddable":true,"href":"https:\/\/heuer-cup.de\/en\/wp-json\/wp\/v2\/comments?post=4111"}],"version-history":[{"count":3,"href":"https:\/\/heuer-cup.de\/en\/wp-json\/wp\/v2\/pages\/4111\/revisions"}],"predecessor-version":[{"id":4747,"href":"https:\/\/heuer-cup.de\/en\/wp-json\/wp\/v2\/pages\/4111\/revisions\/4747"}],"up":[{"embeddable":true,"href":"https:\/\/heuer-cup.de\/en\/wp-json\/wp\/v2\/pages\/4109"}],"wp:attachment":[{"href":"https:\/\/heuer-cup.de\/en\/wp-json\/wp\/v2\/media?parent=4111"}],"curies":[{"name":"wp","href":"https:\/\/api.w.org\/{rel}","templated":true}]}}