{"id":4109,"date":"2019-08-21T20:40:08","date_gmt":"2019-08-21T18:40:08","guid":{"rendered":"https:\/\/heuer-cup.de\/?page_id=4109"},"modified":"2019-09-09T08:26:07","modified_gmt":"2019-09-09T06:26:07","slug":"biberach","status":"publish","type":"page","link":"https:\/\/heuer-cup.de\/en\/etappen-2019\/biberach\/","title":{"rendered":"Biberach"},"content":{"rendered":"<div class=\"vc_row wpb_row vc_row-fluid\"><div class=\"wpb_column vc_column_container vc_col-sm-12\"><div class=\"vc_column-inner\"><div class=\"wpb_wrapper\">\n\t<div class=\"wpb_text_column wpb_content_element\" >\n\t\t<div class=\"wpb_wrapper\">\n\t\t\t<p>von Andreas F\u00fctterling<\/p>\n<p>Der\u00a0<a href=\"http:\/\/www.rsc-biberach.de\/\" target=\"_blank\" rel=\"noopener noreferrer\">RSC Biberach e.V.<\/a>\u00a0richtet die 6. Etappe des HEUER-Cup 2019 aus. Am Sonntag, 30. Juni 2019 werden in Ochsenhausen beim Preis des Grancaf\u00e9 Rino alle Klassen des HEUER-Cups und der\u00a0<a href=\"http:\/\/www.bawue-schueler-cup.de\/\" target=\"_blank\" rel=\"noopener noreferrer\">BaW\u00fc-Sch\u00fcler-Cup<\/a>\u00a0an den Start gehen.<\/p>\n<p>Der erste Vorsitzende Frank Reichel freut sich, zum 17. Stra\u00dfenrennen um den RINO-Cup einzuladen. Er bedankt sich vor allem beim Hauptsponsor, dem Eiscafe RINO in Ochsenhausen. Der Dank geb\u00fchrt auch den weiteren Sponsoren, und den Inserenten im Programmheft, ohne die diese Veranstaltung nicht zu bew\u00e4ltigen w\u00e4re.<\/p>\n<p><a href=\"https:\/\/heuer-cup.eu\/userfiles\/downloads\/streckenPDF\/Heft-Radrennen-2019%20Heft%20-f%C3%BCr-Web.pdf\" target=\"_blank\" rel=\"noopener noreferrer\"><img loading=\"lazy\" class=\"bild aligncenter\" title=\"Programm\" src=\"https:\/\/heuer-cup.eu\/userfiles\/images\/Vereine\/Biberach\/Programm.JPG\" alt=\"\" width=\"332\" height=\"471\" \/><\/a><br \/>\nDer RSC Biberach ist ein Garant f\u00fcr gute Radrennveranstaltungen und f\u00fcr eine kontinuierliche Jugendarbeit. So konnten der RSC Biberach in den vergangenen Jahrzehnten viele junge Talente entdecken und f\u00f6rdern. Zahlreiche Sportler schafften den Sprung in den Landes- und Bundeskader und gewannen<br \/>\nnicht nur Medaillen bei nationalen Meisterschaften, sondern auch bei Europa- und Weltmeisterschaften. Dem Verein liegt der Spa\u00df am Radfahren in all seinen Varianten am Herzen. Den Sportlern w\u00fcnscht Frank Reichel mit seinem gro\u00dfartigen Team viel Erfolg und ein faires und unfallfreies Radrennen.<\/p>\n<div class=\"tplge_submenu\">\n<ul class=\"submenu\">\n<li class=\"doc\"><a href=\"https:\/\/heuer-cup.de\/en\/etappen-2019\/biberach\/preis-grancafe-rino\/\">Preis Grancafe Rino<\/a><\/li>\n<li class=\"doc\"><a href=\"https:\/\/heuer-cup.de\/en\/etappen-2019\/biberach\/strecke\/\">Strecke<\/a><\/li>\n<\/ul>\n<\/div>\n\n\t\t<\/div>\n\t<\/div>\n<\/div><\/div><\/div><\/div>","protected":false},"excerpt":{"rendered":"von Andreas F\u00fctterling Der\u00a0RSC Biberach e.V.\u00a0richtet die 6. Etappe des HEUER-Cup 2019 aus. Am Sonntag, 30. Juni 2019 werden in Ochsenhausen beim Preis des Grancaf\u00e9 Rino alle Klassen des HEUER-Cups und der\u00a0BaW\u00fc-Sch\u00fcler-Cup\u00a0an den Start gehen. Der erste Vorsitzende Frank Reichel freut sich, zum 17. Stra\u00dfenrennen um den RINO-Cup einzuladen. Er bedankt sich vor allem beim [...]","protected":false},"author":1,"featured_media":0,"parent":4075,"menu_order":0,"comment_status":"closed","ping_status":"closed","template":"","meta":[],"yoast_head":"<!-- This site is optimized with the Yoast SEO plugin v16.9 - https:\/\/yoast.com\/wordpress\/plugins\/seo\/ -->\n<title>Biberach - 6. Etappe des HEUER-Cup am 30. Juni 2019.<\/title>\n<meta name=\"description\" content=\"Biberach - der RSC Biberach e.V richtet die 6. Etappe des HEUER-Cup am Sonntag, den 30. Juni 2019, in Ochsenhausen beim Preis des Grancaf\u00e9 Rino.\" \/>\n<meta name=\"robots\" content=\"index, follow, max-snippet:-1, max-image-preview:large, max-video-preview:-1\" \/>\n<link rel=\"canonical\" href=\"https:\/\/heuer-cup.de\/en\/etappen-2019\/biberach\/\" \/>\n<meta property=\"og:locale\" content=\"en_GB\" \/>\n<meta property=\"og:type\" content=\"article\" \/>\n<meta property=\"og:title\" content=\"Biberach - 6. Etappe des HEUER-Cup am 30. Juni 2019.\" \/>\n<meta property=\"og:description\" content=\"Biberach - der RSC Biberach e.V richtet die 6. Etappe des HEUER-Cup am Sonntag, den 30. Juni 2019, in Ochsenhausen beim Preis des Grancaf\u00e9 Rino.\" \/>\n<meta property=\"og:url\" content=\"https:\/\/heuer-cup.de\/en\/etappen-2019\/biberach\/\" \/>\n<meta property=\"og:site_name\" content=\"HEUER-Cup\" \/>\n<meta property=\"article:publisher\" content=\"https:\/\/www.facebook.com\/HeuerCup\/\" \/>\n<meta property=\"article:modified_time\" content=\"2019-09-09T06:26:07+00:00\" \/>\n<meta property=\"og:image\" content=\"https:\/\/heuer-cup.eu\/userfiles\/images\/Vereine\/Biberach\/Programm.JPG\" \/>\n<meta name=\"twitter:card\" content=\"summary_large_image\" \/>\n<meta name=\"twitter:site\" content=\"@Heuer_Cup\" \/>\n<meta name=\"twitter:label1\" content=\"Estimated reading time\" \/>\n\t<meta name=\"twitter:data1\" content=\"1 minute\" \/>\n<script type=\"application\/ld+json\" class=\"yoast-schema-graph\">{\"@context\":\"https:\/\/schema.org\",\"@graph\":[{\"@type\":\"Organization\",\"@id\":\"https:\/\/heuer-cup.de\/#organization\",\"name\":\"Heuer Radsport\",\"url\":\"https:\/\/heuer-cup.de\/\",\"sameAs\":[\"https:\/\/www.facebook.com\/HeuerCup\/\",\"https:\/\/www.instagram.com\/heuer_cup\/\",\"https:\/\/www.youtube.com\/channel\/UCuFkVFhY376_zRGfw_0Oy-Q\",\"https:\/\/twitter.com\/Heuer_Cup\"],\"logo\":{\"@type\":\"ImageObject\",\"@id\":\"https:\/\/heuer-cup.de\/#logo\",\"inLanguage\":\"en-GB\",\"url\":\"https:\/\/heuer-cup.de\/wp-content\/uploads\/2019\/01\/logo2.jpg\",\"contentUrl\":\"https:\/\/heuer-cup.de\/wp-content\/uploads\/2019\/01\/logo2.jpg\",\"width\":750,\"height\":186,\"caption\":\"Heuer Radsport\"},\"image\":{\"@id\":\"https:\/\/heuer-cup.de\/#logo\"}},{\"@type\":\"WebSite\",\"@id\":\"https:\/\/heuer-cup.de\/#website\",\"url\":\"https:\/\/heuer-cup.de\/\",\"name\":\"Heuer Radsport\",\"description\":\"Vollgas! oder einfach: Kette rechts\",\"publisher\":{\"@id\":\"https:\/\/heuer-cup.de\/#organization\"},\"potentialAction\":[{\"@type\":\"SearchAction\",\"target\":{\"@type\":\"EntryPoint\",\"urlTemplate\":\"https:\/\/heuer-cup.de\/?s={search_term_string}\"},\"query-input\":\"required name=search_term_string\"}],\"inLanguage\":\"en-GB\"},{\"@type\":\"ImageObject\",\"@id\":\"https:\/\/heuer-cup.de\/etappen-2019\/biberach\/#primaryimage\",\"inLanguage\":\"en-GB\",\"url\":\"https:\/\/heuer-cup.eu\/userfiles\/images\/Vereine\/Biberach\/Programm.JPG\",\"contentUrl\":\"https:\/\/heuer-cup.eu\/userfiles\/images\/Vereine\/Biberach\/Programm.JPG\"},{\"@type\":\"WebPage\",\"@id\":\"https:\/\/heuer-cup.de\/etappen-2019\/biberach\/#webpage\",\"url\":\"https:\/\/heuer-cup.de\/etappen-2019\/biberach\/\",\"name\":\"Biberach - 6. Etappe des HEUER-Cup am 30. Juni 2019.\",\"isPartOf\":{\"@id\":\"https:\/\/heuer-cup.de\/#website\"},\"primaryImageOfPage\":{\"@id\":\"https:\/\/heuer-cup.de\/etappen-2019\/biberach\/#primaryimage\"},\"datePublished\":\"2019-08-21T18:40:08+00:00\",\"dateModified\":\"2019-09-09T06:26:07+00:00\",\"description\":\"Biberach - der RSC Biberach e.V richtet die 6. Etappe des HEUER-Cup am Sonntag, den 30. Juni 2019, in Ochsenhausen beim Preis des Grancaf\\u00e9 Rino.\",\"breadcrumb\":{\"@id\":\"https:\/\/heuer-cup.de\/etappen-2019\/biberach\/#breadcrumb\"},\"inLanguage\":\"en-GB\",\"potentialAction\":[{\"@type\":\"ReadAction\",\"target\":[\"https:\/\/heuer-cup.de\/etappen-2019\/biberach\/\"]}]},{\"@type\":\"BreadcrumbList\",\"@id\":\"https:\/\/heuer-cup.de\/etappen-2019\/biberach\/#breadcrumb\",\"itemListElement\":[{\"@type\":\"ListItem\",\"position\":1,\"name\":\"Home\",\"item\":\"https:\/\/heuer-cup.de\/\"},{\"@type\":\"ListItem\",\"position\":2,\"name\":\"Etappen 2019\",\"item\":\"https:\/\/heuer-cup.de\/etappen-2019\/\"},{\"@type\":\"ListItem\",\"position\":3,\"name\":\"Biberach\"}]}]}<\/script>\n<!-- \/ Yoast SEO plugin. -->","yoast_head_json":{"title":"Biberach - 6. Etappe des HEUER-Cup am 30. Juni 2019.","description":"Biberach - der RSC Biberach e.V richtet die 6. Etappe des HEUER-Cup am Sonntag, den 30. Juni 2019, in Ochsenhausen beim Preis des Grancaf\u00e9 Rino.","robots":{"index":"index","follow":"follow","max-snippet":"max-snippet:-1","max-image-preview":"max-image-preview:large","max-video-preview":"max-video-preview:-1"},"canonical":"https:\/\/heuer-cup.de\/en\/etappen-2019\/biberach\/","og_locale":"en_GB","og_type":"article","og_title":"Biberach - 6. Etappe des HEUER-Cup am 30. Juni 2019.","og_description":"Biberach - der RSC Biberach e.V richtet die 6. Etappe des HEUER-Cup am Sonntag, den 30. Juni 2019, in Ochsenhausen beim Preis des Grancaf\u00e9 Rino.","og_url":"https:\/\/heuer-cup.de\/en\/etappen-2019\/biberach\/","og_site_name":"HEUER-Cup","article_publisher":"https:\/\/www.facebook.com\/HeuerCup\/","article_modified_time":"2019-09-09T06:26:07+00:00","og_image":[{"url":"https:\/\/heuer-cup.eu\/userfiles\/images\/Vereine\/Biberach\/Programm.JPG"}],"twitter_card":"summary_large_image","twitter_site":"@Heuer_Cup","twitter_misc":{"Estimated reading time":"1 minute"},"schema":{"@context":"https:\/\/schema.org","@graph":[{"@type":"Organization","@id":"https:\/\/heuer-cup.de\/#organization","name":"Heuer Radsport","url":"https:\/\/heuer-cup.de\/","sameAs":["https:\/\/www.facebook.com\/HeuerCup\/","https:\/\/www.instagram.com\/heuer_cup\/","https:\/\/www.youtube.com\/channel\/UCuFkVFhY376_zRGfw_0Oy-Q","https:\/\/twitter.com\/Heuer_Cup"],"logo":{"@type":"ImageObject","@id":"https:\/\/heuer-cup.de\/#logo","inLanguage":"en-GB","url":"https:\/\/heuer-cup.de\/wp-content\/uploads\/2019\/01\/logo2.jpg","contentUrl":"https:\/\/heuer-cup.de\/wp-content\/uploads\/2019\/01\/logo2.jpg","width":750,"height":186,"caption":"Heuer Radsport"},"image":{"@id":"https:\/\/heuer-cup.de\/#logo"}},{"@type":"WebSite","@id":"https:\/\/heuer-cup.de\/#website","url":"https:\/\/heuer-cup.de\/","name":"Heuer Radsport","description":"Vollgas! oder einfach: Kette rechts","publisher":{"@id":"https:\/\/heuer-cup.de\/#organization"},"potentialAction":[{"@type":"SearchAction","target":{"@type":"EntryPoint","urlTemplate":"https:\/\/heuer-cup.de\/?s={search_term_string}"},"query-input":"required name=search_term_string"}],"inLanguage":"en-GB"},{"@type":"ImageObject","@id":"https:\/\/heuer-cup.de\/etappen-2019\/biberach\/#primaryimage","inLanguage":"en-GB","url":"https:\/\/heuer-cup.eu\/userfiles\/images\/Vereine\/Biberach\/Programm.JPG","contentUrl":"https:\/\/heuer-cup.eu\/userfiles\/images\/Vereine\/Biberach\/Programm.JPG"},{"@type":"WebPage","@id":"https:\/\/heuer-cup.de\/etappen-2019\/biberach\/#webpage","url":"https:\/\/heuer-cup.de\/etappen-2019\/biberach\/","name":"Biberach - 6. Etappe des HEUER-Cup am 30. Juni 2019.","isPartOf":{"@id":"https:\/\/heuer-cup.de\/#website"},"primaryImageOfPage":{"@id":"https:\/\/heuer-cup.de\/etappen-2019\/biberach\/#primaryimage"},"datePublished":"2019-08-21T18:40:08+00:00","dateModified":"2019-09-09T06:26:07+00:00","description":"Biberach - der RSC Biberach e.V richtet die 6. Etappe des HEUER-Cup am Sonntag, den 30. Juni 2019, in Ochsenhausen beim Preis des Grancaf\u00e9 Rino.","breadcrumb":{"@id":"https:\/\/heuer-cup.de\/etappen-2019\/biberach\/#breadcrumb"},"inLanguage":"en-GB","potentialAction":[{"@type":"ReadAction","target":["https:\/\/heuer-cup.de\/etappen-2019\/biberach\/"]}]},{"@type":"BreadcrumbList","@id":"https:\/\/heuer-cup.de\/etappen-2019\/biberach\/#breadcrumb","itemListElement":[{"@type":"ListItem","position":1,"name":"Home","item":"https:\/\/heuer-cup.de\/"},{"@type":"ListItem","position":2,"name":"Etappen 2019","item":"https:\/\/heuer-cup.de\/etappen-2019\/"},{"@type":"ListItem","position":3,"name":"Biberach"}]}]}},"_links":{"self":[{"href":"https:\/\/heuer-cup.de\/en\/wp-json\/wp\/v2\/pages\/4109"}],"collection":[{"href":"https:\/\/heuer-cup.de\/en\/wp-json\/wp\/v2\/pages"}],"about":[{"href":"https:\/\/heuer-cup.de\/en\/wp-json\/wp\/v2\/types\/page"}],"author":[{"embeddable":true,"href":"https:\/\/heuer-cup.de\/en\/wp-json\/wp\/v2\/users\/1"}],"replies":[{"embeddable":true,"href":"https:\/\/heuer-cup.de\/en\/wp-json\/wp\/v2\/comments?post=4109"}],"version-history":[{"count":2,"href":"https:\/\/heuer-cup.de\/en\/wp-json\/wp\/v2\/pages\/4109\/revisions"}],"predecessor-version":[{"id":4745,"href":"https:\/\/heuer-cup.de\/en\/wp-json\/wp\/v2\/pages\/4109\/revisions\/4745"}],"up":[{"embeddable":true,"href":"https:\/\/heuer-cup.de\/en\/wp-json\/wp\/v2\/pages\/4075"}],"wp:attachment":[{"href":"https:\/\/heuer-cup.de\/en\/wp-json\/wp\/v2\/media?parent=4109"}],"curies":[{"name":"wp","href":"https:\/\/api.w.org\/{rel}","templated":true}]}}