{"id":4099,"date":"2019-08-21T20:36:15","date_gmt":"2019-08-21T18:36:15","guid":{"rendered":"https:\/\/heuer-cup.de\/?page_id=4099"},"modified":"2019-09-10T09:24:49","modified_gmt":"2019-09-10T07:24:49","slug":"41-konstanzer-city-radrennen","status":"publish","type":"page","link":"https:\/\/heuer-cup.de\/en\/etappen-2019\/41-konstanzer-city-radrennen\/","title":{"rendered":"41. Konstanzer City Radrennen"},"content":{"rendered":"<div class=\"vc_row wpb_row vc_row-fluid\"><div class=\"wpb_column vc_column_container vc_col-sm-12\"><div class=\"vc_column-inner\"><div class=\"wpb_wrapper\">\n\t<div class=\"wpb_text_column wpb_content_element\" >\n\t\t<div class=\"wpb_wrapper\">\n\t\t\t<p>Das Konstanzer City-Radrennen wird seit 1935 vom\u00a0<a href=\"http:\/\/www.vmc-konstanz.de\/\" target=\"_blank\" rel=\"noopener noreferrer\">VMC Konstanz<\/a>\u00a0ausgetragen. Das diesj\u00e4hrige 41. Radrennen findet am 19. Mai 2019 statt. Wieder mal das traditionelle Radrennen als Etappe des HEUER-Cups in der Konstanzer Innenstadt mit der\u00a0<a href=\"https:\/\/heuer-cup.de\/en\/etappen-2019\/41-konstanzer-city-radrennen\/strecke\/\">Rennstrecke auf der Laube,\u00a0<\/a>die f\u00fcr dieses Ergeignis eigens f\u00fcr dieses Radrennen gesperrt wird.<br \/>\nF\u00fcr die Sch\u00fcler und Sch\u00fclerinnen von U11 bis U15 ist dieses Radrennen Teil der des Regio-Cups.<\/p>\n<p><a href=\"https:\/\/www.vmc-konstanz.de\/cityradrennen\" target=\"_blank\" rel=\"noopener noreferrer\"><img loading=\"lazy\" class=\"aligncenter\" title=\"VMC Konstanz\" src=\"https:\/\/heuer-cup.eu\/userfiles\/images\/Logo\/VMC-Logo%20farbig.png\" alt=\"\" width=\"255\" height=\"255\" \/><\/a><\/p>\n<p>Der &#8222;Velo-Club&#8220; ist der zweit\u00e4lteste Sportverein der Stadt Konstanz, der sich seit \u00fcber 120 Jah\u00adren im Wett\u00adkampf- und Breiten\u00adsport enga\u00adgiert und sich die F\u00f6rder\u00adung des Rad\u00adsports auf die Fahnen ge\u00adschrieben hat.<\/p>\n<p>Dank der vereinseigenen Sporthalle verf\u00fcgt der Verein \u00fcber optimale Trainingsbedingungen und kann auch Rennfahrern und Breitensportlern ein ganzj\u00e4hriges Training anbieten.<\/p>\n<p>Hier geht es weiter zu den Inter\u00adnet\u00adsei\u00adten des\u00a0<a href=\"https:\/\/www.vmc-konstanz.de\/\" target=\"_blank\" rel=\"noopener noreferrer\">Velo- und Motor\u00adfahrer-Club Konstanz 1892\/04<\/a>.<\/p>\n<p>Bei allen Fragen rund um das Rennen steht der sportliche Leiter\u00a0<a href=\"https:\/\/www.vmc-konstanz.de\/verein\/verwaltungsrat\/18-bernd-fidelak-jaegg\" target=\"_blank\" rel=\"noopener noreferrer\">Bernd Fidelak<\/a> als Ansprechpartner zur Verf\u00fcgung.<\/p>\n<div class=\"tplge_submenu\">\n<ul class=\"submenu\">\n<li class=\"doc\"><a href=\"https:\/\/heuer-cup.de\/en\/etappen-2019\/41-konstanzer-city-radrennen\/strecke\/\">Strecke<\/a><\/li>\n<li class=\"doc\"><a href=\"https:\/\/heuer-cup.de\/en\/etappen-2019\/41-konstanzer-city-radrennen\/image-des-vmc-konstanz\/\">Image des VMC Konstanz<\/a><\/li>\n<\/ul>\n<\/div>\n\n\t\t<\/div>\n\t<\/div>\n<\/div><\/div><\/div><\/div>","protected":false},"excerpt":{"rendered":"Das Konstanzer City-Radrennen wird seit 1935 vom\u00a0VMC Konstanz\u00a0ausgetragen. Das diesj\u00e4hrige 41. Radrennen findet am 19. Mai 2019 statt. Wieder mal das traditionelle Radrennen als Etappe des HEUER-Cups in der Konstanzer Innenstadt mit der\u00a0Rennstrecke auf der Laube,\u00a0die f\u00fcr dieses Ergeignis eigens f\u00fcr dieses Radrennen gesperrt wird. F\u00fcr die Sch\u00fcler und Sch\u00fclerinnen von U11 bis U15 ist [...]","protected":false},"author":1,"featured_media":0,"parent":4075,"menu_order":0,"comment_status":"closed","ping_status":"closed","template":"","meta":[],"yoast_head":"<!-- This site is optimized with the Yoast SEO plugin v16.9 - https:\/\/yoast.com\/wordpress\/plugins\/seo\/ -->\n<title>41. Konstanzer City Radrennen - HEUER-Cup Informationen<\/title>\n<meta name=\"description\" content=\"41. Konstanzer City Radrennen - HEUER-Cup Informationen zum traditionellen Radrennen und Strecke am Sonntag, den 19 Mai 2019.\" \/>\n<meta name=\"robots\" content=\"index, follow, max-snippet:-1, max-image-preview:large, max-video-preview:-1\" \/>\n<link rel=\"canonical\" href=\"https:\/\/heuer-cup.de\/en\/etappen-2019\/41-konstanzer-city-radrennen\/\" \/>\n<meta property=\"og:locale\" content=\"en_GB\" \/>\n<meta property=\"og:type\" content=\"article\" \/>\n<meta property=\"og:title\" content=\"41. Konstanzer City Radrennen - HEUER-Cup Informationen\" \/>\n<meta property=\"og:description\" content=\"41. Konstanzer City Radrennen - HEUER-Cup Informationen zum traditionellen Radrennen und Strecke am Sonntag, den 19 Mai 2019.\" \/>\n<meta property=\"og:url\" content=\"https:\/\/heuer-cup.de\/en\/etappen-2019\/41-konstanzer-city-radrennen\/\" \/>\n<meta property=\"og:site_name\" content=\"HEUER-Cup\" \/>\n<meta property=\"article:publisher\" content=\"https:\/\/www.facebook.com\/HeuerCup\/\" \/>\n<meta property=\"article:modified_time\" content=\"2019-09-10T07:24:49+00:00\" \/>\n<meta property=\"og:image\" content=\"https:\/\/heuer-cup.eu\/userfiles\/images\/Logo\/VMC-Logo%20farbig.png\" \/>\n<meta name=\"twitter:card\" content=\"summary_large_image\" \/>\n<meta name=\"twitter:site\" content=\"@Heuer_Cup\" \/>\n<meta name=\"twitter:label1\" content=\"Estimated reading time\" \/>\n\t<meta name=\"twitter:data1\" content=\"1 minute\" \/>\n<script type=\"application\/ld+json\" class=\"yoast-schema-graph\">{\"@context\":\"https:\/\/schema.org\",\"@graph\":[{\"@type\":\"Organization\",\"@id\":\"https:\/\/heuer-cup.de\/#organization\",\"name\":\"Heuer Radsport\",\"url\":\"https:\/\/heuer-cup.de\/\",\"sameAs\":[\"https:\/\/www.facebook.com\/HeuerCup\/\",\"https:\/\/www.instagram.com\/heuer_cup\/\",\"https:\/\/www.youtube.com\/channel\/UCuFkVFhY376_zRGfw_0Oy-Q\",\"https:\/\/twitter.com\/Heuer_Cup\"],\"logo\":{\"@type\":\"ImageObject\",\"@id\":\"https:\/\/heuer-cup.de\/#logo\",\"inLanguage\":\"en-GB\",\"url\":\"https:\/\/heuer-cup.de\/wp-content\/uploads\/2019\/01\/logo2.jpg\",\"contentUrl\":\"https:\/\/heuer-cup.de\/wp-content\/uploads\/2019\/01\/logo2.jpg\",\"width\":750,\"height\":186,\"caption\":\"Heuer Radsport\"},\"image\":{\"@id\":\"https:\/\/heuer-cup.de\/#logo\"}},{\"@type\":\"WebSite\",\"@id\":\"https:\/\/heuer-cup.de\/#website\",\"url\":\"https:\/\/heuer-cup.de\/\",\"name\":\"Heuer Radsport\",\"description\":\"Vollgas! oder einfach: Kette rechts\",\"publisher\":{\"@id\":\"https:\/\/heuer-cup.de\/#organization\"},\"potentialAction\":[{\"@type\":\"SearchAction\",\"target\":{\"@type\":\"EntryPoint\",\"urlTemplate\":\"https:\/\/heuer-cup.de\/?s={search_term_string}\"},\"query-input\":\"required name=search_term_string\"}],\"inLanguage\":\"en-GB\"},{\"@type\":\"ImageObject\",\"@id\":\"https:\/\/heuer-cup.de\/etappen-2019\/41-konstanzer-city-radrennen\/#primaryimage\",\"inLanguage\":\"en-GB\",\"url\":\"https:\/\/heuer-cup.eu\/userfiles\/images\/Logo\/VMC-Logo%20farbig.png\",\"contentUrl\":\"https:\/\/heuer-cup.eu\/userfiles\/images\/Logo\/VMC-Logo%20farbig.png\"},{\"@type\":\"WebPage\",\"@id\":\"https:\/\/heuer-cup.de\/etappen-2019\/41-konstanzer-city-radrennen\/#webpage\",\"url\":\"https:\/\/heuer-cup.de\/etappen-2019\/41-konstanzer-city-radrennen\/\",\"name\":\"41. Konstanzer City Radrennen - HEUER-Cup Informationen\",\"isPartOf\":{\"@id\":\"https:\/\/heuer-cup.de\/#website\"},\"primaryImageOfPage\":{\"@id\":\"https:\/\/heuer-cup.de\/etappen-2019\/41-konstanzer-city-radrennen\/#primaryimage\"},\"datePublished\":\"2019-08-21T18:36:15+00:00\",\"dateModified\":\"2019-09-10T07:24:49+00:00\",\"description\":\"41. Konstanzer City Radrennen - HEUER-Cup Informationen zum traditionellen Radrennen und Strecke am Sonntag, den 19 Mai 2019.\",\"breadcrumb\":{\"@id\":\"https:\/\/heuer-cup.de\/etappen-2019\/41-konstanzer-city-radrennen\/#breadcrumb\"},\"inLanguage\":\"en-GB\",\"potentialAction\":[{\"@type\":\"ReadAction\",\"target\":[\"https:\/\/heuer-cup.de\/etappen-2019\/41-konstanzer-city-radrennen\/\"]}]},{\"@type\":\"BreadcrumbList\",\"@id\":\"https:\/\/heuer-cup.de\/etappen-2019\/41-konstanzer-city-radrennen\/#breadcrumb\",\"itemListElement\":[{\"@type\":\"ListItem\",\"position\":1,\"name\":\"Home\",\"item\":\"https:\/\/heuer-cup.de\/\"},{\"@type\":\"ListItem\",\"position\":2,\"name\":\"Etappen 2019\",\"item\":\"https:\/\/heuer-cup.de\/etappen-2019\/\"},{\"@type\":\"ListItem\",\"position\":3,\"name\":\"41. Konstanzer City Radrennen\"}]}]}<\/script>\n<!-- \/ Yoast SEO plugin. -->","yoast_head_json":{"title":"41. Konstanzer City Radrennen - HEUER-Cup Informationen","description":"41. Konstanzer City Radrennen - HEUER-Cup Informationen zum traditionellen Radrennen und Strecke am Sonntag, den 19 Mai 2019.","robots":{"index":"index","follow":"follow","max-snippet":"max-snippet:-1","max-image-preview":"max-image-preview:large","max-video-preview":"max-video-preview:-1"},"canonical":"https:\/\/heuer-cup.de\/en\/etappen-2019\/41-konstanzer-city-radrennen\/","og_locale":"en_GB","og_type":"article","og_title":"41. Konstanzer City Radrennen - HEUER-Cup Informationen","og_description":"41. Konstanzer City Radrennen - HEUER-Cup Informationen zum traditionellen Radrennen und Strecke am Sonntag, den 19 Mai 2019.","og_url":"https:\/\/heuer-cup.de\/en\/etappen-2019\/41-konstanzer-city-radrennen\/","og_site_name":"HEUER-Cup","article_publisher":"https:\/\/www.facebook.com\/HeuerCup\/","article_modified_time":"2019-09-10T07:24:49+00:00","og_image":[{"url":"https:\/\/heuer-cup.eu\/userfiles\/images\/Logo\/VMC-Logo%20farbig.png"}],"twitter_card":"summary_large_image","twitter_site":"@Heuer_Cup","twitter_misc":{"Estimated reading time":"1 minute"},"schema":{"@context":"https:\/\/schema.org","@graph":[{"@type":"Organization","@id":"https:\/\/heuer-cup.de\/#organization","name":"Heuer Radsport","url":"https:\/\/heuer-cup.de\/","sameAs":["https:\/\/www.facebook.com\/HeuerCup\/","https:\/\/www.instagram.com\/heuer_cup\/","https:\/\/www.youtube.com\/channel\/UCuFkVFhY376_zRGfw_0Oy-Q","https:\/\/twitter.com\/Heuer_Cup"],"logo":{"@type":"ImageObject","@id":"https:\/\/heuer-cup.de\/#logo","inLanguage":"en-GB","url":"https:\/\/heuer-cup.de\/wp-content\/uploads\/2019\/01\/logo2.jpg","contentUrl":"https:\/\/heuer-cup.de\/wp-content\/uploads\/2019\/01\/logo2.jpg","width":750,"height":186,"caption":"Heuer Radsport"},"image":{"@id":"https:\/\/heuer-cup.de\/#logo"}},{"@type":"WebSite","@id":"https:\/\/heuer-cup.de\/#website","url":"https:\/\/heuer-cup.de\/","name":"Heuer Radsport","description":"Vollgas! oder einfach: Kette rechts","publisher":{"@id":"https:\/\/heuer-cup.de\/#organization"},"potentialAction":[{"@type":"SearchAction","target":{"@type":"EntryPoint","urlTemplate":"https:\/\/heuer-cup.de\/?s={search_term_string}"},"query-input":"required name=search_term_string"}],"inLanguage":"en-GB"},{"@type":"ImageObject","@id":"https:\/\/heuer-cup.de\/etappen-2019\/41-konstanzer-city-radrennen\/#primaryimage","inLanguage":"en-GB","url":"https:\/\/heuer-cup.eu\/userfiles\/images\/Logo\/VMC-Logo%20farbig.png","contentUrl":"https:\/\/heuer-cup.eu\/userfiles\/images\/Logo\/VMC-Logo%20farbig.png"},{"@type":"WebPage","@id":"https:\/\/heuer-cup.de\/etappen-2019\/41-konstanzer-city-radrennen\/#webpage","url":"https:\/\/heuer-cup.de\/etappen-2019\/41-konstanzer-city-radrennen\/","name":"41. Konstanzer City Radrennen - HEUER-Cup Informationen","isPartOf":{"@id":"https:\/\/heuer-cup.de\/#website"},"primaryImageOfPage":{"@id":"https:\/\/heuer-cup.de\/etappen-2019\/41-konstanzer-city-radrennen\/#primaryimage"},"datePublished":"2019-08-21T18:36:15+00:00","dateModified":"2019-09-10T07:24:49+00:00","description":"41. Konstanzer City Radrennen - HEUER-Cup Informationen zum traditionellen Radrennen und Strecke am Sonntag, den 19 Mai 2019.","breadcrumb":{"@id":"https:\/\/heuer-cup.de\/etappen-2019\/41-konstanzer-city-radrennen\/#breadcrumb"},"inLanguage":"en-GB","potentialAction":[{"@type":"ReadAction","target":["https:\/\/heuer-cup.de\/etappen-2019\/41-konstanzer-city-radrennen\/"]}]},{"@type":"BreadcrumbList","@id":"https:\/\/heuer-cup.de\/etappen-2019\/41-konstanzer-city-radrennen\/#breadcrumb","itemListElement":[{"@type":"ListItem","position":1,"name":"Home","item":"https:\/\/heuer-cup.de\/"},{"@type":"ListItem","position":2,"name":"Etappen 2019","item":"https:\/\/heuer-cup.de\/etappen-2019\/"},{"@type":"ListItem","position":3,"name":"41. Konstanzer City Radrennen"}]}]}},"_links":{"self":[{"href":"https:\/\/heuer-cup.de\/en\/wp-json\/wp\/v2\/pages\/4099"}],"collection":[{"href":"https:\/\/heuer-cup.de\/en\/wp-json\/wp\/v2\/pages"}],"about":[{"href":"https:\/\/heuer-cup.de\/en\/wp-json\/wp\/v2\/types\/page"}],"author":[{"embeddable":true,"href":"https:\/\/heuer-cup.de\/en\/wp-json\/wp\/v2\/users\/1"}],"replies":[{"embeddable":true,"href":"https:\/\/heuer-cup.de\/en\/wp-json\/wp\/v2\/comments?post=4099"}],"version-history":[{"count":3,"href":"https:\/\/heuer-cup.de\/en\/wp-json\/wp\/v2\/pages\/4099\/revisions"}],"predecessor-version":[{"id":4739,"href":"https:\/\/heuer-cup.de\/en\/wp-json\/wp\/v2\/pages\/4099\/revisions\/4739"}],"up":[{"embeddable":true,"href":"https:\/\/heuer-cup.de\/en\/wp-json\/wp\/v2\/pages\/4075"}],"wp:attachment":[{"href":"https:\/\/heuer-cup.de\/en\/wp-json\/wp\/v2\/media?parent=4099"}],"curies":[{"name":"wp","href":"https:\/\/api.w.org\/{rel}","templated":true}]}}