{"id":4095,"date":"2019-08-21T20:34:44","date_gmt":"2019-08-21T18:34:44","guid":{"rendered":"https:\/\/heuer-cup.de\/?page_id=4095"},"modified":"2019-09-10T09:32:28","modified_gmt":"2019-09-10T07:32:28","slug":"strecke","status":"publish","type":"page","link":"https:\/\/heuer-cup.de\/en\/etappen-2019\/ellmendingen-rund-um-keltern\/strecke\/","title":{"rendered":"Strecke"},"content":{"rendered":"<div class=\"vc_row wpb_row vc_row-fluid\"><div class=\"wpb_column vc_column_container vc_col-sm-12\"><div class=\"vc_column-inner\"><div class=\"wpb_wrapper\">\n\t<div class=\"wpb_text_column wpb_content_element\" >\n\t\t<div class=\"wpb_wrapper\">\n\t\t\t<p>Das Radrennen &#8222;Rund um Keltern&#8220; in Ellendingen findet am 12.05.2019 statt.<br \/>\nDer erste Start ist um 8:30 Uhr<\/p>\n<p><strong>Ein Highlight der Saison &#8211; das Traditionsstra\u00dfenrennen<br \/>\n&#8222;Rund um Keltern&#8220; im Rahmen des HEUER-Cups<\/strong><\/p>\n<p>Die Rennstrecke ist f\u00fcr den gesamten Rennverlauf voll gesperrt.<\/p>\n<ul>\n<li>anspruchsvoller, teilweise enger Rundkurs<\/li>\n<li>Start und Ziel ist das Vereinsheim des TV Niebesbach,Tannenweg 100<\/li>\n<li>die Rundenl\u00e4nge betr\u00e4gt ca. 5,8 km \/ 102 hm \/ steile Passagen<\/li>\n<li>Startnummernausgabe ist bei Start und Ziel.<\/li>\n<li>Parkm\u00f6glichkeiten sind vorhanden beim Parkplatz &#8222;Penny&#8220; am Kreisverkehr Grenzs\u00e4gem\u00fchle.<\/li>\n<\/ul>\n<p>Hier geht es direkt zur\u00a0<a href=\"https:\/\/www.rad-net.de\/rad-net-portal\/ausschreibungen_1.htm?url=%2Fmodules.php%3Fname%3DAusschreibung%26rnswp_disziplin%3D1%26ID_Veranstaltung%3D32116%26mode%3Dascr_detail&amp;url_hash=yQ2FltKDA7AsCaqSg-ryhbpyceMf396YlLFihtCpCRU\" target=\"_blank\" rel=\"noopener noreferrer\">Ausschreibung<\/a><\/p>\n<p><a href=\"https:\/\/heuer-cup.eu\/userfiles\/downloads\/streckenPDF\/Strecke%20Rennen%202019-02-04.pdf\" target=\"_blank\" rel=\"noopener noreferrer\"><img loading=\"lazy\" class=\"bild aligncenter\" title=\"Strecke\" src=\"https:\/\/heuer-cup.eu\/userfiles\/images\/Vereine\/Ellmendingen\/neue%20Strecke.JPG\" alt=\"\" width=\"491\" height=\"318\" \/><\/a><\/p>\n<p>Start\/Ziel vor dem Vereinsheim des TV Niebelsbach (Adolf-Kr\u00e4mer-Halle) im Tannenweg 100 in Keltern-Niebelsbach -Tannenweg \u2013 asphaltierter Feldweg (Distr. Niebelsbacher Wald\/Heckenlos, Gewann Katzwiesen) \u2013 Gr\u00e4fenhausen \u2013 Graben\u00e4ckerweg \u2013 Niebelsbacher Stra\u00dfe \u2013 Hindenburgstra\u00dfe \u2013 Karlsruher Stra\u00dfe (K 4576) \u2013 vor Kreisverkehr Grenzs\u00e4gem\u00fchle links ab (180\u00b0 Spitzkehre) \u2013 asphaltierter Radweg (Gewann Zwerch\u00e4cker) \u2013 Schwarzwaldstra\u00dfe \u2013 Tannenweg.<\/p>\n<p><strong>Hier das H\u00f6henprofil:<\/strong><\/p>\n<p><img loading=\"lazy\" class=\"bild aligncenter\" title=\"H\u00f6henprofil\" src=\"https:\/\/heuer-cup.eu\/userfiles\/images\/Vereine\/Ellmendingen\/Profil.JPG\" alt=\"\" width=\"393\" height=\"123\" \/><\/p>\n<p>Das Radrennen wird durch weitere lokale\u00a0<a href=\"http:\/\/www.rsv-ellmendingen.de\/\" target=\"_blank\" rel=\"noopener noreferrer\">Sponsoren<\/a>\u00a0unterst\u00fctzt. Danke daf\u00fcr!<\/p>\n<p>&nbsp;<\/p>\n<p><img loading=\"lazy\" class=\"bild aligncenter\" src=\"https:\/\/heuer-cup.eu\/userfiles\/images\/Vereine\/Ellmendingen\/DSC_0217.JPG\" alt=\"\" width=\"399\" height=\"266\" \/><\/p>\n\n\t\t<\/div>\n\t<\/div>\n<\/div><\/div><\/div><\/div>","protected":false},"excerpt":{"rendered":"Das Radrennen \"Rund um Keltern\" in Ellendingen findet am 12.05.2019 statt. Der erste Start ist um 8:30 Uhr Ein Highlight der Saison - das Traditionsstra\u00dfenrennen \"Rund um Keltern\" im Rahmen des HEUER-Cups Die Rennstrecke ist f\u00fcr den gesamten Rennverlauf voll gesperrt. anspruchsvoller, teilweise enger Rundkurs Start und Ziel ist das Vereinsheim des TV Niebesbach,Tannenweg 100 [...]","protected":false},"author":1,"featured_media":0,"parent":4093,"menu_order":0,"comment_status":"closed","ping_status":"closed","template":"","meta":[],"yoast_head":"<!-- This site is optimized with the Yoast SEO plugin v16.9 - https:\/\/yoast.com\/wordpress\/plugins\/seo\/ -->\n<title>Strecke Ellmendingen - HEUER-Cup - am 12.05.2019<\/title>\n<meta name=\"description\" content=\"Strecke Ellmendingen - HEUER-Cup - am Sonntag, den 12. Mai 2019, mit Start und Ziel am Vereinsheim des TSV Niebesbach, Tannweg 100.\" \/>\n<meta name=\"robots\" content=\"index, follow, max-snippet:-1, max-image-preview:large, max-video-preview:-1\" \/>\n<link rel=\"canonical\" href=\"https:\/\/heuer-cup.de\/en\/etappen-2019\/ellmendingen-rund-um-keltern\/strecke\/\" \/>\n<meta property=\"og:locale\" content=\"en_GB\" \/>\n<meta property=\"og:type\" content=\"article\" \/>\n<meta property=\"og:title\" content=\"Strecke Ellmendingen - HEUER-Cup - am 12.05.2019\" \/>\n<meta property=\"og:description\" content=\"Strecke Ellmendingen - HEUER-Cup - am Sonntag, den 12. Mai 2019, mit Start und Ziel am Vereinsheim des TSV Niebesbach, Tannweg 100.\" \/>\n<meta property=\"og:url\" content=\"https:\/\/heuer-cup.de\/en\/etappen-2019\/ellmendingen-rund-um-keltern\/strecke\/\" \/>\n<meta property=\"og:site_name\" content=\"HEUER-Cup\" \/>\n<meta property=\"article:publisher\" content=\"https:\/\/www.facebook.com\/HeuerCup\/\" \/>\n<meta property=\"article:modified_time\" content=\"2019-09-10T07:32:28+00:00\" \/>\n<meta property=\"og:image\" content=\"https:\/\/heuer-cup.eu\/userfiles\/images\/Vereine\/Ellmendingen\/neue%20Strecke.JPG\" \/>\n<meta name=\"twitter:card\" content=\"summary_large_image\" \/>\n<meta name=\"twitter:site\" content=\"@Heuer_Cup\" \/>\n<meta name=\"twitter:label1\" content=\"Estimated reading time\" \/>\n\t<meta name=\"twitter:data1\" content=\"1 minute\" \/>\n<script type=\"application\/ld+json\" class=\"yoast-schema-graph\">{\"@context\":\"https:\/\/schema.org\",\"@graph\":[{\"@type\":\"Organization\",\"@id\":\"https:\/\/heuer-cup.de\/#organization\",\"name\":\"Heuer Radsport\",\"url\":\"https:\/\/heuer-cup.de\/\",\"sameAs\":[\"https:\/\/www.facebook.com\/HeuerCup\/\",\"https:\/\/www.instagram.com\/heuer_cup\/\",\"https:\/\/www.youtube.com\/channel\/UCuFkVFhY376_zRGfw_0Oy-Q\",\"https:\/\/twitter.com\/Heuer_Cup\"],\"logo\":{\"@type\":\"ImageObject\",\"@id\":\"https:\/\/heuer-cup.de\/#logo\",\"inLanguage\":\"en-GB\",\"url\":\"https:\/\/heuer-cup.de\/wp-content\/uploads\/2019\/01\/logo2.jpg\",\"contentUrl\":\"https:\/\/heuer-cup.de\/wp-content\/uploads\/2019\/01\/logo2.jpg\",\"width\":750,\"height\":186,\"caption\":\"Heuer Radsport\"},\"image\":{\"@id\":\"https:\/\/heuer-cup.de\/#logo\"}},{\"@type\":\"WebSite\",\"@id\":\"https:\/\/heuer-cup.de\/#website\",\"url\":\"https:\/\/heuer-cup.de\/\",\"name\":\"Heuer Radsport\",\"description\":\"Vollgas! oder einfach: Kette rechts\",\"publisher\":{\"@id\":\"https:\/\/heuer-cup.de\/#organization\"},\"potentialAction\":[{\"@type\":\"SearchAction\",\"target\":{\"@type\":\"EntryPoint\",\"urlTemplate\":\"https:\/\/heuer-cup.de\/?s={search_term_string}\"},\"query-input\":\"required name=search_term_string\"}],\"inLanguage\":\"en-GB\"},{\"@type\":\"ImageObject\",\"@id\":\"https:\/\/heuer-cup.de\/etappen-2019\/ellmendingen-rund-um-keltern\/strecke\/#primaryimage\",\"inLanguage\":\"en-GB\",\"url\":\"https:\/\/heuer-cup.eu\/userfiles\/images\/Vereine\/Ellmendingen\/neue%20Strecke.JPG\",\"contentUrl\":\"https:\/\/heuer-cup.eu\/userfiles\/images\/Vereine\/Ellmendingen\/neue%20Strecke.JPG\"},{\"@type\":\"WebPage\",\"@id\":\"https:\/\/heuer-cup.de\/etappen-2019\/ellmendingen-rund-um-keltern\/strecke\/#webpage\",\"url\":\"https:\/\/heuer-cup.de\/etappen-2019\/ellmendingen-rund-um-keltern\/strecke\/\",\"name\":\"Strecke Ellmendingen - HEUER-Cup - am 12.05.2019\",\"isPartOf\":{\"@id\":\"https:\/\/heuer-cup.de\/#website\"},\"primaryImageOfPage\":{\"@id\":\"https:\/\/heuer-cup.de\/etappen-2019\/ellmendingen-rund-um-keltern\/strecke\/#primaryimage\"},\"datePublished\":\"2019-08-21T18:34:44+00:00\",\"dateModified\":\"2019-09-10T07:32:28+00:00\",\"description\":\"Strecke Ellmendingen - HEUER-Cup - am Sonntag, den 12. Mai 2019, mit Start und Ziel am Vereinsheim des TSV Niebesbach, Tannweg 100.\",\"breadcrumb\":{\"@id\":\"https:\/\/heuer-cup.de\/etappen-2019\/ellmendingen-rund-um-keltern\/strecke\/#breadcrumb\"},\"inLanguage\":\"en-GB\",\"potentialAction\":[{\"@type\":\"ReadAction\",\"target\":[\"https:\/\/heuer-cup.de\/etappen-2019\/ellmendingen-rund-um-keltern\/strecke\/\"]}]},{\"@type\":\"BreadcrumbList\",\"@id\":\"https:\/\/heuer-cup.de\/etappen-2019\/ellmendingen-rund-um-keltern\/strecke\/#breadcrumb\",\"itemListElement\":[{\"@type\":\"ListItem\",\"position\":1,\"name\":\"Home\",\"item\":\"https:\/\/heuer-cup.de\/\"},{\"@type\":\"ListItem\",\"position\":2,\"name\":\"Etappen 2019\",\"item\":\"https:\/\/heuer-cup.de\/etappen-2019\/\"},{\"@type\":\"ListItem\",\"position\":3,\"name\":\"Ellmendingen &#8211; Rund um Keltern\",\"item\":\"https:\/\/heuer-cup.de\/etappen-2019\/ellmendingen-rund-um-keltern\/\"},{\"@type\":\"ListItem\",\"position\":4,\"name\":\"Strecke\"}]}]}<\/script>\n<!-- \/ Yoast SEO plugin. -->","yoast_head_json":{"title":"Strecke Ellmendingen - HEUER-Cup - am 12.05.2019","description":"Strecke Ellmendingen - HEUER-Cup - am Sonntag, den 12. Mai 2019, mit Start und Ziel am Vereinsheim des TSV Niebesbach, Tannweg 100.","robots":{"index":"index","follow":"follow","max-snippet":"max-snippet:-1","max-image-preview":"max-image-preview:large","max-video-preview":"max-video-preview:-1"},"canonical":"https:\/\/heuer-cup.de\/en\/etappen-2019\/ellmendingen-rund-um-keltern\/strecke\/","og_locale":"en_GB","og_type":"article","og_title":"Strecke Ellmendingen - HEUER-Cup - am 12.05.2019","og_description":"Strecke Ellmendingen - HEUER-Cup - am Sonntag, den 12. Mai 2019, mit Start und Ziel am Vereinsheim des TSV Niebesbach, Tannweg 100.","og_url":"https:\/\/heuer-cup.de\/en\/etappen-2019\/ellmendingen-rund-um-keltern\/strecke\/","og_site_name":"HEUER-Cup","article_publisher":"https:\/\/www.facebook.com\/HeuerCup\/","article_modified_time":"2019-09-10T07:32:28+00:00","og_image":[{"url":"https:\/\/heuer-cup.eu\/userfiles\/images\/Vereine\/Ellmendingen\/neue%20Strecke.JPG"}],"twitter_card":"summary_large_image","twitter_site":"@Heuer_Cup","twitter_misc":{"Estimated reading time":"1 minute"},"schema":{"@context":"https:\/\/schema.org","@graph":[{"@type":"Organization","@id":"https:\/\/heuer-cup.de\/#organization","name":"Heuer Radsport","url":"https:\/\/heuer-cup.de\/","sameAs":["https:\/\/www.facebook.com\/HeuerCup\/","https:\/\/www.instagram.com\/heuer_cup\/","https:\/\/www.youtube.com\/channel\/UCuFkVFhY376_zRGfw_0Oy-Q","https:\/\/twitter.com\/Heuer_Cup"],"logo":{"@type":"ImageObject","@id":"https:\/\/heuer-cup.de\/#logo","inLanguage":"en-GB","url":"https:\/\/heuer-cup.de\/wp-content\/uploads\/2019\/01\/logo2.jpg","contentUrl":"https:\/\/heuer-cup.de\/wp-content\/uploads\/2019\/01\/logo2.jpg","width":750,"height":186,"caption":"Heuer Radsport"},"image":{"@id":"https:\/\/heuer-cup.de\/#logo"}},{"@type":"WebSite","@id":"https:\/\/heuer-cup.de\/#website","url":"https:\/\/heuer-cup.de\/","name":"Heuer Radsport","description":"Vollgas! oder einfach: Kette rechts","publisher":{"@id":"https:\/\/heuer-cup.de\/#organization"},"potentialAction":[{"@type":"SearchAction","target":{"@type":"EntryPoint","urlTemplate":"https:\/\/heuer-cup.de\/?s={search_term_string}"},"query-input":"required name=search_term_string"}],"inLanguage":"en-GB"},{"@type":"ImageObject","@id":"https:\/\/heuer-cup.de\/etappen-2019\/ellmendingen-rund-um-keltern\/strecke\/#primaryimage","inLanguage":"en-GB","url":"https:\/\/heuer-cup.eu\/userfiles\/images\/Vereine\/Ellmendingen\/neue%20Strecke.JPG","contentUrl":"https:\/\/heuer-cup.eu\/userfiles\/images\/Vereine\/Ellmendingen\/neue%20Strecke.JPG"},{"@type":"WebPage","@id":"https:\/\/heuer-cup.de\/etappen-2019\/ellmendingen-rund-um-keltern\/strecke\/#webpage","url":"https:\/\/heuer-cup.de\/etappen-2019\/ellmendingen-rund-um-keltern\/strecke\/","name":"Strecke Ellmendingen - HEUER-Cup - am 12.05.2019","isPartOf":{"@id":"https:\/\/heuer-cup.de\/#website"},"primaryImageOfPage":{"@id":"https:\/\/heuer-cup.de\/etappen-2019\/ellmendingen-rund-um-keltern\/strecke\/#primaryimage"},"datePublished":"2019-08-21T18:34:44+00:00","dateModified":"2019-09-10T07:32:28+00:00","description":"Strecke Ellmendingen - HEUER-Cup - am Sonntag, den 12. Mai 2019, mit Start und Ziel am Vereinsheim des TSV Niebesbach, Tannweg 100.","breadcrumb":{"@id":"https:\/\/heuer-cup.de\/etappen-2019\/ellmendingen-rund-um-keltern\/strecke\/#breadcrumb"},"inLanguage":"en-GB","potentialAction":[{"@type":"ReadAction","target":["https:\/\/heuer-cup.de\/etappen-2019\/ellmendingen-rund-um-keltern\/strecke\/"]}]},{"@type":"BreadcrumbList","@id":"https:\/\/heuer-cup.de\/etappen-2019\/ellmendingen-rund-um-keltern\/strecke\/#breadcrumb","itemListElement":[{"@type":"ListItem","position":1,"name":"Home","item":"https:\/\/heuer-cup.de\/"},{"@type":"ListItem","position":2,"name":"Etappen 2019","item":"https:\/\/heuer-cup.de\/etappen-2019\/"},{"@type":"ListItem","position":3,"name":"Ellmendingen &#8211; Rund um Keltern","item":"https:\/\/heuer-cup.de\/etappen-2019\/ellmendingen-rund-um-keltern\/"},{"@type":"ListItem","position":4,"name":"Strecke"}]}]}},"_links":{"self":[{"href":"https:\/\/heuer-cup.de\/en\/wp-json\/wp\/v2\/pages\/4095"}],"collection":[{"href":"https:\/\/heuer-cup.de\/en\/wp-json\/wp\/v2\/pages"}],"about":[{"href":"https:\/\/heuer-cup.de\/en\/wp-json\/wp\/v2\/types\/page"}],"author":[{"embeddable":true,"href":"https:\/\/heuer-cup.de\/en\/wp-json\/wp\/v2\/users\/1"}],"replies":[{"embeddable":true,"href":"https:\/\/heuer-cup.de\/en\/wp-json\/wp\/v2\/comments?post=4095"}],"version-history":[{"count":2,"href":"https:\/\/heuer-cup.de\/en\/wp-json\/wp\/v2\/pages\/4095\/revisions"}],"predecessor-version":[{"id":4736,"href":"https:\/\/heuer-cup.de\/en\/wp-json\/wp\/v2\/pages\/4095\/revisions\/4736"}],"up":[{"embeddable":true,"href":"https:\/\/heuer-cup.de\/en\/wp-json\/wp\/v2\/pages\/4093"}],"wp:attachment":[{"href":"https:\/\/heuer-cup.de\/en\/wp-json\/wp\/v2\/media?parent=4095"}],"curies":[{"name":"wp","href":"https:\/\/api.w.org\/{rel}","templated":true}]}}