{"id":4087,"date":"2019-08-21T20:29:05","date_gmt":"2019-08-21T18:29:05","guid":{"rendered":"https:\/\/heuer-cup.de\/?page_id=4087"},"modified":"2019-09-09T09:57:10","modified_gmt":"2019-09-09T07:57:10","slug":"strecke","status":"publish","type":"page","link":"https:\/\/heuer-cup.de\/en\/etappen-2019\/muensingen\/strecke\/","title":{"rendered":"Strecke"},"content":{"rendered":"<div class=\"vc_row wpb_row vc_row-fluid\"><div class=\"wpb_column vc_column_container vc_col-sm-12\"><div class=\"vc_column-inner\"><div class=\"wpb_wrapper\">\n\t<div class=\"wpb_text_column wpb_content_element\" >\n\t\t<div class=\"wpb_wrapper\">\n\t\t\t<p><strong>Rund um den Reiselhau in M\u00fcnsingen<\/strong><\/p>\n<p><span class=\"content\">gefahren wird auf einem Rundkurs. Das Rennen wird am Punkt S gestartet, bis zu diesem Punkt hin wird neutralisiert gefahren. Es erfolgt eine Einweisung in die Sonderheiten des Kurses.<br \/>\n<\/span><\/p>\n<ul>\n<li>Start ist an der Kl\u00e4ranlage<\/li>\n<li>gefahren wird im Uhrzeigersinn<\/li>\n<li>die Rundenl\u00e4nge betr\u00e4gt ca. 6 km<\/li>\n<li>anspruchsvoller Kurs mit ca. 100 HM (H\u00f6henprofil s.u.) Zielanstieg ca. 60 HM<\/li>\n<li>Nummernausgabe ist im Albgut beim Ziel<\/li>\n<li>Umkleide und Duschen im albgut<\/li>\n<\/ul>\n<p>Mehr Informationen hat Marc Benkert in einem Roadbook f\u00fcr die LVM in M\u00fcnsingen zusammengestellt. Dieses Roadbook steht hier zum Download bereit:<\/p>\n<p style=\"text-align: center;\"><a href=\"https:\/\/heuer-cup.de\/wp-content\/uploads\/diveres\/Roadbook_LVM_Muensingen.pdf\" target=\"_blank\" rel=\"noopener noreferrer\">ROADBOOK<\/a><\/p>\n<p>&nbsp;<\/p>\n<p>Hier geht es zur Ausschreibung auf\u00a0<a href=\"https:\/\/www.rad-net.de\/rad-net-portal\/ausschreibungen_1.htm?url=%2Fmodules.php%3Fname%3DAusschreibung%26rnswp_disziplin%3D1%26pgID_Veranstaltung%3D3%26ID_Veranstaltung%3D32486%26mode%3Dascr_detail%26typ%3Di&amp;url_hash=CnITRaOV0btxPNrQcUrcuU04jndtYwz_FkSZZROtL8U\" target=\"_blank\" rel=\"noopener noreferrer\">rad-net.de<\/a><\/p>\n<p><strong>Wertung folgender Klassen im HEUER-Cup:<\/strong><\/p>\n<ul>\n<li>Senioren<\/li>\n<li>Amateure<\/li>\n<li>Nachwuchsklassen (Jugend m\/w, Junioren \/ Juniorinnen)<\/li>\n<\/ul>\n<p>&nbsp;<\/p>\n<p><strong>Strecken\u00fcbersicht:<\/strong><\/p>\n<p><img loading=\"lazy\" class=\"bild aligncenter\" title=\"Strecke M\u00fcnsingen\" src=\"https:\/\/heuer-cup.eu\/userfiles\/images\/Vereine\/Muensingen\/Strecke%20M%C3%BCnsingen.JPG\" alt=\"\" width=\"481\" height=\"403\" \/><\/p>\n<p>&nbsp;<\/p>\n<p><strong>H\u00f6henprofil:<\/strong><\/p>\n<p><img loading=\"lazy\" class=\"bild aligncenter\" title=\"H\u00f6henprofil M\u00fcnsingen\" src=\"https:\/\/heuer-cup.eu\/userfiles\/images\/Vereine\/Muensingen\/M%C3%BCnsingen%20H%C3%B6henprofil.JPG\" alt=\"\" width=\"339\" height=\"173\" \/><\/p>\n<p>&nbsp;<\/p>\n<p><strong>Lageplan Zielbereich im Albgut:<\/strong><\/p>\n<p><img loading=\"lazy\" class=\"bild aligncenter\" title=\"Ziel\" src=\"https:\/\/heuer-cup.eu\/userfiles\/images\/Vereine\/Muensingen\/Albgut%20Ziel.JPG\" alt=\"\" width=\"486\" height=\"403\" \/><\/p>\n\n\t\t<\/div>\n\t<\/div>\n<\/div><\/div><\/div><\/div>","protected":false},"excerpt":{"rendered":"Rund um den Reiselhau in M\u00fcnsingen gefahren wird auf einem Rundkurs. Das Rennen wird am Punkt S gestartet, bis zu diesem Punkt hin wird neutralisiert gefahren. Es erfolgt eine Einweisung in die Sonderheiten des Kurses. Start ist an der Kl\u00e4ranlage gefahren wird im Uhrzeigersinn die Rundenl\u00e4nge betr\u00e4gt ca. 6 km anspruchsvoller Kurs mit ca. 100 [...]","protected":false},"author":1,"featured_media":0,"parent":4085,"menu_order":0,"comment_status":"closed","ping_status":"closed","template":"","meta":[],"yoast_head":"<!-- This site is optimized with the Yoast SEO plugin v16.9 - https:\/\/yoast.com\/wordpress\/plugins\/seo\/ -->\n<title>Strecke 05.05.2019 - Rund um den Reiselhau in M\u00fcsningen<\/title>\n<meta name=\"description\" content=\"Strecke 05.05.2019 - Rund um den Reiselhau in M\u00fcnsingen. Gefahren wird auf einem Rundkurs. Die Rundenl\u00e4nge betr\u00e4gt ca. 6 km.\" \/>\n<meta name=\"robots\" content=\"index, follow, max-snippet:-1, max-image-preview:large, max-video-preview:-1\" \/>\n<link rel=\"canonical\" href=\"https:\/\/heuer-cup.de\/en\/etappen-2019\/muensingen\/strecke\/\" \/>\n<meta property=\"og:locale\" content=\"en_GB\" \/>\n<meta property=\"og:type\" content=\"article\" \/>\n<meta property=\"og:title\" content=\"Strecke 05.05.2019 - Rund um den Reiselhau in M\u00fcsningen\" \/>\n<meta property=\"og:description\" content=\"Strecke 05.05.2019 - Rund um den Reiselhau in M\u00fcnsingen. Gefahren wird auf einem Rundkurs. Die Rundenl\u00e4nge betr\u00e4gt ca. 6 km.\" \/>\n<meta property=\"og:url\" content=\"https:\/\/heuer-cup.de\/en\/etappen-2019\/muensingen\/strecke\/\" \/>\n<meta property=\"og:site_name\" content=\"HEUER-Cup\" \/>\n<meta property=\"article:publisher\" content=\"https:\/\/www.facebook.com\/HeuerCup\/\" \/>\n<meta property=\"article:modified_time\" content=\"2019-09-09T07:57:10+00:00\" \/>\n<meta property=\"og:image\" content=\"https:\/\/heuer-cup.eu\/userfiles\/images\/Vereine\/Muensingen\/Strecke%20M%C3%BCnsingen.JPG\" \/>\n<meta name=\"twitter:card\" content=\"summary_large_image\" \/>\n<meta name=\"twitter:site\" content=\"@Heuer_Cup\" \/>\n<meta name=\"twitter:label1\" content=\"Estimated reading time\" \/>\n\t<meta name=\"twitter:data1\" content=\"1 minute\" \/>\n<script type=\"application\/ld+json\" class=\"yoast-schema-graph\">{\"@context\":\"https:\/\/schema.org\",\"@graph\":[{\"@type\":\"Organization\",\"@id\":\"https:\/\/heuer-cup.de\/#organization\",\"name\":\"Heuer Radsport\",\"url\":\"https:\/\/heuer-cup.de\/\",\"sameAs\":[\"https:\/\/www.facebook.com\/HeuerCup\/\",\"https:\/\/www.instagram.com\/heuer_cup\/\",\"https:\/\/www.youtube.com\/channel\/UCuFkVFhY376_zRGfw_0Oy-Q\",\"https:\/\/twitter.com\/Heuer_Cup\"],\"logo\":{\"@type\":\"ImageObject\",\"@id\":\"https:\/\/heuer-cup.de\/#logo\",\"inLanguage\":\"en-GB\",\"url\":\"https:\/\/heuer-cup.de\/wp-content\/uploads\/2019\/01\/logo2.jpg\",\"contentUrl\":\"https:\/\/heuer-cup.de\/wp-content\/uploads\/2019\/01\/logo2.jpg\",\"width\":750,\"height\":186,\"caption\":\"Heuer Radsport\"},\"image\":{\"@id\":\"https:\/\/heuer-cup.de\/#logo\"}},{\"@type\":\"WebSite\",\"@id\":\"https:\/\/heuer-cup.de\/#website\",\"url\":\"https:\/\/heuer-cup.de\/\",\"name\":\"Heuer Radsport\",\"description\":\"Vollgas! oder einfach: Kette rechts\",\"publisher\":{\"@id\":\"https:\/\/heuer-cup.de\/#organization\"},\"potentialAction\":[{\"@type\":\"SearchAction\",\"target\":{\"@type\":\"EntryPoint\",\"urlTemplate\":\"https:\/\/heuer-cup.de\/?s={search_term_string}\"},\"query-input\":\"required name=search_term_string\"}],\"inLanguage\":\"en-GB\"},{\"@type\":\"ImageObject\",\"@id\":\"https:\/\/heuer-cup.de\/etappen-2019\/muensingen\/strecke\/#primaryimage\",\"inLanguage\":\"en-GB\",\"url\":\"https:\/\/heuer-cup.eu\/userfiles\/images\/Vereine\/Muensingen\/Strecke%20M%C3%BCnsingen.JPG\",\"contentUrl\":\"https:\/\/heuer-cup.eu\/userfiles\/images\/Vereine\/Muensingen\/Strecke%20M%C3%BCnsingen.JPG\"},{\"@type\":\"WebPage\",\"@id\":\"https:\/\/heuer-cup.de\/etappen-2019\/muensingen\/strecke\/#webpage\",\"url\":\"https:\/\/heuer-cup.de\/etappen-2019\/muensingen\/strecke\/\",\"name\":\"Strecke 05.05.2019 - Rund um den Reiselhau in M\\u00fcsningen\",\"isPartOf\":{\"@id\":\"https:\/\/heuer-cup.de\/#website\"},\"primaryImageOfPage\":{\"@id\":\"https:\/\/heuer-cup.de\/etappen-2019\/muensingen\/strecke\/#primaryimage\"},\"datePublished\":\"2019-08-21T18:29:05+00:00\",\"dateModified\":\"2019-09-09T07:57:10+00:00\",\"description\":\"Strecke 05.05.2019 - Rund um den Reiselhau in M\\u00fcnsingen. Gefahren wird auf einem Rundkurs. Die Rundenl\\u00e4nge betr\\u00e4gt ca. 6 km.\",\"breadcrumb\":{\"@id\":\"https:\/\/heuer-cup.de\/etappen-2019\/muensingen\/strecke\/#breadcrumb\"},\"inLanguage\":\"en-GB\",\"potentialAction\":[{\"@type\":\"ReadAction\",\"target\":[\"https:\/\/heuer-cup.de\/etappen-2019\/muensingen\/strecke\/\"]}]},{\"@type\":\"BreadcrumbList\",\"@id\":\"https:\/\/heuer-cup.de\/etappen-2019\/muensingen\/strecke\/#breadcrumb\",\"itemListElement\":[{\"@type\":\"ListItem\",\"position\":1,\"name\":\"Home\",\"item\":\"https:\/\/heuer-cup.de\/\"},{\"@type\":\"ListItem\",\"position\":2,\"name\":\"Etappen 2019\",\"item\":\"https:\/\/heuer-cup.de\/etappen-2019\/\"},{\"@type\":\"ListItem\",\"position\":3,\"name\":\"M\\u00fcnsingen\",\"item\":\"https:\/\/heuer-cup.de\/etappen-2019\/muensingen\/\"},{\"@type\":\"ListItem\",\"position\":4,\"name\":\"Strecke\"}]}]}<\/script>\n<!-- \/ Yoast SEO plugin. -->","yoast_head_json":{"title":"Strecke 05.05.2019 - Rund um den Reiselhau in M\u00fcsningen","description":"Strecke 05.05.2019 - Rund um den Reiselhau in M\u00fcnsingen. Gefahren wird auf einem Rundkurs. Die Rundenl\u00e4nge betr\u00e4gt ca. 6 km.","robots":{"index":"index","follow":"follow","max-snippet":"max-snippet:-1","max-image-preview":"max-image-preview:large","max-video-preview":"max-video-preview:-1"},"canonical":"https:\/\/heuer-cup.de\/en\/etappen-2019\/muensingen\/strecke\/","og_locale":"en_GB","og_type":"article","og_title":"Strecke 05.05.2019 - Rund um den Reiselhau in M\u00fcsningen","og_description":"Strecke 05.05.2019 - Rund um den Reiselhau in M\u00fcnsingen. Gefahren wird auf einem Rundkurs. Die Rundenl\u00e4nge betr\u00e4gt ca. 6 km.","og_url":"https:\/\/heuer-cup.de\/en\/etappen-2019\/muensingen\/strecke\/","og_site_name":"HEUER-Cup","article_publisher":"https:\/\/www.facebook.com\/HeuerCup\/","article_modified_time":"2019-09-09T07:57:10+00:00","og_image":[{"url":"https:\/\/heuer-cup.eu\/userfiles\/images\/Vereine\/Muensingen\/Strecke%20M%C3%BCnsingen.JPG"}],"twitter_card":"summary_large_image","twitter_site":"@Heuer_Cup","twitter_misc":{"Estimated reading time":"1 minute"},"schema":{"@context":"https:\/\/schema.org","@graph":[{"@type":"Organization","@id":"https:\/\/heuer-cup.de\/#organization","name":"Heuer Radsport","url":"https:\/\/heuer-cup.de\/","sameAs":["https:\/\/www.facebook.com\/HeuerCup\/","https:\/\/www.instagram.com\/heuer_cup\/","https:\/\/www.youtube.com\/channel\/UCuFkVFhY376_zRGfw_0Oy-Q","https:\/\/twitter.com\/Heuer_Cup"],"logo":{"@type":"ImageObject","@id":"https:\/\/heuer-cup.de\/#logo","inLanguage":"en-GB","url":"https:\/\/heuer-cup.de\/wp-content\/uploads\/2019\/01\/logo2.jpg","contentUrl":"https:\/\/heuer-cup.de\/wp-content\/uploads\/2019\/01\/logo2.jpg","width":750,"height":186,"caption":"Heuer Radsport"},"image":{"@id":"https:\/\/heuer-cup.de\/#logo"}},{"@type":"WebSite","@id":"https:\/\/heuer-cup.de\/#website","url":"https:\/\/heuer-cup.de\/","name":"Heuer Radsport","description":"Vollgas! oder einfach: Kette rechts","publisher":{"@id":"https:\/\/heuer-cup.de\/#organization"},"potentialAction":[{"@type":"SearchAction","target":{"@type":"EntryPoint","urlTemplate":"https:\/\/heuer-cup.de\/?s={search_term_string}"},"query-input":"required name=search_term_string"}],"inLanguage":"en-GB"},{"@type":"ImageObject","@id":"https:\/\/heuer-cup.de\/etappen-2019\/muensingen\/strecke\/#primaryimage","inLanguage":"en-GB","url":"https:\/\/heuer-cup.eu\/userfiles\/images\/Vereine\/Muensingen\/Strecke%20M%C3%BCnsingen.JPG","contentUrl":"https:\/\/heuer-cup.eu\/userfiles\/images\/Vereine\/Muensingen\/Strecke%20M%C3%BCnsingen.JPG"},{"@type":"WebPage","@id":"https:\/\/heuer-cup.de\/etappen-2019\/muensingen\/strecke\/#webpage","url":"https:\/\/heuer-cup.de\/etappen-2019\/muensingen\/strecke\/","name":"Strecke 05.05.2019 - Rund um den Reiselhau in M\u00fcsningen","isPartOf":{"@id":"https:\/\/heuer-cup.de\/#website"},"primaryImageOfPage":{"@id":"https:\/\/heuer-cup.de\/etappen-2019\/muensingen\/strecke\/#primaryimage"},"datePublished":"2019-08-21T18:29:05+00:00","dateModified":"2019-09-09T07:57:10+00:00","description":"Strecke 05.05.2019 - Rund um den Reiselhau in M\u00fcnsingen. Gefahren wird auf einem Rundkurs. Die Rundenl\u00e4nge betr\u00e4gt ca. 6 km.","breadcrumb":{"@id":"https:\/\/heuer-cup.de\/etappen-2019\/muensingen\/strecke\/#breadcrumb"},"inLanguage":"en-GB","potentialAction":[{"@type":"ReadAction","target":["https:\/\/heuer-cup.de\/etappen-2019\/muensingen\/strecke\/"]}]},{"@type":"BreadcrumbList","@id":"https:\/\/heuer-cup.de\/etappen-2019\/muensingen\/strecke\/#breadcrumb","itemListElement":[{"@type":"ListItem","position":1,"name":"Home","item":"https:\/\/heuer-cup.de\/"},{"@type":"ListItem","position":2,"name":"Etappen 2019","item":"https:\/\/heuer-cup.de\/etappen-2019\/"},{"@type":"ListItem","position":3,"name":"M\u00fcnsingen","item":"https:\/\/heuer-cup.de\/etappen-2019\/muensingen\/"},{"@type":"ListItem","position":4,"name":"Strecke"}]}]}},"_links":{"self":[{"href":"https:\/\/heuer-cup.de\/en\/wp-json\/wp\/v2\/pages\/4087"}],"collection":[{"href":"https:\/\/heuer-cup.de\/en\/wp-json\/wp\/v2\/pages"}],"about":[{"href":"https:\/\/heuer-cup.de\/en\/wp-json\/wp\/v2\/types\/page"}],"author":[{"embeddable":true,"href":"https:\/\/heuer-cup.de\/en\/wp-json\/wp\/v2\/users\/1"}],"replies":[{"embeddable":true,"href":"https:\/\/heuer-cup.de\/en\/wp-json\/wp\/v2\/comments?post=4087"}],"version-history":[{"count":4,"href":"https:\/\/heuer-cup.de\/en\/wp-json\/wp\/v2\/pages\/4087\/revisions"}],"predecessor-version":[{"id":4732,"href":"https:\/\/heuer-cup.de\/en\/wp-json\/wp\/v2\/pages\/4087\/revisions\/4732"}],"up":[{"embeddable":true,"href":"https:\/\/heuer-cup.de\/en\/wp-json\/wp\/v2\/pages\/4085"}],"wp:attachment":[{"href":"https:\/\/heuer-cup.de\/en\/wp-json\/wp\/v2\/media?parent=4087"}],"curies":[{"name":"wp","href":"https:\/\/api.w.org\/{rel}","templated":true}]}}