{"id":4085,"date":"2019-08-21T20:26:50","date_gmt":"2019-08-21T18:26:50","guid":{"rendered":"https:\/\/heuer-cup.de\/?page_id=4085"},"modified":"2019-09-09T09:38:18","modified_gmt":"2019-09-09T07:38:18","slug":"muensingen","status":"publish","type":"page","link":"https:\/\/heuer-cup.de\/en\/etappen-2019\/muensingen\/","title":{"rendered":"M\u00fcnsingen"},"content":{"rendered":"<div class=\"vc_row wpb_row vc_row-fluid\"><div class=\"wpb_column vc_column_container vc_col-sm-12\"><div class=\"vc_column-inner\"><div class=\"wpb_wrapper\">\n\t<div class=\"wpb_text_column wpb_content_element\" >\n\t\t<div class=\"wpb_wrapper\">\n\t\t\t<p><strong>albgut Radtag<\/strong><\/p>\n<p>Der\u00a0<a href=\"http:\/\/www.radsport-muensingen.de\/\" target=\"_blank\" rel=\"noopener noreferrer\">TSG M\u00fcnsingen e.V.<\/a>\u00a0veranstaltet zusammen mit der\u00a0<a href=\"http:\/\/www.muensingen.com\/\" target=\"_blank\" rel=\"noopener noreferrer\">Stadt M\u00fcnsingen<\/a>\u00a0im Rahmen des\u00a0<a href=\"https:\/\/www.albgut.de\" target=\"_blank\" rel=\"noopener noreferrer\">albgut Radtags<\/a>\u00a0am 5. Mai 2019 die Baden-W\u00fcrttembergische Landesmeisterschaft auf der Stra\u00dfe.<\/p>\n<p><a href=\"http:\/\/www.radsport-muensingen.de\/\" target=\"_blank\" rel=\"noopener noreferrer\"><img loading=\"lazy\" class=\"aligncenter\" title=\"TSG M\u00fcnsingen\" src=\"https:\/\/heuer-cup.eu\/userfiles\/images\/Vereine\/Muensingen\/TSG%20M%C3%BCnsingen%20Radsport.jpg\" alt=\"\" width=\"418\" height=\"95\" \/><\/a><\/p>\n<p>Die Strecke in M\u00fcnsingen ist derart selektiv, dass die Veranstalter keine Zufallssieger erwarten und nur die Besten das Ziel nach dem Anstieg zur Rammetshalde erreichen werden.<\/p>\n<p><a href=\"https:\/\/www.albgut.de\" target=\"_blank\" rel=\"noopener noreferrer\"><img loading=\"lazy\" class=\"bild aligncenter\" title=\"Radtag M\u00fcnsingen\" src=\"https:\/\/heuer-cup.eu\/userfiles\/images\/Vereine\/Muensingen\/Radtag-2019.jpg\" alt=\"\" width=\"431\" height=\"193\" \/><\/a><\/p>\n<p>Wir freuen uns auf ein attrakives Angebot rund um das Thema \u201eRad\u201c durch die albgut-Akteure. Kulinarisch werden wir bestens durch ein umfangreiches gastronomisches Angebot im Au\u00dfenbereich versorgt. Verschiedene Kaltgetr\u00e4nke, ALB BBQ von Auseml\u00e4ndle, Kaffee &amp; Kuchen von Lagerhaus an der Lauter, schw\u00e4bische Gerichte u. a. von Tress Nudeln stehen auf der Speisekarte. Auch f\u00fcr Regen gibt es \u00fcberdachte Alternativen.<\/p>\n<p>F\u00fcr die musikalische Untermalung im Au\u00dfenbereich sorgen die B\u00f6ttinger Musikkapelle und das Duo Tova Crossing.<\/p>\n<div class=\"tplge_submenu\">\n<h4><\/h4>\n<ul class=\"submenu\">\n<li class=\"doc\"><a href=\"https:\/\/heuer-cup.de\/en\/etappen-2019\/muensingen\/strecke\/\">Strecke<\/a><\/li>\n<li class=\"doc\"><a href=\"https:\/\/heuer-cup.de\/en\/etappen-2019\/muensingen\/startlisten\/\">Startlisten<\/a><\/li>\n<li class=\"doc\"><a href=\"https:\/\/heuer-cup.de\/en\/etappen-2019\/muensingen\/zuschauer\/\">Zuschauer<\/a><\/li>\n<\/ul>\n<\/div>\n\n\t\t<\/div>\n\t<\/div>\n<\/div><\/div><\/div><\/div>","protected":false},"excerpt":{"rendered":"albgut Radtag Der\u00a0TSG M\u00fcnsingen e.V.\u00a0veranstaltet zusammen mit der\u00a0Stadt M\u00fcnsingen\u00a0im Rahmen des\u00a0albgut Radtags\u00a0am 5. Mai 2019 die Baden-W\u00fcrttembergische Landesmeisterschaft auf der Stra\u00dfe. Die Strecke in M\u00fcnsingen ist derart selektiv, dass die Veranstalter keine Zufallssieger erwarten und nur die Besten das Ziel nach dem Anstieg zur Rammetshalde erreichen werden. Wir freuen uns auf ein attrakives Angebot rund [...]","protected":false},"author":1,"featured_media":0,"parent":4075,"menu_order":0,"comment_status":"closed","ping_status":"closed","template":"","meta":[],"yoast_head":"<!-- This site is optimized with the Yoast SEO plugin v16.9 - https:\/\/yoast.com\/wordpress\/plugins\/seo\/ -->\n<title>M\u00fcnsingen - Der TSG M\u00fcsingen e.V. l\u00e4dt am 05.05.2019 ein.<\/title>\n<meta name=\"description\" content=\"M\u00fcnsingen - Der TSG M\u00fcsingen e.V. l\u00e4dt am Sonntag, den 5. Mai 2019, zur Baden-W\u00fcrttembergischen Landesmeisterschaft auf der Stra\u00dfe ein.\" \/>\n<meta name=\"robots\" content=\"index, follow, max-snippet:-1, max-image-preview:large, max-video-preview:-1\" \/>\n<link rel=\"canonical\" href=\"https:\/\/heuer-cup.de\/en\/etappen-2019\/muensingen\/\" \/>\n<meta property=\"og:locale\" content=\"en_GB\" \/>\n<meta property=\"og:type\" content=\"article\" \/>\n<meta property=\"og:title\" content=\"M\u00fcnsingen - Der TSG M\u00fcsingen e.V. l\u00e4dt am 05.05.2019 ein.\" \/>\n<meta property=\"og:description\" content=\"M\u00fcnsingen - Der TSG M\u00fcsingen e.V. l\u00e4dt am Sonntag, den 5. Mai 2019, zur Baden-W\u00fcrttembergischen Landesmeisterschaft auf der Stra\u00dfe ein.\" \/>\n<meta property=\"og:url\" content=\"https:\/\/heuer-cup.de\/en\/etappen-2019\/muensingen\/\" \/>\n<meta property=\"og:site_name\" content=\"HEUER-Cup\" \/>\n<meta property=\"article:publisher\" content=\"https:\/\/www.facebook.com\/HeuerCup\/\" \/>\n<meta property=\"article:modified_time\" content=\"2019-09-09T07:38:18+00:00\" \/>\n<meta property=\"og:image\" content=\"https:\/\/heuer-cup.eu\/userfiles\/images\/Vereine\/Muensingen\/TSG%20M%C3%BCnsingen%20Radsport.jpg\" \/>\n<meta name=\"twitter:card\" content=\"summary_large_image\" \/>\n<meta name=\"twitter:site\" content=\"@Heuer_Cup\" \/>\n<meta name=\"twitter:label1\" content=\"Estimated reading time\" \/>\n\t<meta name=\"twitter:data1\" content=\"1 minute\" \/>\n<script type=\"application\/ld+json\" class=\"yoast-schema-graph\">{\"@context\":\"https:\/\/schema.org\",\"@graph\":[{\"@type\":\"Organization\",\"@id\":\"https:\/\/heuer-cup.de\/#organization\",\"name\":\"Heuer Radsport\",\"url\":\"https:\/\/heuer-cup.de\/\",\"sameAs\":[\"https:\/\/www.facebook.com\/HeuerCup\/\",\"https:\/\/www.instagram.com\/heuer_cup\/\",\"https:\/\/www.youtube.com\/channel\/UCuFkVFhY376_zRGfw_0Oy-Q\",\"https:\/\/twitter.com\/Heuer_Cup\"],\"logo\":{\"@type\":\"ImageObject\",\"@id\":\"https:\/\/heuer-cup.de\/#logo\",\"inLanguage\":\"en-GB\",\"url\":\"https:\/\/heuer-cup.de\/wp-content\/uploads\/2019\/01\/logo2.jpg\",\"contentUrl\":\"https:\/\/heuer-cup.de\/wp-content\/uploads\/2019\/01\/logo2.jpg\",\"width\":750,\"height\":186,\"caption\":\"Heuer Radsport\"},\"image\":{\"@id\":\"https:\/\/heuer-cup.de\/#logo\"}},{\"@type\":\"WebSite\",\"@id\":\"https:\/\/heuer-cup.de\/#website\",\"url\":\"https:\/\/heuer-cup.de\/\",\"name\":\"Heuer Radsport\",\"description\":\"Vollgas! oder einfach: Kette rechts\",\"publisher\":{\"@id\":\"https:\/\/heuer-cup.de\/#organization\"},\"potentialAction\":[{\"@type\":\"SearchAction\",\"target\":{\"@type\":\"EntryPoint\",\"urlTemplate\":\"https:\/\/heuer-cup.de\/?s={search_term_string}\"},\"query-input\":\"required name=search_term_string\"}],\"inLanguage\":\"en-GB\"},{\"@type\":\"ImageObject\",\"@id\":\"https:\/\/heuer-cup.de\/etappen-2019\/muensingen\/#primaryimage\",\"inLanguage\":\"en-GB\",\"url\":\"https:\/\/heuer-cup.eu\/userfiles\/images\/Vereine\/Muensingen\/TSG%20M%C3%BCnsingen%20Radsport.jpg\",\"contentUrl\":\"https:\/\/heuer-cup.eu\/userfiles\/images\/Vereine\/Muensingen\/TSG%20M%C3%BCnsingen%20Radsport.jpg\"},{\"@type\":\"WebPage\",\"@id\":\"https:\/\/heuer-cup.de\/etappen-2019\/muensingen\/#webpage\",\"url\":\"https:\/\/heuer-cup.de\/etappen-2019\/muensingen\/\",\"name\":\"M\\u00fcnsingen - Der TSG M\\u00fcsingen e.V. l\\u00e4dt am 05.05.2019 ein.\",\"isPartOf\":{\"@id\":\"https:\/\/heuer-cup.de\/#website\"},\"primaryImageOfPage\":{\"@id\":\"https:\/\/heuer-cup.de\/etappen-2019\/muensingen\/#primaryimage\"},\"datePublished\":\"2019-08-21T18:26:50+00:00\",\"dateModified\":\"2019-09-09T07:38:18+00:00\",\"description\":\"M\\u00fcnsingen - Der TSG M\\u00fcsingen e.V. l\\u00e4dt am Sonntag, den 5. Mai 2019, zur Baden-W\\u00fcrttembergischen Landesmeisterschaft auf der Stra\\u00dfe ein.\",\"breadcrumb\":{\"@id\":\"https:\/\/heuer-cup.de\/etappen-2019\/muensingen\/#breadcrumb\"},\"inLanguage\":\"en-GB\",\"potentialAction\":[{\"@type\":\"ReadAction\",\"target\":[\"https:\/\/heuer-cup.de\/etappen-2019\/muensingen\/\"]}]},{\"@type\":\"BreadcrumbList\",\"@id\":\"https:\/\/heuer-cup.de\/etappen-2019\/muensingen\/#breadcrumb\",\"itemListElement\":[{\"@type\":\"ListItem\",\"position\":1,\"name\":\"Home\",\"item\":\"https:\/\/heuer-cup.de\/\"},{\"@type\":\"ListItem\",\"position\":2,\"name\":\"Etappen 2019\",\"item\":\"https:\/\/heuer-cup.de\/etappen-2019\/\"},{\"@type\":\"ListItem\",\"position\":3,\"name\":\"M\\u00fcnsingen\"}]}]}<\/script>\n<!-- \/ Yoast SEO plugin. -->","yoast_head_json":{"title":"M\u00fcnsingen - Der TSG M\u00fcsingen e.V. l\u00e4dt am 05.05.2019 ein.","description":"M\u00fcnsingen - Der TSG M\u00fcsingen e.V. l\u00e4dt am Sonntag, den 5. Mai 2019, zur Baden-W\u00fcrttembergischen Landesmeisterschaft auf der Stra\u00dfe ein.","robots":{"index":"index","follow":"follow","max-snippet":"max-snippet:-1","max-image-preview":"max-image-preview:large","max-video-preview":"max-video-preview:-1"},"canonical":"https:\/\/heuer-cup.de\/en\/etappen-2019\/muensingen\/","og_locale":"en_GB","og_type":"article","og_title":"M\u00fcnsingen - Der TSG M\u00fcsingen e.V. l\u00e4dt am 05.05.2019 ein.","og_description":"M\u00fcnsingen - Der TSG M\u00fcsingen e.V. l\u00e4dt am Sonntag, den 5. Mai 2019, zur Baden-W\u00fcrttembergischen Landesmeisterschaft auf der Stra\u00dfe ein.","og_url":"https:\/\/heuer-cup.de\/en\/etappen-2019\/muensingen\/","og_site_name":"HEUER-Cup","article_publisher":"https:\/\/www.facebook.com\/HeuerCup\/","article_modified_time":"2019-09-09T07:38:18+00:00","og_image":[{"url":"https:\/\/heuer-cup.eu\/userfiles\/images\/Vereine\/Muensingen\/TSG%20M%C3%BCnsingen%20Radsport.jpg"}],"twitter_card":"summary_large_image","twitter_site":"@Heuer_Cup","twitter_misc":{"Estimated reading time":"1 minute"},"schema":{"@context":"https:\/\/schema.org","@graph":[{"@type":"Organization","@id":"https:\/\/heuer-cup.de\/#organization","name":"Heuer Radsport","url":"https:\/\/heuer-cup.de\/","sameAs":["https:\/\/www.facebook.com\/HeuerCup\/","https:\/\/www.instagram.com\/heuer_cup\/","https:\/\/www.youtube.com\/channel\/UCuFkVFhY376_zRGfw_0Oy-Q","https:\/\/twitter.com\/Heuer_Cup"],"logo":{"@type":"ImageObject","@id":"https:\/\/heuer-cup.de\/#logo","inLanguage":"en-GB","url":"https:\/\/heuer-cup.de\/wp-content\/uploads\/2019\/01\/logo2.jpg","contentUrl":"https:\/\/heuer-cup.de\/wp-content\/uploads\/2019\/01\/logo2.jpg","width":750,"height":186,"caption":"Heuer Radsport"},"image":{"@id":"https:\/\/heuer-cup.de\/#logo"}},{"@type":"WebSite","@id":"https:\/\/heuer-cup.de\/#website","url":"https:\/\/heuer-cup.de\/","name":"Heuer Radsport","description":"Vollgas! oder einfach: Kette rechts","publisher":{"@id":"https:\/\/heuer-cup.de\/#organization"},"potentialAction":[{"@type":"SearchAction","target":{"@type":"EntryPoint","urlTemplate":"https:\/\/heuer-cup.de\/?s={search_term_string}"},"query-input":"required name=search_term_string"}],"inLanguage":"en-GB"},{"@type":"ImageObject","@id":"https:\/\/heuer-cup.de\/etappen-2019\/muensingen\/#primaryimage","inLanguage":"en-GB","url":"https:\/\/heuer-cup.eu\/userfiles\/images\/Vereine\/Muensingen\/TSG%20M%C3%BCnsingen%20Radsport.jpg","contentUrl":"https:\/\/heuer-cup.eu\/userfiles\/images\/Vereine\/Muensingen\/TSG%20M%C3%BCnsingen%20Radsport.jpg"},{"@type":"WebPage","@id":"https:\/\/heuer-cup.de\/etappen-2019\/muensingen\/#webpage","url":"https:\/\/heuer-cup.de\/etappen-2019\/muensingen\/","name":"M\u00fcnsingen - Der TSG M\u00fcsingen e.V. l\u00e4dt am 05.05.2019 ein.","isPartOf":{"@id":"https:\/\/heuer-cup.de\/#website"},"primaryImageOfPage":{"@id":"https:\/\/heuer-cup.de\/etappen-2019\/muensingen\/#primaryimage"},"datePublished":"2019-08-21T18:26:50+00:00","dateModified":"2019-09-09T07:38:18+00:00","description":"M\u00fcnsingen - Der TSG M\u00fcsingen e.V. l\u00e4dt am Sonntag, den 5. Mai 2019, zur Baden-W\u00fcrttembergischen Landesmeisterschaft auf der Stra\u00dfe ein.","breadcrumb":{"@id":"https:\/\/heuer-cup.de\/etappen-2019\/muensingen\/#breadcrumb"},"inLanguage":"en-GB","potentialAction":[{"@type":"ReadAction","target":["https:\/\/heuer-cup.de\/etappen-2019\/muensingen\/"]}]},{"@type":"BreadcrumbList","@id":"https:\/\/heuer-cup.de\/etappen-2019\/muensingen\/#breadcrumb","itemListElement":[{"@type":"ListItem","position":1,"name":"Home","item":"https:\/\/heuer-cup.de\/"},{"@type":"ListItem","position":2,"name":"Etappen 2019","item":"https:\/\/heuer-cup.de\/etappen-2019\/"},{"@type":"ListItem","position":3,"name":"M\u00fcnsingen"}]}]}},"_links":{"self":[{"href":"https:\/\/heuer-cup.de\/en\/wp-json\/wp\/v2\/pages\/4085"}],"collection":[{"href":"https:\/\/heuer-cup.de\/en\/wp-json\/wp\/v2\/pages"}],"about":[{"href":"https:\/\/heuer-cup.de\/en\/wp-json\/wp\/v2\/types\/page"}],"author":[{"embeddable":true,"href":"https:\/\/heuer-cup.de\/en\/wp-json\/wp\/v2\/users\/1"}],"replies":[{"embeddable":true,"href":"https:\/\/heuer-cup.de\/en\/wp-json\/wp\/v2\/comments?post=4085"}],"version-history":[{"count":3,"href":"https:\/\/heuer-cup.de\/en\/wp-json\/wp\/v2\/pages\/4085\/revisions"}],"predecessor-version":[{"id":5201,"href":"https:\/\/heuer-cup.de\/en\/wp-json\/wp\/v2\/pages\/4085\/revisions\/5201"}],"up":[{"embeddable":true,"href":"https:\/\/heuer-cup.de\/en\/wp-json\/wp\/v2\/pages\/4075"}],"wp:attachment":[{"href":"https:\/\/heuer-cup.de\/en\/wp-json\/wp\/v2\/media?parent=4085"}],"curies":[{"name":"wp","href":"https:\/\/api.w.org\/{rel}","templated":true}]}}