{"id":4083,"date":"2019-08-21T20:24:59","date_gmt":"2019-08-21T18:24:59","guid":{"rendered":"https:\/\/heuer-cup.de\/?page_id=4083"},"modified":"2019-09-09T11:12:31","modified_gmt":"2019-09-09T09:12:31","slug":"sponsoren-von-schoenaich","status":"publish","type":"page","link":"https:\/\/heuer-cup.de\/en\/etappen-2019\/rund-um-schoenaich\/sponsoren-von-schoenaich\/","title":{"rendered":"Sponsoren von Sch\u00f6naich"},"content":{"rendered":"<div class=\"vc_row wpb_row vc_row-fluid\"><div class=\"wpb_column vc_column_container vc_col-sm-12\"><div class=\"vc_column-inner\"><div class=\"wpb_wrapper\">\n\t<div class=\"wpb_text_column wpb_content_element\" >\n\t\t<div class=\"wpb_wrapper\">\n\t\t\t<p>ohne Sponsoren sind Radrennen nicht m\u00f6glich, hier ein Auszug aus dem Programmheft von Sch\u00f6naich:<\/p>\n<p><img loading=\"lazy\" class=\"bild aligncenter\" title=\"SV-Versicherung\" src=\"https:\/\/heuer-cup.eu\/userfiles\/images\/Vereine\/SchA%E2%95%A0%C3%A2%E2%94%AC%C3%82naich\/SV-Versicherung%202019.JPG\" alt=\"\" width=\"470\" height=\"641\" \/><\/p>\n<p><img loading=\"lazy\" class=\"bild aligncenter\" title=\"Ritter Sport\" src=\"https:\/\/heuer-cup.eu\/userfiles\/images\/Vereine\/SchA%E2%95%A0%C3%A2%E2%94%AC%C3%82naich\/Ritter%20Sport%202019.JPG\" alt=\"\" width=\"470\" height=\"690\" \/><\/p>\n<p><img loading=\"lazy\" class=\"bild aligncenter\" title=\"Bebion 2019\" src=\"https:\/\/heuer-cup.eu\/userfiles\/images\/Vereine\/SchA%E2%95%A0%C3%A2%E2%94%AC%C3%82naich\/bebion%202019.JPG\" alt=\"\" width=\"470\" height=\"690\" \/><\/p>\n\n\t\t<\/div>\n\t<\/div>\n<\/div><\/div><\/div><\/div>","protected":false},"excerpt":{"rendered":"ohne Sponsoren sind Radrennen nicht m\u00f6glich, hier ein Auszug aus dem Programmheft von Sch\u00f6naich:","protected":false},"author":1,"featured_media":0,"parent":4077,"menu_order":0,"comment_status":"closed","ping_status":"closed","template":"","meta":[],"yoast_head":"<!-- This site is optimized with the Yoast SEO plugin v16.9 - https:\/\/yoast.com\/wordpress\/plugins\/seo\/ -->\n<title>Sponsoren von Sch\u00f6naich - hier ein Auszug aus dem Programmheft<\/title>\n<meta name=\"description\" content=\"Sponsoren von Sch\u00f6naich - ohne Sponsoren sind Radrennen nicht m\u00f6glich, hier ein Auszug aus dem Programmheft von Sch\u00f6naich.\" \/>\n<meta name=\"robots\" content=\"index, follow, max-snippet:-1, max-image-preview:large, max-video-preview:-1\" \/>\n<link rel=\"canonical\" href=\"https:\/\/heuer-cup.de\/en\/etappen-2019\/rund-um-schoenaich\/sponsoren-von-schoenaich\/\" \/>\n<meta property=\"og:locale\" content=\"en_GB\" \/>\n<meta property=\"og:type\" content=\"article\" \/>\n<meta property=\"og:title\" content=\"Sponsoren von Sch\u00f6naich - hier ein Auszug aus dem Programmheft\" \/>\n<meta property=\"og:description\" content=\"Sponsoren von Sch\u00f6naich - ohne Sponsoren sind Radrennen nicht m\u00f6glich, hier ein Auszug aus dem Programmheft von Sch\u00f6naich.\" \/>\n<meta property=\"og:url\" content=\"https:\/\/heuer-cup.de\/en\/etappen-2019\/rund-um-schoenaich\/sponsoren-von-schoenaich\/\" \/>\n<meta property=\"og:site_name\" content=\"HEUER-Cup\" \/>\n<meta property=\"article:publisher\" content=\"https:\/\/www.facebook.com\/HeuerCup\/\" \/>\n<meta property=\"article:modified_time\" content=\"2019-09-09T09:12:31+00:00\" \/>\n<meta property=\"og:image\" content=\"https:\/\/heuer-cup.eu\/userfiles\/images\/Vereine\/SchA%E2%95%A0%C3%A2%E2%94%AC%C3%82naich\/SV-Versicherung%202019.JPG\" \/>\n<meta name=\"twitter:card\" content=\"summary_large_image\" \/>\n<meta name=\"twitter:site\" content=\"@Heuer_Cup\" \/>\n<script type=\"application\/ld+json\" class=\"yoast-schema-graph\">{\"@context\":\"https:\/\/schema.org\",\"@graph\":[{\"@type\":\"Organization\",\"@id\":\"https:\/\/heuer-cup.de\/#organization\",\"name\":\"Heuer Radsport\",\"url\":\"https:\/\/heuer-cup.de\/\",\"sameAs\":[\"https:\/\/www.facebook.com\/HeuerCup\/\",\"https:\/\/www.instagram.com\/heuer_cup\/\",\"https:\/\/www.youtube.com\/channel\/UCuFkVFhY376_zRGfw_0Oy-Q\",\"https:\/\/twitter.com\/Heuer_Cup\"],\"logo\":{\"@type\":\"ImageObject\",\"@id\":\"https:\/\/heuer-cup.de\/#logo\",\"inLanguage\":\"en-GB\",\"url\":\"https:\/\/heuer-cup.de\/wp-content\/uploads\/2019\/01\/logo2.jpg\",\"contentUrl\":\"https:\/\/heuer-cup.de\/wp-content\/uploads\/2019\/01\/logo2.jpg\",\"width\":750,\"height\":186,\"caption\":\"Heuer Radsport\"},\"image\":{\"@id\":\"https:\/\/heuer-cup.de\/#logo\"}},{\"@type\":\"WebSite\",\"@id\":\"https:\/\/heuer-cup.de\/#website\",\"url\":\"https:\/\/heuer-cup.de\/\",\"name\":\"Heuer Radsport\",\"description\":\"Vollgas! oder einfach: Kette rechts\",\"publisher\":{\"@id\":\"https:\/\/heuer-cup.de\/#organization\"},\"potentialAction\":[{\"@type\":\"SearchAction\",\"target\":{\"@type\":\"EntryPoint\",\"urlTemplate\":\"https:\/\/heuer-cup.de\/?s={search_term_string}\"},\"query-input\":\"required name=search_term_string\"}],\"inLanguage\":\"en-GB\"},{\"@type\":\"ImageObject\",\"@id\":\"https:\/\/heuer-cup.de\/etappen-2019\/rund-um-schoenaich\/sponsoren-von-schoenaich\/#primaryimage\",\"inLanguage\":\"en-GB\",\"url\":\"https:\/\/heuer-cup.eu\/userfiles\/images\/Vereine\/SchA%E2%95%A0%C3%A2%E2%94%AC%C3%82naich\/SV-Versicherung%202019.JPG\",\"contentUrl\":\"https:\/\/heuer-cup.eu\/userfiles\/images\/Vereine\/SchA%E2%95%A0%C3%A2%E2%94%AC%C3%82naich\/SV-Versicherung%202019.JPG\"},{\"@type\":\"WebPage\",\"@id\":\"https:\/\/heuer-cup.de\/etappen-2019\/rund-um-schoenaich\/sponsoren-von-schoenaich\/#webpage\",\"url\":\"https:\/\/heuer-cup.de\/etappen-2019\/rund-um-schoenaich\/sponsoren-von-schoenaich\/\",\"name\":\"Sponsoren von Sch\\u00f6naich - hier ein Auszug aus dem Programmheft\",\"isPartOf\":{\"@id\":\"https:\/\/heuer-cup.de\/#website\"},\"primaryImageOfPage\":{\"@id\":\"https:\/\/heuer-cup.de\/etappen-2019\/rund-um-schoenaich\/sponsoren-von-schoenaich\/#primaryimage\"},\"datePublished\":\"2019-08-21T18:24:59+00:00\",\"dateModified\":\"2019-09-09T09:12:31+00:00\",\"description\":\"Sponsoren von Sch\\u00f6naich - ohne Sponsoren sind Radrennen nicht m\\u00f6glich, hier ein Auszug aus dem Programmheft von Sch\\u00f6naich.\",\"breadcrumb\":{\"@id\":\"https:\/\/heuer-cup.de\/etappen-2019\/rund-um-schoenaich\/sponsoren-von-schoenaich\/#breadcrumb\"},\"inLanguage\":\"en-GB\",\"potentialAction\":[{\"@type\":\"ReadAction\",\"target\":[\"https:\/\/heuer-cup.de\/etappen-2019\/rund-um-schoenaich\/sponsoren-von-schoenaich\/\"]}]},{\"@type\":\"BreadcrumbList\",\"@id\":\"https:\/\/heuer-cup.de\/etappen-2019\/rund-um-schoenaich\/sponsoren-von-schoenaich\/#breadcrumb\",\"itemListElement\":[{\"@type\":\"ListItem\",\"position\":1,\"name\":\"Home\",\"item\":\"https:\/\/heuer-cup.de\/\"},{\"@type\":\"ListItem\",\"position\":2,\"name\":\"Etappen 2019\",\"item\":\"https:\/\/heuer-cup.de\/etappen-2019\/\"},{\"@type\":\"ListItem\",\"position\":3,\"name\":\"Rund um Sch\\u00f6naich\",\"item\":\"https:\/\/heuer-cup.de\/etappen-2019\/rund-um-schoenaich\/\"},{\"@type\":\"ListItem\",\"position\":4,\"name\":\"Sponsoren von Sch\\u00f6naich\"}]}]}<\/script>\n<!-- \/ Yoast SEO plugin. -->","yoast_head_json":{"title":"Sponsoren von Sch\u00f6naich - hier ein Auszug aus dem Programmheft","description":"Sponsoren von Sch\u00f6naich - ohne Sponsoren sind Radrennen nicht m\u00f6glich, hier ein Auszug aus dem Programmheft von Sch\u00f6naich.","robots":{"index":"index","follow":"follow","max-snippet":"max-snippet:-1","max-image-preview":"max-image-preview:large","max-video-preview":"max-video-preview:-1"},"canonical":"https:\/\/heuer-cup.de\/en\/etappen-2019\/rund-um-schoenaich\/sponsoren-von-schoenaich\/","og_locale":"en_GB","og_type":"article","og_title":"Sponsoren von Sch\u00f6naich - hier ein Auszug aus dem Programmheft","og_description":"Sponsoren von Sch\u00f6naich - ohne Sponsoren sind Radrennen nicht m\u00f6glich, hier ein Auszug aus dem Programmheft von Sch\u00f6naich.","og_url":"https:\/\/heuer-cup.de\/en\/etappen-2019\/rund-um-schoenaich\/sponsoren-von-schoenaich\/","og_site_name":"HEUER-Cup","article_publisher":"https:\/\/www.facebook.com\/HeuerCup\/","article_modified_time":"2019-09-09T09:12:31+00:00","og_image":[{"url":"https:\/\/heuer-cup.eu\/userfiles\/images\/Vereine\/SchA%E2%95%A0%C3%A2%E2%94%AC%C3%82naich\/SV-Versicherung%202019.JPG"}],"twitter_card":"summary_large_image","twitter_site":"@Heuer_Cup","schema":{"@context":"https:\/\/schema.org","@graph":[{"@type":"Organization","@id":"https:\/\/heuer-cup.de\/#organization","name":"Heuer Radsport","url":"https:\/\/heuer-cup.de\/","sameAs":["https:\/\/www.facebook.com\/HeuerCup\/","https:\/\/www.instagram.com\/heuer_cup\/","https:\/\/www.youtube.com\/channel\/UCuFkVFhY376_zRGfw_0Oy-Q","https:\/\/twitter.com\/Heuer_Cup"],"logo":{"@type":"ImageObject","@id":"https:\/\/heuer-cup.de\/#logo","inLanguage":"en-GB","url":"https:\/\/heuer-cup.de\/wp-content\/uploads\/2019\/01\/logo2.jpg","contentUrl":"https:\/\/heuer-cup.de\/wp-content\/uploads\/2019\/01\/logo2.jpg","width":750,"height":186,"caption":"Heuer Radsport"},"image":{"@id":"https:\/\/heuer-cup.de\/#logo"}},{"@type":"WebSite","@id":"https:\/\/heuer-cup.de\/#website","url":"https:\/\/heuer-cup.de\/","name":"Heuer Radsport","description":"Vollgas! oder einfach: Kette rechts","publisher":{"@id":"https:\/\/heuer-cup.de\/#organization"},"potentialAction":[{"@type":"SearchAction","target":{"@type":"EntryPoint","urlTemplate":"https:\/\/heuer-cup.de\/?s={search_term_string}"},"query-input":"required name=search_term_string"}],"inLanguage":"en-GB"},{"@type":"ImageObject","@id":"https:\/\/heuer-cup.de\/etappen-2019\/rund-um-schoenaich\/sponsoren-von-schoenaich\/#primaryimage","inLanguage":"en-GB","url":"https:\/\/heuer-cup.eu\/userfiles\/images\/Vereine\/SchA%E2%95%A0%C3%A2%E2%94%AC%C3%82naich\/SV-Versicherung%202019.JPG","contentUrl":"https:\/\/heuer-cup.eu\/userfiles\/images\/Vereine\/SchA%E2%95%A0%C3%A2%E2%94%AC%C3%82naich\/SV-Versicherung%202019.JPG"},{"@type":"WebPage","@id":"https:\/\/heuer-cup.de\/etappen-2019\/rund-um-schoenaich\/sponsoren-von-schoenaich\/#webpage","url":"https:\/\/heuer-cup.de\/etappen-2019\/rund-um-schoenaich\/sponsoren-von-schoenaich\/","name":"Sponsoren von Sch\u00f6naich - hier ein Auszug aus dem Programmheft","isPartOf":{"@id":"https:\/\/heuer-cup.de\/#website"},"primaryImageOfPage":{"@id":"https:\/\/heuer-cup.de\/etappen-2019\/rund-um-schoenaich\/sponsoren-von-schoenaich\/#primaryimage"},"datePublished":"2019-08-21T18:24:59+00:00","dateModified":"2019-09-09T09:12:31+00:00","description":"Sponsoren von Sch\u00f6naich - ohne Sponsoren sind Radrennen nicht m\u00f6glich, hier ein Auszug aus dem Programmheft von Sch\u00f6naich.","breadcrumb":{"@id":"https:\/\/heuer-cup.de\/etappen-2019\/rund-um-schoenaich\/sponsoren-von-schoenaich\/#breadcrumb"},"inLanguage":"en-GB","potentialAction":[{"@type":"ReadAction","target":["https:\/\/heuer-cup.de\/etappen-2019\/rund-um-schoenaich\/sponsoren-von-schoenaich\/"]}]},{"@type":"BreadcrumbList","@id":"https:\/\/heuer-cup.de\/etappen-2019\/rund-um-schoenaich\/sponsoren-von-schoenaich\/#breadcrumb","itemListElement":[{"@type":"ListItem","position":1,"name":"Home","item":"https:\/\/heuer-cup.de\/"},{"@type":"ListItem","position":2,"name":"Etappen 2019","item":"https:\/\/heuer-cup.de\/etappen-2019\/"},{"@type":"ListItem","position":3,"name":"Rund um Sch\u00f6naich","item":"https:\/\/heuer-cup.de\/etappen-2019\/rund-um-schoenaich\/"},{"@type":"ListItem","position":4,"name":"Sponsoren von Sch\u00f6naich"}]}]}},"_links":{"self":[{"href":"https:\/\/heuer-cup.de\/en\/wp-json\/wp\/v2\/pages\/4083"}],"collection":[{"href":"https:\/\/heuer-cup.de\/en\/wp-json\/wp\/v2\/pages"}],"about":[{"href":"https:\/\/heuer-cup.de\/en\/wp-json\/wp\/v2\/types\/page"}],"author":[{"embeddable":true,"href":"https:\/\/heuer-cup.de\/en\/wp-json\/wp\/v2\/users\/1"}],"replies":[{"embeddable":true,"href":"https:\/\/heuer-cup.de\/en\/wp-json\/wp\/v2\/comments?post=4083"}],"version-history":[{"count":2,"href":"https:\/\/heuer-cup.de\/en\/wp-json\/wp\/v2\/pages\/4083\/revisions"}],"predecessor-version":[{"id":4726,"href":"https:\/\/heuer-cup.de\/en\/wp-json\/wp\/v2\/pages\/4083\/revisions\/4726"}],"up":[{"embeddable":true,"href":"https:\/\/heuer-cup.de\/en\/wp-json\/wp\/v2\/pages\/4077"}],"wp:attachment":[{"href":"https:\/\/heuer-cup.de\/en\/wp-json\/wp\/v2\/media?parent=4083"}],"curies":[{"name":"wp","href":"https:\/\/api.w.org\/{rel}","templated":true}]}}