{"id":4081,"date":"2019-08-21T20:24:18","date_gmt":"2019-08-21T18:24:18","guid":{"rendered":"https:\/\/heuer-cup.de\/?page_id=4081"},"modified":"2019-09-09T11:29:04","modified_gmt":"2019-09-09T09:29:04","slug":"strecke","status":"publish","type":"page","link":"https:\/\/heuer-cup.de\/en\/etappen-2019\/rund-um-schoenaich\/strecke\/","title":{"rendered":"Strecke"},"content":{"rendered":"<div class=\"vc_row wpb_row vc_row-fluid\"><div class=\"wpb_column vc_column_container vc_col-sm-12\"><div class=\"vc_column-inner\"><div class=\"wpb_wrapper\">\n\t<div class=\"wpb_text_column wpb_content_element\" >\n\t\t<div class=\"wpb_wrapper\">\n\t\t\t<p>Rund um Sch\u00f6naich<\/p>\n<p><span class=\"content\">gefahren wird von Sch\u00f6naich &#8211; Breitenstein &#8211; Neuweiler &#8211; Sch\u00f6naich<\/span><\/p>\n<ul>\n<li>Start \/ Ziel ist Wettgasse in der Ortsmitte vor der Volksbank<\/li>\n<li>gefahren wird gegen den Uhrzeigersinn<\/li>\n<li>die Rundenl\u00e4nge betr\u00e4gt ca. 9 km<\/li>\n<li>anspruchsvoller Kurs mit ca. 140 HM (H\u00f6henprofil s.u.)<\/li>\n<li>Nummernausgabe ist am Start \/ Ziel<\/li>\n<li>Umkleide in der Sporthalle<\/li>\n<\/ul>\n<p>hier geht es direkt zur\u00a0<a href=\"https:\/\/www.rad-net.de\/modules.php?name=Ausschreibung&amp;menuid=288&amp;ID_Veranstaltung=30354&amp;mode=ascr_detail\" target=\"_blank\" rel=\"noopener noreferrer\">Ausschreibung bei rad-net.de<br \/>\n<\/a><\/p>\n<p><strong>\u00f6rtliche Gegebenheiten (Start\/Ziel):<\/strong><\/p>\n<p><img loading=\"lazy\" class=\"bild aligncenter\" title=\"Start_Ziel\" src=\"https:\/\/heuer-cup.eu\/userfiles\/images\/Vereine\/SchA%E2%95%A0%C3%A2%E2%94%AC%C3%82naich\/Start%20&amp;%20Ziel,%20ParkplA%E2%95%A0%C3%A2%E2%94%AC%C3%B1tze.JPG\" width=\"470\" height=\"423\" \/><\/p>\n<p><strong>Streckenverlauf:<\/strong><\/p>\n<p><img loading=\"lazy\" class=\"bild aligncenter\" title=\"Streckenverlauf\" src=\"https:\/\/heuer-cup.eu\/userfiles\/images\/Vereine\/SchA%E2%95%A0%C3%A2%E2%94%AC%C3%82naich\/Strecke%20RuS.JPG\" width=\"470\" height=\"464\" \/><\/p>\n<p><strong>H\u00f6henprofil:<\/strong><\/p>\n<p><img loading=\"lazy\" class=\"bild aligncenter\" src=\"https:\/\/heuer-cup.eu\/userfiles\/images\/Vereine\/SchA%E2%95%A0%C3%A2%E2%94%AC%C3%82naich\/HA%E2%95%A0%C3%A2%E2%94%AC%C3%82henprofil.gif\" width=\"470\" height=\"353\" \/><\/p>\n\n\t\t<\/div>\n\t<\/div>\n<\/div><\/div><\/div><\/div>","protected":false},"excerpt":{"rendered":"Rund um Sch\u00f6naich gefahren wird von Sch\u00f6naich - Breitenstein - Neuweiler - Sch\u00f6naich Start \/ Ziel ist Wettgasse in der Ortsmitte vor der Volksbank gefahren wird gegen den Uhrzeigersinn die Rundenl\u00e4nge betr\u00e4gt ca. 9 km anspruchsvoller Kurs mit ca. 140 HM (H\u00f6henprofil s.u.) Nummernausgabe ist am Start \/ Ziel Umkleide in der Sporthalle hier geht [...]","protected":false},"author":1,"featured_media":0,"parent":4077,"menu_order":0,"comment_status":"closed","ping_status":"closed","template":"","meta":[],"yoast_head":"<!-- This site is optimized with the Yoast SEO plugin v16.9 - https:\/\/yoast.com\/wordpress\/plugins\/seo\/ -->\n<title>Strecke Sch\u00f6naich 22.4.2019 - 1. Etappe des HEUER-Cup<\/title>\n<meta name=\"description\" content=\"Strecke Sch\u00f6naich 22.4.2019 - 1. Etappe des HEUER-Cup um 9:00 Uhr bis ca. 15:15 Uhr startet das 45. Radrennen in Sch\u00f6naich.\" \/>\n<meta name=\"robots\" content=\"index, follow, max-snippet:-1, max-image-preview:large, max-video-preview:-1\" \/>\n<link rel=\"canonical\" href=\"https:\/\/heuer-cup.de\/en\/etappen-2019\/rund-um-schoenaich\/strecke\/\" \/>\n<meta property=\"og:locale\" content=\"en_GB\" \/>\n<meta property=\"og:type\" content=\"article\" \/>\n<meta property=\"og:title\" content=\"Strecke Sch\u00f6naich 22.4.2019 - 1. Etappe des HEUER-Cup\" \/>\n<meta property=\"og:description\" content=\"Strecke Sch\u00f6naich 22.4.2019 - 1. Etappe des HEUER-Cup um 9:00 Uhr bis ca. 15:15 Uhr startet das 45. Radrennen in Sch\u00f6naich.\" \/>\n<meta property=\"og:url\" content=\"https:\/\/heuer-cup.de\/en\/etappen-2019\/rund-um-schoenaich\/strecke\/\" \/>\n<meta property=\"og:site_name\" content=\"HEUER-Cup\" \/>\n<meta property=\"article:publisher\" content=\"https:\/\/www.facebook.com\/HeuerCup\/\" \/>\n<meta property=\"article:modified_time\" content=\"2019-09-09T09:29:04+00:00\" \/>\n<meta property=\"og:image\" content=\"https:\/\/heuer-cup.eu\/userfiles\/images\/Vereine\/SchA%E2%95%A0%C3%A2%E2%94%AC%C3%82naich\/Start%20&#038;%20Ziel,%20ParkplA%E2%95%A0%C3%A2%E2%94%AC%C3%B1tze.JPG\" \/>\n<meta name=\"twitter:card\" content=\"summary_large_image\" \/>\n<meta name=\"twitter:site\" content=\"@Heuer_Cup\" \/>\n<script type=\"application\/ld+json\" class=\"yoast-schema-graph\">{\"@context\":\"https:\/\/schema.org\",\"@graph\":[{\"@type\":\"Organization\",\"@id\":\"https:\/\/heuer-cup.de\/#organization\",\"name\":\"Heuer Radsport\",\"url\":\"https:\/\/heuer-cup.de\/\",\"sameAs\":[\"https:\/\/www.facebook.com\/HeuerCup\/\",\"https:\/\/www.instagram.com\/heuer_cup\/\",\"https:\/\/www.youtube.com\/channel\/UCuFkVFhY376_zRGfw_0Oy-Q\",\"https:\/\/twitter.com\/Heuer_Cup\"],\"logo\":{\"@type\":\"ImageObject\",\"@id\":\"https:\/\/heuer-cup.de\/#logo\",\"inLanguage\":\"en-GB\",\"url\":\"https:\/\/heuer-cup.de\/wp-content\/uploads\/2019\/01\/logo2.jpg\",\"contentUrl\":\"https:\/\/heuer-cup.de\/wp-content\/uploads\/2019\/01\/logo2.jpg\",\"width\":750,\"height\":186,\"caption\":\"Heuer Radsport\"},\"image\":{\"@id\":\"https:\/\/heuer-cup.de\/#logo\"}},{\"@type\":\"WebSite\",\"@id\":\"https:\/\/heuer-cup.de\/#website\",\"url\":\"https:\/\/heuer-cup.de\/\",\"name\":\"Heuer Radsport\",\"description\":\"Vollgas! oder einfach: Kette rechts\",\"publisher\":{\"@id\":\"https:\/\/heuer-cup.de\/#organization\"},\"potentialAction\":[{\"@type\":\"SearchAction\",\"target\":{\"@type\":\"EntryPoint\",\"urlTemplate\":\"https:\/\/heuer-cup.de\/?s={search_term_string}\"},\"query-input\":\"required name=search_term_string\"}],\"inLanguage\":\"en-GB\"},{\"@type\":\"ImageObject\",\"@id\":\"https:\/\/heuer-cup.de\/etappen-2019\/rund-um-schoenaich\/strecke\/#primaryimage\",\"inLanguage\":\"en-GB\",\"url\":\"https:\/\/heuer-cup.eu\/userfiles\/images\/Vereine\/SchA%E2%95%A0%C3%A2%E2%94%AC%C3%82naich\/Start%20&amp;%20Ziel,%20ParkplA%E2%95%A0%C3%A2%E2%94%AC%C3%B1tze.JPG\",\"contentUrl\":\"https:\/\/heuer-cup.eu\/userfiles\/images\/Vereine\/SchA%E2%95%A0%C3%A2%E2%94%AC%C3%82naich\/Start%20&amp;%20Ziel,%20ParkplA%E2%95%A0%C3%A2%E2%94%AC%C3%B1tze.JPG\"},{\"@type\":\"WebPage\",\"@id\":\"https:\/\/heuer-cup.de\/etappen-2019\/rund-um-schoenaich\/strecke\/#webpage\",\"url\":\"https:\/\/heuer-cup.de\/etappen-2019\/rund-um-schoenaich\/strecke\/\",\"name\":\"Strecke Sch\\u00f6naich 22.4.2019 - 1. Etappe des HEUER-Cup\",\"isPartOf\":{\"@id\":\"https:\/\/heuer-cup.de\/#website\"},\"primaryImageOfPage\":{\"@id\":\"https:\/\/heuer-cup.de\/etappen-2019\/rund-um-schoenaich\/strecke\/#primaryimage\"},\"datePublished\":\"2019-08-21T18:24:18+00:00\",\"dateModified\":\"2019-09-09T09:29:04+00:00\",\"description\":\"Strecke Sch\\u00f6naich 22.4.2019 - 1. Etappe des HEUER-Cup um 9:00 Uhr bis ca. 15:15 Uhr startet das 45. Radrennen in Sch\\u00f6naich.\",\"breadcrumb\":{\"@id\":\"https:\/\/heuer-cup.de\/etappen-2019\/rund-um-schoenaich\/strecke\/#breadcrumb\"},\"inLanguage\":\"en-GB\",\"potentialAction\":[{\"@type\":\"ReadAction\",\"target\":[\"https:\/\/heuer-cup.de\/etappen-2019\/rund-um-schoenaich\/strecke\/\"]}]},{\"@type\":\"BreadcrumbList\",\"@id\":\"https:\/\/heuer-cup.de\/etappen-2019\/rund-um-schoenaich\/strecke\/#breadcrumb\",\"itemListElement\":[{\"@type\":\"ListItem\",\"position\":1,\"name\":\"Home\",\"item\":\"https:\/\/heuer-cup.de\/\"},{\"@type\":\"ListItem\",\"position\":2,\"name\":\"Etappen 2019\",\"item\":\"https:\/\/heuer-cup.de\/etappen-2019\/\"},{\"@type\":\"ListItem\",\"position\":3,\"name\":\"Rund um Sch\\u00f6naich\",\"item\":\"https:\/\/heuer-cup.de\/etappen-2019\/rund-um-schoenaich\/\"},{\"@type\":\"ListItem\",\"position\":4,\"name\":\"Strecke\"}]}]}<\/script>\n<!-- \/ Yoast SEO plugin. -->","yoast_head_json":{"title":"Strecke Sch\u00f6naich 22.4.2019 - 1. Etappe des HEUER-Cup","description":"Strecke Sch\u00f6naich 22.4.2019 - 1. Etappe des HEUER-Cup um 9:00 Uhr bis ca. 15:15 Uhr startet das 45. Radrennen in Sch\u00f6naich.","robots":{"index":"index","follow":"follow","max-snippet":"max-snippet:-1","max-image-preview":"max-image-preview:large","max-video-preview":"max-video-preview:-1"},"canonical":"https:\/\/heuer-cup.de\/en\/etappen-2019\/rund-um-schoenaich\/strecke\/","og_locale":"en_GB","og_type":"article","og_title":"Strecke Sch\u00f6naich 22.4.2019 - 1. Etappe des HEUER-Cup","og_description":"Strecke Sch\u00f6naich 22.4.2019 - 1. Etappe des HEUER-Cup um 9:00 Uhr bis ca. 15:15 Uhr startet das 45. Radrennen in Sch\u00f6naich.","og_url":"https:\/\/heuer-cup.de\/en\/etappen-2019\/rund-um-schoenaich\/strecke\/","og_site_name":"HEUER-Cup","article_publisher":"https:\/\/www.facebook.com\/HeuerCup\/","article_modified_time":"2019-09-09T09:29:04+00:00","og_image":[{"url":"https:\/\/heuer-cup.eu\/userfiles\/images\/Vereine\/SchA%E2%95%A0%C3%A2%E2%94%AC%C3%82naich\/Start%20&amp;%20Ziel,%20ParkplA%E2%95%A0%C3%A2%E2%94%AC%C3%B1tze.JPG"}],"twitter_card":"summary_large_image","twitter_site":"@Heuer_Cup","schema":{"@context":"https:\/\/schema.org","@graph":[{"@type":"Organization","@id":"https:\/\/heuer-cup.de\/#organization","name":"Heuer Radsport","url":"https:\/\/heuer-cup.de\/","sameAs":["https:\/\/www.facebook.com\/HeuerCup\/","https:\/\/www.instagram.com\/heuer_cup\/","https:\/\/www.youtube.com\/channel\/UCuFkVFhY376_zRGfw_0Oy-Q","https:\/\/twitter.com\/Heuer_Cup"],"logo":{"@type":"ImageObject","@id":"https:\/\/heuer-cup.de\/#logo","inLanguage":"en-GB","url":"https:\/\/heuer-cup.de\/wp-content\/uploads\/2019\/01\/logo2.jpg","contentUrl":"https:\/\/heuer-cup.de\/wp-content\/uploads\/2019\/01\/logo2.jpg","width":750,"height":186,"caption":"Heuer Radsport"},"image":{"@id":"https:\/\/heuer-cup.de\/#logo"}},{"@type":"WebSite","@id":"https:\/\/heuer-cup.de\/#website","url":"https:\/\/heuer-cup.de\/","name":"Heuer Radsport","description":"Vollgas! oder einfach: Kette rechts","publisher":{"@id":"https:\/\/heuer-cup.de\/#organization"},"potentialAction":[{"@type":"SearchAction","target":{"@type":"EntryPoint","urlTemplate":"https:\/\/heuer-cup.de\/?s={search_term_string}"},"query-input":"required name=search_term_string"}],"inLanguage":"en-GB"},{"@type":"ImageObject","@id":"https:\/\/heuer-cup.de\/etappen-2019\/rund-um-schoenaich\/strecke\/#primaryimage","inLanguage":"en-GB","url":"https:\/\/heuer-cup.eu\/userfiles\/images\/Vereine\/SchA%E2%95%A0%C3%A2%E2%94%AC%C3%82naich\/Start%20&amp;%20Ziel,%20ParkplA%E2%95%A0%C3%A2%E2%94%AC%C3%B1tze.JPG","contentUrl":"https:\/\/heuer-cup.eu\/userfiles\/images\/Vereine\/SchA%E2%95%A0%C3%A2%E2%94%AC%C3%82naich\/Start%20&amp;%20Ziel,%20ParkplA%E2%95%A0%C3%A2%E2%94%AC%C3%B1tze.JPG"},{"@type":"WebPage","@id":"https:\/\/heuer-cup.de\/etappen-2019\/rund-um-schoenaich\/strecke\/#webpage","url":"https:\/\/heuer-cup.de\/etappen-2019\/rund-um-schoenaich\/strecke\/","name":"Strecke Sch\u00f6naich 22.4.2019 - 1. Etappe des HEUER-Cup","isPartOf":{"@id":"https:\/\/heuer-cup.de\/#website"},"primaryImageOfPage":{"@id":"https:\/\/heuer-cup.de\/etappen-2019\/rund-um-schoenaich\/strecke\/#primaryimage"},"datePublished":"2019-08-21T18:24:18+00:00","dateModified":"2019-09-09T09:29:04+00:00","description":"Strecke Sch\u00f6naich 22.4.2019 - 1. Etappe des HEUER-Cup um 9:00 Uhr bis ca. 15:15 Uhr startet das 45. Radrennen in Sch\u00f6naich.","breadcrumb":{"@id":"https:\/\/heuer-cup.de\/etappen-2019\/rund-um-schoenaich\/strecke\/#breadcrumb"},"inLanguage":"en-GB","potentialAction":[{"@type":"ReadAction","target":["https:\/\/heuer-cup.de\/etappen-2019\/rund-um-schoenaich\/strecke\/"]}]},{"@type":"BreadcrumbList","@id":"https:\/\/heuer-cup.de\/etappen-2019\/rund-um-schoenaich\/strecke\/#breadcrumb","itemListElement":[{"@type":"ListItem","position":1,"name":"Home","item":"https:\/\/heuer-cup.de\/"},{"@type":"ListItem","position":2,"name":"Etappen 2019","item":"https:\/\/heuer-cup.de\/etappen-2019\/"},{"@type":"ListItem","position":3,"name":"Rund um Sch\u00f6naich","item":"https:\/\/heuer-cup.de\/etappen-2019\/rund-um-schoenaich\/"},{"@type":"ListItem","position":4,"name":"Strecke"}]}]}},"_links":{"self":[{"href":"https:\/\/heuer-cup.de\/en\/wp-json\/wp\/v2\/pages\/4081"}],"collection":[{"href":"https:\/\/heuer-cup.de\/en\/wp-json\/wp\/v2\/pages"}],"about":[{"href":"https:\/\/heuer-cup.de\/en\/wp-json\/wp\/v2\/types\/page"}],"author":[{"embeddable":true,"href":"https:\/\/heuer-cup.de\/en\/wp-json\/wp\/v2\/users\/1"}],"replies":[{"embeddable":true,"href":"https:\/\/heuer-cup.de\/en\/wp-json\/wp\/v2\/comments?post=4081"}],"version-history":[{"count":2,"href":"https:\/\/heuer-cup.de\/en\/wp-json\/wp\/v2\/pages\/4081\/revisions"}],"predecessor-version":[{"id":4727,"href":"https:\/\/heuer-cup.de\/en\/wp-json\/wp\/v2\/pages\/4081\/revisions\/4727"}],"up":[{"embeddable":true,"href":"https:\/\/heuer-cup.de\/en\/wp-json\/wp\/v2\/pages\/4077"}],"wp:attachment":[{"href":"https:\/\/heuer-cup.de\/en\/wp-json\/wp\/v2\/media?parent=4081"}],"curies":[{"name":"wp","href":"https:\/\/api.w.org\/{rel}","templated":true}]}}