{"id":4063,"date":"2019-08-21T19:41:19","date_gmt":"2019-08-21T17:41:19","guid":{"rendered":"https:\/\/heuer-cup.de\/?page_id=4063"},"modified":"2019-09-09T14:33:24","modified_gmt":"2019-09-09T12:33:24","slug":"strecke","status":"publish","type":"page","link":"https:\/\/heuer-cup.de\/en\/kritchallenge\/deisslingen-1-etappe\/strecke\/","title":{"rendered":"Strecke"},"content":{"rendered":"<div class=\"vc_row wpb_row vc_row-fluid\"><div class=\"wpb_column vc_column_container vc_col-sm-12\"><div class=\"vc_column-inner\"><div class=\"wpb_wrapper\">\n\t<div class=\"wpb_text_column wpb_content_element\" >\n\t\t<div class=\"wpb_wrapper\">\n\t\t\t<p>Die Rennstrecke f\u00fchrt \u00fcber einen ca. 1km langen Kurs durch die Dei\u00dflinger Ortsmitte. Start und Ziel sowie die Bewirtungsst\u00e4nde liegen in der Stauffenbergstra\u00dfe. Der Rundkurs f\u00fchrt \u00fcber die Kirchberg-, die Bad-, die See-, die Gupfen- und wieder \u00fcber die Stauffenbergstra\u00dfe zum Ziel.<\/p>\n<table>\n<tbody>\n<tr>\n<td>R1)<br \/>\nR2)<br \/>\nR3)<\/td>\n<td>17:50 Uhr<br \/>\n18:40 Uhr<br \/>\n19:35 Uhr<\/td>\n<td>Frauen und Senioren4<br \/>\nSenioren2\/3<br \/>\nEliteamateure\/Amateure<\/td>\n<td>\u00a033Rd = 33km<br \/>\n40Rd = 40km<br \/>\n80Rd = 80km<\/td>\n<\/tr>\n<\/tbody>\n<\/table>\n<p>&nbsp;<\/p>\n<p><img loading=\"lazy\" class=\"bild aligncenter\" title=\"Strecke\" src=\"https:\/\/heuer-cup.eu\/userfiles\/images\/Vereine\/Deisslingen\/Strecke.png\" alt=\"\" width=\"462\" height=\"410\" \/><\/p>\n<p>&nbsp;<\/p>\n<p>Hier geht es direkt zur\u00a0<a href=\"https:\/\/www.rad-net.de\/rad-net-portal\/ausschreibungen_1.htm?url=%2Fmodules.php%3Fname%3DAusschreibung%26rnswp_disziplin%3D1%26pgID_Veranstaltung%3D3%26ID_Veranstaltung%3D32376%26mode%3Dascr_detail%26typ%3Di&amp;url_hash=nk4DZaqXm3kODfRm7cl5XUZ7TUpyE_cFaRlQFlJY77Y\" target=\"_blank\" rel=\"noopener noreferrer\">Anmeldung auf rad-net.de<\/a><\/p>\n\n\t\t<\/div>\n\t<\/div>\n<\/div><\/div><\/div><\/div>","protected":false},"excerpt":{"rendered":"Die Rennstrecke f\u00fchrt \u00fcber einen ca. 1km langen Kurs durch die Dei\u00dflinger Ortsmitte. Start und Ziel sowie die Bewirtungsst\u00e4nde liegen in der Stauffenbergstra\u00dfe. Der Rundkurs f\u00fchrt \u00fcber die Kirchberg-, die Bad-, die See-, die Gupfen- und wieder \u00fcber die Stauffenbergstra\u00dfe zum Ziel. R1) R2) R3) 17:50 Uhr 18:40 Uhr 19:35 Uhr Frauen und Senioren4 Senioren2\/3 [...]","protected":false},"author":1,"featured_media":0,"parent":4059,"menu_order":0,"comment_status":"closed","ping_status":"closed","template":"","meta":[],"yoast_head":"<!-- This site is optimized with the Yoast SEO plugin v16.9 - https:\/\/yoast.com\/wordpress\/plugins\/seo\/ -->\n<title>Strecke Dei\u00dflingen am 11.07.2019 - HEUER-Cup -<\/title>\n<meta name=\"description\" content=\"Strecke Dei\u00dflingen am 11.07.2019 - HEUER-Cup - mit Start und Ziel in der Dei\u00dflinger Ortsmitte. Die Strecke ist ein Rundkurs mit ca. 1 km L\u00e4nge.\" \/>\n<meta name=\"robots\" content=\"index, follow, max-snippet:-1, max-image-preview:large, max-video-preview:-1\" \/>\n<link rel=\"canonical\" href=\"https:\/\/heuer-cup.de\/en\/kritchallenge\/deisslingen-1-etappe\/strecke\/\" \/>\n<meta property=\"og:locale\" content=\"en_GB\" \/>\n<meta property=\"og:type\" content=\"article\" \/>\n<meta property=\"og:title\" content=\"Strecke Dei\u00dflingen am 11.07.2019 - HEUER-Cup -\" \/>\n<meta property=\"og:description\" content=\"Strecke Dei\u00dflingen am 11.07.2019 - HEUER-Cup - mit Start und Ziel in der Dei\u00dflinger Ortsmitte. Die Strecke ist ein Rundkurs mit ca. 1 km L\u00e4nge.\" \/>\n<meta property=\"og:url\" content=\"https:\/\/heuer-cup.de\/en\/kritchallenge\/deisslingen-1-etappe\/strecke\/\" \/>\n<meta property=\"og:site_name\" content=\"HEUER-Cup\" \/>\n<meta property=\"article:publisher\" content=\"https:\/\/www.facebook.com\/HeuerCup\/\" \/>\n<meta property=\"article:modified_time\" content=\"2019-09-09T12:33:24+00:00\" \/>\n<meta property=\"og:image\" content=\"https:\/\/heuer-cup.eu\/userfiles\/images\/Vereine\/Deisslingen\/Strecke.png\" \/>\n<meta name=\"twitter:card\" content=\"summary_large_image\" \/>\n<meta name=\"twitter:site\" content=\"@Heuer_Cup\" \/>\n<script type=\"application\/ld+json\" class=\"yoast-schema-graph\">{\"@context\":\"https:\/\/schema.org\",\"@graph\":[{\"@type\":\"Organization\",\"@id\":\"https:\/\/heuer-cup.de\/#organization\",\"name\":\"Heuer Radsport\",\"url\":\"https:\/\/heuer-cup.de\/\",\"sameAs\":[\"https:\/\/www.facebook.com\/HeuerCup\/\",\"https:\/\/www.instagram.com\/heuer_cup\/\",\"https:\/\/www.youtube.com\/channel\/UCuFkVFhY376_zRGfw_0Oy-Q\",\"https:\/\/twitter.com\/Heuer_Cup\"],\"logo\":{\"@type\":\"ImageObject\",\"@id\":\"https:\/\/heuer-cup.de\/#logo\",\"inLanguage\":\"en-GB\",\"url\":\"https:\/\/heuer-cup.de\/wp-content\/uploads\/2019\/01\/logo2.jpg\",\"contentUrl\":\"https:\/\/heuer-cup.de\/wp-content\/uploads\/2019\/01\/logo2.jpg\",\"width\":750,\"height\":186,\"caption\":\"Heuer Radsport\"},\"image\":{\"@id\":\"https:\/\/heuer-cup.de\/#logo\"}},{\"@type\":\"WebSite\",\"@id\":\"https:\/\/heuer-cup.de\/#website\",\"url\":\"https:\/\/heuer-cup.de\/\",\"name\":\"Heuer Radsport\",\"description\":\"Vollgas! oder einfach: Kette rechts\",\"publisher\":{\"@id\":\"https:\/\/heuer-cup.de\/#organization\"},\"potentialAction\":[{\"@type\":\"SearchAction\",\"target\":{\"@type\":\"EntryPoint\",\"urlTemplate\":\"https:\/\/heuer-cup.de\/?s={search_term_string}\"},\"query-input\":\"required name=search_term_string\"}],\"inLanguage\":\"en-GB\"},{\"@type\":\"ImageObject\",\"@id\":\"https:\/\/heuer-cup.de\/kritchallenge\/deisslingen-1-etappe\/strecke\/#primaryimage\",\"inLanguage\":\"en-GB\",\"url\":\"https:\/\/heuer-cup.eu\/userfiles\/images\/Vereine\/Deisslingen\/Strecke.png\",\"contentUrl\":\"https:\/\/heuer-cup.eu\/userfiles\/images\/Vereine\/Deisslingen\/Strecke.png\"},{\"@type\":\"WebPage\",\"@id\":\"https:\/\/heuer-cup.de\/kritchallenge\/deisslingen-1-etappe\/strecke\/#webpage\",\"url\":\"https:\/\/heuer-cup.de\/kritchallenge\/deisslingen-1-etappe\/strecke\/\",\"name\":\"Strecke Dei\\u00dflingen am 11.07.2019 - HEUER-Cup -\",\"isPartOf\":{\"@id\":\"https:\/\/heuer-cup.de\/#website\"},\"primaryImageOfPage\":{\"@id\":\"https:\/\/heuer-cup.de\/kritchallenge\/deisslingen-1-etappe\/strecke\/#primaryimage\"},\"datePublished\":\"2019-08-21T17:41:19+00:00\",\"dateModified\":\"2019-09-09T12:33:24+00:00\",\"description\":\"Strecke Dei\\u00dflingen am 11.07.2019 - HEUER-Cup - mit Start und Ziel in der Dei\\u00dflinger Ortsmitte. Die Strecke ist ein Rundkurs mit ca. 1 km L\\u00e4nge.\",\"breadcrumb\":{\"@id\":\"https:\/\/heuer-cup.de\/kritchallenge\/deisslingen-1-etappe\/strecke\/#breadcrumb\"},\"inLanguage\":\"en-GB\",\"potentialAction\":[{\"@type\":\"ReadAction\",\"target\":[\"https:\/\/heuer-cup.de\/kritchallenge\/deisslingen-1-etappe\/strecke\/\"]}]},{\"@type\":\"BreadcrumbList\",\"@id\":\"https:\/\/heuer-cup.de\/kritchallenge\/deisslingen-1-etappe\/strecke\/#breadcrumb\",\"itemListElement\":[{\"@type\":\"ListItem\",\"position\":1,\"name\":\"Home\",\"item\":\"https:\/\/heuer-cup.de\/\"},{\"@type\":\"ListItem\",\"position\":2,\"name\":\"Krit Challenge\",\"item\":\"https:\/\/heuer-cup.de\/kritchallenge\/\"},{\"@type\":\"ListItem\",\"position\":3,\"name\":\"Dei\\u00dflingen &#8211; 1. Etappe\",\"item\":\"https:\/\/heuer-cup.de\/kritchallenge\/deisslingen-1-etappe\/\"},{\"@type\":\"ListItem\",\"position\":4,\"name\":\"Strecke\"}]}]}<\/script>\n<!-- \/ Yoast SEO plugin. -->","yoast_head_json":{"title":"Strecke Dei\u00dflingen am 11.07.2019 - HEUER-Cup -","description":"Strecke Dei\u00dflingen am 11.07.2019 - HEUER-Cup - mit Start und Ziel in der Dei\u00dflinger Ortsmitte. Die Strecke ist ein Rundkurs mit ca. 1 km L\u00e4nge.","robots":{"index":"index","follow":"follow","max-snippet":"max-snippet:-1","max-image-preview":"max-image-preview:large","max-video-preview":"max-video-preview:-1"},"canonical":"https:\/\/heuer-cup.de\/en\/kritchallenge\/deisslingen-1-etappe\/strecke\/","og_locale":"en_GB","og_type":"article","og_title":"Strecke Dei\u00dflingen am 11.07.2019 - HEUER-Cup -","og_description":"Strecke Dei\u00dflingen am 11.07.2019 - HEUER-Cup - mit Start und Ziel in der Dei\u00dflinger Ortsmitte. Die Strecke ist ein Rundkurs mit ca. 1 km L\u00e4nge.","og_url":"https:\/\/heuer-cup.de\/en\/kritchallenge\/deisslingen-1-etappe\/strecke\/","og_site_name":"HEUER-Cup","article_publisher":"https:\/\/www.facebook.com\/HeuerCup\/","article_modified_time":"2019-09-09T12:33:24+00:00","og_image":[{"url":"https:\/\/heuer-cup.eu\/userfiles\/images\/Vereine\/Deisslingen\/Strecke.png"}],"twitter_card":"summary_large_image","twitter_site":"@Heuer_Cup","schema":{"@context":"https:\/\/schema.org","@graph":[{"@type":"Organization","@id":"https:\/\/heuer-cup.de\/#organization","name":"Heuer Radsport","url":"https:\/\/heuer-cup.de\/","sameAs":["https:\/\/www.facebook.com\/HeuerCup\/","https:\/\/www.instagram.com\/heuer_cup\/","https:\/\/www.youtube.com\/channel\/UCuFkVFhY376_zRGfw_0Oy-Q","https:\/\/twitter.com\/Heuer_Cup"],"logo":{"@type":"ImageObject","@id":"https:\/\/heuer-cup.de\/#logo","inLanguage":"en-GB","url":"https:\/\/heuer-cup.de\/wp-content\/uploads\/2019\/01\/logo2.jpg","contentUrl":"https:\/\/heuer-cup.de\/wp-content\/uploads\/2019\/01\/logo2.jpg","width":750,"height":186,"caption":"Heuer Radsport"},"image":{"@id":"https:\/\/heuer-cup.de\/#logo"}},{"@type":"WebSite","@id":"https:\/\/heuer-cup.de\/#website","url":"https:\/\/heuer-cup.de\/","name":"Heuer Radsport","description":"Vollgas! oder einfach: Kette rechts","publisher":{"@id":"https:\/\/heuer-cup.de\/#organization"},"potentialAction":[{"@type":"SearchAction","target":{"@type":"EntryPoint","urlTemplate":"https:\/\/heuer-cup.de\/?s={search_term_string}"},"query-input":"required name=search_term_string"}],"inLanguage":"en-GB"},{"@type":"ImageObject","@id":"https:\/\/heuer-cup.de\/kritchallenge\/deisslingen-1-etappe\/strecke\/#primaryimage","inLanguage":"en-GB","url":"https:\/\/heuer-cup.eu\/userfiles\/images\/Vereine\/Deisslingen\/Strecke.png","contentUrl":"https:\/\/heuer-cup.eu\/userfiles\/images\/Vereine\/Deisslingen\/Strecke.png"},{"@type":"WebPage","@id":"https:\/\/heuer-cup.de\/kritchallenge\/deisslingen-1-etappe\/strecke\/#webpage","url":"https:\/\/heuer-cup.de\/kritchallenge\/deisslingen-1-etappe\/strecke\/","name":"Strecke Dei\u00dflingen am 11.07.2019 - HEUER-Cup -","isPartOf":{"@id":"https:\/\/heuer-cup.de\/#website"},"primaryImageOfPage":{"@id":"https:\/\/heuer-cup.de\/kritchallenge\/deisslingen-1-etappe\/strecke\/#primaryimage"},"datePublished":"2019-08-21T17:41:19+00:00","dateModified":"2019-09-09T12:33:24+00:00","description":"Strecke Dei\u00dflingen am 11.07.2019 - HEUER-Cup - mit Start und Ziel in der Dei\u00dflinger Ortsmitte. Die Strecke ist ein Rundkurs mit ca. 1 km L\u00e4nge.","breadcrumb":{"@id":"https:\/\/heuer-cup.de\/kritchallenge\/deisslingen-1-etappe\/strecke\/#breadcrumb"},"inLanguage":"en-GB","potentialAction":[{"@type":"ReadAction","target":["https:\/\/heuer-cup.de\/kritchallenge\/deisslingen-1-etappe\/strecke\/"]}]},{"@type":"BreadcrumbList","@id":"https:\/\/heuer-cup.de\/kritchallenge\/deisslingen-1-etappe\/strecke\/#breadcrumb","itemListElement":[{"@type":"ListItem","position":1,"name":"Home","item":"https:\/\/heuer-cup.de\/"},{"@type":"ListItem","position":2,"name":"Krit Challenge","item":"https:\/\/heuer-cup.de\/kritchallenge\/"},{"@type":"ListItem","position":3,"name":"Dei\u00dflingen &#8211; 1. Etappe","item":"https:\/\/heuer-cup.de\/kritchallenge\/deisslingen-1-etappe\/"},{"@type":"ListItem","position":4,"name":"Strecke"}]}]}},"_links":{"self":[{"href":"https:\/\/heuer-cup.de\/en\/wp-json\/wp\/v2\/pages\/4063"}],"collection":[{"href":"https:\/\/heuer-cup.de\/en\/wp-json\/wp\/v2\/pages"}],"about":[{"href":"https:\/\/heuer-cup.de\/en\/wp-json\/wp\/v2\/types\/page"}],"author":[{"embeddable":true,"href":"https:\/\/heuer-cup.de\/en\/wp-json\/wp\/v2\/users\/1"}],"replies":[{"embeddable":true,"href":"https:\/\/heuer-cup.de\/en\/wp-json\/wp\/v2\/comments?post=4063"}],"version-history":[{"count":2,"href":"https:\/\/heuer-cup.de\/en\/wp-json\/wp\/v2\/pages\/4063\/revisions"}],"predecessor-version":[{"id":4716,"href":"https:\/\/heuer-cup.de\/en\/wp-json\/wp\/v2\/pages\/4063\/revisions\/4716"}],"up":[{"embeddable":true,"href":"https:\/\/heuer-cup.de\/en\/wp-json\/wp\/v2\/pages\/4059"}],"wp:attachment":[{"href":"https:\/\/heuer-cup.de\/en\/wp-json\/wp\/v2\/media?parent=4063"}],"curies":[{"name":"wp","href":"https:\/\/api.w.org\/{rel}","templated":true}]}}