{"id":4055,"date":"2019-08-21T19:35:55","date_gmt":"2019-08-21T17:35:55","guid":{"rendered":"https:\/\/heuer-cup.de\/?page_id=4055"},"modified":"2020-01-05T17:45:43","modified_gmt":"2020-01-05T16:45:43","slug":"ausschreibung","status":"publish","type":"page","link":"https:\/\/heuer-cup.de\/en\/kritchallenge\/ausschreibung\/","title":{"rendered":"Ausschreibung"},"content":{"rendered":"<div class=\"vc_row wpb_row vc_row-fluid\"><div class=\"wpb_column vc_column_container vc_col-sm-12\"><div class=\"vc_column-inner\"><div class=\"wpb_wrapper\">\n\t<div class=\"wpb_text_column wpb_content_element\" >\n\t\t<div class=\"wpb_wrapper\">\n\t\t\t<p><strong>KritChallenge Ausschreibung<\/strong><br \/>\n<strong>f\u00fcr Elite + Amateure, Frauen und Senioren<\/strong><\/p>\n<p>Unter dem Patronat der\u00a0<a href=\"http:\/\/www.h-pt.de\/\" target=\"_blank\" rel=\"noopener noreferrer\">HEUER Pr\u00e4zisionsteile GmbH<\/a>\u00a0f\u00fchrt die Heuer Eventmarketing UG mit den ausrichtenden Vereinen die HEUER-Cup KritChallenge im Rahmen des HEUER-Cup Stra\u00dfe durch.<\/p>\n<p><a href=\"https:\/\/heuer-cup.de\/wp-content\/uploads\/Ausschreibung\/Ausschreibung-KritChallenge-2019.pdf\" target=\"_blank\" rel=\"noopener noreferrer\"><img loading=\"lazy\" class=\"aligncenter\" title=\"HEUER-Cup\" src=\"https:\/\/heuer-cup.eu\/userfiles\/images\/Logo_Download\/HeuerCup_Logo_small.jpg\" alt=\"Logo HEUER-Cup\" width=\"200\" height=\"120\" \/><\/a><br \/>\n<a href=\"https:\/\/heuer-cup.de\/en\/\" target=\"_blank\" rel=\"noopener noreferrer\">https:\/\/www.heuer-cup.de\/<\/a><\/p>\n<p>Der KritChallenge ist bundesoffen. Alle Mannschaften und Einzelfahrer\u2013 auch nicht aus Baden-W\u00fcrttemberg \u2013 sind zur Teilnahme an der Gesamtwertung willkommen.<br \/>\n<a title=\"KritChallenge2019\" href=\"https:\/\/heuer-cup.de\/wp-content\/uploads\/Ausschreibung\/Ausschreibung-KritChallenge-2019.pdf\" target=\"_blank\" rel=\"noopener noreferrer\">Hier die Ausschreibung zum Download als PDF.<\/a><\/p>\n<p><strong>1. Zeitplan<\/strong><\/p>\n<p>Dei\u00dflingen, 11. Juli 2019<\/p>\n<table>\n<tbody>\n<tr>\n<td>R1)<br \/>\nR2)<br \/>\nR3)<\/td>\n<td>17:50 Uhr<br \/>\n18:40 Uhr<br \/>\n19:35 Uhr<\/td>\n<td>Frauen und Senioren4<br \/>\nSenioren2\/3<br \/>\nEliteamateure\/Amateure<\/td>\n<td>\u00a033Rd = 33 km<br \/>\n40Rd = 40 km<br \/>\n80Rd = 80 km<\/td>\n<\/tr>\n<\/tbody>\n<\/table>\n<p>Singen-Bohlingen, 12. Juli 2019<\/p>\n<table>\n<tbody>\n<tr>\n<td>R1)<br \/>\nR2)<br \/>\nR3)<br \/>\nR4)<\/td>\n<td>16:00 Uhr<br \/>\n17:10 Uhr<br \/>\n19:25 Uhr<br \/>\n20:45 Uhr<\/td>\n<td>Senioren2\/3<br \/>\nFrauen und Senioren4<br \/>\nAmateure *<br \/>\nEliteamateure *<\/td>\n<td>\u00a080Rd = 44 km<br \/>\n73Rd = 40 km<br \/>\n90Rd = 50 km<br \/>\n111Rd = 61 km<\/td>\n<\/tr>\n<\/tbody>\n<\/table>\n<p>M\u00f6nchweiler, 13. Juli 2019<br \/>\nbitte ge\u00e4nderte Startzeiten und Distanz beachten!<\/p>\n<table>\n<tbody>\n<tr>\n<td>R1)<br \/>\nR2)<br \/>\nR3)<br \/>\nR4)<\/td>\n<td>13:30 Uhr<br \/>\n15:00 Uhr<br \/>\n16:45 Uhr<br \/>\n16:45 Uhr<\/td>\n<td>Senioren2\/3<br \/>\nFrauen und Senioren4<br \/>\nAmateure *<br \/>\nEliteamateure *<\/td>\n<td>\u00a035Rd = 52,5 km<br \/>\n30Rd = 45 km<br \/>\n50Rd = 75 km<br \/>\n50Rd = 75 km<\/td>\n<\/tr>\n<\/tbody>\n<\/table>\n<p>*) In Singen-Bohlingen und M\u00f6nchweiler beh\u00e4lt sich das OK vor, bei zu wenigen Meldungen R3) und R4) zusammenzulegen.<\/p>\n<p><strong>2. Allgemeine Infos f\u00fcr alle Klassen<\/strong><br \/>\nAlle Fahrer\/innen melden sich auf\u00a0<a href=\"http:\/\/www.rad-net.de\/\" target=\"_blank\" rel=\"noopener noreferrer\">rad-net.de<\/a>\u00a0\u00fcber die Ausschreibung zur HEUER-Cup KritChallenge.<br \/>\nEine Anmeldung bei den einzelnen Etappen ist\u00a0<strong>nicht<\/strong>\u00a0mehr n\u00f6tig!<br \/>\nF\u00fcr den HEUER-Cup Stra\u00dfe gemeldete Fahrer\u00a0<strong>m\u00fcssen sich<\/strong>\u00a0nochmal extra f\u00fcr die KritChallenge<strong>\u00a0anmelden<\/strong>!<br \/>\nDas Nenngeld wird vor der ersten Etappe in Dei\u00dflingen bar bezahlt.<br \/>\nS\u00e4mtliches Preisgeld (auch das Tagespreisgeld der einzelnen Etappe) wird erst nach der letzten Etappe in M\u00f6nchweiler bar ausgezahlt.<br \/>\nF\u00fcr die Serienfahrer der HEUER-Cup KritChallenge gibt es in jedem Fall die in der Ausschreibung angegebene Anzahl an Tagespreisen. D.h.es findet hier ein Aufr\u00fccken der durch Tagesstarter belegten Pl\u00e4tze statt.<br \/>\nDas Preisgeld f\u00fcr Tagesstarter wird anhand des Platzes in der Tageswertung aller Fahrer am Renntag durch den ausrichtenden Verein ausgezahlt.<br \/>\nEbenso werden Pr\u00e4mien am Renntag durch den ausrichtenden Verein ausgezahlt.<br \/>\nDie Transponder und Startnummern werden vor der ersten Etappe in Dei\u00dflingen ausgegeben und vom Sportler bis zur letzten Etappe in M\u00f6nchweiler behalten, wo nach dem Rennen die Abgabe stattfindet und die Lizenz zur\u00fcckgegeben wird.<br \/>\nAuf der 2. und 3.Etappe sind alle Serienstarter verpflichtet, sich f\u00fcr ihr Rennen in die ausliegende Einschreibeliste per Unterschrift einzutragen.<\/p>\n<p><strong>3. Wertungsbestimmungen f\u00fcr alle Klassen<\/strong><br \/>\nDie Gesamtwertung in allen Klassen erfolgt nach Punkten, die anhand der einzelnen Etappenplatzierungen vergeben werden.<\/p>\n<p>Platz 1-10: 12-9-7-6-5-4-4-3-3-3 Punkte,<br \/>\nab Platz 11 bei max.1Rd R\u00fcckstand 2Punkt,<br \/>\nbei max.3Rd R\u00fcckstand 1Punkt.<\/p>\n<p>F\u00fcr die M\u00e4nner erfolgt eine gemeinsame Gesamtwertung der Elite und Amateure und somit ist als Etappenergebnis auch das Ergebnis aller Fahrer, also Eliteamateure + Amateure, ma\u00dfgeblich. Punkteschema f\u00fcr die reinen Amateurrennen in \u00a74 beachten.<br \/>\nIn die Gesamtwertung kommen nur Fahrer, die alle drei Etappen ordnungsgem\u00e4\u00df beendet haben. Ein nachgewiesener Defekt, der ein Weiterfahren unm\u00f6glich macht, z\u00e4hlt dabei als ordnungsgem\u00e4\u00df beendet mit 0 Punkt.<br \/>\nDie Platzierungen der Tagesstarter bleiben nicht vakant, das hei\u00dft es findet ein Aufr\u00fccken der Serienstarter statt und die Punkte werden anhand des von Tagesstartern bereinigten Etappenergebnisses vergeben.<br \/>\nBei Punktgleichheit entscheidet die bessere Platzierung auf der Schlussetappe.<br \/>\nDer\/die F\u00fchrende muss das HEUER-Cup KritChallenge-F\u00fchrungstrikot auf der n\u00e4chsten Etappe tragen.<br \/>\nDer\/die F\u00fchrende des HEUER-Cup Stra\u00dfe darf ihr\/sein F\u00fchrungstrikot auf der ersten Etappe tragen.<\/p>\n<p><strong>4. Zus\u00e4tzliche Wertungsbestimmungen f\u00fcr M\u00e4nner Eliteamateure \/ Amateure<\/strong><br \/>\nEs wird eine gemeinsame Gesamtwertung f\u00fcr Eliteamateure und Amateure erstellt. Diese Gesamtwertung ist ma\u00dfgeblich f\u00fcr die Punktevergabe der KritChallenge im HEUER-Cup Stra\u00dfe laut dessen Generalausschreibung.<br \/>\nDie Punktevergabe bei den Amateurrennen in Singen-Bohlingen und M\u00f6nchweiler lautet:<br \/>\nPlatz 1-10: 5-4-4-3-3-3-2-2-2-2 Punkte,<br \/>\nab Platz 11 bei max. 1 Runde R\u00fcckstand 1 Punkt.<\/p>\n<p>Sollten die Elite- und das Amateurrennen zusammengelegt werden, gilt das Punkteschema in \u00a73.<br \/>\nSollten nach Abschluss aller Etappen Elitefahrer und Amateurfahrer punktgleich sein und in M\u00f6nchweiler wurden getrennte Rennen ausgefahren, belegen all diese punktgleichen Fahrer ex aequo denselben Platz.<\/p>\n<p><strong>NFON-Sprinttrikot<\/strong><br \/>\nBei den Rennen der Eliteamateure wird das NFON-Sprinttrikot ausgefahren.<br \/>\nHierzu werden auf allen Etappen im ersten Renndrittel drei Sprintwertungen mit jeweils 3-2-1 Punkten ausgefahren. Die Abnahmen werden vor dem Start verk\u00fcndet. In die Wertung kommen nur KritChallenge Serienstarter, Tagesstarter werden ignoriert, so dass in jeder Wertung 3-2-1 Punkte vergeben werden!<br \/>\nDer Punktbeste in der Summation aller Sprintwertungen erh\u00e4lt nach jeder Etappe das NFON-Sprinttrikot. Der F\u00fchrende muss das Sprinttrikot auf der n\u00e4chsten Etappe tragen.<br \/>\nBei Punktgleichheit entscheidet, wer zuletzt gepunktet hat. Sollten die punktgleichen Fahrer in derselben Wertung zuletzt gepunktet haben, entscheidet die bessere Platzierung in dieser Wertung.<\/p>\n<p><strong>Mannschaftswertung<\/strong><br \/>\nEine Mannschaft besteht aus minimal 3 und maximal 6 Fahrern. Es k\u00f6nnen Eliteamateurfahrer und Amateurfahrer gemeldet werden. Bitte bei Online-Meldung \u00fcber das rad-net Portal den Vermerk \u201eMannschaftsmeldung\u201c hinzuf\u00fcgen.<\/p>\n<p>F\u00fcr den HEUER-Cup Stra\u00dfe gemeldete Mannschaften k\u00f6nnen innerhalb dieser 6 Fahrer einen Gastfahrer benennen, der nicht f\u00fcr den HEUER-Cup Stra\u00dfe gemeldet ist. Dieser Fahrer ist punktberechtigt f\u00fcr die Mannschaft und die Mannschaftspunkte aller 6 Fahrer flie\u00dfen in den HEUER-Cup Stra\u00dfe ein.<\/p>\n<p>F\u00fcr nicht am HEUER-Cup Stra\u00dfe gemeldete Mannschaften gilt:<br \/>\nAls Mannschaft teilnahmeberechtigt f\u00fcr die HEUER-Cup KritChallenge sind Radrennsportler die der Kategorie Eliteamateure und Amateure angeh\u00f6ren, die \u00fcber einen BDR-Verein lizenziert sind und zur Teilnahme angemeldet werden. Als Mannschaften werden akzeptiert:<br \/>\nVereins-, Regional- sowie vom BDR genehmigte Renngemeinschaften.<\/p>\n<p>Anhand der Gesamtwertung der HEUER-Cup KritChallenge werden f\u00fcr den HEUER-Cup Stra\u00dfe wie folgt Punkte vergeben:<br \/>\nPlatz 1-20:<br \/>\n50-45-42-40-38-36-34-32-31-30-29-28-27-26-25-24-23-22-21-21 Punkte<br \/>\nPlatz 21-40:<br \/>\n20 Punkte<br \/>\nAb Platz 41 und in der Gesamtwertung erfasst: 15 Pkte<br \/>\nBei der Krit-Challenge gestartet, aber nicht in der Gesamtwertung erfasst: 2 Pkte.<\/p>\n<p>Die Mannschaftswertung der HEUER-Cup KritChallenge wird anhand der obigen Punkte durch die Summe der drei besten Fahrer einer Mannschaft erstellt. Bei Punktgleichheit entscheidet die bessere beste Einzelplatzierung einer Mannschaft.<\/p>\n<p><strong>Preisgeld<\/strong><br \/>\nTagespreise Elite, 300\/12: 55-45-35-30-25-25-20-20-15-15-10-5 \u20ac<br \/>\nTagespreise Amateure, 160\/8: 40-30-25-20-15-10-10-10 \u20ac<br \/>\nGesamtpreise Elite+Amateure, 430\/12: 100-70-50-40-35-30-25-25-20-15-10-10 \u20ac<br \/>\nZusatzpreise beste Amateure, 70\/5: 30-20-10-5-5 \u20ac<br \/>\nSprintwertung, 175\/6: 60-40-30-20-15-10 \u20ac<br \/>\nMannschaftswertung 500\u20ac: Aufteilung wird nach Anzahl der gemeldeten Mannschaften entschieden<\/p>\n<p><strong>5. Zus\u00e4tzliche Wertungsbestimmungen f\u00fcr Frauen<\/strong><\/p>\n<p><strong>Mannschaftswertung<\/strong><br \/>\nEs gelten exakt dieselben Bestimmungen wie f\u00fcr die Mannschaftswertung der M\u00e4nner in \u00a74.<br \/>\nDie Mannschaftswertung wird nur durchgef\u00fchrt, wenn mindestens 4 Mannschaften melden.<br \/>\nMannschaften melden mit Bekundung der Teilnahme an der Mannschaftswertung.<br \/>\nBitte bei Online-Meldung \u00fcber das rad-net Portal dazu den Vermerk \u201eMannschaftsmeldung\u201c hinzuf\u00fcgen.<br \/>\nSollte die Mannschaftswertung nicht zustande kommen, richtet sich die zu entrichtende Nenngeb\u00fchr an der Anzahl der Fahrerinnen, vergleiche \u00a77.<\/p>\n<p><strong>Preisgeld<\/strong><br \/>\nTagespreise 240\/10: 55-40-30-25-20-20-15-15-10-10 \u20ac<br \/>\nGesamtpreise 300\/10: 75-55-40-30-25-20-20-15-10-10 \u20ac<br \/>\nMannschaftswertung: wird anhand der Anzahl der gemeldeten Mannschaften entschieden<\/p>\n<p><strong>6. Zus\u00e4tzliche Wertungsbestimmungen f\u00fcr Senioren2\/3\/4<\/strong><br \/>\nJede Altersklasse wird getrennt gewertet. Somit wird in jeder Altersklasse ein F\u00fchrungstrikot vergeben.<br \/>\nDie in jeder Altersklasse erstellte Gesamtwertung der HEUER-Cup KritChallenge ist ma\u00dfgeblich f\u00fcr die Vergabe der Punkte in der Einzel- und Mannschaftswertung im HEUER-Cup Stra\u00dfe nach dessen Generalausschreibung:<br \/>\nPlatz 1-20: 50-45-42-40-38-36-34-32-31-30-29-28-27-26-25-24-23-22-21-21 Punkte<br \/>\nPlatz 21-40: 20 Punkte<br \/>\nAb Platz 41 und in der Gesamtwertung erfasst: 15 Punkte<br \/>\nBei der KritChallenge gestartet, aber nicht in der Gesamtwertung erfasst: 2 Punkte.<\/p>\n<p><strong>Preisgeld<\/strong><br \/>\nTagespreisgeld Senioren2, 85\/5: 30-20-15-10-10 \u20ac<br \/>\nTagespreisgeld Senioren3, 100\/8: 30-20-15-10-10-5-5-5 \u20ac<br \/>\nTagespreisgeld Senioren4, 75\/5: 30-20-15-5-5 \u20ac<br \/>\nGesamtpreise Senioren2, 150\/7: 40-30-25-20-15-10-10 \u20ac<br \/>\nGesamtpreise Senioren3, 180\/9: 40-30-25-20-20-15-10-10-10 \u20ac<br \/>\nGesamtpreise Senioren4, 130\/6: 40-30-25-15-10-10 \u20ac<\/p>\n<p><strong>7. Gesamtsiegerehrung<\/strong><br \/>\nDie Gesamtsiegerehrungen und Ausgabe der Preise findet f\u00fcr alle Klassen im Anschluss an das letzte Rennen im M\u00f6nchfelder Festzelt statt.<\/p>\n<p><strong>8. Nenngeld<\/strong><br \/>\nDie Nenngeb\u00fchr f\u00fcr jede\/n Aktive\/n betr\u00e4gt 40,-\u20ac und beinhaltet die Transponderleihgeb\u00fchr und das Startgeld f\u00fcr alle 3Etappen.<\/p>\n<p>Die Nenngeb\u00fchr f\u00fcr eine Mannschaftsmeldung betr\u00e4gt 200,-\u20ac, falls die Mannschaft aus bis zu max. 4 Fahrer\/innen besteht und 240,-\u20ac ansonsten. Die Geb\u00fchr beinhaltet die Transponderleihgeb\u00fchr und das Startgeld f\u00fcr alle Fahrer\/innen der Mannschaft f\u00fcr alle 3Etappen sowie die Aufnahme in die Mannschaftswertung.<\/p>\n<p><strong>Meldeschluss ist der 5.Juli 2019<\/strong><\/p>\n<p><strong>9. Sportliche Aufsicht<\/strong><br \/>\nDer Verbandsbeauftragte, der \u00f6rtliche VKK und die KK-Mitglieder f\u00fchren die sportliche Aufsicht, erstellen das Tagesergebnis und ermitteln den F\u00fchrenden in der Gesamtwertung.<\/p>\n<p>Gez.<br \/>\nMarc Benkert, Sportlicher Leiter HEUER-Cup, marc@heuer-cup.de<\/p>\n\n\t\t<\/div>\n\t<\/div>\n<\/div><\/div><\/div><\/div>","protected":false},"excerpt":{"rendered":"KritChallenge Ausschreibung f\u00fcr Elite + Amateure, Frauen und Senioren Unter dem Patronat der\u00a0HEUER Pr\u00e4zisionsteile GmbH\u00a0f\u00fchrt die Heuer Eventmarketing UG mit den ausrichtenden Vereinen die HEUER-Cup KritChallenge im Rahmen des HEUER-Cup Stra\u00dfe durch. https:\/\/www.heuer-cup.de\/ Der KritChallenge ist bundesoffen. Alle Mannschaften und Einzelfahrer\u2013 auch nicht aus Baden-W\u00fcrttemberg \u2013 sind zur Teilnahme an der Gesamtwertung willkommen. Hier die [...]","protected":false},"author":1,"featured_media":0,"parent":4053,"menu_order":0,"comment_status":"closed","ping_status":"closed","template":"","meta":[],"yoast_head":"<!-- This site is optimized with the Yoast SEO plugin v16.9 - https:\/\/yoast.com\/wordpress\/plugins\/seo\/ -->\n<title>KritChallenge Ausschreibung f\u00fcr Elite Amateure, Frauen und Senioren<\/title>\n<meta name=\"description\" content=\"KritChallenge Ausschreibung ist online. An den Start gehen die Elite Amateure, Frauen und die Seniorenklassen in der Kriteriumsserie \u00fcber 3 Renntage\" \/>\n<meta name=\"robots\" content=\"index, follow, max-snippet:-1, max-image-preview:large, max-video-preview:-1\" \/>\n<link rel=\"canonical\" href=\"https:\/\/heuer-cup.de\/en\/kritchallenge\/ausschreibung\/\" \/>\n<meta property=\"og:locale\" content=\"en_GB\" \/>\n<meta property=\"og:type\" content=\"article\" \/>\n<meta property=\"og:title\" content=\"KritChallenge Ausschreibung f\u00fcr Elite Amateure, Frauen und Senioren\" \/>\n<meta property=\"og:description\" content=\"KritChallenge Ausschreibung ist online. An den Start gehen die Elite Amateure, Frauen und die Seniorenklassen in der Kriteriumsserie \u00fcber 3 Renntage\" \/>\n<meta property=\"og:url\" content=\"https:\/\/heuer-cup.de\/en\/kritchallenge\/ausschreibung\/\" \/>\n<meta property=\"og:site_name\" content=\"HEUER-Cup\" \/>\n<meta property=\"article:publisher\" content=\"https:\/\/www.facebook.com\/HeuerCup\/\" \/>\n<meta property=\"article:modified_time\" content=\"2020-01-05T16:45:43+00:00\" \/>\n<meta property=\"og:image\" content=\"https:\/\/heuer-cup.eu\/userfiles\/images\/Logo_Download\/HeuerCup_Logo_small.jpg\" \/>\n<meta name=\"twitter:card\" content=\"summary_large_image\" \/>\n<meta name=\"twitter:site\" content=\"@Heuer_Cup\" \/>\n<meta name=\"twitter:label1\" content=\"Estimated reading time\" \/>\n\t<meta name=\"twitter:data1\" content=\"7 minutes\" \/>\n<script type=\"application\/ld+json\" class=\"yoast-schema-graph\">{\"@context\":\"https:\/\/schema.org\",\"@graph\":[{\"@type\":\"Organization\",\"@id\":\"https:\/\/heuer-cup.de\/#organization\",\"name\":\"Heuer Radsport\",\"url\":\"https:\/\/heuer-cup.de\/\",\"sameAs\":[\"https:\/\/www.facebook.com\/HeuerCup\/\",\"https:\/\/www.instagram.com\/heuer_cup\/\",\"https:\/\/www.youtube.com\/channel\/UCuFkVFhY376_zRGfw_0Oy-Q\",\"https:\/\/twitter.com\/Heuer_Cup\"],\"logo\":{\"@type\":\"ImageObject\",\"@id\":\"https:\/\/heuer-cup.de\/#logo\",\"inLanguage\":\"en-GB\",\"url\":\"https:\/\/heuer-cup.de\/wp-content\/uploads\/2019\/01\/logo2.jpg\",\"contentUrl\":\"https:\/\/heuer-cup.de\/wp-content\/uploads\/2019\/01\/logo2.jpg\",\"width\":750,\"height\":186,\"caption\":\"Heuer Radsport\"},\"image\":{\"@id\":\"https:\/\/heuer-cup.de\/#logo\"}},{\"@type\":\"WebSite\",\"@id\":\"https:\/\/heuer-cup.de\/#website\",\"url\":\"https:\/\/heuer-cup.de\/\",\"name\":\"Heuer Radsport\",\"description\":\"Vollgas! oder einfach: Kette rechts\",\"publisher\":{\"@id\":\"https:\/\/heuer-cup.de\/#organization\"},\"potentialAction\":[{\"@type\":\"SearchAction\",\"target\":{\"@type\":\"EntryPoint\",\"urlTemplate\":\"https:\/\/heuer-cup.de\/?s={search_term_string}\"},\"query-input\":\"required name=search_term_string\"}],\"inLanguage\":\"en-GB\"},{\"@type\":\"ImageObject\",\"@id\":\"https:\/\/heuer-cup.de\/kritchallenge\/ausschreibung\/#primaryimage\",\"inLanguage\":\"en-GB\",\"url\":\"https:\/\/heuer-cup.eu\/userfiles\/images\/Logo_Download\/HeuerCup_Logo_small.jpg\",\"contentUrl\":\"https:\/\/heuer-cup.eu\/userfiles\/images\/Logo_Download\/HeuerCup_Logo_small.jpg\"},{\"@type\":\"WebPage\",\"@id\":\"https:\/\/heuer-cup.de\/kritchallenge\/ausschreibung\/#webpage\",\"url\":\"https:\/\/heuer-cup.de\/kritchallenge\/ausschreibung\/\",\"name\":\"KritChallenge Ausschreibung f\\u00fcr Elite Amateure, Frauen und Senioren\",\"isPartOf\":{\"@id\":\"https:\/\/heuer-cup.de\/#website\"},\"primaryImageOfPage\":{\"@id\":\"https:\/\/heuer-cup.de\/kritchallenge\/ausschreibung\/#primaryimage\"},\"datePublished\":\"2019-08-21T17:35:55+00:00\",\"dateModified\":\"2020-01-05T16:45:43+00:00\",\"description\":\"KritChallenge Ausschreibung ist online. An den Start gehen die Elite Amateure, Frauen und die Seniorenklassen in der Kriteriumsserie \\u00fcber 3 Renntage\",\"breadcrumb\":{\"@id\":\"https:\/\/heuer-cup.de\/kritchallenge\/ausschreibung\/#breadcrumb\"},\"inLanguage\":\"en-GB\",\"potentialAction\":[{\"@type\":\"ReadAction\",\"target\":[\"https:\/\/heuer-cup.de\/kritchallenge\/ausschreibung\/\"]}]},{\"@type\":\"BreadcrumbList\",\"@id\":\"https:\/\/heuer-cup.de\/kritchallenge\/ausschreibung\/#breadcrumb\",\"itemListElement\":[{\"@type\":\"ListItem\",\"position\":1,\"name\":\"Home\",\"item\":\"https:\/\/heuer-cup.de\/\"},{\"@type\":\"ListItem\",\"position\":2,\"name\":\"Krit Challenge\",\"item\":\"https:\/\/heuer-cup.de\/kritchallenge\/\"},{\"@type\":\"ListItem\",\"position\":3,\"name\":\"Ausschreibung\"}]}]}<\/script>\n<!-- \/ Yoast SEO plugin. -->","yoast_head_json":{"title":"KritChallenge Ausschreibung f\u00fcr Elite Amateure, Frauen und Senioren","description":"KritChallenge Ausschreibung ist online. An den Start gehen die Elite Amateure, Frauen und die Seniorenklassen in der Kriteriumsserie \u00fcber 3 Renntage","robots":{"index":"index","follow":"follow","max-snippet":"max-snippet:-1","max-image-preview":"max-image-preview:large","max-video-preview":"max-video-preview:-1"},"canonical":"https:\/\/heuer-cup.de\/en\/kritchallenge\/ausschreibung\/","og_locale":"en_GB","og_type":"article","og_title":"KritChallenge Ausschreibung f\u00fcr Elite Amateure, Frauen und Senioren","og_description":"KritChallenge Ausschreibung ist online. An den Start gehen die Elite Amateure, Frauen und die Seniorenklassen in der Kriteriumsserie \u00fcber 3 Renntage","og_url":"https:\/\/heuer-cup.de\/en\/kritchallenge\/ausschreibung\/","og_site_name":"HEUER-Cup","article_publisher":"https:\/\/www.facebook.com\/HeuerCup\/","article_modified_time":"2020-01-05T16:45:43+00:00","og_image":[{"url":"https:\/\/heuer-cup.eu\/userfiles\/images\/Logo_Download\/HeuerCup_Logo_small.jpg"}],"twitter_card":"summary_large_image","twitter_site":"@Heuer_Cup","twitter_misc":{"Estimated reading time":"7 minutes"},"schema":{"@context":"https:\/\/schema.org","@graph":[{"@type":"Organization","@id":"https:\/\/heuer-cup.de\/#organization","name":"Heuer Radsport","url":"https:\/\/heuer-cup.de\/","sameAs":["https:\/\/www.facebook.com\/HeuerCup\/","https:\/\/www.instagram.com\/heuer_cup\/","https:\/\/www.youtube.com\/channel\/UCuFkVFhY376_zRGfw_0Oy-Q","https:\/\/twitter.com\/Heuer_Cup"],"logo":{"@type":"ImageObject","@id":"https:\/\/heuer-cup.de\/#logo","inLanguage":"en-GB","url":"https:\/\/heuer-cup.de\/wp-content\/uploads\/2019\/01\/logo2.jpg","contentUrl":"https:\/\/heuer-cup.de\/wp-content\/uploads\/2019\/01\/logo2.jpg","width":750,"height":186,"caption":"Heuer Radsport"},"image":{"@id":"https:\/\/heuer-cup.de\/#logo"}},{"@type":"WebSite","@id":"https:\/\/heuer-cup.de\/#website","url":"https:\/\/heuer-cup.de\/","name":"Heuer Radsport","description":"Vollgas! oder einfach: Kette rechts","publisher":{"@id":"https:\/\/heuer-cup.de\/#organization"},"potentialAction":[{"@type":"SearchAction","target":{"@type":"EntryPoint","urlTemplate":"https:\/\/heuer-cup.de\/?s={search_term_string}"},"query-input":"required name=search_term_string"}],"inLanguage":"en-GB"},{"@type":"ImageObject","@id":"https:\/\/heuer-cup.de\/kritchallenge\/ausschreibung\/#primaryimage","inLanguage":"en-GB","url":"https:\/\/heuer-cup.eu\/userfiles\/images\/Logo_Download\/HeuerCup_Logo_small.jpg","contentUrl":"https:\/\/heuer-cup.eu\/userfiles\/images\/Logo_Download\/HeuerCup_Logo_small.jpg"},{"@type":"WebPage","@id":"https:\/\/heuer-cup.de\/kritchallenge\/ausschreibung\/#webpage","url":"https:\/\/heuer-cup.de\/kritchallenge\/ausschreibung\/","name":"KritChallenge Ausschreibung f\u00fcr Elite Amateure, Frauen und Senioren","isPartOf":{"@id":"https:\/\/heuer-cup.de\/#website"},"primaryImageOfPage":{"@id":"https:\/\/heuer-cup.de\/kritchallenge\/ausschreibung\/#primaryimage"},"datePublished":"2019-08-21T17:35:55+00:00","dateModified":"2020-01-05T16:45:43+00:00","description":"KritChallenge Ausschreibung ist online. An den Start gehen die Elite Amateure, Frauen und die Seniorenklassen in der Kriteriumsserie \u00fcber 3 Renntage","breadcrumb":{"@id":"https:\/\/heuer-cup.de\/kritchallenge\/ausschreibung\/#breadcrumb"},"inLanguage":"en-GB","potentialAction":[{"@type":"ReadAction","target":["https:\/\/heuer-cup.de\/kritchallenge\/ausschreibung\/"]}]},{"@type":"BreadcrumbList","@id":"https:\/\/heuer-cup.de\/kritchallenge\/ausschreibung\/#breadcrumb","itemListElement":[{"@type":"ListItem","position":1,"name":"Home","item":"https:\/\/heuer-cup.de\/"},{"@type":"ListItem","position":2,"name":"Krit Challenge","item":"https:\/\/heuer-cup.de\/kritchallenge\/"},{"@type":"ListItem","position":3,"name":"Ausschreibung"}]}]}},"_links":{"self":[{"href":"https:\/\/heuer-cup.de\/en\/wp-json\/wp\/v2\/pages\/4055"}],"collection":[{"href":"https:\/\/heuer-cup.de\/en\/wp-json\/wp\/v2\/pages"}],"about":[{"href":"https:\/\/heuer-cup.de\/en\/wp-json\/wp\/v2\/types\/page"}],"author":[{"embeddable":true,"href":"https:\/\/heuer-cup.de\/en\/wp-json\/wp\/v2\/users\/1"}],"replies":[{"embeddable":true,"href":"https:\/\/heuer-cup.de\/en\/wp-json\/wp\/v2\/comments?post=4055"}],"version-history":[{"count":7,"href":"https:\/\/heuer-cup.de\/en\/wp-json\/wp\/v2\/pages\/4055\/revisions"}],"predecessor-version":[{"id":5557,"href":"https:\/\/heuer-cup.de\/en\/wp-json\/wp\/v2\/pages\/4055\/revisions\/5557"}],"up":[{"embeddable":true,"href":"https:\/\/heuer-cup.de\/en\/wp-json\/wp\/v2\/pages\/4053"}],"wp:attachment":[{"href":"https:\/\/heuer-cup.de\/en\/wp-json\/wp\/v2\/media?parent=4055"}],"curies":[{"name":"wp","href":"https:\/\/api.w.org\/{rel}","templated":true}]}}