{"id":4053,"date":"2019-08-21T19:34:55","date_gmt":"2019-08-21T17:34:55","guid":{"rendered":"https:\/\/heuer-cup.de\/?page_id=4053"},"modified":"2020-01-05T17:35:24","modified_gmt":"2020-01-05T16:35:24","slug":"kritchallenge","status":"publish","type":"page","link":"https:\/\/heuer-cup.de\/en\/kritchallenge\/","title":{"rendered":"Krit Challenge"},"content":{"rendered":"<div class=\"vc_row wpb_row vc_row-fluid\"><div class=\"wpb_column vc_column_container vc_col-sm-12\"><div class=\"vc_column-inner\"><div class=\"wpb_wrapper\">\n\t<div class=\"wpb_text_column wpb_content_element\" >\n\t\t<div class=\"wpb_wrapper\">\n\t\t\t<h3>KritChallenge &#8211; 2020 wollen wir wieder an den Start.<\/h3>\n<p>Leider k\u00f6nnen wir noch keinen wirklichen Vollzug melden, da wir noch nicht alle notwendigen Ausrichter f\u00fcr unser Vorhaben am Start haben.<\/p>\n<h3>das war 2019<\/h3>\n<p>Unter dem Patronat der\u00a0<a href=\"http:\/\/www.h-pt.de\/\" target=\"_blank\" rel=\"noopener noreferrer\">HEUER Pr\u00e4zisionsteile GmbH<\/a> f\u00fchrte die Heuer Eventmarketing UG mit den ausrichtenden Vereinen<\/p>\n<ul>\n<li><a href=\"https:\/\/radlerlust.eu\/\" target=\"_blank\" rel=\"noopener noreferrer\">Radfahrerverein Radlerlust 1909 Dei\u00dflingen e.V.<\/a><\/li>\n<li><a href=\"http:\/\/www.veloclub-singen.de\/\" target=\"_blank\" rel=\"noopener noreferrer\">Veloclub Hohentwiehl e.V.<\/a><\/li>\n<li><a href=\"http:\/\/www.rsv-moenchweiler.de\/\">Radsportverein RSV 03 M\u00f6nchweiler e.V.<\/a><\/li>\n<\/ul>\n<p>die HEUER-Cup KritChallenge im Rahmen des HEUER-Cup Stra\u00dfe erstmals durch.<\/p>\n<p>Der KritChallenge ist bundesoffen. Alle Mannschaften und Einzelfahrer\u2013 auch nicht aus Baden-W\u00fcrttemberg \u2013 sind zur Teilnahme an der Gesamtwertung willkommen.<br \/>\n<a title=\"KritChallenge2019\" href=\"https:\/\/heuer-cup.de\/wp-content\/uploads\/Ausschreibung\/Ausschreibung-KritChallenge-2019.pdf\" target=\"_blank\" rel=\"noopener noreferrer\">Hier die Ausschreibung zum Download als PDF.<\/a><\/p>\n<p>Hier geht es zur\u00a0<a href=\"https:\/\/www.rad-net.de\/rad-net-portal\/ausschreibungen_1.htm?url=%2Fmodules.php%3Fname%3DAusschreibung%26rnswp_disziplin%3D1%26pgID_Veranstaltung%3D3%26ID_Veranstaltung%3D32319%26mode%3Dascr_detail%26typ%3Di&amp;url_hash=igLq1Fe8-616z6TOBBTAo2U6W1c0dgZ3sR-V2M8bx-U\" target=\"_blank\" rel=\"noopener noreferrer\">Anmeldung auf rad-net.de<\/a><\/p>\n<p>&#8222;Gerne h\u00e4tten wir noch eine vierte Etappe am Sonntag mit drin gehabt&#8220;, so der sportliche Leiter Marc Benkert, &#8222;aber das hat aus vielschichtigen Gr\u00fcnden leider nicht geklappt. Daf\u00fcr haben wir alles getan, um die Rennen in allen Klassen so attraktiv wie m\u00f6glich zu gestalten.&#8220;<\/p>\n<p>Bei den M\u00e4nnern gibt es f\u00fcr die rad-net Punkte eine getrennte Wertung der Eliteamateure und Amateure. Zudem bekommen die Amateure &#8211; vorausgesetzt es gehen genug Meldungen ein &#8211; in Singen und in M\u00f6nchweiler ihr eigenes Rennen.<\/p>\n<p>Mit dem Anbieter f\u00fcr cloud-basierte Telefonsysteme NFON konnte ein Sponsor f\u00fcr ein Sprinttrikot gefunden werden. Die Sprintwertungen werden im ersten Renndrittel abgenommen und dies kurz vor den Kriteriumswertungen. &#8222;Ich hoffe, dass dies den kleineren Teams einen Anreiz bietet, auf das Trikot zu fahren, weil die gro\u00dfen Teams wie Kempten und Team Belle Stahlbau dann schon mit der Vorbereitung der Kriteriumswertung besch\u00e4ftigt sind!&#8220;, so Benkert.<\/p>\n<p>Die letzte Austragung, damals noch als LBS TeamTour, fand 2016 statt. Die Frauen waren da noch nicht mit von der Partie und sind jetzt erstmals mit dabei. Wer das gro\u00dfe Radsportherz des Hauptsponsors Joachim Heuer kennt, welches ebenso f\u00fcr den Frauenradsport schl\u00e4gt, ist davon nicht verwundert. Der RV 09 Dei\u00dflingen, Gastgeber der Auftaktetappe, hat extra daf\u00fcr das Zeitfenster seines traditionellen Abendkriterium verl\u00e4ngert, so dass die Frauen ihr eigenes Rennen bestreiten k\u00f6nnen. Sie werden dann wieder den Fahrern der Seniorenklasse4 einheizen k\u00f6nnen, eine Paarung, die sich auch schon beim gerade zuende gegangenen VR-Cup bew\u00e4hrt hat.<\/p>\n<p>Abgerundet werden die Rennen mit einer Startm\u00f6glichkeit f\u00fcr die U19m\/w in Dei\u00dflingen und der U17m\/w, U19m\/w in Singen.<\/p>\n<p>Leider haben wir in wider Erwarten doch eine geringere Anzahl an Fahrer. Dennoch freuen wir uns auf spannende Rennen.<\/p>\n<div class=\"tplge_submenu\">\n<ul class=\"submenu\">\n<li class=\"doc\"><a href=\"https:\/\/heuer-cup.de\/en\/kritchallenge\/ausschreibung\/\">Ausschreibung<\/a><\/li>\n<li class=\"docs\"><a href=\"https:\/\/heuer-cup.de\/en\/kritchallenge\/deisslingen-1-etappe\/\">Dei\u00dflingen &#8211; 1. Etappe<\/a><\/li>\n<li class=\"docs\"><a href=\"https:\/\/heuer-cup.de\/en\/kritchallenge\/singen-2-etappe\/\">Singen &#8211; 2. Etappe<\/a><\/li>\n<li class=\"docs\"><a href=\"https:\/\/heuer-cup.de\/en\/kritchallenge\/moenchweiler-3-etappe\/\">M\u00f6nchweiler &#8211; 3. Etappe<\/a><\/li>\n<\/ul>\n<\/div>\n\n\t\t<\/div>\n\t<\/div>\n<\/div><\/div><\/div><\/div>","protected":false},"excerpt":{"rendered":"KritChallenge - 2020 wollen wir wieder an den Start. Leider k\u00f6nnen wir noch keinen wirklichen Vollzug melden, da wir noch nicht alle notwendigen Ausrichter f\u00fcr unser Vorhaben am Start haben. das war 2019 Unter dem Patronat der\u00a0HEUER Pr\u00e4zisionsteile GmbH f\u00fchrte die Heuer Eventmarketing UG mit den ausrichtenden Vereinen Radfahrerverein Radlerlust 1909 Dei\u00dflingen e.V. Veloclub Hohentwiehl [...]","protected":false},"author":1,"featured_media":0,"parent":0,"menu_order":0,"comment_status":"closed","ping_status":"closed","template":"","meta":[],"yoast_head":"<!-- This site is optimized with the Yoast SEO plugin v16.9 - https:\/\/yoast.com\/wordpress\/plugins\/seo\/ -->\n<title>KritChallenge - unter dem Partonat der HEUER Pr\u00e4zisionteile GmbH<\/title>\n<meta name=\"description\" content=\"KritChallenge - mit Unterst\u00fctzun des Radfahrverein Radlerlust 1909 Dei\u00dflingen, dem Veloclub Hohentwiehl und dem Radsportverein RSV 03 M\u00f6nchweiler\" \/>\n<meta name=\"robots\" content=\"index, follow, max-snippet:-1, max-image-preview:large, max-video-preview:-1\" \/>\n<link rel=\"canonical\" href=\"https:\/\/heuer-cup.de\/en\/kritchallenge\/\" \/>\n<meta property=\"og:locale\" content=\"en_GB\" \/>\n<meta property=\"og:type\" content=\"article\" \/>\n<meta property=\"og:title\" content=\"KritChallenge - unter dem Partonat der HEUER Pr\u00e4zisionteile GmbH\" \/>\n<meta property=\"og:description\" content=\"KritChallenge - mit Unterst\u00fctzun des Radfahrverein Radlerlust 1909 Dei\u00dflingen, dem Veloclub Hohentwiehl und dem Radsportverein RSV 03 M\u00f6nchweiler\" \/>\n<meta property=\"og:url\" content=\"https:\/\/heuer-cup.de\/en\/kritchallenge\/\" \/>\n<meta property=\"og:site_name\" content=\"HEUER-Cup\" \/>\n<meta property=\"article:publisher\" content=\"https:\/\/www.facebook.com\/HeuerCup\/\" \/>\n<meta property=\"article:modified_time\" content=\"2020-01-05T16:35:24+00:00\" \/>\n<meta name=\"twitter:card\" content=\"summary_large_image\" \/>\n<meta name=\"twitter:site\" content=\"@Heuer_Cup\" \/>\n<meta name=\"twitter:label1\" content=\"Estimated reading time\" \/>\n\t<meta name=\"twitter:data1\" content=\"2 minutes\" \/>\n<script type=\"application\/ld+json\" class=\"yoast-schema-graph\">{\"@context\":\"https:\/\/schema.org\",\"@graph\":[{\"@type\":\"Organization\",\"@id\":\"https:\/\/heuer-cup.de\/#organization\",\"name\":\"Heuer Radsport\",\"url\":\"https:\/\/heuer-cup.de\/\",\"sameAs\":[\"https:\/\/www.facebook.com\/HeuerCup\/\",\"https:\/\/www.instagram.com\/heuer_cup\/\",\"https:\/\/www.youtube.com\/channel\/UCuFkVFhY376_zRGfw_0Oy-Q\",\"https:\/\/twitter.com\/Heuer_Cup\"],\"logo\":{\"@type\":\"ImageObject\",\"@id\":\"https:\/\/heuer-cup.de\/#logo\",\"inLanguage\":\"en-GB\",\"url\":\"https:\/\/heuer-cup.de\/wp-content\/uploads\/2019\/01\/logo2.jpg\",\"contentUrl\":\"https:\/\/heuer-cup.de\/wp-content\/uploads\/2019\/01\/logo2.jpg\",\"width\":750,\"height\":186,\"caption\":\"Heuer Radsport\"},\"image\":{\"@id\":\"https:\/\/heuer-cup.de\/#logo\"}},{\"@type\":\"WebSite\",\"@id\":\"https:\/\/heuer-cup.de\/#website\",\"url\":\"https:\/\/heuer-cup.de\/\",\"name\":\"Heuer Radsport\",\"description\":\"Vollgas! oder einfach: Kette rechts\",\"publisher\":{\"@id\":\"https:\/\/heuer-cup.de\/#organization\"},\"potentialAction\":[{\"@type\":\"SearchAction\",\"target\":{\"@type\":\"EntryPoint\",\"urlTemplate\":\"https:\/\/heuer-cup.de\/?s={search_term_string}\"},\"query-input\":\"required name=search_term_string\"}],\"inLanguage\":\"en-GB\"},{\"@type\":\"WebPage\",\"@id\":\"https:\/\/heuer-cup.de\/kritchallenge\/#webpage\",\"url\":\"https:\/\/heuer-cup.de\/kritchallenge\/\",\"name\":\"KritChallenge - unter dem Partonat der HEUER Pr\\u00e4zisionteile GmbH\",\"isPartOf\":{\"@id\":\"https:\/\/heuer-cup.de\/#website\"},\"datePublished\":\"2019-08-21T17:34:55+00:00\",\"dateModified\":\"2020-01-05T16:35:24+00:00\",\"description\":\"KritChallenge - mit Unterst\\u00fctzun des Radfahrverein Radlerlust 1909 Dei\\u00dflingen, dem Veloclub Hohentwiehl und dem Radsportverein RSV 03 M\\u00f6nchweiler\",\"breadcrumb\":{\"@id\":\"https:\/\/heuer-cup.de\/kritchallenge\/#breadcrumb\"},\"inLanguage\":\"en-GB\",\"potentialAction\":[{\"@type\":\"ReadAction\",\"target\":[\"https:\/\/heuer-cup.de\/kritchallenge\/\"]}]},{\"@type\":\"BreadcrumbList\",\"@id\":\"https:\/\/heuer-cup.de\/kritchallenge\/#breadcrumb\",\"itemListElement\":[{\"@type\":\"ListItem\",\"position\":1,\"name\":\"Home\",\"item\":\"https:\/\/heuer-cup.de\/\"},{\"@type\":\"ListItem\",\"position\":2,\"name\":\"Krit Challenge\"}]}]}<\/script>\n<!-- \/ Yoast SEO plugin. -->","yoast_head_json":{"title":"KritChallenge - unter dem Partonat der HEUER Pr\u00e4zisionteile GmbH","description":"KritChallenge - mit Unterst\u00fctzun des Radfahrverein Radlerlust 1909 Dei\u00dflingen, dem Veloclub Hohentwiehl und dem Radsportverein RSV 03 M\u00f6nchweiler","robots":{"index":"index","follow":"follow","max-snippet":"max-snippet:-1","max-image-preview":"max-image-preview:large","max-video-preview":"max-video-preview:-1"},"canonical":"https:\/\/heuer-cup.de\/en\/kritchallenge\/","og_locale":"en_GB","og_type":"article","og_title":"KritChallenge - unter dem Partonat der HEUER Pr\u00e4zisionteile GmbH","og_description":"KritChallenge - mit Unterst\u00fctzun des Radfahrverein Radlerlust 1909 Dei\u00dflingen, dem Veloclub Hohentwiehl und dem Radsportverein RSV 03 M\u00f6nchweiler","og_url":"https:\/\/heuer-cup.de\/en\/kritchallenge\/","og_site_name":"HEUER-Cup","article_publisher":"https:\/\/www.facebook.com\/HeuerCup\/","article_modified_time":"2020-01-05T16:35:24+00:00","twitter_card":"summary_large_image","twitter_site":"@Heuer_Cup","twitter_misc":{"Estimated reading time":"2 minutes"},"schema":{"@context":"https:\/\/schema.org","@graph":[{"@type":"Organization","@id":"https:\/\/heuer-cup.de\/#organization","name":"Heuer Radsport","url":"https:\/\/heuer-cup.de\/","sameAs":["https:\/\/www.facebook.com\/HeuerCup\/","https:\/\/www.instagram.com\/heuer_cup\/","https:\/\/www.youtube.com\/channel\/UCuFkVFhY376_zRGfw_0Oy-Q","https:\/\/twitter.com\/Heuer_Cup"],"logo":{"@type":"ImageObject","@id":"https:\/\/heuer-cup.de\/#logo","inLanguage":"en-GB","url":"https:\/\/heuer-cup.de\/wp-content\/uploads\/2019\/01\/logo2.jpg","contentUrl":"https:\/\/heuer-cup.de\/wp-content\/uploads\/2019\/01\/logo2.jpg","width":750,"height":186,"caption":"Heuer Radsport"},"image":{"@id":"https:\/\/heuer-cup.de\/#logo"}},{"@type":"WebSite","@id":"https:\/\/heuer-cup.de\/#website","url":"https:\/\/heuer-cup.de\/","name":"Heuer Radsport","description":"Vollgas! oder einfach: Kette rechts","publisher":{"@id":"https:\/\/heuer-cup.de\/#organization"},"potentialAction":[{"@type":"SearchAction","target":{"@type":"EntryPoint","urlTemplate":"https:\/\/heuer-cup.de\/?s={search_term_string}"},"query-input":"required name=search_term_string"}],"inLanguage":"en-GB"},{"@type":"WebPage","@id":"https:\/\/heuer-cup.de\/kritchallenge\/#webpage","url":"https:\/\/heuer-cup.de\/kritchallenge\/","name":"KritChallenge - unter dem Partonat der HEUER Pr\u00e4zisionteile GmbH","isPartOf":{"@id":"https:\/\/heuer-cup.de\/#website"},"datePublished":"2019-08-21T17:34:55+00:00","dateModified":"2020-01-05T16:35:24+00:00","description":"KritChallenge - mit Unterst\u00fctzun des Radfahrverein Radlerlust 1909 Dei\u00dflingen, dem Veloclub Hohentwiehl und dem Radsportverein RSV 03 M\u00f6nchweiler","breadcrumb":{"@id":"https:\/\/heuer-cup.de\/kritchallenge\/#breadcrumb"},"inLanguage":"en-GB","potentialAction":[{"@type":"ReadAction","target":["https:\/\/heuer-cup.de\/kritchallenge\/"]}]},{"@type":"BreadcrumbList","@id":"https:\/\/heuer-cup.de\/kritchallenge\/#breadcrumb","itemListElement":[{"@type":"ListItem","position":1,"name":"Home","item":"https:\/\/heuer-cup.de\/"},{"@type":"ListItem","position":2,"name":"Krit Challenge"}]}]}},"_links":{"self":[{"href":"https:\/\/heuer-cup.de\/en\/wp-json\/wp\/v2\/pages\/4053"}],"collection":[{"href":"https:\/\/heuer-cup.de\/en\/wp-json\/wp\/v2\/pages"}],"about":[{"href":"https:\/\/heuer-cup.de\/en\/wp-json\/wp\/v2\/types\/page"}],"author":[{"embeddable":true,"href":"https:\/\/heuer-cup.de\/en\/wp-json\/wp\/v2\/users\/1"}],"replies":[{"embeddable":true,"href":"https:\/\/heuer-cup.de\/en\/wp-json\/wp\/v2\/comments?post=4053"}],"version-history":[{"count":5,"href":"https:\/\/heuer-cup.de\/en\/wp-json\/wp\/v2\/pages\/4053\/revisions"}],"predecessor-version":[{"id":5554,"href":"https:\/\/heuer-cup.de\/en\/wp-json\/wp\/v2\/pages\/4053\/revisions\/5554"}],"wp:attachment":[{"href":"https:\/\/heuer-cup.de\/en\/wp-json\/wp\/v2\/media?parent=4053"}],"curies":[{"name":"wp","href":"https:\/\/api.w.org\/{rel}","templated":true}]}}