{"id":4041,"date":"2019-08-21T19:28:36","date_gmt":"2019-08-21T17:28:36","guid":{"rendered":"https:\/\/heuer-cup.de\/?page_id=4041"},"modified":"2020-03-03T04:37:40","modified_gmt":"2020-03-03T03:37:40","slug":"nachwuchsklassen","status":"publish","type":"page","link":"https:\/\/heuer-cup.de\/en\/generalausschreibung\/nachwuchsklassen\/","title":{"rendered":"Nachwuchsklassen"},"content":{"rendered":"<div class=\"vc_row wpb_row vc_row-fluid\"><div class=\"wpb_column vc_column_container vc_col-sm-12\"><div class=\"vc_column-inner\"><div class=\"wpb_wrapper\">\n\t<div class=\"wpb_text_column wpb_content_element\" >\n\t\t<div class=\"wpb_wrapper\">\n\t\t\t<p><strong>Ausschreibung HEUER-Cup 2019<br \/>\nJuniorinnen, Junioren, w.\/m. Jugend<\/strong><\/p>\n<p>&nbsp;<\/p>\n<p><strong><a title=\"Generalausschreibung Nachwuchsklasse\" href=\"https:\/\/heuer-cup.eu\/userfiles\/downloads\/Generalausschreibung\/Heuer%20Cup_2019_Nachwuchsklassen.pdf\" target=\"_blank\" rel=\"noopener noreferrer\"><img class=\"aligncenter\" title=\"Download f\u00fcr Nachwuchsklasse\" src=\"https:\/\/heuer-cup.eu\/userfiles\/images\/Logo_Download\/HeuerCup_Logo_small.jpg\" alt=\"\" \/><\/a><br \/>\n<\/strong><\/p>\n<p>Unter dem Patronat der\u00a0<a href=\"http:\/\/www.h-pt.de\/\" target=\"_blank\" rel=\"noopener noreferrer\">HEUER Pr\u00e4zisionsteile GmbH<\/a>\u00a0f\u00fchrt die Heuer Eventmarketing UG gemeinsam mit den ausrichtenden Vereinen die Rennserie HEUER-Cup Nachwuchsklassen durch.<br \/>\nAktuelle Ergebnisse werden zeitnah ver\u00f6ffentlicht unter:<br \/>\n<a href=\"https:\/\/heuer-cup.de\/en\/?Ergebnisse_im_HEUER-Cup\">Ergebnisse im HEUER-Cup<\/a><\/p>\n<p><em>Der HEUER-Cup ist\u00a0<strong>bundesoffen<\/strong>.\u00a0<strong>Alle Vereine<\/strong>,\u00a0<strong>Einzelfahrerinnen und Einzelfahrer<\/strong>\u2013 auch nicht aus Baden-W\u00fcrttemberg \u2013 sind zur Teilnahme an der Gesamtwertung\u00a0<strong>willkommen.<\/strong><\/em><\/p>\n<p><strong><em>F\u00fcr den HEUER-Cup muss eine vereinsweise Serien-Anmeldung durchgef\u00fchrt werden. Alle Fahrer\/innen gem\u00e4\u00df \u00a7 1 sind startberechtigt.<br \/>\nDie Vereinswertung wird gemeinsam in allen vier Klassen ausgetragen.<\/em><\/strong><\/p>\n<p>Auf allen Etappen gewinnt die\/der Tagesbeste das HEUER-Cup Sieger-Trikot. Zudem wird wieder ein laufendes F\u00fchrungstrikot vergeben. Die\/der F\u00fchrende muss dieses F\u00fchrungstrikot auf der n\u00e4chsten Etappe tragen.<\/p>\n<p>In allen vier Klassen bleibt f\u00fcr die Bestimmung der Einzelwertung ein Streichresultat erhalten.<\/p>\n<p>Aktuelle Ergebnisse werden zeitnah ver\u00f6ffentlicht unter:<\/p>\n<p><a href=\"https:\/\/heuer-cup.de\/en\/?Ergebnisse_im_HEUER-Cup\">Ergebnisse im HEUER-Cup<\/a><\/p>\n<p><em>Der HEUER-Cup ist\u00a0<strong>bundesoffen<\/strong>.\u00a0<strong>Alle Mannschaften<\/strong>\u00a0<strong>und Einzelfahrer<\/strong>\u2013 auch nicht aus Baden-W\u00fcrttemberg \u2013 sind zur Teilnahme an der Gesamtwertung\u00a0<strong>willkommen.<\/strong><\/em><\/p>\n<p><strong><em>1.\u00a0<\/em><em>Teilnahmeberechtigung<\/em><\/strong><\/p>\n<p>In Wertung um den HEUER-Cup kommen alle Radrennsportler\/innen der Klassen Junioren, Juniorinnen, m\u00e4nnliche Jugend und weibliche Jugend, die \u00fcber einen BDR-Verein lizenziert sind und zur Teilnahme am HEUER- Cup angemeldet werden.<\/p>\n<p><strong><em>2. Wettbewerbe<\/em><\/strong><\/p>\n<p>Der HEUER-Cup Radrennsport Junioren, Juniorinnen, m. Jugend und w. Jugend besteht aus 10 zusammenh\u00e4ngenden Stra\u00dfen-Wettbewerben (vgl. \u00dcbersichtsplan \u00a7 6). Die Durchf\u00fchrung der Wettbewerbe erfolgt nach den Bestimmungen der Sportordnung, WB Stra\u00dfe des BDR sowie dieser Generalausschreibung.<\/p>\n<p><strong><em>3. Wertungsbestimmungen<\/em><\/strong><\/p>\n<p><strong><em>a. Einzelwertung<\/em><\/strong><br \/>\nF\u00fcr die Gesamtwertung erhalten die Fahrer\/innen bei den einzelnen Etappen wie folgt HEUER&#8211;Cup Punkte:<br \/>\n<strong>Platz 1-15<br \/>\nPunkteregel<\/strong>: 25-22-20-19-18-17-16-15-14-13-13-12-12-11-11 Punkte.<br \/>\n<strong>Ab Platz 16 Zeitregel<br \/>\n<\/strong>R\u00fcckstand 0:00min-1:59min\u00a0\u00a0 10 Punkte<br \/>\nR\u00fcckstand 2:00min-9:59min\u00a0\u00a0\u00a0\u00a0 8 Punkte<br \/>\nIm Kontrollschluss im Ziel\u00a0\u00a0\u00a0\u00a0\u00a0\u00a0\u00a0\u00a0\u00a0 6 Punkte<br \/>\nGestartet und DNF\u00a0\u00a0\u00a0\u00a0\u00a0\u00a0\u00a0\u00a0\u00a0\u00a0\u00a0\u00a0\u00a0\u00a0\u00a0\u00a0\u00a0\u00a0\u00a0\u00a0\u00a0\u00a0 1 Punkt<\/p>\n<p><strong>Sonderregelung f\u00fcr die Etappe in M\u00fcnsingen (Landesverbandsmeisterschaft)<br \/>\n<\/strong>Fahrer\/innen, die nicht \u00fcber einen der beiden baden-w\u00fcrttembergischen Landesverb\u00e4nde lizenziert sind, sind bei der Etappe in M\u00fcnsingen nicht startberechtigt. F\u00fcr sie flie\u00dft die Platzierung bei der Landesverbandsmeisterschaft in ihrem Bundesland ein und sie bekommen f\u00fcr diese Platzierung die Punkte laut Punkteschema oben gutgeschrieben.<\/p>\n<p>Bei Nichtantritt einer Etappe oder Disqualifikation durch den VKK werden keine Punkte gutgeschrieben.\u00a0<strong>Bei jedem Wettbewerb legen der VKK und der Ausrichterverein vor Rennbeginn die jeweils g\u00fcltige Regelung zur Karenzzeit fest<\/strong>, die ma\u00dfgeblich f\u00fcr den Erhalt von 6 Punkten ist. HEUER-Cup Punkte f\u00fcr Pl\u00e4tze von nicht f\u00fcr den gesamten Cup gemeldeten Fahrern (vgl. \u00a7 1) bleiben vakant. D.h. es erfolgt\u00a0<strong><u>kein<\/u><\/strong>\u00a0Aufr\u00fccken bei der Punkteregel.<\/p>\n<p><strong><em>b. Spitzenreiterwertung<br \/>\n<\/em><\/strong>F\u00fcr jede der vier Klassen gibt es eine separate Spitzenreiterwertung.<br \/>\nAnhand der Punkte werden die Fahrer\/innen in der Spitzenreiterwertung erfasst. Die Fahrerin\/Der Fahrer mit der h\u00f6chsten Punktesumme in jeder Klasse erh\u00e4lt nach der jeweiligen Etappe das HEUER-Cup F\u00fchrungstrikot.<\/p>\n<p>Die Punktsumme wird hierf\u00fcr wie folgt berechnet:<\/p>\n<ul>\n<li>bis zur Etappe in Schwenningen aus der Summe aller Tages-HEUER-Punkte<\/li>\n<li>nach der Etappe in Biberach aus der Summe der (x-1) besten Etappenergebnisse<\/li>\n<\/ul>\n<p>Bei Punktegleichheit entscheidet die bessere Platzierung im letzten Wettbewerb. Das F\u00fchrungstrikot\u00a0<strong>muss<\/strong>\u00a0auf der n\u00e4chsten Etappe getragen werden. Auf dem F\u00fchrungstrikot darf der Vereinssponsor getragen werden.<\/p>\n<p><strong>c. D<em>oppelmeldung<\/em><\/strong><\/p>\n<p>Fahrer, die am selben Tag f\u00fcr ein anderes Rennen melden, an dem eine HEUER-Cup Etappe stattfindet und bei dem anderen Rennen an den Start gehen, m\u00fcssen sich beim Ausrichter der HEUER-Cup Etappe bis zu dessen Meldeschluss fristgerecht abmelden. Ansonsten werden beide Meldungen als Doppelmeldung gewertet und k\u00f6nnen dementsprechend (SpO\/WB) bestraft werden. Bei Etappen bei denen das Nenngeld vorab \u00fcberwiesen werden muss, z\u00e4hlt die Anmeldung zur HEUER-Cup Etappe erst nach dem \u00dcberweisen des Nenngelds.<\/p>\n<p>Dementsprechend muss f\u00fcr solche Etappen eine Abmeldung erst dann erfolgen, falls das Nenngeld bereits \u00fcberwiesen wurde.<\/p>\n<p><strong>\u00a0d. Nachmeldungen<\/strong><\/p>\n<p>Fahrer\/innen k\u00f6nnen bis einschlie\u00dflich 30. Juni zum HEUER- Cup nachgemeldet werden. F\u00fcr bereits stattgefundene Etappen werden die Punkte in der Einzelwertung gutgeschrieben. F\u00fcr diesen organisatorischen Aufwand wird allerdings eine OK-Geb\u00fchr f\u00e4llig, siehe \u00a78.<\/p>\n<p><strong><em>4. Ehrengaben und Preise<\/em><\/strong><\/p>\n<p><strong><em>a. Etappenpreise:<\/em><\/strong><\/p>\n<p>Bei jeder Etappe erh\u00e4lt der Sieger\/die Siegerin der jeweiligen Klasse das HEUER-Cup Tagessieger-Trikot. Die Fahrer\/innen auf Platz 1-3 erhalten Siegerblumen.<br \/>\nDie\/Der F\u00fchrende in der Gesamteinzelwertung erh\u00e4lt das HEUER-Cup F\u00fchrungstrikot (siehe \u00a7 3.c.)<br \/>\nDie Tagespreise der Etappen werden nach WB Stra\u00dfe bezahlt und unmittelbar nach der Etappe durch den ausrichtenden Verein ausgegeben.<\/p>\n<p><strong><em>b. Gesamtwertung\/ Einzel:<\/em><\/strong><\/p>\n<p>Nach Abschluss aller Etappen wird anhand der gewonnenen HEUER-Cup Punkte in jeder Klasse die Gesamtwertung erstellt. F\u00fcr jeden Fahrer und jede Fahrerin werden die jeweils x punktbesten Etappenresultate addiert, wobei x die Anzahl der Wettbewerbe in der jeweiligen Klasse minus eins ist.<br \/>\nEs siegt der Fahrer\/die Fahrerin mit der h\u00f6chsten Punktesumme aus obiger Addition. Bei Punktegleichheit entscheidet die bessere Platzierung im Finalrennen. Der Sieger\/die Siegerin gewinnt das HEUER-Cup Siegertrikot. Die Fahrer\/innen auf Platz 1-3 gewinnen HEUER-Cup.<\/p>\n<p><strong><em>c. Gesamtwertung\/ Vereins-Team:<\/em><\/strong><\/p>\n<p>F\u00fcr die Jahres-Vereins-Wertung werden \u00fcbergreifend \u00fcber die vier Klassen die drei besten Fahrer\/innen eines Vereins gewertet. Dabei werden die Platzziffern der Gesamt-Einzelwertung addiert. Es siegt das Team mit der niedrigsten Platzziffern-Summe. Bei Punktegleichheit entscheidet die bessere erzielte Einzelplatzierung aller Fahrer des Vereins, ist diese auch gleich, entscheidet die zweitbeste erzielte Einzelplatzierung usw.<br \/>\nEs werden nur Vereine gewertet, keine Renngemeinschaften oder Auswahlmannschaften.<br \/>\nDie drei besten Vereine gewinnen HEUER-Cup Pokale und die Titel Baden-W\u00fcrttembergische Vereinsmeister der Nachwuchsklassen (Platz 1,2,3).<br \/>\nDieser Titel Baden-W\u00fcrttembergischer Vereinsmeister kann jedoch nur f\u00fcr Vereine aus<br \/>\nBaden-W\u00fcrttemberg vergeben werden.<\/p>\n<p><strong><em>d. Ausgabe der Jahrespreise<\/em><\/strong><\/p>\n<p>Die Jahressiegerehrung erfolgt im Anschluss an die Finaletappe in Notzingen.<\/p>\n<p><strong><em>5. Trikotbestimmungen<br \/>\n<\/em><\/strong><\/p>\n<p>gem\u00e4\u00df WB Stra\u00dfe<\/p>\n<p><strong>6.\u00a0<em>Etappenplan<\/em><\/strong><\/p>\n<table width=\"0\">\n<tbody>\n<tr>\n<td width=\"75\"><strong>Etappe<\/strong><\/td>\n<td width=\"96\"><strong>Datum<\/strong><\/td>\n<td width=\"227\"><strong>Ort<\/strong><\/td>\n<td width=\"180\"><strong>Rennen<\/strong><\/td>\n<\/tr>\n<tr>\n<td width=\"75\"><strong>1<\/strong><\/td>\n<td width=\"96\">22.April<\/td>\n<td width=\"227\"><strong>Sch\u00f6naich<\/strong><\/td>\n<td width=\"180\"><strong>STR<\/strong><\/td>\n<\/tr>\n<tr>\n<td width=\"75\"><strong>2<\/strong><\/td>\n<td width=\"96\">5. Mai<\/td>\n<td width=\"227\"><strong>M\u00fcnsingen<\/strong><\/td>\n<td width=\"180\"><strong>RR(LVM)<\/strong><\/td>\n<\/tr>\n<tr>\n<td width=\"75\"><strong>3<\/strong><\/td>\n<td width=\"96\">12.Mai<\/td>\n<td width=\"227\"><strong>Ellmendingen<\/strong><\/td>\n<td width=\"180\"><strong>RR<\/strong><\/td>\n<\/tr>\n<tr>\n<td width=\"75\"><strong>4<\/strong><\/td>\n<td width=\"96\">19.Mai<\/td>\n<td width=\"227\"><strong>Konstanz<\/strong><\/td>\n<td width=\"180\"><strong>Krit<\/strong><\/td>\n<\/tr>\n<tr>\n<td width=\"75\"><strong>5<\/strong><\/td>\n<td width=\"96\">9.Juni<\/td>\n<td width=\"227\"><strong>Schwenningen<\/strong><\/td>\n<td width=\"180\"><strong>RR<\/strong><\/td>\n<\/tr>\n<tr>\n<td width=\"75\"><strong>6<\/strong><\/td>\n<td width=\"96\">30.Juni<\/td>\n<td width=\"227\"><strong>Biberach<\/strong><\/td>\n<td width=\"180\"><strong>STR<\/strong><\/td>\n<\/tr>\n<tr>\n<td width=\"75\"><strong>7<\/strong><\/td>\n<td width=\"96\">14.Juli<\/td>\n<td width=\"227\"><strong>Ebringen<\/strong><\/td>\n<td width=\"180\"><strong>Krit<\/strong><\/td>\n<\/tr>\n<tr>\n<td width=\"75\"><strong>8<\/strong><\/td>\n<td width=\"96\">21.Juli<\/td>\n<td width=\"227\"><strong>Reute<\/strong><\/td>\n<td width=\"180\"><strong>RR<\/strong><\/td>\n<\/tr>\n<tr>\n<td width=\"75\"><strong>9<\/strong><\/td>\n<td width=\"96\">22.Sept.<\/td>\n<td width=\"227\"><strong>Bad D\u00fcrrheim<\/strong><\/td>\n<td width=\"180\"><strong>STR (au\u00dfer w. Jugend)<\/strong><\/td>\n<\/tr>\n<tr>\n<td width=\"75\"><strong>10<\/strong><\/td>\n<td width=\"96\">28.Sept.<\/td>\n<td width=\"227\"><strong>Notzingen<\/strong><\/td>\n<td width=\"180\"><strong>RR<\/strong><\/td>\n<\/tr>\n<\/tbody>\n<\/table>\n<p><em>Das OK beh\u00e4lt sich das Recht vor, den Etappenplan zu \u00e4ndern.<\/em><\/p>\n<p><strong><em>7. Sachpreis-Verlosung<\/em><\/strong><\/p>\n<p>Im Rahmen der Gesamtsiegerehrung bei der Finaletappe in Notzingen erfolgt unter allen Sportlern des HEUER-Cup (M\u00e4nner, Senioren, Frauen, Nachwuchs) eine Sachpreis-Verlosung. Die Preise werden vorab auf der HEUER-Cup Homepage (<a href=\"https:\/\/heuer-cup.de\/en\/\">www.heuer-cup.de<\/a>) bekannt gegeben.<br \/>\nF\u00fcr die Verlosung qualifizieren sich alle Sportler\/Sportlerinnen, die in ihrer jeweiligen Klasse bei allen bis auf zwei Rennen mindestens 1HEUER-Cup Punkt erworben haben. Dabei z\u00e4hlt der RiderMan und die Krit-Challenge (f\u00fcr die teilnehmenden Klassen) wie zwei Rennen.<br \/>\nFalls der gezogene Gewinner bei der Verlosung nicht pers\u00f6nlich anwesend ist, verf\u00e4llt sein Gewinn und ein neuer Gewinner wird gezogen.<\/p>\n<p><strong><em>9. Anmeldung<\/em><\/strong><\/p>\n<p>Die Fahrer sind mit Name, Vorname, Verein, Team, UCI-ID Nummer zu benennen.<\/p>\n<p>Das Excel-Formular zur Nennung kann unter\u00a0<a href=\"https:\/\/heuer-cup.eu\/?Generalausschreibung\">Generalausschreibung<\/a>heruntergeladen werden. Zur Rechnungsstellung\u00a0<strong>muss\u00a0<\/strong>eine vollst\u00e4ndige Postadresse angegeben werden. Die Meldung ist erst nach Rechnungszahlung g\u00fcltig.<\/p>\n<p>Die Anmeldung erfolgt vereinsweise und ist bis zum\u00a0<strong>10.4.<\/strong>\u00a0kostenfrei. Danach kann bis zum 30.Juni nachgemeldet werden. F\u00fcr das Nachpflegen von Start- und Ergebnislisten wird dann ein Organisationsbeitrag in H\u00f6he von\u00a0<strong><em>15.-\u00a0<\/em>\u20ac<\/strong>\u00a0pro Fahrer f\u00e4llig. Zur Rechnungsstellung\u00a0<strong>muss\u00a0<\/strong>eine vollst\u00e4ndige Postadresse angegeben werden. Die Meldung ist dann erst nach Rechnungszahlung g\u00fcltig.<\/p>\n<p>Die Fahrer erhalten f\u00fcr den gesamten HEUER-Cup eine Standardnummer zugewiesen. Die Fahrer brauchen sich f\u00fcr alle Tagesetappen, die ohne Vorab\u00fcberweisung des Nenngelds abgewickelt werden, nicht mehr extra zu melden.<\/p>\n<p>Die Startnummern werden bei jeder Etappe vom Fahrer\/in an der Startnummernausgabe abgeholt.<\/p>\n<p>Das Tagesnenngeld ist gem\u00e4\u00df der jeweiligen Ausschreibung unmittelbar bei der Nummernausgabe oder per Vorab\u00fcberweisung zu entrichten.<\/p>\n<p><strong>Achtung bei Rennen mit Vorab\u00fcberweisung (mind. die Rennen in Sch\u00f6naich und Plattenhardt) m\u00fcssen HEUER-Cup Teilnehmer separat eine Tagesanmeldung durchf\u00fchren!<\/strong><\/p>\n<p><strong>Hierzu ist gem\u00e4\u00df Ausschreibung beim Veranstalter zu nennen. Tagesausschreibung beachten!<br \/>\n<\/strong><\/p>\n<p><strong>Meldeschluss f\u00fcr die Jahresnennung: 10. April 2019<\/strong><\/p>\n<p>Fahrer, die sich nicht bis zum 10.4. melden, m\u00fcssen eine kostenpflichtige Nachmeldung durchf\u00fchren. Nicht gemeldete Fahrer kommen nicht in die HEUER-Cup Wertung. Sie m\u00fcssen sich zu den einzelnen Etappen direkt beim Ausrichter anmelden (Ausschreibung beachten).<\/p>\n<p><strong><em>9. Sportliche Aufsicht<\/em><\/strong><\/p>\n<p>Der Verbandsbeauftragte, der \u00f6rtliche VKK und die KK-Mitglieder f\u00fchren die sportliche Aufsicht, erstellen das Tagesergebnis und ermitteln den F\u00fchrenden in der Gesamtwertung.<\/p>\n<p><em>Gez.<br \/>\nMarc Benkert, Sportlicher Leiter HEUER-Cup, marc@heuer-cup.de<\/em><\/p>\n\n\t\t<\/div>\n\t<\/div>\n<\/div><\/div><\/div><\/div>","protected":false},"excerpt":{"rendered":"Ausschreibung HEUER-Cup 2019 Juniorinnen, Junioren, w.\/m. Jugend &nbsp; Unter dem Patronat der\u00a0HEUER Pr\u00e4zisionsteile GmbH\u00a0f\u00fchrt die Heuer Eventmarketing UG gemeinsam mit den ausrichtenden Vereinen die Rennserie HEUER-Cup Nachwuchsklassen durch. Aktuelle Ergebnisse werden zeitnah ver\u00f6ffentlicht unter: Ergebnisse im HEUER-Cup Der HEUER-Cup ist\u00a0bundesoffen.\u00a0Alle Vereine,\u00a0Einzelfahrerinnen und Einzelfahrer\u2013 auch nicht aus Baden-W\u00fcrttemberg \u2013 sind zur Teilnahme an der Gesamtwertung\u00a0willkommen. F\u00fcr [...]","protected":false},"author":3,"featured_media":0,"parent":5645,"menu_order":0,"comment_status":"closed","ping_status":"closed","template":"","meta":[],"yoast_head":"<!-- This site is optimized with the Yoast SEO plugin v16.9 - https:\/\/yoast.com\/wordpress\/plugins\/seo\/ -->\n<title>Nachwuchsklassen Ausschreibung - HEUER-Cup 2019 -<\/title>\n<meta name=\"description\" content=\"Nachwuchsklassen Ausschreibung - HEUER-Cup 2019 - und zus\u00e4tzliche Informationen wie ein Etappenplan, Einzelwertung, Etappenpreise usw.\" \/>\n<meta name=\"robots\" content=\"index, follow, max-snippet:-1, max-image-preview:large, max-video-preview:-1\" \/>\n<link rel=\"canonical\" href=\"https:\/\/heuer-cup.de\/en\/generalausschreibung\/nachwuchsklassen\/\" \/>\n<meta property=\"og:locale\" content=\"en_GB\" \/>\n<meta property=\"og:type\" content=\"article\" \/>\n<meta property=\"og:title\" content=\"Nachwuchsklassen Ausschreibung - HEUER-Cup 2019 -\" \/>\n<meta property=\"og:description\" content=\"Nachwuchsklassen Ausschreibung - HEUER-Cup 2019 - und zus\u00e4tzliche Informationen wie ein Etappenplan, Einzelwertung, Etappenpreise usw.\" \/>\n<meta property=\"og:url\" content=\"https:\/\/heuer-cup.de\/en\/generalausschreibung\/nachwuchsklassen\/\" \/>\n<meta property=\"og:site_name\" content=\"HEUER-Cup\" \/>\n<meta property=\"article:publisher\" content=\"https:\/\/www.facebook.com\/HeuerCup\/\" \/>\n<meta property=\"article:modified_time\" content=\"2020-03-03T03:37:40+00:00\" \/>\n<meta property=\"og:image\" content=\"https:\/\/heuer-cup.eu\/userfiles\/images\/Logo_Download\/HeuerCup_Logo_small.jpg\" \/>\n<meta name=\"twitter:card\" content=\"summary_large_image\" \/>\n<meta name=\"twitter:site\" content=\"@Heuer_Cup\" \/>\n<meta name=\"twitter:label1\" content=\"Estimated reading time\" \/>\n\t<meta name=\"twitter:data1\" content=\"7 minutes\" \/>\n<script type=\"application\/ld+json\" class=\"yoast-schema-graph\">{\"@context\":\"https:\/\/schema.org\",\"@graph\":[{\"@type\":\"Organization\",\"@id\":\"https:\/\/heuer-cup.de\/#organization\",\"name\":\"Heuer Radsport\",\"url\":\"https:\/\/heuer-cup.de\/\",\"sameAs\":[\"https:\/\/www.facebook.com\/HeuerCup\/\",\"https:\/\/www.instagram.com\/heuer_cup\/\",\"https:\/\/www.youtube.com\/channel\/UCuFkVFhY376_zRGfw_0Oy-Q\",\"https:\/\/twitter.com\/Heuer_Cup\"],\"logo\":{\"@type\":\"ImageObject\",\"@id\":\"https:\/\/heuer-cup.de\/#logo\",\"inLanguage\":\"en-GB\",\"url\":\"https:\/\/heuer-cup.de\/wp-content\/uploads\/2019\/01\/logo2.jpg\",\"contentUrl\":\"https:\/\/heuer-cup.de\/wp-content\/uploads\/2019\/01\/logo2.jpg\",\"width\":750,\"height\":186,\"caption\":\"Heuer Radsport\"},\"image\":{\"@id\":\"https:\/\/heuer-cup.de\/#logo\"}},{\"@type\":\"WebSite\",\"@id\":\"https:\/\/heuer-cup.de\/#website\",\"url\":\"https:\/\/heuer-cup.de\/\",\"name\":\"Heuer Radsport\",\"description\":\"Vollgas! oder einfach: Kette rechts\",\"publisher\":{\"@id\":\"https:\/\/heuer-cup.de\/#organization\"},\"potentialAction\":[{\"@type\":\"SearchAction\",\"target\":{\"@type\":\"EntryPoint\",\"urlTemplate\":\"https:\/\/heuer-cup.de\/?s={search_term_string}\"},\"query-input\":\"required name=search_term_string\"}],\"inLanguage\":\"en-GB\"},{\"@type\":\"ImageObject\",\"@id\":\"https:\/\/heuer-cup.de\/generalausschreibung\/nachwuchsklassen\/#primaryimage\",\"inLanguage\":\"en-GB\",\"url\":\"https:\/\/heuer-cup.eu\/userfiles\/images\/Logo_Download\/HeuerCup_Logo_small.jpg\",\"contentUrl\":\"https:\/\/heuer-cup.eu\/userfiles\/images\/Logo_Download\/HeuerCup_Logo_small.jpg\"},{\"@type\":\"WebPage\",\"@id\":\"https:\/\/heuer-cup.de\/generalausschreibung\/nachwuchsklassen\/#webpage\",\"url\":\"https:\/\/heuer-cup.de\/generalausschreibung\/nachwuchsklassen\/\",\"name\":\"Nachwuchsklassen Ausschreibung - HEUER-Cup 2019 -\",\"isPartOf\":{\"@id\":\"https:\/\/heuer-cup.de\/#website\"},\"primaryImageOfPage\":{\"@id\":\"https:\/\/heuer-cup.de\/generalausschreibung\/nachwuchsklassen\/#primaryimage\"},\"datePublished\":\"2019-08-21T17:28:36+00:00\",\"dateModified\":\"2020-03-03T03:37:40+00:00\",\"description\":\"Nachwuchsklassen Ausschreibung - HEUER-Cup 2019 - und zus\\u00e4tzliche Informationen wie ein Etappenplan, Einzelwertung, Etappenpreise usw.\",\"breadcrumb\":{\"@id\":\"https:\/\/heuer-cup.de\/generalausschreibung\/nachwuchsklassen\/#breadcrumb\"},\"inLanguage\":\"en-GB\",\"potentialAction\":[{\"@type\":\"ReadAction\",\"target\":[\"https:\/\/heuer-cup.de\/generalausschreibung\/nachwuchsklassen\/\"]}]},{\"@type\":\"BreadcrumbList\",\"@id\":\"https:\/\/heuer-cup.de\/generalausschreibung\/nachwuchsklassen\/#breadcrumb\",\"itemListElement\":[{\"@type\":\"ListItem\",\"position\":1,\"name\":\"Home\",\"item\":\"https:\/\/heuer-cup.de\/\"},{\"@type\":\"ListItem\",\"position\":2,\"name\":\"Generalausschreibung 2019\",\"item\":\"https:\/\/heuer-cup.de\/generalausschreibung\/\"},{\"@type\":\"ListItem\",\"position\":3,\"name\":\"Nachwuchsklassen\"}]}]}<\/script>\n<!-- \/ Yoast SEO plugin. -->","yoast_head_json":{"title":"Nachwuchsklassen Ausschreibung - HEUER-Cup 2019 -","description":"Nachwuchsklassen Ausschreibung - HEUER-Cup 2019 - und zus\u00e4tzliche Informationen wie ein Etappenplan, Einzelwertung, Etappenpreise usw.","robots":{"index":"index","follow":"follow","max-snippet":"max-snippet:-1","max-image-preview":"max-image-preview:large","max-video-preview":"max-video-preview:-1"},"canonical":"https:\/\/heuer-cup.de\/en\/generalausschreibung\/nachwuchsklassen\/","og_locale":"en_GB","og_type":"article","og_title":"Nachwuchsklassen Ausschreibung - HEUER-Cup 2019 -","og_description":"Nachwuchsklassen Ausschreibung - HEUER-Cup 2019 - und zus\u00e4tzliche Informationen wie ein Etappenplan, Einzelwertung, Etappenpreise usw.","og_url":"https:\/\/heuer-cup.de\/en\/generalausschreibung\/nachwuchsklassen\/","og_site_name":"HEUER-Cup","article_publisher":"https:\/\/www.facebook.com\/HeuerCup\/","article_modified_time":"2020-03-03T03:37:40+00:00","og_image":[{"url":"https:\/\/heuer-cup.eu\/userfiles\/images\/Logo_Download\/HeuerCup_Logo_small.jpg"}],"twitter_card":"summary_large_image","twitter_site":"@Heuer_Cup","twitter_misc":{"Estimated reading time":"7 minutes"},"schema":{"@context":"https:\/\/schema.org","@graph":[{"@type":"Organization","@id":"https:\/\/heuer-cup.de\/#organization","name":"Heuer Radsport","url":"https:\/\/heuer-cup.de\/","sameAs":["https:\/\/www.facebook.com\/HeuerCup\/","https:\/\/www.instagram.com\/heuer_cup\/","https:\/\/www.youtube.com\/channel\/UCuFkVFhY376_zRGfw_0Oy-Q","https:\/\/twitter.com\/Heuer_Cup"],"logo":{"@type":"ImageObject","@id":"https:\/\/heuer-cup.de\/#logo","inLanguage":"en-GB","url":"https:\/\/heuer-cup.de\/wp-content\/uploads\/2019\/01\/logo2.jpg","contentUrl":"https:\/\/heuer-cup.de\/wp-content\/uploads\/2019\/01\/logo2.jpg","width":750,"height":186,"caption":"Heuer Radsport"},"image":{"@id":"https:\/\/heuer-cup.de\/#logo"}},{"@type":"WebSite","@id":"https:\/\/heuer-cup.de\/#website","url":"https:\/\/heuer-cup.de\/","name":"Heuer Radsport","description":"Vollgas! oder einfach: Kette rechts","publisher":{"@id":"https:\/\/heuer-cup.de\/#organization"},"potentialAction":[{"@type":"SearchAction","target":{"@type":"EntryPoint","urlTemplate":"https:\/\/heuer-cup.de\/?s={search_term_string}"},"query-input":"required name=search_term_string"}],"inLanguage":"en-GB"},{"@type":"ImageObject","@id":"https:\/\/heuer-cup.de\/generalausschreibung\/nachwuchsklassen\/#primaryimage","inLanguage":"en-GB","url":"https:\/\/heuer-cup.eu\/userfiles\/images\/Logo_Download\/HeuerCup_Logo_small.jpg","contentUrl":"https:\/\/heuer-cup.eu\/userfiles\/images\/Logo_Download\/HeuerCup_Logo_small.jpg"},{"@type":"WebPage","@id":"https:\/\/heuer-cup.de\/generalausschreibung\/nachwuchsklassen\/#webpage","url":"https:\/\/heuer-cup.de\/generalausschreibung\/nachwuchsklassen\/","name":"Nachwuchsklassen Ausschreibung - HEUER-Cup 2019 -","isPartOf":{"@id":"https:\/\/heuer-cup.de\/#website"},"primaryImageOfPage":{"@id":"https:\/\/heuer-cup.de\/generalausschreibung\/nachwuchsklassen\/#primaryimage"},"datePublished":"2019-08-21T17:28:36+00:00","dateModified":"2020-03-03T03:37:40+00:00","description":"Nachwuchsklassen Ausschreibung - HEUER-Cup 2019 - und zus\u00e4tzliche Informationen wie ein Etappenplan, Einzelwertung, Etappenpreise usw.","breadcrumb":{"@id":"https:\/\/heuer-cup.de\/generalausschreibung\/nachwuchsklassen\/#breadcrumb"},"inLanguage":"en-GB","potentialAction":[{"@type":"ReadAction","target":["https:\/\/heuer-cup.de\/generalausschreibung\/nachwuchsklassen\/"]}]},{"@type":"BreadcrumbList","@id":"https:\/\/heuer-cup.de\/generalausschreibung\/nachwuchsklassen\/#breadcrumb","itemListElement":[{"@type":"ListItem","position":1,"name":"Home","item":"https:\/\/heuer-cup.de\/"},{"@type":"ListItem","position":2,"name":"Generalausschreibung 2019","item":"https:\/\/heuer-cup.de\/generalausschreibung\/"},{"@type":"ListItem","position":3,"name":"Nachwuchsklassen"}]}]}},"_links":{"self":[{"href":"https:\/\/heuer-cup.de\/en\/wp-json\/wp\/v2\/pages\/4041"}],"collection":[{"href":"https:\/\/heuer-cup.de\/en\/wp-json\/wp\/v2\/pages"}],"about":[{"href":"https:\/\/heuer-cup.de\/en\/wp-json\/wp\/v2\/types\/page"}],"author":[{"embeddable":true,"href":"https:\/\/heuer-cup.de\/en\/wp-json\/wp\/v2\/users\/3"}],"replies":[{"embeddable":true,"href":"https:\/\/heuer-cup.de\/en\/wp-json\/wp\/v2\/comments?post=4041"}],"version-history":[{"count":2,"href":"https:\/\/heuer-cup.de\/en\/wp-json\/wp\/v2\/pages\/4041\/revisions"}],"predecessor-version":[{"id":4653,"href":"https:\/\/heuer-cup.de\/en\/wp-json\/wp\/v2\/pages\/4041\/revisions\/4653"}],"up":[{"embeddable":true,"href":"https:\/\/heuer-cup.de\/en\/wp-json\/wp\/v2\/pages\/5645"}],"wp:attachment":[{"href":"https:\/\/heuer-cup.de\/en\/wp-json\/wp\/v2\/media?parent=4041"}],"curies":[{"name":"wp","href":"https:\/\/api.w.org\/{rel}","templated":true}]}}