{"id":3985,"date":"2019-08-18T13:02:53","date_gmt":"2019-08-18T11:02:53","guid":{"rendered":"https:\/\/heuer-cup.de\/?page_id=3985"},"modified":"2020-03-03T04:25:45","modified_gmt":"2020-03-03T03:25:45","slug":"generalausschreibung-2020","status":"publish","type":"page","link":"https:\/\/heuer-cup.de\/en\/generalausschreibung-2020\/","title":{"rendered":"Generalausschreibung 2020"},"content":{"rendered":"<div class=\"vc_row wpb_row vc_row-fluid\"><div class=\"wpb_column vc_column_container vc_col-sm-12\"><div class=\"vc_column-inner\"><div class=\"wpb_wrapper\">\n\t<div class=\"wpb_text_column wpb_content_element\" >\n\t\t<div class=\"wpb_wrapper\">\n\t\t\t<p>Die Generalausschreibung 2020 zur bundesoffenen Rennserie HEUER-Cup in Baden-W\u00fcrttemberg wurde zum 29.02.2020 fertig gestellt und wird die kommenden Tage hier auf der Seite ver\u00f6ffentlicht. Wir bitten noch um ein klein wenig Geduld.<\/p>\n<p>Hier die Ausschreibungen als Link zum Download:<\/p>\n<p style=\"text-align: center;\"><a href=\"https:\/\/heuer-cup.de\/wp-content\/uploads\/Ausschreibung\/HEUER-Cup-2020_Nachwuchsklassen.pdf\" target=\"_blank\" rel=\"noopener noreferrer\"><strong>NACHWUCHS<\/strong><\/a><\/p>\n<p style=\"text-align: center;\"><a href=\"https:\/\/heuer-cup.de\/wp-content\/uploads\/Ausschreibung\/Heuer-Cup-2020_Elite-Frauen.pdf\" target=\"_blank\" rel=\"noopener noreferrer\"><strong>FRAUEN<\/strong><\/a><\/p>\n<p style=\"text-align: center;\"><a href=\"https:\/\/heuer-cup.de\/wp-content\/uploads\/Ausschreibung\/HEUER-Cup-2020_Amateure-Jedermann.pdf\" target=\"_blank\" rel=\"noopener noreferrer\"><strong>AMATEURE \/ JEDERMANN<\/strong><\/a><\/p>\n<p style=\"text-align: center;\"><a href=\"https:\/\/heuer-cup.de\/wp-content\/uploads\/Ausschreibung\/HEUER-Cup-2020_EliteAmateure.pdf\" target=\"_blank\" rel=\"noopener noreferrer\"><strong>ELITE-AMATEURE<\/strong><\/a><\/p>\n<p style=\"text-align: center;\"><a href=\"https:\/\/heuer-cup.de\/wp-content\/uploads\/Ausschreibung\/HEUER-Cup-2020_Senioren.pdf\" target=\"_blank\" rel=\"noopener noreferrer\"><strong>SENIOREN 2 \/ 3 \/ 4<\/strong><\/a><\/p>\n<p style=\"text-align: center;\"><strong><br \/>\nIn allen Klassen wird der Titel Baden-W\u00fcrttembergischer Mannschaftsmeister durch die Gesamtmannschaftswertung vergeben. In der Nachwuchsklasse ist dies der Baden-W\u00fcrttembergische Vereinsmeister. Der Titel wird an den besten Verein aus Baden-W\u00fcrttemberg vergeben.<br \/>\n<\/strong><\/p>\n<p><strong>Hier geht es zur Anmeldung:<\/strong><\/p>\n<p><a href=\"https:\/\/heuer-cup.de\/wp-content\/uploads\/Ausschreibung\/Anmeldeformular_heuer-cup2020.zip\"><img loading=\"lazy\" class=\"wp-image-5689 aligncenter\" src=\"https:\/\/heuer-cup.de\/wp-content\/uploads\/Ausschreibung\/Meldung-HEUER-Cup.jpg\" alt=\"Anmeldeformular HEUER-Cup\" width=\"500\" height=\"242\" srcset=\"https:\/\/heuer-cup.de\/wp-content\/uploads\/Ausschreibung\/Meldung-HEUER-Cup.jpg 615w, https:\/\/heuer-cup.de\/wp-content\/uploads\/Ausschreibung\/Meldung-HEUER-Cup-300x145.jpg 300w, https:\/\/heuer-cup.de\/wp-content\/uploads\/Ausschreibung\/Meldung-HEUER-Cup-600x291.jpg 600w\" sizes=\"(max-width: 500px) 92vw, 500px\" \/><\/a><\/p>\n<p>&nbsp;<\/p>\n<p><strong>Anmerkung f\u00fcr alle Klassen:<\/strong><\/p>\n<p>Die Gewinner des HEUER-Cup 2019 d\u00fcrfen das F\u00fchrungstrikot bei Ihrer jeweiligen ersten Etappe in <strong>Bruchsal<\/strong> oder f\u00fcr die Frauen und Junioeren in <strong>Sch\u00f6naich<\/strong>\u00a0tragen.<\/p>\n<p>&nbsp;<\/p>\n<p><strong>Anmerkung f\u00fcr das Event RiderMan:<\/strong><\/p>\n<p>Das Highlight f\u00fcr den Nachwuchs ist der RiderMan mit zwei gro\u00dfen Stra\u00dfenrennen durch den Schwarzwald, die im Rahmen des gro\u00dfen Jedermannrennens stattfinden. Im vergangen Jahr durften die Nachwuchsfahrer in einem Pilotprojekt beim RiderMan erstmals in einem eigenen Lizenzrennen starten. Die vielen positiven R\u00fcckmeldungen haben uns motiviert, das Angebot zu erweitern. Selektive Kurse professionell organisiert ist das, was den RiderMan auszeichnet.<\/p>\n<p>Die U17 m\u00e4nnlich starten am 19. und 20. September, die U19 m\u00e4nnlich und U19 weiblich nur am 20. September 2020. Alle HEUER-Cup Fahrer m\u00fcssen gem\u00e4\u00df Generalausschreibung 2020 f\u00fcr den RiderMan wieder separat melden. Bitte hierf\u00fcr das Excel-sheet verwenden.<br \/>\nIn der Wertung sind die Elite-Amateure, Amateure zusammen mit den Jederm\u00e4nnern, Frauen und Seniorenklassen wenn alle 3 Etappen des RiderMan gefahren und gewertet wurden.<\/p>\n<p>Separate Anmeldung f\u00fcr den\u00a0<strong>RiderMan:<\/strong><\/p>\n<p><img loading=\"lazy\" class=\"wp-image-5697 aligncenter\" src=\"https:\/\/heuer-cup.de\/wp-content\/uploads\/Ausschreibung\/Meldung-RiderMan.jpg\" alt=\"Meldung RiderMan\" width=\"500\" height=\"223\" srcset=\"https:\/\/heuer-cup.de\/wp-content\/uploads\/Ausschreibung\/Meldung-RiderMan.jpg 764w, https:\/\/heuer-cup.de\/wp-content\/uploads\/Ausschreibung\/Meldung-RiderMan-300x134.jpg 300w, https:\/\/heuer-cup.de\/wp-content\/uploads\/Ausschreibung\/Meldung-RiderMan-600x267.jpg 600w\" sizes=\"(max-width: 500px) 92vw, 500px\" \/><\/p>\n<p><strong>Startlisten<\/strong><\/p>\n<p>Die Startlisten ver\u00f6ffentlichen wir kurz nach dem Meldeschluss.<\/p>\n<p><strong>In der Rennserie in Baden-W\u00fcrttemberg zum HEUER-Cup sind nachfolgende Klassen am Start:<\/strong><\/p>\n<div class=\"tplge_submenu\">\n<h4><\/h4>\n<ul class=\"submenu\">\n<li class=\"doc\"><a href=\"https:\/\/heuer-cup.de\/en\/generalausschreibung-2020\/nachwuchsklassen-2020\/\">Nachwuchsklassen<\/a><\/li>\n<li class=\"doc\"><a href=\"https:\/\/heuer-cup.de\/en\/generalausschreibung-2020\/elite-frauen-2020\/\">Frauen<\/a><\/li>\n<li class=\"doc\"><a href=\"https:\/\/heuer-cup.de\/en\/generalausschreibung-2020\/amateure-jedermann-2020\/\">Amateure \/ Jedermann<\/a><\/li>\n<li class=\"doc\"><a href=\"https:\/\/heuer-cup.de\/en\/generalausschreibung-2020\/eliteamateure-2020\/\">Elite-Amateure<\/a><\/li>\n<li class=\"doc\"><a href=\"https:\/\/heuer-cup.de\/en\/generalausschreibung-2020\/seniorenliga-2020\/\">Senioren 2 \/ 3 \/ 4<\/a><\/li>\n<\/ul>\n<\/div>\n\n\t\t<\/div>\n\t<\/div>\n<\/div><\/div><\/div><\/div>","protected":false},"excerpt":{"rendered":"Die Generalausschreibung 2020 zur bundesoffenen Rennserie HEUER-Cup in Baden-W\u00fcrttemberg wurde zum 29.02.2020 fertig gestellt und wird die kommenden Tage hier auf der Seite ver\u00f6ffentlicht. Wir bitten noch um ein klein wenig Geduld. Hier die Ausschreibungen als Link zum Download: NACHWUCHS FRAUEN AMATEURE \/ JEDERMANN ELITE-AMATEURE SENIOREN 2 \/ 3 \/ 4 In allen Klassen wird [...]","protected":false},"author":3,"featured_media":0,"parent":0,"menu_order":0,"comment_status":"closed","ping_status":"closed","template":"","meta":[],"yoast_head":"<!-- This site is optimized with the Yoast SEO plugin v16.9 - https:\/\/yoast.com\/wordpress\/plugins\/seo\/ -->\n<title>Generalausschreibung 2020 zum Heuer-Cup in allen Rennklassen<\/title>\n<meta name=\"description\" content=\"Die Generalausschreibung 2020 zur bundesoffenen Rennserie HEUER-Cup in Baden-W\u00fcrttemberg ist p\u00fcnktlich hier zum Download in den einzelnen Klassen\" \/>\n<meta name=\"robots\" content=\"index, follow, max-snippet:-1, max-image-preview:large, max-video-preview:-1\" \/>\n<link rel=\"canonical\" href=\"https:\/\/heuer-cup.de\/en\/generalausschreibung-2020\/\" \/>\n<meta property=\"og:locale\" content=\"en_GB\" \/>\n<meta property=\"og:type\" content=\"article\" \/>\n<meta property=\"og:title\" content=\"Generalausschreibung 2020 zum Heuer-Cup in allen Rennklassen\" \/>\n<meta property=\"og:description\" content=\"Die Generalausschreibung 2020 zur bundesoffenen Rennserie HEUER-Cup in Baden-W\u00fcrttemberg ist p\u00fcnktlich hier zum Download in den einzelnen Klassen\" \/>\n<meta property=\"og:url\" content=\"https:\/\/heuer-cup.de\/en\/generalausschreibung-2020\/\" \/>\n<meta property=\"og:site_name\" content=\"HEUER-Cup\" \/>\n<meta property=\"article:publisher\" content=\"https:\/\/www.facebook.com\/HeuerCup\/\" \/>\n<meta property=\"article:modified_time\" content=\"2020-03-03T03:25:45+00:00\" \/>\n<meta property=\"og:image\" content=\"https:\/\/heuer-cup.de\/wp-content\/uploads\/Ausschreibung\/Meldung-HEUER-Cup.jpg\" \/>\n<meta name=\"twitter:card\" content=\"summary_large_image\" \/>\n<meta name=\"twitter:site\" content=\"@Heuer_Cup\" \/>\n<meta name=\"twitter:label1\" content=\"Estimated reading time\" \/>\n\t<meta name=\"twitter:data1\" content=\"1 minute\" \/>\n<script type=\"application\/ld+json\" class=\"yoast-schema-graph\">{\"@context\":\"https:\/\/schema.org\",\"@graph\":[{\"@type\":\"Organization\",\"@id\":\"https:\/\/heuer-cup.de\/#organization\",\"name\":\"Heuer Radsport\",\"url\":\"https:\/\/heuer-cup.de\/\",\"sameAs\":[\"https:\/\/www.facebook.com\/HeuerCup\/\",\"https:\/\/www.instagram.com\/heuer_cup\/\",\"https:\/\/www.youtube.com\/channel\/UCuFkVFhY376_zRGfw_0Oy-Q\",\"https:\/\/twitter.com\/Heuer_Cup\"],\"logo\":{\"@type\":\"ImageObject\",\"@id\":\"https:\/\/heuer-cup.de\/#logo\",\"inLanguage\":\"en-GB\",\"url\":\"https:\/\/heuer-cup.de\/wp-content\/uploads\/2019\/01\/logo2.jpg\",\"contentUrl\":\"https:\/\/heuer-cup.de\/wp-content\/uploads\/2019\/01\/logo2.jpg\",\"width\":750,\"height\":186,\"caption\":\"Heuer Radsport\"},\"image\":{\"@id\":\"https:\/\/heuer-cup.de\/#logo\"}},{\"@type\":\"WebSite\",\"@id\":\"https:\/\/heuer-cup.de\/#website\",\"url\":\"https:\/\/heuer-cup.de\/\",\"name\":\"Heuer Radsport\",\"description\":\"Vollgas! oder einfach: Kette rechts\",\"publisher\":{\"@id\":\"https:\/\/heuer-cup.de\/#organization\"},\"potentialAction\":[{\"@type\":\"SearchAction\",\"target\":{\"@type\":\"EntryPoint\",\"urlTemplate\":\"https:\/\/heuer-cup.de\/?s={search_term_string}\"},\"query-input\":\"required name=search_term_string\"}],\"inLanguage\":\"en-GB\"},{\"@type\":\"ImageObject\",\"@id\":\"https:\/\/heuer-cup.de\/generalausschreibung-2020\/#primaryimage\",\"inLanguage\":\"en-GB\",\"url\":\"https:\/\/heuer-cup.de\/wp-content\/uploads\/Ausschreibung\/Meldung-HEUER-Cup.jpg\",\"contentUrl\":\"https:\/\/heuer-cup.de\/wp-content\/uploads\/Ausschreibung\/Meldung-HEUER-Cup.jpg\",\"width\":615,\"height\":298},{\"@type\":\"WebPage\",\"@id\":\"https:\/\/heuer-cup.de\/generalausschreibung-2020\/#webpage\",\"url\":\"https:\/\/heuer-cup.de\/generalausschreibung-2020\/\",\"name\":\"Generalausschreibung 2020 zum Heuer-Cup in allen Rennklassen\",\"isPartOf\":{\"@id\":\"https:\/\/heuer-cup.de\/#website\"},\"primaryImageOfPage\":{\"@id\":\"https:\/\/heuer-cup.de\/generalausschreibung-2020\/#primaryimage\"},\"datePublished\":\"2019-08-18T11:02:53+00:00\",\"dateModified\":\"2020-03-03T03:25:45+00:00\",\"description\":\"Die Generalausschreibung 2020 zur bundesoffenen Rennserie HEUER-Cup in Baden-W\\u00fcrttemberg ist p\\u00fcnktlich hier zum Download in den einzelnen Klassen\",\"breadcrumb\":{\"@id\":\"https:\/\/heuer-cup.de\/generalausschreibung-2020\/#breadcrumb\"},\"inLanguage\":\"en-GB\",\"potentialAction\":[{\"@type\":\"ReadAction\",\"target\":[\"https:\/\/heuer-cup.de\/generalausschreibung-2020\/\"]}]},{\"@type\":\"BreadcrumbList\",\"@id\":\"https:\/\/heuer-cup.de\/generalausschreibung-2020\/#breadcrumb\",\"itemListElement\":[{\"@type\":\"ListItem\",\"position\":1,\"name\":\"Home\",\"item\":\"https:\/\/heuer-cup.de\/\"},{\"@type\":\"ListItem\",\"position\":2,\"name\":\"Generalausschreibung 2020\"}]}]}<\/script>\n<!-- \/ Yoast SEO plugin. -->","yoast_head_json":{"title":"Generalausschreibung 2020 zum Heuer-Cup in allen Rennklassen","description":"Die Generalausschreibung 2020 zur bundesoffenen Rennserie HEUER-Cup in Baden-W\u00fcrttemberg ist p\u00fcnktlich hier zum Download in den einzelnen Klassen","robots":{"index":"index","follow":"follow","max-snippet":"max-snippet:-1","max-image-preview":"max-image-preview:large","max-video-preview":"max-video-preview:-1"},"canonical":"https:\/\/heuer-cup.de\/en\/generalausschreibung-2020\/","og_locale":"en_GB","og_type":"article","og_title":"Generalausschreibung 2020 zum Heuer-Cup in allen Rennklassen","og_description":"Die Generalausschreibung 2020 zur bundesoffenen Rennserie HEUER-Cup in Baden-W\u00fcrttemberg ist p\u00fcnktlich hier zum Download in den einzelnen Klassen","og_url":"https:\/\/heuer-cup.de\/en\/generalausschreibung-2020\/","og_site_name":"HEUER-Cup","article_publisher":"https:\/\/www.facebook.com\/HeuerCup\/","article_modified_time":"2020-03-03T03:25:45+00:00","og_image":[{"url":"https:\/\/heuer-cup.de\/wp-content\/uploads\/Ausschreibung\/Meldung-HEUER-Cup.jpg"}],"twitter_card":"summary_large_image","twitter_site":"@Heuer_Cup","twitter_misc":{"Estimated reading time":"1 minute"},"schema":{"@context":"https:\/\/schema.org","@graph":[{"@type":"Organization","@id":"https:\/\/heuer-cup.de\/#organization","name":"Heuer Radsport","url":"https:\/\/heuer-cup.de\/","sameAs":["https:\/\/www.facebook.com\/HeuerCup\/","https:\/\/www.instagram.com\/heuer_cup\/","https:\/\/www.youtube.com\/channel\/UCuFkVFhY376_zRGfw_0Oy-Q","https:\/\/twitter.com\/Heuer_Cup"],"logo":{"@type":"ImageObject","@id":"https:\/\/heuer-cup.de\/#logo","inLanguage":"en-GB","url":"https:\/\/heuer-cup.de\/wp-content\/uploads\/2019\/01\/logo2.jpg","contentUrl":"https:\/\/heuer-cup.de\/wp-content\/uploads\/2019\/01\/logo2.jpg","width":750,"height":186,"caption":"Heuer Radsport"},"image":{"@id":"https:\/\/heuer-cup.de\/#logo"}},{"@type":"WebSite","@id":"https:\/\/heuer-cup.de\/#website","url":"https:\/\/heuer-cup.de\/","name":"Heuer Radsport","description":"Vollgas! oder einfach: Kette rechts","publisher":{"@id":"https:\/\/heuer-cup.de\/#organization"},"potentialAction":[{"@type":"SearchAction","target":{"@type":"EntryPoint","urlTemplate":"https:\/\/heuer-cup.de\/?s={search_term_string}"},"query-input":"required name=search_term_string"}],"inLanguage":"en-GB"},{"@type":"ImageObject","@id":"https:\/\/heuer-cup.de\/generalausschreibung-2020\/#primaryimage","inLanguage":"en-GB","url":"https:\/\/heuer-cup.de\/wp-content\/uploads\/Ausschreibung\/Meldung-HEUER-Cup.jpg","contentUrl":"https:\/\/heuer-cup.de\/wp-content\/uploads\/Ausschreibung\/Meldung-HEUER-Cup.jpg","width":615,"height":298},{"@type":"WebPage","@id":"https:\/\/heuer-cup.de\/generalausschreibung-2020\/#webpage","url":"https:\/\/heuer-cup.de\/generalausschreibung-2020\/","name":"Generalausschreibung 2020 zum Heuer-Cup in allen Rennklassen","isPartOf":{"@id":"https:\/\/heuer-cup.de\/#website"},"primaryImageOfPage":{"@id":"https:\/\/heuer-cup.de\/generalausschreibung-2020\/#primaryimage"},"datePublished":"2019-08-18T11:02:53+00:00","dateModified":"2020-03-03T03:25:45+00:00","description":"Die Generalausschreibung 2020 zur bundesoffenen Rennserie HEUER-Cup in Baden-W\u00fcrttemberg ist p\u00fcnktlich hier zum Download in den einzelnen Klassen","breadcrumb":{"@id":"https:\/\/heuer-cup.de\/generalausschreibung-2020\/#breadcrumb"},"inLanguage":"en-GB","potentialAction":[{"@type":"ReadAction","target":["https:\/\/heuer-cup.de\/generalausschreibung-2020\/"]}]},{"@type":"BreadcrumbList","@id":"https:\/\/heuer-cup.de\/generalausschreibung-2020\/#breadcrumb","itemListElement":[{"@type":"ListItem","position":1,"name":"Home","item":"https:\/\/heuer-cup.de\/"},{"@type":"ListItem","position":2,"name":"Generalausschreibung 2020"}]}]}},"_links":{"self":[{"href":"https:\/\/heuer-cup.de\/en\/wp-json\/wp\/v2\/pages\/3985"}],"collection":[{"href":"https:\/\/heuer-cup.de\/en\/wp-json\/wp\/v2\/pages"}],"about":[{"href":"https:\/\/heuer-cup.de\/en\/wp-json\/wp\/v2\/types\/page"}],"author":[{"embeddable":true,"href":"https:\/\/heuer-cup.de\/en\/wp-json\/wp\/v2\/users\/3"}],"replies":[{"embeddable":true,"href":"https:\/\/heuer-cup.de\/en\/wp-json\/wp\/v2\/comments?post=3985"}],"version-history":[{"count":40,"href":"https:\/\/heuer-cup.de\/en\/wp-json\/wp\/v2\/pages\/3985\/revisions"}],"predecessor-version":[{"id":5759,"href":"https:\/\/heuer-cup.de\/en\/wp-json\/wp\/v2\/pages\/3985\/revisions\/5759"}],"wp:attachment":[{"href":"https:\/\/heuer-cup.de\/en\/wp-json\/wp\/v2\/media?parent=3985"}],"curies":[{"name":"wp","href":"https:\/\/api.w.org\/{rel}","templated":true}]}}