{"id":2122,"date":"2018-12-19T10:29:45","date_gmt":"2018-12-19T09:29:45","guid":{"rendered":"http:\/\/bikeway.themes.zone\/?page_id=2122"},"modified":"2019-09-09T13:58:30","modified_gmt":"2019-09-09T11:58:30","slug":"about-us","status":"publish","type":"page","link":"https:\/\/heuer-cup.de\/en\/kontakt\/about-us\/","title":{"rendered":"\u00fcber uns"},"content":{"rendered":"<div class=\"vc_row wpb_row vc_row-fluid vc_custom_1482143965831 vc_row-has-fill\"><div class=\"wpb_column vc_column_container vc_col-sm-12 vc_col-lg-8 vc_col-md-8 vc_col-xs-12 vc_col-has-fill\"><div class=\"vc_column-inner vc_custom_1493903527041\"><div class=\"wpb_wrapper\"><h3 style=\"font-size: 30px;text-align: left\" class=\"vc_custom_heading\" >unsere Radsportgruppe<\/h3>\n\t<div class=\"wpb_text_column wpb_content_element\" >\n\t\t<div class=\"wpb_wrapper\">\n\t\t\t<p>Gemeinsam arbeiten und zusammen Radfahren, so f\u00e4llt das Arbeiten leicht oder das Hobby wird Teil des Berufs&#8230;. Unsere Radevents:<\/p>\n<ul>\n<li>Rundfahrten: Bodensee-Radmarathon, Fichtelberg-Marathon, Arlberg-Giro u.v.m<\/li>\n<li>Trainingslager mit Jochen Dornbusch auf Mallorca<\/li>\n<li>Herausforderungen: Bimbach 400, \u00d6tztaler, Tannheimer Tal<\/li>\n<li>unser Engagement: HEUER-Cup<\/li>\n<li>unser Hobby: Feierabendrunde auf der Hausstrecke<\/li>\n<\/ul>\n<p>Wir suchen immer Mitstreiter und Unterst\u00fctzer! joachim (\u00e4d) heuer-radsport (dot) de<\/p>\n\n\t\t<\/div>\n\t<\/div>\n<\/div><\/div><\/div><div class=\"wpb_column vc_column_container vc_col-sm-4 vc_hidden-sm vc_hidden-xs vc_col-has-fill\"><div class=\"vc_column-inner vc_custom_1493903468858\"><div class=\"wpb_wrapper\">\n\t<div  class=\"wpb_single_image wpb_content_element vc_align_left  vc_custom_1545489456405\">\n\t\t\n\t\t<figure class=\"wpb_wrapper vc_figure\">\n\t\t\t<div class=\"vc_single_image-wrapper   vc_box_border_grey\"><img width=\"1000\" height=\"667\" src=\"https:\/\/heuer-cup.de\/wp-content\/uploads\/diveres\/sportograf-107778813-e1545489318892.jpg\" class=\"vc_single_image-img attachment-large\" alt=\"Heuer beim Bodenseemarathon\" loading=\"lazy\" srcset=\"https:\/\/heuer-cup.de\/wp-content\/uploads\/diveres\/sportograf-107778813-e1545489318892.jpg 1000w, https:\/\/heuer-cup.de\/wp-content\/uploads\/diveres\/sportograf-107778813-e1545489318892-300x200.jpg 300w, https:\/\/heuer-cup.de\/wp-content\/uploads\/diveres\/sportograf-107778813-e1545489318892-768x512.jpg 768w, https:\/\/heuer-cup.de\/wp-content\/uploads\/diveres\/sportograf-107778813-e1545489318892-360x240.jpg 360w, https:\/\/heuer-cup.de\/wp-content\/uploads\/diveres\/sportograf-107778813-e1545489318892-555x370.jpg 555w, https:\/\/heuer-cup.de\/wp-content\/uploads\/diveres\/sportograf-107778813-e1545489318892-600x400.jpg 600w\" sizes=\"(max-width: 768px) 92vw, (max-width: 992px) 718px, (max-width: 1200px) 938px, 1138px\" \/><\/div>\n\t\t<\/figure>\n\t<\/div>\n<\/div><\/div><\/div><\/div><div class=\"vc_row wpb_row vc_row-fluid vc_custom_1482143965831 vc_row-has-fill\"><div class=\"wpb_column vc_column_container vc_col-sm-12 vc_col-lg-8 vc_col-md-8 vc_col-xs-12 vc_col-has-fill\"><div class=\"vc_column-inner vc_custom_1493903527041\"><div class=\"wpb_wrapper\"><h3 style=\"font-size: 30px;text-align: left\" class=\"vc_custom_heading\" >unser Engagement<\/h3>\n\t<div class=\"wpb_text_column wpb_content_element\" >\n\t\t<div class=\"wpb_wrapper\">\n\t\t\t<p>Wir unterst\u00fctzen aktiv den Nachwuchs im Radsport auf der Stra\u00dfe. In den Jahren 2017 und 2018 haben wir das Bundesliga-Team im weiblichen Nachwuchs unter der Leitung von Jochen Dornbusch unterst\u00fctzt. Die Liste der Erfolge war beachtlich. Wir begl\u00fcckw\u00fcnschen die Sportler zu Ihren Leistungen.<\/p>\n\n\t\t<\/div>\n\t<\/div>\n<\/div><\/div><\/div><div class=\"wpb_column vc_column_container vc_col-sm-4 vc_hidden-sm vc_hidden-xs vc_col-has-fill\"><div class=\"vc_column-inner vc_custom_1493903468858\"><div class=\"wpb_wrapper\">\n\t<div  class=\"wpb_single_image wpb_content_element vc_align_left  vc_custom_1545489056233\">\n\t\t\n\t\t<figure class=\"wpb_wrapper vc_figure\">\n\t\t\t<div class=\"vc_single_image-wrapper   vc_box_border_grey\"><img width=\"1008\" height=\"756\" src=\"https:\/\/heuer-cup.de\/wp-content\/uploads\/diveres\/M\u00e4dels-mit-Jo-e1545488872590.jpg\" class=\"vc_single_image-img attachment-large\" alt=\"\" loading=\"lazy\" srcset=\"https:\/\/heuer-cup.de\/wp-content\/uploads\/diveres\/M\u00e4dels-mit-Jo-e1545488872590.jpg 1008w, https:\/\/heuer-cup.de\/wp-content\/uploads\/diveres\/M\u00e4dels-mit-Jo-e1545488872590-300x225.jpg 300w, https:\/\/heuer-cup.de\/wp-content\/uploads\/diveres\/M\u00e4dels-mit-Jo-e1545488872590-768x576.jpg 768w, https:\/\/heuer-cup.de\/wp-content\/uploads\/diveres\/M\u00e4dels-mit-Jo-e1545488872590-265x200.jpg 265w, https:\/\/heuer-cup.de\/wp-content\/uploads\/diveres\/M\u00e4dels-mit-Jo-e1545488872590-600x450.jpg 600w\" sizes=\"(max-width: 768px) 92vw, (max-width: 992px) 718px, (max-width: 1200px) 938px, 1138px\" \/><\/div>\n\t\t<\/figure>\n\t<\/div>\n<\/div><\/div><\/div><\/div><div class=\"vc_row wpb_row vc_row-fluid\"><div class=\"wpb_column vc_column_container vc_col-sm-12\"><div class=\"vc_column-inner\"><div class=\"wpb_wrapper\"><h3 style=\"font-size: 30px;text-align: left\" class=\"vc_custom_heading\" >HOW WE WORK<\/h3><\/div><\/div><\/div><\/div><div class=\"vc_row wpb_row vc_row-fluid\"><div class=\"wpb_column vc_column_container vc_col-sm-12\"><div class=\"vc_column-inner\"><div class=\"wpb_wrapper\"><!-- vc_grid start -->\n<div class=\"vc_grid-container-wrapper vc_clearfix\" >\n\t<div class=\"vc_grid-container vc_clearfix wpb_content_element vc_masonry_media_grid\" data-initial-loading-animation=\"fadeIn\" data-vc-grid-settings=\"{&quot;page_id&quot;:2122,&quot;style&quot;:&quot;all-masonry&quot;,&quot;action&quot;:&quot;vc_get_vc_grid_data&quot;,&quot;shortcode_id&quot;:&quot;1550615001695-3f72889c-cc31-3&quot;,&quot;tag&quot;:&quot;vc_masonry_media_grid&quot;}\" data-vc-request=\"https:\/\/heuer-cup.de\/wp-admin\/admin-ajax.php\" data-vc-post-id=\"2122\" data-vc-public-nonce=\"438c77e1d6\">\n\t\t\t<\/div>\n<\/div><!-- vc_grid end -->\n<\/div><\/div><\/div><\/div><div class=\"vc_row wpb_row vc_row-fluid\"><div class=\"wpb_column vc_column_container vc_col-sm-12\"><div class=\"vc_column-inner\"><div class=\"wpb_wrapper\"><div  class=\"wpb_widgetised_column wpb_content_element\">\n\t\t<div class=\"wpb_wrapper\">\n\t\t\t\n\t\t\t\n\t\t<\/div>\n\t<\/div>\n<\/div><\/div><\/div><\/div>","protected":false},"excerpt":{"rendered":"unsere Radsportgruppe Gemeinsam arbeiten und zusammen Radfahren, so f\u00e4llt das Arbeiten leicht oder das Hobby wird Teil des Berufs.... Unsere Radevents: Rundfahrten: Bodensee-Radmarathon, Fichtelberg-Marathon, Arlberg-Giro u.v.m Trainingslager mit Jochen Dornbusch auf Mallorca Herausforderungen: Bimbach 400, \u00d6tztaler, Tannheimer Tal unser Engagement: HEUER-Cup unser Hobby: Feierabendrunde auf der Hausstrecke Wir suchen immer Mitstreiter und Unterst\u00fctzer! joachim (\u00e4d) [...]","protected":false},"author":3,"featured_media":0,"parent":2841,"menu_order":0,"comment_status":"closed","ping_status":"closed","template":"","meta":[],"yoast_head":"<!-- This site is optimized with the Yoast SEO plugin v16.9 - https:\/\/yoast.com\/wordpress\/plugins\/seo\/ -->\n<title>Unsere Radsportgruppe - wir sind leidenschaftliche Sportler<\/title>\n<meta name=\"description\" content=\"Unsere Radsportgruppe - wir sind leidenschaftliche Sportler. Gemeinsam arbeiten und zusammen Radfahren, so f\u00e4llt das Arbeiten leicht.\" \/>\n<meta name=\"robots\" content=\"index, follow, max-snippet:-1, max-image-preview:large, max-video-preview:-1\" \/>\n<link rel=\"canonical\" href=\"https:\/\/heuer-cup.de\/en\/kontakt\/about-us\/\" \/>\n<meta property=\"og:locale\" content=\"en_GB\" \/>\n<meta property=\"og:type\" content=\"article\" \/>\n<meta property=\"og:title\" content=\"Unsere Radsportgruppe - wir sind leidenschaftliche Sportler\" \/>\n<meta property=\"og:description\" content=\"Unsere Radsportgruppe - wir sind leidenschaftliche Sportler. Gemeinsam arbeiten und zusammen Radfahren, so f\u00e4llt das Arbeiten leicht.\" \/>\n<meta property=\"og:url\" content=\"https:\/\/heuer-cup.de\/en\/kontakt\/about-us\/\" \/>\n<meta property=\"og:site_name\" content=\"HEUER-Cup\" \/>\n<meta property=\"article:publisher\" content=\"https:\/\/www.facebook.com\/HeuerCup\/\" \/>\n<meta property=\"article:modified_time\" content=\"2019-09-09T11:58:30+00:00\" \/>\n<meta name=\"twitter:card\" content=\"summary_large_image\" \/>\n<meta name=\"twitter:site\" content=\"@Heuer_Cup\" \/>\n<meta name=\"twitter:label1\" content=\"Estimated reading time\" \/>\n\t<meta name=\"twitter:data1\" content=\"3 minutes\" \/>\n<script type=\"application\/ld+json\" class=\"yoast-schema-graph\">{\"@context\":\"https:\/\/schema.org\",\"@graph\":[{\"@type\":\"Organization\",\"@id\":\"https:\/\/heuer-cup.de\/#organization\",\"name\":\"Heuer Radsport\",\"url\":\"https:\/\/heuer-cup.de\/\",\"sameAs\":[\"https:\/\/www.facebook.com\/HeuerCup\/\",\"https:\/\/www.instagram.com\/heuer_cup\/\",\"https:\/\/www.youtube.com\/channel\/UCuFkVFhY376_zRGfw_0Oy-Q\",\"https:\/\/twitter.com\/Heuer_Cup\"],\"logo\":{\"@type\":\"ImageObject\",\"@id\":\"https:\/\/heuer-cup.de\/#logo\",\"inLanguage\":\"en-GB\",\"url\":\"https:\/\/heuer-cup.de\/wp-content\/uploads\/2019\/01\/logo2.jpg\",\"contentUrl\":\"https:\/\/heuer-cup.de\/wp-content\/uploads\/2019\/01\/logo2.jpg\",\"width\":750,\"height\":186,\"caption\":\"Heuer Radsport\"},\"image\":{\"@id\":\"https:\/\/heuer-cup.de\/#logo\"}},{\"@type\":\"WebSite\",\"@id\":\"https:\/\/heuer-cup.de\/#website\",\"url\":\"https:\/\/heuer-cup.de\/\",\"name\":\"Heuer Radsport\",\"description\":\"Vollgas! oder einfach: Kette rechts\",\"publisher\":{\"@id\":\"https:\/\/heuer-cup.de\/#organization\"},\"potentialAction\":[{\"@type\":\"SearchAction\",\"target\":{\"@type\":\"EntryPoint\",\"urlTemplate\":\"https:\/\/heuer-cup.de\/?s={search_term_string}\"},\"query-input\":\"required name=search_term_string\"}],\"inLanguage\":\"en-GB\"},{\"@type\":\"WebPage\",\"@id\":\"https:\/\/heuer-cup.de\/kontakt\/about-us\/#webpage\",\"url\":\"https:\/\/heuer-cup.de\/kontakt\/about-us\/\",\"name\":\"Unsere Radsportgruppe - wir sind leidenschaftliche Sportler\",\"isPartOf\":{\"@id\":\"https:\/\/heuer-cup.de\/#website\"},\"datePublished\":\"2018-12-19T09:29:45+00:00\",\"dateModified\":\"2019-09-09T11:58:30+00:00\",\"description\":\"Unsere Radsportgruppe - wir sind leidenschaftliche Sportler. Gemeinsam arbeiten und zusammen Radfahren, so f\\u00e4llt das Arbeiten leicht.\",\"breadcrumb\":{\"@id\":\"https:\/\/heuer-cup.de\/kontakt\/about-us\/#breadcrumb\"},\"inLanguage\":\"en-GB\",\"potentialAction\":[{\"@type\":\"ReadAction\",\"target\":[\"https:\/\/heuer-cup.de\/kontakt\/about-us\/\"]}]},{\"@type\":\"BreadcrumbList\",\"@id\":\"https:\/\/heuer-cup.de\/kontakt\/about-us\/#breadcrumb\",\"itemListElement\":[{\"@type\":\"ListItem\",\"position\":1,\"name\":\"Home\",\"item\":\"https:\/\/heuer-cup.de\/\"},{\"@type\":\"ListItem\",\"position\":2,\"name\":\"Ihr Kontakt zu uns\",\"item\":\"https:\/\/heuer-cup.de\/kontakt\/\"},{\"@type\":\"ListItem\",\"position\":3,\"name\":\"\\u00fcber uns\"}]}]}<\/script>\n<!-- \/ Yoast SEO plugin. -->","yoast_head_json":{"title":"Unsere Radsportgruppe - wir sind leidenschaftliche Sportler","description":"Unsere Radsportgruppe - wir sind leidenschaftliche Sportler. Gemeinsam arbeiten und zusammen Radfahren, so f\u00e4llt das Arbeiten leicht.","robots":{"index":"index","follow":"follow","max-snippet":"max-snippet:-1","max-image-preview":"max-image-preview:large","max-video-preview":"max-video-preview:-1"},"canonical":"https:\/\/heuer-cup.de\/en\/kontakt\/about-us\/","og_locale":"en_GB","og_type":"article","og_title":"Unsere Radsportgruppe - wir sind leidenschaftliche Sportler","og_description":"Unsere Radsportgruppe - wir sind leidenschaftliche Sportler. Gemeinsam arbeiten und zusammen Radfahren, so f\u00e4llt das Arbeiten leicht.","og_url":"https:\/\/heuer-cup.de\/en\/kontakt\/about-us\/","og_site_name":"HEUER-Cup","article_publisher":"https:\/\/www.facebook.com\/HeuerCup\/","article_modified_time":"2019-09-09T11:58:30+00:00","twitter_card":"summary_large_image","twitter_site":"@Heuer_Cup","twitter_misc":{"Estimated reading time":"3 minutes"},"schema":{"@context":"https:\/\/schema.org","@graph":[{"@type":"Organization","@id":"https:\/\/heuer-cup.de\/#organization","name":"Heuer Radsport","url":"https:\/\/heuer-cup.de\/","sameAs":["https:\/\/www.facebook.com\/HeuerCup\/","https:\/\/www.instagram.com\/heuer_cup\/","https:\/\/www.youtube.com\/channel\/UCuFkVFhY376_zRGfw_0Oy-Q","https:\/\/twitter.com\/Heuer_Cup"],"logo":{"@type":"ImageObject","@id":"https:\/\/heuer-cup.de\/#logo","inLanguage":"en-GB","url":"https:\/\/heuer-cup.de\/wp-content\/uploads\/2019\/01\/logo2.jpg","contentUrl":"https:\/\/heuer-cup.de\/wp-content\/uploads\/2019\/01\/logo2.jpg","width":750,"height":186,"caption":"Heuer Radsport"},"image":{"@id":"https:\/\/heuer-cup.de\/#logo"}},{"@type":"WebSite","@id":"https:\/\/heuer-cup.de\/#website","url":"https:\/\/heuer-cup.de\/","name":"Heuer Radsport","description":"Vollgas! oder einfach: Kette rechts","publisher":{"@id":"https:\/\/heuer-cup.de\/#organization"},"potentialAction":[{"@type":"SearchAction","target":{"@type":"EntryPoint","urlTemplate":"https:\/\/heuer-cup.de\/?s={search_term_string}"},"query-input":"required name=search_term_string"}],"inLanguage":"en-GB"},{"@type":"WebPage","@id":"https:\/\/heuer-cup.de\/kontakt\/about-us\/#webpage","url":"https:\/\/heuer-cup.de\/kontakt\/about-us\/","name":"Unsere Radsportgruppe - wir sind leidenschaftliche Sportler","isPartOf":{"@id":"https:\/\/heuer-cup.de\/#website"},"datePublished":"2018-12-19T09:29:45+00:00","dateModified":"2019-09-09T11:58:30+00:00","description":"Unsere Radsportgruppe - wir sind leidenschaftliche Sportler. Gemeinsam arbeiten und zusammen Radfahren, so f\u00e4llt das Arbeiten leicht.","breadcrumb":{"@id":"https:\/\/heuer-cup.de\/kontakt\/about-us\/#breadcrumb"},"inLanguage":"en-GB","potentialAction":[{"@type":"ReadAction","target":["https:\/\/heuer-cup.de\/kontakt\/about-us\/"]}]},{"@type":"BreadcrumbList","@id":"https:\/\/heuer-cup.de\/kontakt\/about-us\/#breadcrumb","itemListElement":[{"@type":"ListItem","position":1,"name":"Home","item":"https:\/\/heuer-cup.de\/"},{"@type":"ListItem","position":2,"name":"Ihr Kontakt zu uns","item":"https:\/\/heuer-cup.de\/kontakt\/"},{"@type":"ListItem","position":3,"name":"\u00fcber uns"}]}]}},"_links":{"self":[{"href":"https:\/\/heuer-cup.de\/en\/wp-json\/wp\/v2\/pages\/2122"}],"collection":[{"href":"https:\/\/heuer-cup.de\/en\/wp-json\/wp\/v2\/pages"}],"about":[{"href":"https:\/\/heuer-cup.de\/en\/wp-json\/wp\/v2\/types\/page"}],"author":[{"embeddable":true,"href":"https:\/\/heuer-cup.de\/en\/wp-json\/wp\/v2\/users\/3"}],"replies":[{"embeddable":true,"href":"https:\/\/heuer-cup.de\/en\/wp-json\/wp\/v2\/comments?post=2122"}],"version-history":[{"count":10,"href":"https:\/\/heuer-cup.de\/en\/wp-json\/wp\/v2\/pages\/2122\/revisions"}],"predecessor-version":[{"id":3673,"href":"https:\/\/heuer-cup.de\/en\/wp-json\/wp\/v2\/pages\/2122\/revisions\/3673"}],"up":[{"embeddable":true,"href":"https:\/\/heuer-cup.de\/en\/wp-json\/wp\/v2\/pages\/2841"}],"wp:attachment":[{"href":"https:\/\/heuer-cup.de\/en\/wp-json\/wp\/v2\/media?parent=2122"}],"curies":[{"name":"wp","href":"https:\/\/api.w.org\/{rel}","templated":true}]}}