{"id":2034,"date":"2016-12-15T12:31:19","date_gmt":"2016-12-15T11:31:19","guid":{"rendered":"http:\/\/bikeway.themes.zone\/?page_id=2034"},"modified":"2019-02-19T22:48:33","modified_gmt":"2019-02-19T21:48:33","slug":"kontaktformular","status":"publish","type":"page","link":"https:\/\/heuer-cup.de\/en\/kontakt\/kontaktformular\/","title":{"rendered":"Kontaktformular"},"content":{"rendered":"<div role=\"form\" class=\"wpcf7\" id=\"wpcf7-f2118-o1\" lang=\"en-US\" dir=\"ltr\">\n<div class=\"screen-reader-response\"><p role=\"status\" aria-live=\"polite\" aria-atomic=\"true\"><\/p> <ul><\/ul><\/div>\n<form action=\"\/en\/wp-json\/wp\/v2\/pages\/2034#wpcf7-f2118-o1\" method=\"post\" class=\"wpcf7-form init\" novalidate=\"novalidate\" data-status=\"init\" data-trp-original-action=\"\/en\/wp-json\/wp\/v2\/pages\/2034#wpcf7-f2118-o1\">\n<div style=\"display: none;\">\n<input type=\"hidden\" name=\"_wpcf7\" value=\"2118\" \/>\n<input type=\"hidden\" name=\"_wpcf7_version\" value=\"5.4.2\" \/>\n<input type=\"hidden\" name=\"_wpcf7_locale\" value=\"en_US\" \/>\n<input type=\"hidden\" name=\"_wpcf7_unit_tag\" value=\"wpcf7-f2118-o1\" \/>\n<input type=\"hidden\" name=\"_wpcf7_container_post\" value=\"0\" \/>\n<input type=\"hidden\" name=\"_wpcf7_posted_data_hash\" value=\"\" \/>\n<\/div>\n<p class=\"form-row\">\n Auf Eure R\u00fcckfragen versuchen wir so schnell wie m\u00f6glich zu antworten.\n<\/p>\n<p class=\"form-row-first\">\n <label>Name <span class=\"required\" title=\"required\">*<\/span><\/label><br \/>\n <span class=\"wpcf7-form-control-wrap your-name\"><input type=\"text\" name=\"your-name\" value=\"\" size=\"40\" class=\"wpcf7-form-control wpcf7-text wpcf7-validates-as-required\" aria-required=\"true\" aria-invalid=\"false\" \/><\/span>\n<\/p>\n<p class=\"form-row-last\">\n <label>Email <span class=\"required\" title=\"required\">*<\/span><\/label><br \/>\n <span class=\"wpcf7-form-control-wrap your-email\"><input type=\"email\" name=\"your-email\" value=\"\" size=\"40\" class=\"wpcf7-form-control wpcf7-text wpcf7-email wpcf7-validates-as-required wpcf7-validates-as-email\" aria-required=\"true\" aria-invalid=\"false\" \/><\/span>\n<\/p>\n<p class=\"form-row-first\">\n <label>Betreff<\/label><br \/>\n <span class=\"wpcf7-form-control-wrap your-subject\"><input type=\"text\" name=\"your-subject\" value=\"\" size=\"40\" class=\"wpcf7-form-control wpcf7-text\" aria-invalid=\"false\" \/><\/span>\n<\/p>\n<p class=\"form-row-last\">\n <span class=\"wpcf7-form-control-wrap quiz-171\"><label><span class=\"wpcf7-quiz-label\">Berechne (13*3)-4<\/span> <input type=\"text\" name=\"quiz-171\" size=\"40\" class=\"wpcf7-form-control wpcf7-quiz\" autocomplete=\"off\" aria-required=\"true\" aria-invalid=\"false\" \/><\/label><input type=\"hidden\" name=\"_wpcf7_quiz_answer_quiz-171\" value=\"b0c039aff0c2d6cac8b16d3909afcfa8\" \/><\/span>\n<\/p>\n<p class=\"form-row\">\n <label>Deine Nachricht<\/label><br \/>\n <span class=\"wpcf7-form-control-wrap your-message\"><textarea name=\"your-message\" cols=\"40\" rows=\"10\" class=\"wpcf7-form-control wpcf7-textarea wpcf7-validates-as-required\" aria-required=\"true\" aria-invalid=\"false\"><\/textarea><\/span>\n<\/p>\n<p><span class=\"wpcf7-form-control-wrap acceptance-524\"><span class=\"wpcf7-form-control wpcf7-acceptance\"><span class=\"wpcf7-list-item\"><label><input type=\"checkbox\" name=\"acceptance-524\" value=\"1\" aria-invalid=\"false\" \/><span class=\"wpcf7-list-item-label\">Deine pers\u00f6nlichen Daten nutzen wir nur f\u00fcr die Beatwortung deiner Kontaktaufname<\/span><\/label><\/span><\/span><\/span>\n<\/p>\n<p><span class=\"wpcf7-form-control-wrap acceptance-457\"><span class=\"wpcf7-form-control wpcf7-acceptance\"><span class=\"wpcf7-list-item\"><label><input type=\"checkbox\" name=\"acceptance-457\" value=\"1\" aria-invalid=\"false\" \/><span class=\"wpcf7-list-item-label\">Die Datenschutzbestimmungen habe ich gelesen und akzeptiere diese.<\/span><\/label><\/span><\/span><\/span>\n<\/p>\n<p><input type=\"submit\" value=\"Senden\" class=\"wpcf7-form-control wpcf7-submit\" \/><\/p>\n<div class=\"wpcf7-response-output\" aria-hidden=\"true\"><\/div><input type=\"hidden\" name=\"trp-form-language\" value=\"en\"\/><\/form><\/div>","protected":false},"excerpt":{"rendered":"Auf Eure R\u00fcckfragen versuchen wir so schnell wie m\u00f6glich zu antworten. Name * Email * Betreff Berechne (13*3)-4 Deine Nachricht Deine pers\u00f6nlichen Daten nutzen wir nur f\u00fcr die Beatwortung deiner Kontaktaufname Die Datenschutzbestimmungen habe ich gelesen und akzeptiere diese.","protected":false},"author":3,"featured_media":0,"parent":2841,"menu_order":0,"comment_status":"closed","ping_status":"closed","template":"page-templates\/contacts-page.php","meta":[],"yoast_head":"<!-- This site is optimized with the Yoast SEO plugin v16.9 - https:\/\/yoast.com\/wordpress\/plugins\/seo\/ -->\n<title>Kontaktformular - wir antworten auf Ihre Anfrage so schnell wie m\u00f6glich.<\/title>\n<meta name=\"description\" content=\"Kontaktformular - hier haben Sie die M\u00f6glichkeit uns eine Nachricht zu hinterlassen - Wir bem\u00fchen uns, Ihre Frage schnellst m\u00f6glich zu beantworten.\" \/>\n<meta name=\"robots\" content=\"index, follow, max-snippet:-1, max-image-preview:large, max-video-preview:-1\" \/>\n<link rel=\"canonical\" href=\"https:\/\/heuer-cup.de\/en\/kontakt\/kontaktformular\/\" \/>\n<meta property=\"og:locale\" content=\"en_GB\" \/>\n<meta property=\"og:type\" content=\"article\" \/>\n<meta property=\"og:title\" content=\"Kontaktformular - wir antworten auf Ihre Anfrage so schnell wie m\u00f6glich.\" \/>\n<meta property=\"og:description\" content=\"Kontaktformular - hier haben Sie die M\u00f6glichkeit uns eine Nachricht zu hinterlassen - Wir bem\u00fchen uns, Ihre Frage schnellst m\u00f6glich zu beantworten.\" \/>\n<meta property=\"og:url\" content=\"https:\/\/heuer-cup.de\/en\/kontakt\/kontaktformular\/\" \/>\n<meta property=\"og:site_name\" content=\"HEUER-Cup\" \/>\n<meta property=\"article:publisher\" content=\"https:\/\/www.facebook.com\/HeuerCup\/\" \/>\n<meta property=\"article:modified_time\" content=\"2019-02-19T21:48:33+00:00\" \/>\n<meta name=\"twitter:card\" content=\"summary_large_image\" \/>\n<meta name=\"twitter:site\" content=\"@Heuer_Cup\" \/>\n<script type=\"application\/ld+json\" class=\"yoast-schema-graph\">{\"@context\":\"https:\/\/schema.org\",\"@graph\":[{\"@type\":\"Organization\",\"@id\":\"https:\/\/heuer-cup.de\/#organization\",\"name\":\"Heuer Radsport\",\"url\":\"https:\/\/heuer-cup.de\/\",\"sameAs\":[\"https:\/\/www.facebook.com\/HeuerCup\/\",\"https:\/\/www.instagram.com\/heuer_cup\/\",\"https:\/\/www.youtube.com\/channel\/UCuFkVFhY376_zRGfw_0Oy-Q\",\"https:\/\/twitter.com\/Heuer_Cup\"],\"logo\":{\"@type\":\"ImageObject\",\"@id\":\"https:\/\/heuer-cup.de\/#logo\",\"inLanguage\":\"en-GB\",\"url\":\"https:\/\/heuer-cup.de\/wp-content\/uploads\/2019\/01\/logo2.jpg\",\"contentUrl\":\"https:\/\/heuer-cup.de\/wp-content\/uploads\/2019\/01\/logo2.jpg\",\"width\":750,\"height\":186,\"caption\":\"Heuer Radsport\"},\"image\":{\"@id\":\"https:\/\/heuer-cup.de\/#logo\"}},{\"@type\":\"WebSite\",\"@id\":\"https:\/\/heuer-cup.de\/#website\",\"url\":\"https:\/\/heuer-cup.de\/\",\"name\":\"Heuer Radsport\",\"description\":\"Vollgas! oder einfach: Kette rechts\",\"publisher\":{\"@id\":\"https:\/\/heuer-cup.de\/#organization\"},\"potentialAction\":[{\"@type\":\"SearchAction\",\"target\":{\"@type\":\"EntryPoint\",\"urlTemplate\":\"https:\/\/heuer-cup.de\/?s={search_term_string}\"},\"query-input\":\"required name=search_term_string\"}],\"inLanguage\":\"en-GB\"},{\"@type\":\"WebPage\",\"@id\":\"https:\/\/heuer-cup.de\/kontakt\/kontaktformular\/#webpage\",\"url\":\"https:\/\/heuer-cup.de\/kontakt\/kontaktformular\/\",\"name\":\"Kontaktformular - wir antworten auf Ihre Anfrage so schnell wie m\\u00f6glich.\",\"isPartOf\":{\"@id\":\"https:\/\/heuer-cup.de\/#website\"},\"datePublished\":\"2016-12-15T11:31:19+00:00\",\"dateModified\":\"2019-02-19T21:48:33+00:00\",\"description\":\"Kontaktformular - hier haben Sie die M\\u00f6glichkeit uns eine Nachricht zu hinterlassen - Wir bem\\u00fchen uns, Ihre Frage schnellst m\\u00f6glich zu beantworten.\",\"breadcrumb\":{\"@id\":\"https:\/\/heuer-cup.de\/kontakt\/kontaktformular\/#breadcrumb\"},\"inLanguage\":\"en-GB\",\"potentialAction\":[{\"@type\":\"ReadAction\",\"target\":[\"https:\/\/heuer-cup.de\/kontakt\/kontaktformular\/\"]}]},{\"@type\":\"BreadcrumbList\",\"@id\":\"https:\/\/heuer-cup.de\/kontakt\/kontaktformular\/#breadcrumb\",\"itemListElement\":[{\"@type\":\"ListItem\",\"position\":1,\"name\":\"Home\",\"item\":\"https:\/\/heuer-cup.de\/\"},{\"@type\":\"ListItem\",\"position\":2,\"name\":\"Ihr Kontakt zu uns\",\"item\":\"https:\/\/heuer-cup.de\/kontakt\/\"},{\"@type\":\"ListItem\",\"position\":3,\"name\":\"Kontaktformular\"}]}]}<\/script>\n<!-- \/ Yoast SEO plugin. -->","yoast_head_json":{"title":"Kontaktformular - wir antworten auf Ihre Anfrage so schnell wie m\u00f6glich.","description":"Kontaktformular - hier haben Sie die M\u00f6glichkeit uns eine Nachricht zu hinterlassen - Wir bem\u00fchen uns, Ihre Frage schnellst m\u00f6glich zu beantworten.","robots":{"index":"index","follow":"follow","max-snippet":"max-snippet:-1","max-image-preview":"max-image-preview:large","max-video-preview":"max-video-preview:-1"},"canonical":"https:\/\/heuer-cup.de\/en\/kontakt\/kontaktformular\/","og_locale":"en_GB","og_type":"article","og_title":"Kontaktformular - wir antworten auf Ihre Anfrage so schnell wie m\u00f6glich.","og_description":"Kontaktformular - hier haben Sie die M\u00f6glichkeit uns eine Nachricht zu hinterlassen - Wir bem\u00fchen uns, Ihre Frage schnellst m\u00f6glich zu beantworten.","og_url":"https:\/\/heuer-cup.de\/en\/kontakt\/kontaktformular\/","og_site_name":"HEUER-Cup","article_publisher":"https:\/\/www.facebook.com\/HeuerCup\/","article_modified_time":"2019-02-19T21:48:33+00:00","twitter_card":"summary_large_image","twitter_site":"@Heuer_Cup","schema":{"@context":"https:\/\/schema.org","@graph":[{"@type":"Organization","@id":"https:\/\/heuer-cup.de\/#organization","name":"Heuer Radsport","url":"https:\/\/heuer-cup.de\/","sameAs":["https:\/\/www.facebook.com\/HeuerCup\/","https:\/\/www.instagram.com\/heuer_cup\/","https:\/\/www.youtube.com\/channel\/UCuFkVFhY376_zRGfw_0Oy-Q","https:\/\/twitter.com\/Heuer_Cup"],"logo":{"@type":"ImageObject","@id":"https:\/\/heuer-cup.de\/#logo","inLanguage":"en-GB","url":"https:\/\/heuer-cup.de\/wp-content\/uploads\/2019\/01\/logo2.jpg","contentUrl":"https:\/\/heuer-cup.de\/wp-content\/uploads\/2019\/01\/logo2.jpg","width":750,"height":186,"caption":"Heuer Radsport"},"image":{"@id":"https:\/\/heuer-cup.de\/#logo"}},{"@type":"WebSite","@id":"https:\/\/heuer-cup.de\/#website","url":"https:\/\/heuer-cup.de\/","name":"Heuer Radsport","description":"Vollgas! oder einfach: Kette rechts","publisher":{"@id":"https:\/\/heuer-cup.de\/#organization"},"potentialAction":[{"@type":"SearchAction","target":{"@type":"EntryPoint","urlTemplate":"https:\/\/heuer-cup.de\/?s={search_term_string}"},"query-input":"required name=search_term_string"}],"inLanguage":"en-GB"},{"@type":"WebPage","@id":"https:\/\/heuer-cup.de\/kontakt\/kontaktformular\/#webpage","url":"https:\/\/heuer-cup.de\/kontakt\/kontaktformular\/","name":"Kontaktformular - wir antworten auf Ihre Anfrage so schnell wie m\u00f6glich.","isPartOf":{"@id":"https:\/\/heuer-cup.de\/#website"},"datePublished":"2016-12-15T11:31:19+00:00","dateModified":"2019-02-19T21:48:33+00:00","description":"Kontaktformular - hier haben Sie die M\u00f6glichkeit uns eine Nachricht zu hinterlassen - Wir bem\u00fchen uns, Ihre Frage schnellst m\u00f6glich zu beantworten.","breadcrumb":{"@id":"https:\/\/heuer-cup.de\/kontakt\/kontaktformular\/#breadcrumb"},"inLanguage":"en-GB","potentialAction":[{"@type":"ReadAction","target":["https:\/\/heuer-cup.de\/kontakt\/kontaktformular\/"]}]},{"@type":"BreadcrumbList","@id":"https:\/\/heuer-cup.de\/kontakt\/kontaktformular\/#breadcrumb","itemListElement":[{"@type":"ListItem","position":1,"name":"Home","item":"https:\/\/heuer-cup.de\/"},{"@type":"ListItem","position":2,"name":"Ihr Kontakt zu uns","item":"https:\/\/heuer-cup.de\/kontakt\/"},{"@type":"ListItem","position":3,"name":"Kontaktformular"}]}]}},"_links":{"self":[{"href":"https:\/\/heuer-cup.de\/en\/wp-json\/wp\/v2\/pages\/2034"}],"collection":[{"href":"https:\/\/heuer-cup.de\/en\/wp-json\/wp\/v2\/pages"}],"about":[{"href":"https:\/\/heuer-cup.de\/en\/wp-json\/wp\/v2\/types\/page"}],"author":[{"embeddable":true,"href":"https:\/\/heuer-cup.de\/en\/wp-json\/wp\/v2\/users\/3"}],"replies":[{"embeddable":true,"href":"https:\/\/heuer-cup.de\/en\/wp-json\/wp\/v2\/comments?post=2034"}],"version-history":[{"count":4,"href":"https:\/\/heuer-cup.de\/en\/wp-json\/wp\/v2\/pages\/2034\/revisions"}],"predecessor-version":[{"id":3662,"href":"https:\/\/heuer-cup.de\/en\/wp-json\/wp\/v2\/pages\/2034\/revisions\/3662"}],"up":[{"embeddable":true,"href":"https:\/\/heuer-cup.de\/en\/wp-json\/wp\/v2\/pages\/2841"}],"wp:attachment":[{"href":"https:\/\/heuer-cup.de\/en\/wp-json\/wp\/v2\/media?parent=2034"}],"curies":[{"name":"wp","href":"https:\/\/api.w.org\/{rel}","templated":true}]}}